{"id":62140,"date":"2025-04-11T16:36:56","date_gmt":"2025-04-11T13:36:56","guid":{"rendered":"https:\/\/likepets.lt\/?page_id=62140"},"modified":"2025-05-12T14:09:53","modified_gmt":"2025-05-12T11:09:53","slug":"prekiu-grazinimo-tvarka","status":"publish","type":"page","link":"https:\/\/likepets.lt\/lt_lt\/prekiu-grazinimo-tvarka\/","title":{"rendered":"Preki\u0173 gr\u0105\u017einimo tvarka"},"content":{"rendered":"\n<p>Turite teis\u0119 at\u0161aukti savo u\u017esakym\u0105 per 30 dien\u0173 nepateikiant jokios prie\u017easties. Savo u\u017esakym\u0105 galite at\u0161aukti per 30 dien\u0173 nuo u\u017esakyt\u0173 preki\u0173 gavimo. Jeigu norite s\u0117kmingai at\u0161aukti u\u017esakym\u0105, turite mus informuoti ir suteikti vis\u0105 reikaling\u0105 informacij\u0105. Apie u\u017esakymo at\u0161aukim\u0105 galite mus informuoti el. pa\u0161tu info@likepets.lt Pinigus gr\u0105\u017einsime ne v\u0117liau kaip per 30 dien\u0173, nuo gr\u0105\u017einam\u0173 preki\u0173 gavimo. J\u016bs\u0173 pinigai bus gr\u0105\u017einami tokiu pa\u010diu b\u016bdu, kokiu buvo atlikas mok\u0117jimas u\u017e u\u017esakym\u0105, netaikant papildomo pinig\u0173 gr\u0105\u017einimo mokes\u010dio.<\/p>\n\n\n\n<p>Preki\u0173 gr\u0105\u017einimo s\u0105lygos: Nor\u0117dami gr\u0105\u017einti \u012fsigytas prek\u0117s, \u012fsitikinkite, kad:<\/p>\n\n\n\n<ul class=\"wp-block-list\">\n<li>Prek\u0117s buvo \u012fsigytos per paskutines 30 dien\u0173<\/li>\n\n\n\n<li>Prek\u0117s yra originalioje pakuot\u0117je<\/li>\n<\/ul>\n\n\n\n<p>Prek\u0117s, kuri\u0173 negalima gr\u0105\u017einti:<\/p>\n\n\n\n<ul class=\"wp-block-list\">\n<li>Prek\u0117s, pagamintos pagal u\u017esakym\u0105.<\/li>\n\n\n\n<li>Prek\u0117s, kuri\u0173 negalima gr\u0105\u017einti d\u0117l j\u0173 prigimties, pavyzd\u017eiui prek\u0117s, kuri\u0173 galiojimo laikas yra pasibaig\u0119s.<\/li>\n\n\n\n<li>Prek\u0117s, kurios netinkamos gr\u0105\u017einti d\u0117l higienos prie\u017ea\u0161\u010di\u0173 po prek\u0117s i\u0161pakavimo.<\/li>\n\n\n\n<li>Prek\u0117s, kurios po j\u0173 pristatymo, yra naudojamos su kitomis prek\u0117mis (preki\u0173 mi\u0161iniai).<\/li>\n<\/ul>\n\n\n\n<p>Pasiliekam\u0119 teis\u0119, atsisakyti gr\u0105\u017einti prekes, net ir tas, kurios atitinka auk\u0161\u010diau i\u0161vardintus reikalavimus.<\/p>\n\n\n\n<p>Preki\u0173 gr\u0105\u017einimas J\u016bs prisiimate preki\u0173 gr\u0105\u017einimo rizik\u0105 ir ka\u0161tus. Gr\u0105\u017einamas prekes si\u0173skite \u0161iuo adresu: Vingi\u0173 g. 32, Padvari\u0173 k., Kretingos r. sav.<\/p>\n\n\n\n<p>Mes nesame atsakingi u\u017e preki\u0173 pa\u017eeidimus, \u012fvykusius gr\u0105\u017einant prekes. D\u0117l to, si\u016blome rinktis saug\u0173 preki\u0173 siuntimo paslaug\u0173 teik\u0117j\u0105. Negal\u0117sime gr\u0105\u017einti pinig\u0173, jeigu nepateiksite preki\u0173 \u012fsigijimo kvito arba preki\u0173 pristatymo kvito.<\/p>\n\n\n\n<p>Kontaktin\u0117 informacija<\/p>\n\n\n\n<p>Jeigu turite klausim\u0173 d\u0117l m\u016bs\u0173 pinig\u0173 ir preki\u0173 gr\u0105\u017einimo politikos, susisiekite su mumis el. pa\u0161tu info@likpets.lt arba telefonu +37065551154<\/p>\n","protected":false},"excerpt":{"rendered":"<p>Turite teis\u0119 at\u0161aukti savo u\u017esakym\u0105 per 30 dien\u0173 nepateikiant jokios prie\u017easties. Savo u\u017esakym\u0105 galite at\u0161aukti per 30 dien\u0173 nuo u\u017esakyt\u0173 preki\u0173 gavimo. Jeigu norite s\u0117kmingai at\u0161aukti u\u017esakym\u0105, turite mus informuoti ir suteikti vis\u0105 reikaling\u0105 informacij\u0105. Apie u\u017esakymo at\u0161aukim\u0105 galite mus informuoti el. pa\u0161tu info@likepets.lt Pinigus gr\u0105\u017einsime ne v\u0117liau kaip per 30 dien\u0173, nuo gr\u0105\u017einam\u0173 preki\u0173 [&hellip;]<\/p>\n","protected":false},"author":1,"featured_media":0,"parent":0,"menu_order":0,"comment_status":"closed","ping_status":"closed","template":"","meta":{"two_page_speed":[],"footnotes":""},"class_list":["post-62140","page","type-page","status-publish","hentry"],"yoast_head":"<!-- This site is optimized with the Yoast SEO plugin v27.4 - https:\/\/yoast.com\/product\/yoast-seo-wordpress\/ -->\n<title>Preki\u0173 gr\u0105\u017einimo tvarka - LikePets.lt<\/title>\n<meta name=\"description\" content=\"Su\u017einokite, kaip gr\u0105\u017einti prekes \u012f LikePets.lt: s\u0105lygos, terminai, kontaktai ir i\u0161imtys. Gr\u0105\u017einimas per 30 dien\u0173 nuo gavimo \u2013 paprastai ir skaidriai.\" \/>\n<meta name=\"robots\" content=\"index, follow, max-snippet:-1, max-image-preview:large, max-video-preview:-1\" \/>\n<link rel=\"canonical\" href=\"https:\/\/likepets.lt\/lt_lt\/prekiu-grazinimo-tvarka\/\" \/>\n<meta property=\"og:locale\" content=\"lt_LT\" \/>\n<meta property=\"og:type\" content=\"article\" \/>\n<meta property=\"og:title\" content=\"Preki\u0173 gr\u0105\u017einimo tvarka - LikePets.lt\" \/>\n<meta property=\"og:description\" content=\"Su\u017einokite, kaip gr\u0105\u017einti prekes \u012f LikePets.lt: s\u0105lygos, terminai, kontaktai ir i\u0161imtys. Gr\u0105\u017einimas per 30 dien\u0173 nuo gavimo \u2013 paprastai ir skaidriai.\" \/>\n<meta property=\"og:url\" content=\"https:\/\/likepets.lt\/lt_lt\/prekiu-grazinimo-tvarka\/\" \/>\n<meta property=\"og:site_name\" content=\"likepets.lt\" \/>\n<meta property=\"article:publisher\" content=\"https:\/\/www.facebook.com\/profile.php?id=61569466134223\" \/>\n<meta property=\"article:modified_time\" content=\"2025-05-12T11:09:53+00:00\" \/>\n<meta name=\"twitter:card\" content=\"summary_large_image\" \/>\n<meta name=\"twitter:label1\" content=\"Est. reading time\" \/>\n\t<meta name=\"twitter:data1\" content=\"2 minut\u0117s\" \/>\n<script type=\"application\/ld+json\" class=\"yoast-schema-graph\">{\"@context\":\"https:\\\/\\\/schema.org\",\"@graph\":[{\"@type\":\"WebPage\",\"@id\":\"https:\\\/\\\/likepets.lt\\\/prekiu-grazinimo-tvarka\\\/\",\"url\":\"https:\\\/\\\/likepets.lt\\\/prekiu-grazinimo-tvarka\\\/\",\"name\":\"Preki\u0173 gr\u0105\u017einimo tvarka - LikePets.lt\",\"isPartOf\":{\"@id\":\"https:\\\/\\\/likepets.lt\\\/#website\"},\"datePublished\":\"2025-04-11T13:36:56+00:00\",\"dateModified\":\"2025-05-12T11:09:53+00:00\",\"description\":\"Su\u017einokite, kaip gr\u0105\u017einti prekes \u012f LikePets.lt: s\u0105lygos, terminai, kontaktai ir i\u0161imtys. Gr\u0105\u017einimas per 30 dien\u0173 nuo gavimo \u2013 paprastai ir skaidriai.\",\"breadcrumb\":{\"@id\":\"https:\\\/\\\/likepets.lt\\\/prekiu-grazinimo-tvarka\\\/#breadcrumb\"},\"inLanguage\":\"lt-LT\",\"potentialAction\":[{\"@type\":\"ReadAction\",\"target\":[\"https:\\\/\\\/likepets.lt\\\/prekiu-grazinimo-tvarka\\\/\"]}]},{\"@type\":\"BreadcrumbList\",\"@id\":\"https:\\\/\\\/likepets.lt\\\/prekiu-grazinimo-tvarka\\\/#breadcrumb\",\"itemListElement\":[{\"@type\":\"ListItem\",\"position\":1,\"name\":\"Home\",\"item\":\"https:\\\/\\\/likepets.lt\\\/lt_lt\\\/\"},{\"@type\":\"ListItem\",\"position\":2,\"name\":\"Preki\u0173 gr\u0105\u017einimo tvarka\"}]},{\"@type\":\"WebSite\",\"@id\":\"https:\\\/\\\/likepets.lt\\\/#website\",\"url\":\"https:\\\/\\\/likepets.lt\\\/\",\"name\":\"Likepets.lt\",\"description\":\"\",\"publisher\":{\"@id\":\"https:\\\/\\\/likepets.lt\\\/#\\\/schema\\\/person\\\/4ad7eed3b9dc7a176cfff59cfc71e86f\"},\"potentialAction\":[{\"@type\":\"SearchAction\",\"target\":{\"@type\":\"EntryPoint\",\"urlTemplate\":\"https:\\\/\\\/likepets.lt\\\/?s={search_term_string}\"},\"query-input\":{\"@type\":\"PropertyValueSpecification\",\"valueRequired\":true,\"valueName\":\"search_term_string\"}}],\"inLanguage\":\"lt-LT\"},{\"@type\":[\"Person\",\"Organization\"],\"@id\":\"https:\\\/\\\/likepets.lt\\\/#\\\/schema\\\/person\\\/4ad7eed3b9dc7a176cfff59cfc71e86f\",\"name\":\"Likepets.lt\",\"image\":{\"@type\":\"ImageObject\",\"inLanguage\":\"lt-LT\",\"@id\":\"https:\\\/\\\/likepets.lt\\\/wp-content\\\/litespeed\\\/avatar\\\/e807fa13845e19a6e6af46a4bc771b01.jpg?ver=1775897302\",\"url\":\"https:\\\/\\\/likepets.lt\\\/wp-content\\\/litespeed\\\/avatar\\\/e807fa13845e19a6e6af46a4bc771b01.jpg?ver=1775897302\",\"contentUrl\":\"https:\\\/\\\/likepets.lt\\\/wp-content\\\/litespeed\\\/avatar\\\/e807fa13845e19a6e6af46a4bc771b01.jpg?ver=1775897302\",\"caption\":\"Likepets.lt\"},\"logo\":{\"@id\":\"https:\\\/\\\/likepets.lt\\\/wp-content\\\/litespeed\\\/avatar\\\/e807fa13845e19a6e6af46a4bc771b01.jpg?ver=1775897302\"},\"sameAs\":[\"http:\\\/\\\/likepets.lt\",\"https:\\\/\\\/www.facebook.com\\\/profile.php?id=61569466134223\",\"https:\\\/\\\/www.instagram.com\\\/likepets77\\\/?fbclid=IwY2xjawMjUHtleHRuA2FlbQIxMQBicmlkETBlaEhxaVI0bUk1RHl3bmVMAR7IJeYf9r0OCeo9BwYJUD-yM6Osp6MrosWJGq_QweyNqX1BUWyhO1-sP82C2g_aem_xQbJ_D9oWWiUjsE-R3Dlrw\"]}]}<\/script>\n<!-- \/ Yoast SEO plugin. -->","yoast_head_json":{"title":"Preki\u0173 gr\u0105\u017einimo tvarka - LikePets.lt","description":"Su\u017einokite, kaip gr\u0105\u017einti prekes \u012f LikePets.lt: s\u0105lygos, terminai, kontaktai ir i\u0161imtys. Gr\u0105\u017einimas per 30 dien\u0173 nuo gavimo \u2013 paprastai ir skaidriai.","robots":{"index":"index","follow":"follow","max-snippet":"max-snippet:-1","max-image-preview":"max-image-preview:large","max-video-preview":"max-video-preview:-1"},"canonical":"https:\/\/likepets.lt\/lt_lt\/prekiu-grazinimo-tvarka\/","og_locale":"lt_LT","og_type":"article","og_title":"Preki\u0173 gr\u0105\u017einimo tvarka - LikePets.lt","og_description":"Su\u017einokite, kaip gr\u0105\u017einti prekes \u012f LikePets.lt: s\u0105lygos, terminai, kontaktai ir i\u0161imtys. Gr\u0105\u017einimas per 30 dien\u0173 nuo gavimo \u2013 paprastai ir skaidriai.","og_url":"https:\/\/likepets.lt\/lt_lt\/prekiu-grazinimo-tvarka\/","og_site_name":"likepets.lt","article_publisher":"https:\/\/www.facebook.com\/profile.php?id=61569466134223","article_modified_time":"2025-05-12T11:09:53+00:00","twitter_card":"summary_large_image","twitter_misc":{"Est. reading time":"2 minut\u0117s"},"schema":{"@context":"https:\/\/schema.org","@graph":[{"@type":"WebPage","@id":"https:\/\/likepets.lt\/prekiu-grazinimo-tvarka\/","url":"https:\/\/likepets.lt\/prekiu-grazinimo-tvarka\/","name":"Preki\u0173 gr\u0105\u017einimo tvarka - LikePets.lt","isPartOf":{"@id":"https:\/\/likepets.lt\/#website"},"datePublished":"2025-04-11T13:36:56+00:00","dateModified":"2025-05-12T11:09:53+00:00","description":"Su\u017einokite, kaip gr\u0105\u017einti prekes \u012f LikePets.lt: s\u0105lygos, terminai, kontaktai ir i\u0161imtys. Gr\u0105\u017einimas per 30 dien\u0173 nuo gavimo \u2013 paprastai ir skaidriai.","breadcrumb":{"@id":"https:\/\/likepets.lt\/prekiu-grazinimo-tvarka\/#breadcrumb"},"inLanguage":"lt-LT","potentialAction":[{"@type":"ReadAction","target":["https:\/\/likepets.lt\/prekiu-grazinimo-tvarka\/"]}]},{"@type":"BreadcrumbList","@id":"https:\/\/likepets.lt\/prekiu-grazinimo-tvarka\/#breadcrumb","itemListElement":[{"@type":"ListItem","position":1,"name":"Home","item":"https:\/\/likepets.lt\/lt_lt\/"},{"@type":"ListItem","position":2,"name":"Preki\u0173 gr\u0105\u017einimo tvarka"}]},{"@type":"WebSite","@id":"https:\/\/likepets.lt\/#website","url":"https:\/\/likepets.lt\/","name":"Likepets.lt","description":"","publisher":{"@id":"https:\/\/likepets.lt\/#\/schema\/person\/4ad7eed3b9dc7a176cfff59cfc71e86f"},"potentialAction":[{"@type":"SearchAction","target":{"@type":"EntryPoint","urlTemplate":"https:\/\/likepets.lt\/?s={search_term_string}"},"query-input":{"@type":"PropertyValueSpecification","valueRequired":true,"valueName":"search_term_string"}}],"inLanguage":"lt-LT"},{"@type":["Person","Organization"],"@id":"https:\/\/likepets.lt\/#\/schema\/person\/4ad7eed3b9dc7a176cfff59cfc71e86f","name":"Likepets.lt","image":{"@type":"ImageObject","inLanguage":"lt-LT","@id":"https:\/\/likepets.lt\/wp-content\/litespeed\/avatar\/e807fa13845e19a6e6af46a4bc771b01.jpg?ver=1775897302","url":"https:\/\/likepets.lt\/wp-content\/litespeed\/avatar\/e807fa13845e19a6e6af46a4bc771b01.jpg?ver=1775897302","contentUrl":"https:\/\/likepets.lt\/wp-content\/litespeed\/avatar\/e807fa13845e19a6e6af46a4bc771b01.jpg?ver=1775897302","caption":"Likepets.lt"},"logo":{"@id":"https:\/\/likepets.lt\/wp-content\/litespeed\/avatar\/e807fa13845e19a6e6af46a4bc771b01.jpg?ver=1775897302"},"sameAs":["http:\/\/likepets.lt","https:\/\/www.facebook.com\/profile.php?id=61569466134223","https:\/\/www.instagram.com\/likepets77\/?fbclid=IwY2xjawMjUHtleHRuA2FlbQIxMQBicmlkETBlaEhxaVI0bUk1RHl3bmVMAR7IJeYf9r0OCeo9BwYJUD-yM6Osp6MrosWJGq_QweyNqX1BUWyhO1-sP82C2g_aem_xQbJ_D9oWWiUjsE-R3Dlrw"]}]}},"rttpg_featured_image_url":null,"rttpg_author":{"display_name":"Likepets.lt","author_link":"https:\/\/likepets.lt\/lt_lt\/author\/dezina-entggmail-com\/"},"rttpg_comment":0,"rttpg_category":null,"rttpg_excerpt":"Turite teis\u0119 at\u0161aukti savo u\u017esakym\u0105 per 30 dien\u0173 nepateikiant jokios prie\u017easties. Savo u\u017esakym\u0105 galite at\u0161aukti per 30 dien\u0173 nuo u\u017esakyt\u0173 preki\u0173 gavimo. Jeigu norite s\u0117kmingai at\u0161aukti u\u017esakym\u0105, turite mus informuoti ir suteikti vis\u0105 reikaling\u0105 informacij\u0105. Apie u\u017esakymo at\u0161aukim\u0105 galite mus informuoti el. pa\u0161tu info@likepets.lt Pinigus gr\u0105\u017einsime ne v\u0117liau kaip per 30 dien\u0173, nuo gr\u0105\u017einam\u0173 preki\u0173&hellip;","_links":{"self":[{"href":"https:\/\/likepets.lt\/lt_lt\/wp-json\/wp\/v2\/pages\/62140","targetHints":{"allow":["GET"]}}],"collection":[{"href":"https:\/\/likepets.lt\/lt_lt\/wp-json\/wp\/v2\/pages"}],"about":[{"href":"https:\/\/likepets.lt\/lt_lt\/wp-json\/wp\/v2\/types\/page"}],"author":[{"embeddable":true,"href":"https:\/\/likepets.lt\/lt_lt\/wp-json\/wp\/v2\/users\/1"}],"replies":[{"embeddable":true,"href":"https:\/\/likepets.lt\/lt_lt\/wp-json\/wp\/v2\/comments?post=62140"}],"version-history":[{"count":1,"href":"https:\/\/likepets.lt\/lt_lt\/wp-json\/wp\/v2\/pages\/62140\/revisions"}],"predecessor-version":[{"id":62141,"href":"https:\/\/likepets.lt\/lt_lt\/wp-json\/wp\/v2\/pages\/62140\/revisions\/62141"}],"wp:attachment":[{"href":"https:\/\/likepets.lt\/lt_lt\/wp-json\/wp\/v2\/media?parent=62140"}],"curies":[{"name":"wp","href":"https:\/\/api.w.org\/{rel}","templated":true}]}}