{"id":62142,"date":"2025-04-11T16:49:28","date_gmt":"2025-04-11T13:49:28","guid":{"rendered":"https:\/\/likepets.lt\/?page_id=62142"},"modified":"2025-05-12T14:07:32","modified_gmt":"2025-05-12T11:07:32","slug":"paslaugu-teikimo-salygos","status":"publish","type":"page","link":"https:\/\/likepets.lt\/lt_lt\/paslaugu-teikimo-salygos\/","title":{"rendered":"Paslaug\u0173 teikimo s\u0105lygos"},"content":{"rendered":"\n<p>Sveiki atvyk\u0119 \u012f Likepets.lt svetain\u0117!<\/p>\n\n\n\n<p>\u0160iame dokumente yra apibr\u0117\u017eiamos\u00a0 svetain\u0117s https:\/\/Likepets.lt naudojimo taisykl\u0117s. Svarbu suprasti \u0161ias s\u0105lygas, nes turite su jomis sutikti, kad gal\u0117tum\u0117te naudotis m\u016bs\u0173 paslaugomis. Jeigu nesutinkate su \u0161iame dokumente pateiktomis s\u0105lygomis bei taisykl\u0117mis privalote i\u0161eiti i\u0161 Likepets.lt svetain\u0117s.<\/p>\n\n\n\n<p>Slapukai: \u0160ioje svetain\u0117je yra naudojami slapukai, kurie padeda suasmeninti turin\u012f bei skelbimus ir padeda analizuoti svetain\u0117s lankytoj\u0173 sraut\u0105. Nar\u0161ydami Likepets .lt svetain\u0117je, priimate privalomuosius slapukus. Slapukai yra nedideli informacijos elementai, i\u0161saugomi j\u016bs\u0173 interneto nar\u0161ykl\u0117je. Slapukai negali perduoti kenk\u0117ji\u0161k\u0173 program\u0173 ar virus\u0173. Mes ir partneriai naudojame slapukus, leid\u017eian\u010dius kaupti ir prieiti prie asmenini\u0173 duomen\u0173 (pvz. nar\u0161ymo informacija), kad gal\u0117tume personalizuoti turin\u012f bei reklamas ir analizuoti svetain\u0117s srautus. Bet kuriuo metu galite keisti arba at\u0161aukti slapuk\u0173 sutikimus. Privalomiesiems slapukams j\u016bs\u0173 sutikimas neprivalomas, kadangi jie veikia nuolatos. Priimdami m\u016bs\u0173 svetain\u0117s slapukus, priimate ir m\u016bs\u0173 partneri\u0173 slapukus.<\/p>\n\n\n\n<p>Licencija: visa Likepets.lt svetain\u0117 svetain\u0117 bei joje esantis turinys yra jos intelektin\u0117 nuosavyb\u0117. Visos intelektin\u0117s nuosavyb\u0117s teis\u0117s yra saugomos. Privalote laikytis \u0161iame dokumente pateikt\u0173 taisykli\u0173.<\/p>\n\n\n\n<p>Jums yra draud\u017eiama:<\/p>\n\n\n\n<ul class=\"wp-block-list\">\n<li>Kopijuoti ar pernaudoti bet kok\u012f turin\u012f i\u0161 https:\/\/Likepets.lt svetain\u0117s<\/li>\n\n\n\n<li>Perparduoti, i\u0161nuomoti ar suteikti licencij\u0105 turiniui i\u0161 https:\/\/Likepets.lt. svetain\u0117s<\/li>\n\n\n\n<li>Dublikuoti ar kitaip bandyti atkartoti svetain\u0117s https:\/\/Likepets.lt svetain\u0117s turin\u012f<\/li>\n\n\n\n<li>Kitaip nelegaliai platinti svetain\u0117s https:\/\/Likepets.lt svetain\u0117s turin\u012f<\/li>\n<\/ul>\n\n\n\n<p>\u0160i sutartis \u012fsigalioja nuo \u0161io dokumento suk\u016brimo datos. Kai kuriose svetain\u0117s sekcijose galite pasidalinti savo nuomone, bei informacija. https:\/\/Likepets.lt neredaguoja, neskelbia ir neper\u017ei\u016bri svetain\u0117s lankytoj\u0173 komentar\u0173 prie\u0161 j\u0173 paskelbim\u0105 svetain\u0117je. Svetain\u0117s lankytoj\u0173 komentarai neatspindi https:\/\/Likepets.lt bei jos\u00a0 partneri\u0173 pa\u017ei\u016br\u0173 ir pozicijos. https:\/\/Likepets.lt nepriisima atsakomyb\u0117s u\u017e svetain\u0117s lankytoj\u0173 komentarus bei bet koki\u0105 svetain\u0117s lankytoj\u0173 komentar\u0173 sukelt\u0105 \u017eal\u0105 ir nuostolius. https:\/\/Likepets.lt\u00a0pasilieka teis\u0119 steb\u0117ti svetain\u0117s lankytoj\u0173 komentarus ir pa\u0161alinti \u012f\u017eeid\u017eian\u010dius, netinkamus bei m\u016bs\u0173 paslaug\u0173 teikimo taisykles pa\u017eeid\u017eian\u010dius komentarus.<\/p>\n\n\n\n<p>Sutikdami su \u0161iuo dokumentu, laiduojate, kad:<\/p>\n\n\n\n<ul class=\"wp-block-list\">\n<li>Skelbsite tik deramus komentarus m\u016bs\u0173 svetain\u0117je;<\/li>\n\n\n\n<li>J\u016bs\u0173 komentarai nesikesina \u012f \u012fmon\u0117s intelektin\u0119 nuosavyb\u0119, nepa\u017eeid\u017eiate tre\u010di\u0173j\u0173 \u0161ali\u0173 autorini\u0173 teisi\u0173 bei prek\u0117s \u017eenkl\u0173 taisykli\u0173;<\/li>\n\n\n\n<li>J\u016bs\u0173 komentaruose n\u0117ra jokios \u012fstatymus pa\u017eeid\u017eian\u010dios ar kitaip kenksmingos med\u017eiagos, kuri gali b\u016bti traktuojama kaip k\u0117sinimasis \u012f kit\u0173 asmen\u0173 privatum\u0105;<\/li>\n\n\n\n<li>J\u016bs\u0173 komentarai nebus naudojami kit\u0173 \u012fmoni\u0173 ar nelegali\u0173 veikl\u0173 tikslingai reklamai.<\/li>\n<\/ul>\n\n\n\n<p>Sutikdami su \u0161iuo dokumentu taip pat suteikiate https:\/\/Likepets.lt teis\u0119 naudoti, pergaminti, redaguoti bei suteikti kitiems asmenims teis\u0119 naudoti, redaguoti ar pergaminti j\u016bs\u0173 komentarus visomis priemon\u0117mis bei kanalais.<\/p>\n\n\n\n<p>M\u016bs\u0173 turinio hipernuorodos: \u0160ios svetain\u0117s gali nukreipti lankytojus \u012f m\u016bs\u0173 svetain\u0119 per nuorodas be i\u0161ankstinio patvirtinimo:<\/p>\n\n\n\n<ul class=\"wp-block-list\">\n<li>Valstybin\u0117s organizacijos;<\/li>\n\n\n\n<li>Paie\u0161kos sistemos;<\/li>\n\n\n\n<li>\u017diniasklaidos organizacijos;<\/li>\n\n\n\n<li>Visame pasaulyje pripa\u017einti verslai, i\u0161skyrus si\u016blantys ne pelno siekian\u010di\u0173 organizacij\u0173, labdaros organizacij\u0173 paslaugas negali nukreipti savo svetaini\u0173 lankytoj\u0173 \u012f m\u016bs\u0173 svetain\u0119 per hipernuorodas.<\/li>\n<\/ul>\n\n\n\n<p>\u0160ios organizacijos gali nukreipti savo lankytojus \u012f m\u016bs\u0173 svetain\u0117s pagrindin\u012f puslap\u012f, publikacijas ar kit\u0105 svetain\u0117s turin\u012f tol, kol hipernuoroda: (a) n\u0117ra apgaulinga; (b) neimplikuoja klaiding\u0173 r\u0117mimo akcij\u0173 ar melagingos nuorod\u0105 talpinan\u010dios svetain\u0117s produkt\u0173 reklamos; (c) nuoroda yra tinkama svetain\u0117s turinio kontekste. M\u016bs\u0173 \u012fmon\u0117 gali patvirtinti hipernuorod\u0173 dalijim\u0105si \u0161iose organizacijose:<\/p>\n\n\n\n<ul class=\"wp-block-list\">\n<li>pal\u010diai \u017einomi vartotoj\u0173 ar versl\u0173 informacijos \u0161altiniai;<\/li>\n\n\n\n<li>dot.com bendruomeni\u0173 svetain\u0117s;<\/li>\n\n\n\n<li>labdar\u0173 ar jas atstovaujan\u010di\u0173 grupi\u0173 asociacijos;<\/li>\n\n\n\n<li>skaitmenini\u0173 katalog\u0173 platintojai;<\/li>\n\n\n\n<li>internetiniai naujien\u0173 portalai;<\/li>\n\n\n\n<li>apskaitos, teisini\u0173 konsultacij\u0173 \u012fmon\u0117s; ir<\/li>\n\n\n\n<li>mokymosi \u012fstaigos.<\/li>\n<\/ul>\n\n\n\n<p>Patvirtinsime \u0161i\u0173 organizacij\u0173 pateiktas hipernuorod\u0173 u\u017eklausas, jeigu nutarsime, kad: (a) nuoroda nesugadins m\u016bs\u0173 bei m\u016bs\u0173 partneri\u0173 \u012fvaizd\u017eio; (b) organizacija, skelbdama nuorod\u0105, neturi \u017ealing\u0173 tiksl\u0173 m\u016bs\u0173 \u012fmon\u0117s at\u017evilgiu; (c) gaunamas matomumas d\u0117l nuorodos turi teigiam\u0105 poveik\u012f https:\/\/Likepets.lt; ir (d) nuoroda suteikia nauding\u0105 informacij\u0105. \u0160ios organizacijos gali talpinti nuorodas, nukreipian\u010dias \u012f m\u016bs\u0173 svetain\u0117s pagrindin\u012f psulap\u012f, jeigu nuoroda: (a) jokiu b\u016bdu n\u0117ra apgaulinga; (b) neimplikuoja klaiding\u0173 r\u0117mimo akcij\u0173 ar melagingos nuorod\u0105 talpinan\u010dios svetain\u0117s produkt\u0173 reklamos; (c) nuoroda yra tinkama svetain\u0117s turinio kontekste. Jeigu esate vienos i\u0161 organizacij\u0173, pamin\u0117t\u0173 antroje pastraipoje, atstovas ir norite patalpinti nuorod\u0105 \u012f m\u016bs\u0173 svetain\u0119, informuokite mus https:\/\/Likepets.lt el. pa\u0161tu. Savo lai\u0161ke pristatykite save bei savo organizacij\u0105, prid\u0117kite savo svetain\u0117s URL adres\u0105, vis\u0173 puslapi\u0173, kuriuose norite talpinti m\u016bs\u0173 svetain\u0117s nuorod\u0105 URL adresus bei m\u016bs\u0173 svetain\u0117s puslapi\u0173, kuriuose norite patalpinti savo svetain\u0117s nuorod\u0105, URL s\u0105ra\u0161\u0105. Atsakym\u0105 tur\u0117tum\u0117te gauti per 2\u20133 savaites.<\/p>\n\n\n\n<p>Patvirtinim\u0105 gavusios organizacijos, gali talpinti nuorodas \u012f m\u016bs\u0173 svetain\u0119:<\/p>\n\n\n\n<ul class=\"wp-block-list\">\n<li>Naudodami m\u016bs\u0173 \u012fmon\u0117s pavadinim\u0105; arba<\/li>\n\n\n\n<li>Naudojant puslapio, \u012f kur\u012f bus nukreipiami lankytojai pavadinim\u0105; arba<\/li>\n\n\n\n<li>Naudojant bet kok\u012f kit\u0105 tinkam\u0105 svetain\u0117s apib\u016bdinim\u0105, kuris tikt\u0173 nuorod\u0105 talpinan\u010dios svetain\u0117s turinio kontekste.<\/li>\n<\/ul>\n\n\n\n<p>https:\/\/Likepets.lt logotipo bei kit\u0173 prek\u0117s \u017eenklo element\u0173 naudojimas yra grie\u017etai draud\u017eiamas, negavus \u0161i\u0173 element\u0173 naudojimo leidimo. Turinio naudojimas: Mes nesame atsakingi u\u017e j\u016bs\u0173 svetain\u0117je talpinam\u0105 turin\u012f. J\u016bs sutinkate apginti mus bet kokiuose teisiniuose gin\u010duose, kilusiuose d\u0117l j\u016bs\u0173 svetain\u0117s naudojimo. Nuorodos negali atsirasti svetain\u0117je, kuri yra (arba gali b\u016bti) interpretuojama kaip \u0161mei\u017eiki\u0161ka, nusikalstama ar nelegali bei kuri pa\u017eeid\u017eia arba palaiko tre\u010di\u0173j\u0173 \u0161ali\u0173 teisi\u0173 pa\u017eeidimus.<\/p>\n\n\n\n<p>Papildomos teis\u0117s: Mes pasiliekame teis\u0119 papra\u0161yti pa\u0161alinti paskelbt\u0105 nuorod\u0105 (ar nurodas) \u012f m\u016bs\u0173 svetain\u0119. J\u016bs sutinkate nedelsiant pa\u0161alinti nuorodas po m\u016bs\u0173 u\u017eklausos pateikimo. Mes taip pat pasiliekame teis\u0119 bet kuriuo momentu pakeisti savo paslaug\u0173 naudojimo taisykles bei nuorod\u0173 talpinimo politik\u0105. Nuolat teikdami nuorodas \u012f m\u016bs\u0173 svetain\u0119, j\u016bs sutinkate laikytis \u0161i\u0173 s\u0105lyg\u0173 ir taisykli\u0173.<\/p>\n\n\n\n<p>Nuorod\u0173 \u0161alinimas i\u0161 m\u016bs\u0173 svetain\u0117s: Jeigu m\u016bs\u0173 svetain\u0117je randate nuorod\u0105, kuri jums yra nepriimtina, nedelsiant susisiekite su mumis. Mes apsvarstysime j\u016bs\u0173 nuorodos pa\u0161alinim\u0105 i\u0161 m\u016bs\u0173 svetain\u0117s, ta\u010diau pasiliekame teis\u0119 jos nepa\u0161alinti arba neatsakyti \u012f j\u016bs\u0173 pra\u0161ym\u0105 tiesiogiai. Mes neu\u017etikriname \u0161ios svetain\u0117s informacijos teisingumo. Mes negarantuojame informacijos u\u017ebaigtumo ar tikslumo, taip pat nesame \u012fpareigoti atnaujinti svetain\u0117s informacij\u0105.<\/p>\n\n\n\n<p>Persp\u0117jimas: Negarantuojame, kad \u0161ioje svetain\u0117j\u0117 esantis turinys yra tinkamas visose \u0161alyse ar jurisdikcijose. \u0160is dokumentas:<\/p>\n\n\n\n<ul class=\"wp-block-list\">\n<li>neapriboja bei nepanaikina m\u016bs\u0173 bei j\u016bs\u0173 atsakomyb\u0117s u\u017e mirt\u012f ar traumas;<\/li>\n\n\n\n<li>neapriboja m\u016bs\u0173 bei j\u016bs\u0173 atsakomyb\u0117s u\u017e suk\u010diavim\u0105;<\/li>\n\n\n\n<li>neapriboja m\u016bs\u0173 bei j\u016bs\u0173 atsakomyb\u0117s prie\u0161 valstybinius \u012fstatymus; ir<\/li>\n\n\n\n<li>neapriboja m\u016bs\u0173 bei j\u016bs\u0173 atsakomyb\u0117s, kuri n\u0117ra apribojama valstybiniais \u012fstatymais.<\/li>\n<\/ul>\n\n\n\n<p>Apribojimai ir draudimai, nurodyti \u0161ioje sekcijoje ir kitose dokumento vietose: (a) yra taikomi ir ankstesn\u0117ms dokumento sekcijoms; bei (b) nustato atsakomyb\u0119 \u0161iam persp\u0117jimui, \u012fskaitant atsakomyb\u0119, atsiradus d\u0117l sutarties ar numatyt\u0173 taisykli\u0173 pa\u017eeidimo. Tol, kol svetain\u0117je bus teikiamos nemokamos paslaugos bei informacija, mes neb\u016bsime atsakingi u\u017e bet kokius nuostolius bei praradimus.<\/p>\n","protected":false},"excerpt":{"rendered":"<p>Sveiki atvyk\u0119 \u012f Likepets.lt svetain\u0117! \u0160iame dokumente yra apibr\u0117\u017eiamos\u00a0 svetain\u0117s https:\/\/Likepets.lt naudojimo taisykl\u0117s. Svarbu suprasti \u0161ias s\u0105lygas, nes turite su jomis sutikti, kad gal\u0117tum\u0117te naudotis m\u016bs\u0173 paslaugomis. Jeigu nesutinkate su \u0161iame dokumente pateiktomis s\u0105lygomis bei taisykl\u0117mis privalote i\u0161eiti i\u0161 Likepets.lt svetain\u0117s. Slapukai: \u0160ioje svetain\u0117je yra naudojami slapukai, kurie padeda suasmeninti turin\u012f bei skelbimus ir padeda [&hellip;]<\/p>\n","protected":false},"author":1,"featured_media":0,"parent":0,"menu_order":0,"comment_status":"closed","ping_status":"closed","template":"","meta":{"two_page_speed":[],"footnotes":""},"class_list":["post-62142","page","type-page","status-publish","hentry"],"yoast_head":"<!-- This site is optimized with the Yoast SEO plugin v27.4 - https:\/\/yoast.com\/product\/yoast-seo-wordpress\/ -->\n<title>Paslaug\u0173 teikimo taisykl\u0117s - LikePets.lt<\/title>\n<meta name=\"description\" content=\"Susipa\u017einkite su LikePets.lt naudojimo taisykl\u0117mis, duomen\u0173 apsauga, slapuk\u0173 politika ir intelektin\u0117s nuosavyb\u0117s nuostatomis. Skaidrios s\u0105lygos kiekvienam.\" \/>\n<meta name=\"robots\" content=\"index, follow, max-snippet:-1, max-image-preview:large, max-video-preview:-1\" \/>\n<link rel=\"canonical\" href=\"https:\/\/likepets.lt\/lt_lt\/paslaugu-teikimo-salygos\/\" \/>\n<meta property=\"og:locale\" content=\"lt_LT\" \/>\n<meta property=\"og:type\" content=\"article\" \/>\n<meta property=\"og:title\" content=\"Paslaug\u0173 teikimo taisykl\u0117s - LikePets.lt\" \/>\n<meta property=\"og:description\" content=\"Susipa\u017einkite su LikePets.lt naudojimo taisykl\u0117mis, duomen\u0173 apsauga, slapuk\u0173 politika ir intelektin\u0117s nuosavyb\u0117s nuostatomis. Skaidrios s\u0105lygos kiekvienam.\" \/>\n<meta property=\"og:url\" content=\"https:\/\/likepets.lt\/lt_lt\/paslaugu-teikimo-salygos\/\" \/>\n<meta property=\"og:site_name\" content=\"likepets.lt\" \/>\n<meta property=\"article:publisher\" content=\"https:\/\/www.facebook.com\/profile.php?id=61569466134223\" \/>\n<meta property=\"article:modified_time\" content=\"2025-05-12T11:07:32+00:00\" \/>\n<meta name=\"twitter:card\" content=\"summary_large_image\" \/>\n<meta name=\"twitter:label1\" content=\"Est. reading time\" \/>\n\t<meta name=\"twitter:data1\" content=\"6 minut\u0117s\" \/>\n<script type=\"application\/ld+json\" class=\"yoast-schema-graph\">{\"@context\":\"https:\\\/\\\/schema.org\",\"@graph\":[{\"@type\":\"WebPage\",\"@id\":\"https:\\\/\\\/likepets.lt\\\/paslaugu-teikimo-salygos\\\/\",\"url\":\"https:\\\/\\\/likepets.lt\\\/paslaugu-teikimo-salygos\\\/\",\"name\":\"Paslaug\u0173 teikimo taisykl\u0117s - LikePets.lt\",\"isPartOf\":{\"@id\":\"https:\\\/\\\/likepets.lt\\\/#website\"},\"datePublished\":\"2025-04-11T13:49:28+00:00\",\"dateModified\":\"2025-05-12T11:07:32+00:00\",\"description\":\"Susipa\u017einkite su LikePets.lt naudojimo taisykl\u0117mis, duomen\u0173 apsauga, slapuk\u0173 politika ir intelektin\u0117s nuosavyb\u0117s nuostatomis. Skaidrios s\u0105lygos kiekvienam.\",\"breadcrumb\":{\"@id\":\"https:\\\/\\\/likepets.lt\\\/paslaugu-teikimo-salygos\\\/#breadcrumb\"},\"inLanguage\":\"lt-LT\",\"potentialAction\":[{\"@type\":\"ReadAction\",\"target\":[\"https:\\\/\\\/likepets.lt\\\/paslaugu-teikimo-salygos\\\/\"]}]},{\"@type\":\"BreadcrumbList\",\"@id\":\"https:\\\/\\\/likepets.lt\\\/paslaugu-teikimo-salygos\\\/#breadcrumb\",\"itemListElement\":[{\"@type\":\"ListItem\",\"position\":1,\"name\":\"Home\",\"item\":\"https:\\\/\\\/likepets.lt\\\/lt_lt\\\/\"},{\"@type\":\"ListItem\",\"position\":2,\"name\":\"Paslaug\u0173 teikimo s\u0105lygos\"}]},{\"@type\":\"WebSite\",\"@id\":\"https:\\\/\\\/likepets.lt\\\/#website\",\"url\":\"https:\\\/\\\/likepets.lt\\\/\",\"name\":\"Likepets.lt\",\"description\":\"\",\"publisher\":{\"@id\":\"https:\\\/\\\/likepets.lt\\\/#\\\/schema\\\/person\\\/4ad7eed3b9dc7a176cfff59cfc71e86f\"},\"potentialAction\":[{\"@type\":\"SearchAction\",\"target\":{\"@type\":\"EntryPoint\",\"urlTemplate\":\"https:\\\/\\\/likepets.lt\\\/?s={search_term_string}\"},\"query-input\":{\"@type\":\"PropertyValueSpecification\",\"valueRequired\":true,\"valueName\":\"search_term_string\"}}],\"inLanguage\":\"lt-LT\"},{\"@type\":[\"Person\",\"Organization\"],\"@id\":\"https:\\\/\\\/likepets.lt\\\/#\\\/schema\\\/person\\\/4ad7eed3b9dc7a176cfff59cfc71e86f\",\"name\":\"Likepets.lt\",\"image\":{\"@type\":\"ImageObject\",\"inLanguage\":\"lt-LT\",\"@id\":\"https:\\\/\\\/likepets.lt\\\/wp-content\\\/litespeed\\\/avatar\\\/e807fa13845e19a6e6af46a4bc771b01.jpg?ver=1775897302\",\"url\":\"https:\\\/\\\/likepets.lt\\\/wp-content\\\/litespeed\\\/avatar\\\/e807fa13845e19a6e6af46a4bc771b01.jpg?ver=1775897302\",\"contentUrl\":\"https:\\\/\\\/likepets.lt\\\/wp-content\\\/litespeed\\\/avatar\\\/e807fa13845e19a6e6af46a4bc771b01.jpg?ver=1775897302\",\"caption\":\"Likepets.lt\"},\"logo\":{\"@id\":\"https:\\\/\\\/likepets.lt\\\/wp-content\\\/litespeed\\\/avatar\\\/e807fa13845e19a6e6af46a4bc771b01.jpg?ver=1775897302\"},\"sameAs\":[\"http:\\\/\\\/likepets.lt\",\"https:\\\/\\\/www.facebook.com\\\/profile.php?id=61569466134223\",\"https:\\\/\\\/www.instagram.com\\\/likepets77\\\/?fbclid=IwY2xjawMjUHtleHRuA2FlbQIxMQBicmlkETBlaEhxaVI0bUk1RHl3bmVMAR7IJeYf9r0OCeo9BwYJUD-yM6Osp6MrosWJGq_QweyNqX1BUWyhO1-sP82C2g_aem_xQbJ_D9oWWiUjsE-R3Dlrw\"]}]}<\/script>\n<!-- \/ Yoast SEO plugin. -->","yoast_head_json":{"title":"Paslaug\u0173 teikimo taisykl\u0117s - LikePets.lt","description":"Susipa\u017einkite su LikePets.lt naudojimo taisykl\u0117mis, duomen\u0173 apsauga, slapuk\u0173 politika ir intelektin\u0117s nuosavyb\u0117s nuostatomis. Skaidrios s\u0105lygos kiekvienam.","robots":{"index":"index","follow":"follow","max-snippet":"max-snippet:-1","max-image-preview":"max-image-preview:large","max-video-preview":"max-video-preview:-1"},"canonical":"https:\/\/likepets.lt\/lt_lt\/paslaugu-teikimo-salygos\/","og_locale":"lt_LT","og_type":"article","og_title":"Paslaug\u0173 teikimo taisykl\u0117s - LikePets.lt","og_description":"Susipa\u017einkite su LikePets.lt naudojimo taisykl\u0117mis, duomen\u0173 apsauga, slapuk\u0173 politika ir intelektin\u0117s nuosavyb\u0117s nuostatomis. Skaidrios s\u0105lygos kiekvienam.","og_url":"https:\/\/likepets.lt\/lt_lt\/paslaugu-teikimo-salygos\/","og_site_name":"likepets.lt","article_publisher":"https:\/\/www.facebook.com\/profile.php?id=61569466134223","article_modified_time":"2025-05-12T11:07:32+00:00","twitter_card":"summary_large_image","twitter_misc":{"Est. reading time":"6 minut\u0117s"},"schema":{"@context":"https:\/\/schema.org","@graph":[{"@type":"WebPage","@id":"https:\/\/likepets.lt\/paslaugu-teikimo-salygos\/","url":"https:\/\/likepets.lt\/paslaugu-teikimo-salygos\/","name":"Paslaug\u0173 teikimo taisykl\u0117s - LikePets.lt","isPartOf":{"@id":"https:\/\/likepets.lt\/#website"},"datePublished":"2025-04-11T13:49:28+00:00","dateModified":"2025-05-12T11:07:32+00:00","description":"Susipa\u017einkite su LikePets.lt naudojimo taisykl\u0117mis, duomen\u0173 apsauga, slapuk\u0173 politika ir intelektin\u0117s nuosavyb\u0117s nuostatomis. Skaidrios s\u0105lygos kiekvienam.","breadcrumb":{"@id":"https:\/\/likepets.lt\/paslaugu-teikimo-salygos\/#breadcrumb"},"inLanguage":"lt-LT","potentialAction":[{"@type":"ReadAction","target":["https:\/\/likepets.lt\/paslaugu-teikimo-salygos\/"]}]},{"@type":"BreadcrumbList","@id":"https:\/\/likepets.lt\/paslaugu-teikimo-salygos\/#breadcrumb","itemListElement":[{"@type":"ListItem","position":1,"name":"Home","item":"https:\/\/likepets.lt\/lt_lt\/"},{"@type":"ListItem","position":2,"name":"Paslaug\u0173 teikimo s\u0105lygos"}]},{"@type":"WebSite","@id":"https:\/\/likepets.lt\/#website","url":"https:\/\/likepets.lt\/","name":"Likepets.lt","description":"","publisher":{"@id":"https:\/\/likepets.lt\/#\/schema\/person\/4ad7eed3b9dc7a176cfff59cfc71e86f"},"potentialAction":[{"@type":"SearchAction","target":{"@type":"EntryPoint","urlTemplate":"https:\/\/likepets.lt\/?s={search_term_string}"},"query-input":{"@type":"PropertyValueSpecification","valueRequired":true,"valueName":"search_term_string"}}],"inLanguage":"lt-LT"},{"@type":["Person","Organization"],"@id":"https:\/\/likepets.lt\/#\/schema\/person\/4ad7eed3b9dc7a176cfff59cfc71e86f","name":"Likepets.lt","image":{"@type":"ImageObject","inLanguage":"lt-LT","@id":"https:\/\/likepets.lt\/wp-content\/litespeed\/avatar\/e807fa13845e19a6e6af46a4bc771b01.jpg?ver=1775897302","url":"https:\/\/likepets.lt\/wp-content\/litespeed\/avatar\/e807fa13845e19a6e6af46a4bc771b01.jpg?ver=1775897302","contentUrl":"https:\/\/likepets.lt\/wp-content\/litespeed\/avatar\/e807fa13845e19a6e6af46a4bc771b01.jpg?ver=1775897302","caption":"Likepets.lt"},"logo":{"@id":"https:\/\/likepets.lt\/wp-content\/litespeed\/avatar\/e807fa13845e19a6e6af46a4bc771b01.jpg?ver=1775897302"},"sameAs":["http:\/\/likepets.lt","https:\/\/www.facebook.com\/profile.php?id=61569466134223","https:\/\/www.instagram.com\/likepets77\/?fbclid=IwY2xjawMjUHtleHRuA2FlbQIxMQBicmlkETBlaEhxaVI0bUk1RHl3bmVMAR7IJeYf9r0OCeo9BwYJUD-yM6Osp6MrosWJGq_QweyNqX1BUWyhO1-sP82C2g_aem_xQbJ_D9oWWiUjsE-R3Dlrw"]}]}},"rttpg_featured_image_url":null,"rttpg_author":{"display_name":"Likepets.lt","author_link":"https:\/\/likepets.lt\/lt_lt\/author\/dezina-entggmail-com\/"},"rttpg_comment":0,"rttpg_category":null,"rttpg_excerpt":"Sveiki atvyk\u0119 \u012f Likepets.lt svetain\u0117! \u0160iame dokumente yra apibr\u0117\u017eiamos\u00a0 svetain\u0117s https:\/\/Likepets.lt naudojimo taisykl\u0117s. Svarbu suprasti \u0161ias s\u0105lygas, nes turite su jomis sutikti, kad gal\u0117tum\u0117te naudotis m\u016bs\u0173 paslaugomis. Jeigu nesutinkate su \u0161iame dokumente pateiktomis s\u0105lygomis bei taisykl\u0117mis privalote i\u0161eiti i\u0161 Likepets.lt svetain\u0117s. Slapukai: \u0160ioje svetain\u0117je yra naudojami slapukai, kurie padeda suasmeninti turin\u012f bei skelbimus ir padeda&hellip;","_links":{"self":[{"href":"https:\/\/likepets.lt\/lt_lt\/wp-json\/wp\/v2\/pages\/62142","targetHints":{"allow":["GET"]}}],"collection":[{"href":"https:\/\/likepets.lt\/lt_lt\/wp-json\/wp\/v2\/pages"}],"about":[{"href":"https:\/\/likepets.lt\/lt_lt\/wp-json\/wp\/v2\/types\/page"}],"author":[{"embeddable":true,"href":"https:\/\/likepets.lt\/lt_lt\/wp-json\/wp\/v2\/users\/1"}],"replies":[{"embeddable":true,"href":"https:\/\/likepets.lt\/lt_lt\/wp-json\/wp\/v2\/comments?post=62142"}],"version-history":[{"count":1,"href":"https:\/\/likepets.lt\/lt_lt\/wp-json\/wp\/v2\/pages\/62142\/revisions"}],"predecessor-version":[{"id":62143,"href":"https:\/\/likepets.lt\/lt_lt\/wp-json\/wp\/v2\/pages\/62142\/revisions\/62143"}],"wp:attachment":[{"href":"https:\/\/likepets.lt\/lt_lt\/wp-json\/wp\/v2\/media?parent=62142"}],"curies":[{"name":"wp","href":"https:\/\/api.w.org\/{rel}","templated":true}]}}