{"id":62150,"date":"2025-04-11T18:45:25","date_gmt":"2025-04-11T15:45:25","guid":{"rendered":"https:\/\/likepets.lt\/?page_id=62150"},"modified":"2025-05-12T14:10:35","modified_gmt":"2025-05-12T11:10:35","slug":"prekiu-pristatymo-salygos","status":"publish","type":"page","link":"https:\/\/likepets.lt\/lt_lt\/prekiu-pristatymo-salygos\/","title":{"rendered":"Preki\u0173 pristatymo s\u0105lygos"},"content":{"rendered":"\n<p>Suformavus Preki\u0173 krep\u0161el\u012f, turite suvesti duomenis, b\u016btinus pasirinktoms Prek\u0117ms pristatyti. \u012esitikinkite, jog pateikti duomenys yra teisingi, o u\u017esakomos Prek\u0117s atitinka J\u016bs\u0173 pageidavimus. J\u016bs turite galimyb\u0119 pataisyti klaidas, jei j\u0173 yra, prie\u0161 patvirtindami u\u017esakym\u0105. J\u016bs\u0173 pateikti duomenys tvarkomi Privatumo politikoje numatytais tikslais ir tvarka. J\u016bs sutinkate, jog pateikdami u\u017esakym\u0105 E-parduotuv\u0117je, u\u017e Prekes \u012fsipareigojate sumok\u0117ti kain\u0105, nurodom\u0105 u\u017esakyme. \u012e E-parduotuv\u0117je ir u\u017esakyme nurodyt\u0105 Prek\u0117s kain\u0105 \u012fskai\u010diuoti visi mokes\u010diai su\u00a0 Preki\u0173 pristatymu. U\u017e Prekes galite atsiskaityti \u0161iais b\u016bdais: Paysera, Elektronin\u0117 bankininkyst\u0117, Apple Pay, kreditin\u0117 kortel\u0117, banko pavedimas, pristatymo metu.<\/p>\n\n\n\n<p>Mok\u0117jimas turi b\u016bti atliktas nedelsiant po u\u017esakymo pateikimo. Jums patvirtinus u\u017esakym\u0105, Pardav\u0117jas gauna vis\u0105 informacij\u0105 apie j\u012f. U\u017esakymas laikomas pateiktu nuo to momento, kai j\u012f gauna Pardav\u0117jas. Kartu tokiu atveju laikoma, jog tarp J\u016bs\u0173 ir Pardav\u0117jo yra sudaryta sutartis. Ta\u010diau Pardav\u0117jas privalo toki\u0105 sutart\u012f vykdyti tik nuo to momento, kai Pardav\u0117jas gauna mok\u0117jimo paslaug\u0173 teik\u0117jo patvirtinim\u0105 apie atsiskaitym\u0105 u\u017e Prekes. Pateikus u\u017esakym\u0105, J\u016bs\u0173 nurodytu el. pa\u0161tu bus i\u0161si\u0173stas elektroninis lai\u0161kas, kuriame nurodomos u\u017esakytos Prek\u0117s bei J\u016bs\u0173 pateikti duomenys. Pardav\u0117jas gav\u0119s prane\u0161im\u0105, jog atlikote apmok\u0117jim\u0105 u\u017e u\u017esakytas Prekes, \u012fsipareigoja \u012fvykdyti J\u016bs\u0173 u\u017esakym\u0105.<\/p>\n\n\n\n<p><strong>PREKI\u0172 SAVYB\u0116S IR KOKYB\u0116<\/strong><\/p>\n\n\n\n<p>Preki\u0173 savyb\u0117s nurodomos E-parduotuv\u0117je prie kiekvienos Prek\u0117s apra\u0161ymo. Pardav\u0117jas siekia u\u017etikrinti, kad Prek\u0117s atitikt\u0173 teis\u0117s aktuose nustatytus reikalavimus ir b\u016bt\u0173 tinkamos naudoti pagal j\u0173 paskirt\u012f. Pateikdami u\u017esakym\u0105, J\u016bs patvirtinate, jog esate susipa\u017ein\u0119 su tuo ir suprantate, kad Prek\u0117s, nurodytos E-parduotuv\u0117je, savo spalva, forma ar kitais parametrais gali neatitikti realaus Preki\u0173 dyd\u017eio, form\u0173 ir spalvos d\u0117l J\u016bs\u0173 naudojamo monitoriaus ar kito \u012frenginio ypatybi\u0173 ar nustatym\u0173. Pardav\u0117jas negarantuoja ir neu\u017etikrina, kad Preki\u0173 spalva, forma ar kiti parametrai bus identi\u0161ki E-parduotuv\u0117je pateiktam ar J\u016bs\u0173 matomam vaizdui. Tokie skirtumai nebus laikomi Preki\u0173 tr\u016bkumais. Pardav\u0117jas \u012fsipareigoja perduoti Prekes, kurios atitinka informacij\u0105, nurodyt\u0105 E-parduotuv\u0117je pateiktame Prek\u0117s apra\u0161yme. Pardav\u0117jas taip pat \u012fsipareigoja pateikti Jums u\u017esakyme nurodyt\u0105 Preki\u0173 asortiment\u0105 ir kiek\u012f, ta\u010diau neatsako tais atvejais, kai perduot\u0173 Preki\u0173 asortimentas ar kiekis n\u0117ra tikslus d\u0117l to, jog J\u016bs neteisingai nurod\u0117te duomenis u\u017esakyme, pateiktame Pardav\u0117jui.<\/p>\n\n\n\n<p><strong>PREKI\u0172 PRISTATYMAS<\/strong><\/p>\n\n\n\n<p>U\u017esakydami Prekes, J\u016bs turite pasirinkti Preki\u0173 pristatymo b\u016bd\u0105 ir nurodyti Preki\u0173 pristatymo adres\u0105. Pristatymas galimas \u0161iais b\u016bdais: per kurjer\u012f, \u012f siunt\u0173 savitarnos terminalus. Atkreipkite d\u0117mes\u012f, kad nurodyti Preki\u0173 pristatymo ar atsi\u0117mimo laikai yra preliminar\u016bs. Nors mes visada stengiam\u0117s \u012fvykdyti u\u017esakym\u0105 kiek \u012fmanoma grei\u010diau, kartais jo paruo\u0161imas gali u\u017etrukti ilgiau d\u0117l didelio u\u017esakym\u0173 kiekio ar pristatymo paslaug\u0173 teik\u0117j\u0173 u\u017eimtumo. Pardav\u0117jas visada informuoja apie pristatymo status\u0105, sekite \u0161i\u0105 informacij\u0105. Kai siunta i\u0161si\u0173sta, j\u0105 galite sekti pagal siuntos numer\u012f pristatymo paslaug\u0173 teik\u0117jo sistemoje. Tais atvejais, kai pri\u0117m\u0119 Prekes pastebite, jog siuntoje n\u0117ra u\u017esakytos Prek\u0117s, informuokite apie tai Pardav\u0117j\u0105 nedelsdami. Prek\u0117s pristatomos supakuotos, atsi\u017evelgiant \u012f j\u0173 pob\u016bd\u012f, siekiant, kad Prek\u0117s b\u016bt\u0173 tinkamos naudoti pagal paskirt\u012f.<\/p>\n","protected":false},"excerpt":{"rendered":"<p>Suformavus Preki\u0173 krep\u0161el\u012f, turite suvesti duomenis, b\u016btinus pasirinktoms Prek\u0117ms pristatyti. \u012esitikinkite, jog pateikti duomenys yra teisingi, o u\u017esakomos Prek\u0117s atitinka J\u016bs\u0173 pageidavimus. J\u016bs turite galimyb\u0119 pataisyti klaidas, jei j\u0173 yra, prie\u0161 patvirtindami u\u017esakym\u0105. J\u016bs\u0173 pateikti duomenys tvarkomi Privatumo politikoje numatytais tikslais ir tvarka. J\u016bs sutinkate, jog pateikdami u\u017esakym\u0105 E-parduotuv\u0117je, u\u017e Prekes \u012fsipareigojate sumok\u0117ti kain\u0105, nurodom\u0105 [&hellip;]<\/p>\n","protected":false},"author":1,"featured_media":0,"parent":0,"menu_order":0,"comment_status":"closed","ping_status":"closed","template":"","meta":{"two_page_speed":[],"footnotes":""},"class_list":["post-62150","page","type-page","status-publish","hentry"],"yoast_head":"<!-- This site is optimized with the Yoast SEO plugin v27.4 - https:\/\/yoast.com\/product\/yoast-seo-wordpress\/ -->\n<title>Pristatymo s\u0105lygos ir terminai - LikePets.lt<\/title>\n<meta name=\"description\" content=\"Su\u017einokite, kaip vyksta preki\u0173 pristatymas LikePets.lt: pristatymo b\u016bdai, terminai, siuntos sekimas ir kokyb\u0117s u\u017etikrinimas. Pristatome visoje Lietuvoje.\" \/>\n<meta name=\"robots\" content=\"index, follow, max-snippet:-1, max-image-preview:large, max-video-preview:-1\" \/>\n<link rel=\"canonical\" href=\"https:\/\/likepets.lt\/lt_lt\/prekiu-pristatymo-salygos\/\" \/>\n<meta property=\"og:locale\" content=\"lt_LT\" \/>\n<meta property=\"og:type\" content=\"article\" \/>\n<meta property=\"og:title\" content=\"Pristatymo s\u0105lygos ir terminai - LikePets.lt\" \/>\n<meta property=\"og:description\" content=\"Su\u017einokite, kaip vyksta preki\u0173 pristatymas LikePets.lt: pristatymo b\u016bdai, terminai, siuntos sekimas ir kokyb\u0117s u\u017etikrinimas. Pristatome visoje Lietuvoje.\" \/>\n<meta property=\"og:url\" content=\"https:\/\/likepets.lt\/lt_lt\/prekiu-pristatymo-salygos\/\" \/>\n<meta property=\"og:site_name\" content=\"likepets.lt\" \/>\n<meta property=\"article:publisher\" content=\"https:\/\/www.facebook.com\/profile.php?id=61569466134223\" \/>\n<meta property=\"article:modified_time\" content=\"2025-05-12T11:10:35+00:00\" \/>\n<meta name=\"twitter:card\" content=\"summary_large_image\" \/>\n<meta name=\"twitter:label1\" content=\"Est. reading time\" \/>\n\t<meta name=\"twitter:data1\" content=\"3 minut\u0117s\" \/>\n<script type=\"application\/ld+json\" class=\"yoast-schema-graph\">{\"@context\":\"https:\\\/\\\/schema.org\",\"@graph\":[{\"@type\":\"WebPage\",\"@id\":\"https:\\\/\\\/likepets.lt\\\/prekiu-pristatymo-salygos\\\/\",\"url\":\"https:\\\/\\\/likepets.lt\\\/prekiu-pristatymo-salygos\\\/\",\"name\":\"Pristatymo s\u0105lygos ir terminai - LikePets.lt\",\"isPartOf\":{\"@id\":\"https:\\\/\\\/likepets.lt\\\/#website\"},\"datePublished\":\"2025-04-11T15:45:25+00:00\",\"dateModified\":\"2025-05-12T11:10:35+00:00\",\"description\":\"Su\u017einokite, kaip vyksta preki\u0173 pristatymas LikePets.lt: pristatymo b\u016bdai, terminai, siuntos sekimas ir kokyb\u0117s u\u017etikrinimas. Pristatome visoje Lietuvoje.\",\"breadcrumb\":{\"@id\":\"https:\\\/\\\/likepets.lt\\\/prekiu-pristatymo-salygos\\\/#breadcrumb\"},\"inLanguage\":\"lt-LT\",\"potentialAction\":[{\"@type\":\"ReadAction\",\"target\":[\"https:\\\/\\\/likepets.lt\\\/prekiu-pristatymo-salygos\\\/\"]}]},{\"@type\":\"BreadcrumbList\",\"@id\":\"https:\\\/\\\/likepets.lt\\\/prekiu-pristatymo-salygos\\\/#breadcrumb\",\"itemListElement\":[{\"@type\":\"ListItem\",\"position\":1,\"name\":\"Home\",\"item\":\"https:\\\/\\\/likepets.lt\\\/lt_lt\\\/\"},{\"@type\":\"ListItem\",\"position\":2,\"name\":\"Preki\u0173 pristatymo s\u0105lygos\"}]},{\"@type\":\"WebSite\",\"@id\":\"https:\\\/\\\/likepets.lt\\\/#website\",\"url\":\"https:\\\/\\\/likepets.lt\\\/\",\"name\":\"Likepets.lt\",\"description\":\"\",\"publisher\":{\"@id\":\"https:\\\/\\\/likepets.lt\\\/#\\\/schema\\\/person\\\/4ad7eed3b9dc7a176cfff59cfc71e86f\"},\"potentialAction\":[{\"@type\":\"SearchAction\",\"target\":{\"@type\":\"EntryPoint\",\"urlTemplate\":\"https:\\\/\\\/likepets.lt\\\/?s={search_term_string}\"},\"query-input\":{\"@type\":\"PropertyValueSpecification\",\"valueRequired\":true,\"valueName\":\"search_term_string\"}}],\"inLanguage\":\"lt-LT\"},{\"@type\":[\"Person\",\"Organization\"],\"@id\":\"https:\\\/\\\/likepets.lt\\\/#\\\/schema\\\/person\\\/4ad7eed3b9dc7a176cfff59cfc71e86f\",\"name\":\"Likepets.lt\",\"image\":{\"@type\":\"ImageObject\",\"inLanguage\":\"lt-LT\",\"@id\":\"https:\\\/\\\/likepets.lt\\\/wp-content\\\/litespeed\\\/avatar\\\/e807fa13845e19a6e6af46a4bc771b01.jpg?ver=1775897302\",\"url\":\"https:\\\/\\\/likepets.lt\\\/wp-content\\\/litespeed\\\/avatar\\\/e807fa13845e19a6e6af46a4bc771b01.jpg?ver=1775897302\",\"contentUrl\":\"https:\\\/\\\/likepets.lt\\\/wp-content\\\/litespeed\\\/avatar\\\/e807fa13845e19a6e6af46a4bc771b01.jpg?ver=1775897302\",\"caption\":\"Likepets.lt\"},\"logo\":{\"@id\":\"https:\\\/\\\/likepets.lt\\\/wp-content\\\/litespeed\\\/avatar\\\/e807fa13845e19a6e6af46a4bc771b01.jpg?ver=1775897302\"},\"sameAs\":[\"http:\\\/\\\/likepets.lt\",\"https:\\\/\\\/www.facebook.com\\\/profile.php?id=61569466134223\",\"https:\\\/\\\/www.instagram.com\\\/likepets77\\\/?fbclid=IwY2xjawMjUHtleHRuA2FlbQIxMQBicmlkETBlaEhxaVI0bUk1RHl3bmVMAR7IJeYf9r0OCeo9BwYJUD-yM6Osp6MrosWJGq_QweyNqX1BUWyhO1-sP82C2g_aem_xQbJ_D9oWWiUjsE-R3Dlrw\"]}]}<\/script>\n<!-- \/ Yoast SEO plugin. -->","yoast_head_json":{"title":"Pristatymo s\u0105lygos ir terminai - LikePets.lt","description":"Su\u017einokite, kaip vyksta preki\u0173 pristatymas LikePets.lt: pristatymo b\u016bdai, terminai, siuntos sekimas ir kokyb\u0117s u\u017etikrinimas. Pristatome visoje Lietuvoje.","robots":{"index":"index","follow":"follow","max-snippet":"max-snippet:-1","max-image-preview":"max-image-preview:large","max-video-preview":"max-video-preview:-1"},"canonical":"https:\/\/likepets.lt\/lt_lt\/prekiu-pristatymo-salygos\/","og_locale":"lt_LT","og_type":"article","og_title":"Pristatymo s\u0105lygos ir terminai - LikePets.lt","og_description":"Su\u017einokite, kaip vyksta preki\u0173 pristatymas LikePets.lt: pristatymo b\u016bdai, terminai, siuntos sekimas ir kokyb\u0117s u\u017etikrinimas. Pristatome visoje Lietuvoje.","og_url":"https:\/\/likepets.lt\/lt_lt\/prekiu-pristatymo-salygos\/","og_site_name":"likepets.lt","article_publisher":"https:\/\/www.facebook.com\/profile.php?id=61569466134223","article_modified_time":"2025-05-12T11:10:35+00:00","twitter_card":"summary_large_image","twitter_misc":{"Est. reading time":"3 minut\u0117s"},"schema":{"@context":"https:\/\/schema.org","@graph":[{"@type":"WebPage","@id":"https:\/\/likepets.lt\/prekiu-pristatymo-salygos\/","url":"https:\/\/likepets.lt\/prekiu-pristatymo-salygos\/","name":"Pristatymo s\u0105lygos ir terminai - LikePets.lt","isPartOf":{"@id":"https:\/\/likepets.lt\/#website"},"datePublished":"2025-04-11T15:45:25+00:00","dateModified":"2025-05-12T11:10:35+00:00","description":"Su\u017einokite, kaip vyksta preki\u0173 pristatymas LikePets.lt: pristatymo b\u016bdai, terminai, siuntos sekimas ir kokyb\u0117s u\u017etikrinimas. Pristatome visoje Lietuvoje.","breadcrumb":{"@id":"https:\/\/likepets.lt\/prekiu-pristatymo-salygos\/#breadcrumb"},"inLanguage":"lt-LT","potentialAction":[{"@type":"ReadAction","target":["https:\/\/likepets.lt\/prekiu-pristatymo-salygos\/"]}]},{"@type":"BreadcrumbList","@id":"https:\/\/likepets.lt\/prekiu-pristatymo-salygos\/#breadcrumb","itemListElement":[{"@type":"ListItem","position":1,"name":"Home","item":"https:\/\/likepets.lt\/lt_lt\/"},{"@type":"ListItem","position":2,"name":"Preki\u0173 pristatymo s\u0105lygos"}]},{"@type":"WebSite","@id":"https:\/\/likepets.lt\/#website","url":"https:\/\/likepets.lt\/","name":"Likepets.lt","description":"","publisher":{"@id":"https:\/\/likepets.lt\/#\/schema\/person\/4ad7eed3b9dc7a176cfff59cfc71e86f"},"potentialAction":[{"@type":"SearchAction","target":{"@type":"EntryPoint","urlTemplate":"https:\/\/likepets.lt\/?s={search_term_string}"},"query-input":{"@type":"PropertyValueSpecification","valueRequired":true,"valueName":"search_term_string"}}],"inLanguage":"lt-LT"},{"@type":["Person","Organization"],"@id":"https:\/\/likepets.lt\/#\/schema\/person\/4ad7eed3b9dc7a176cfff59cfc71e86f","name":"Likepets.lt","image":{"@type":"ImageObject","inLanguage":"lt-LT","@id":"https:\/\/likepets.lt\/wp-content\/litespeed\/avatar\/e807fa13845e19a6e6af46a4bc771b01.jpg?ver=1775897302","url":"https:\/\/likepets.lt\/wp-content\/litespeed\/avatar\/e807fa13845e19a6e6af46a4bc771b01.jpg?ver=1775897302","contentUrl":"https:\/\/likepets.lt\/wp-content\/litespeed\/avatar\/e807fa13845e19a6e6af46a4bc771b01.jpg?ver=1775897302","caption":"Likepets.lt"},"logo":{"@id":"https:\/\/likepets.lt\/wp-content\/litespeed\/avatar\/e807fa13845e19a6e6af46a4bc771b01.jpg?ver=1775897302"},"sameAs":["http:\/\/likepets.lt","https:\/\/www.facebook.com\/profile.php?id=61569466134223","https:\/\/www.instagram.com\/likepets77\/?fbclid=IwY2xjawMjUHtleHRuA2FlbQIxMQBicmlkETBlaEhxaVI0bUk1RHl3bmVMAR7IJeYf9r0OCeo9BwYJUD-yM6Osp6MrosWJGq_QweyNqX1BUWyhO1-sP82C2g_aem_xQbJ_D9oWWiUjsE-R3Dlrw"]}]}},"rttpg_featured_image_url":null,"rttpg_author":{"display_name":"Likepets.lt","author_link":"https:\/\/likepets.lt\/lt_lt\/author\/dezina-entggmail-com\/"},"rttpg_comment":0,"rttpg_category":null,"rttpg_excerpt":"Suformavus Preki\u0173 krep\u0161el\u012f, turite suvesti duomenis, b\u016btinus pasirinktoms Prek\u0117ms pristatyti. \u012esitikinkite, jog pateikti duomenys yra teisingi, o u\u017esakomos Prek\u0117s atitinka J\u016bs\u0173 pageidavimus. J\u016bs turite galimyb\u0119 pataisyti klaidas, jei j\u0173 yra, prie\u0161 patvirtindami u\u017esakym\u0105. J\u016bs\u0173 pateikti duomenys tvarkomi Privatumo politikoje numatytais tikslais ir tvarka. J\u016bs sutinkate, jog pateikdami u\u017esakym\u0105 E-parduotuv\u0117je, u\u017e Prekes \u012fsipareigojate sumok\u0117ti kain\u0105, nurodom\u0105&hellip;","_links":{"self":[{"href":"https:\/\/likepets.lt\/lt_lt\/wp-json\/wp\/v2\/pages\/62150","targetHints":{"allow":["GET"]}}],"collection":[{"href":"https:\/\/likepets.lt\/lt_lt\/wp-json\/wp\/v2\/pages"}],"about":[{"href":"https:\/\/likepets.lt\/lt_lt\/wp-json\/wp\/v2\/types\/page"}],"author":[{"embeddable":true,"href":"https:\/\/likepets.lt\/lt_lt\/wp-json\/wp\/v2\/users\/1"}],"replies":[{"embeddable":true,"href":"https:\/\/likepets.lt\/lt_lt\/wp-json\/wp\/v2\/comments?post=62150"}],"version-history":[{"count":1,"href":"https:\/\/likepets.lt\/lt_lt\/wp-json\/wp\/v2\/pages\/62150\/revisions"}],"predecessor-version":[{"id":62151,"href":"https:\/\/likepets.lt\/lt_lt\/wp-json\/wp\/v2\/pages\/62150\/revisions\/62151"}],"wp:attachment":[{"href":"https:\/\/likepets.lt\/lt_lt\/wp-json\/wp\/v2\/media?parent=62150"}],"curies":[{"name":"wp","href":"https:\/\/api.w.org\/{rel}","templated":true}]}}