{"id":2448,"date":"2024-10-02T16:15:25","date_gmt":"2024-10-02T16:15:25","guid":{"rendered":"https:\/\/likepets.lt\/?post_type=product&#038;p=2448"},"modified":"2025-11-30T12:00:21","modified_gmt":"2025-11-30T10:00:21","slug":"sausas-maistas-imby-veganams","status":"publish","type":"product","link":"https:\/\/likepets.lt\/lt_lt\/product\/sausas-maistas-imby-veganams\/","title":{"rendered":"Imby Vegani\u0161kas \u0161un\u0173 maistas 1,5 kg."},"content":{"rendered":"<div id=\"content\" class=\"site-content\">\n<div class=\"ast-container\">\n<div class=\"elementor elementor-1940 elementor-location-single post-2448 product type-product status-publish has-post-thumbnail product_cat-maisto-prekes product_cat-sausas-maistas ast-article-single ast-woo-product-no-review desktop-align-left tablet-align-left mobile-align-left first instock taxable shipping-taxable purchasable product-type-simple product\" data-elementor-type=\"product\" data-elementor-id=\"1940\" data-elementor-post-type=\"elementor_library\">\n<div class=\"elementor-element elementor-element-64498d2 e-flex e-con-boxed e-con e-parent e-lazyloaded\" data-id=\"64498d2\" data-element_type=\"container\">\n<div class=\"e-con-inner\">\n<div class=\"elementor-element elementor-element-bd89dd6 elementor-widget elementor-widget-woocommerce-product-data-tabs\" data-id=\"bd89dd6\" data-element_type=\"widget\" data-widget_type=\"woocommerce-product-data-tabs.default\">\n<div class=\"elementor-widget-container\">\n<div class=\"woocommerce-tabs wc-tabs-wrapper\">\n<div id=\"tab-description\" class=\"woocommerce-Tabs-panel woocommerce-Tabs-panel--description panel entry-content wc-tab\" role=\"tabpanel\" aria-labelledby=\"tab-title-description\">\n<table style=\"height: 152px;\" width=\"726\">\n<tbody>\n<tr>\n<td width=\"188\">Imby Pet Food yra Belgijos \u012fmon\u0117 u\u017esiimanti namini\u0173 gyv\u016bn\u0117li\u0173\u00a0 \u0117dalo gaminimu . \u012emon\u0117, gamina maist\u0105, skan\u0117stus ir papildus \u0161unims. Savo gamyboje\u00a0 naudoja vabzd\u017ei\u0173 baltymus ir augalin\u0117s kilm\u0117s ingredientus, kad savo keturkojus maitint\u0173 sveikus, planetai draugi\u0161kus ir hipoalergi\u0161kus patiekalus. Imby Pet Food tvirtai \u012fsipareigojusi savo augintiniams parinkti geriausios kokyb\u0117s ingredientus ir tiekti pa\u017eangiausi\u0105 \u0161un\u0173\u00a0 maist\u0105. Naujausias\u00a0 gamyboje yra atsirad\u0119s produktas \u2013 tai\u00a0 \u0161un\u0173 papildai, kurie yra 100% augalin\u0117s kilm\u0117s ir kuri\u0173 sud\u0117tyje yra didel\u0117s doz\u0117s veikliuj\u0173 med\u017eiag\u0173, kad b\u016bt\u0173 veiksmingas poveikis \u0161un\u0173 sveikatai.<\/td>\n<\/tr>\n<\/tbody>\n<\/table>\n<\/div>\n<\/div>\n<\/div>\n<\/div>\n<\/div>\n<\/div>\n<\/div>\n<\/div>\n<\/div>\n<div class=\"elementor elementor-1631 elementor-location-footer\" data-elementor-type=\"footer\" data-elementor-id=\"1631\" data-elementor-post-type=\"elementor_library\">\n<div class=\"elementor-element elementor-element-ac07f78 e-con-full e-flex e-con e-parent e-lazyloaded\" data-id=\"ac07f78\" data-element_type=\"container\" data-settings=\"{&quot;background_background&quot;:&quot;classic&quot;}\">\n<div class=\"elementor-element elementor-element-26f67681 e-con-full e-flex e-con e-child\" data-id=\"26f67681\" data-element_type=\"container\">\n<div class=\"elementor-element elementor-element-b7adc98 elementor-widget__width-initial elementor-widget-mobile__width-initial elementor-widget elementor-widget-image\" data-id=\"b7adc98\" data-element_type=\"widget\" data-widget_type=\"image.default\"><\/div>\n<\/div>\n<\/div>\n<\/div>\n","protected":false},"excerpt":{"rendered":"<div class=\"elementor-element elementor-element-faee0d2 elementor-widget elementor-widget-woocommerce-product-short-description\" data-id=\"faee0d2\" data-element_type=\"widget\" data-widget_type=\"woocommerce-product-short-description.default\">\n<div class=\"elementor-widget-container\">\n<div class=\"woocommerce-product-details__short-description\">\n<p><strong data-start=\"0\" data-end=\"41\" data-is-only-node=\"\">Imby vegani\u0161kas \u0161un\u0173 maistas <\/strong>\u2013 subalansuotas augalin\u0117s kilm\u0117s sausas \u0117dalas vis\u0173 veisli\u0173 \u0161unims. Praturtintas augaliniais baltymais, vitaminais ir mineralais, u\u017etikrinan\u010diais visavert\u0119 mityb\u0105. Be dirbtini\u0173 pried\u0173, tinka jautriems ar alergi\u0161kiems \u0161unims.<\/p>\n<p><strong>Sud\u0117tis:<\/strong>\u00a0sald\u017eiosios bulv\u0117s, brokoliai, m\u0117lyn\u0117s, ry\u017eiai ir plikytos avi\u017eos. Jis yra hipoalergi\u0161kas , n\u0117ra mie\u017ei\u0173, kvie\u010di\u0173 ir soj\u0173.\u00a0 \u0160is maistas yra visavertis ir jam nereikia joki\u0173 maisto papild\u0173.<\/p>\n<\/div>\n<\/div>\n<\/div>\n<div class=\"elementor-element elementor-element-932f4d8 elementor-widget elementor-widget-woocommerce-product-price\" data-id=\"932f4d8\" data-element_type=\"widget\" data-widget_type=\"woocommerce-product-price.default\">\n<div class=\"elementor-widget-container\"><\/div>\n<\/div>\n","protected":false},"featured_media":2449,"comment_status":"open","ping_status":"closed","template":"","meta":[],"product_brand":[152],"product_cat":[89],"product_tag":[],"class_list":{"0":"post-2448","1":"product","2":"type-product","3":"status-publish","4":"has-post-thumbnail","6":"product_brand-imby","7":"product_cat-sunu-maistas","10":"first","11":"instock","12":"sale","13":"taxable","14":"shipping-taxable","15":"purchasable","16":"product-type-variable"},"yoast_head":"<!-- This site is optimized with the Yoast SEO plugin v27.4 - https:\/\/yoast.com\/product\/yoast-seo-wordpress\/ -->\n<title>Imby Vegani\u0161kas \u0161un\u0173 maistas 1,5 kg. - likepets.lt<\/title>\n<meta name=\"description\" content=\"Augalin\u0117s kilm\u0117s sausas \u0117dalas su baltymais, vitaminais ir mineralais. Tinka jautriems ir alergi\u0161kiems \u0161unims. Sveikas ir subalansuotas pasirinkimas!\" \/>\n<meta name=\"robots\" content=\"index, follow, max-snippet:-1, max-image-preview:large, max-video-preview:-1\" \/>\n<link rel=\"canonical\" href=\"https:\/\/likepets.lt\/lt_lt\/product\/sausas-maistas-imby-veganams\/\" \/>\n<meta property=\"og:locale\" content=\"lt_LT\" \/>\n<meta property=\"og:type\" content=\"article\" \/>\n<meta property=\"og:title\" content=\"Imby Vegani\u0161kas \u0161un\u0173 maistas 1,5 kg. - likepets.lt\" \/>\n<meta property=\"og:description\" content=\"Augalin\u0117s kilm\u0117s sausas \u0117dalas su baltymais, vitaminais ir mineralais. Tinka jautriems ir alergi\u0161kiems \u0161unims. Sveikas ir subalansuotas pasirinkimas!\" \/>\n<meta property=\"og:url\" content=\"https:\/\/likepets.lt\/lt_lt\/product\/sausas-maistas-imby-veganams\/\" \/>\n<meta property=\"og:site_name\" content=\"likepets.lt\" \/>\n<meta property=\"article:publisher\" content=\"https:\/\/www.facebook.com\/profile.php?id=61569466134223\" \/>\n<meta property=\"article:modified_time\" content=\"2025-11-30T10:00:21+00:00\" \/>\n<meta property=\"og:image\" content=\"https:\/\/likepets.lt\/wp-content\/uploads\/2025\/04\/Imby-veganiskas-sunu-maistas-.png\" \/>\n\t<meta property=\"og:image:width\" content=\"1080\" \/>\n\t<meta property=\"og:image:height\" content=\"1080\" \/>\n\t<meta property=\"og:image:type\" content=\"image\/png\" \/>\n<meta name=\"twitter:card\" content=\"summary_large_image\" \/>\n<meta name=\"twitter:label1\" content=\"Est. reading time\" \/>\n\t<meta name=\"twitter:data1\" content=\"1 minut\u0117\" \/>\n<script type=\"application\/ld+json\" class=\"yoast-schema-graph\">{\"@context\":\"https:\\\/\\\/schema.org\",\"@graph\":[{\"@type\":\"WebPage\",\"@id\":\"https:\\\/\\\/likepets.lt\\\/product\\\/sausas-maistas-imby-veganams\\\/\",\"url\":\"https:\\\/\\\/likepets.lt\\\/product\\\/sausas-maistas-imby-veganams\\\/\",\"name\":\"Imby Vegani\u0161kas \u0161un\u0173 maistas 1,5 kg. - likepets.lt\",\"isPartOf\":{\"@id\":\"https:\\\/\\\/likepets.lt\\\/#website\"},\"primaryImageOfPage\":{\"@id\":\"https:\\\/\\\/likepets.lt\\\/product\\\/sausas-maistas-imby-veganams\\\/#primaryimage\"},\"image\":{\"@id\":\"https:\\\/\\\/likepets.lt\\\/product\\\/sausas-maistas-imby-veganams\\\/#primaryimage\"},\"thumbnailUrl\":\"https:\\\/\\\/likepets.lt\\\/wp-content\\\/uploads\\\/2025\\\/04\\\/Imby-veganiskas-sunu-maistas-.png\",\"datePublished\":\"2024-10-02T16:15:25+00:00\",\"dateModified\":\"2025-11-30T10:00:21+00:00\",\"description\":\"Augalin\u0117s kilm\u0117s sausas \u0117dalas su baltymais, vitaminais ir mineralais. Tinka jautriems ir alergi\u0161kiems \u0161unims. Sveikas ir subalansuotas pasirinkimas!\",\"breadcrumb\":{\"@id\":\"https:\\\/\\\/likepets.lt\\\/product\\\/sausas-maistas-imby-veganams\\\/#breadcrumb\"},\"inLanguage\":\"lt-LT\",\"potentialAction\":[{\"@type\":\"ReadAction\",\"target\":[\"https:\\\/\\\/likepets.lt\\\/product\\\/sausas-maistas-imby-veganams\\\/\"]}]},{\"@type\":\"ImageObject\",\"inLanguage\":\"lt-LT\",\"@id\":\"https:\\\/\\\/likepets.lt\\\/product\\\/sausas-maistas-imby-veganams\\\/#primaryimage\",\"url\":\"https:\\\/\\\/likepets.lt\\\/wp-content\\\/uploads\\\/2025\\\/04\\\/Imby-veganiskas-sunu-maistas-.png\",\"contentUrl\":\"https:\\\/\\\/likepets.lt\\\/wp-content\\\/uploads\\\/2025\\\/04\\\/Imby-veganiskas-sunu-maistas-.png\",\"width\":1080,\"height\":1080,\"caption\":\"Imby vegani\u0161kas \u0161un\u0173 sausas maistas 1\"},{\"@type\":\"BreadcrumbList\",\"@id\":\"https:\\\/\\\/likepets.lt\\\/product\\\/sausas-maistas-imby-veganams\\\/#breadcrumb\",\"itemListElement\":[{\"@type\":\"ListItem\",\"position\":1,\"name\":\"Home\",\"item\":\"https:\\\/\\\/likepets.lt\\\/lt_lt\\\/\"},{\"@type\":\"ListItem\",\"position\":2,\"name\":\"Parduotuv\u0117\",\"item\":\"https:\\\/\\\/likepets.lt\\\/parduotuve\\\/\"},{\"@type\":\"ListItem\",\"position\":3,\"name\":\"Imby Vegani\u0161kas \u0161un\u0173 maistas 1,5 kg.\"}]},{\"@type\":\"WebSite\",\"@id\":\"https:\\\/\\\/likepets.lt\\\/#website\",\"url\":\"https:\\\/\\\/likepets.lt\\\/\",\"name\":\"Likepets.lt\",\"description\":\"\",\"publisher\":{\"@id\":\"https:\\\/\\\/likepets.lt\\\/#\\\/schema\\\/person\\\/4ad7eed3b9dc7a176cfff59cfc71e86f\"},\"potentialAction\":[{\"@type\":\"SearchAction\",\"target\":{\"@type\":\"EntryPoint\",\"urlTemplate\":\"https:\\\/\\\/likepets.lt\\\/?s={search_term_string}\"},\"query-input\":{\"@type\":\"PropertyValueSpecification\",\"valueRequired\":true,\"valueName\":\"search_term_string\"}}],\"inLanguage\":\"lt-LT\"},{\"@type\":[\"Person\",\"Organization\"],\"@id\":\"https:\\\/\\\/likepets.lt\\\/#\\\/schema\\\/person\\\/4ad7eed3b9dc7a176cfff59cfc71e86f\",\"name\":\"Likepets.lt\",\"image\":{\"@type\":\"ImageObject\",\"inLanguage\":\"lt-LT\",\"@id\":\"https:\\\/\\\/likepets.lt\\\/wp-content\\\/litespeed\\\/avatar\\\/e807fa13845e19a6e6af46a4bc771b01.jpg?ver=1775897302\",\"url\":\"https:\\\/\\\/likepets.lt\\\/wp-content\\\/litespeed\\\/avatar\\\/e807fa13845e19a6e6af46a4bc771b01.jpg?ver=1775897302\",\"contentUrl\":\"https:\\\/\\\/likepets.lt\\\/wp-content\\\/litespeed\\\/avatar\\\/e807fa13845e19a6e6af46a4bc771b01.jpg?ver=1775897302\",\"caption\":\"Likepets.lt\"},\"logo\":{\"@id\":\"https:\\\/\\\/likepets.lt\\\/wp-content\\\/litespeed\\\/avatar\\\/e807fa13845e19a6e6af46a4bc771b01.jpg?ver=1775897302\"},\"sameAs\":[\"http:\\\/\\\/likepets.lt\",\"https:\\\/\\\/www.facebook.com\\\/profile.php?id=61569466134223\",\"https:\\\/\\\/www.instagram.com\\\/likepets77\\\/?fbclid=IwY2xjawMjUHtleHRuA2FlbQIxMQBicmlkETBlaEhxaVI0bUk1RHl3bmVMAR7IJeYf9r0OCeo9BwYJUD-yM6Osp6MrosWJGq_QweyNqX1BUWyhO1-sP82C2g_aem_xQbJ_D9oWWiUjsE-R3Dlrw\"]}]}<\/script>\n<!-- \/ Yoast SEO plugin. -->","yoast_head_json":{"title":"Imby Vegani\u0161kas \u0161un\u0173 maistas 1,5 kg. - likepets.lt","description":"Augalin\u0117s kilm\u0117s sausas \u0117dalas su baltymais, vitaminais ir mineralais. Tinka jautriems ir alergi\u0161kiems \u0161unims. Sveikas ir subalansuotas pasirinkimas!","robots":{"index":"index","follow":"follow","max-snippet":"max-snippet:-1","max-image-preview":"max-image-preview:large","max-video-preview":"max-video-preview:-1"},"canonical":"https:\/\/likepets.lt\/lt_lt\/product\/sausas-maistas-imby-veganams\/","og_locale":"lt_LT","og_type":"article","og_title":"Imby Vegani\u0161kas \u0161un\u0173 maistas 1,5 kg. - likepets.lt","og_description":"Augalin\u0117s kilm\u0117s sausas \u0117dalas su baltymais, vitaminais ir mineralais. Tinka jautriems ir alergi\u0161kiems \u0161unims. Sveikas ir subalansuotas pasirinkimas!","og_url":"https:\/\/likepets.lt\/lt_lt\/product\/sausas-maistas-imby-veganams\/","og_site_name":"likepets.lt","article_publisher":"https:\/\/www.facebook.com\/profile.php?id=61569466134223","article_modified_time":"2025-11-30T10:00:21+00:00","og_image":[{"width":1080,"height":1080,"url":"https:\/\/likepets.lt\/wp-content\/uploads\/2025\/04\/Imby-veganiskas-sunu-maistas-.png","type":"image\/png"}],"twitter_card":"summary_large_image","twitter_misc":{"Est. reading time":"1 minut\u0117"},"schema":{"@context":"https:\/\/schema.org","@graph":[{"@type":"WebPage","@id":"https:\/\/likepets.lt\/product\/sausas-maistas-imby-veganams\/","url":"https:\/\/likepets.lt\/product\/sausas-maistas-imby-veganams\/","name":"Imby Vegani\u0161kas \u0161un\u0173 maistas 1,5 kg. - likepets.lt","isPartOf":{"@id":"https:\/\/likepets.lt\/#website"},"primaryImageOfPage":{"@id":"https:\/\/likepets.lt\/product\/sausas-maistas-imby-veganams\/#primaryimage"},"image":{"@id":"https:\/\/likepets.lt\/product\/sausas-maistas-imby-veganams\/#primaryimage"},"thumbnailUrl":"https:\/\/likepets.lt\/wp-content\/uploads\/2025\/04\/Imby-veganiskas-sunu-maistas-.png","datePublished":"2024-10-02T16:15:25+00:00","dateModified":"2025-11-30T10:00:21+00:00","description":"Augalin\u0117s kilm\u0117s sausas \u0117dalas su baltymais, vitaminais ir mineralais. Tinka jautriems ir alergi\u0161kiems \u0161unims. Sveikas ir subalansuotas pasirinkimas!","breadcrumb":{"@id":"https:\/\/likepets.lt\/product\/sausas-maistas-imby-veganams\/#breadcrumb"},"inLanguage":"lt-LT","potentialAction":[{"@type":"ReadAction","target":["https:\/\/likepets.lt\/product\/sausas-maistas-imby-veganams\/"]}]},{"@type":"ImageObject","inLanguage":"lt-LT","@id":"https:\/\/likepets.lt\/product\/sausas-maistas-imby-veganams\/#primaryimage","url":"https:\/\/likepets.lt\/wp-content\/uploads\/2025\/04\/Imby-veganiskas-sunu-maistas-.png","contentUrl":"https:\/\/likepets.lt\/wp-content\/uploads\/2025\/04\/Imby-veganiskas-sunu-maistas-.png","width":1080,"height":1080,"caption":"Imby vegani\u0161kas \u0161un\u0173 sausas maistas 1"},{"@type":"BreadcrumbList","@id":"https:\/\/likepets.lt\/product\/sausas-maistas-imby-veganams\/#breadcrumb","itemListElement":[{"@type":"ListItem","position":1,"name":"Home","item":"https:\/\/likepets.lt\/lt_lt\/"},{"@type":"ListItem","position":2,"name":"Parduotuv\u0117","item":"https:\/\/likepets.lt\/parduotuve\/"},{"@type":"ListItem","position":3,"name":"Imby Vegani\u0161kas \u0161un\u0173 maistas 1,5 kg."}]},{"@type":"WebSite","@id":"https:\/\/likepets.lt\/#website","url":"https:\/\/likepets.lt\/","name":"Likepets.lt","description":"","publisher":{"@id":"https:\/\/likepets.lt\/#\/schema\/person\/4ad7eed3b9dc7a176cfff59cfc71e86f"},"potentialAction":[{"@type":"SearchAction","target":{"@type":"EntryPoint","urlTemplate":"https:\/\/likepets.lt\/?s={search_term_string}"},"query-input":{"@type":"PropertyValueSpecification","valueRequired":true,"valueName":"search_term_string"}}],"inLanguage":"lt-LT"},{"@type":["Person","Organization"],"@id":"https:\/\/likepets.lt\/#\/schema\/person\/4ad7eed3b9dc7a176cfff59cfc71e86f","name":"Likepets.lt","image":{"@type":"ImageObject","inLanguage":"lt-LT","@id":"https:\/\/likepets.lt\/wp-content\/litespeed\/avatar\/e807fa13845e19a6e6af46a4bc771b01.jpg?ver=1775897302","url":"https:\/\/likepets.lt\/wp-content\/litespeed\/avatar\/e807fa13845e19a6e6af46a4bc771b01.jpg?ver=1775897302","contentUrl":"https:\/\/likepets.lt\/wp-content\/litespeed\/avatar\/e807fa13845e19a6e6af46a4bc771b01.jpg?ver=1775897302","caption":"Likepets.lt"},"logo":{"@id":"https:\/\/likepets.lt\/wp-content\/litespeed\/avatar\/e807fa13845e19a6e6af46a4bc771b01.jpg?ver=1775897302"},"sameAs":["http:\/\/likepets.lt","https:\/\/www.facebook.com\/profile.php?id=61569466134223","https:\/\/www.instagram.com\/likepets77\/?fbclid=IwY2xjawMjUHtleHRuA2FlbQIxMQBicmlkETBlaEhxaVI0bUk1RHl3bmVMAR7IJeYf9r0OCeo9BwYJUD-yM6Osp6MrosWJGq_QweyNqX1BUWyhO1-sP82C2g_aem_xQbJ_D9oWWiUjsE-R3Dlrw"]}]}},"_links":{"self":[{"href":"https:\/\/likepets.lt\/lt_lt\/wp-json\/wp\/v2\/product\/2448","targetHints":{"allow":["GET"]}}],"collection":[{"href":"https:\/\/likepets.lt\/lt_lt\/wp-json\/wp\/v2\/product"}],"about":[{"href":"https:\/\/likepets.lt\/lt_lt\/wp-json\/wp\/v2\/types\/product"}],"replies":[{"embeddable":true,"href":"https:\/\/likepets.lt\/lt_lt\/wp-json\/wp\/v2\/comments?post=2448"}],"version-history":[{"count":3,"href":"https:\/\/likepets.lt\/lt_lt\/wp-json\/wp\/v2\/product\/2448\/revisions"}],"predecessor-version":[{"id":63176,"href":"https:\/\/likepets.lt\/lt_lt\/wp-json\/wp\/v2\/product\/2448\/revisions\/63176"}],"wp:featuredmedia":[{"embeddable":true,"href":"https:\/\/likepets.lt\/lt_lt\/wp-json\/wp\/v2\/media\/2449"}],"wp:attachment":[{"href":"https:\/\/likepets.lt\/lt_lt\/wp-json\/wp\/v2\/media?parent=2448"}],"wp:term":[{"taxonomy":"product_brand","embeddable":true,"href":"https:\/\/likepets.lt\/lt_lt\/wp-json\/wp\/v2\/product_brand?post=2448"},{"taxonomy":"product_cat","embeddable":true,"href":"https:\/\/likepets.lt\/lt_lt\/wp-json\/wp\/v2\/product_cat?post=2448"},{"taxonomy":"product_tag","embeddable":true,"href":"https:\/\/likepets.lt\/lt_lt\/wp-json\/wp\/v2\/product_tag?post=2448"}],"curies":[{"name":"wp","href":"https:\/\/api.w.org\/{rel}","templated":true}]}}