{"id":2456,"date":"2024-10-03T09:47:59","date_gmt":"2024-10-03T09:47:59","guid":{"rendered":"https:\/\/likepets.lt\/?post_type=product&#038;p=2456"},"modified":"2026-03-08T20:42:55","modified_gmt":"2026-03-08T18:42:55","slug":"skanukai-imby-dantims","status":"publish","type":"product","link":"https:\/\/likepets.lt\/lt_lt\/product\/skanukai-imby-dantims\/","title":{"rendered":"Imby &#8220;Dental Sticks&#8221; skanukai  dantims -100 g."},"content":{"rendered":"<h2 class=\"\" data-start=\"149\" data-end=\"220\">Imby skanukai \u0161un\u0173 dantims \u2013 nat\u016brali burnos higiena kiekvien\u0105 dien\u0105<\/h2>\n<h3 class=\"\" data-start=\"222\" data-end=\"282\">Nat\u016brali apsauga sveikiems dantims ir gaiviam kv\u0117pavimui<\/h3>\n<p class=\"\" data-start=\"284\" data-end=\"506\"><strong data-start=\"284\" data-end=\"314\">Imby skanukai \u0161un\u0173 dantims<\/strong> \u2013 tai skan\u016bs ir sveiki u\u017ekand\u017eiai, skirti palaikyti j\u016bs\u0173 \u0161uns burnos higien\u0105. Jie padeda valyti dant\u0173 apna\u0161as, gaivina kv\u0117pavim\u0105 ir stiprina dantenas nat\u016braliai, be gr\u016bd\u0173 ir dirbtini\u0173 pried\u0173.<\/p>\n<hr class=\"\" data-start=\"508\" data-end=\"511\" \/>\n<h3 class=\"\" data-start=\"513\" data-end=\"537\">Pagrindin\u0117s savyb\u0117s:<\/h3>\n<ul data-start=\"539\" data-end=\"793\">\n<li class=\"\" data-start=\"539\" data-end=\"579\">\n<p class=\"\" data-start=\"541\" data-end=\"579\">Pagaminti i\u0161 <strong data-start=\"554\" data-end=\"579\">nat\u016brali\u0173 ingredient\u0173<\/strong><\/p>\n<\/li>\n<li class=\"\" data-start=\"580\" data-end=\"641\">\n<p class=\"\" data-start=\"582\" data-end=\"641\">Skirti <strong data-start=\"589\" data-end=\"615\">dant\u0173 apna\u0161\u0173 ma\u017einimui<\/strong> ir <strong data-start=\"619\" data-end=\"641\">gaiviam kv\u0117pavimui<\/strong><\/p>\n<\/li>\n<li class=\"\" data-start=\"642\" data-end=\"696\">\n<p class=\"\" data-start=\"644\" data-end=\"696\">Be gr\u016bd\u0173, be dirbtini\u0173 da\u017eikli\u0173 ir skonio stiprikli\u0173<\/p>\n<\/li>\n<li class=\"\" data-start=\"697\" data-end=\"734\">\n<p class=\"\" data-start=\"699\" data-end=\"734\">Tinka vis\u0173 dyd\u017ei\u0173 ir veisli\u0173 \u0161unims<\/p>\n<\/li>\n<li class=\"\" data-start=\"735\" data-end=\"793\">\n<p class=\"\" data-start=\"737\" data-end=\"793\">Puikus kasdienis b\u016bdas palaikyti <strong data-start=\"770\" data-end=\"793\">\u0161un\u0173 burnos higien\u0105<\/strong><\/p>\n<\/li>\n<\/ul>\n<hr class=\"\" data-start=\"795\" data-end=\"798\" \/>\n<h3 class=\"\" data-start=\"800\" data-end=\"846\">Kod\u0117l verta rinktis Imby skanukus dantims?<\/h3>\n<p class=\"\" data-start=\"848\" data-end=\"1090\"><strong data-start=\"848\" data-end=\"876\">Imby \u0161un\u0173 dant\u0173 skanukai<\/strong> padeda nat\u016braliai palaikyti \u0161var\u0105 burnoje, ma\u017eina dant\u0173 akmen\u0173 susidarym\u0105 ir u\u017etikrina malon\u0173 kv\u0117pavim\u0105. Tinkami naudoti kaip kasdien\u0117 u\u017ekand\u017ei\u0173 dalis, jie ne tik gard\u016bs, bet ir naudingi j\u016bs\u0173 augintinio sveikatai.<\/p>\n<hr class=\"\" data-start=\"1092\" data-end=\"1095\" \/>\n<h3 class=\"\" data-start=\"1097\" data-end=\"1111\">Naudojimas<\/h3>\n<p class=\"\" data-start=\"1113\" data-end=\"1268\">Duoti kasdien kaip skan\u0117st\u0105 arba kaip papildom\u0105 priemon\u0119 dant\u0173 sveikatai palaikyti. Rekomenduojama pasirinkti skanuk\u0173 dyd\u012f pagal \u0161uns svor\u012f ir dant\u0173 b\u016bkl\u0119.<\/p>\n<hr class=\"\" data-start=\"1270\" data-end=\"1273\" \/>\n<h3 class=\"\" data-start=\"1275\" data-end=\"1357\"><\/h3>\n","protected":false},"excerpt":{"rendered":"<table width=\"247\">\n<tbody>\n<tr>\n<td width=\"247\">\u00c5\u00a0ios \u00c5\u00a1un\u00c5\u00b3 dant\u00c5\u00b3 lazdel\u00c4\u0097s yra 100% augalin\u00c4\u0097s kilm\u00c4\u0097s, jose yra m\u00c4\u0097t\u00c5\u00b3 ir petra\u00c5\u00beoli\u00c5\u00b3, kad dantys b\u00c5\u00abt\u00c5\u00b3 stipr\u00c5\u00abs ir gaivus kvapas. M\u00c5\u00abs\u00c5\u00b3 dant\u00c5\u00b3 lazdel\u00c4\u0097s yra hipoalergin\u00c4\u0097s, tod\u00c4\u0097l saugios alergi\u00c5\u00a1kiems \u00c5\u00a1unims.<\/td>\n<\/tr>\n<\/tbody>\n<\/table>\n","protected":false},"featured_media":2457,"comment_status":"open","ping_status":"closed","template":"","meta":[],"product_brand":[152],"product_cat":[171],"product_tag":[],"class_list":{"0":"post-2456","1":"product","2":"type-product","3":"status-publish","4":"has-post-thumbnail","6":"product_brand-imby","7":"product_cat-sunims-skanukai","10":"first","11":"instock","12":"downloadable","13":"taxable","14":"shipping-taxable","15":"purchasable","16":"product-type-simple"},"yoast_head":"<!-- This site is optimized with the Yoast SEO plugin v27.4 - https:\/\/yoast.com\/product\/yoast-seo-wordpress\/ -->\n<title>Imby &quot;Dental Sticks&quot; skanukai dantims -100 g. - likepets.lt<\/title>\n<meta name=\"description\" content=\"Imby skanukai \u0161un\u0173 dantims \u2013 nat\u016bral\u016bs skan\u0117stai dant\u0173 sveikatai ir gaiviam kv\u0117pavimui palaikyti. Be gr\u016bd\u0173, skirti \u0161un\u0173 burnos higienai ir danten\u0173 apsaugai.\" \/>\n<meta name=\"robots\" content=\"index, follow, max-snippet:-1, max-image-preview:large, max-video-preview:-1\" \/>\n<link rel=\"canonical\" href=\"https:\/\/likepets.lt\/lt_lt\/product\/skanukai-imby-dantims\/\" \/>\n<meta property=\"og:locale\" content=\"lt_LT\" \/>\n<meta property=\"og:type\" content=\"article\" \/>\n<meta property=\"og:title\" content=\"Imby &quot;Dental Sticks&quot; skanukai dantims -100 g. - likepets.lt\" \/>\n<meta property=\"og:description\" content=\"Imby skanukai \u0161un\u0173 dantims \u2013 nat\u016bral\u016bs skan\u0117stai dant\u0173 sveikatai ir gaiviam kv\u0117pavimui palaikyti. Be gr\u016bd\u0173, skirti \u0161un\u0173 burnos higienai ir danten\u0173 apsaugai.\" \/>\n<meta property=\"og:url\" content=\"https:\/\/likepets.lt\/lt_lt\/product\/skanukai-imby-dantims\/\" \/>\n<meta property=\"og:site_name\" content=\"likepets.lt\" \/>\n<meta property=\"article:publisher\" content=\"https:\/\/www.facebook.com\/profile.php?id=61569466134223\" \/>\n<meta property=\"article:modified_time\" content=\"2026-03-08T18:42:55+00:00\" \/>\n<meta property=\"og:image\" content=\"https:\/\/likepets.lt\/wp-content\/uploads\/2025\/04\/Imby-zydras-1.jpg\" \/>\n\t<meta property=\"og:image:width\" content=\"540\" \/>\n\t<meta property=\"og:image:height\" content=\"540\" \/>\n\t<meta property=\"og:image:type\" content=\"image\/jpeg\" \/>\n<meta name=\"twitter:card\" content=\"summary_large_image\" \/>\n<meta name=\"twitter:label1\" content=\"Est. reading time\" \/>\n\t<meta name=\"twitter:data1\" content=\"1 minut\u0117\" \/>\n<script type=\"application\/ld+json\" class=\"yoast-schema-graph\">{\"@context\":\"https:\\\/\\\/schema.org\",\"@graph\":[{\"@type\":\"WebPage\",\"@id\":\"https:\\\/\\\/likepets.lt\\\/product\\\/skanukai-imby-dantims\\\/\",\"url\":\"https:\\\/\\\/likepets.lt\\\/product\\\/skanukai-imby-dantims\\\/\",\"name\":\"Imby \\\"Dental Sticks\\\" skanukai dantims -100 g. - likepets.lt\",\"isPartOf\":{\"@id\":\"https:\\\/\\\/likepets.lt\\\/#website\"},\"primaryImageOfPage\":{\"@id\":\"https:\\\/\\\/likepets.lt\\\/product\\\/skanukai-imby-dantims\\\/#primaryimage\"},\"image\":{\"@id\":\"https:\\\/\\\/likepets.lt\\\/product\\\/skanukai-imby-dantims\\\/#primaryimage\"},\"thumbnailUrl\":\"https:\\\/\\\/likepets.lt\\\/wp-content\\\/uploads\\\/2025\\\/04\\\/Imby-zydras-1.jpg\",\"datePublished\":\"2024-10-03T09:47:59+00:00\",\"dateModified\":\"2026-03-08T18:42:55+00:00\",\"description\":\"Imby skanukai \u0161un\u0173 dantims \u2013 nat\u016bral\u016bs skan\u0117stai dant\u0173 sveikatai ir gaiviam kv\u0117pavimui palaikyti. Be gr\u016bd\u0173, skirti \u0161un\u0173 burnos higienai ir danten\u0173 apsaugai.\",\"breadcrumb\":{\"@id\":\"https:\\\/\\\/likepets.lt\\\/product\\\/skanukai-imby-dantims\\\/#breadcrumb\"},\"inLanguage\":\"lt-LT\",\"potentialAction\":[{\"@type\":\"ReadAction\",\"target\":[\"https:\\\/\\\/likepets.lt\\\/product\\\/skanukai-imby-dantims\\\/\"]}]},{\"@type\":\"ImageObject\",\"inLanguage\":\"lt-LT\",\"@id\":\"https:\\\/\\\/likepets.lt\\\/product\\\/skanukai-imby-dantims\\\/#primaryimage\",\"url\":\"https:\\\/\\\/likepets.lt\\\/wp-content\\\/uploads\\\/2025\\\/04\\\/Imby-zydras-1.jpg\",\"contentUrl\":\"https:\\\/\\\/likepets.lt\\\/wp-content\\\/uploads\\\/2025\\\/04\\\/Imby-zydras-1.jpg\",\"width\":540,\"height\":540,\"caption\":\"Imby skanukai dantims\"},{\"@type\":\"BreadcrumbList\",\"@id\":\"https:\\\/\\\/likepets.lt\\\/product\\\/skanukai-imby-dantims\\\/#breadcrumb\",\"itemListElement\":[{\"@type\":\"ListItem\",\"position\":1,\"name\":\"Home\",\"item\":\"https:\\\/\\\/likepets.lt\\\/lt_lt\\\/\"},{\"@type\":\"ListItem\",\"position\":2,\"name\":\"Parduotuv\u0117\",\"item\":\"https:\\\/\\\/likepets.lt\\\/parduotuve\\\/\"},{\"@type\":\"ListItem\",\"position\":3,\"name\":\"Imby &#8220;Dental Sticks&#8221; skanukai dantims -100 g.\"}]},{\"@type\":\"WebSite\",\"@id\":\"https:\\\/\\\/likepets.lt\\\/#website\",\"url\":\"https:\\\/\\\/likepets.lt\\\/\",\"name\":\"Likepets.lt\",\"description\":\"\",\"publisher\":{\"@id\":\"https:\\\/\\\/likepets.lt\\\/#\\\/schema\\\/person\\\/4ad7eed3b9dc7a176cfff59cfc71e86f\"},\"potentialAction\":[{\"@type\":\"SearchAction\",\"target\":{\"@type\":\"EntryPoint\",\"urlTemplate\":\"https:\\\/\\\/likepets.lt\\\/?s={search_term_string}\"},\"query-input\":{\"@type\":\"PropertyValueSpecification\",\"valueRequired\":true,\"valueName\":\"search_term_string\"}}],\"inLanguage\":\"lt-LT\"},{\"@type\":[\"Person\",\"Organization\"],\"@id\":\"https:\\\/\\\/likepets.lt\\\/#\\\/schema\\\/person\\\/4ad7eed3b9dc7a176cfff59cfc71e86f\",\"name\":\"Likepets.lt\",\"image\":{\"@type\":\"ImageObject\",\"inLanguage\":\"lt-LT\",\"@id\":\"https:\\\/\\\/likepets.lt\\\/wp-content\\\/litespeed\\\/avatar\\\/e807fa13845e19a6e6af46a4bc771b01.jpg?ver=1775897302\",\"url\":\"https:\\\/\\\/likepets.lt\\\/wp-content\\\/litespeed\\\/avatar\\\/e807fa13845e19a6e6af46a4bc771b01.jpg?ver=1775897302\",\"contentUrl\":\"https:\\\/\\\/likepets.lt\\\/wp-content\\\/litespeed\\\/avatar\\\/e807fa13845e19a6e6af46a4bc771b01.jpg?ver=1775897302\",\"caption\":\"Likepets.lt\"},\"logo\":{\"@id\":\"https:\\\/\\\/likepets.lt\\\/wp-content\\\/litespeed\\\/avatar\\\/e807fa13845e19a6e6af46a4bc771b01.jpg?ver=1775897302\"},\"sameAs\":[\"http:\\\/\\\/likepets.lt\",\"https:\\\/\\\/www.facebook.com\\\/profile.php?id=61569466134223\",\"https:\\\/\\\/www.instagram.com\\\/likepets77\\\/?fbclid=IwY2xjawMjUHtleHRuA2FlbQIxMQBicmlkETBlaEhxaVI0bUk1RHl3bmVMAR7IJeYf9r0OCeo9BwYJUD-yM6Osp6MrosWJGq_QweyNqX1BUWyhO1-sP82C2g_aem_xQbJ_D9oWWiUjsE-R3Dlrw\"]}]}<\/script>\n<!-- \/ Yoast SEO plugin. -->","yoast_head_json":{"title":"Imby \"Dental Sticks\" skanukai dantims -100 g. - likepets.lt","description":"Imby skanukai \u0161un\u0173 dantims \u2013 nat\u016bral\u016bs skan\u0117stai dant\u0173 sveikatai ir gaiviam kv\u0117pavimui palaikyti. Be gr\u016bd\u0173, skirti \u0161un\u0173 burnos higienai ir danten\u0173 apsaugai.","robots":{"index":"index","follow":"follow","max-snippet":"max-snippet:-1","max-image-preview":"max-image-preview:large","max-video-preview":"max-video-preview:-1"},"canonical":"https:\/\/likepets.lt\/lt_lt\/product\/skanukai-imby-dantims\/","og_locale":"lt_LT","og_type":"article","og_title":"Imby \"Dental Sticks\" skanukai dantims -100 g. - likepets.lt","og_description":"Imby skanukai \u0161un\u0173 dantims \u2013 nat\u016bral\u016bs skan\u0117stai dant\u0173 sveikatai ir gaiviam kv\u0117pavimui palaikyti. Be gr\u016bd\u0173, skirti \u0161un\u0173 burnos higienai ir danten\u0173 apsaugai.","og_url":"https:\/\/likepets.lt\/lt_lt\/product\/skanukai-imby-dantims\/","og_site_name":"likepets.lt","article_publisher":"https:\/\/www.facebook.com\/profile.php?id=61569466134223","article_modified_time":"2026-03-08T18:42:55+00:00","og_image":[{"width":540,"height":540,"url":"https:\/\/likepets.lt\/wp-content\/uploads\/2025\/04\/Imby-zydras-1.jpg","type":"image\/jpeg"}],"twitter_card":"summary_large_image","twitter_misc":{"Est. reading time":"1 minut\u0117"},"schema":{"@context":"https:\/\/schema.org","@graph":[{"@type":"WebPage","@id":"https:\/\/likepets.lt\/product\/skanukai-imby-dantims\/","url":"https:\/\/likepets.lt\/product\/skanukai-imby-dantims\/","name":"Imby \"Dental Sticks\" skanukai dantims -100 g. - likepets.lt","isPartOf":{"@id":"https:\/\/likepets.lt\/#website"},"primaryImageOfPage":{"@id":"https:\/\/likepets.lt\/product\/skanukai-imby-dantims\/#primaryimage"},"image":{"@id":"https:\/\/likepets.lt\/product\/skanukai-imby-dantims\/#primaryimage"},"thumbnailUrl":"https:\/\/likepets.lt\/wp-content\/uploads\/2025\/04\/Imby-zydras-1.jpg","datePublished":"2024-10-03T09:47:59+00:00","dateModified":"2026-03-08T18:42:55+00:00","description":"Imby skanukai \u0161un\u0173 dantims \u2013 nat\u016bral\u016bs skan\u0117stai dant\u0173 sveikatai ir gaiviam kv\u0117pavimui palaikyti. Be gr\u016bd\u0173, skirti \u0161un\u0173 burnos higienai ir danten\u0173 apsaugai.","breadcrumb":{"@id":"https:\/\/likepets.lt\/product\/skanukai-imby-dantims\/#breadcrumb"},"inLanguage":"lt-LT","potentialAction":[{"@type":"ReadAction","target":["https:\/\/likepets.lt\/product\/skanukai-imby-dantims\/"]}]},{"@type":"ImageObject","inLanguage":"lt-LT","@id":"https:\/\/likepets.lt\/product\/skanukai-imby-dantims\/#primaryimage","url":"https:\/\/likepets.lt\/wp-content\/uploads\/2025\/04\/Imby-zydras-1.jpg","contentUrl":"https:\/\/likepets.lt\/wp-content\/uploads\/2025\/04\/Imby-zydras-1.jpg","width":540,"height":540,"caption":"Imby skanukai dantims"},{"@type":"BreadcrumbList","@id":"https:\/\/likepets.lt\/product\/skanukai-imby-dantims\/#breadcrumb","itemListElement":[{"@type":"ListItem","position":1,"name":"Home","item":"https:\/\/likepets.lt\/lt_lt\/"},{"@type":"ListItem","position":2,"name":"Parduotuv\u0117","item":"https:\/\/likepets.lt\/parduotuve\/"},{"@type":"ListItem","position":3,"name":"Imby &#8220;Dental Sticks&#8221; skanukai dantims -100 g."}]},{"@type":"WebSite","@id":"https:\/\/likepets.lt\/#website","url":"https:\/\/likepets.lt\/","name":"Likepets.lt","description":"","publisher":{"@id":"https:\/\/likepets.lt\/#\/schema\/person\/4ad7eed3b9dc7a176cfff59cfc71e86f"},"potentialAction":[{"@type":"SearchAction","target":{"@type":"EntryPoint","urlTemplate":"https:\/\/likepets.lt\/?s={search_term_string}"},"query-input":{"@type":"PropertyValueSpecification","valueRequired":true,"valueName":"search_term_string"}}],"inLanguage":"lt-LT"},{"@type":["Person","Organization"],"@id":"https:\/\/likepets.lt\/#\/schema\/person\/4ad7eed3b9dc7a176cfff59cfc71e86f","name":"Likepets.lt","image":{"@type":"ImageObject","inLanguage":"lt-LT","@id":"https:\/\/likepets.lt\/wp-content\/litespeed\/avatar\/e807fa13845e19a6e6af46a4bc771b01.jpg?ver=1775897302","url":"https:\/\/likepets.lt\/wp-content\/litespeed\/avatar\/e807fa13845e19a6e6af46a4bc771b01.jpg?ver=1775897302","contentUrl":"https:\/\/likepets.lt\/wp-content\/litespeed\/avatar\/e807fa13845e19a6e6af46a4bc771b01.jpg?ver=1775897302","caption":"Likepets.lt"},"logo":{"@id":"https:\/\/likepets.lt\/wp-content\/litespeed\/avatar\/e807fa13845e19a6e6af46a4bc771b01.jpg?ver=1775897302"},"sameAs":["http:\/\/likepets.lt","https:\/\/www.facebook.com\/profile.php?id=61569466134223","https:\/\/www.instagram.com\/likepets77\/?fbclid=IwY2xjawMjUHtleHRuA2FlbQIxMQBicmlkETBlaEhxaVI0bUk1RHl3bmVMAR7IJeYf9r0OCeo9BwYJUD-yM6Osp6MrosWJGq_QweyNqX1BUWyhO1-sP82C2g_aem_xQbJ_D9oWWiUjsE-R3Dlrw"]}]}},"_links":{"self":[{"href":"https:\/\/likepets.lt\/lt_lt\/wp-json\/wp\/v2\/product\/2456","targetHints":{"allow":["GET"]}}],"collection":[{"href":"https:\/\/likepets.lt\/lt_lt\/wp-json\/wp\/v2\/product"}],"about":[{"href":"https:\/\/likepets.lt\/lt_lt\/wp-json\/wp\/v2\/types\/product"}],"replies":[{"embeddable":true,"href":"https:\/\/likepets.lt\/lt_lt\/wp-json\/wp\/v2\/comments?post=2456"}],"version-history":[{"count":4,"href":"https:\/\/likepets.lt\/lt_lt\/wp-json\/wp\/v2\/product\/2456\/revisions"}],"predecessor-version":[{"id":63174,"href":"https:\/\/likepets.lt\/lt_lt\/wp-json\/wp\/v2\/product\/2456\/revisions\/63174"}],"wp:featuredmedia":[{"embeddable":true,"href":"https:\/\/likepets.lt\/lt_lt\/wp-json\/wp\/v2\/media\/2457"}],"wp:attachment":[{"href":"https:\/\/likepets.lt\/lt_lt\/wp-json\/wp\/v2\/media?parent=2456"}],"wp:term":[{"taxonomy":"product_brand","embeddable":true,"href":"https:\/\/likepets.lt\/lt_lt\/wp-json\/wp\/v2\/product_brand?post=2456"},{"taxonomy":"product_cat","embeddable":true,"href":"https:\/\/likepets.lt\/lt_lt\/wp-json\/wp\/v2\/product_cat?post=2456"},{"taxonomy":"product_tag","embeddable":true,"href":"https:\/\/likepets.lt\/lt_lt\/wp-json\/wp\/v2\/product_tag?post=2456"}],"curies":[{"name":"wp","href":"https:\/\/api.w.org\/{rel}","templated":true}]}}