{"id":2466,"date":"2024-10-03T10:12:44","date_gmt":"2024-10-03T10:12:44","guid":{"rendered":"https:\/\/likepets.lt\/?post_type=product&#038;p=2466"},"modified":"2025-11-30T11:59:10","modified_gmt":"2025-11-30T09:59:10","slug":"raminantis-papildas-imby","status":"publish","type":"product","link":"https:\/\/likepets.lt\/lt_lt\/product\/raminantis-papildas-imby\/","title":{"rendered":"Imby &#8220;Calming&#8221; raminantis papildas \u0161unims -90 vnt."},"content":{"rendered":"<p>Imby Pet Food yra Belgijos \u012fmon\u0117 u\u017esiimanti namini\u0173 gyv\u016bn\u0117li\u0173\u00a0 \u0117dalo gaminimu . \u012emon\u0117, gamina maist\u0105, skan\u0117stus ir papildus \u0161unims. Savo gamyboje\u00a0 naudoja vabzd\u017ei\u0173 baltymus ir augalin\u0117s kilm\u0117s ingredientus, kad savo keturkojus maitint\u0173 sveikus, planetai draugi\u0161kus ir hipoalergi\u0161kus patiekalus. Imby Pet Food tvirtai \u012fsipareigojusi savo augintiniams parinkti geriausios kokyb\u0117s ingredientus ir tiekti pa\u017eangiausi\u0105 \u0161un\u0173\u00a0 maist\u0105. Naujausias\u00a0 gamyboje yra atsirad\u0119s produktas \u2013 tai\u00a0 \u0161un\u0173 papildai, kurie yra 100% augalin\u0117s kilm\u0117s ir kuri\u0173 sud\u0117tyje yra didel\u0117s doz\u0117s veikli\u0173j\u0173 med\u017eiag\u0173, kad b\u016bt\u0173 veiksmingas poveikis \u0161un\u0173 sveikatai.<\/p>\n","protected":false},"excerpt":{"rendered":"<table style=\"height: 115px;\" width=\"736\">\n<tbody>\n<tr>\n<td width=\"247\"><strong data-start=\"0\" data-end=\"45\" data-is-only-node=\"\">Imby raminantis papildas \u0161unims (90 tab.)<\/strong> \u2013 nat\u016bral\u016bs ingredientai, tokie kaip\u00a0 L-triptofano, melisos, pasifloros g\u0117l\u0117s, ashwagandha ir magnio, kurie pad\u0117s suma\u017einti stres\u0105, nerim\u0105 ir hiperaktyvum\u0105. Puikiai tinka jautriems, stres\u0105 patiriantiems ar triuk\u0161mui jautriems \u0161unims. Tinka vis\u0173 veisli\u0173 augintiniams.<\/p>\n<p>&nbsp;<\/td>\n<\/tr>\n<\/tbody>\n<\/table>\n","protected":false},"featured_media":2467,"comment_status":"open","ping_status":"closed","template":"","meta":[],"product_brand":[152],"product_cat":[90],"product_tag":[],"class_list":{"0":"post-2466","1":"product","2":"type-product","3":"status-publish","4":"has-post-thumbnail","6":"product_brand-imby","7":"product_cat-papildai","10":"first","11":"instock","12":"taxable","13":"shipping-taxable","14":"purchasable","15":"product-type-simple"},"yoast_head":"<!-- This site is optimized with the Yoast SEO plugin v27.4 - https:\/\/yoast.com\/product\/yoast-seo-wordpress\/ -->\n<title>Imby &quot;Calming&quot; raminantis papildas \u0161unims -90 vnt. - likepets.lt<\/title>\n<meta name=\"description\" content=\"Imby raminantis papildas \u0161unims \u2013 efektyvus streso, nerimo ir hiperaktyvumui ma\u017einiti. Pagamintas tik i\u0161 nat\u016brali\u0173 produkt\u0173, lengvai kramtomos.\" \/>\n<meta name=\"robots\" content=\"index, follow, max-snippet:-1, max-image-preview:large, max-video-preview:-1\" \/>\n<link rel=\"canonical\" href=\"https:\/\/likepets.lt\/lt_lt\/product\/raminantis-papildas-imby\/\" \/>\n<meta property=\"og:locale\" content=\"lt_LT\" \/>\n<meta property=\"og:type\" content=\"article\" \/>\n<meta property=\"og:title\" content=\"Imby &quot;Calming&quot; raminantis papildas \u0161unims -90 vnt. - likepets.lt\" \/>\n<meta property=\"og:description\" content=\"Imby raminantis papildas \u0161unims \u2013 efektyvus streso, nerimo ir hiperaktyvumui ma\u017einiti. Pagamintas tik i\u0161 nat\u016brali\u0173 produkt\u0173, lengvai kramtomos.\" \/>\n<meta property=\"og:url\" content=\"https:\/\/likepets.lt\/lt_lt\/product\/raminantis-papildas-imby\/\" \/>\n<meta property=\"og:site_name\" content=\"likepets.lt\" \/>\n<meta property=\"article:publisher\" content=\"https:\/\/www.facebook.com\/profile.php?id=61569466134223\" \/>\n<meta property=\"article:modified_time\" content=\"2025-11-30T09:59:10+00:00\" \/>\n<meta property=\"og:image\" content=\"https:\/\/likepets.lt\/wp-content\/uploads\/2025\/04\/Imby-raminantys-papildai-sunims-90-tab.png\" \/>\n\t<meta property=\"og:image:width\" content=\"1080\" \/>\n\t<meta property=\"og:image:height\" content=\"1080\" \/>\n\t<meta property=\"og:image:type\" content=\"image\/png\" \/>\n<meta name=\"twitter:card\" content=\"summary_large_image\" \/>\n<meta name=\"twitter:label1\" content=\"Est. reading time\" \/>\n\t<meta name=\"twitter:data1\" content=\"1 minut\u0117\" \/>\n<script type=\"application\/ld+json\" class=\"yoast-schema-graph\">{\"@context\":\"https:\\\/\\\/schema.org\",\"@graph\":[{\"@type\":\"WebPage\",\"@id\":\"https:\\\/\\\/likepets.lt\\\/product\\\/raminantis-papildas-imby\\\/\",\"url\":\"https:\\\/\\\/likepets.lt\\\/product\\\/raminantis-papildas-imby\\\/\",\"name\":\"Imby \\\"Calming\\\" raminantis papildas \u0161unims -90 vnt. - likepets.lt\",\"isPartOf\":{\"@id\":\"https:\\\/\\\/likepets.lt\\\/#website\"},\"primaryImageOfPage\":{\"@id\":\"https:\\\/\\\/likepets.lt\\\/product\\\/raminantis-papildas-imby\\\/#primaryimage\"},\"image\":{\"@id\":\"https:\\\/\\\/likepets.lt\\\/product\\\/raminantis-papildas-imby\\\/#primaryimage\"},\"thumbnailUrl\":\"https:\\\/\\\/likepets.lt\\\/wp-content\\\/uploads\\\/2025\\\/04\\\/Imby-raminantys-papildai-sunims-90-tab.png\",\"datePublished\":\"2024-10-03T10:12:44+00:00\",\"dateModified\":\"2025-11-30T09:59:10+00:00\",\"description\":\"Imby raminantis papildas \u0161unims \u2013 efektyvus streso, nerimo ir hiperaktyvumui ma\u017einiti. Pagamintas tik i\u0161 nat\u016brali\u0173 produkt\u0173, lengvai kramtomos.\",\"breadcrumb\":{\"@id\":\"https:\\\/\\\/likepets.lt\\\/product\\\/raminantis-papildas-imby\\\/#breadcrumb\"},\"inLanguage\":\"lt-LT\",\"potentialAction\":[{\"@type\":\"ReadAction\",\"target\":[\"https:\\\/\\\/likepets.lt\\\/product\\\/raminantis-papildas-imby\\\/\"]}]},{\"@type\":\"ImageObject\",\"inLanguage\":\"lt-LT\",\"@id\":\"https:\\\/\\\/likepets.lt\\\/product\\\/raminantis-papildas-imby\\\/#primaryimage\",\"url\":\"https:\\\/\\\/likepets.lt\\\/wp-content\\\/uploads\\\/2025\\\/04\\\/Imby-raminantys-papildai-sunims-90-tab.png\",\"contentUrl\":\"https:\\\/\\\/likepets.lt\\\/wp-content\\\/uploads\\\/2025\\\/04\\\/Imby-raminantys-papildai-sunims-90-tab.png\",\"width\":1080,\"height\":1080,\"caption\":\"Imby raminantis papildas jautriems \u0161unims 90 tab.\"},{\"@type\":\"BreadcrumbList\",\"@id\":\"https:\\\/\\\/likepets.lt\\\/product\\\/raminantis-papildas-imby\\\/#breadcrumb\",\"itemListElement\":[{\"@type\":\"ListItem\",\"position\":1,\"name\":\"Home\",\"item\":\"https:\\\/\\\/likepets.lt\\\/lt_lt\\\/\"},{\"@type\":\"ListItem\",\"position\":2,\"name\":\"Parduotuv\u0117\",\"item\":\"https:\\\/\\\/likepets.lt\\\/parduotuve\\\/\"},{\"@type\":\"ListItem\",\"position\":3,\"name\":\"Imby &#8220;Calming&#8221; raminantis papildas \u0161unims -90 vnt.\"}]},{\"@type\":\"WebSite\",\"@id\":\"https:\\\/\\\/likepets.lt\\\/#website\",\"url\":\"https:\\\/\\\/likepets.lt\\\/\",\"name\":\"Likepets.lt\",\"description\":\"\",\"publisher\":{\"@id\":\"https:\\\/\\\/likepets.lt\\\/#\\\/schema\\\/person\\\/4ad7eed3b9dc7a176cfff59cfc71e86f\"},\"potentialAction\":[{\"@type\":\"SearchAction\",\"target\":{\"@type\":\"EntryPoint\",\"urlTemplate\":\"https:\\\/\\\/likepets.lt\\\/?s={search_term_string}\"},\"query-input\":{\"@type\":\"PropertyValueSpecification\",\"valueRequired\":true,\"valueName\":\"search_term_string\"}}],\"inLanguage\":\"lt-LT\"},{\"@type\":[\"Person\",\"Organization\"],\"@id\":\"https:\\\/\\\/likepets.lt\\\/#\\\/schema\\\/person\\\/4ad7eed3b9dc7a176cfff59cfc71e86f\",\"name\":\"Likepets.lt\",\"image\":{\"@type\":\"ImageObject\",\"inLanguage\":\"lt-LT\",\"@id\":\"https:\\\/\\\/likepets.lt\\\/wp-content\\\/litespeed\\\/avatar\\\/e807fa13845e19a6e6af46a4bc771b01.jpg?ver=1775897302\",\"url\":\"https:\\\/\\\/likepets.lt\\\/wp-content\\\/litespeed\\\/avatar\\\/e807fa13845e19a6e6af46a4bc771b01.jpg?ver=1775897302\",\"contentUrl\":\"https:\\\/\\\/likepets.lt\\\/wp-content\\\/litespeed\\\/avatar\\\/e807fa13845e19a6e6af46a4bc771b01.jpg?ver=1775897302\",\"caption\":\"Likepets.lt\"},\"logo\":{\"@id\":\"https:\\\/\\\/likepets.lt\\\/wp-content\\\/litespeed\\\/avatar\\\/e807fa13845e19a6e6af46a4bc771b01.jpg?ver=1775897302\"},\"sameAs\":[\"http:\\\/\\\/likepets.lt\",\"https:\\\/\\\/www.facebook.com\\\/profile.php?id=61569466134223\",\"https:\\\/\\\/www.instagram.com\\\/likepets77\\\/?fbclid=IwY2xjawMjUHtleHRuA2FlbQIxMQBicmlkETBlaEhxaVI0bUk1RHl3bmVMAR7IJeYf9r0OCeo9BwYJUD-yM6Osp6MrosWJGq_QweyNqX1BUWyhO1-sP82C2g_aem_xQbJ_D9oWWiUjsE-R3Dlrw\"]}]}<\/script>\n<!-- \/ Yoast SEO plugin. -->","yoast_head_json":{"title":"Imby \"Calming\" raminantis papildas \u0161unims -90 vnt. - likepets.lt","description":"Imby raminantis papildas \u0161unims \u2013 efektyvus streso, nerimo ir hiperaktyvumui ma\u017einiti. Pagamintas tik i\u0161 nat\u016brali\u0173 produkt\u0173, lengvai kramtomos.","robots":{"index":"index","follow":"follow","max-snippet":"max-snippet:-1","max-image-preview":"max-image-preview:large","max-video-preview":"max-video-preview:-1"},"canonical":"https:\/\/likepets.lt\/lt_lt\/product\/raminantis-papildas-imby\/","og_locale":"lt_LT","og_type":"article","og_title":"Imby \"Calming\" raminantis papildas \u0161unims -90 vnt. - likepets.lt","og_description":"Imby raminantis papildas \u0161unims \u2013 efektyvus streso, nerimo ir hiperaktyvumui ma\u017einiti. Pagamintas tik i\u0161 nat\u016brali\u0173 produkt\u0173, lengvai kramtomos.","og_url":"https:\/\/likepets.lt\/lt_lt\/product\/raminantis-papildas-imby\/","og_site_name":"likepets.lt","article_publisher":"https:\/\/www.facebook.com\/profile.php?id=61569466134223","article_modified_time":"2025-11-30T09:59:10+00:00","og_image":[{"width":1080,"height":1080,"url":"https:\/\/likepets.lt\/wp-content\/uploads\/2025\/04\/Imby-raminantys-papildai-sunims-90-tab.png","type":"image\/png"}],"twitter_card":"summary_large_image","twitter_misc":{"Est. reading time":"1 minut\u0117"},"schema":{"@context":"https:\/\/schema.org","@graph":[{"@type":"WebPage","@id":"https:\/\/likepets.lt\/product\/raminantis-papildas-imby\/","url":"https:\/\/likepets.lt\/product\/raminantis-papildas-imby\/","name":"Imby \"Calming\" raminantis papildas \u0161unims -90 vnt. - likepets.lt","isPartOf":{"@id":"https:\/\/likepets.lt\/#website"},"primaryImageOfPage":{"@id":"https:\/\/likepets.lt\/product\/raminantis-papildas-imby\/#primaryimage"},"image":{"@id":"https:\/\/likepets.lt\/product\/raminantis-papildas-imby\/#primaryimage"},"thumbnailUrl":"https:\/\/likepets.lt\/wp-content\/uploads\/2025\/04\/Imby-raminantys-papildai-sunims-90-tab.png","datePublished":"2024-10-03T10:12:44+00:00","dateModified":"2025-11-30T09:59:10+00:00","description":"Imby raminantis papildas \u0161unims \u2013 efektyvus streso, nerimo ir hiperaktyvumui ma\u017einiti. Pagamintas tik i\u0161 nat\u016brali\u0173 produkt\u0173, lengvai kramtomos.","breadcrumb":{"@id":"https:\/\/likepets.lt\/product\/raminantis-papildas-imby\/#breadcrumb"},"inLanguage":"lt-LT","potentialAction":[{"@type":"ReadAction","target":["https:\/\/likepets.lt\/product\/raminantis-papildas-imby\/"]}]},{"@type":"ImageObject","inLanguage":"lt-LT","@id":"https:\/\/likepets.lt\/product\/raminantis-papildas-imby\/#primaryimage","url":"https:\/\/likepets.lt\/wp-content\/uploads\/2025\/04\/Imby-raminantys-papildai-sunims-90-tab.png","contentUrl":"https:\/\/likepets.lt\/wp-content\/uploads\/2025\/04\/Imby-raminantys-papildai-sunims-90-tab.png","width":1080,"height":1080,"caption":"Imby raminantis papildas jautriems \u0161unims 90 tab."},{"@type":"BreadcrumbList","@id":"https:\/\/likepets.lt\/product\/raminantis-papildas-imby\/#breadcrumb","itemListElement":[{"@type":"ListItem","position":1,"name":"Home","item":"https:\/\/likepets.lt\/lt_lt\/"},{"@type":"ListItem","position":2,"name":"Parduotuv\u0117","item":"https:\/\/likepets.lt\/parduotuve\/"},{"@type":"ListItem","position":3,"name":"Imby &#8220;Calming&#8221; raminantis papildas \u0161unims -90 vnt."}]},{"@type":"WebSite","@id":"https:\/\/likepets.lt\/#website","url":"https:\/\/likepets.lt\/","name":"Likepets.lt","description":"","publisher":{"@id":"https:\/\/likepets.lt\/#\/schema\/person\/4ad7eed3b9dc7a176cfff59cfc71e86f"},"potentialAction":[{"@type":"SearchAction","target":{"@type":"EntryPoint","urlTemplate":"https:\/\/likepets.lt\/?s={search_term_string}"},"query-input":{"@type":"PropertyValueSpecification","valueRequired":true,"valueName":"search_term_string"}}],"inLanguage":"lt-LT"},{"@type":["Person","Organization"],"@id":"https:\/\/likepets.lt\/#\/schema\/person\/4ad7eed3b9dc7a176cfff59cfc71e86f","name":"Likepets.lt","image":{"@type":"ImageObject","inLanguage":"lt-LT","@id":"https:\/\/likepets.lt\/wp-content\/litespeed\/avatar\/e807fa13845e19a6e6af46a4bc771b01.jpg?ver=1775897302","url":"https:\/\/likepets.lt\/wp-content\/litespeed\/avatar\/e807fa13845e19a6e6af46a4bc771b01.jpg?ver=1775897302","contentUrl":"https:\/\/likepets.lt\/wp-content\/litespeed\/avatar\/e807fa13845e19a6e6af46a4bc771b01.jpg?ver=1775897302","caption":"Likepets.lt"},"logo":{"@id":"https:\/\/likepets.lt\/wp-content\/litespeed\/avatar\/e807fa13845e19a6e6af46a4bc771b01.jpg?ver=1775897302"},"sameAs":["http:\/\/likepets.lt","https:\/\/www.facebook.com\/profile.php?id=61569466134223","https:\/\/www.instagram.com\/likepets77\/?fbclid=IwY2xjawMjUHtleHRuA2FlbQIxMQBicmlkETBlaEhxaVI0bUk1RHl3bmVMAR7IJeYf9r0OCeo9BwYJUD-yM6Osp6MrosWJGq_QweyNqX1BUWyhO1-sP82C2g_aem_xQbJ_D9oWWiUjsE-R3Dlrw"]}]}},"_links":{"self":[{"href":"https:\/\/likepets.lt\/lt_lt\/wp-json\/wp\/v2\/product\/2466","targetHints":{"allow":["GET"]}}],"collection":[{"href":"https:\/\/likepets.lt\/lt_lt\/wp-json\/wp\/v2\/product"}],"about":[{"href":"https:\/\/likepets.lt\/lt_lt\/wp-json\/wp\/v2\/types\/product"}],"replies":[{"embeddable":true,"href":"https:\/\/likepets.lt\/lt_lt\/wp-json\/wp\/v2\/comments?post=2466"}],"version-history":[{"count":4,"href":"https:\/\/likepets.lt\/lt_lt\/wp-json\/wp\/v2\/product\/2466\/revisions"}],"predecessor-version":[{"id":63173,"href":"https:\/\/likepets.lt\/lt_lt\/wp-json\/wp\/v2\/product\/2466\/revisions\/63173"}],"wp:featuredmedia":[{"embeddable":true,"href":"https:\/\/likepets.lt\/lt_lt\/wp-json\/wp\/v2\/media\/2467"}],"wp:attachment":[{"href":"https:\/\/likepets.lt\/lt_lt\/wp-json\/wp\/v2\/media?parent=2466"}],"wp:term":[{"taxonomy":"product_brand","embeddable":true,"href":"https:\/\/likepets.lt\/lt_lt\/wp-json\/wp\/v2\/product_brand?post=2466"},{"taxonomy":"product_cat","embeddable":true,"href":"https:\/\/likepets.lt\/lt_lt\/wp-json\/wp\/v2\/product_cat?post=2466"},{"taxonomy":"product_tag","embeddable":true,"href":"https:\/\/likepets.lt\/lt_lt\/wp-json\/wp\/v2\/product_tag?post=2466"}],"curies":[{"name":"wp","href":"https:\/\/api.w.org\/{rel}","templated":true}]}}