{"id":2471,"date":"2024-10-03T10:28:09","date_gmt":"2024-10-03T10:28:09","guid":{"rendered":"https:\/\/likepets.lt\/?post_type=product&#038;p=2471"},"modified":"2025-11-30T11:58:49","modified_gmt":"2025-11-30T09:58:49","slug":"papildas-imby-odai","status":"publish","type":"product","link":"https:\/\/likepets.lt\/lt_lt\/product\/papildas-imby-odai\/","title":{"rendered":"Imby &#8220;Skin Health&#8221; papildas \u0161un\u0173 odai ir plaukams- 90 vnt."},"content":{"rendered":"<p class=\"\" data-start=\"247\" data-end=\"573\"><strong data-start=\"247\" data-end=\"300\">Imby papildas \u0161unims odai ir kailiui, 90 table\u010di\u0173<\/strong> \u2013 tai nat\u016bralus sprendimas \u0161uns odos sveikatai ir kailio blizgesiui palaikyti. \u0160is papildas sukurtas su <strong data-start=\"405\" data-end=\"423\">biotinu \u0161unims<\/strong>, <strong data-start=\"425\" data-end=\"454\">omega-3 riebal\u0173 r\u016bg\u0161timis<\/strong> ir svarbiausiais vitaminais, kurie stiprina odos barjer\u0105, ma\u017eina \u0161er\u0117jim\u0105 ir skatina sveiko, stipraus kailio augim\u0105.<\/p>\n<p class=\"\" data-start=\"575\" data-end=\"834\"><strong data-start=\"575\" data-end=\"599\">Imby papildas \u0161unims<\/strong> puikiai tinka tiek jauniems, tiek vyresnio am\u017eiaus augintiniams, ypa\u010d tiems, kuri\u0173 kailis saus\u0117ja, slenka arba oda linkusi \u012f sudirgimus. Reguliarus vartojimas padeda i\u0161laikyti elasting\u0105 od\u0105, blizgant\u012f kail\u012f ir stipri\u0105 imunin\u0119 sistem\u0105.<\/p>\n<p class=\"\" data-start=\"836\" data-end=\"1140\"><strong data-start=\"836\" data-end=\"864\">Pagrindiniai privalumai:<\/strong><br data-start=\"864\" data-end=\"867\" \/>\u2714\ufe0f Sud\u0117tyje \u2013 <strong data-start=\"881\" data-end=\"893\">biotinas<\/strong>, <strong data-start=\"895\" data-end=\"906\">omega 3<\/strong> ir vitaminai E, C, A<br data-start=\"927\" data-end=\"930\" \/>\u2714\ufe0f Skatina kailio blizges\u012f ir stiprina od\u0105<br data-start=\"972\" data-end=\"975\" \/>\u2714\ufe0f Padeda ma\u017einti \u0161er\u0117jim\u0105 ir odos sudirgimus<br data-start=\"1020\" data-end=\"1023\" \/>\u2714\ufe0f Lengvai dozuojamos 90 table\u010di\u0173 pakuot\u0117je<br data-start=\"1066\" data-end=\"1069\" \/>\u2714\ufe0f Puikus pasirinkimas ie\u0161kantiems kokybi\u0161k\u0173 <strong data-start=\"1114\" data-end=\"1140\">papild\u0173 \u0161un\u0173 sveikatai<\/strong><\/p>\n<p class=\"\" data-start=\"1142\" data-end=\"1249\"><strong data-start=\"1142\" data-end=\"1157\">Naudojimas:<\/strong><br data-start=\"1157\" data-end=\"1160\" \/>Rekomenduojama \u0161unims kasdien su maistu, pagal gyv\u016bno svor\u012f ir veterinaro rekomendacijas.<\/p>\n<hr class=\"\" data-start=\"1380\" data-end=\"1383\" \/>\n<p class=\"\" data-start=\"1385\" data-end=\"1546\">\n","protected":false},"excerpt":{"rendered":"<p>Tik internetu! Imby \u0161uns odos prie\u017ei\u016brai skirtas hipoalergi\u0161kas papildas, kuris stiprina imunitet\u0105 ir skatina kraujotak\u0105, tod\u0117l suteiks \u0161uniui blizgant\u012f kail\u012f.<\/p>\n","protected":false},"featured_media":2472,"comment_status":"open","ping_status":"closed","template":"","meta":[],"product_brand":[152],"product_cat":[90],"product_tag":[],"class_list":{"0":"post-2471","1":"product","2":"type-product","3":"status-publish","4":"has-post-thumbnail","6":"product_brand-imby","7":"product_cat-papildai","10":"first","11":"instock","12":"taxable","13":"shipping-taxable","14":"purchasable","15":"product-type-simple"},"yoast_head":"<!-- This site is optimized with the Yoast SEO plugin v27.4 - https:\/\/yoast.com\/product\/yoast-seo-wordpress\/ -->\n<title>Imby &quot;Skin Health&quot; papildas \u0161un\u0173 odai ir plaukams- 90 vnt. - likepets.lt<\/title>\n<meta name=\"description\" content=\"Imby papildas \u0161unims odai ir kailiui su biotinu, omega-3 ir vitaminais. Padeda palaikyti sveik\u0105 od\u0105, stipr\u0173 ir blizgant\u012f kail\u012f. Tinka kasdieniam naudojimui.\" \/>\n<meta name=\"robots\" content=\"index, follow, max-snippet:-1, max-image-preview:large, max-video-preview:-1\" \/>\n<link rel=\"canonical\" href=\"https:\/\/likepets.lt\/lt_lt\/product\/papildas-imby-odai\/\" \/>\n<meta property=\"og:locale\" content=\"lt_LT\" \/>\n<meta property=\"og:type\" content=\"article\" \/>\n<meta property=\"og:title\" content=\"Imby &quot;Skin Health&quot; papildas \u0161un\u0173 odai ir plaukams- 90 vnt. - likepets.lt\" \/>\n<meta property=\"og:description\" content=\"Imby papildas \u0161unims odai ir kailiui su biotinu, omega-3 ir vitaminais. Padeda palaikyti sveik\u0105 od\u0105, stipr\u0173 ir blizgant\u012f kail\u012f. Tinka kasdieniam naudojimui.\" \/>\n<meta property=\"og:url\" content=\"https:\/\/likepets.lt\/lt_lt\/product\/papildas-imby-odai\/\" \/>\n<meta property=\"og:site_name\" content=\"likepets.lt\" \/>\n<meta property=\"article:publisher\" content=\"https:\/\/www.facebook.com\/profile.php?id=61569466134223\" \/>\n<meta property=\"article:modified_time\" content=\"2025-11-30T09:58:49+00:00\" \/>\n<meta property=\"og:image\" content=\"https:\/\/likepets.lt\/wp-content\/uploads\/2025\/04\/Imby-papildai-sunu-odai-ir-plaukams-90-tab-1.png\" \/>\n\t<meta property=\"og:image:width\" content=\"1080\" \/>\n\t<meta property=\"og:image:height\" content=\"1080\" \/>\n\t<meta property=\"og:image:type\" content=\"image\/png\" \/>\n<meta name=\"twitter:card\" content=\"summary_large_image\" \/>\n<meta name=\"twitter:label1\" content=\"Est. reading time\" \/>\n\t<meta name=\"twitter:data1\" content=\"1 minut\u0117\" \/>\n<script type=\"application\/ld+json\" class=\"yoast-schema-graph\">{\"@context\":\"https:\\\/\\\/schema.org\",\"@graph\":[{\"@type\":\"WebPage\",\"@id\":\"https:\\\/\\\/likepets.lt\\\/product\\\/papildas-imby-odai\\\/\",\"url\":\"https:\\\/\\\/likepets.lt\\\/product\\\/papildas-imby-odai\\\/\",\"name\":\"Imby \\\"Skin Health\\\" papildas \u0161un\u0173 odai ir plaukams- 90 vnt. - likepets.lt\",\"isPartOf\":{\"@id\":\"https:\\\/\\\/likepets.lt\\\/#website\"},\"primaryImageOfPage\":{\"@id\":\"https:\\\/\\\/likepets.lt\\\/product\\\/papildas-imby-odai\\\/#primaryimage\"},\"image\":{\"@id\":\"https:\\\/\\\/likepets.lt\\\/product\\\/papildas-imby-odai\\\/#primaryimage\"},\"thumbnailUrl\":\"https:\\\/\\\/likepets.lt\\\/wp-content\\\/uploads\\\/2025\\\/04\\\/Imby-papildai-sunu-odai-ir-plaukams-90-tab-1.png\",\"datePublished\":\"2024-10-03T10:28:09+00:00\",\"dateModified\":\"2025-11-30T09:58:49+00:00\",\"description\":\"Imby papildas \u0161unims odai ir kailiui su biotinu, omega-3 ir vitaminais. Padeda palaikyti sveik\u0105 od\u0105, stipr\u0173 ir blizgant\u012f kail\u012f. Tinka kasdieniam naudojimui.\",\"breadcrumb\":{\"@id\":\"https:\\\/\\\/likepets.lt\\\/product\\\/papildas-imby-odai\\\/#breadcrumb\"},\"inLanguage\":\"lt-LT\",\"potentialAction\":[{\"@type\":\"ReadAction\",\"target\":[\"https:\\\/\\\/likepets.lt\\\/product\\\/papildas-imby-odai\\\/\"]}]},{\"@type\":\"ImageObject\",\"inLanguage\":\"lt-LT\",\"@id\":\"https:\\\/\\\/likepets.lt\\\/product\\\/papildas-imby-odai\\\/#primaryimage\",\"url\":\"https:\\\/\\\/likepets.lt\\\/wp-content\\\/uploads\\\/2025\\\/04\\\/Imby-papildai-sunu-odai-ir-plaukams-90-tab-1.png\",\"contentUrl\":\"https:\\\/\\\/likepets.lt\\\/wp-content\\\/uploads\\\/2025\\\/04\\\/Imby-papildai-sunu-odai-ir-plaukams-90-tab-1.png\",\"width\":1080,\"height\":1080,\"caption\":\"Imby papildai sveikai \u0161un\u0173 odai ir plaukams 90 tab.\"},{\"@type\":\"BreadcrumbList\",\"@id\":\"https:\\\/\\\/likepets.lt\\\/product\\\/papildas-imby-odai\\\/#breadcrumb\",\"itemListElement\":[{\"@type\":\"ListItem\",\"position\":1,\"name\":\"Home\",\"item\":\"https:\\\/\\\/likepets.lt\\\/lt_lt\\\/\"},{\"@type\":\"ListItem\",\"position\":2,\"name\":\"Parduotuv\u0117\",\"item\":\"https:\\\/\\\/likepets.lt\\\/parduotuve\\\/\"},{\"@type\":\"ListItem\",\"position\":3,\"name\":\"Imby &#8220;Skin Health&#8221; papildas \u0161un\u0173 odai ir plaukams- 90 vnt.\"}]},{\"@type\":\"WebSite\",\"@id\":\"https:\\\/\\\/likepets.lt\\\/#website\",\"url\":\"https:\\\/\\\/likepets.lt\\\/\",\"name\":\"Likepets.lt\",\"description\":\"\",\"publisher\":{\"@id\":\"https:\\\/\\\/likepets.lt\\\/#\\\/schema\\\/person\\\/4ad7eed3b9dc7a176cfff59cfc71e86f\"},\"potentialAction\":[{\"@type\":\"SearchAction\",\"target\":{\"@type\":\"EntryPoint\",\"urlTemplate\":\"https:\\\/\\\/likepets.lt\\\/?s={search_term_string}\"},\"query-input\":{\"@type\":\"PropertyValueSpecification\",\"valueRequired\":true,\"valueName\":\"search_term_string\"}}],\"inLanguage\":\"lt-LT\"},{\"@type\":[\"Person\",\"Organization\"],\"@id\":\"https:\\\/\\\/likepets.lt\\\/#\\\/schema\\\/person\\\/4ad7eed3b9dc7a176cfff59cfc71e86f\",\"name\":\"Likepets.lt\",\"image\":{\"@type\":\"ImageObject\",\"inLanguage\":\"lt-LT\",\"@id\":\"https:\\\/\\\/likepets.lt\\\/wp-content\\\/litespeed\\\/avatar\\\/e807fa13845e19a6e6af46a4bc771b01.jpg?ver=1775897302\",\"url\":\"https:\\\/\\\/likepets.lt\\\/wp-content\\\/litespeed\\\/avatar\\\/e807fa13845e19a6e6af46a4bc771b01.jpg?ver=1775897302\",\"contentUrl\":\"https:\\\/\\\/likepets.lt\\\/wp-content\\\/litespeed\\\/avatar\\\/e807fa13845e19a6e6af46a4bc771b01.jpg?ver=1775897302\",\"caption\":\"Likepets.lt\"},\"logo\":{\"@id\":\"https:\\\/\\\/likepets.lt\\\/wp-content\\\/litespeed\\\/avatar\\\/e807fa13845e19a6e6af46a4bc771b01.jpg?ver=1775897302\"},\"sameAs\":[\"http:\\\/\\\/likepets.lt\",\"https:\\\/\\\/www.facebook.com\\\/profile.php?id=61569466134223\",\"https:\\\/\\\/www.instagram.com\\\/likepets77\\\/?fbclid=IwY2xjawMjUHtleHRuA2FlbQIxMQBicmlkETBlaEhxaVI0bUk1RHl3bmVMAR7IJeYf9r0OCeo9BwYJUD-yM6Osp6MrosWJGq_QweyNqX1BUWyhO1-sP82C2g_aem_xQbJ_D9oWWiUjsE-R3Dlrw\"]}]}<\/script>\n<!-- \/ Yoast SEO plugin. -->","yoast_head_json":{"title":"Imby \"Skin Health\" papildas \u0161un\u0173 odai ir plaukams- 90 vnt. - likepets.lt","description":"Imby papildas \u0161unims odai ir kailiui su biotinu, omega-3 ir vitaminais. Padeda palaikyti sveik\u0105 od\u0105, stipr\u0173 ir blizgant\u012f kail\u012f. Tinka kasdieniam naudojimui.","robots":{"index":"index","follow":"follow","max-snippet":"max-snippet:-1","max-image-preview":"max-image-preview:large","max-video-preview":"max-video-preview:-1"},"canonical":"https:\/\/likepets.lt\/lt_lt\/product\/papildas-imby-odai\/","og_locale":"lt_LT","og_type":"article","og_title":"Imby \"Skin Health\" papildas \u0161un\u0173 odai ir plaukams- 90 vnt. - likepets.lt","og_description":"Imby papildas \u0161unims odai ir kailiui su biotinu, omega-3 ir vitaminais. Padeda palaikyti sveik\u0105 od\u0105, stipr\u0173 ir blizgant\u012f kail\u012f. Tinka kasdieniam naudojimui.","og_url":"https:\/\/likepets.lt\/lt_lt\/product\/papildas-imby-odai\/","og_site_name":"likepets.lt","article_publisher":"https:\/\/www.facebook.com\/profile.php?id=61569466134223","article_modified_time":"2025-11-30T09:58:49+00:00","og_image":[{"width":1080,"height":1080,"url":"https:\/\/likepets.lt\/wp-content\/uploads\/2025\/04\/Imby-papildai-sunu-odai-ir-plaukams-90-tab-1.png","type":"image\/png"}],"twitter_card":"summary_large_image","twitter_misc":{"Est. reading time":"1 minut\u0117"},"schema":{"@context":"https:\/\/schema.org","@graph":[{"@type":"WebPage","@id":"https:\/\/likepets.lt\/product\/papildas-imby-odai\/","url":"https:\/\/likepets.lt\/product\/papildas-imby-odai\/","name":"Imby \"Skin Health\" papildas \u0161un\u0173 odai ir plaukams- 90 vnt. - likepets.lt","isPartOf":{"@id":"https:\/\/likepets.lt\/#website"},"primaryImageOfPage":{"@id":"https:\/\/likepets.lt\/product\/papildas-imby-odai\/#primaryimage"},"image":{"@id":"https:\/\/likepets.lt\/product\/papildas-imby-odai\/#primaryimage"},"thumbnailUrl":"https:\/\/likepets.lt\/wp-content\/uploads\/2025\/04\/Imby-papildai-sunu-odai-ir-plaukams-90-tab-1.png","datePublished":"2024-10-03T10:28:09+00:00","dateModified":"2025-11-30T09:58:49+00:00","description":"Imby papildas \u0161unims odai ir kailiui su biotinu, omega-3 ir vitaminais. Padeda palaikyti sveik\u0105 od\u0105, stipr\u0173 ir blizgant\u012f kail\u012f. Tinka kasdieniam naudojimui.","breadcrumb":{"@id":"https:\/\/likepets.lt\/product\/papildas-imby-odai\/#breadcrumb"},"inLanguage":"lt-LT","potentialAction":[{"@type":"ReadAction","target":["https:\/\/likepets.lt\/product\/papildas-imby-odai\/"]}]},{"@type":"ImageObject","inLanguage":"lt-LT","@id":"https:\/\/likepets.lt\/product\/papildas-imby-odai\/#primaryimage","url":"https:\/\/likepets.lt\/wp-content\/uploads\/2025\/04\/Imby-papildai-sunu-odai-ir-plaukams-90-tab-1.png","contentUrl":"https:\/\/likepets.lt\/wp-content\/uploads\/2025\/04\/Imby-papildai-sunu-odai-ir-plaukams-90-tab-1.png","width":1080,"height":1080,"caption":"Imby papildai sveikai \u0161un\u0173 odai ir plaukams 90 tab."},{"@type":"BreadcrumbList","@id":"https:\/\/likepets.lt\/product\/papildas-imby-odai\/#breadcrumb","itemListElement":[{"@type":"ListItem","position":1,"name":"Home","item":"https:\/\/likepets.lt\/lt_lt\/"},{"@type":"ListItem","position":2,"name":"Parduotuv\u0117","item":"https:\/\/likepets.lt\/parduotuve\/"},{"@type":"ListItem","position":3,"name":"Imby &#8220;Skin Health&#8221; papildas \u0161un\u0173 odai ir plaukams- 90 vnt."}]},{"@type":"WebSite","@id":"https:\/\/likepets.lt\/#website","url":"https:\/\/likepets.lt\/","name":"Likepets.lt","description":"","publisher":{"@id":"https:\/\/likepets.lt\/#\/schema\/person\/4ad7eed3b9dc7a176cfff59cfc71e86f"},"potentialAction":[{"@type":"SearchAction","target":{"@type":"EntryPoint","urlTemplate":"https:\/\/likepets.lt\/?s={search_term_string}"},"query-input":{"@type":"PropertyValueSpecification","valueRequired":true,"valueName":"search_term_string"}}],"inLanguage":"lt-LT"},{"@type":["Person","Organization"],"@id":"https:\/\/likepets.lt\/#\/schema\/person\/4ad7eed3b9dc7a176cfff59cfc71e86f","name":"Likepets.lt","image":{"@type":"ImageObject","inLanguage":"lt-LT","@id":"https:\/\/likepets.lt\/wp-content\/litespeed\/avatar\/e807fa13845e19a6e6af46a4bc771b01.jpg?ver=1775897302","url":"https:\/\/likepets.lt\/wp-content\/litespeed\/avatar\/e807fa13845e19a6e6af46a4bc771b01.jpg?ver=1775897302","contentUrl":"https:\/\/likepets.lt\/wp-content\/litespeed\/avatar\/e807fa13845e19a6e6af46a4bc771b01.jpg?ver=1775897302","caption":"Likepets.lt"},"logo":{"@id":"https:\/\/likepets.lt\/wp-content\/litespeed\/avatar\/e807fa13845e19a6e6af46a4bc771b01.jpg?ver=1775897302"},"sameAs":["http:\/\/likepets.lt","https:\/\/www.facebook.com\/profile.php?id=61569466134223","https:\/\/www.instagram.com\/likepets77\/?fbclid=IwY2xjawMjUHtleHRuA2FlbQIxMQBicmlkETBlaEhxaVI0bUk1RHl3bmVMAR7IJeYf9r0OCeo9BwYJUD-yM6Osp6MrosWJGq_QweyNqX1BUWyhO1-sP82C2g_aem_xQbJ_D9oWWiUjsE-R3Dlrw"]}]}},"_links":{"self":[{"href":"https:\/\/likepets.lt\/lt_lt\/wp-json\/wp\/v2\/product\/2471","targetHints":{"allow":["GET"]}}],"collection":[{"href":"https:\/\/likepets.lt\/lt_lt\/wp-json\/wp\/v2\/product"}],"about":[{"href":"https:\/\/likepets.lt\/lt_lt\/wp-json\/wp\/v2\/types\/product"}],"replies":[{"embeddable":true,"href":"https:\/\/likepets.lt\/lt_lt\/wp-json\/wp\/v2\/comments?post=2471"}],"version-history":[{"count":3,"href":"https:\/\/likepets.lt\/lt_lt\/wp-json\/wp\/v2\/product\/2471\/revisions"}],"predecessor-version":[{"id":63172,"href":"https:\/\/likepets.lt\/lt_lt\/wp-json\/wp\/v2\/product\/2471\/revisions\/63172"}],"wp:featuredmedia":[{"embeddable":true,"href":"https:\/\/likepets.lt\/lt_lt\/wp-json\/wp\/v2\/media\/2472"}],"wp:attachment":[{"href":"https:\/\/likepets.lt\/lt_lt\/wp-json\/wp\/v2\/media?parent=2471"}],"wp:term":[{"taxonomy":"product_brand","embeddable":true,"href":"https:\/\/likepets.lt\/lt_lt\/wp-json\/wp\/v2\/product_brand?post=2471"},{"taxonomy":"product_cat","embeddable":true,"href":"https:\/\/likepets.lt\/lt_lt\/wp-json\/wp\/v2\/product_cat?post=2471"},{"taxonomy":"product_tag","embeddable":true,"href":"https:\/\/likepets.lt\/lt_lt\/wp-json\/wp\/v2\/product_tag?post=2471"}],"curies":[{"name":"wp","href":"https:\/\/api.w.org\/{rel}","templated":true}]}}