{"id":2477,"date":"2024-10-03T10:42:49","date_gmt":"2024-10-03T10:42:49","guid":{"rendered":"https:\/\/likepets.lt\/?post_type=product&#038;p=2477"},"modified":"2025-11-30T11:58:30","modified_gmt":"2025-11-30T09:58:30","slug":"probiotiokas-imby","status":"publish","type":"product","link":"https:\/\/likepets.lt\/lt_lt\/product\/probiotiokas-imby\/","title":{"rendered":"Imby &#8220;Probiotics&#8221; vis\u0173 veisli\u0173 \u0161unims-90 vnt."},"content":{"rendered":"<p>Imby Pet Food yra Belgijos \u012fmon\u0117 u\u017esiimanti namini\u0173 gyv\u016bn\u0117li\u0173\u00a0 \u0117dalo gaminimu . \u012emon\u0117, gamina maist\u0105, skan\u0117stus ir papildus \u0161unims. Savo gamyboje\u00a0 naudoja vabzd\u017ei\u0173 baltymus ir augalin\u0117s kilm\u0117s ingredientus, kad savo keturkojus maitint\u0173 sveikus, planetai draugi\u0161kus ir hipoalergi\u0161kus patiekalus. Imby Pet Food tvirtai \u012fsipareigojusi savo augintiniams parinkti geriausios kokyb\u0117s ingredientus ir tiekti pa\u017eangiausi\u0105 \u0161un\u0173\u00a0 maist\u0105. Naujausias\u00a0 gamyboje yra atsirad\u0119s produktas &#8211; tai\u00a0 \u0161un\u0173 papildai, kurie yra 100% augalin\u0117s kilm\u0117s ir kuri\u0173 sud\u0117tyje yra didel\u0117s doz\u0117s veikliuj\u0173 med\u017eiag\u0173, kad b\u016bt\u0173 veiksmingas poveikis \u0161un\u0173 sveikatai.<\/p>\n","protected":false},"excerpt":{"rendered":"<p><strong data-start=\"0\" data-end=\"50\" data-is-only-node=\"\">Imby Probiotikai vis\u0173 veisli\u0173 \u0161unims (90 tab.)<\/strong> \u2013 nat\u016bral\u016bs papildai gerai vir\u0161kinimo sistemos veiklai palaikyti. Sud\u0117tyje esantys probiotikai ir prebiotikai padeda subalansuoti \u017earnyno mikroflor\u0105, gerina maistini\u0173 med\u017eiag\u0173 \u012fsisavinim\u0105 ir stiprina imunin\u0119 sistem\u0105. Tinka vis\u0173 veisli\u0173 \u0161unims. <strong>Sud\u0117tis:<\/strong> Probiotikai, Prebiotikai, Postibiotikai, Imbieras, Cinkas, Obuoli\u0173 pektinas.<\/p>\n","protected":false},"featured_media":2478,"comment_status":"open","ping_status":"closed","template":"","meta":[],"product_brand":[152],"product_cat":[90,150],"product_tag":[],"class_list":{"0":"post-2477","1":"product","2":"type-product","3":"status-publish","4":"has-post-thumbnail","6":"product_brand-imby","7":"product_cat-papildai","8":"product_cat-populiariausios-prekes","11":"first","12":"instock","13":"taxable","14":"shipping-taxable","15":"purchasable","16":"product-type-simple"},"yoast_head":"<!-- This site is optimized with the Yoast SEO plugin v27.4 - https:\/\/yoast.com\/product\/yoast-seo-wordpress\/ -->\n<title>Imby Probiotiokai vis\u0173 veisli\u0173 \u0161unims 90 tab. - Likepets.lt<\/title>\n<meta name=\"description\" content=\"Imby Probiotiokai vis\u0173 veisli\u0173 \u0161unims 90 tab. Vis\u0173 veisli\u0173 \u0161unims \u2013 subalansuoja \u017earnyno mikroflor\u0105, gerina vir\u0161kinim\u0105 ir stiprina imunin\u0119 sistem\u0105.\" \/>\n<meta name=\"robots\" content=\"index, follow, max-snippet:-1, max-image-preview:large, max-video-preview:-1\" \/>\n<link rel=\"canonical\" href=\"https:\/\/likepets.lt\/lt_lt\/product\/probiotiokas-imby\/\" \/>\n<meta property=\"og:locale\" content=\"lt_LT\" \/>\n<meta property=\"og:type\" content=\"article\" \/>\n<meta property=\"og:title\" content=\"Imby Probiotiokai vis\u0173 veisli\u0173 \u0161unims 90 tab. - Likepets.lt\" \/>\n<meta property=\"og:description\" content=\"Imby Probiotiokai vis\u0173 veisli\u0173 \u0161unims 90 tab. Vis\u0173 veisli\u0173 \u0161unims \u2013 subalansuoja \u017earnyno mikroflor\u0105, gerina vir\u0161kinim\u0105 ir stiprina imunin\u0119 sistem\u0105.\" \/>\n<meta property=\"og:url\" content=\"https:\/\/likepets.lt\/lt_lt\/product\/probiotiokas-imby\/\" \/>\n<meta property=\"og:site_name\" content=\"likepets.lt\" \/>\n<meta property=\"article:publisher\" content=\"https:\/\/www.facebook.com\/profile.php?id=61569466134223\" \/>\n<meta property=\"article:modified_time\" content=\"2025-11-30T09:58:30+00:00\" \/>\n<meta property=\"og:image\" content=\"https:\/\/likepets.lt\/wp-content\/uploads\/2025\/04\/Imby-probiotikai-sunims-90-tab.png\" \/>\n\t<meta property=\"og:image:width\" content=\"1080\" \/>\n\t<meta property=\"og:image:height\" content=\"1080\" \/>\n\t<meta property=\"og:image:type\" content=\"image\/png\" \/>\n<meta name=\"twitter:card\" content=\"summary_large_image\" \/>\n<meta name=\"twitter:label1\" content=\"Est. reading time\" \/>\n\t<meta name=\"twitter:data1\" content=\"1 minut\u0117\" \/>\n<script type=\"application\/ld+json\" class=\"yoast-schema-graph\">{\"@context\":\"https:\\\/\\\/schema.org\",\"@graph\":[{\"@type\":\"WebPage\",\"@id\":\"https:\\\/\\\/likepets.lt\\\/product\\\/probiotiokas-imby\\\/\",\"url\":\"https:\\\/\\\/likepets.lt\\\/product\\\/probiotiokas-imby\\\/\",\"name\":\"Imby Probiotiokai vis\u0173 veisli\u0173 \u0161unims 90 tab. - Likepets.lt\",\"isPartOf\":{\"@id\":\"https:\\\/\\\/likepets.lt\\\/#website\"},\"primaryImageOfPage\":{\"@id\":\"https:\\\/\\\/likepets.lt\\\/product\\\/probiotiokas-imby\\\/#primaryimage\"},\"image\":{\"@id\":\"https:\\\/\\\/likepets.lt\\\/product\\\/probiotiokas-imby\\\/#primaryimage\"},\"thumbnailUrl\":\"https:\\\/\\\/likepets.lt\\\/wp-content\\\/uploads\\\/2025\\\/04\\\/Imby-probiotikai-sunims-90-tab.png\",\"datePublished\":\"2024-10-03T10:42:49+00:00\",\"dateModified\":\"2025-11-30T09:58:30+00:00\",\"description\":\"Imby Probiotiokai vis\u0173 veisli\u0173 \u0161unims 90 tab. Vis\u0173 veisli\u0173 \u0161unims \u2013 subalansuoja \u017earnyno mikroflor\u0105, gerina vir\u0161kinim\u0105 ir stiprina imunin\u0119 sistem\u0105.\",\"breadcrumb\":{\"@id\":\"https:\\\/\\\/likepets.lt\\\/product\\\/probiotiokas-imby\\\/#breadcrumb\"},\"inLanguage\":\"lt-LT\",\"potentialAction\":[{\"@type\":\"ReadAction\",\"target\":[\"https:\\\/\\\/likepets.lt\\\/product\\\/probiotiokas-imby\\\/\"]}]},{\"@type\":\"ImageObject\",\"inLanguage\":\"lt-LT\",\"@id\":\"https:\\\/\\\/likepets.lt\\\/product\\\/probiotiokas-imby\\\/#primaryimage\",\"url\":\"https:\\\/\\\/likepets.lt\\\/wp-content\\\/uploads\\\/2025\\\/04\\\/Imby-probiotikai-sunims-90-tab.png\",\"contentUrl\":\"https:\\\/\\\/likepets.lt\\\/wp-content\\\/uploads\\\/2025\\\/04\\\/Imby-probiotikai-sunims-90-tab.png\",\"width\":1080,\"height\":1080,\"caption\":\"Imby probiotikai vis\u0173 veisli\u0173 \u0161unims 90 tab.\"},{\"@type\":\"BreadcrumbList\",\"@id\":\"https:\\\/\\\/likepets.lt\\\/product\\\/probiotiokas-imby\\\/#breadcrumb\",\"itemListElement\":[{\"@type\":\"ListItem\",\"position\":1,\"name\":\"Home\",\"item\":\"https:\\\/\\\/likepets.lt\\\/lt_lt\\\/\"},{\"@type\":\"ListItem\",\"position\":2,\"name\":\"Parduotuv\u0117\",\"item\":\"https:\\\/\\\/likepets.lt\\\/parduotuve\\\/\"},{\"@type\":\"ListItem\",\"position\":3,\"name\":\"Imby &#8220;Probiotics&#8221; vis\u0173 veisli\u0173 \u0161unims-90 vnt.\"}]},{\"@type\":\"WebSite\",\"@id\":\"https:\\\/\\\/likepets.lt\\\/#website\",\"url\":\"https:\\\/\\\/likepets.lt\\\/\",\"name\":\"Likepets.lt\",\"description\":\"\",\"publisher\":{\"@id\":\"https:\\\/\\\/likepets.lt\\\/#\\\/schema\\\/person\\\/4ad7eed3b9dc7a176cfff59cfc71e86f\"},\"potentialAction\":[{\"@type\":\"SearchAction\",\"target\":{\"@type\":\"EntryPoint\",\"urlTemplate\":\"https:\\\/\\\/likepets.lt\\\/?s={search_term_string}\"},\"query-input\":{\"@type\":\"PropertyValueSpecification\",\"valueRequired\":true,\"valueName\":\"search_term_string\"}}],\"inLanguage\":\"lt-LT\"},{\"@type\":[\"Person\",\"Organization\"],\"@id\":\"https:\\\/\\\/likepets.lt\\\/#\\\/schema\\\/person\\\/4ad7eed3b9dc7a176cfff59cfc71e86f\",\"name\":\"Likepets.lt\",\"image\":{\"@type\":\"ImageObject\",\"inLanguage\":\"lt-LT\",\"@id\":\"https:\\\/\\\/likepets.lt\\\/wp-content\\\/litespeed\\\/avatar\\\/e807fa13845e19a6e6af46a4bc771b01.jpg?ver=1775897302\",\"url\":\"https:\\\/\\\/likepets.lt\\\/wp-content\\\/litespeed\\\/avatar\\\/e807fa13845e19a6e6af46a4bc771b01.jpg?ver=1775897302\",\"contentUrl\":\"https:\\\/\\\/likepets.lt\\\/wp-content\\\/litespeed\\\/avatar\\\/e807fa13845e19a6e6af46a4bc771b01.jpg?ver=1775897302\",\"caption\":\"Likepets.lt\"},\"logo\":{\"@id\":\"https:\\\/\\\/likepets.lt\\\/wp-content\\\/litespeed\\\/avatar\\\/e807fa13845e19a6e6af46a4bc771b01.jpg?ver=1775897302\"},\"sameAs\":[\"http:\\\/\\\/likepets.lt\",\"https:\\\/\\\/www.facebook.com\\\/profile.php?id=61569466134223\",\"https:\\\/\\\/www.instagram.com\\\/likepets77\\\/?fbclid=IwY2xjawMjUHtleHRuA2FlbQIxMQBicmlkETBlaEhxaVI0bUk1RHl3bmVMAR7IJeYf9r0OCeo9BwYJUD-yM6Osp6MrosWJGq_QweyNqX1BUWyhO1-sP82C2g_aem_xQbJ_D9oWWiUjsE-R3Dlrw\"]}]}<\/script>\n<!-- \/ Yoast SEO plugin. -->","yoast_head_json":{"title":"Imby Probiotiokai vis\u0173 veisli\u0173 \u0161unims 90 tab. - Likepets.lt","description":"Imby Probiotiokai vis\u0173 veisli\u0173 \u0161unims 90 tab. Vis\u0173 veisli\u0173 \u0161unims \u2013 subalansuoja \u017earnyno mikroflor\u0105, gerina vir\u0161kinim\u0105 ir stiprina imunin\u0119 sistem\u0105.","robots":{"index":"index","follow":"follow","max-snippet":"max-snippet:-1","max-image-preview":"max-image-preview:large","max-video-preview":"max-video-preview:-1"},"canonical":"https:\/\/likepets.lt\/lt_lt\/product\/probiotiokas-imby\/","og_locale":"lt_LT","og_type":"article","og_title":"Imby Probiotiokai vis\u0173 veisli\u0173 \u0161unims 90 tab. - Likepets.lt","og_description":"Imby Probiotiokai vis\u0173 veisli\u0173 \u0161unims 90 tab. Vis\u0173 veisli\u0173 \u0161unims \u2013 subalansuoja \u017earnyno mikroflor\u0105, gerina vir\u0161kinim\u0105 ir stiprina imunin\u0119 sistem\u0105.","og_url":"https:\/\/likepets.lt\/lt_lt\/product\/probiotiokas-imby\/","og_site_name":"likepets.lt","article_publisher":"https:\/\/www.facebook.com\/profile.php?id=61569466134223","article_modified_time":"2025-11-30T09:58:30+00:00","og_image":[{"width":1080,"height":1080,"url":"https:\/\/likepets.lt\/wp-content\/uploads\/2025\/04\/Imby-probiotikai-sunims-90-tab.png","type":"image\/png"}],"twitter_card":"summary_large_image","twitter_misc":{"Est. reading time":"1 minut\u0117"},"schema":{"@context":"https:\/\/schema.org","@graph":[{"@type":"WebPage","@id":"https:\/\/likepets.lt\/product\/probiotiokas-imby\/","url":"https:\/\/likepets.lt\/product\/probiotiokas-imby\/","name":"Imby Probiotiokai vis\u0173 veisli\u0173 \u0161unims 90 tab. - Likepets.lt","isPartOf":{"@id":"https:\/\/likepets.lt\/#website"},"primaryImageOfPage":{"@id":"https:\/\/likepets.lt\/product\/probiotiokas-imby\/#primaryimage"},"image":{"@id":"https:\/\/likepets.lt\/product\/probiotiokas-imby\/#primaryimage"},"thumbnailUrl":"https:\/\/likepets.lt\/wp-content\/uploads\/2025\/04\/Imby-probiotikai-sunims-90-tab.png","datePublished":"2024-10-03T10:42:49+00:00","dateModified":"2025-11-30T09:58:30+00:00","description":"Imby Probiotiokai vis\u0173 veisli\u0173 \u0161unims 90 tab. Vis\u0173 veisli\u0173 \u0161unims \u2013 subalansuoja \u017earnyno mikroflor\u0105, gerina vir\u0161kinim\u0105 ir stiprina imunin\u0119 sistem\u0105.","breadcrumb":{"@id":"https:\/\/likepets.lt\/product\/probiotiokas-imby\/#breadcrumb"},"inLanguage":"lt-LT","potentialAction":[{"@type":"ReadAction","target":["https:\/\/likepets.lt\/product\/probiotiokas-imby\/"]}]},{"@type":"ImageObject","inLanguage":"lt-LT","@id":"https:\/\/likepets.lt\/product\/probiotiokas-imby\/#primaryimage","url":"https:\/\/likepets.lt\/wp-content\/uploads\/2025\/04\/Imby-probiotikai-sunims-90-tab.png","contentUrl":"https:\/\/likepets.lt\/wp-content\/uploads\/2025\/04\/Imby-probiotikai-sunims-90-tab.png","width":1080,"height":1080,"caption":"Imby probiotikai vis\u0173 veisli\u0173 \u0161unims 90 tab."},{"@type":"BreadcrumbList","@id":"https:\/\/likepets.lt\/product\/probiotiokas-imby\/#breadcrumb","itemListElement":[{"@type":"ListItem","position":1,"name":"Home","item":"https:\/\/likepets.lt\/lt_lt\/"},{"@type":"ListItem","position":2,"name":"Parduotuv\u0117","item":"https:\/\/likepets.lt\/parduotuve\/"},{"@type":"ListItem","position":3,"name":"Imby &#8220;Probiotics&#8221; vis\u0173 veisli\u0173 \u0161unims-90 vnt."}]},{"@type":"WebSite","@id":"https:\/\/likepets.lt\/#website","url":"https:\/\/likepets.lt\/","name":"Likepets.lt","description":"","publisher":{"@id":"https:\/\/likepets.lt\/#\/schema\/person\/4ad7eed3b9dc7a176cfff59cfc71e86f"},"potentialAction":[{"@type":"SearchAction","target":{"@type":"EntryPoint","urlTemplate":"https:\/\/likepets.lt\/?s={search_term_string}"},"query-input":{"@type":"PropertyValueSpecification","valueRequired":true,"valueName":"search_term_string"}}],"inLanguage":"lt-LT"},{"@type":["Person","Organization"],"@id":"https:\/\/likepets.lt\/#\/schema\/person\/4ad7eed3b9dc7a176cfff59cfc71e86f","name":"Likepets.lt","image":{"@type":"ImageObject","inLanguage":"lt-LT","@id":"https:\/\/likepets.lt\/wp-content\/litespeed\/avatar\/e807fa13845e19a6e6af46a4bc771b01.jpg?ver=1775897302","url":"https:\/\/likepets.lt\/wp-content\/litespeed\/avatar\/e807fa13845e19a6e6af46a4bc771b01.jpg?ver=1775897302","contentUrl":"https:\/\/likepets.lt\/wp-content\/litespeed\/avatar\/e807fa13845e19a6e6af46a4bc771b01.jpg?ver=1775897302","caption":"Likepets.lt"},"logo":{"@id":"https:\/\/likepets.lt\/wp-content\/litespeed\/avatar\/e807fa13845e19a6e6af46a4bc771b01.jpg?ver=1775897302"},"sameAs":["http:\/\/likepets.lt","https:\/\/www.facebook.com\/profile.php?id=61569466134223","https:\/\/www.instagram.com\/likepets77\/?fbclid=IwY2xjawMjUHtleHRuA2FlbQIxMQBicmlkETBlaEhxaVI0bUk1RHl3bmVMAR7IJeYf9r0OCeo9BwYJUD-yM6Osp6MrosWJGq_QweyNqX1BUWyhO1-sP82C2g_aem_xQbJ_D9oWWiUjsE-R3Dlrw"]}]}},"_links":{"self":[{"href":"https:\/\/likepets.lt\/lt_lt\/wp-json\/wp\/v2\/product\/2477","targetHints":{"allow":["GET"]}}],"collection":[{"href":"https:\/\/likepets.lt\/lt_lt\/wp-json\/wp\/v2\/product"}],"about":[{"href":"https:\/\/likepets.lt\/lt_lt\/wp-json\/wp\/v2\/types\/product"}],"replies":[{"embeddable":true,"href":"https:\/\/likepets.lt\/lt_lt\/wp-json\/wp\/v2\/comments?post=2477"}],"version-history":[{"count":4,"href":"https:\/\/likepets.lt\/lt_lt\/wp-json\/wp\/v2\/product\/2477\/revisions"}],"predecessor-version":[{"id":63171,"href":"https:\/\/likepets.lt\/lt_lt\/wp-json\/wp\/v2\/product\/2477\/revisions\/63171"}],"wp:featuredmedia":[{"embeddable":true,"href":"https:\/\/likepets.lt\/lt_lt\/wp-json\/wp\/v2\/media\/2478"}],"wp:attachment":[{"href":"https:\/\/likepets.lt\/lt_lt\/wp-json\/wp\/v2\/media?parent=2477"}],"wp:term":[{"taxonomy":"product_brand","embeddable":true,"href":"https:\/\/likepets.lt\/lt_lt\/wp-json\/wp\/v2\/product_brand?post=2477"},{"taxonomy":"product_cat","embeddable":true,"href":"https:\/\/likepets.lt\/lt_lt\/wp-json\/wp\/v2\/product_cat?post=2477"},{"taxonomy":"product_tag","embeddable":true,"href":"https:\/\/likepets.lt\/lt_lt\/wp-json\/wp\/v2\/product_tag?post=2477"}],"curies":[{"name":"wp","href":"https:\/\/api.w.org\/{rel}","templated":true}]}}