{"id":2613,"date":"2024-10-11T12:03:51","date_gmt":"2024-10-11T12:03:51","guid":{"rendered":"https:\/\/likepets.lt\/?post_type=product&#038;p=2613"},"modified":"2025-04-27T10:06:04","modified_gmt":"2025-04-27T07:06:04","slug":"nimbamedzio-muilas-sampunas","status":"publish","type":"product","link":"https:\/\/likepets.lt\/lt_lt\/product\/nimbamedzio-muilas-sampunas\/","title":{"rendered":"NIMBAMED\u017dIO muilas &#8211; \u0161amp\u016bnas"},"content":{"rendered":"<p><strong>AKTYV\u016aS INGREDIENTAI<\/strong>:<\/p>\n<ul>\n<li><strong>Nimbamed\u017eio aliejuje<\/strong>\u00a0yra gausu riebi\u0173j\u0173, amino r\u016bg\u0161\u010di\u0173, vitamino E, tod\u0117l jis naudingas norint atstatyti odos dr\u0117gm\u0117s balans\u0105, dezinfekuoti ir regeneruoti od\u0105. Padeda apsaugoti gyv\u016bn\u0105 nuo nepageidaujam\u0173 vabzd\u017ei\u0173 \u2013 uod\u0173, erki\u0173 &#8211; gamtoje.<\/li>\n<li><strong>Kokos\u0173 aliejus<\/strong>\u00a0suteikia kailiui apimties, apsaugo nuo i\u0161saus\u0117jimo, kondicionuoja, pary\u0161kina kailio spalv\u0105.<\/li>\n<li><strong>Ricin\u0173 aliejus<\/strong>\u00a0turi antibakterin\u012f poveik\u012f, giliai dr\u0117kina, mink\u0161tina, maitin\u0105 od\u0105 ir suteikia kailiui gra\u017e\u0173 sveik\u0105 blizges\u012f.<\/li>\n<\/ul>\n<p><strong>NAUDOJIMAS<\/strong>: sudr\u0117kinkite gyv\u016bno kail\u012f \u0161iltu vandeniu. \u012etrinkite muil\u0105 sukamaisiais jud\u0117siais kol suputos bei tolygiai pasiskirstys. Kruop\u0161\u010diai i\u0161skalaukite ir nusausinkite kail\u012f.<\/p>\n","protected":false},"excerpt":{"rendered":"<p>Visa j\u0117ga aliejuose! Patogus naudoti, 100 % nat\u016bralios sud\u0117ties kietasis muilas \u2013 \u0161amp\u016bnas tinka tiek vieti\u0161kam naudojimui, tiek viso k\u016bno plovimui. Tinka \u0161unims, kat\u0117ms ir kitiems gyv\u016bnams.<\/p>\n","protected":false},"featured_media":2614,"comment_status":"open","ping_status":"closed","template":"","meta":[],"product_brand":[154],"product_cat":[76],"product_tag":[],"class_list":{"0":"post-2613","1":"product","2":"type-product","3":"status-publish","4":"has-post-thumbnail","6":"product_brand-biocos","7":"product_cat-higienai","10":"first","11":"instock","12":"taxable","13":"shipping-taxable","14":"purchasable","15":"product-type-simple"},"yoast_head":"<!-- This site is optimized with the Yoast SEO plugin v27.4 - https:\/\/yoast.com\/product\/yoast-seo-wordpress\/ -->\n<title>NIMBAMED\u017dIO muilas - \u0161amp\u016bnas - likepets.lt<\/title>\n<meta name=\"description\" content=\"100 % nat\u016bralios sud\u0117ties kietasis muilas \u2013 \u0161amp\u016bnas tinka tiek vieti\u0161kam naudojimui, tiek viso k\u016bno plovimui. Tinka \u0161unims, kat\u0117ms ir kitiems gyv\u016bnams.\" \/>\n<meta name=\"robots\" content=\"index, follow, max-snippet:-1, max-image-preview:large, max-video-preview:-1\" \/>\n<link rel=\"canonical\" href=\"https:\/\/likepets.lt\/lt_lt\/product\/nimbamedzio-muilas-sampunas\/\" \/>\n<meta property=\"og:locale\" content=\"lt_LT\" \/>\n<meta property=\"og:type\" content=\"article\" \/>\n<meta property=\"og:title\" content=\"NIMBAMED\u017dIO muilas - \u0161amp\u016bnas - likepets.lt\" \/>\n<meta property=\"og:description\" content=\"100 % nat\u016bralios sud\u0117ties kietasis muilas \u2013 \u0161amp\u016bnas tinka tiek vieti\u0161kam naudojimui, tiek viso k\u016bno plovimui. Tinka \u0161unims, kat\u0117ms ir kitiems gyv\u016bnams.\" \/>\n<meta property=\"og:url\" content=\"https:\/\/likepets.lt\/lt_lt\/product\/nimbamedzio-muilas-sampunas\/\" \/>\n<meta property=\"og:site_name\" content=\"likepets.lt\" \/>\n<meta property=\"article:publisher\" content=\"https:\/\/www.facebook.com\/profile.php?id=61569466134223\" \/>\n<meta property=\"article:modified_time\" content=\"2025-04-27T07:06:04+00:00\" \/>\n<meta property=\"og:image\" content=\"https:\/\/likepets.lt\/wp-content\/uploads\/2025\/04\/Biocos-muilas-sunims-Nimbamedzio.webp\" \/>\n\t<meta property=\"og:image:width\" content=\"600\" \/>\n\t<meta property=\"og:image:height\" content=\"600\" \/>\n\t<meta property=\"og:image:type\" content=\"image\/webp\" \/>\n<meta name=\"twitter:card\" content=\"summary_large_image\" \/>\n<meta name=\"twitter:label1\" content=\"Est. reading time\" \/>\n\t<meta name=\"twitter:data1\" content=\"1 minut\u0117\" \/>\n<script type=\"application\/ld+json\" class=\"yoast-schema-graph\">{\"@context\":\"https:\\\/\\\/schema.org\",\"@graph\":[{\"@type\":\"WebPage\",\"@id\":\"https:\\\/\\\/likepets.lt\\\/product\\\/nimbamedzio-muilas-sampunas\\\/\",\"url\":\"https:\\\/\\\/likepets.lt\\\/product\\\/nimbamedzio-muilas-sampunas\\\/\",\"name\":\"NIMBAMED\u017dIO muilas - \u0161amp\u016bnas - likepets.lt\",\"isPartOf\":{\"@id\":\"https:\\\/\\\/likepets.lt\\\/#website\"},\"primaryImageOfPage\":{\"@id\":\"https:\\\/\\\/likepets.lt\\\/product\\\/nimbamedzio-muilas-sampunas\\\/#primaryimage\"},\"image\":{\"@id\":\"https:\\\/\\\/likepets.lt\\\/product\\\/nimbamedzio-muilas-sampunas\\\/#primaryimage\"},\"thumbnailUrl\":\"https:\\\/\\\/likepets.lt\\\/wp-content\\\/uploads\\\/2025\\\/04\\\/Biocos-muilas-sunims-Nimbamedzio.webp\",\"datePublished\":\"2024-10-11T12:03:51+00:00\",\"dateModified\":\"2025-04-27T07:06:04+00:00\",\"description\":\"100 % nat\u016bralios sud\u0117ties kietasis muilas \u2013 \u0161amp\u016bnas tinka tiek vieti\u0161kam naudojimui, tiek viso k\u016bno plovimui. Tinka \u0161unims, kat\u0117ms ir kitiems gyv\u016bnams.\",\"breadcrumb\":{\"@id\":\"https:\\\/\\\/likepets.lt\\\/product\\\/nimbamedzio-muilas-sampunas\\\/#breadcrumb\"},\"inLanguage\":\"lt-LT\",\"potentialAction\":[{\"@type\":\"ReadAction\",\"target\":[\"https:\\\/\\\/likepets.lt\\\/product\\\/nimbamedzio-muilas-sampunas\\\/\"]}]},{\"@type\":\"ImageObject\",\"inLanguage\":\"lt-LT\",\"@id\":\"https:\\\/\\\/likepets.lt\\\/product\\\/nimbamedzio-muilas-sampunas\\\/#primaryimage\",\"url\":\"https:\\\/\\\/likepets.lt\\\/wp-content\\\/uploads\\\/2025\\\/04\\\/Biocos-muilas-sunims-Nimbamedzio.webp\",\"contentUrl\":\"https:\\\/\\\/likepets.lt\\\/wp-content\\\/uploads\\\/2025\\\/04\\\/Biocos-muilas-sunims-Nimbamedzio.webp\",\"width\":600,\"height\":600,\"caption\":\"Biobos muilas \u0161unims Nimbamed\u017eio\"},{\"@type\":\"BreadcrumbList\",\"@id\":\"https:\\\/\\\/likepets.lt\\\/product\\\/nimbamedzio-muilas-sampunas\\\/#breadcrumb\",\"itemListElement\":[{\"@type\":\"ListItem\",\"position\":1,\"name\":\"Home\",\"item\":\"https:\\\/\\\/likepets.lt\\\/lt_lt\\\/\"},{\"@type\":\"ListItem\",\"position\":2,\"name\":\"Parduotuv\u0117\",\"item\":\"https:\\\/\\\/likepets.lt\\\/parduotuve\\\/\"},{\"@type\":\"ListItem\",\"position\":3,\"name\":\"NIMBAMED\u017dIO muilas &#8211; \u0161amp\u016bnas\"}]},{\"@type\":\"WebSite\",\"@id\":\"https:\\\/\\\/likepets.lt\\\/#website\",\"url\":\"https:\\\/\\\/likepets.lt\\\/\",\"name\":\"Likepets.lt\",\"description\":\"\",\"publisher\":{\"@id\":\"https:\\\/\\\/likepets.lt\\\/#\\\/schema\\\/person\\\/4ad7eed3b9dc7a176cfff59cfc71e86f\"},\"potentialAction\":[{\"@type\":\"SearchAction\",\"target\":{\"@type\":\"EntryPoint\",\"urlTemplate\":\"https:\\\/\\\/likepets.lt\\\/?s={search_term_string}\"},\"query-input\":{\"@type\":\"PropertyValueSpecification\",\"valueRequired\":true,\"valueName\":\"search_term_string\"}}],\"inLanguage\":\"lt-LT\"},{\"@type\":[\"Person\",\"Organization\"],\"@id\":\"https:\\\/\\\/likepets.lt\\\/#\\\/schema\\\/person\\\/4ad7eed3b9dc7a176cfff59cfc71e86f\",\"name\":\"Likepets.lt\",\"image\":{\"@type\":\"ImageObject\",\"inLanguage\":\"lt-LT\",\"@id\":\"https:\\\/\\\/likepets.lt\\\/wp-content\\\/litespeed\\\/avatar\\\/e807fa13845e19a6e6af46a4bc771b01.jpg?ver=1775897302\",\"url\":\"https:\\\/\\\/likepets.lt\\\/wp-content\\\/litespeed\\\/avatar\\\/e807fa13845e19a6e6af46a4bc771b01.jpg?ver=1775897302\",\"contentUrl\":\"https:\\\/\\\/likepets.lt\\\/wp-content\\\/litespeed\\\/avatar\\\/e807fa13845e19a6e6af46a4bc771b01.jpg?ver=1775897302\",\"caption\":\"Likepets.lt\"},\"logo\":{\"@id\":\"https:\\\/\\\/likepets.lt\\\/wp-content\\\/litespeed\\\/avatar\\\/e807fa13845e19a6e6af46a4bc771b01.jpg?ver=1775897302\"},\"sameAs\":[\"http:\\\/\\\/likepets.lt\",\"https:\\\/\\\/www.facebook.com\\\/profile.php?id=61569466134223\",\"https:\\\/\\\/www.instagram.com\\\/likepets77\\\/?fbclid=IwY2xjawMjUHtleHRuA2FlbQIxMQBicmlkETBlaEhxaVI0bUk1RHl3bmVMAR7IJeYf9r0OCeo9BwYJUD-yM6Osp6MrosWJGq_QweyNqX1BUWyhO1-sP82C2g_aem_xQbJ_D9oWWiUjsE-R3Dlrw\"]}]}<\/script>\n<!-- \/ Yoast SEO plugin. -->","yoast_head_json":{"title":"NIMBAMED\u017dIO muilas - \u0161amp\u016bnas - likepets.lt","description":"100 % nat\u016bralios sud\u0117ties kietasis muilas \u2013 \u0161amp\u016bnas tinka tiek vieti\u0161kam naudojimui, tiek viso k\u016bno plovimui. Tinka \u0161unims, kat\u0117ms ir kitiems gyv\u016bnams.","robots":{"index":"index","follow":"follow","max-snippet":"max-snippet:-1","max-image-preview":"max-image-preview:large","max-video-preview":"max-video-preview:-1"},"canonical":"https:\/\/likepets.lt\/lt_lt\/product\/nimbamedzio-muilas-sampunas\/","og_locale":"lt_LT","og_type":"article","og_title":"NIMBAMED\u017dIO muilas - \u0161amp\u016bnas - likepets.lt","og_description":"100 % nat\u016bralios sud\u0117ties kietasis muilas \u2013 \u0161amp\u016bnas tinka tiek vieti\u0161kam naudojimui, tiek viso k\u016bno plovimui. Tinka \u0161unims, kat\u0117ms ir kitiems gyv\u016bnams.","og_url":"https:\/\/likepets.lt\/lt_lt\/product\/nimbamedzio-muilas-sampunas\/","og_site_name":"likepets.lt","article_publisher":"https:\/\/www.facebook.com\/profile.php?id=61569466134223","article_modified_time":"2025-04-27T07:06:04+00:00","og_image":[{"width":600,"height":600,"url":"https:\/\/likepets.lt\/wp-content\/uploads\/2025\/04\/Biocos-muilas-sunims-Nimbamedzio.webp","type":"image\/webp"}],"twitter_card":"summary_large_image","twitter_misc":{"Est. reading time":"1 minut\u0117"},"schema":{"@context":"https:\/\/schema.org","@graph":[{"@type":"WebPage","@id":"https:\/\/likepets.lt\/product\/nimbamedzio-muilas-sampunas\/","url":"https:\/\/likepets.lt\/product\/nimbamedzio-muilas-sampunas\/","name":"NIMBAMED\u017dIO muilas - \u0161amp\u016bnas - likepets.lt","isPartOf":{"@id":"https:\/\/likepets.lt\/#website"},"primaryImageOfPage":{"@id":"https:\/\/likepets.lt\/product\/nimbamedzio-muilas-sampunas\/#primaryimage"},"image":{"@id":"https:\/\/likepets.lt\/product\/nimbamedzio-muilas-sampunas\/#primaryimage"},"thumbnailUrl":"https:\/\/likepets.lt\/wp-content\/uploads\/2025\/04\/Biocos-muilas-sunims-Nimbamedzio.webp","datePublished":"2024-10-11T12:03:51+00:00","dateModified":"2025-04-27T07:06:04+00:00","description":"100 % nat\u016bralios sud\u0117ties kietasis muilas \u2013 \u0161amp\u016bnas tinka tiek vieti\u0161kam naudojimui, tiek viso k\u016bno plovimui. Tinka \u0161unims, kat\u0117ms ir kitiems gyv\u016bnams.","breadcrumb":{"@id":"https:\/\/likepets.lt\/product\/nimbamedzio-muilas-sampunas\/#breadcrumb"},"inLanguage":"lt-LT","potentialAction":[{"@type":"ReadAction","target":["https:\/\/likepets.lt\/product\/nimbamedzio-muilas-sampunas\/"]}]},{"@type":"ImageObject","inLanguage":"lt-LT","@id":"https:\/\/likepets.lt\/product\/nimbamedzio-muilas-sampunas\/#primaryimage","url":"https:\/\/likepets.lt\/wp-content\/uploads\/2025\/04\/Biocos-muilas-sunims-Nimbamedzio.webp","contentUrl":"https:\/\/likepets.lt\/wp-content\/uploads\/2025\/04\/Biocos-muilas-sunims-Nimbamedzio.webp","width":600,"height":600,"caption":"Biobos muilas \u0161unims Nimbamed\u017eio"},{"@type":"BreadcrumbList","@id":"https:\/\/likepets.lt\/product\/nimbamedzio-muilas-sampunas\/#breadcrumb","itemListElement":[{"@type":"ListItem","position":1,"name":"Home","item":"https:\/\/likepets.lt\/lt_lt\/"},{"@type":"ListItem","position":2,"name":"Parduotuv\u0117","item":"https:\/\/likepets.lt\/parduotuve\/"},{"@type":"ListItem","position":3,"name":"NIMBAMED\u017dIO muilas &#8211; \u0161amp\u016bnas"}]},{"@type":"WebSite","@id":"https:\/\/likepets.lt\/#website","url":"https:\/\/likepets.lt\/","name":"Likepets.lt","description":"","publisher":{"@id":"https:\/\/likepets.lt\/#\/schema\/person\/4ad7eed3b9dc7a176cfff59cfc71e86f"},"potentialAction":[{"@type":"SearchAction","target":{"@type":"EntryPoint","urlTemplate":"https:\/\/likepets.lt\/?s={search_term_string}"},"query-input":{"@type":"PropertyValueSpecification","valueRequired":true,"valueName":"search_term_string"}}],"inLanguage":"lt-LT"},{"@type":["Person","Organization"],"@id":"https:\/\/likepets.lt\/#\/schema\/person\/4ad7eed3b9dc7a176cfff59cfc71e86f","name":"Likepets.lt","image":{"@type":"ImageObject","inLanguage":"lt-LT","@id":"https:\/\/likepets.lt\/wp-content\/litespeed\/avatar\/e807fa13845e19a6e6af46a4bc771b01.jpg?ver=1775897302","url":"https:\/\/likepets.lt\/wp-content\/litespeed\/avatar\/e807fa13845e19a6e6af46a4bc771b01.jpg?ver=1775897302","contentUrl":"https:\/\/likepets.lt\/wp-content\/litespeed\/avatar\/e807fa13845e19a6e6af46a4bc771b01.jpg?ver=1775897302","caption":"Likepets.lt"},"logo":{"@id":"https:\/\/likepets.lt\/wp-content\/litespeed\/avatar\/e807fa13845e19a6e6af46a4bc771b01.jpg?ver=1775897302"},"sameAs":["http:\/\/likepets.lt","https:\/\/www.facebook.com\/profile.php?id=61569466134223","https:\/\/www.instagram.com\/likepets77\/?fbclid=IwY2xjawMjUHtleHRuA2FlbQIxMQBicmlkETBlaEhxaVI0bUk1RHl3bmVMAR7IJeYf9r0OCeo9BwYJUD-yM6Osp6MrosWJGq_QweyNqX1BUWyhO1-sP82C2g_aem_xQbJ_D9oWWiUjsE-R3Dlrw"]}]}},"_links":{"self":[{"href":"https:\/\/likepets.lt\/lt_lt\/wp-json\/wp\/v2\/product\/2613","targetHints":{"allow":["GET"]}}],"collection":[{"href":"https:\/\/likepets.lt\/lt_lt\/wp-json\/wp\/v2\/product"}],"about":[{"href":"https:\/\/likepets.lt\/lt_lt\/wp-json\/wp\/v2\/types\/product"}],"replies":[{"embeddable":true,"href":"https:\/\/likepets.lt\/lt_lt\/wp-json\/wp\/v2\/comments?post=2613"}],"version-history":[{"count":0,"href":"https:\/\/likepets.lt\/lt_lt\/wp-json\/wp\/v2\/product\/2613\/revisions"}],"wp:featuredmedia":[{"embeddable":true,"href":"https:\/\/likepets.lt\/lt_lt\/wp-json\/wp\/v2\/media\/2614"}],"wp:attachment":[{"href":"https:\/\/likepets.lt\/lt_lt\/wp-json\/wp\/v2\/media?parent=2613"}],"wp:term":[{"taxonomy":"product_brand","embeddable":true,"href":"https:\/\/likepets.lt\/lt_lt\/wp-json\/wp\/v2\/product_brand?post=2613"},{"taxonomy":"product_cat","embeddable":true,"href":"https:\/\/likepets.lt\/lt_lt\/wp-json\/wp\/v2\/product_cat?post=2613"},{"taxonomy":"product_tag","embeddable":true,"href":"https:\/\/likepets.lt\/lt_lt\/wp-json\/wp\/v2\/product_tag?post=2613"}],"curies":[{"name":"wp","href":"https:\/\/api.w.org\/{rel}","templated":true}]}}