{"id":2617,"date":"2024-10-11T12:13:37","date_gmt":"2024-10-11T12:13:37","guid":{"rendered":"https:\/\/likepets.lt\/?post_type=product&#038;p=2617"},"modified":"2025-04-27T10:05:19","modified_gmt":"2025-04-27T07:05:19","slug":"pet-care-ilgaplaukiu-sunu-sampunas-silk","status":"publish","type":"product","link":"https:\/\/likepets.lt\/lt_lt\/product\/pet-care-ilgaplaukiu-sunu-sampunas-silk\/","title":{"rendered":"PET CARE ilgaplauki\u0173 \u0161un\u0173 \u0161amp\u016bnas SILK"},"content":{"rendered":"<p>Produkto sudedamosios dalys yra 100% nat\u016bralios. \u0160amp\u016bno formul\u0117 sudaryta i\u0161 nat\u016brali\u0173, augalin\u0117s kilm\u0117s med\u017eiag\u0173, kurios \u0161velniai i\u0161plauna ir puosel\u0117ja gyv\u016bno kail\u012f ir od\u0105. Sud\u0117tyje n\u0117ra SLS, paraben\u0173 ir kit\u0173 chemini\u0173 med\u017eiag\u0173 bei konservant\u0173. \u0160is \u0161ilku praturtintas \u0161amp\u016bnas puikiai tiks ilgaplaukiams gyv\u016bnams, ta\u010diau sud\u0117tyje, taip pat, esanti gausyb\u0117 \u012fvairi\u0173 nauding\u0173 bazini\u0173 aliej\u0173 bus labai naudinga ir trumpaplauki\u0173 kailio prie\u017ei\u016brai.<\/p>\n<p><strong>AKTYV\u016aS INGREDIENTAI<\/strong>:<\/p>\n<ul>\n<li><strong>Alavij\u0173 sultys<\/strong>\u00a0nuramina ir \u0161velniai dr\u0117kina gyv\u016bno od\u0105 ir kail\u012f.<\/li>\n<li><strong>Pantenolis\u00a0<\/strong>dr\u0117kina gyv\u016bno od\u0105 bei formuoja plon\u0105 pl\u0117vel\u0119 ant plauko pavir\u0161iaus taip u\u017erakindamas dr\u0117gm\u0119 ir neleisdamas kailiui i\u0161saus\u0117ti. Pantenolis suteikia kailiui sveiko \u017evilgesio ir glotnumo, \u0161io ingrediento d\u0117ka gyv\u016bno kailis ma\u017eiau veliasi.<\/li>\n<li><strong>Argano aliejus<\/strong>, kuriame yra daug polineso\u010di\u0173j\u0173 riebi\u0173j\u0173 r\u016bg\u0161\u010di\u0173, apsaugo ir pamaitina kail\u012f bei od\u0105, suteikia kailiui \u017evilgesio bei j\u012f sustiprina.<\/li>\n<li><strong>Simondsij\u0173 aliejus<\/strong>\u00a0pasi\u017eymi prie\u0161u\u017edegimin\u0117mis savyb\u0117mis bei intensyviu dr\u0117kinan\u010diu ir maitinan\u010diu poveikiu tad labai tinka naudoti tuomet, kai augintinio oda i\u0161saus\u0117jusi, pa\u017eeista. Simondsij\u0173 aliejus maitina ir glotnina kail\u012f.<\/li>\n<li><strong>Augalinis \u0161ilkas<\/strong>\u00a0ypa\u010d intensyviai dr\u0117kina kail\u012f ir od\u0105, d\u0117l ko kailis tampa \u0161velnus, stiprus, ma\u017eiau veliasi.<\/li>\n<li><strong>Ylang ylang eterinis aliejus<\/strong>\u00a0skatina kailio augim\u0105, o\u00a0<strong>balt\u0173j\u0173 greipfrut\u0173 eterinis aliejus<\/strong>\u00a0suteikia malon\u0173 ir gaiv\u0173 aromat\u0105.<\/li>\n<li>Hidrolizuoti\u00a0<strong>kvie\u010di\u0173 proteinai<\/strong>\u00a0naudojami d\u0117l kondicionuojan\u010di\u0173, antistatini\u0173 savybi\u0173.<\/li>\n<\/ul>\n<p><strong>NAUDOJIMAS<\/strong>: sudr\u0117kinkite gyv\u016bno kail\u012f \u0161iltu vandeniu. \u012etrinkite \u0161amp\u016bn\u0105 sukamaisiais judesiais kol suputos bei tolygiai pasiskirstys. Kruop\u0161\u010diai i\u0161skalaukite ir nusausinkite kail\u012f.<\/p>\n","protected":false},"excerpt":{"rendered":"<p>Puikiai pamaitintas plaukas nuo folikulo iki pat galiuko! Itin turtingos, 100 % nat\u016bralios sud\u0117ties \u0161amp\u016bnas subalansuotas ilgaplaukiams \u0161unims, ta\u010diau idealiai tinkantis ir trumpo plauko savininkams!<\/p>\n","protected":false},"featured_media":2618,"comment_status":"open","ping_status":"closed","template":"","meta":[],"product_brand":[154],"product_cat":[76],"product_tag":[],"class_list":{"0":"post-2617","1":"product","2":"type-product","3":"status-publish","4":"has-post-thumbnail","6":"product_brand-biocos","7":"product_cat-higienai","10":"first","11":"instock","12":"taxable","13":"shipping-taxable","14":"purchasable","15":"product-type-simple"},"yoast_head":"<!-- This site is optimized with the Yoast SEO plugin v27.4 - https:\/\/yoast.com\/product\/yoast-seo-wordpress\/ -->\n<title>PET CARE ilgaplauki\u0173 \u0161un\u0173 \u0161amp\u016bnas SILK - likepets.lt<\/title>\n<meta name=\"description\" content=\"\u0160is \u0161ilku praturtintas \u0161amp\u016bnas praturtintas \u012fvairi\u0173 nauding\u0173 bazini\u0173 aliej\u0173, tiks ilgaplaukiams ir trumaplaukiams keturkojams.\" \/>\n<meta name=\"robots\" content=\"index, follow, max-snippet:-1, max-image-preview:large, max-video-preview:-1\" \/>\n<link rel=\"canonical\" href=\"https:\/\/likepets.lt\/lt_lt\/product\/pet-care-ilgaplaukiu-sunu-sampunas-silk\/\" \/>\n<meta property=\"og:locale\" content=\"lt_LT\" \/>\n<meta property=\"og:type\" content=\"article\" \/>\n<meta property=\"og:title\" content=\"PET CARE ilgaplauki\u0173 \u0161un\u0173 \u0161amp\u016bnas SILK - likepets.lt\" \/>\n<meta property=\"og:description\" content=\"\u0160is \u0161ilku praturtintas \u0161amp\u016bnas praturtintas \u012fvairi\u0173 nauding\u0173 bazini\u0173 aliej\u0173, tiks ilgaplaukiams ir trumaplaukiams keturkojams.\" \/>\n<meta property=\"og:url\" content=\"https:\/\/likepets.lt\/lt_lt\/product\/pet-care-ilgaplaukiu-sunu-sampunas-silk\/\" \/>\n<meta property=\"og:site_name\" content=\"likepets.lt\" \/>\n<meta property=\"article:publisher\" content=\"https:\/\/www.facebook.com\/profile.php?id=61569466134223\" \/>\n<meta property=\"article:modified_time\" content=\"2025-04-27T07:05:19+00:00\" \/>\n<meta property=\"og:image\" content=\"https:\/\/likepets.lt\/wp-content\/uploads\/2025\/04\/Biocos-neutralus-sampunas-sunims.webp\" \/>\n\t<meta property=\"og:image:width\" content=\"600\" \/>\n\t<meta property=\"og:image:height\" content=\"600\" \/>\n\t<meta property=\"og:image:type\" content=\"image\/webp\" \/>\n<meta name=\"twitter:card\" content=\"summary_large_image\" \/>\n<meta name=\"twitter:label1\" content=\"Est. reading time\" \/>\n\t<meta name=\"twitter:data1\" content=\"2 minut\u0117s\" \/>\n<script type=\"application\/ld+json\" class=\"yoast-schema-graph\">{\"@context\":\"https:\\\/\\\/schema.org\",\"@graph\":[{\"@type\":\"WebPage\",\"@id\":\"https:\\\/\\\/likepets.lt\\\/product\\\/pet-care-ilgaplaukiu-sunu-sampunas-silk\\\/\",\"url\":\"https:\\\/\\\/likepets.lt\\\/product\\\/pet-care-ilgaplaukiu-sunu-sampunas-silk\\\/\",\"name\":\"PET CARE ilgaplauki\u0173 \u0161un\u0173 \u0161amp\u016bnas SILK - likepets.lt\",\"isPartOf\":{\"@id\":\"https:\\\/\\\/likepets.lt\\\/#website\"},\"primaryImageOfPage\":{\"@id\":\"https:\\\/\\\/likepets.lt\\\/product\\\/pet-care-ilgaplaukiu-sunu-sampunas-silk\\\/#primaryimage\"},\"image\":{\"@id\":\"https:\\\/\\\/likepets.lt\\\/product\\\/pet-care-ilgaplaukiu-sunu-sampunas-silk\\\/#primaryimage\"},\"thumbnailUrl\":\"https:\\\/\\\/likepets.lt\\\/wp-content\\\/uploads\\\/2025\\\/04\\\/Biocos-neutralus-sampunas-sunims.webp\",\"datePublished\":\"2024-10-11T12:13:37+00:00\",\"dateModified\":\"2025-04-27T07:05:19+00:00\",\"description\":\"\u0160is \u0161ilku praturtintas \u0161amp\u016bnas praturtintas \u012fvairi\u0173 nauding\u0173 bazini\u0173 aliej\u0173, tiks ilgaplaukiams ir trumaplaukiams keturkojams.\",\"breadcrumb\":{\"@id\":\"https:\\\/\\\/likepets.lt\\\/product\\\/pet-care-ilgaplaukiu-sunu-sampunas-silk\\\/#breadcrumb\"},\"inLanguage\":\"lt-LT\",\"potentialAction\":[{\"@type\":\"ReadAction\",\"target\":[\"https:\\\/\\\/likepets.lt\\\/product\\\/pet-care-ilgaplaukiu-sunu-sampunas-silk\\\/\"]}]},{\"@type\":\"ImageObject\",\"inLanguage\":\"lt-LT\",\"@id\":\"https:\\\/\\\/likepets.lt\\\/product\\\/pet-care-ilgaplaukiu-sunu-sampunas-silk\\\/#primaryimage\",\"url\":\"https:\\\/\\\/likepets.lt\\\/wp-content\\\/uploads\\\/2025\\\/04\\\/Biocos-neutralus-sampunas-sunims.webp\",\"contentUrl\":\"https:\\\/\\\/likepets.lt\\\/wp-content\\\/uploads\\\/2025\\\/04\\\/Biocos-neutralus-sampunas-sunims.webp\",\"width\":600,\"height\":600,\"caption\":\"Biocos alergi\u0161kiems \u0161unims \u0161amp\u016bnas\"},{\"@type\":\"BreadcrumbList\",\"@id\":\"https:\\\/\\\/likepets.lt\\\/product\\\/pet-care-ilgaplaukiu-sunu-sampunas-silk\\\/#breadcrumb\",\"itemListElement\":[{\"@type\":\"ListItem\",\"position\":1,\"name\":\"Home\",\"item\":\"https:\\\/\\\/likepets.lt\\\/lt_lt\\\/\"},{\"@type\":\"ListItem\",\"position\":2,\"name\":\"Parduotuv\u0117\",\"item\":\"https:\\\/\\\/likepets.lt\\\/parduotuve\\\/\"},{\"@type\":\"ListItem\",\"position\":3,\"name\":\"PET CARE ilgaplauki\u0173 \u0161un\u0173 \u0161amp\u016bnas SILK\"}]},{\"@type\":\"WebSite\",\"@id\":\"https:\\\/\\\/likepets.lt\\\/#website\",\"url\":\"https:\\\/\\\/likepets.lt\\\/\",\"name\":\"Likepets.lt\",\"description\":\"\",\"publisher\":{\"@id\":\"https:\\\/\\\/likepets.lt\\\/#\\\/schema\\\/person\\\/4ad7eed3b9dc7a176cfff59cfc71e86f\"},\"potentialAction\":[{\"@type\":\"SearchAction\",\"target\":{\"@type\":\"EntryPoint\",\"urlTemplate\":\"https:\\\/\\\/likepets.lt\\\/?s={search_term_string}\"},\"query-input\":{\"@type\":\"PropertyValueSpecification\",\"valueRequired\":true,\"valueName\":\"search_term_string\"}}],\"inLanguage\":\"lt-LT\"},{\"@type\":[\"Person\",\"Organization\"],\"@id\":\"https:\\\/\\\/likepets.lt\\\/#\\\/schema\\\/person\\\/4ad7eed3b9dc7a176cfff59cfc71e86f\",\"name\":\"Likepets.lt\",\"image\":{\"@type\":\"ImageObject\",\"inLanguage\":\"lt-LT\",\"@id\":\"https:\\\/\\\/likepets.lt\\\/wp-content\\\/litespeed\\\/avatar\\\/e807fa13845e19a6e6af46a4bc771b01.jpg?ver=1775897302\",\"url\":\"https:\\\/\\\/likepets.lt\\\/wp-content\\\/litespeed\\\/avatar\\\/e807fa13845e19a6e6af46a4bc771b01.jpg?ver=1775897302\",\"contentUrl\":\"https:\\\/\\\/likepets.lt\\\/wp-content\\\/litespeed\\\/avatar\\\/e807fa13845e19a6e6af46a4bc771b01.jpg?ver=1775897302\",\"caption\":\"Likepets.lt\"},\"logo\":{\"@id\":\"https:\\\/\\\/likepets.lt\\\/wp-content\\\/litespeed\\\/avatar\\\/e807fa13845e19a6e6af46a4bc771b01.jpg?ver=1775897302\"},\"sameAs\":[\"http:\\\/\\\/likepets.lt\",\"https:\\\/\\\/www.facebook.com\\\/profile.php?id=61569466134223\",\"https:\\\/\\\/www.instagram.com\\\/likepets77\\\/?fbclid=IwY2xjawMjUHtleHRuA2FlbQIxMQBicmlkETBlaEhxaVI0bUk1RHl3bmVMAR7IJeYf9r0OCeo9BwYJUD-yM6Osp6MrosWJGq_QweyNqX1BUWyhO1-sP82C2g_aem_xQbJ_D9oWWiUjsE-R3Dlrw\"]}]}<\/script>\n<!-- \/ Yoast SEO plugin. -->","yoast_head_json":{"title":"PET CARE ilgaplauki\u0173 \u0161un\u0173 \u0161amp\u016bnas SILK - likepets.lt","description":"\u0160is \u0161ilku praturtintas \u0161amp\u016bnas praturtintas \u012fvairi\u0173 nauding\u0173 bazini\u0173 aliej\u0173, tiks ilgaplaukiams ir trumaplaukiams keturkojams.","robots":{"index":"index","follow":"follow","max-snippet":"max-snippet:-1","max-image-preview":"max-image-preview:large","max-video-preview":"max-video-preview:-1"},"canonical":"https:\/\/likepets.lt\/lt_lt\/product\/pet-care-ilgaplaukiu-sunu-sampunas-silk\/","og_locale":"lt_LT","og_type":"article","og_title":"PET CARE ilgaplauki\u0173 \u0161un\u0173 \u0161amp\u016bnas SILK - likepets.lt","og_description":"\u0160is \u0161ilku praturtintas \u0161amp\u016bnas praturtintas \u012fvairi\u0173 nauding\u0173 bazini\u0173 aliej\u0173, tiks ilgaplaukiams ir trumaplaukiams keturkojams.","og_url":"https:\/\/likepets.lt\/lt_lt\/product\/pet-care-ilgaplaukiu-sunu-sampunas-silk\/","og_site_name":"likepets.lt","article_publisher":"https:\/\/www.facebook.com\/profile.php?id=61569466134223","article_modified_time":"2025-04-27T07:05:19+00:00","og_image":[{"width":600,"height":600,"url":"https:\/\/likepets.lt\/wp-content\/uploads\/2025\/04\/Biocos-neutralus-sampunas-sunims.webp","type":"image\/webp"}],"twitter_card":"summary_large_image","twitter_misc":{"Est. reading time":"2 minut\u0117s"},"schema":{"@context":"https:\/\/schema.org","@graph":[{"@type":"WebPage","@id":"https:\/\/likepets.lt\/product\/pet-care-ilgaplaukiu-sunu-sampunas-silk\/","url":"https:\/\/likepets.lt\/product\/pet-care-ilgaplaukiu-sunu-sampunas-silk\/","name":"PET CARE ilgaplauki\u0173 \u0161un\u0173 \u0161amp\u016bnas SILK - likepets.lt","isPartOf":{"@id":"https:\/\/likepets.lt\/#website"},"primaryImageOfPage":{"@id":"https:\/\/likepets.lt\/product\/pet-care-ilgaplaukiu-sunu-sampunas-silk\/#primaryimage"},"image":{"@id":"https:\/\/likepets.lt\/product\/pet-care-ilgaplaukiu-sunu-sampunas-silk\/#primaryimage"},"thumbnailUrl":"https:\/\/likepets.lt\/wp-content\/uploads\/2025\/04\/Biocos-neutralus-sampunas-sunims.webp","datePublished":"2024-10-11T12:13:37+00:00","dateModified":"2025-04-27T07:05:19+00:00","description":"\u0160is \u0161ilku praturtintas \u0161amp\u016bnas praturtintas \u012fvairi\u0173 nauding\u0173 bazini\u0173 aliej\u0173, tiks ilgaplaukiams ir trumaplaukiams keturkojams.","breadcrumb":{"@id":"https:\/\/likepets.lt\/product\/pet-care-ilgaplaukiu-sunu-sampunas-silk\/#breadcrumb"},"inLanguage":"lt-LT","potentialAction":[{"@type":"ReadAction","target":["https:\/\/likepets.lt\/product\/pet-care-ilgaplaukiu-sunu-sampunas-silk\/"]}]},{"@type":"ImageObject","inLanguage":"lt-LT","@id":"https:\/\/likepets.lt\/product\/pet-care-ilgaplaukiu-sunu-sampunas-silk\/#primaryimage","url":"https:\/\/likepets.lt\/wp-content\/uploads\/2025\/04\/Biocos-neutralus-sampunas-sunims.webp","contentUrl":"https:\/\/likepets.lt\/wp-content\/uploads\/2025\/04\/Biocos-neutralus-sampunas-sunims.webp","width":600,"height":600,"caption":"Biocos alergi\u0161kiems \u0161unims \u0161amp\u016bnas"},{"@type":"BreadcrumbList","@id":"https:\/\/likepets.lt\/product\/pet-care-ilgaplaukiu-sunu-sampunas-silk\/#breadcrumb","itemListElement":[{"@type":"ListItem","position":1,"name":"Home","item":"https:\/\/likepets.lt\/lt_lt\/"},{"@type":"ListItem","position":2,"name":"Parduotuv\u0117","item":"https:\/\/likepets.lt\/parduotuve\/"},{"@type":"ListItem","position":3,"name":"PET CARE ilgaplauki\u0173 \u0161un\u0173 \u0161amp\u016bnas SILK"}]},{"@type":"WebSite","@id":"https:\/\/likepets.lt\/#website","url":"https:\/\/likepets.lt\/","name":"Likepets.lt","description":"","publisher":{"@id":"https:\/\/likepets.lt\/#\/schema\/person\/4ad7eed3b9dc7a176cfff59cfc71e86f"},"potentialAction":[{"@type":"SearchAction","target":{"@type":"EntryPoint","urlTemplate":"https:\/\/likepets.lt\/?s={search_term_string}"},"query-input":{"@type":"PropertyValueSpecification","valueRequired":true,"valueName":"search_term_string"}}],"inLanguage":"lt-LT"},{"@type":["Person","Organization"],"@id":"https:\/\/likepets.lt\/#\/schema\/person\/4ad7eed3b9dc7a176cfff59cfc71e86f","name":"Likepets.lt","image":{"@type":"ImageObject","inLanguage":"lt-LT","@id":"https:\/\/likepets.lt\/wp-content\/litespeed\/avatar\/e807fa13845e19a6e6af46a4bc771b01.jpg?ver=1775897302","url":"https:\/\/likepets.lt\/wp-content\/litespeed\/avatar\/e807fa13845e19a6e6af46a4bc771b01.jpg?ver=1775897302","contentUrl":"https:\/\/likepets.lt\/wp-content\/litespeed\/avatar\/e807fa13845e19a6e6af46a4bc771b01.jpg?ver=1775897302","caption":"Likepets.lt"},"logo":{"@id":"https:\/\/likepets.lt\/wp-content\/litespeed\/avatar\/e807fa13845e19a6e6af46a4bc771b01.jpg?ver=1775897302"},"sameAs":["http:\/\/likepets.lt","https:\/\/www.facebook.com\/profile.php?id=61569466134223","https:\/\/www.instagram.com\/likepets77\/?fbclid=IwY2xjawMjUHtleHRuA2FlbQIxMQBicmlkETBlaEhxaVI0bUk1RHl3bmVMAR7IJeYf9r0OCeo9BwYJUD-yM6Osp6MrosWJGq_QweyNqX1BUWyhO1-sP82C2g_aem_xQbJ_D9oWWiUjsE-R3Dlrw"]}]}},"_links":{"self":[{"href":"https:\/\/likepets.lt\/lt_lt\/wp-json\/wp\/v2\/product\/2617","targetHints":{"allow":["GET"]}}],"collection":[{"href":"https:\/\/likepets.lt\/lt_lt\/wp-json\/wp\/v2\/product"}],"about":[{"href":"https:\/\/likepets.lt\/lt_lt\/wp-json\/wp\/v2\/types\/product"}],"replies":[{"embeddable":true,"href":"https:\/\/likepets.lt\/lt_lt\/wp-json\/wp\/v2\/comments?post=2617"}],"version-history":[{"count":1,"href":"https:\/\/likepets.lt\/lt_lt\/wp-json\/wp\/v2\/product\/2617\/revisions"}],"predecessor-version":[{"id":62471,"href":"https:\/\/likepets.lt\/lt_lt\/wp-json\/wp\/v2\/product\/2617\/revisions\/62471"}],"wp:featuredmedia":[{"embeddable":true,"href":"https:\/\/likepets.lt\/lt_lt\/wp-json\/wp\/v2\/media\/2618"}],"wp:attachment":[{"href":"https:\/\/likepets.lt\/lt_lt\/wp-json\/wp\/v2\/media?parent=2617"}],"wp:term":[{"taxonomy":"product_brand","embeddable":true,"href":"https:\/\/likepets.lt\/lt_lt\/wp-json\/wp\/v2\/product_brand?post=2617"},{"taxonomy":"product_cat","embeddable":true,"href":"https:\/\/likepets.lt\/lt_lt\/wp-json\/wp\/v2\/product_cat?post=2617"},{"taxonomy":"product_tag","embeddable":true,"href":"https:\/\/likepets.lt\/lt_lt\/wp-json\/wp\/v2\/product_tag?post=2617"}],"curies":[{"name":"wp","href":"https:\/\/api.w.org\/{rel}","templated":true}]}}