{"id":2621,"date":"2024-10-11T12:20:36","date_gmt":"2024-10-11T12:20:36","guid":{"rendered":"https:\/\/likepets.lt\/?post_type=product&#038;p=2621"},"modified":"2025-04-27T10:04:29","modified_gmt":"2025-04-27T07:04:29","slug":"pet-care-neutralus-sampunas-sunims-gentle","status":"publish","type":"product","link":"https:\/\/likepets.lt\/lt_lt\/product\/pet-care-neutralus-sampunas-sunims-gentle\/","title":{"rendered":"PET CARE neutralus \u0161amp\u016bnas \u0161unims GENTLE"},"content":{"rendered":"<p>\u0160amp\u016bno sudedamosios dalys yra 100% nat\u016bralios. \u0160amp\u016bno formul\u0117 sudaryta i\u0161 nat\u016brali\u0173, augalin\u0117s kilm\u0117s med\u017eiag\u0173, kurios \u0161velniai i\u0161plauna ir puosel\u0117ja gyv\u016bno kail\u012f ir od\u0105. Sud\u0117tyje n\u0117ra SLS, paraben\u0173, eterini\u0173 aliej\u0173 ir kit\u0173 chemini\u0173 med\u017eiag\u0173 bei konservant\u0173.\u00a0Itin lakoni\u0161ka \u0161io produkto sud\u0117tis leid\u017eia suma\u017einti galim\u0173 alergini\u0173 reakcij\u0173 rizik\u0105.<\/p>\n<p><strong>AKTYV\u016aS INGREDIENTAI<\/strong>:<\/p>\n<ul>\n<li>Levand\u0173 vanduo turi antiseptini\u0173, raminan\u010di\u0173 savybi\u0173, jis padeda ma\u017einti \u017eaizdeles, tod\u0117l puikiai tinka jei augintinio odos pavir\u0161ius yra pa\u017eeistas. Raminantis levand\u0173 kvapas gyv\u016bn\u0173 vonios proced\u016bras malonesn\u0117mis paver\u010dia tiek augintiniui, tiek patiems Jums (tikime, kad \u0161uniuk\u0173 maudyn\u0117s yra kantryb\u0117s reikalaujanti misija ne tik mums J).<\/li>\n<li>Simondsij\u0173 aliejus pasi\u017eymi prie\u0161u\u017edegimin\u0117mis savyb\u0117mis bei intensyviu dr\u0117kinan\u010diu ir maitinan\u010diu poveikiu tad labai tinka naudoti tuomet, kai augintinio oda i\u0161saus\u0117jusi, pa\u017eeista. Simondsij\u0173 aliejus maitina ir glotnina kail\u012f.<\/li>\n<li>Hidrolizuoti kvie\u010di\u0173 proteinai naudojami d\u0117l kondicionuojan\u010di\u0173, antistatini\u0173 savybi\u0173.<\/li>\n<\/ul>\n<p>&nbsp;<\/p>\n<p><strong>NAUDOJIMAS<\/strong>: sudr\u0117kinkite gyv\u016bno kail\u012f \u0161iltu vandeniu. \u012etrinkite \u0161amp\u016bn\u0105 sukamaisiais judesiais kol suputos bei tolygiai pasiskirstys. Kruop\u0161\u010diai i\u0161skalaukite ir nusausinkite kail\u012f.<\/p>\n","protected":false},"excerpt":{"rendered":"<p>Genialumas paprastume! Antialerginis \u0161amp\u016bnas yra 100 % nat\u016bralus gaminys, tinkantis \u0161unims, kat\u0117ms ir kitiems gyv\u016bnams. Tinka alergi\u0161kiems bei jauniems gyv\u016bnams!<\/p>\n","protected":false},"featured_media":2618,"comment_status":"open","ping_status":"closed","template":"","meta":[],"product_brand":[154],"product_cat":[76],"product_tag":[],"class_list":{"0":"post-2621","1":"product","2":"type-product","3":"status-publish","4":"has-post-thumbnail","6":"product_brand-biocos","7":"product_cat-higienai","10":"first","11":"instock","12":"taxable","13":"shipping-taxable","14":"purchasable","15":"product-type-simple"},"yoast_head":"<!-- This site is optimized with the Yoast SEO plugin v27.4 - https:\/\/yoast.com\/product\/yoast-seo-wordpress\/ -->\n<title>PET CARE neutralus \u0161amp\u016bnas \u0161unims GENTLE - likepets.lt<\/title>\n<meta name=\"description\" content=\"Antialerginis \u0161amp\u016bnas yra 100 % nat\u016bralus gaminys, tinkantis \u0161unims, kat\u0117ms ir kitiems gyv\u016bnams. Tinka alergi\u0161kiems bei jauniems gyv\u016bnams!\u00a0\" \/>\n<meta name=\"robots\" content=\"index, follow, max-snippet:-1, max-image-preview:large, max-video-preview:-1\" \/>\n<link rel=\"canonical\" href=\"https:\/\/likepets.lt\/lt_lt\/product\/pet-care-neutralus-sampunas-sunims-gentle\/\" \/>\n<meta property=\"og:locale\" content=\"lt_LT\" \/>\n<meta property=\"og:type\" content=\"article\" \/>\n<meta property=\"og:title\" content=\"PET CARE neutralus \u0161amp\u016bnas \u0161unims GENTLE - likepets.lt\" \/>\n<meta property=\"og:description\" content=\"Antialerginis \u0161amp\u016bnas yra 100 % nat\u016bralus gaminys, tinkantis \u0161unims, kat\u0117ms ir kitiems gyv\u016bnams. Tinka alergi\u0161kiems bei jauniems gyv\u016bnams!\u00a0\" \/>\n<meta property=\"og:url\" content=\"https:\/\/likepets.lt\/lt_lt\/product\/pet-care-neutralus-sampunas-sunims-gentle\/\" \/>\n<meta property=\"og:site_name\" content=\"likepets.lt\" \/>\n<meta property=\"article:publisher\" content=\"https:\/\/www.facebook.com\/profile.php?id=61569466134223\" \/>\n<meta property=\"article:modified_time\" content=\"2025-04-27T07:04:29+00:00\" \/>\n<meta property=\"og:image\" content=\"https:\/\/likepets.lt\/wp-content\/uploads\/2025\/04\/Biocos-neutralus-sampunas-sunims.webp\" \/>\n\t<meta property=\"og:image:width\" content=\"600\" \/>\n\t<meta property=\"og:image:height\" content=\"600\" \/>\n\t<meta property=\"og:image:type\" content=\"image\/webp\" \/>\n<meta name=\"twitter:card\" content=\"summary_large_image\" \/>\n<meta name=\"twitter:label1\" content=\"Est. reading time\" \/>\n\t<meta name=\"twitter:data1\" content=\"2 minut\u0117s\" \/>\n<script type=\"application\/ld+json\" class=\"yoast-schema-graph\">{\"@context\":\"https:\\\/\\\/schema.org\",\"@graph\":[{\"@type\":\"WebPage\",\"@id\":\"https:\\\/\\\/likepets.lt\\\/product\\\/pet-care-neutralus-sampunas-sunims-gentle\\\/\",\"url\":\"https:\\\/\\\/likepets.lt\\\/product\\\/pet-care-neutralus-sampunas-sunims-gentle\\\/\",\"name\":\"PET CARE neutralus \u0161amp\u016bnas \u0161unims GENTLE - likepets.lt\",\"isPartOf\":{\"@id\":\"https:\\\/\\\/likepets.lt\\\/#website\"},\"primaryImageOfPage\":{\"@id\":\"https:\\\/\\\/likepets.lt\\\/product\\\/pet-care-neutralus-sampunas-sunims-gentle\\\/#primaryimage\"},\"image\":{\"@id\":\"https:\\\/\\\/likepets.lt\\\/product\\\/pet-care-neutralus-sampunas-sunims-gentle\\\/#primaryimage\"},\"thumbnailUrl\":\"https:\\\/\\\/likepets.lt\\\/wp-content\\\/uploads\\\/2025\\\/04\\\/Biocos-neutralus-sampunas-sunims.webp\",\"datePublished\":\"2024-10-11T12:20:36+00:00\",\"dateModified\":\"2025-04-27T07:04:29+00:00\",\"description\":\"Antialerginis \u0161amp\u016bnas yra 100 % nat\u016bralus gaminys, tinkantis \u0161unims, kat\u0117ms ir kitiems gyv\u016bnams. Tinka alergi\u0161kiems bei jauniems gyv\u016bnams!\u00a0\",\"breadcrumb\":{\"@id\":\"https:\\\/\\\/likepets.lt\\\/product\\\/pet-care-neutralus-sampunas-sunims-gentle\\\/#breadcrumb\"},\"inLanguage\":\"lt-LT\",\"potentialAction\":[{\"@type\":\"ReadAction\",\"target\":[\"https:\\\/\\\/likepets.lt\\\/product\\\/pet-care-neutralus-sampunas-sunims-gentle\\\/\"]}]},{\"@type\":\"ImageObject\",\"inLanguage\":\"lt-LT\",\"@id\":\"https:\\\/\\\/likepets.lt\\\/product\\\/pet-care-neutralus-sampunas-sunims-gentle\\\/#primaryimage\",\"url\":\"https:\\\/\\\/likepets.lt\\\/wp-content\\\/uploads\\\/2025\\\/04\\\/Biocos-neutralus-sampunas-sunims.webp\",\"contentUrl\":\"https:\\\/\\\/likepets.lt\\\/wp-content\\\/uploads\\\/2025\\\/04\\\/Biocos-neutralus-sampunas-sunims.webp\",\"width\":600,\"height\":600,\"caption\":\"Biocos alergi\u0161kiems \u0161unims \u0161amp\u016bnas\"},{\"@type\":\"BreadcrumbList\",\"@id\":\"https:\\\/\\\/likepets.lt\\\/product\\\/pet-care-neutralus-sampunas-sunims-gentle\\\/#breadcrumb\",\"itemListElement\":[{\"@type\":\"ListItem\",\"position\":1,\"name\":\"Home\",\"item\":\"https:\\\/\\\/likepets.lt\\\/lt_lt\\\/\"},{\"@type\":\"ListItem\",\"position\":2,\"name\":\"Parduotuv\u0117\",\"item\":\"https:\\\/\\\/likepets.lt\\\/parduotuve\\\/\"},{\"@type\":\"ListItem\",\"position\":3,\"name\":\"PET CARE neutralus \u0161amp\u016bnas \u0161unims GENTLE\"}]},{\"@type\":\"WebSite\",\"@id\":\"https:\\\/\\\/likepets.lt\\\/#website\",\"url\":\"https:\\\/\\\/likepets.lt\\\/\",\"name\":\"Likepets.lt\",\"description\":\"\",\"publisher\":{\"@id\":\"https:\\\/\\\/likepets.lt\\\/#\\\/schema\\\/person\\\/4ad7eed3b9dc7a176cfff59cfc71e86f\"},\"potentialAction\":[{\"@type\":\"SearchAction\",\"target\":{\"@type\":\"EntryPoint\",\"urlTemplate\":\"https:\\\/\\\/likepets.lt\\\/?s={search_term_string}\"},\"query-input\":{\"@type\":\"PropertyValueSpecification\",\"valueRequired\":true,\"valueName\":\"search_term_string\"}}],\"inLanguage\":\"lt-LT\"},{\"@type\":[\"Person\",\"Organization\"],\"@id\":\"https:\\\/\\\/likepets.lt\\\/#\\\/schema\\\/person\\\/4ad7eed3b9dc7a176cfff59cfc71e86f\",\"name\":\"Likepets.lt\",\"image\":{\"@type\":\"ImageObject\",\"inLanguage\":\"lt-LT\",\"@id\":\"https:\\\/\\\/likepets.lt\\\/wp-content\\\/litespeed\\\/avatar\\\/e807fa13845e19a6e6af46a4bc771b01.jpg?ver=1775897302\",\"url\":\"https:\\\/\\\/likepets.lt\\\/wp-content\\\/litespeed\\\/avatar\\\/e807fa13845e19a6e6af46a4bc771b01.jpg?ver=1775897302\",\"contentUrl\":\"https:\\\/\\\/likepets.lt\\\/wp-content\\\/litespeed\\\/avatar\\\/e807fa13845e19a6e6af46a4bc771b01.jpg?ver=1775897302\",\"caption\":\"Likepets.lt\"},\"logo\":{\"@id\":\"https:\\\/\\\/likepets.lt\\\/wp-content\\\/litespeed\\\/avatar\\\/e807fa13845e19a6e6af46a4bc771b01.jpg?ver=1775897302\"},\"sameAs\":[\"http:\\\/\\\/likepets.lt\",\"https:\\\/\\\/www.facebook.com\\\/profile.php?id=61569466134223\",\"https:\\\/\\\/www.instagram.com\\\/likepets77\\\/?fbclid=IwY2xjawMjUHtleHRuA2FlbQIxMQBicmlkETBlaEhxaVI0bUk1RHl3bmVMAR7IJeYf9r0OCeo9BwYJUD-yM6Osp6MrosWJGq_QweyNqX1BUWyhO1-sP82C2g_aem_xQbJ_D9oWWiUjsE-R3Dlrw\"]}]}<\/script>\n<!-- \/ Yoast SEO plugin. -->","yoast_head_json":{"title":"PET CARE neutralus \u0161amp\u016bnas \u0161unims GENTLE - likepets.lt","description":"Antialerginis \u0161amp\u016bnas yra 100 % nat\u016bralus gaminys, tinkantis \u0161unims, kat\u0117ms ir kitiems gyv\u016bnams. Tinka alergi\u0161kiems bei jauniems gyv\u016bnams!\u00a0","robots":{"index":"index","follow":"follow","max-snippet":"max-snippet:-1","max-image-preview":"max-image-preview:large","max-video-preview":"max-video-preview:-1"},"canonical":"https:\/\/likepets.lt\/lt_lt\/product\/pet-care-neutralus-sampunas-sunims-gentle\/","og_locale":"lt_LT","og_type":"article","og_title":"PET CARE neutralus \u0161amp\u016bnas \u0161unims GENTLE - likepets.lt","og_description":"Antialerginis \u0161amp\u016bnas yra 100 % nat\u016bralus gaminys, tinkantis \u0161unims, kat\u0117ms ir kitiems gyv\u016bnams. Tinka alergi\u0161kiems bei jauniems gyv\u016bnams!\u00a0","og_url":"https:\/\/likepets.lt\/lt_lt\/product\/pet-care-neutralus-sampunas-sunims-gentle\/","og_site_name":"likepets.lt","article_publisher":"https:\/\/www.facebook.com\/profile.php?id=61569466134223","article_modified_time":"2025-04-27T07:04:29+00:00","og_image":[{"width":600,"height":600,"url":"https:\/\/likepets.lt\/wp-content\/uploads\/2025\/04\/Biocos-neutralus-sampunas-sunims.webp","type":"image\/webp"}],"twitter_card":"summary_large_image","twitter_misc":{"Est. reading time":"2 minut\u0117s"},"schema":{"@context":"https:\/\/schema.org","@graph":[{"@type":"WebPage","@id":"https:\/\/likepets.lt\/product\/pet-care-neutralus-sampunas-sunims-gentle\/","url":"https:\/\/likepets.lt\/product\/pet-care-neutralus-sampunas-sunims-gentle\/","name":"PET CARE neutralus \u0161amp\u016bnas \u0161unims GENTLE - likepets.lt","isPartOf":{"@id":"https:\/\/likepets.lt\/#website"},"primaryImageOfPage":{"@id":"https:\/\/likepets.lt\/product\/pet-care-neutralus-sampunas-sunims-gentle\/#primaryimage"},"image":{"@id":"https:\/\/likepets.lt\/product\/pet-care-neutralus-sampunas-sunims-gentle\/#primaryimage"},"thumbnailUrl":"https:\/\/likepets.lt\/wp-content\/uploads\/2025\/04\/Biocos-neutralus-sampunas-sunims.webp","datePublished":"2024-10-11T12:20:36+00:00","dateModified":"2025-04-27T07:04:29+00:00","description":"Antialerginis \u0161amp\u016bnas yra 100 % nat\u016bralus gaminys, tinkantis \u0161unims, kat\u0117ms ir kitiems gyv\u016bnams. Tinka alergi\u0161kiems bei jauniems gyv\u016bnams!\u00a0","breadcrumb":{"@id":"https:\/\/likepets.lt\/product\/pet-care-neutralus-sampunas-sunims-gentle\/#breadcrumb"},"inLanguage":"lt-LT","potentialAction":[{"@type":"ReadAction","target":["https:\/\/likepets.lt\/product\/pet-care-neutralus-sampunas-sunims-gentle\/"]}]},{"@type":"ImageObject","inLanguage":"lt-LT","@id":"https:\/\/likepets.lt\/product\/pet-care-neutralus-sampunas-sunims-gentle\/#primaryimage","url":"https:\/\/likepets.lt\/wp-content\/uploads\/2025\/04\/Biocos-neutralus-sampunas-sunims.webp","contentUrl":"https:\/\/likepets.lt\/wp-content\/uploads\/2025\/04\/Biocos-neutralus-sampunas-sunims.webp","width":600,"height":600,"caption":"Biocos alergi\u0161kiems \u0161unims \u0161amp\u016bnas"},{"@type":"BreadcrumbList","@id":"https:\/\/likepets.lt\/product\/pet-care-neutralus-sampunas-sunims-gentle\/#breadcrumb","itemListElement":[{"@type":"ListItem","position":1,"name":"Home","item":"https:\/\/likepets.lt\/lt_lt\/"},{"@type":"ListItem","position":2,"name":"Parduotuv\u0117","item":"https:\/\/likepets.lt\/parduotuve\/"},{"@type":"ListItem","position":3,"name":"PET CARE neutralus \u0161amp\u016bnas \u0161unims GENTLE"}]},{"@type":"WebSite","@id":"https:\/\/likepets.lt\/#website","url":"https:\/\/likepets.lt\/","name":"Likepets.lt","description":"","publisher":{"@id":"https:\/\/likepets.lt\/#\/schema\/person\/4ad7eed3b9dc7a176cfff59cfc71e86f"},"potentialAction":[{"@type":"SearchAction","target":{"@type":"EntryPoint","urlTemplate":"https:\/\/likepets.lt\/?s={search_term_string}"},"query-input":{"@type":"PropertyValueSpecification","valueRequired":true,"valueName":"search_term_string"}}],"inLanguage":"lt-LT"},{"@type":["Person","Organization"],"@id":"https:\/\/likepets.lt\/#\/schema\/person\/4ad7eed3b9dc7a176cfff59cfc71e86f","name":"Likepets.lt","image":{"@type":"ImageObject","inLanguage":"lt-LT","@id":"https:\/\/likepets.lt\/wp-content\/litespeed\/avatar\/e807fa13845e19a6e6af46a4bc771b01.jpg?ver=1775897302","url":"https:\/\/likepets.lt\/wp-content\/litespeed\/avatar\/e807fa13845e19a6e6af46a4bc771b01.jpg?ver=1775897302","contentUrl":"https:\/\/likepets.lt\/wp-content\/litespeed\/avatar\/e807fa13845e19a6e6af46a4bc771b01.jpg?ver=1775897302","caption":"Likepets.lt"},"logo":{"@id":"https:\/\/likepets.lt\/wp-content\/litespeed\/avatar\/e807fa13845e19a6e6af46a4bc771b01.jpg?ver=1775897302"},"sameAs":["http:\/\/likepets.lt","https:\/\/www.facebook.com\/profile.php?id=61569466134223","https:\/\/www.instagram.com\/likepets77\/?fbclid=IwY2xjawMjUHtleHRuA2FlbQIxMQBicmlkETBlaEhxaVI0bUk1RHl3bmVMAR7IJeYf9r0OCeo9BwYJUD-yM6Osp6MrosWJGq_QweyNqX1BUWyhO1-sP82C2g_aem_xQbJ_D9oWWiUjsE-R3Dlrw"]}]}},"_links":{"self":[{"href":"https:\/\/likepets.lt\/lt_lt\/wp-json\/wp\/v2\/product\/2621","targetHints":{"allow":["GET"]}}],"collection":[{"href":"https:\/\/likepets.lt\/lt_lt\/wp-json\/wp\/v2\/product"}],"about":[{"href":"https:\/\/likepets.lt\/lt_lt\/wp-json\/wp\/v2\/types\/product"}],"replies":[{"embeddable":true,"href":"https:\/\/likepets.lt\/lt_lt\/wp-json\/wp\/v2\/comments?post=2621"}],"version-history":[{"count":1,"href":"https:\/\/likepets.lt\/lt_lt\/wp-json\/wp\/v2\/product\/2621\/revisions"}],"predecessor-version":[{"id":62470,"href":"https:\/\/likepets.lt\/lt_lt\/wp-json\/wp\/v2\/product\/2621\/revisions\/62470"}],"wp:featuredmedia":[{"embeddable":true,"href":"https:\/\/likepets.lt\/lt_lt\/wp-json\/wp\/v2\/media\/2618"}],"wp:attachment":[{"href":"https:\/\/likepets.lt\/lt_lt\/wp-json\/wp\/v2\/media?parent=2621"}],"wp:term":[{"taxonomy":"product_brand","embeddable":true,"href":"https:\/\/likepets.lt\/lt_lt\/wp-json\/wp\/v2\/product_brand?post=2621"},{"taxonomy":"product_cat","embeddable":true,"href":"https:\/\/likepets.lt\/lt_lt\/wp-json\/wp\/v2\/product_cat?post=2621"},{"taxonomy":"product_tag","embeddable":true,"href":"https:\/\/likepets.lt\/lt_lt\/wp-json\/wp\/v2\/product_tag?post=2621"}],"curies":[{"name":"wp","href":"https:\/\/api.w.org\/{rel}","templated":true}]}}