{"id":2625,"date":"2024-10-11T12:36:04","date_gmt":"2024-10-11T12:36:04","guid":{"rendered":"https:\/\/likepets.lt\/?post_type=product&#038;p=2625"},"modified":"2025-04-27T10:03:43","modified_gmt":"2025-04-27T07:03:43","slug":"pet-care-ilgaplaukiu-sunu-kondicionierius-silk","status":"publish","type":"product","link":"https:\/\/likepets.lt\/lt_lt\/product\/pet-care-ilgaplaukiu-sunu-kondicionierius-silk\/","title":{"rendered":"PET CARE ilgaplauki\u0173 \u0161un\u0173 kondicionierius SILK"},"content":{"rendered":"<p>Produkto sudedamosios dalys yra 100% nat\u016bralios. Kondicionieriaus formul\u0117 sudaryta i\u0161 nat\u016brali\u0173, augalin\u0117s kilm\u0117s med\u017eiag\u0173, kurios \u0161velniai puosel\u0117ja gyv\u016bno kail\u012f ir od\u0105. Sud\u0117tyje n\u0117ra SLS, paraben\u0173 ir kit\u0173 chemini\u0173 med\u017eiag\u0173 bei konservant\u0173. \u0160is \u0161ilku praturtintas kondicionierius puikiai tiks ilgaplaukiams gyv\u016bnams, ta\u010diau, sud\u0117tyje taip pat esanti gausyb\u0117 \u012fvairi\u0173, nauding\u0173 bazini\u0173 aliej\u0173 bus labai naudinga ir trumpaplauki\u0173 kailio prie\u017ei\u016brai.<\/p>\n<p><strong>AKTYV\u016aS INGREDIENTAI<\/strong>: tikr\u0173j\u0173 alavij\u0173 sultys, ro\u017ei\u0173 hidrolatas, augalinis \u0161ilkas, nerafinuoti simondsij\u0173, argano, ricin\u0173, avokad\u0173 aliejai, kvie\u010di\u0173 proteinai, \u017een\u0161enio ekstraktas, glicerinas, ylang ylang ir balt\u0173j\u0173 greipfrut\u0173 eteriniai aliejai.<\/p>\n<ul>\n<li><strong>Alavij\u0173 sultys<\/strong>\u00a0nuramina ir \u0161velniai dr\u0117kina gyv\u016bno od\u0105 ir kail\u012f.<\/li>\n<li><strong>Argano aliejus<\/strong>, kuriame yra daug polineso\u010di\u0173j\u0173 riebi\u0173j\u0173 r\u016bg\u0161\u010di\u0173, apsaugo ir pamaitina kail\u012f bei od\u0105, suteikia kailiui \u017evilgesio bei j\u012f sustiprina.<\/li>\n<li><strong>Avokad\u0173 aliejus\u00a0<\/strong>skverbiasi \u012f od\u0105 giliau nei bet kuris kitas aliejus, jis j\u0105 mink\u0161tina ir dr\u0117kina, tad yra puikus pagalbininkas jei gyv\u016bno oda yra pa\u017eeista ar pleiskanojanti.<\/li>\n<li><strong>Simondsij\u0173 aliejus<\/strong>, pasi\u017eymi prie\u0161u\u017edegimin\u0117mis savyb\u0117mis bei intensyviu dr\u0117kinan\u010diu ir maitinan\u010diu poveikiu, tad labai tinka naudoti tuomet, kai augintinio oda i\u0161saus\u0117jusi, pa\u017eeista. Simondsij\u0173 aliejus maitina ir glotnina kail\u012f.<\/li>\n<li><strong>Augalinis \u0161ilkas<\/strong>\u00a0ypa\u010d intensyviai dr\u0117kina kail\u012f ir od\u0105, d\u0117l ko kailis tampa \u0161velnus, stiprus, ma\u017eiau veliasi.<\/li>\n<li><strong>Ricin\u0173 aliejus<\/strong>\u00a0giliai dr\u0117kina, mink\u0161tina bei maitina augintinio od\u0105 ir suteikia kailiui gra\u017e\u0173, sveik\u0105 blizges\u012f, o kartu su ylang ylang eteriniu aliejumi skatina kailio augim\u0105.<\/li>\n<li><strong>\u017den\u0161enis<\/strong>\u00a0yra tonizuojantis ingredientas, kuris skatina greitesn\u012f odos atsinaujinim\u0105, kartu su balt\u0173j\u0173 greipfrut\u0173 eteriniu aliejumi jis sukurs gaivumo ir \u0161varos poj\u016bt\u012f.<\/li>\n<li>Hidrolizuoti\u00a0<strong>kvie\u010di\u0173 proteinai\u00a0<\/strong>naudojami d\u0117l kondicionuojan\u010di\u0173, antistatini\u0173 savybi\u0173.<\/li>\n<\/ul>\n<p><strong>NAUDOJIMAS<\/strong>: maudant gyv\u016bn\u0105, po \u0161amp\u016bno, naudokite \u0161\u012f kondicionieri\u0173. \u012etrinkite kondicionieri\u0173 sukamaisiais judesiais kol tolygiai pasiskirstys, palaikykite kelias minutes. Kruop\u0161\u010diai i\u0161skalaukite ir nusausinkite kail\u012f.<\/p>\n<p>&nbsp;<\/p>\n","protected":false},"excerpt":{"rendered":"<p>Sveikas \u017evilgesys, glotnumas ir lengvas \u0161ukavimas. 100% nat\u016bralios sud\u0117ties kondicionierius subalansuotas ilgaplaukiams \u0161unims, ta\u010diau tinkantis ir trumpo plauko savininkams!<\/p>\n","protected":false},"featured_media":2626,"comment_status":"open","ping_status":"closed","template":"","meta":[],"product_brand":[154],"product_cat":[76],"product_tag":[],"class_list":{"0":"post-2625","1":"product","2":"type-product","3":"status-publish","4":"has-post-thumbnail","6":"product_brand-biocos","7":"product_cat-higienai","10":"first","11":"instock","12":"taxable","13":"shipping-taxable","14":"purchasable","15":"product-type-simple"},"yoast_head":"<!-- This site is optimized with the Yoast SEO plugin v27.4 - https:\/\/yoast.com\/product\/yoast-seo-wordpress\/ -->\n<title>PET CARE ilgaplauki\u0173 \u0161un\u0173 kondicionierius SILK - likepets.lt<\/title>\n<meta name=\"description\" content=\"100% nat\u016bralios sud\u0117ties kondicionierius subalansuotas ilgaplaukiams \u0161unims, ta\u010diau tinkantis ir trumpo plauko savininkams!\" \/>\n<meta name=\"robots\" content=\"index, follow, max-snippet:-1, max-image-preview:large, max-video-preview:-1\" \/>\n<link rel=\"canonical\" href=\"https:\/\/likepets.lt\/lt_lt\/product\/pet-care-ilgaplaukiu-sunu-kondicionierius-silk\/\" \/>\n<meta property=\"og:locale\" content=\"lt_LT\" \/>\n<meta property=\"og:type\" content=\"article\" \/>\n<meta property=\"og:title\" content=\"PET CARE ilgaplauki\u0173 \u0161un\u0173 kondicionierius SILK - likepets.lt\" \/>\n<meta property=\"og:description\" content=\"100% nat\u016bralios sud\u0117ties kondicionierius subalansuotas ilgaplaukiams \u0161unims, ta\u010diau tinkantis ir trumpo plauko savininkams!\" \/>\n<meta property=\"og:url\" content=\"https:\/\/likepets.lt\/lt_lt\/product\/pet-care-ilgaplaukiu-sunu-kondicionierius-silk\/\" \/>\n<meta property=\"og:site_name\" content=\"likepets.lt\" \/>\n<meta property=\"article:publisher\" content=\"https:\/\/www.facebook.com\/profile.php?id=61569466134223\" \/>\n<meta property=\"article:modified_time\" content=\"2025-04-27T07:03:43+00:00\" \/>\n<meta property=\"og:image\" content=\"https:\/\/likepets.lt\/wp-content\/uploads\/2025\/04\/ilgaplaukiu-sunu-kondicionierius-1.png\" \/>\n\t<meta property=\"og:image:width\" content=\"605\" \/>\n\t<meta property=\"og:image:height\" content=\"605\" \/>\n\t<meta property=\"og:image:type\" content=\"image\/png\" \/>\n<meta name=\"twitter:card\" content=\"summary_large_image\" \/>\n<meta name=\"twitter:label1\" content=\"Est. reading time\" \/>\n\t<meta name=\"twitter:data1\" content=\"2 minut\u0117s\" \/>\n<script type=\"application\/ld+json\" class=\"yoast-schema-graph\">{\"@context\":\"https:\\\/\\\/schema.org\",\"@graph\":[{\"@type\":\"WebPage\",\"@id\":\"https:\\\/\\\/likepets.lt\\\/product\\\/pet-care-ilgaplaukiu-sunu-kondicionierius-silk\\\/\",\"url\":\"https:\\\/\\\/likepets.lt\\\/product\\\/pet-care-ilgaplaukiu-sunu-kondicionierius-silk\\\/\",\"name\":\"PET CARE ilgaplauki\u0173 \u0161un\u0173 kondicionierius SILK - likepets.lt\",\"isPartOf\":{\"@id\":\"https:\\\/\\\/likepets.lt\\\/#website\"},\"primaryImageOfPage\":{\"@id\":\"https:\\\/\\\/likepets.lt\\\/product\\\/pet-care-ilgaplaukiu-sunu-kondicionierius-silk\\\/#primaryimage\"},\"image\":{\"@id\":\"https:\\\/\\\/likepets.lt\\\/product\\\/pet-care-ilgaplaukiu-sunu-kondicionierius-silk\\\/#primaryimage\"},\"thumbnailUrl\":\"https:\\\/\\\/likepets.lt\\\/wp-content\\\/uploads\\\/2025\\\/04\\\/ilgaplaukiu-sunu-kondicionierius-1.png\",\"datePublished\":\"2024-10-11T12:36:04+00:00\",\"dateModified\":\"2025-04-27T07:03:43+00:00\",\"description\":\"100% nat\u016bralios sud\u0117ties kondicionierius subalansuotas ilgaplaukiams \u0161unims, ta\u010diau tinkantis ir trumpo plauko savininkams!\",\"breadcrumb\":{\"@id\":\"https:\\\/\\\/likepets.lt\\\/product\\\/pet-care-ilgaplaukiu-sunu-kondicionierius-silk\\\/#breadcrumb\"},\"inLanguage\":\"lt-LT\",\"potentialAction\":[{\"@type\":\"ReadAction\",\"target\":[\"https:\\\/\\\/likepets.lt\\\/product\\\/pet-care-ilgaplaukiu-sunu-kondicionierius-silk\\\/\"]}]},{\"@type\":\"ImageObject\",\"inLanguage\":\"lt-LT\",\"@id\":\"https:\\\/\\\/likepets.lt\\\/product\\\/pet-care-ilgaplaukiu-sunu-kondicionierius-silk\\\/#primaryimage\",\"url\":\"https:\\\/\\\/likepets.lt\\\/wp-content\\\/uploads\\\/2025\\\/04\\\/ilgaplaukiu-sunu-kondicionierius-1.png\",\"contentUrl\":\"https:\\\/\\\/likepets.lt\\\/wp-content\\\/uploads\\\/2025\\\/04\\\/ilgaplaukiu-sunu-kondicionierius-1.png\",\"width\":605,\"height\":605,\"caption\":\"lgaplaukiu-sunu-kondicionierius\"},{\"@type\":\"BreadcrumbList\",\"@id\":\"https:\\\/\\\/likepets.lt\\\/product\\\/pet-care-ilgaplaukiu-sunu-kondicionierius-silk\\\/#breadcrumb\",\"itemListElement\":[{\"@type\":\"ListItem\",\"position\":1,\"name\":\"Home\",\"item\":\"https:\\\/\\\/likepets.lt\\\/lt_lt\\\/\"},{\"@type\":\"ListItem\",\"position\":2,\"name\":\"Parduotuv\u0117\",\"item\":\"https:\\\/\\\/likepets.lt\\\/parduotuve\\\/\"},{\"@type\":\"ListItem\",\"position\":3,\"name\":\"PET CARE ilgaplauki\u0173 \u0161un\u0173 kondicionierius SILK\"}]},{\"@type\":\"WebSite\",\"@id\":\"https:\\\/\\\/likepets.lt\\\/#website\",\"url\":\"https:\\\/\\\/likepets.lt\\\/\",\"name\":\"Likepets.lt\",\"description\":\"\",\"publisher\":{\"@id\":\"https:\\\/\\\/likepets.lt\\\/#\\\/schema\\\/person\\\/4ad7eed3b9dc7a176cfff59cfc71e86f\"},\"potentialAction\":[{\"@type\":\"SearchAction\",\"target\":{\"@type\":\"EntryPoint\",\"urlTemplate\":\"https:\\\/\\\/likepets.lt\\\/?s={search_term_string}\"},\"query-input\":{\"@type\":\"PropertyValueSpecification\",\"valueRequired\":true,\"valueName\":\"search_term_string\"}}],\"inLanguage\":\"lt-LT\"},{\"@type\":[\"Person\",\"Organization\"],\"@id\":\"https:\\\/\\\/likepets.lt\\\/#\\\/schema\\\/person\\\/4ad7eed3b9dc7a176cfff59cfc71e86f\",\"name\":\"Likepets.lt\",\"image\":{\"@type\":\"ImageObject\",\"inLanguage\":\"lt-LT\",\"@id\":\"https:\\\/\\\/likepets.lt\\\/wp-content\\\/litespeed\\\/avatar\\\/e807fa13845e19a6e6af46a4bc771b01.jpg?ver=1775897302\",\"url\":\"https:\\\/\\\/likepets.lt\\\/wp-content\\\/litespeed\\\/avatar\\\/e807fa13845e19a6e6af46a4bc771b01.jpg?ver=1775897302\",\"contentUrl\":\"https:\\\/\\\/likepets.lt\\\/wp-content\\\/litespeed\\\/avatar\\\/e807fa13845e19a6e6af46a4bc771b01.jpg?ver=1775897302\",\"caption\":\"Likepets.lt\"},\"logo\":{\"@id\":\"https:\\\/\\\/likepets.lt\\\/wp-content\\\/litespeed\\\/avatar\\\/e807fa13845e19a6e6af46a4bc771b01.jpg?ver=1775897302\"},\"sameAs\":[\"http:\\\/\\\/likepets.lt\",\"https:\\\/\\\/www.facebook.com\\\/profile.php?id=61569466134223\",\"https:\\\/\\\/www.instagram.com\\\/likepets77\\\/?fbclid=IwY2xjawMjUHtleHRuA2FlbQIxMQBicmlkETBlaEhxaVI0bUk1RHl3bmVMAR7IJeYf9r0OCeo9BwYJUD-yM6Osp6MrosWJGq_QweyNqX1BUWyhO1-sP82C2g_aem_xQbJ_D9oWWiUjsE-R3Dlrw\"]}]}<\/script>\n<!-- \/ Yoast SEO plugin. -->","yoast_head_json":{"title":"PET CARE ilgaplauki\u0173 \u0161un\u0173 kondicionierius SILK - likepets.lt","description":"100% nat\u016bralios sud\u0117ties kondicionierius subalansuotas ilgaplaukiams \u0161unims, ta\u010diau tinkantis ir trumpo plauko savininkams!","robots":{"index":"index","follow":"follow","max-snippet":"max-snippet:-1","max-image-preview":"max-image-preview:large","max-video-preview":"max-video-preview:-1"},"canonical":"https:\/\/likepets.lt\/lt_lt\/product\/pet-care-ilgaplaukiu-sunu-kondicionierius-silk\/","og_locale":"lt_LT","og_type":"article","og_title":"PET CARE ilgaplauki\u0173 \u0161un\u0173 kondicionierius SILK - likepets.lt","og_description":"100% nat\u016bralios sud\u0117ties kondicionierius subalansuotas ilgaplaukiams \u0161unims, ta\u010diau tinkantis ir trumpo plauko savininkams!","og_url":"https:\/\/likepets.lt\/lt_lt\/product\/pet-care-ilgaplaukiu-sunu-kondicionierius-silk\/","og_site_name":"likepets.lt","article_publisher":"https:\/\/www.facebook.com\/profile.php?id=61569466134223","article_modified_time":"2025-04-27T07:03:43+00:00","og_image":[{"width":605,"height":605,"url":"https:\/\/likepets.lt\/wp-content\/uploads\/2025\/04\/ilgaplaukiu-sunu-kondicionierius-1.png","type":"image\/png"}],"twitter_card":"summary_large_image","twitter_misc":{"Est. reading time":"2 minut\u0117s"},"schema":{"@context":"https:\/\/schema.org","@graph":[{"@type":"WebPage","@id":"https:\/\/likepets.lt\/product\/pet-care-ilgaplaukiu-sunu-kondicionierius-silk\/","url":"https:\/\/likepets.lt\/product\/pet-care-ilgaplaukiu-sunu-kondicionierius-silk\/","name":"PET CARE ilgaplauki\u0173 \u0161un\u0173 kondicionierius SILK - likepets.lt","isPartOf":{"@id":"https:\/\/likepets.lt\/#website"},"primaryImageOfPage":{"@id":"https:\/\/likepets.lt\/product\/pet-care-ilgaplaukiu-sunu-kondicionierius-silk\/#primaryimage"},"image":{"@id":"https:\/\/likepets.lt\/product\/pet-care-ilgaplaukiu-sunu-kondicionierius-silk\/#primaryimage"},"thumbnailUrl":"https:\/\/likepets.lt\/wp-content\/uploads\/2025\/04\/ilgaplaukiu-sunu-kondicionierius-1.png","datePublished":"2024-10-11T12:36:04+00:00","dateModified":"2025-04-27T07:03:43+00:00","description":"100% nat\u016bralios sud\u0117ties kondicionierius subalansuotas ilgaplaukiams \u0161unims, ta\u010diau tinkantis ir trumpo plauko savininkams!","breadcrumb":{"@id":"https:\/\/likepets.lt\/product\/pet-care-ilgaplaukiu-sunu-kondicionierius-silk\/#breadcrumb"},"inLanguage":"lt-LT","potentialAction":[{"@type":"ReadAction","target":["https:\/\/likepets.lt\/product\/pet-care-ilgaplaukiu-sunu-kondicionierius-silk\/"]}]},{"@type":"ImageObject","inLanguage":"lt-LT","@id":"https:\/\/likepets.lt\/product\/pet-care-ilgaplaukiu-sunu-kondicionierius-silk\/#primaryimage","url":"https:\/\/likepets.lt\/wp-content\/uploads\/2025\/04\/ilgaplaukiu-sunu-kondicionierius-1.png","contentUrl":"https:\/\/likepets.lt\/wp-content\/uploads\/2025\/04\/ilgaplaukiu-sunu-kondicionierius-1.png","width":605,"height":605,"caption":"lgaplaukiu-sunu-kondicionierius"},{"@type":"BreadcrumbList","@id":"https:\/\/likepets.lt\/product\/pet-care-ilgaplaukiu-sunu-kondicionierius-silk\/#breadcrumb","itemListElement":[{"@type":"ListItem","position":1,"name":"Home","item":"https:\/\/likepets.lt\/lt_lt\/"},{"@type":"ListItem","position":2,"name":"Parduotuv\u0117","item":"https:\/\/likepets.lt\/parduotuve\/"},{"@type":"ListItem","position":3,"name":"PET CARE ilgaplauki\u0173 \u0161un\u0173 kondicionierius SILK"}]},{"@type":"WebSite","@id":"https:\/\/likepets.lt\/#website","url":"https:\/\/likepets.lt\/","name":"Likepets.lt","description":"","publisher":{"@id":"https:\/\/likepets.lt\/#\/schema\/person\/4ad7eed3b9dc7a176cfff59cfc71e86f"},"potentialAction":[{"@type":"SearchAction","target":{"@type":"EntryPoint","urlTemplate":"https:\/\/likepets.lt\/?s={search_term_string}"},"query-input":{"@type":"PropertyValueSpecification","valueRequired":true,"valueName":"search_term_string"}}],"inLanguage":"lt-LT"},{"@type":["Person","Organization"],"@id":"https:\/\/likepets.lt\/#\/schema\/person\/4ad7eed3b9dc7a176cfff59cfc71e86f","name":"Likepets.lt","image":{"@type":"ImageObject","inLanguage":"lt-LT","@id":"https:\/\/likepets.lt\/wp-content\/litespeed\/avatar\/e807fa13845e19a6e6af46a4bc771b01.jpg?ver=1775897302","url":"https:\/\/likepets.lt\/wp-content\/litespeed\/avatar\/e807fa13845e19a6e6af46a4bc771b01.jpg?ver=1775897302","contentUrl":"https:\/\/likepets.lt\/wp-content\/litespeed\/avatar\/e807fa13845e19a6e6af46a4bc771b01.jpg?ver=1775897302","caption":"Likepets.lt"},"logo":{"@id":"https:\/\/likepets.lt\/wp-content\/litespeed\/avatar\/e807fa13845e19a6e6af46a4bc771b01.jpg?ver=1775897302"},"sameAs":["http:\/\/likepets.lt","https:\/\/www.facebook.com\/profile.php?id=61569466134223","https:\/\/www.instagram.com\/likepets77\/?fbclid=IwY2xjawMjUHtleHRuA2FlbQIxMQBicmlkETBlaEhxaVI0bUk1RHl3bmVMAR7IJeYf9r0OCeo9BwYJUD-yM6Osp6MrosWJGq_QweyNqX1BUWyhO1-sP82C2g_aem_xQbJ_D9oWWiUjsE-R3Dlrw"]}]}},"_links":{"self":[{"href":"https:\/\/likepets.lt\/lt_lt\/wp-json\/wp\/v2\/product\/2625","targetHints":{"allow":["GET"]}}],"collection":[{"href":"https:\/\/likepets.lt\/lt_lt\/wp-json\/wp\/v2\/product"}],"about":[{"href":"https:\/\/likepets.lt\/lt_lt\/wp-json\/wp\/v2\/types\/product"}],"replies":[{"embeddable":true,"href":"https:\/\/likepets.lt\/lt_lt\/wp-json\/wp\/v2\/comments?post=2625"}],"version-history":[{"count":1,"href":"https:\/\/likepets.lt\/lt_lt\/wp-json\/wp\/v2\/product\/2625\/revisions"}],"predecessor-version":[{"id":62469,"href":"https:\/\/likepets.lt\/lt_lt\/wp-json\/wp\/v2\/product\/2625\/revisions\/62469"}],"wp:featuredmedia":[{"embeddable":true,"href":"https:\/\/likepets.lt\/lt_lt\/wp-json\/wp\/v2\/media\/2626"}],"wp:attachment":[{"href":"https:\/\/likepets.lt\/lt_lt\/wp-json\/wp\/v2\/media?parent=2625"}],"wp:term":[{"taxonomy":"product_brand","embeddable":true,"href":"https:\/\/likepets.lt\/lt_lt\/wp-json\/wp\/v2\/product_brand?post=2625"},{"taxonomy":"product_cat","embeddable":true,"href":"https:\/\/likepets.lt\/lt_lt\/wp-json\/wp\/v2\/product_cat?post=2625"},{"taxonomy":"product_tag","embeddable":true,"href":"https:\/\/likepets.lt\/lt_lt\/wp-json\/wp\/v2\/product_tag?post=2625"}],"curies":[{"name":"wp","href":"https:\/\/api.w.org\/{rel}","templated":true}]}}