{"id":3146,"date":"2024-10-29T10:15:18","date_gmt":"2024-10-29T10:15:18","guid":{"rendered":"https:\/\/likepets.lt\/?post_type=product&#038;p=3146"},"modified":"2025-07-16T15:30:02","modified_gmt":"2025-07-16T12:30:02","slug":"vincent-diet-mini-adult-su-eriena-3-kg","status":"publish","type":"product","link":"https:\/\/likepets.lt\/lt_lt\/product\/vincent-diet-mini-adult-su-eriena-3-kg\/","title":{"rendered":"Vincent Diet sausas maistas su \u0117riena ma\u017e\u0173 veisli\u0173 \u0161unims 3 kg"},"content":{"rendered":"<p><strong>\u00a0Sud\u0117tis:<\/strong> Dehidratuota m\u0117sa (31%, i\u0161 jos 10% \u0117rienos), kietieji kvie\u010diai (8% sveiki gr\u016bdai), ry\u017eiai, kukur\u016bzai, vi\u0161tienos riebalai (6,5%), dehidratuota \u017euvis (2%), ank\u0161tiniai augalai (vicia faba minor 2%), d\u017eiovintas runkeli\u0173 mink\u0161timas, kukur\u016bz\u0173 glitimas, alyvuogi\u0173 aliejus (1%), d\u017eiovint\u0173 ceratonij\u0173 ank\u0161ties miltai, mikronizuoti, mineralai, dehidratuoti pomidorai (0,2%), ka\u0161ton\u0173 ekstraktas. <strong>Maistiniai priedai 1 kg<\/strong> : Vitaminas A (retinilo acetatas) \u2013 13,000 TVVitaminas D3 \u2013 730 TV Vitaminas E (alfa-tokoferilo acetatas) \u2013 80 mg Vitaminas B1 (tiamino hidrochloridas) \u2013 2,61 mg Vitaminas B2 (riboflavinas) \u2013 4,17 mg. Niacinamidas \u2013 39,1 mg. Kalcio-D-pantotenatas \u2013 10,4 mg Vitaminas B6 (piridoksino hidrochloridas) \u2013 3,13 mg Folio r\u016bg\u0161tis \u2013 1,18 mg Vitaminas B12 \u2013 0,08 mg Biotinas \u2013 0,21 mg Vitaminas K3 (3a710) \u2013 2,08 mg Cholino chloridas \u2013 570 mg Gele\u017eies karbonatas (gele\u017eis) \u2013 135 mg Kalio jodidas \u2013 1,37 mg Vario sulfato pentahidratas (varis) \u2013 35,8 mg Mangano oksidas (manganas) \u2013 23,5 mg\u00a0 Cinko oksidas \u2013 64,6 mg Natrio selenitas (selenas) \u2013 0,23 mg Lizinas (L-lizino monohidrochloridas) \u2013 420 mg . <strong>Technologiniai priedai:<\/strong> antioksidantai <strong>Naudojimo instrukcijos:<\/strong> Patiekti saus\u0105 arba sudr\u0117kint\u0105 vandeniu. U\u017etikrinkite, kad \u0161uo visada tur\u0117t\u0173 \u0161vie\u017eio, \u0161varaus vandens. <strong style=\"font-size: 16px;\">Laikymo instrukcijos:<\/strong><span style=\"font-size: 16px;\"> Laikyti atokiai nuo \u0161ilumos \u0161altini\u0173, po naudojimo pakuot\u0119 sandariai u\u017edaryti. Produkt\u0105 laikyti v\u0117sioje, sausoje vietoje.<\/span><\/p>\n","protected":false},"excerpt":{"rendered":"<p>Visavertis ir subalansuotas pa\u0161aras vis\u0173 veisli\u0173 suaugusiems \u0161unims. D\u0117l \u0117rienos baltym\u0173, pagal \u0161i\u0105 formul\u0119, \u0161unys puikiai vir\u0161kina ir jis yra skanus.\u00a0 Ypa\u010d tinkamas \u0161unims, turintiems polink\u012f \u012f maisto netoleravim\u0105. Sukurta naudojant nat\u016bralius Vidur\u017eemio j\u016bros dietoje esan\u010dius ingredientus (alyvuogi\u0173 aliej\u0173, kietuosius kvie\u010dius, pomidorus, ank\u0161tinius augalus).\u0160is maistas gerina \u0161uns \u017earnyno veikl\u0105. Naudojamas alyvuogi\u0173 aliejus reguliuoja tinkam\u0105 Omega 3 ir Omega 6 riebal\u0173 r\u016bg\u0161\u010di\u0173 \u012fsisavinim\u0105, tai leid\u017eia \u0161uns odai ir plaukams i\u0161likti sveikais, o pomidorai u\u017etikrina antioksidant\u0173 \u012fsisavinim\u0105, kurie sustiprin\u0105 imunin\u0119 sistem\u0105.<\/p>\n<p>&nbsp;<\/p>\n<p>&nbsp;<\/p>\n","protected":false},"featured_media":3147,"comment_status":"open","ping_status":"closed","template":"","meta":[],"product_brand":[156],"product_cat":[89],"product_tag":[],"class_list":{"0":"post-3146","1":"product","2":"type-product","3":"status-publish","4":"has-post-thumbnail","6":"product_brand-vincent-diet","7":"product_cat-sunu-maistas","10":"first","11":"instock","12":"taxable","13":"shipping-taxable","14":"purchasable","15":"product-type-simple"},"yoast_head":"<!-- This site is optimized with the Yoast SEO plugin v27.4 - https:\/\/yoast.com\/product\/yoast-seo-wordpress\/ -->\n<title>Vincent Diet sausas maistas su \u0117riena ma\u017e\u0173 veisli\u0173 \u0161unims 3 kg - likepets.lt<\/title>\n<meta name=\"description\" content=\"Hipoalerginis, lengvai vir\u0161kinamas pa\u0161aras ma\u017e\u0173 veisli\u0173 \u0161unims. Rinkis auk\u0161\u010diausios kokyb\u0117s maist\u0105 jautriems augintiniams \u2013 r\u016bpinkis j\u0173 sveikata kasdien!\" \/>\n<meta name=\"robots\" content=\"index, follow, max-snippet:-1, max-image-preview:large, max-video-preview:-1\" \/>\n<link rel=\"canonical\" href=\"https:\/\/likepets.lt\/lt_lt\/product\/vincent-diet-mini-adult-su-eriena-3-kg\/\" \/>\n<meta property=\"og:locale\" content=\"lt_LT\" \/>\n<meta property=\"og:type\" content=\"article\" \/>\n<meta property=\"og:title\" content=\"Vincent Diet sausas maistas su \u0117riena ma\u017e\u0173 veisli\u0173 \u0161unims 3 kg - likepets.lt\" \/>\n<meta property=\"og:description\" content=\"Hipoalerginis, lengvai vir\u0161kinamas pa\u0161aras ma\u017e\u0173 veisli\u0173 \u0161unims. Rinkis auk\u0161\u010diausios kokyb\u0117s maist\u0105 jautriems augintiniams \u2013 r\u016bpinkis j\u0173 sveikata kasdien!\" \/>\n<meta property=\"og:url\" content=\"https:\/\/likepets.lt\/lt_lt\/product\/vincent-diet-mini-adult-su-eriena-3-kg\/\" \/>\n<meta property=\"og:site_name\" content=\"likepets.lt\" \/>\n<meta property=\"article:publisher\" content=\"https:\/\/www.facebook.com\/profile.php?id=61569466134223\" \/>\n<meta property=\"article:modified_time\" content=\"2025-07-16T12:30:02+00:00\" \/>\n<meta property=\"og:image\" content=\"https:\/\/likepets.lt\/wp-content\/uploads\/2025\/04\/mazu-veisliu-sunu-maistas-su-eriena-png.png\" \/>\n\t<meta property=\"og:image:width\" content=\"1080\" \/>\n\t<meta property=\"og:image:height\" content=\"1080\" \/>\n\t<meta property=\"og:image:type\" content=\"image\/png\" \/>\n<meta name=\"twitter:card\" content=\"summary_large_image\" \/>\n<meta name=\"twitter:label1\" content=\"Est. reading time\" \/>\n\t<meta name=\"twitter:data1\" content=\"2 minut\u0117s\" \/>\n<script type=\"application\/ld+json\" class=\"yoast-schema-graph\">{\"@context\":\"https:\\\/\\\/schema.org\",\"@graph\":[{\"@type\":\"WebPage\",\"@id\":\"https:\\\/\\\/likepets.lt\\\/product\\\/vincent-diet-mini-adult-su-eriena-3-kg\\\/\",\"url\":\"https:\\\/\\\/likepets.lt\\\/product\\\/vincent-diet-mini-adult-su-eriena-3-kg\\\/\",\"name\":\"Vincent Diet sausas maistas su \u0117riena ma\u017e\u0173 veisli\u0173 \u0161unims 3 kg - likepets.lt\",\"isPartOf\":{\"@id\":\"https:\\\/\\\/likepets.lt\\\/#website\"},\"primaryImageOfPage\":{\"@id\":\"https:\\\/\\\/likepets.lt\\\/product\\\/vincent-diet-mini-adult-su-eriena-3-kg\\\/#primaryimage\"},\"image\":{\"@id\":\"https:\\\/\\\/likepets.lt\\\/product\\\/vincent-diet-mini-adult-su-eriena-3-kg\\\/#primaryimage\"},\"thumbnailUrl\":\"https:\\\/\\\/likepets.lt\\\/wp-content\\\/uploads\\\/2025\\\/04\\\/mazu-veisliu-sunu-maistas-su-eriena-png.png\",\"datePublished\":\"2024-10-29T10:15:18+00:00\",\"dateModified\":\"2025-07-16T12:30:02+00:00\",\"description\":\"Hipoalerginis, lengvai vir\u0161kinamas pa\u0161aras ma\u017e\u0173 veisli\u0173 \u0161unims. Rinkis auk\u0161\u010diausios kokyb\u0117s maist\u0105 jautriems augintiniams \u2013 r\u016bpinkis j\u0173 sveikata kasdien!\",\"breadcrumb\":{\"@id\":\"https:\\\/\\\/likepets.lt\\\/product\\\/vincent-diet-mini-adult-su-eriena-3-kg\\\/#breadcrumb\"},\"inLanguage\":\"lt-LT\",\"potentialAction\":[{\"@type\":\"ReadAction\",\"target\":[\"https:\\\/\\\/likepets.lt\\\/product\\\/vincent-diet-mini-adult-su-eriena-3-kg\\\/\"]}]},{\"@type\":\"ImageObject\",\"inLanguage\":\"lt-LT\",\"@id\":\"https:\\\/\\\/likepets.lt\\\/product\\\/vincent-diet-mini-adult-su-eriena-3-kg\\\/#primaryimage\",\"url\":\"https:\\\/\\\/likepets.lt\\\/wp-content\\\/uploads\\\/2025\\\/04\\\/mazu-veisliu-sunu-maistas-su-eriena-png.png\",\"contentUrl\":\"https:\\\/\\\/likepets.lt\\\/wp-content\\\/uploads\\\/2025\\\/04\\\/mazu-veisliu-sunu-maistas-su-eriena-png.png\",\"width\":1080,\"height\":1080,\"caption\":\"Vincent diet ma\u017e\u0173 veisli\u0173 \u0161un\u0173 maistas su \u0117riena\"},{\"@type\":\"BreadcrumbList\",\"@id\":\"https:\\\/\\\/likepets.lt\\\/product\\\/vincent-diet-mini-adult-su-eriena-3-kg\\\/#breadcrumb\",\"itemListElement\":[{\"@type\":\"ListItem\",\"position\":1,\"name\":\"Home\",\"item\":\"https:\\\/\\\/likepets.lt\\\/lt_lt\\\/\"},{\"@type\":\"ListItem\",\"position\":2,\"name\":\"Parduotuv\u0117\",\"item\":\"https:\\\/\\\/likepets.lt\\\/parduotuve\\\/\"},{\"@type\":\"ListItem\",\"position\":3,\"name\":\"Vincent Diet sausas maistas su \u0117riena ma\u017e\u0173 veisli\u0173 \u0161unims 3 kg\"}]},{\"@type\":\"WebSite\",\"@id\":\"https:\\\/\\\/likepets.lt\\\/#website\",\"url\":\"https:\\\/\\\/likepets.lt\\\/\",\"name\":\"Likepets.lt\",\"description\":\"\",\"publisher\":{\"@id\":\"https:\\\/\\\/likepets.lt\\\/#\\\/schema\\\/person\\\/4ad7eed3b9dc7a176cfff59cfc71e86f\"},\"potentialAction\":[{\"@type\":\"SearchAction\",\"target\":{\"@type\":\"EntryPoint\",\"urlTemplate\":\"https:\\\/\\\/likepets.lt\\\/?s={search_term_string}\"},\"query-input\":{\"@type\":\"PropertyValueSpecification\",\"valueRequired\":true,\"valueName\":\"search_term_string\"}}],\"inLanguage\":\"lt-LT\"},{\"@type\":[\"Person\",\"Organization\"],\"@id\":\"https:\\\/\\\/likepets.lt\\\/#\\\/schema\\\/person\\\/4ad7eed3b9dc7a176cfff59cfc71e86f\",\"name\":\"Likepets.lt\",\"image\":{\"@type\":\"ImageObject\",\"inLanguage\":\"lt-LT\",\"@id\":\"https:\\\/\\\/likepets.lt\\\/wp-content\\\/litespeed\\\/avatar\\\/e807fa13845e19a6e6af46a4bc771b01.jpg?ver=1775897302\",\"url\":\"https:\\\/\\\/likepets.lt\\\/wp-content\\\/litespeed\\\/avatar\\\/e807fa13845e19a6e6af46a4bc771b01.jpg?ver=1775897302\",\"contentUrl\":\"https:\\\/\\\/likepets.lt\\\/wp-content\\\/litespeed\\\/avatar\\\/e807fa13845e19a6e6af46a4bc771b01.jpg?ver=1775897302\",\"caption\":\"Likepets.lt\"},\"logo\":{\"@id\":\"https:\\\/\\\/likepets.lt\\\/wp-content\\\/litespeed\\\/avatar\\\/e807fa13845e19a6e6af46a4bc771b01.jpg?ver=1775897302\"},\"sameAs\":[\"http:\\\/\\\/likepets.lt\",\"https:\\\/\\\/www.facebook.com\\\/profile.php?id=61569466134223\",\"https:\\\/\\\/www.instagram.com\\\/likepets77\\\/?fbclid=IwY2xjawMjUHtleHRuA2FlbQIxMQBicmlkETBlaEhxaVI0bUk1RHl3bmVMAR7IJeYf9r0OCeo9BwYJUD-yM6Osp6MrosWJGq_QweyNqX1BUWyhO1-sP82C2g_aem_xQbJ_D9oWWiUjsE-R3Dlrw\"]}]}<\/script>\n<!-- \/ Yoast SEO plugin. -->","yoast_head_json":{"title":"Vincent Diet sausas maistas su \u0117riena ma\u017e\u0173 veisli\u0173 \u0161unims 3 kg - likepets.lt","description":"Hipoalerginis, lengvai vir\u0161kinamas pa\u0161aras ma\u017e\u0173 veisli\u0173 \u0161unims. Rinkis auk\u0161\u010diausios kokyb\u0117s maist\u0105 jautriems augintiniams \u2013 r\u016bpinkis j\u0173 sveikata kasdien!","robots":{"index":"index","follow":"follow","max-snippet":"max-snippet:-1","max-image-preview":"max-image-preview:large","max-video-preview":"max-video-preview:-1"},"canonical":"https:\/\/likepets.lt\/lt_lt\/product\/vincent-diet-mini-adult-su-eriena-3-kg\/","og_locale":"lt_LT","og_type":"article","og_title":"Vincent Diet sausas maistas su \u0117riena ma\u017e\u0173 veisli\u0173 \u0161unims 3 kg - likepets.lt","og_description":"Hipoalerginis, lengvai vir\u0161kinamas pa\u0161aras ma\u017e\u0173 veisli\u0173 \u0161unims. Rinkis auk\u0161\u010diausios kokyb\u0117s maist\u0105 jautriems augintiniams \u2013 r\u016bpinkis j\u0173 sveikata kasdien!","og_url":"https:\/\/likepets.lt\/lt_lt\/product\/vincent-diet-mini-adult-su-eriena-3-kg\/","og_site_name":"likepets.lt","article_publisher":"https:\/\/www.facebook.com\/profile.php?id=61569466134223","article_modified_time":"2025-07-16T12:30:02+00:00","og_image":[{"width":1080,"height":1080,"url":"https:\/\/likepets.lt\/wp-content\/uploads\/2025\/04\/mazu-veisliu-sunu-maistas-su-eriena-png.png","type":"image\/png"}],"twitter_card":"summary_large_image","twitter_misc":{"Est. reading time":"2 minut\u0117s"},"schema":{"@context":"https:\/\/schema.org","@graph":[{"@type":"WebPage","@id":"https:\/\/likepets.lt\/product\/vincent-diet-mini-adult-su-eriena-3-kg\/","url":"https:\/\/likepets.lt\/product\/vincent-diet-mini-adult-su-eriena-3-kg\/","name":"Vincent Diet sausas maistas su \u0117riena ma\u017e\u0173 veisli\u0173 \u0161unims 3 kg - likepets.lt","isPartOf":{"@id":"https:\/\/likepets.lt\/#website"},"primaryImageOfPage":{"@id":"https:\/\/likepets.lt\/product\/vincent-diet-mini-adult-su-eriena-3-kg\/#primaryimage"},"image":{"@id":"https:\/\/likepets.lt\/product\/vincent-diet-mini-adult-su-eriena-3-kg\/#primaryimage"},"thumbnailUrl":"https:\/\/likepets.lt\/wp-content\/uploads\/2025\/04\/mazu-veisliu-sunu-maistas-su-eriena-png.png","datePublished":"2024-10-29T10:15:18+00:00","dateModified":"2025-07-16T12:30:02+00:00","description":"Hipoalerginis, lengvai vir\u0161kinamas pa\u0161aras ma\u017e\u0173 veisli\u0173 \u0161unims. Rinkis auk\u0161\u010diausios kokyb\u0117s maist\u0105 jautriems augintiniams \u2013 r\u016bpinkis j\u0173 sveikata kasdien!","breadcrumb":{"@id":"https:\/\/likepets.lt\/product\/vincent-diet-mini-adult-su-eriena-3-kg\/#breadcrumb"},"inLanguage":"lt-LT","potentialAction":[{"@type":"ReadAction","target":["https:\/\/likepets.lt\/product\/vincent-diet-mini-adult-su-eriena-3-kg\/"]}]},{"@type":"ImageObject","inLanguage":"lt-LT","@id":"https:\/\/likepets.lt\/product\/vincent-diet-mini-adult-su-eriena-3-kg\/#primaryimage","url":"https:\/\/likepets.lt\/wp-content\/uploads\/2025\/04\/mazu-veisliu-sunu-maistas-su-eriena-png.png","contentUrl":"https:\/\/likepets.lt\/wp-content\/uploads\/2025\/04\/mazu-veisliu-sunu-maistas-su-eriena-png.png","width":1080,"height":1080,"caption":"Vincent diet ma\u017e\u0173 veisli\u0173 \u0161un\u0173 maistas su \u0117riena"},{"@type":"BreadcrumbList","@id":"https:\/\/likepets.lt\/product\/vincent-diet-mini-adult-su-eriena-3-kg\/#breadcrumb","itemListElement":[{"@type":"ListItem","position":1,"name":"Home","item":"https:\/\/likepets.lt\/lt_lt\/"},{"@type":"ListItem","position":2,"name":"Parduotuv\u0117","item":"https:\/\/likepets.lt\/parduotuve\/"},{"@type":"ListItem","position":3,"name":"Vincent Diet sausas maistas su \u0117riena ma\u017e\u0173 veisli\u0173 \u0161unims 3 kg"}]},{"@type":"WebSite","@id":"https:\/\/likepets.lt\/#website","url":"https:\/\/likepets.lt\/","name":"Likepets.lt","description":"","publisher":{"@id":"https:\/\/likepets.lt\/#\/schema\/person\/4ad7eed3b9dc7a176cfff59cfc71e86f"},"potentialAction":[{"@type":"SearchAction","target":{"@type":"EntryPoint","urlTemplate":"https:\/\/likepets.lt\/?s={search_term_string}"},"query-input":{"@type":"PropertyValueSpecification","valueRequired":true,"valueName":"search_term_string"}}],"inLanguage":"lt-LT"},{"@type":["Person","Organization"],"@id":"https:\/\/likepets.lt\/#\/schema\/person\/4ad7eed3b9dc7a176cfff59cfc71e86f","name":"Likepets.lt","image":{"@type":"ImageObject","inLanguage":"lt-LT","@id":"https:\/\/likepets.lt\/wp-content\/litespeed\/avatar\/e807fa13845e19a6e6af46a4bc771b01.jpg?ver=1775897302","url":"https:\/\/likepets.lt\/wp-content\/litespeed\/avatar\/e807fa13845e19a6e6af46a4bc771b01.jpg?ver=1775897302","contentUrl":"https:\/\/likepets.lt\/wp-content\/litespeed\/avatar\/e807fa13845e19a6e6af46a4bc771b01.jpg?ver=1775897302","caption":"Likepets.lt"},"logo":{"@id":"https:\/\/likepets.lt\/wp-content\/litespeed\/avatar\/e807fa13845e19a6e6af46a4bc771b01.jpg?ver=1775897302"},"sameAs":["http:\/\/likepets.lt","https:\/\/www.facebook.com\/profile.php?id=61569466134223","https:\/\/www.instagram.com\/likepets77\/?fbclid=IwY2xjawMjUHtleHRuA2FlbQIxMQBicmlkETBlaEhxaVI0bUk1RHl3bmVMAR7IJeYf9r0OCeo9BwYJUD-yM6Osp6MrosWJGq_QweyNqX1BUWyhO1-sP82C2g_aem_xQbJ_D9oWWiUjsE-R3Dlrw"]}]}},"_links":{"self":[{"href":"https:\/\/likepets.lt\/lt_lt\/wp-json\/wp\/v2\/product\/3146","targetHints":{"allow":["GET"]}}],"collection":[{"href":"https:\/\/likepets.lt\/lt_lt\/wp-json\/wp\/v2\/product"}],"about":[{"href":"https:\/\/likepets.lt\/lt_lt\/wp-json\/wp\/v2\/types\/product"}],"replies":[{"embeddable":true,"href":"https:\/\/likepets.lt\/lt_lt\/wp-json\/wp\/v2\/comments?post=3146"}],"version-history":[{"count":1,"href":"https:\/\/likepets.lt\/lt_lt\/wp-json\/wp\/v2\/product\/3146\/revisions"}],"predecessor-version":[{"id":63062,"href":"https:\/\/likepets.lt\/lt_lt\/wp-json\/wp\/v2\/product\/3146\/revisions\/63062"}],"wp:featuredmedia":[{"embeddable":true,"href":"https:\/\/likepets.lt\/lt_lt\/wp-json\/wp\/v2\/media\/3147"}],"wp:attachment":[{"href":"https:\/\/likepets.lt\/lt_lt\/wp-json\/wp\/v2\/media?parent=3146"}],"wp:term":[{"taxonomy":"product_brand","embeddable":true,"href":"https:\/\/likepets.lt\/lt_lt\/wp-json\/wp\/v2\/product_brand?post=3146"},{"taxonomy":"product_cat","embeddable":true,"href":"https:\/\/likepets.lt\/lt_lt\/wp-json\/wp\/v2\/product_cat?post=3146"},{"taxonomy":"product_tag","embeddable":true,"href":"https:\/\/likepets.lt\/lt_lt\/wp-json\/wp\/v2\/product_tag?post=3146"}],"curies":[{"name":"wp","href":"https:\/\/api.w.org\/{rel}","templated":true}]}}