{"id":3163,"date":"2024-11-08T14:30:53","date_gmt":"2024-11-08T14:30:53","guid":{"rendered":"https:\/\/likepets.lt\/?post_type=product&#038;p=3163"},"modified":"2025-04-27T09:34:07","modified_gmt":"2025-04-27T06:34:07","slug":"afp-interaktyvus-irankiai-suniuko-kalbos-vertejas","status":"publish","type":"product","link":"https:\/\/likepets.lt\/lt_lt\/product\/afp-interaktyvus-irankiai-suniuko-kalbos-vertejas\/","title":{"rendered":"AFP Interaktyv\u016bs \u012frankiai \u2013 \u0160uniuko kalbos vert\u0117jas"},"content":{"rendered":"<p>\u0160unys n\u0117ra \u017emon\u0117s ir i\u0161 ties\u0173 nekalba, o kartais tai gali b\u016bti sud\u0117tinga. Juk nor\u0117tum\u0117te \u017einoti, kas vyksta j\u016bs\u0173 keturkojo draugo galvoje. Naudodami \u201eAFP Interactives \u2013 \u0160uniuko vert\u0117j\u0105\u201c, galite u\u017etikrinti, kad j\u016bs\u0173 \u0161uo vis tiek gal\u0117s bendrauti su jumis. Jei \u012fdomu, kaip tai veikia, atid\u017eiai skaitykite!<\/p>\n<p>\u012ed\u0117kite baterijas \u012f kamuoliuk\u0105, paspauskite ma\u017e\u0105 balt\u0105 mygtuk\u0105 ir \u012fra\u0161ykite norim\u0105 komand\u0105. \u012esivaizduokite, kad \u012fra\u0161\u0117te komand\u0105 \u201eeime pasivaik\u0161\u010dioti\u201c \u2013 jei j\u016bs\u0173 \u0161uo jau pa\u017e\u012fsta \u0161i\u0105 fraz\u0119, tereik\u0117s paspausti t\u0105 mygtuk\u0105, kad prane\u0161t\u0173, jog nori \u012f lauk\u0105!<\/p>\n<p><strong>Ypatyb\u0117s<\/strong><\/p>\n<ul>\n<li>Veikia su 2 AA tipo baterijomis kiekvienam mygtukui (baterijos ne\u012ftrauktos).<\/li>\n<li>Paprastos komandos, kurios \u012fra\u0161omos \u012f kamuoliukus.<\/li>\n<li>B\u016bdas pad\u0117ti \u0161uniui bendrauti.<\/li>\n<\/ul>\n<p><strong>Turinys<\/strong> 4 kamuoliukai, kuri\u0173 matmenys: 11 x 11 x 6 cm.<\/p>\n<p>&nbsp;<\/p>\n","protected":false},"excerpt":{"rendered":"<p>Naudodami \u201eAFP Interactives \u2013 \u0160uniuko vert\u0117j\u0105\u201c, u\u017etikrinate, kad j\u016bs\u0173 \u0161uo visada gal\u0117s su jumis bendrauti.<\/p>\n","protected":false},"featured_media":3164,"comment_status":"open","ping_status":"closed","template":"","meta":[],"product_brand":[155],"product_cat":[98],"product_tag":[],"class_list":{"0":"post-3163","1":"product","2":"type-product","3":"status-publish","4":"has-post-thumbnail","6":"product_brand-afp","7":"product_cat-zaislai","10":"first","11":"instock","12":"taxable","13":"shipping-taxable","14":"purchasable","15":"product-type-simple"},"yoast_head":"<!-- This site is optimized with the Yoast SEO plugin v27.4 - https:\/\/yoast.com\/product\/yoast-seo-wordpress\/ -->\n<title>AFP Interaktyv\u016bs \u012frankiai \u2013 \u0160uniuko kalbos vert\u0117jas - likepets.lt<\/title>\n<meta name=\"description\" content=\"Ar neb\u016bt\u0173 puiku, jei \u0161unys gal\u0117t\u0173 tiksliai pasakyti, k\u0105 turi omenyje? Su \u0161iuo interaktyviu \u201eAFP Interactives\u201c \u017eaislu tai tampa \u012fmanoma.\" \/>\n<meta name=\"robots\" content=\"index, follow, max-snippet:-1, max-image-preview:large, max-video-preview:-1\" \/>\n<link rel=\"canonical\" href=\"https:\/\/likepets.lt\/lt_lt\/product\/afp-interaktyvus-irankiai-suniuko-kalbos-vertejas\/\" \/>\n<meta property=\"og:locale\" content=\"lt_LT\" \/>\n<meta property=\"og:type\" content=\"article\" \/>\n<meta property=\"og:title\" content=\"AFP Interaktyv\u016bs \u012frankiai \u2013 \u0160uniuko kalbos vert\u0117jas - likepets.lt\" \/>\n<meta property=\"og:description\" content=\"Ar neb\u016bt\u0173 puiku, jei \u0161unys gal\u0117t\u0173 tiksliai pasakyti, k\u0105 turi omenyje? Su \u0161iuo interaktyviu \u201eAFP Interactives\u201c \u017eaislu tai tampa \u012fmanoma.\" \/>\n<meta property=\"og:url\" content=\"https:\/\/likepets.lt\/lt_lt\/product\/afp-interaktyvus-irankiai-suniuko-kalbos-vertejas\/\" \/>\n<meta property=\"og:site_name\" content=\"likepets.lt\" \/>\n<meta property=\"article:publisher\" content=\"https:\/\/www.facebook.com\/profile.php?id=61569466134223\" \/>\n<meta property=\"article:modified_time\" content=\"2025-04-27T06:34:07+00:00\" \/>\n<meta property=\"og:image\" content=\"https:\/\/likepets.lt\/wp-content\/uploads\/2025\/04\/1.webp\" \/>\n\t<meta property=\"og:image:width\" content=\"300\" \/>\n\t<meta property=\"og:image:height\" content=\"300\" \/>\n\t<meta property=\"og:image:type\" content=\"image\/webp\" \/>\n<meta name=\"twitter:card\" content=\"summary_large_image\" \/>\n<meta name=\"twitter:label1\" content=\"Est. reading time\" \/>\n\t<meta name=\"twitter:data1\" content=\"1 minut\u0117\" \/>\n<script type=\"application\/ld+json\" class=\"yoast-schema-graph\">{\"@context\":\"https:\\\/\\\/schema.org\",\"@graph\":[{\"@type\":\"WebPage\",\"@id\":\"https:\\\/\\\/likepets.lt\\\/product\\\/afp-interaktyvus-irankiai-suniuko-kalbos-vertejas\\\/\",\"url\":\"https:\\\/\\\/likepets.lt\\\/product\\\/afp-interaktyvus-irankiai-suniuko-kalbos-vertejas\\\/\",\"name\":\"AFP Interaktyv\u016bs \u012frankiai \u2013 \u0160uniuko kalbos vert\u0117jas - likepets.lt\",\"isPartOf\":{\"@id\":\"https:\\\/\\\/likepets.lt\\\/#website\"},\"primaryImageOfPage\":{\"@id\":\"https:\\\/\\\/likepets.lt\\\/product\\\/afp-interaktyvus-irankiai-suniuko-kalbos-vertejas\\\/#primaryimage\"},\"image\":{\"@id\":\"https:\\\/\\\/likepets.lt\\\/product\\\/afp-interaktyvus-irankiai-suniuko-kalbos-vertejas\\\/#primaryimage\"},\"thumbnailUrl\":\"https:\\\/\\\/likepets.lt\\\/wp-content\\\/uploads\\\/2025\\\/04\\\/1.webp\",\"datePublished\":\"2024-11-08T14:30:53+00:00\",\"dateModified\":\"2025-04-27T06:34:07+00:00\",\"description\":\"Ar neb\u016bt\u0173 puiku, jei \u0161unys gal\u0117t\u0173 tiksliai pasakyti, k\u0105 turi omenyje? Su \u0161iuo interaktyviu \u201eAFP Interactives\u201c \u017eaislu tai tampa \u012fmanoma.\",\"breadcrumb\":{\"@id\":\"https:\\\/\\\/likepets.lt\\\/product\\\/afp-interaktyvus-irankiai-suniuko-kalbos-vertejas\\\/#breadcrumb\"},\"inLanguage\":\"lt-LT\",\"potentialAction\":[{\"@type\":\"ReadAction\",\"target\":[\"https:\\\/\\\/likepets.lt\\\/product\\\/afp-interaktyvus-irankiai-suniuko-kalbos-vertejas\\\/\"]}]},{\"@type\":\"ImageObject\",\"inLanguage\":\"lt-LT\",\"@id\":\"https:\\\/\\\/likepets.lt\\\/product\\\/afp-interaktyvus-irankiai-suniuko-kalbos-vertejas\\\/#primaryimage\",\"url\":\"https:\\\/\\\/likepets.lt\\\/wp-content\\\/uploads\\\/2025\\\/04\\\/1.webp\",\"contentUrl\":\"https:\\\/\\\/likepets.lt\\\/wp-content\\\/uploads\\\/2025\\\/04\\\/1.webp\",\"width\":300,\"height\":300,\"caption\":\"Interaktyvus \u0161uns \u017eaislas\"},{\"@type\":\"BreadcrumbList\",\"@id\":\"https:\\\/\\\/likepets.lt\\\/product\\\/afp-interaktyvus-irankiai-suniuko-kalbos-vertejas\\\/#breadcrumb\",\"itemListElement\":[{\"@type\":\"ListItem\",\"position\":1,\"name\":\"Home\",\"item\":\"https:\\\/\\\/likepets.lt\\\/lt_lt\\\/\"},{\"@type\":\"ListItem\",\"position\":2,\"name\":\"Parduotuv\u0117\",\"item\":\"https:\\\/\\\/likepets.lt\\\/parduotuve\\\/\"},{\"@type\":\"ListItem\",\"position\":3,\"name\":\"AFP Interaktyv\u016bs \u012frankiai \u2013 \u0160uniuko kalbos vert\u0117jas\"}]},{\"@type\":\"WebSite\",\"@id\":\"https:\\\/\\\/likepets.lt\\\/#website\",\"url\":\"https:\\\/\\\/likepets.lt\\\/\",\"name\":\"Likepets.lt\",\"description\":\"\",\"publisher\":{\"@id\":\"https:\\\/\\\/likepets.lt\\\/#\\\/schema\\\/person\\\/4ad7eed3b9dc7a176cfff59cfc71e86f\"},\"potentialAction\":[{\"@type\":\"SearchAction\",\"target\":{\"@type\":\"EntryPoint\",\"urlTemplate\":\"https:\\\/\\\/likepets.lt\\\/?s={search_term_string}\"},\"query-input\":{\"@type\":\"PropertyValueSpecification\",\"valueRequired\":true,\"valueName\":\"search_term_string\"}}],\"inLanguage\":\"lt-LT\"},{\"@type\":[\"Person\",\"Organization\"],\"@id\":\"https:\\\/\\\/likepets.lt\\\/#\\\/schema\\\/person\\\/4ad7eed3b9dc7a176cfff59cfc71e86f\",\"name\":\"Likepets.lt\",\"image\":{\"@type\":\"ImageObject\",\"inLanguage\":\"lt-LT\",\"@id\":\"https:\\\/\\\/likepets.lt\\\/wp-content\\\/litespeed\\\/avatar\\\/e807fa13845e19a6e6af46a4bc771b01.jpg?ver=1775897302\",\"url\":\"https:\\\/\\\/likepets.lt\\\/wp-content\\\/litespeed\\\/avatar\\\/e807fa13845e19a6e6af46a4bc771b01.jpg?ver=1775897302\",\"contentUrl\":\"https:\\\/\\\/likepets.lt\\\/wp-content\\\/litespeed\\\/avatar\\\/e807fa13845e19a6e6af46a4bc771b01.jpg?ver=1775897302\",\"caption\":\"Likepets.lt\"},\"logo\":{\"@id\":\"https:\\\/\\\/likepets.lt\\\/wp-content\\\/litespeed\\\/avatar\\\/e807fa13845e19a6e6af46a4bc771b01.jpg?ver=1775897302\"},\"sameAs\":[\"http:\\\/\\\/likepets.lt\",\"https:\\\/\\\/www.facebook.com\\\/profile.php?id=61569466134223\",\"https:\\\/\\\/www.instagram.com\\\/likepets77\\\/?fbclid=IwY2xjawMjUHtleHRuA2FlbQIxMQBicmlkETBlaEhxaVI0bUk1RHl3bmVMAR7IJeYf9r0OCeo9BwYJUD-yM6Osp6MrosWJGq_QweyNqX1BUWyhO1-sP82C2g_aem_xQbJ_D9oWWiUjsE-R3Dlrw\"]}]}<\/script>\n<!-- \/ Yoast SEO plugin. -->","yoast_head_json":{"title":"AFP Interaktyv\u016bs \u012frankiai \u2013 \u0160uniuko kalbos vert\u0117jas - likepets.lt","description":"Ar neb\u016bt\u0173 puiku, jei \u0161unys gal\u0117t\u0173 tiksliai pasakyti, k\u0105 turi omenyje? Su \u0161iuo interaktyviu \u201eAFP Interactives\u201c \u017eaislu tai tampa \u012fmanoma.","robots":{"index":"index","follow":"follow","max-snippet":"max-snippet:-1","max-image-preview":"max-image-preview:large","max-video-preview":"max-video-preview:-1"},"canonical":"https:\/\/likepets.lt\/lt_lt\/product\/afp-interaktyvus-irankiai-suniuko-kalbos-vertejas\/","og_locale":"lt_LT","og_type":"article","og_title":"AFP Interaktyv\u016bs \u012frankiai \u2013 \u0160uniuko kalbos vert\u0117jas - likepets.lt","og_description":"Ar neb\u016bt\u0173 puiku, jei \u0161unys gal\u0117t\u0173 tiksliai pasakyti, k\u0105 turi omenyje? Su \u0161iuo interaktyviu \u201eAFP Interactives\u201c \u017eaislu tai tampa \u012fmanoma.","og_url":"https:\/\/likepets.lt\/lt_lt\/product\/afp-interaktyvus-irankiai-suniuko-kalbos-vertejas\/","og_site_name":"likepets.lt","article_publisher":"https:\/\/www.facebook.com\/profile.php?id=61569466134223","article_modified_time":"2025-04-27T06:34:07+00:00","og_image":[{"width":300,"height":300,"url":"https:\/\/likepets.lt\/wp-content\/uploads\/2025\/04\/1.webp","type":"image\/webp"}],"twitter_card":"summary_large_image","twitter_misc":{"Est. reading time":"1 minut\u0117"},"schema":{"@context":"https:\/\/schema.org","@graph":[{"@type":"WebPage","@id":"https:\/\/likepets.lt\/product\/afp-interaktyvus-irankiai-suniuko-kalbos-vertejas\/","url":"https:\/\/likepets.lt\/product\/afp-interaktyvus-irankiai-suniuko-kalbos-vertejas\/","name":"AFP Interaktyv\u016bs \u012frankiai \u2013 \u0160uniuko kalbos vert\u0117jas - likepets.lt","isPartOf":{"@id":"https:\/\/likepets.lt\/#website"},"primaryImageOfPage":{"@id":"https:\/\/likepets.lt\/product\/afp-interaktyvus-irankiai-suniuko-kalbos-vertejas\/#primaryimage"},"image":{"@id":"https:\/\/likepets.lt\/product\/afp-interaktyvus-irankiai-suniuko-kalbos-vertejas\/#primaryimage"},"thumbnailUrl":"https:\/\/likepets.lt\/wp-content\/uploads\/2025\/04\/1.webp","datePublished":"2024-11-08T14:30:53+00:00","dateModified":"2025-04-27T06:34:07+00:00","description":"Ar neb\u016bt\u0173 puiku, jei \u0161unys gal\u0117t\u0173 tiksliai pasakyti, k\u0105 turi omenyje? Su \u0161iuo interaktyviu \u201eAFP Interactives\u201c \u017eaislu tai tampa \u012fmanoma.","breadcrumb":{"@id":"https:\/\/likepets.lt\/product\/afp-interaktyvus-irankiai-suniuko-kalbos-vertejas\/#breadcrumb"},"inLanguage":"lt-LT","potentialAction":[{"@type":"ReadAction","target":["https:\/\/likepets.lt\/product\/afp-interaktyvus-irankiai-suniuko-kalbos-vertejas\/"]}]},{"@type":"ImageObject","inLanguage":"lt-LT","@id":"https:\/\/likepets.lt\/product\/afp-interaktyvus-irankiai-suniuko-kalbos-vertejas\/#primaryimage","url":"https:\/\/likepets.lt\/wp-content\/uploads\/2025\/04\/1.webp","contentUrl":"https:\/\/likepets.lt\/wp-content\/uploads\/2025\/04\/1.webp","width":300,"height":300,"caption":"Interaktyvus \u0161uns \u017eaislas"},{"@type":"BreadcrumbList","@id":"https:\/\/likepets.lt\/product\/afp-interaktyvus-irankiai-suniuko-kalbos-vertejas\/#breadcrumb","itemListElement":[{"@type":"ListItem","position":1,"name":"Home","item":"https:\/\/likepets.lt\/lt_lt\/"},{"@type":"ListItem","position":2,"name":"Parduotuv\u0117","item":"https:\/\/likepets.lt\/parduotuve\/"},{"@type":"ListItem","position":3,"name":"AFP Interaktyv\u016bs \u012frankiai \u2013 \u0160uniuko kalbos vert\u0117jas"}]},{"@type":"WebSite","@id":"https:\/\/likepets.lt\/#website","url":"https:\/\/likepets.lt\/","name":"Likepets.lt","description":"","publisher":{"@id":"https:\/\/likepets.lt\/#\/schema\/person\/4ad7eed3b9dc7a176cfff59cfc71e86f"},"potentialAction":[{"@type":"SearchAction","target":{"@type":"EntryPoint","urlTemplate":"https:\/\/likepets.lt\/?s={search_term_string}"},"query-input":{"@type":"PropertyValueSpecification","valueRequired":true,"valueName":"search_term_string"}}],"inLanguage":"lt-LT"},{"@type":["Person","Organization"],"@id":"https:\/\/likepets.lt\/#\/schema\/person\/4ad7eed3b9dc7a176cfff59cfc71e86f","name":"Likepets.lt","image":{"@type":"ImageObject","inLanguage":"lt-LT","@id":"https:\/\/likepets.lt\/wp-content\/litespeed\/avatar\/e807fa13845e19a6e6af46a4bc771b01.jpg?ver=1775897302","url":"https:\/\/likepets.lt\/wp-content\/litespeed\/avatar\/e807fa13845e19a6e6af46a4bc771b01.jpg?ver=1775897302","contentUrl":"https:\/\/likepets.lt\/wp-content\/litespeed\/avatar\/e807fa13845e19a6e6af46a4bc771b01.jpg?ver=1775897302","caption":"Likepets.lt"},"logo":{"@id":"https:\/\/likepets.lt\/wp-content\/litespeed\/avatar\/e807fa13845e19a6e6af46a4bc771b01.jpg?ver=1775897302"},"sameAs":["http:\/\/likepets.lt","https:\/\/www.facebook.com\/profile.php?id=61569466134223","https:\/\/www.instagram.com\/likepets77\/?fbclid=IwY2xjawMjUHtleHRuA2FlbQIxMQBicmlkETBlaEhxaVI0bUk1RHl3bmVMAR7IJeYf9r0OCeo9BwYJUD-yM6Osp6MrosWJGq_QweyNqX1BUWyhO1-sP82C2g_aem_xQbJ_D9oWWiUjsE-R3Dlrw"]}]}},"_links":{"self":[{"href":"https:\/\/likepets.lt\/lt_lt\/wp-json\/wp\/v2\/product\/3163","targetHints":{"allow":["GET"]}}],"collection":[{"href":"https:\/\/likepets.lt\/lt_lt\/wp-json\/wp\/v2\/product"}],"about":[{"href":"https:\/\/likepets.lt\/lt_lt\/wp-json\/wp\/v2\/types\/product"}],"replies":[{"embeddable":true,"href":"https:\/\/likepets.lt\/lt_lt\/wp-json\/wp\/v2\/comments?post=3163"}],"version-history":[{"count":1,"href":"https:\/\/likepets.lt\/lt_lt\/wp-json\/wp\/v2\/product\/3163\/revisions"}],"predecessor-version":[{"id":62468,"href":"https:\/\/likepets.lt\/lt_lt\/wp-json\/wp\/v2\/product\/3163\/revisions\/62468"}],"wp:featuredmedia":[{"embeddable":true,"href":"https:\/\/likepets.lt\/lt_lt\/wp-json\/wp\/v2\/media\/3164"}],"wp:attachment":[{"href":"https:\/\/likepets.lt\/lt_lt\/wp-json\/wp\/v2\/media?parent=3163"}],"wp:term":[{"taxonomy":"product_brand","embeddable":true,"href":"https:\/\/likepets.lt\/lt_lt\/wp-json\/wp\/v2\/product_brand?post=3163"},{"taxonomy":"product_cat","embeddable":true,"href":"https:\/\/likepets.lt\/lt_lt\/wp-json\/wp\/v2\/product_cat?post=3163"},{"taxonomy":"product_tag","embeddable":true,"href":"https:\/\/likepets.lt\/lt_lt\/wp-json\/wp\/v2\/product_tag?post=3163"}],"curies":[{"name":"wp","href":"https:\/\/api.w.org\/{rel}","templated":true}]}}