{"id":3169,"date":"2024-11-08T14:31:14","date_gmt":"2024-11-08T14:31:14","guid":{"rendered":"https:\/\/likepets.lt\/?post_type=product&#038;p=3169"},"modified":"2025-04-27T09:33:01","modified_gmt":"2025-04-27T06:33:01","slug":"afp-interaktyvusis-zaislas-treat-frenzy-roll","status":"publish","type":"product","link":"https:\/\/likepets.lt\/lt_lt\/product\/afp-interaktyvusis-zaislas-treat-frenzy-roll\/","title":{"rendered":"AFP Interaktyvusis \u017eaislas \u201eTreat Frenzy Roll\u201c"},"content":{"rendered":"<p><strong>Kaip naudoti?<\/strong><br \/>\n\u012ed\u0117kite m\u0117gstam\u0173 skan\u0117st\u0173 ar sauso maisto gabal\u0117li\u0173 \u012f ritin\u012f ir leiskite \u0161uniui j\u012f tyrin\u0117ti. Stumdydamas ritin\u012f nosimi ar letenomis, \u0161uo i\u0161moks, kaip gauti pasl\u0117ptus skan\u0117stus.<\/p>\n<p><strong>Ypatyb\u0117s<\/strong><\/p>\n<ul>\n<li>Skatina \u0161un\u012f aktyviai \u017eaisti ir lavina problem\u0173 sprendimo \u012fg\u016bd\u017eius.<\/li>\n<li>L\u0117tina maisto vartojim\u0105, puikiai tinka \u0161unims, kurie valgo pernelyg greitai.<\/li>\n<li>Tvirtos med\u017eiagos u\u017etikrina \u017eaislo patvarum\u0105.<\/li>\n<\/ul>\n<p><strong>Dydis<\/strong><br \/>\n\u017daislas yra kompakti\u0161kas ir tinkamas \u012fvairi\u0173 dyd\u017ei\u0173 \u0161unims.<\/p>\n<p>\u201eTreat Frenzy Roll\u201c ne tik teikia smagumo, bet ir padeda lavinti \u0161uns prot\u0105, skatindamas j\u012f aktyviai ie\u0161koti b\u016bd\u0173, kaip pasiekti apdovanojim\u0105.<\/p>\n","protected":false},"excerpt":{"rendered":"<p>\u017daislas yra ritinio formos ir veikia kaip galvos\u016bkis, \u012f kur\u012f \u012fdedami skan\u0117stai ar maistas. \u0160uniui stumdant ritin\u012f, skan\u0117stai po truput\u012f i\u0161krenta, taip apdovanojant j\u016bs\u0173 augintin\u012f u\u017e pastangas.<\/p>\n<p>&nbsp;<\/p>\n","protected":false},"featured_media":3170,"comment_status":"open","ping_status":"closed","template":"","meta":[],"product_brand":[155],"product_cat":[98],"product_tag":[],"class_list":{"0":"post-3169","1":"product","2":"type-product","3":"status-publish","4":"has-post-thumbnail","6":"product_brand-afp","7":"product_cat-zaislai","10":"first","11":"instock","12":"taxable","13":"shipping-taxable","14":"purchasable","15":"product-type-simple"},"yoast_head":"<!-- This site is optimized with the Yoast SEO plugin v27.4 - https:\/\/yoast.com\/product\/yoast-seo-wordpress\/ -->\n<title>AFP Interaktyvusis \u017eaislas \u201eTreat Frenzy Roll\u201c - likepets.lt<\/title>\n<meta name=\"description\" content=\"\u201eAFP Treat Frenzy Roll\u201c \u2013 tai interaktyvus \u017eaislas, skirtas \u0161unims, skatinantis j\u0173 nat\u016bral\u0173 smalsum\u0105 ir nor\u0105 ie\u0161koti skan\u0117st\u0173.\" \/>\n<meta name=\"robots\" content=\"index, follow, max-snippet:-1, max-image-preview:large, max-video-preview:-1\" \/>\n<link rel=\"canonical\" href=\"https:\/\/likepets.lt\/lt_lt\/product\/afp-interaktyvusis-zaislas-treat-frenzy-roll\/\" \/>\n<meta property=\"og:locale\" content=\"lt_LT\" \/>\n<meta property=\"og:type\" content=\"article\" \/>\n<meta property=\"og:title\" content=\"AFP Interaktyvusis \u017eaislas \u201eTreat Frenzy Roll\u201c - likepets.lt\" \/>\n<meta property=\"og:description\" content=\"\u201eAFP Treat Frenzy Roll\u201c \u2013 tai interaktyvus \u017eaislas, skirtas \u0161unims, skatinantis j\u0173 nat\u016bral\u0173 smalsum\u0105 ir nor\u0105 ie\u0161koti skan\u0117st\u0173.\" \/>\n<meta property=\"og:url\" content=\"https:\/\/likepets.lt\/lt_lt\/product\/afp-interaktyvusis-zaislas-treat-frenzy-roll\/\" \/>\n<meta property=\"og:site_name\" content=\"likepets.lt\" \/>\n<meta property=\"article:publisher\" content=\"https:\/\/www.facebook.com\/profile.php?id=61569466134223\" \/>\n<meta property=\"article:modified_time\" content=\"2025-04-27T06:33:01+00:00\" \/>\n<meta property=\"og:image\" content=\"https:\/\/likepets.lt\/wp-content\/uploads\/2025\/04\/4.webp\" \/>\n\t<meta property=\"og:image:width\" content=\"300\" \/>\n\t<meta property=\"og:image:height\" content=\"300\" \/>\n\t<meta property=\"og:image:type\" content=\"image\/webp\" \/>\n<meta name=\"twitter:card\" content=\"summary_large_image\" \/>\n<meta name=\"twitter:label1\" content=\"Est. reading time\" \/>\n\t<meta name=\"twitter:data1\" content=\"1 minut\u0117\" \/>\n<script type=\"application\/ld+json\" class=\"yoast-schema-graph\">{\"@context\":\"https:\\\/\\\/schema.org\",\"@graph\":[{\"@type\":\"WebPage\",\"@id\":\"https:\\\/\\\/likepets.lt\\\/product\\\/afp-interaktyvusis-zaislas-treat-frenzy-roll\\\/\",\"url\":\"https:\\\/\\\/likepets.lt\\\/product\\\/afp-interaktyvusis-zaislas-treat-frenzy-roll\\\/\",\"name\":\"AFP Interaktyvusis \u017eaislas \u201eTreat Frenzy Roll\u201c - likepets.lt\",\"isPartOf\":{\"@id\":\"https:\\\/\\\/likepets.lt\\\/#website\"},\"primaryImageOfPage\":{\"@id\":\"https:\\\/\\\/likepets.lt\\\/product\\\/afp-interaktyvusis-zaislas-treat-frenzy-roll\\\/#primaryimage\"},\"image\":{\"@id\":\"https:\\\/\\\/likepets.lt\\\/product\\\/afp-interaktyvusis-zaislas-treat-frenzy-roll\\\/#primaryimage\"},\"thumbnailUrl\":\"https:\\\/\\\/likepets.lt\\\/wp-content\\\/uploads\\\/2025\\\/04\\\/4.webp\",\"datePublished\":\"2024-11-08T14:31:14+00:00\",\"dateModified\":\"2025-04-27T06:33:01+00:00\",\"description\":\"\u201eAFP Treat Frenzy Roll\u201c \u2013 tai interaktyvus \u017eaislas, skirtas \u0161unims, skatinantis j\u0173 nat\u016bral\u0173 smalsum\u0105 ir nor\u0105 ie\u0161koti skan\u0117st\u0173.\",\"breadcrumb\":{\"@id\":\"https:\\\/\\\/likepets.lt\\\/product\\\/afp-interaktyvusis-zaislas-treat-frenzy-roll\\\/#breadcrumb\"},\"inLanguage\":\"lt-LT\",\"potentialAction\":[{\"@type\":\"ReadAction\",\"target\":[\"https:\\\/\\\/likepets.lt\\\/product\\\/afp-interaktyvusis-zaislas-treat-frenzy-roll\\\/\"]}]},{\"@type\":\"ImageObject\",\"inLanguage\":\"lt-LT\",\"@id\":\"https:\\\/\\\/likepets.lt\\\/product\\\/afp-interaktyvusis-zaislas-treat-frenzy-roll\\\/#primaryimage\",\"url\":\"https:\\\/\\\/likepets.lt\\\/wp-content\\\/uploads\\\/2025\\\/04\\\/4.webp\",\"contentUrl\":\"https:\\\/\\\/likepets.lt\\\/wp-content\\\/uploads\\\/2025\\\/04\\\/4.webp\",\"width\":300,\"height\":300,\"caption\":\"Interaktyvus \u017eaislas\"},{\"@type\":\"BreadcrumbList\",\"@id\":\"https:\\\/\\\/likepets.lt\\\/product\\\/afp-interaktyvusis-zaislas-treat-frenzy-roll\\\/#breadcrumb\",\"itemListElement\":[{\"@type\":\"ListItem\",\"position\":1,\"name\":\"Home\",\"item\":\"https:\\\/\\\/likepets.lt\\\/lt_lt\\\/\"},{\"@type\":\"ListItem\",\"position\":2,\"name\":\"Parduotuv\u0117\",\"item\":\"https:\\\/\\\/likepets.lt\\\/parduotuve\\\/\"},{\"@type\":\"ListItem\",\"position\":3,\"name\":\"AFP Interaktyvusis \u017eaislas \u201eTreat Frenzy Roll\u201c\"}]},{\"@type\":\"WebSite\",\"@id\":\"https:\\\/\\\/likepets.lt\\\/#website\",\"url\":\"https:\\\/\\\/likepets.lt\\\/\",\"name\":\"Likepets.lt\",\"description\":\"\",\"publisher\":{\"@id\":\"https:\\\/\\\/likepets.lt\\\/#\\\/schema\\\/person\\\/4ad7eed3b9dc7a176cfff59cfc71e86f\"},\"potentialAction\":[{\"@type\":\"SearchAction\",\"target\":{\"@type\":\"EntryPoint\",\"urlTemplate\":\"https:\\\/\\\/likepets.lt\\\/?s={search_term_string}\"},\"query-input\":{\"@type\":\"PropertyValueSpecification\",\"valueRequired\":true,\"valueName\":\"search_term_string\"}}],\"inLanguage\":\"lt-LT\"},{\"@type\":[\"Person\",\"Organization\"],\"@id\":\"https:\\\/\\\/likepets.lt\\\/#\\\/schema\\\/person\\\/4ad7eed3b9dc7a176cfff59cfc71e86f\",\"name\":\"Likepets.lt\",\"image\":{\"@type\":\"ImageObject\",\"inLanguage\":\"lt-LT\",\"@id\":\"https:\\\/\\\/likepets.lt\\\/wp-content\\\/litespeed\\\/avatar\\\/e807fa13845e19a6e6af46a4bc771b01.jpg?ver=1775897302\",\"url\":\"https:\\\/\\\/likepets.lt\\\/wp-content\\\/litespeed\\\/avatar\\\/e807fa13845e19a6e6af46a4bc771b01.jpg?ver=1775897302\",\"contentUrl\":\"https:\\\/\\\/likepets.lt\\\/wp-content\\\/litespeed\\\/avatar\\\/e807fa13845e19a6e6af46a4bc771b01.jpg?ver=1775897302\",\"caption\":\"Likepets.lt\"},\"logo\":{\"@id\":\"https:\\\/\\\/likepets.lt\\\/wp-content\\\/litespeed\\\/avatar\\\/e807fa13845e19a6e6af46a4bc771b01.jpg?ver=1775897302\"},\"sameAs\":[\"http:\\\/\\\/likepets.lt\",\"https:\\\/\\\/www.facebook.com\\\/profile.php?id=61569466134223\",\"https:\\\/\\\/www.instagram.com\\\/likepets77\\\/?fbclid=IwY2xjawMjUHtleHRuA2FlbQIxMQBicmlkETBlaEhxaVI0bUk1RHl3bmVMAR7IJeYf9r0OCeo9BwYJUD-yM6Osp6MrosWJGq_QweyNqX1BUWyhO1-sP82C2g_aem_xQbJ_D9oWWiUjsE-R3Dlrw\"]}]}<\/script>\n<!-- \/ Yoast SEO plugin. -->","yoast_head_json":{"title":"AFP Interaktyvusis \u017eaislas \u201eTreat Frenzy Roll\u201c - likepets.lt","description":"\u201eAFP Treat Frenzy Roll\u201c \u2013 tai interaktyvus \u017eaislas, skirtas \u0161unims, skatinantis j\u0173 nat\u016bral\u0173 smalsum\u0105 ir nor\u0105 ie\u0161koti skan\u0117st\u0173.","robots":{"index":"index","follow":"follow","max-snippet":"max-snippet:-1","max-image-preview":"max-image-preview:large","max-video-preview":"max-video-preview:-1"},"canonical":"https:\/\/likepets.lt\/lt_lt\/product\/afp-interaktyvusis-zaislas-treat-frenzy-roll\/","og_locale":"lt_LT","og_type":"article","og_title":"AFP Interaktyvusis \u017eaislas \u201eTreat Frenzy Roll\u201c - likepets.lt","og_description":"\u201eAFP Treat Frenzy Roll\u201c \u2013 tai interaktyvus \u017eaislas, skirtas \u0161unims, skatinantis j\u0173 nat\u016bral\u0173 smalsum\u0105 ir nor\u0105 ie\u0161koti skan\u0117st\u0173.","og_url":"https:\/\/likepets.lt\/lt_lt\/product\/afp-interaktyvusis-zaislas-treat-frenzy-roll\/","og_site_name":"likepets.lt","article_publisher":"https:\/\/www.facebook.com\/profile.php?id=61569466134223","article_modified_time":"2025-04-27T06:33:01+00:00","og_image":[{"width":300,"height":300,"url":"https:\/\/likepets.lt\/wp-content\/uploads\/2025\/04\/4.webp","type":"image\/webp"}],"twitter_card":"summary_large_image","twitter_misc":{"Est. reading time":"1 minut\u0117"},"schema":{"@context":"https:\/\/schema.org","@graph":[{"@type":"WebPage","@id":"https:\/\/likepets.lt\/product\/afp-interaktyvusis-zaislas-treat-frenzy-roll\/","url":"https:\/\/likepets.lt\/product\/afp-interaktyvusis-zaislas-treat-frenzy-roll\/","name":"AFP Interaktyvusis \u017eaislas \u201eTreat Frenzy Roll\u201c - likepets.lt","isPartOf":{"@id":"https:\/\/likepets.lt\/#website"},"primaryImageOfPage":{"@id":"https:\/\/likepets.lt\/product\/afp-interaktyvusis-zaislas-treat-frenzy-roll\/#primaryimage"},"image":{"@id":"https:\/\/likepets.lt\/product\/afp-interaktyvusis-zaislas-treat-frenzy-roll\/#primaryimage"},"thumbnailUrl":"https:\/\/likepets.lt\/wp-content\/uploads\/2025\/04\/4.webp","datePublished":"2024-11-08T14:31:14+00:00","dateModified":"2025-04-27T06:33:01+00:00","description":"\u201eAFP Treat Frenzy Roll\u201c \u2013 tai interaktyvus \u017eaislas, skirtas \u0161unims, skatinantis j\u0173 nat\u016bral\u0173 smalsum\u0105 ir nor\u0105 ie\u0161koti skan\u0117st\u0173.","breadcrumb":{"@id":"https:\/\/likepets.lt\/product\/afp-interaktyvusis-zaislas-treat-frenzy-roll\/#breadcrumb"},"inLanguage":"lt-LT","potentialAction":[{"@type":"ReadAction","target":["https:\/\/likepets.lt\/product\/afp-interaktyvusis-zaislas-treat-frenzy-roll\/"]}]},{"@type":"ImageObject","inLanguage":"lt-LT","@id":"https:\/\/likepets.lt\/product\/afp-interaktyvusis-zaislas-treat-frenzy-roll\/#primaryimage","url":"https:\/\/likepets.lt\/wp-content\/uploads\/2025\/04\/4.webp","contentUrl":"https:\/\/likepets.lt\/wp-content\/uploads\/2025\/04\/4.webp","width":300,"height":300,"caption":"Interaktyvus \u017eaislas"},{"@type":"BreadcrumbList","@id":"https:\/\/likepets.lt\/product\/afp-interaktyvusis-zaislas-treat-frenzy-roll\/#breadcrumb","itemListElement":[{"@type":"ListItem","position":1,"name":"Home","item":"https:\/\/likepets.lt\/lt_lt\/"},{"@type":"ListItem","position":2,"name":"Parduotuv\u0117","item":"https:\/\/likepets.lt\/parduotuve\/"},{"@type":"ListItem","position":3,"name":"AFP Interaktyvusis \u017eaislas \u201eTreat Frenzy Roll\u201c"}]},{"@type":"WebSite","@id":"https:\/\/likepets.lt\/#website","url":"https:\/\/likepets.lt\/","name":"Likepets.lt","description":"","publisher":{"@id":"https:\/\/likepets.lt\/#\/schema\/person\/4ad7eed3b9dc7a176cfff59cfc71e86f"},"potentialAction":[{"@type":"SearchAction","target":{"@type":"EntryPoint","urlTemplate":"https:\/\/likepets.lt\/?s={search_term_string}"},"query-input":{"@type":"PropertyValueSpecification","valueRequired":true,"valueName":"search_term_string"}}],"inLanguage":"lt-LT"},{"@type":["Person","Organization"],"@id":"https:\/\/likepets.lt\/#\/schema\/person\/4ad7eed3b9dc7a176cfff59cfc71e86f","name":"Likepets.lt","image":{"@type":"ImageObject","inLanguage":"lt-LT","@id":"https:\/\/likepets.lt\/wp-content\/litespeed\/avatar\/e807fa13845e19a6e6af46a4bc771b01.jpg?ver=1775897302","url":"https:\/\/likepets.lt\/wp-content\/litespeed\/avatar\/e807fa13845e19a6e6af46a4bc771b01.jpg?ver=1775897302","contentUrl":"https:\/\/likepets.lt\/wp-content\/litespeed\/avatar\/e807fa13845e19a6e6af46a4bc771b01.jpg?ver=1775897302","caption":"Likepets.lt"},"logo":{"@id":"https:\/\/likepets.lt\/wp-content\/litespeed\/avatar\/e807fa13845e19a6e6af46a4bc771b01.jpg?ver=1775897302"},"sameAs":["http:\/\/likepets.lt","https:\/\/www.facebook.com\/profile.php?id=61569466134223","https:\/\/www.instagram.com\/likepets77\/?fbclid=IwY2xjawMjUHtleHRuA2FlbQIxMQBicmlkETBlaEhxaVI0bUk1RHl3bmVMAR7IJeYf9r0OCeo9BwYJUD-yM6Osp6MrosWJGq_QweyNqX1BUWyhO1-sP82C2g_aem_xQbJ_D9oWWiUjsE-R3Dlrw"]}]}},"_links":{"self":[{"href":"https:\/\/likepets.lt\/lt_lt\/wp-json\/wp\/v2\/product\/3169","targetHints":{"allow":["GET"]}}],"collection":[{"href":"https:\/\/likepets.lt\/lt_lt\/wp-json\/wp\/v2\/product"}],"about":[{"href":"https:\/\/likepets.lt\/lt_lt\/wp-json\/wp\/v2\/types\/product"}],"replies":[{"embeddable":true,"href":"https:\/\/likepets.lt\/lt_lt\/wp-json\/wp\/v2\/comments?post=3169"}],"version-history":[{"count":0,"href":"https:\/\/likepets.lt\/lt_lt\/wp-json\/wp\/v2\/product\/3169\/revisions"}],"wp:featuredmedia":[{"embeddable":true,"href":"https:\/\/likepets.lt\/lt_lt\/wp-json\/wp\/v2\/media\/3170"}],"wp:attachment":[{"href":"https:\/\/likepets.lt\/lt_lt\/wp-json\/wp\/v2\/media?parent=3169"}],"wp:term":[{"taxonomy":"product_brand","embeddable":true,"href":"https:\/\/likepets.lt\/lt_lt\/wp-json\/wp\/v2\/product_brand?post=3169"},{"taxonomy":"product_cat","embeddable":true,"href":"https:\/\/likepets.lt\/lt_lt\/wp-json\/wp\/v2\/product_cat?post=3169"},{"taxonomy":"product_tag","embeddable":true,"href":"https:\/\/likepets.lt\/lt_lt\/wp-json\/wp\/v2\/product_tag?post=3169"}],"curies":[{"name":"wp","href":"https:\/\/api.w.org\/{rel}","templated":true}]}}