{"id":3174,"date":"2024-11-08T14:31:34","date_gmt":"2024-11-08T14:31:34","guid":{"rendered":"https:\/\/likepets.lt\/?post_type=product&#038;p=3174"},"modified":"2025-04-27T09:32:05","modified_gmt":"2025-04-27T06:32:05","slug":"afp-interaktyvusis-zaislas-sunims-dog-sokudo-puzzle-toy-starter","status":"publish","type":"product","link":"https:\/\/likepets.lt\/lt_lt\/product\/afp-interaktyvusis-zaislas-sunims-dog-sokudo-puzzle-toy-starter\/","title":{"rendered":"AFP Interaktyvusis \u017eaislas \u0161unims \u201eDog Sokudo Puzzle Toy Starter\u201c"},"content":{"rendered":"<div class=\"flex-shrink-0 flex flex-col relative items-end\">\n<div>\n<div class=\"pt-0\">\n<div class=\"gizmo-bot-avatar flex h-8 w-8 items-center justify-center overflow-hidden rounded-full\">\n<div class=\"relative p-1 rounded-sm flex items-center justify-center bg-token-main-surface-primary text-token-text-primary h-8 w-8\"><strong style=\"font-size: 16px;\">AFP Interaktyvusis \u017eaislas \u0161unims \u201eDog Sokudo Puzzle Toy Starter\u201c<\/strong><\/div>\n<\/div>\n<\/div>\n<\/div>\n<\/div>\n<div class=\"group\/conversation-turn relative flex w-full min-w-0 flex-col agent-turn\">\n<div class=\"flex-col gap-1 md:gap-3\">\n<div class=\"flex max-w-full flex-col flex-grow\">\n<div class=\"min-h-8 text-message flex w-full flex-col items-end gap-2 whitespace-normal break-words [.text-message+&amp;]:mt-5\" dir=\"auto\" data-message-author-role=\"assistant\" data-message-id=\"03437c62-3ee5-4cbc-9b48-f0fe5d290641\" data-message-model-slug=\"gpt-4o\">\n<div class=\"flex w-full flex-col gap-1 empty:hidden first:pt-[3px]\">\n<div class=\"markdown prose w-full break-words dark:prose-invert light\">\n<p>\u201eAFP Dog Sokudo Puzzle Toy Starter\u201c \u2013 tai puikus interaktyvus galvos\u016bkis, sukurtas skatinti \u0161uns protin\u012f aktyvum\u0105 ir nat\u016bral\u0173 smalsum\u0105. \u017daislas veikia kaip galvos\u016bkis, kuriame slepiami skan\u0117stai, ir skatina \u0161un\u012f pasitelkti uosl\u0119 ir prot\u0105, kad juos surast\u0173.<\/p>\n<p><strong>Kaip naudoti?<\/strong><br \/>\nPasl\u0117pkite skan\u0117stus specialiose ertm\u0117se ar skyriuose ir parodykite \u0161uniui, kaip galima juos pasiekti. \u0160uo turi perstumdyti dalis ar pakelti dangtelius, kad gal\u0117t\u0173 atrasti pasl\u0117ptus skan\u0117stus, taip mokydamasis spr\u0119sti galvos\u016bkius ir lavindamas atmint\u012f.<\/p>\n<p><strong>Ypatyb\u0117s<\/strong><\/p>\n<ul>\n<li>Lavina \u0161uns problem\u0173 sprendimo \u012fg\u016bd\u017eius ir skatina jo protin\u012f aktyvum\u0105.<\/li>\n<li>Padeda kovoti su nuoboduliu, puikiai tinka aktyviems ir smalsiems \u0161unims.<\/li>\n<li>Pradedan\u010di\u0173j\u0173 lygis \u2013 puikiai tinka susipa\u017einti su galvos\u016bki\u0173 \u017eaidimais.<\/li>\n<\/ul>\n<p><strong>Dydis<\/strong><br \/>\nKompakti\u0161kas ir patogus naudoti \u012fvairi\u0173 dyd\u017ei\u0173 \u0161unims.<\/p>\n<p>\u0160is galvos\u016bkis ne tik praturtina \u0161uns kasdienyb\u0119, bet ir stiprina ry\u0161\u012f tarp augintinio ir \u0161eimininko, suteikdamas abiems smag\u0173 u\u017esi\u0117mim\u0105.<\/p>\n<\/div>\n<\/div>\n<\/div>\n<\/div>\n<\/div>\n<\/div>\n","protected":false},"excerpt":{"rendered":"<div class=\"flex-shrink-0 flex flex-col relative items-end\">\n<div>\n<div class=\"pt-0\">\n<div class=\"gizmo-bot-avatar flex h-8 w-8 items-center justify-center overflow-hidden rounded-full\">\n<div class=\"relative p-1 rounded-sm flex items-center justify-center bg-token-main-surface-primary text-token-text-primary h-8 w-8\"><strong style=\"font-size: 16px;\">AFP Interaktyvusis \u017eaislas \u0161unims \u201eDog Sokudo Puzzle Toy Starter\u201c<\/strong><\/div>\n<\/div>\n<\/div>\n<\/div>\n<\/div>\n<div class=\"group\/conversation-turn relative flex w-full min-w-0 flex-col agent-turn\">\n<div class=\"flex-col gap-1 md:gap-3\">\n<div class=\"flex max-w-full flex-col flex-grow\">\n<div class=\"min-h-8 text-message flex w-full flex-col items-end gap-2 whitespace-normal break-words [.text-message+&amp;]:mt-5\" dir=\"auto\" data-message-author-role=\"assistant\" data-message-id=\"03437c62-3ee5-4cbc-9b48-f0fe5d290641\" data-message-model-slug=\"gpt-4o\">\n<div class=\"flex w-full flex-col gap-1 empty:hidden first:pt-[3px]\">\n<div class=\"markdown prose w-full break-words dark:prose-invert light\">\n<p>\u201eAFP Dog Sokudo Puzzle Toy Starter\u201c \u2013 tai puikus interaktyvus galvos\u016bkis, sukurtas skatinti \u0161uns protin\u012f aktyvum\u0105 ir nat\u016bral\u0173 smalsum\u0105. \u017daislas veikia kaip galvos\u016bkis, kuriame slepiami skan\u0117stai, ir skatina \u0161un\u012f pasitelkti uosl\u0119 ir prot\u0105, kad juos surast\u0173.<\/p>\n<\/div>\n<\/div>\n<\/div>\n<\/div>\n<\/div>\n<\/div>\n","protected":false},"featured_media":3175,"comment_status":"open","ping_status":"closed","template":"","meta":[],"product_brand":[155],"product_cat":[98],"product_tag":[],"class_list":{"0":"post-3174","1":"product","2":"type-product","3":"status-publish","4":"has-post-thumbnail","6":"product_brand-afp","7":"product_cat-zaislai","10":"first","11":"instock","12":"taxable","13":"shipping-taxable","14":"purchasable","15":"product-type-simple"},"yoast_head":"<!-- This site is optimized with the Yoast SEO plugin v27.4 - https:\/\/yoast.com\/product\/yoast-seo-wordpress\/ -->\n<title>AFP Interaktyvusis \u017eaislas \u0161unims \u201eDog Sokudo Puzzle Toy Starter\u201c - likepets.lt<\/title>\n<meta name=\"description\" content=\"\u201eAFP Dog Sokudo Puzzle Toy Starter\u201c \u2013 tai puikus interaktyvus galvos\u016bkis, sukurtas skatinti \u0161uns protin\u012f aktyvum\u0105 ir nat\u016bral\u0173 smalsum\u0105.\" \/>\n<meta name=\"robots\" content=\"index, follow, max-snippet:-1, max-image-preview:large, max-video-preview:-1\" \/>\n<link rel=\"canonical\" href=\"https:\/\/likepets.lt\/lt_lt\/product\/afp-interaktyvusis-zaislas-sunims-dog-sokudo-puzzle-toy-starter\/\" \/>\n<meta property=\"og:locale\" content=\"lt_LT\" \/>\n<meta property=\"og:type\" content=\"article\" \/>\n<meta property=\"og:title\" content=\"AFP Interaktyvusis \u017eaislas \u0161unims \u201eDog Sokudo Puzzle Toy Starter\u201c - likepets.lt\" \/>\n<meta property=\"og:description\" content=\"\u201eAFP Dog Sokudo Puzzle Toy Starter\u201c \u2013 tai puikus interaktyvus galvos\u016bkis, sukurtas skatinti \u0161uns protin\u012f aktyvum\u0105 ir nat\u016bral\u0173 smalsum\u0105.\" \/>\n<meta property=\"og:url\" content=\"https:\/\/likepets.lt\/lt_lt\/product\/afp-interaktyvusis-zaislas-sunims-dog-sokudo-puzzle-toy-starter\/\" \/>\n<meta property=\"og:site_name\" content=\"likepets.lt\" \/>\n<meta property=\"article:publisher\" content=\"https:\/\/www.facebook.com\/profile.php?id=61569466134223\" \/>\n<meta property=\"article:modified_time\" content=\"2025-04-27T06:32:05+00:00\" \/>\n<meta property=\"og:image\" content=\"https:\/\/likepets.lt\/wp-content\/uploads\/2025\/04\/7.webp\" \/>\n\t<meta property=\"og:image:width\" content=\"300\" \/>\n\t<meta property=\"og:image:height\" content=\"300\" \/>\n\t<meta property=\"og:image:type\" content=\"image\/webp\" \/>\n<meta name=\"twitter:card\" content=\"summary_large_image\" \/>\n<meta name=\"twitter:label1\" content=\"Est. reading time\" \/>\n\t<meta name=\"twitter:data1\" content=\"1 minut\u0117\" \/>\n<script type=\"application\/ld+json\" class=\"yoast-schema-graph\">{\"@context\":\"https:\\\/\\\/schema.org\",\"@graph\":[{\"@type\":\"WebPage\",\"@id\":\"https:\\\/\\\/likepets.lt\\\/product\\\/afp-interaktyvusis-zaislas-sunims-dog-sokudo-puzzle-toy-starter\\\/\",\"url\":\"https:\\\/\\\/likepets.lt\\\/product\\\/afp-interaktyvusis-zaislas-sunims-dog-sokudo-puzzle-toy-starter\\\/\",\"name\":\"AFP Interaktyvusis \u017eaislas \u0161unims \u201eDog Sokudo Puzzle Toy Starter\u201c - likepets.lt\",\"isPartOf\":{\"@id\":\"https:\\\/\\\/likepets.lt\\\/#website\"},\"primaryImageOfPage\":{\"@id\":\"https:\\\/\\\/likepets.lt\\\/product\\\/afp-interaktyvusis-zaislas-sunims-dog-sokudo-puzzle-toy-starter\\\/#primaryimage\"},\"image\":{\"@id\":\"https:\\\/\\\/likepets.lt\\\/product\\\/afp-interaktyvusis-zaislas-sunims-dog-sokudo-puzzle-toy-starter\\\/#primaryimage\"},\"thumbnailUrl\":\"https:\\\/\\\/likepets.lt\\\/wp-content\\\/uploads\\\/2025\\\/04\\\/7.webp\",\"datePublished\":\"2024-11-08T14:31:34+00:00\",\"dateModified\":\"2025-04-27T06:32:05+00:00\",\"description\":\"\u201eAFP Dog Sokudo Puzzle Toy Starter\u201c \u2013 tai puikus interaktyvus galvos\u016bkis, sukurtas skatinti \u0161uns protin\u012f aktyvum\u0105 ir nat\u016bral\u0173 smalsum\u0105.\",\"breadcrumb\":{\"@id\":\"https:\\\/\\\/likepets.lt\\\/product\\\/afp-interaktyvusis-zaislas-sunims-dog-sokudo-puzzle-toy-starter\\\/#breadcrumb\"},\"inLanguage\":\"lt-LT\",\"potentialAction\":[{\"@type\":\"ReadAction\",\"target\":[\"https:\\\/\\\/likepets.lt\\\/product\\\/afp-interaktyvusis-zaislas-sunims-dog-sokudo-puzzle-toy-starter\\\/\"]}]},{\"@type\":\"ImageObject\",\"inLanguage\":\"lt-LT\",\"@id\":\"https:\\\/\\\/likepets.lt\\\/product\\\/afp-interaktyvusis-zaislas-sunims-dog-sokudo-puzzle-toy-starter\\\/#primaryimage\",\"url\":\"https:\\\/\\\/likepets.lt\\\/wp-content\\\/uploads\\\/2025\\\/04\\\/7.webp\",\"contentUrl\":\"https:\\\/\\\/likepets.lt\\\/wp-content\\\/uploads\\\/2025\\\/04\\\/7.webp\",\"width\":300,\"height\":300,\"caption\":\"AFP Interaktyvusis \u017eaislas \u0161unims \u201eDog Sokudo Puzzle Toy Starter\u201c\"},{\"@type\":\"BreadcrumbList\",\"@id\":\"https:\\\/\\\/likepets.lt\\\/product\\\/afp-interaktyvusis-zaislas-sunims-dog-sokudo-puzzle-toy-starter\\\/#breadcrumb\",\"itemListElement\":[{\"@type\":\"ListItem\",\"position\":1,\"name\":\"Home\",\"item\":\"https:\\\/\\\/likepets.lt\\\/lt_lt\\\/\"},{\"@type\":\"ListItem\",\"position\":2,\"name\":\"Parduotuv\u0117\",\"item\":\"https:\\\/\\\/likepets.lt\\\/parduotuve\\\/\"},{\"@type\":\"ListItem\",\"position\":3,\"name\":\"AFP Interaktyvusis \u017eaislas \u0161unims \u201eDog Sokudo Puzzle Toy Starter\u201c\"}]},{\"@type\":\"WebSite\",\"@id\":\"https:\\\/\\\/likepets.lt\\\/#website\",\"url\":\"https:\\\/\\\/likepets.lt\\\/\",\"name\":\"Likepets.lt\",\"description\":\"\",\"publisher\":{\"@id\":\"https:\\\/\\\/likepets.lt\\\/#\\\/schema\\\/person\\\/4ad7eed3b9dc7a176cfff59cfc71e86f\"},\"potentialAction\":[{\"@type\":\"SearchAction\",\"target\":{\"@type\":\"EntryPoint\",\"urlTemplate\":\"https:\\\/\\\/likepets.lt\\\/?s={search_term_string}\"},\"query-input\":{\"@type\":\"PropertyValueSpecification\",\"valueRequired\":true,\"valueName\":\"search_term_string\"}}],\"inLanguage\":\"lt-LT\"},{\"@type\":[\"Person\",\"Organization\"],\"@id\":\"https:\\\/\\\/likepets.lt\\\/#\\\/schema\\\/person\\\/4ad7eed3b9dc7a176cfff59cfc71e86f\",\"name\":\"Likepets.lt\",\"image\":{\"@type\":\"ImageObject\",\"inLanguage\":\"lt-LT\",\"@id\":\"https:\\\/\\\/likepets.lt\\\/wp-content\\\/litespeed\\\/avatar\\\/e807fa13845e19a6e6af46a4bc771b01.jpg?ver=1775897302\",\"url\":\"https:\\\/\\\/likepets.lt\\\/wp-content\\\/litespeed\\\/avatar\\\/e807fa13845e19a6e6af46a4bc771b01.jpg?ver=1775897302\",\"contentUrl\":\"https:\\\/\\\/likepets.lt\\\/wp-content\\\/litespeed\\\/avatar\\\/e807fa13845e19a6e6af46a4bc771b01.jpg?ver=1775897302\",\"caption\":\"Likepets.lt\"},\"logo\":{\"@id\":\"https:\\\/\\\/likepets.lt\\\/wp-content\\\/litespeed\\\/avatar\\\/e807fa13845e19a6e6af46a4bc771b01.jpg?ver=1775897302\"},\"sameAs\":[\"http:\\\/\\\/likepets.lt\",\"https:\\\/\\\/www.facebook.com\\\/profile.php?id=61569466134223\",\"https:\\\/\\\/www.instagram.com\\\/likepets77\\\/?fbclid=IwY2xjawMjUHtleHRuA2FlbQIxMQBicmlkETBlaEhxaVI0bUk1RHl3bmVMAR7IJeYf9r0OCeo9BwYJUD-yM6Osp6MrosWJGq_QweyNqX1BUWyhO1-sP82C2g_aem_xQbJ_D9oWWiUjsE-R3Dlrw\"]}]}<\/script>\n<!-- \/ Yoast SEO plugin. -->","yoast_head_json":{"title":"AFP Interaktyvusis \u017eaislas \u0161unims \u201eDog Sokudo Puzzle Toy Starter\u201c - likepets.lt","description":"\u201eAFP Dog Sokudo Puzzle Toy Starter\u201c \u2013 tai puikus interaktyvus galvos\u016bkis, sukurtas skatinti \u0161uns protin\u012f aktyvum\u0105 ir nat\u016bral\u0173 smalsum\u0105.","robots":{"index":"index","follow":"follow","max-snippet":"max-snippet:-1","max-image-preview":"max-image-preview:large","max-video-preview":"max-video-preview:-1"},"canonical":"https:\/\/likepets.lt\/lt_lt\/product\/afp-interaktyvusis-zaislas-sunims-dog-sokudo-puzzle-toy-starter\/","og_locale":"lt_LT","og_type":"article","og_title":"AFP Interaktyvusis \u017eaislas \u0161unims \u201eDog Sokudo Puzzle Toy Starter\u201c - likepets.lt","og_description":"\u201eAFP Dog Sokudo Puzzle Toy Starter\u201c \u2013 tai puikus interaktyvus galvos\u016bkis, sukurtas skatinti \u0161uns protin\u012f aktyvum\u0105 ir nat\u016bral\u0173 smalsum\u0105.","og_url":"https:\/\/likepets.lt\/lt_lt\/product\/afp-interaktyvusis-zaislas-sunims-dog-sokudo-puzzle-toy-starter\/","og_site_name":"likepets.lt","article_publisher":"https:\/\/www.facebook.com\/profile.php?id=61569466134223","article_modified_time":"2025-04-27T06:32:05+00:00","og_image":[{"width":300,"height":300,"url":"https:\/\/likepets.lt\/wp-content\/uploads\/2025\/04\/7.webp","type":"image\/webp"}],"twitter_card":"summary_large_image","twitter_misc":{"Est. reading time":"1 minut\u0117"},"schema":{"@context":"https:\/\/schema.org","@graph":[{"@type":"WebPage","@id":"https:\/\/likepets.lt\/product\/afp-interaktyvusis-zaislas-sunims-dog-sokudo-puzzle-toy-starter\/","url":"https:\/\/likepets.lt\/product\/afp-interaktyvusis-zaislas-sunims-dog-sokudo-puzzle-toy-starter\/","name":"AFP Interaktyvusis \u017eaislas \u0161unims \u201eDog Sokudo Puzzle Toy Starter\u201c - likepets.lt","isPartOf":{"@id":"https:\/\/likepets.lt\/#website"},"primaryImageOfPage":{"@id":"https:\/\/likepets.lt\/product\/afp-interaktyvusis-zaislas-sunims-dog-sokudo-puzzle-toy-starter\/#primaryimage"},"image":{"@id":"https:\/\/likepets.lt\/product\/afp-interaktyvusis-zaislas-sunims-dog-sokudo-puzzle-toy-starter\/#primaryimage"},"thumbnailUrl":"https:\/\/likepets.lt\/wp-content\/uploads\/2025\/04\/7.webp","datePublished":"2024-11-08T14:31:34+00:00","dateModified":"2025-04-27T06:32:05+00:00","description":"\u201eAFP Dog Sokudo Puzzle Toy Starter\u201c \u2013 tai puikus interaktyvus galvos\u016bkis, sukurtas skatinti \u0161uns protin\u012f aktyvum\u0105 ir nat\u016bral\u0173 smalsum\u0105.","breadcrumb":{"@id":"https:\/\/likepets.lt\/product\/afp-interaktyvusis-zaislas-sunims-dog-sokudo-puzzle-toy-starter\/#breadcrumb"},"inLanguage":"lt-LT","potentialAction":[{"@type":"ReadAction","target":["https:\/\/likepets.lt\/product\/afp-interaktyvusis-zaislas-sunims-dog-sokudo-puzzle-toy-starter\/"]}]},{"@type":"ImageObject","inLanguage":"lt-LT","@id":"https:\/\/likepets.lt\/product\/afp-interaktyvusis-zaislas-sunims-dog-sokudo-puzzle-toy-starter\/#primaryimage","url":"https:\/\/likepets.lt\/wp-content\/uploads\/2025\/04\/7.webp","contentUrl":"https:\/\/likepets.lt\/wp-content\/uploads\/2025\/04\/7.webp","width":300,"height":300,"caption":"AFP Interaktyvusis \u017eaislas \u0161unims \u201eDog Sokudo Puzzle Toy Starter\u201c"},{"@type":"BreadcrumbList","@id":"https:\/\/likepets.lt\/product\/afp-interaktyvusis-zaislas-sunims-dog-sokudo-puzzle-toy-starter\/#breadcrumb","itemListElement":[{"@type":"ListItem","position":1,"name":"Home","item":"https:\/\/likepets.lt\/lt_lt\/"},{"@type":"ListItem","position":2,"name":"Parduotuv\u0117","item":"https:\/\/likepets.lt\/parduotuve\/"},{"@type":"ListItem","position":3,"name":"AFP Interaktyvusis \u017eaislas \u0161unims \u201eDog Sokudo Puzzle Toy Starter\u201c"}]},{"@type":"WebSite","@id":"https:\/\/likepets.lt\/#website","url":"https:\/\/likepets.lt\/","name":"Likepets.lt","description":"","publisher":{"@id":"https:\/\/likepets.lt\/#\/schema\/person\/4ad7eed3b9dc7a176cfff59cfc71e86f"},"potentialAction":[{"@type":"SearchAction","target":{"@type":"EntryPoint","urlTemplate":"https:\/\/likepets.lt\/?s={search_term_string}"},"query-input":{"@type":"PropertyValueSpecification","valueRequired":true,"valueName":"search_term_string"}}],"inLanguage":"lt-LT"},{"@type":["Person","Organization"],"@id":"https:\/\/likepets.lt\/#\/schema\/person\/4ad7eed3b9dc7a176cfff59cfc71e86f","name":"Likepets.lt","image":{"@type":"ImageObject","inLanguage":"lt-LT","@id":"https:\/\/likepets.lt\/wp-content\/litespeed\/avatar\/e807fa13845e19a6e6af46a4bc771b01.jpg?ver=1775897302","url":"https:\/\/likepets.lt\/wp-content\/litespeed\/avatar\/e807fa13845e19a6e6af46a4bc771b01.jpg?ver=1775897302","contentUrl":"https:\/\/likepets.lt\/wp-content\/litespeed\/avatar\/e807fa13845e19a6e6af46a4bc771b01.jpg?ver=1775897302","caption":"Likepets.lt"},"logo":{"@id":"https:\/\/likepets.lt\/wp-content\/litespeed\/avatar\/e807fa13845e19a6e6af46a4bc771b01.jpg?ver=1775897302"},"sameAs":["http:\/\/likepets.lt","https:\/\/www.facebook.com\/profile.php?id=61569466134223","https:\/\/www.instagram.com\/likepets77\/?fbclid=IwY2xjawMjUHtleHRuA2FlbQIxMQBicmlkETBlaEhxaVI0bUk1RHl3bmVMAR7IJeYf9r0OCeo9BwYJUD-yM6Osp6MrosWJGq_QweyNqX1BUWyhO1-sP82C2g_aem_xQbJ_D9oWWiUjsE-R3Dlrw"]}]}},"_links":{"self":[{"href":"https:\/\/likepets.lt\/lt_lt\/wp-json\/wp\/v2\/product\/3174","targetHints":{"allow":["GET"]}}],"collection":[{"href":"https:\/\/likepets.lt\/lt_lt\/wp-json\/wp\/v2\/product"}],"about":[{"href":"https:\/\/likepets.lt\/lt_lt\/wp-json\/wp\/v2\/types\/product"}],"replies":[{"embeddable":true,"href":"https:\/\/likepets.lt\/lt_lt\/wp-json\/wp\/v2\/comments?post=3174"}],"version-history":[{"count":0,"href":"https:\/\/likepets.lt\/lt_lt\/wp-json\/wp\/v2\/product\/3174\/revisions"}],"wp:featuredmedia":[{"embeddable":true,"href":"https:\/\/likepets.lt\/lt_lt\/wp-json\/wp\/v2\/media\/3175"}],"wp:attachment":[{"href":"https:\/\/likepets.lt\/lt_lt\/wp-json\/wp\/v2\/media?parent=3174"}],"wp:term":[{"taxonomy":"product_brand","embeddable":true,"href":"https:\/\/likepets.lt\/lt_lt\/wp-json\/wp\/v2\/product_brand?post=3174"},{"taxonomy":"product_cat","embeddable":true,"href":"https:\/\/likepets.lt\/lt_lt\/wp-json\/wp\/v2\/product_cat?post=3174"},{"taxonomy":"product_tag","embeddable":true,"href":"https:\/\/likepets.lt\/lt_lt\/wp-json\/wp\/v2\/product_tag?post=3174"}],"curies":[{"name":"wp","href":"https:\/\/api.w.org\/{rel}","templated":true}]}}