{"id":3179,"date":"2025-01-08T10:59:17","date_gmt":"2025-01-08T10:59:17","guid":{"rendered":"https:\/\/likepets.lt\/?post_type=product&#038;p=3179"},"modified":"2025-11-29T19:03:31","modified_gmt":"2025-11-29T17:03:31","slug":"afp-maisto-dozatorius-sunims-push-4-meal-dispenser","status":"publish","type":"product","link":"https:\/\/likepets.lt\/lt_lt\/product\/afp-maisto-dozatorius-sunims-push-4-meal-dispenser\/","title":{"rendered":"AFP maisto dozatorius \u0161unims \u201ePush 4 Meal Dispenser\u201c"},"content":{"rendered":"<p><strong>Kaip jis veikia?<\/strong><br \/>\nU\u017epildykite dalytuvo vid\u0173 \u0161un\u0173 maistu arba skan\u0117stais. Nor\u0117damas gauti skan\u0117st\u0105, \u0161uo turi spausti arba stumti dalytuvo mygtuk\u0105, kad jis po truput\u012f i\u0161leist\u0173 skan\u0117stus. Tai suteikia smagumo ir skatina \u0161un\u012f jud\u0117ti bei galvoti.<\/p>\n<p><strong>Ypatyb\u0117s<\/strong><\/p>\n<ul>\n<li><strong>Skatina l\u0117t\u0105 maisto vartojim\u0105<\/strong> \u2013 puikiai tinka \u0161unims, kurie link\u0119 pernelyg greitai suvalgyti savo maist\u0105.<\/li>\n<li><strong>Interaktyvus \u017eaidimas<\/strong> \u2013 \u0161uo turi panaudoti prot\u0105 ir aktyvum\u0105, kad i\u0161laisvint\u0173 maist\u0105.<\/li>\n<li><strong>Lengva naudoti<\/strong> \u2013 patvarus dizainas su paprastomis maisto u\u017epildymo ir valymo funkcijomis.<\/li>\n<\/ul>\n<p><strong>Dydis<\/strong><br \/>\nTinkamas \u012fvairi\u0173 dyd\u017ei\u0173 \u0161unims ir reguliuojamas pagal skan\u0117st\u0173 ar maisto kiek\u012f.<\/p>\n<p>\u201ePush 4 Meal Dispenser\u201c suteikia j\u016bs\u0173 augintiniui smag\u0173 b\u016bd\u0105 gauti maist\u0105 ir lavina jo protinius geb\u0117jimus, skatindamas j\u012f b\u016bti aktyviu ir u\u017eimtu.<\/p>\n","protected":false},"excerpt":{"rendered":"<p>\u201eAFP Push 4 Meal Dispenser\u201c \u2013 tai inovatyvus interaktyvus \u017eaislas, skirtas \u0161unims, kuris sujungia \u017eaidimo ir maisto dalinimo funkcijas. \u0160is maisto dalytuvas leid\u017eia j\u016bs\u0173 \u0161uniui pa\u010diam aktyviai i\u0161laisvinti maist\u0105 arba skan\u0117stus, taip skatindamas protin\u012f bei fizin\u012f aktyvum\u0105.<\/p>\n<p>&nbsp;<\/p>\n","protected":false},"featured_media":3180,"comment_status":"open","ping_status":"closed","template":"","meta":[],"product_brand":[155],"product_cat":[98],"product_tag":[],"class_list":{"0":"post-3179","1":"product","2":"type-product","3":"status-publish","4":"has-post-thumbnail","6":"product_brand-afp","7":"product_cat-zaislai","10":"first","11":"instock","12":"taxable","13":"shipping-taxable","14":"purchasable","15":"product-type-simple"},"yoast_head":"<!-- This site is optimized with the Yoast SEO plugin v27.4 - https:\/\/yoast.com\/product\/yoast-seo-wordpress\/ -->\n<title>AFP maisto dozatorius \u0161unims \u201ePush 4 Meal Dispenser\u201c - likepets.lt<\/title>\n<meta name=\"description\" content=\"\u201eAFP Push 4 Meal Dispenser\u201c \u2013 tai inovatyvus interaktyvus \u017eaislas, skirtas \u0161unims, kuris sujungia \u017eaidimo ir maisto dalinimo funkcijas.\" \/>\n<meta name=\"robots\" content=\"index, follow, max-snippet:-1, max-image-preview:large, max-video-preview:-1\" \/>\n<link rel=\"canonical\" href=\"https:\/\/likepets.lt\/lt_lt\/product\/afp-maisto-dozatorius-sunims-push-4-meal-dispenser\/\" \/>\n<meta property=\"og:locale\" content=\"lt_LT\" \/>\n<meta property=\"og:type\" content=\"article\" \/>\n<meta property=\"og:title\" content=\"AFP maisto dozatorius \u0161unims \u201ePush 4 Meal Dispenser\u201c - likepets.lt\" \/>\n<meta property=\"og:description\" content=\"\u201eAFP Push 4 Meal Dispenser\u201c \u2013 tai inovatyvus interaktyvus \u017eaislas, skirtas \u0161unims, kuris sujungia \u017eaidimo ir maisto dalinimo funkcijas.\" \/>\n<meta property=\"og:url\" content=\"https:\/\/likepets.lt\/lt_lt\/product\/afp-maisto-dozatorius-sunims-push-4-meal-dispenser\/\" \/>\n<meta property=\"og:site_name\" content=\"likepets.lt\" \/>\n<meta property=\"article:publisher\" content=\"https:\/\/www.facebook.com\/profile.php?id=61569466134223\" \/>\n<meta property=\"article:modified_time\" content=\"2025-11-29T17:03:31+00:00\" \/>\n<meta property=\"og:image\" content=\"https:\/\/likepets.lt\/wp-content\/uploads\/2025\/04\/14.webp\" \/>\n\t<meta property=\"og:image:width\" content=\"300\" \/>\n\t<meta property=\"og:image:height\" content=\"300\" \/>\n\t<meta property=\"og:image:type\" content=\"image\/webp\" \/>\n<meta name=\"twitter:card\" content=\"summary_large_image\" \/>\n<meta name=\"twitter:label1\" content=\"Est. reading time\" \/>\n\t<meta name=\"twitter:data1\" content=\"1 minut\u0117\" \/>\n<script type=\"application\/ld+json\" class=\"yoast-schema-graph\">{\"@context\":\"https:\\\/\\\/schema.org\",\"@graph\":[{\"@type\":\"WebPage\",\"@id\":\"https:\\\/\\\/likepets.lt\\\/product\\\/afp-maisto-dozatorius-sunims-push-4-meal-dispenser\\\/\",\"url\":\"https:\\\/\\\/likepets.lt\\\/product\\\/afp-maisto-dozatorius-sunims-push-4-meal-dispenser\\\/\",\"name\":\"AFP maisto dozatorius \u0161unims \u201ePush 4 Meal Dispenser\u201c - likepets.lt\",\"isPartOf\":{\"@id\":\"https:\\\/\\\/likepets.lt\\\/#website\"},\"primaryImageOfPage\":{\"@id\":\"https:\\\/\\\/likepets.lt\\\/product\\\/afp-maisto-dozatorius-sunims-push-4-meal-dispenser\\\/#primaryimage\"},\"image\":{\"@id\":\"https:\\\/\\\/likepets.lt\\\/product\\\/afp-maisto-dozatorius-sunims-push-4-meal-dispenser\\\/#primaryimage\"},\"thumbnailUrl\":\"https:\\\/\\\/likepets.lt\\\/wp-content\\\/uploads\\\/2025\\\/04\\\/14.webp\",\"datePublished\":\"2025-01-08T10:59:17+00:00\",\"dateModified\":\"2025-11-29T17:03:31+00:00\",\"description\":\"\u201eAFP Push 4 Meal Dispenser\u201c \u2013 tai inovatyvus interaktyvus \u017eaislas, skirtas \u0161unims, kuris sujungia \u017eaidimo ir maisto dalinimo funkcijas.\",\"breadcrumb\":{\"@id\":\"https:\\\/\\\/likepets.lt\\\/product\\\/afp-maisto-dozatorius-sunims-push-4-meal-dispenser\\\/#breadcrumb\"},\"inLanguage\":\"lt-LT\",\"potentialAction\":[{\"@type\":\"ReadAction\",\"target\":[\"https:\\\/\\\/likepets.lt\\\/product\\\/afp-maisto-dozatorius-sunims-push-4-meal-dispenser\\\/\"]}]},{\"@type\":\"ImageObject\",\"inLanguage\":\"lt-LT\",\"@id\":\"https:\\\/\\\/likepets.lt\\\/product\\\/afp-maisto-dozatorius-sunims-push-4-meal-dispenser\\\/#primaryimage\",\"url\":\"https:\\\/\\\/likepets.lt\\\/wp-content\\\/uploads\\\/2025\\\/04\\\/14.webp\",\"contentUrl\":\"https:\\\/\\\/likepets.lt\\\/wp-content\\\/uploads\\\/2025\\\/04\\\/14.webp\",\"width\":300,\"height\":300,\"caption\":\"AFP Interactives Push 4 Meal Dispener (\"},{\"@type\":\"BreadcrumbList\",\"@id\":\"https:\\\/\\\/likepets.lt\\\/product\\\/afp-maisto-dozatorius-sunims-push-4-meal-dispenser\\\/#breadcrumb\",\"itemListElement\":[{\"@type\":\"ListItem\",\"position\":1,\"name\":\"Home\",\"item\":\"https:\\\/\\\/likepets.lt\\\/lt_lt\\\/\"},{\"@type\":\"ListItem\",\"position\":2,\"name\":\"Parduotuv\u0117\",\"item\":\"https:\\\/\\\/likepets.lt\\\/parduotuve\\\/\"},{\"@type\":\"ListItem\",\"position\":3,\"name\":\"AFP maisto dozatorius \u0161unims \u201ePush 4 Meal Dispenser\u201c\"}]},{\"@type\":\"WebSite\",\"@id\":\"https:\\\/\\\/likepets.lt\\\/#website\",\"url\":\"https:\\\/\\\/likepets.lt\\\/\",\"name\":\"Likepets.lt\",\"description\":\"\",\"publisher\":{\"@id\":\"https:\\\/\\\/likepets.lt\\\/#\\\/schema\\\/person\\\/4ad7eed3b9dc7a176cfff59cfc71e86f\"},\"potentialAction\":[{\"@type\":\"SearchAction\",\"target\":{\"@type\":\"EntryPoint\",\"urlTemplate\":\"https:\\\/\\\/likepets.lt\\\/?s={search_term_string}\"},\"query-input\":{\"@type\":\"PropertyValueSpecification\",\"valueRequired\":true,\"valueName\":\"search_term_string\"}}],\"inLanguage\":\"lt-LT\"},{\"@type\":[\"Person\",\"Organization\"],\"@id\":\"https:\\\/\\\/likepets.lt\\\/#\\\/schema\\\/person\\\/4ad7eed3b9dc7a176cfff59cfc71e86f\",\"name\":\"Likepets.lt\",\"image\":{\"@type\":\"ImageObject\",\"inLanguage\":\"lt-LT\",\"@id\":\"https:\\\/\\\/likepets.lt\\\/wp-content\\\/litespeed\\\/avatar\\\/e807fa13845e19a6e6af46a4bc771b01.jpg?ver=1775897302\",\"url\":\"https:\\\/\\\/likepets.lt\\\/wp-content\\\/litespeed\\\/avatar\\\/e807fa13845e19a6e6af46a4bc771b01.jpg?ver=1775897302\",\"contentUrl\":\"https:\\\/\\\/likepets.lt\\\/wp-content\\\/litespeed\\\/avatar\\\/e807fa13845e19a6e6af46a4bc771b01.jpg?ver=1775897302\",\"caption\":\"Likepets.lt\"},\"logo\":{\"@id\":\"https:\\\/\\\/likepets.lt\\\/wp-content\\\/litespeed\\\/avatar\\\/e807fa13845e19a6e6af46a4bc771b01.jpg?ver=1775897302\"},\"sameAs\":[\"http:\\\/\\\/likepets.lt\",\"https:\\\/\\\/www.facebook.com\\\/profile.php?id=61569466134223\",\"https:\\\/\\\/www.instagram.com\\\/likepets77\\\/?fbclid=IwY2xjawMjUHtleHRuA2FlbQIxMQBicmlkETBlaEhxaVI0bUk1RHl3bmVMAR7IJeYf9r0OCeo9BwYJUD-yM6Osp6MrosWJGq_QweyNqX1BUWyhO1-sP82C2g_aem_xQbJ_D9oWWiUjsE-R3Dlrw\"]}]}<\/script>\n<!-- \/ Yoast SEO plugin. -->","yoast_head_json":{"title":"AFP maisto dozatorius \u0161unims \u201ePush 4 Meal Dispenser\u201c - likepets.lt","description":"\u201eAFP Push 4 Meal Dispenser\u201c \u2013 tai inovatyvus interaktyvus \u017eaislas, skirtas \u0161unims, kuris sujungia \u017eaidimo ir maisto dalinimo funkcijas.","robots":{"index":"index","follow":"follow","max-snippet":"max-snippet:-1","max-image-preview":"max-image-preview:large","max-video-preview":"max-video-preview:-1"},"canonical":"https:\/\/likepets.lt\/lt_lt\/product\/afp-maisto-dozatorius-sunims-push-4-meal-dispenser\/","og_locale":"lt_LT","og_type":"article","og_title":"AFP maisto dozatorius \u0161unims \u201ePush 4 Meal Dispenser\u201c - likepets.lt","og_description":"\u201eAFP Push 4 Meal Dispenser\u201c \u2013 tai inovatyvus interaktyvus \u017eaislas, skirtas \u0161unims, kuris sujungia \u017eaidimo ir maisto dalinimo funkcijas.","og_url":"https:\/\/likepets.lt\/lt_lt\/product\/afp-maisto-dozatorius-sunims-push-4-meal-dispenser\/","og_site_name":"likepets.lt","article_publisher":"https:\/\/www.facebook.com\/profile.php?id=61569466134223","article_modified_time":"2025-11-29T17:03:31+00:00","og_image":[{"width":300,"height":300,"url":"https:\/\/likepets.lt\/wp-content\/uploads\/2025\/04\/14.webp","type":"image\/webp"}],"twitter_card":"summary_large_image","twitter_misc":{"Est. reading time":"1 minut\u0117"},"schema":{"@context":"https:\/\/schema.org","@graph":[{"@type":"WebPage","@id":"https:\/\/likepets.lt\/product\/afp-maisto-dozatorius-sunims-push-4-meal-dispenser\/","url":"https:\/\/likepets.lt\/product\/afp-maisto-dozatorius-sunims-push-4-meal-dispenser\/","name":"AFP maisto dozatorius \u0161unims \u201ePush 4 Meal Dispenser\u201c - likepets.lt","isPartOf":{"@id":"https:\/\/likepets.lt\/#website"},"primaryImageOfPage":{"@id":"https:\/\/likepets.lt\/product\/afp-maisto-dozatorius-sunims-push-4-meal-dispenser\/#primaryimage"},"image":{"@id":"https:\/\/likepets.lt\/product\/afp-maisto-dozatorius-sunims-push-4-meal-dispenser\/#primaryimage"},"thumbnailUrl":"https:\/\/likepets.lt\/wp-content\/uploads\/2025\/04\/14.webp","datePublished":"2025-01-08T10:59:17+00:00","dateModified":"2025-11-29T17:03:31+00:00","description":"\u201eAFP Push 4 Meal Dispenser\u201c \u2013 tai inovatyvus interaktyvus \u017eaislas, skirtas \u0161unims, kuris sujungia \u017eaidimo ir maisto dalinimo funkcijas.","breadcrumb":{"@id":"https:\/\/likepets.lt\/product\/afp-maisto-dozatorius-sunims-push-4-meal-dispenser\/#breadcrumb"},"inLanguage":"lt-LT","potentialAction":[{"@type":"ReadAction","target":["https:\/\/likepets.lt\/product\/afp-maisto-dozatorius-sunims-push-4-meal-dispenser\/"]}]},{"@type":"ImageObject","inLanguage":"lt-LT","@id":"https:\/\/likepets.lt\/product\/afp-maisto-dozatorius-sunims-push-4-meal-dispenser\/#primaryimage","url":"https:\/\/likepets.lt\/wp-content\/uploads\/2025\/04\/14.webp","contentUrl":"https:\/\/likepets.lt\/wp-content\/uploads\/2025\/04\/14.webp","width":300,"height":300,"caption":"AFP Interactives Push 4 Meal Dispener ("},{"@type":"BreadcrumbList","@id":"https:\/\/likepets.lt\/product\/afp-maisto-dozatorius-sunims-push-4-meal-dispenser\/#breadcrumb","itemListElement":[{"@type":"ListItem","position":1,"name":"Home","item":"https:\/\/likepets.lt\/lt_lt\/"},{"@type":"ListItem","position":2,"name":"Parduotuv\u0117","item":"https:\/\/likepets.lt\/parduotuve\/"},{"@type":"ListItem","position":3,"name":"AFP maisto dozatorius \u0161unims \u201ePush 4 Meal Dispenser\u201c"}]},{"@type":"WebSite","@id":"https:\/\/likepets.lt\/#website","url":"https:\/\/likepets.lt\/","name":"Likepets.lt","description":"","publisher":{"@id":"https:\/\/likepets.lt\/#\/schema\/person\/4ad7eed3b9dc7a176cfff59cfc71e86f"},"potentialAction":[{"@type":"SearchAction","target":{"@type":"EntryPoint","urlTemplate":"https:\/\/likepets.lt\/?s={search_term_string}"},"query-input":{"@type":"PropertyValueSpecification","valueRequired":true,"valueName":"search_term_string"}}],"inLanguage":"lt-LT"},{"@type":["Person","Organization"],"@id":"https:\/\/likepets.lt\/#\/schema\/person\/4ad7eed3b9dc7a176cfff59cfc71e86f","name":"Likepets.lt","image":{"@type":"ImageObject","inLanguage":"lt-LT","@id":"https:\/\/likepets.lt\/wp-content\/litespeed\/avatar\/e807fa13845e19a6e6af46a4bc771b01.jpg?ver=1775897302","url":"https:\/\/likepets.lt\/wp-content\/litespeed\/avatar\/e807fa13845e19a6e6af46a4bc771b01.jpg?ver=1775897302","contentUrl":"https:\/\/likepets.lt\/wp-content\/litespeed\/avatar\/e807fa13845e19a6e6af46a4bc771b01.jpg?ver=1775897302","caption":"Likepets.lt"},"logo":{"@id":"https:\/\/likepets.lt\/wp-content\/litespeed\/avatar\/e807fa13845e19a6e6af46a4bc771b01.jpg?ver=1775897302"},"sameAs":["http:\/\/likepets.lt","https:\/\/www.facebook.com\/profile.php?id=61569466134223","https:\/\/www.instagram.com\/likepets77\/?fbclid=IwY2xjawMjUHtleHRuA2FlbQIxMQBicmlkETBlaEhxaVI0bUk1RHl3bmVMAR7IJeYf9r0OCeo9BwYJUD-yM6Osp6MrosWJGq_QweyNqX1BUWyhO1-sP82C2g_aem_xQbJ_D9oWWiUjsE-R3Dlrw"]}]}},"_links":{"self":[{"href":"https:\/\/likepets.lt\/lt_lt\/wp-json\/wp\/v2\/product\/3179","targetHints":{"allow":["GET"]}}],"collection":[{"href":"https:\/\/likepets.lt\/lt_lt\/wp-json\/wp\/v2\/product"}],"about":[{"href":"https:\/\/likepets.lt\/lt_lt\/wp-json\/wp\/v2\/types\/product"}],"replies":[{"embeddable":true,"href":"https:\/\/likepets.lt\/lt_lt\/wp-json\/wp\/v2\/comments?post=3179"}],"version-history":[{"count":1,"href":"https:\/\/likepets.lt\/lt_lt\/wp-json\/wp\/v2\/product\/3179\/revisions"}],"predecessor-version":[{"id":63144,"href":"https:\/\/likepets.lt\/lt_lt\/wp-json\/wp\/v2\/product\/3179\/revisions\/63144"}],"wp:featuredmedia":[{"embeddable":true,"href":"https:\/\/likepets.lt\/lt_lt\/wp-json\/wp\/v2\/media\/3180"}],"wp:attachment":[{"href":"https:\/\/likepets.lt\/lt_lt\/wp-json\/wp\/v2\/media?parent=3179"}],"wp:term":[{"taxonomy":"product_brand","embeddable":true,"href":"https:\/\/likepets.lt\/lt_lt\/wp-json\/wp\/v2\/product_brand?post=3179"},{"taxonomy":"product_cat","embeddable":true,"href":"https:\/\/likepets.lt\/lt_lt\/wp-json\/wp\/v2\/product_cat?post=3179"},{"taxonomy":"product_tag","embeddable":true,"href":"https:\/\/likepets.lt\/lt_lt\/wp-json\/wp\/v2\/product_tag?post=3179"}],"curies":[{"name":"wp","href":"https:\/\/api.w.org\/{rel}","templated":true}]}}