{"id":3184,"date":"2024-11-08T14:31:51","date_gmt":"2024-11-08T14:31:51","guid":{"rendered":"https:\/\/likepets.lt\/?post_type=product&#038;p=3184"},"modified":"2025-04-27T09:30:30","modified_gmt":"2025-04-27T06:30:30","slug":"afp-k-nite-svieciantis-futbolo-kamuolys","status":"publish","type":"product","link":"https:\/\/likepets.lt\/lt_lt\/product\/afp-k-nite-svieciantis-futbolo-kamuolys\/","title":{"rendered":"AFP K-Nite \u0161vie\u010diantis futbolo kamuolys"},"content":{"rendered":"<p>\u0160is \u0161vie\u010diantis futbolo kamuolys skatina \u0161un\u012f jud\u0117ti ir \u017eaisti, taip pad\u0117damas i\u0161lieti perteklin\u0119 energij\u0105. Judrus \u017eaidimas su kamuoliu gerina \u0161uns fizin\u0119 b\u016bkl\u0119, padeda i\u0161laikyti sveik\u0105 svor\u012f ir stiprina raumenis.. \u017daidimas bet kuriuo metu, net ir tamsoje<br \/>\nKamuolys yra idealus \u017eaidimui vakare ar prastai ap\u0161viestoje vietoje, nes jis ima mirks\u0117ti judesio metu. Tai leid\u017eia lengvai sekti kamuol\u012f tamsoje, u\u017etikrinant, kad \u0161uo gal\u0117t\u0173 m\u0117gautis \u017eaidimu net ir tada, kai pradeda temti. D\u0117l dideli\u0173 skyli\u0173 kamuolys tampa i\u0161\u0161\u016bkiu \u0161uniui \u2013 \u0161uo turi pasistengti, kad j\u012f sugriebt\u0173. Tokie i\u0161\u0161\u016bkiai skatina protin\u0119 veikl\u0105, ugdo \u0161uns problem\u0173 sprendimo \u012fg\u016bd\u017eius ir padeda lavinti koordinacij\u0105.<\/p>\n<p><strong>Saugus ir patvarus dizainas<\/strong><br \/>\nKadangi kamuoliui nereikia baterij\u0173, jis yra visi\u0161kai saugus naudoti. Jis pagamintas i\u0161 patvari\u0173 med\u017eiag\u0173, kurios atlaiko intensyv\u0173 kramtym\u0105 ir stumdym\u0105, tod\u0117l ilgai tarnaus ir u\u017etikrins ilgalaik\u0119 pramog\u0105 \u0161uniui.<\/p>\n","protected":false},"excerpt":{"rendered":"<p>\u0160is futbolo kamuolys suteikia daugyb\u0119 smagi\u0173 akimirk\u0173, net ir tamsoje! Kamuolys ima mirks\u0117ti \u0161viesomis, kai j\u012f papurtote, ir tam nereikia baterij\u0173. Didel\u0117s skyl\u0117s kamuolyje suteikia \u0161uniui i\u0161\u0161\u016bk\u012f \u2013 norint j\u012f sugriebti, reikia \u012fd\u0117ti pastang\u0173. \u0160is kamuolys puikiai tinka \u0161unims, kurie m\u0117gsta vakare i\u0161lieti savo energij\u0105!<\/p>\n","protected":false},"featured_media":3185,"comment_status":"open","ping_status":"closed","template":"","meta":[],"product_brand":[155],"product_cat":[98],"product_tag":[],"class_list":{"0":"post-3184","1":"product","2":"type-product","3":"status-publish","4":"has-post-thumbnail","6":"product_brand-afp","7":"product_cat-zaislai","10":"first","11":"instock","12":"taxable","13":"shipping-taxable","14":"purchasable","15":"product-type-simple"},"yoast_head":"<!-- This site is optimized with the Yoast SEO plugin v27.4 - https:\/\/yoast.com\/product\/yoast-seo-wordpress\/ -->\n<title>AFP K-Nite \u0161vie\u010diantis futbolo kamuolys - likepets.lt<\/title>\n<meta name=\"description\" content=\"\u201eAFP K-Nite\u201c \u0161vie\u010diantis kamuolys yra puikus pasirinkimas, siekiant u\u017etikrinti aktyv\u0173, smag\u0173 ir prasming\u0105 u\u017esi\u0117mim\u0105 \u0161uniui bet kuriuo paros metu.\" \/>\n<meta name=\"robots\" content=\"index, follow, max-snippet:-1, max-image-preview:large, max-video-preview:-1\" \/>\n<link rel=\"canonical\" href=\"https:\/\/likepets.lt\/lt_lt\/product\/afp-k-nite-svieciantis-futbolo-kamuolys\/\" \/>\n<meta property=\"og:locale\" content=\"lt_LT\" \/>\n<meta property=\"og:type\" content=\"article\" \/>\n<meta property=\"og:title\" content=\"AFP K-Nite \u0161vie\u010diantis futbolo kamuolys - likepets.lt\" \/>\n<meta property=\"og:description\" content=\"\u201eAFP K-Nite\u201c \u0161vie\u010diantis kamuolys yra puikus pasirinkimas, siekiant u\u017etikrinti aktyv\u0173, smag\u0173 ir prasming\u0105 u\u017esi\u0117mim\u0105 \u0161uniui bet kuriuo paros metu.\" \/>\n<meta property=\"og:url\" content=\"https:\/\/likepets.lt\/lt_lt\/product\/afp-k-nite-svieciantis-futbolo-kamuolys\/\" \/>\n<meta property=\"og:site_name\" content=\"likepets.lt\" \/>\n<meta property=\"article:publisher\" content=\"https:\/\/www.facebook.com\/profile.php?id=61569466134223\" \/>\n<meta property=\"article:modified_time\" content=\"2025-04-27T06:30:30+00:00\" \/>\n<meta property=\"og:image\" content=\"https:\/\/likepets.lt\/wp-content\/uploads\/2025\/04\/1-1.webp\" \/>\n\t<meta property=\"og:image:width\" content=\"300\" \/>\n\t<meta property=\"og:image:height\" content=\"300\" \/>\n\t<meta property=\"og:image:type\" content=\"image\/webp\" \/>\n<meta name=\"twitter:card\" content=\"summary_large_image\" \/>\n<meta name=\"twitter:label1\" content=\"Est. reading time\" \/>\n\t<meta name=\"twitter:data1\" content=\"1 minut\u0117\" \/>\n<script type=\"application\/ld+json\" class=\"yoast-schema-graph\">{\"@context\":\"https:\\\/\\\/schema.org\",\"@graph\":[{\"@type\":\"WebPage\",\"@id\":\"https:\\\/\\\/likepets.lt\\\/product\\\/afp-k-nite-svieciantis-futbolo-kamuolys\\\/\",\"url\":\"https:\\\/\\\/likepets.lt\\\/product\\\/afp-k-nite-svieciantis-futbolo-kamuolys\\\/\",\"name\":\"AFP K-Nite \u0161vie\u010diantis futbolo kamuolys - likepets.lt\",\"isPartOf\":{\"@id\":\"https:\\\/\\\/likepets.lt\\\/#website\"},\"primaryImageOfPage\":{\"@id\":\"https:\\\/\\\/likepets.lt\\\/product\\\/afp-k-nite-svieciantis-futbolo-kamuolys\\\/#primaryimage\"},\"image\":{\"@id\":\"https:\\\/\\\/likepets.lt\\\/product\\\/afp-k-nite-svieciantis-futbolo-kamuolys\\\/#primaryimage\"},\"thumbnailUrl\":\"https:\\\/\\\/likepets.lt\\\/wp-content\\\/uploads\\\/2025\\\/04\\\/1-1.webp\",\"datePublished\":\"2024-11-08T14:31:51+00:00\",\"dateModified\":\"2025-04-27T06:30:30+00:00\",\"description\":\"\u201eAFP K-Nite\u201c \u0161vie\u010diantis kamuolys yra puikus pasirinkimas, siekiant u\u017etikrinti aktyv\u0173, smag\u0173 ir prasming\u0105 u\u017esi\u0117mim\u0105 \u0161uniui bet kuriuo paros metu.\",\"breadcrumb\":{\"@id\":\"https:\\\/\\\/likepets.lt\\\/product\\\/afp-k-nite-svieciantis-futbolo-kamuolys\\\/#breadcrumb\"},\"inLanguage\":\"lt-LT\",\"potentialAction\":[{\"@type\":\"ReadAction\",\"target\":[\"https:\\\/\\\/likepets.lt\\\/product\\\/afp-k-nite-svieciantis-futbolo-kamuolys\\\/\"]}]},{\"@type\":\"ImageObject\",\"inLanguage\":\"lt-LT\",\"@id\":\"https:\\\/\\\/likepets.lt\\\/product\\\/afp-k-nite-svieciantis-futbolo-kamuolys\\\/#primaryimage\",\"url\":\"https:\\\/\\\/likepets.lt\\\/wp-content\\\/uploads\\\/2025\\\/04\\\/1-1.webp\",\"contentUrl\":\"https:\\\/\\\/likepets.lt\\\/wp-content\\\/uploads\\\/2025\\\/04\\\/1-1.webp\",\"width\":300,\"height\":300,\"caption\":\"AFP K-Nite \u0161vie\u010diantis futbolo kamuolys\"},{\"@type\":\"BreadcrumbList\",\"@id\":\"https:\\\/\\\/likepets.lt\\\/product\\\/afp-k-nite-svieciantis-futbolo-kamuolys\\\/#breadcrumb\",\"itemListElement\":[{\"@type\":\"ListItem\",\"position\":1,\"name\":\"Home\",\"item\":\"https:\\\/\\\/likepets.lt\\\/lt_lt\\\/\"},{\"@type\":\"ListItem\",\"position\":2,\"name\":\"Parduotuv\u0117\",\"item\":\"https:\\\/\\\/likepets.lt\\\/parduotuve\\\/\"},{\"@type\":\"ListItem\",\"position\":3,\"name\":\"AFP K-Nite \u0161vie\u010diantis futbolo kamuolys\"}]},{\"@type\":\"WebSite\",\"@id\":\"https:\\\/\\\/likepets.lt\\\/#website\",\"url\":\"https:\\\/\\\/likepets.lt\\\/\",\"name\":\"Likepets.lt\",\"description\":\"\",\"publisher\":{\"@id\":\"https:\\\/\\\/likepets.lt\\\/#\\\/schema\\\/person\\\/4ad7eed3b9dc7a176cfff59cfc71e86f\"},\"potentialAction\":[{\"@type\":\"SearchAction\",\"target\":{\"@type\":\"EntryPoint\",\"urlTemplate\":\"https:\\\/\\\/likepets.lt\\\/?s={search_term_string}\"},\"query-input\":{\"@type\":\"PropertyValueSpecification\",\"valueRequired\":true,\"valueName\":\"search_term_string\"}}],\"inLanguage\":\"lt-LT\"},{\"@type\":[\"Person\",\"Organization\"],\"@id\":\"https:\\\/\\\/likepets.lt\\\/#\\\/schema\\\/person\\\/4ad7eed3b9dc7a176cfff59cfc71e86f\",\"name\":\"Likepets.lt\",\"image\":{\"@type\":\"ImageObject\",\"inLanguage\":\"lt-LT\",\"@id\":\"https:\\\/\\\/likepets.lt\\\/wp-content\\\/litespeed\\\/avatar\\\/e807fa13845e19a6e6af46a4bc771b01.jpg?ver=1775897302\",\"url\":\"https:\\\/\\\/likepets.lt\\\/wp-content\\\/litespeed\\\/avatar\\\/e807fa13845e19a6e6af46a4bc771b01.jpg?ver=1775897302\",\"contentUrl\":\"https:\\\/\\\/likepets.lt\\\/wp-content\\\/litespeed\\\/avatar\\\/e807fa13845e19a6e6af46a4bc771b01.jpg?ver=1775897302\",\"caption\":\"Likepets.lt\"},\"logo\":{\"@id\":\"https:\\\/\\\/likepets.lt\\\/wp-content\\\/litespeed\\\/avatar\\\/e807fa13845e19a6e6af46a4bc771b01.jpg?ver=1775897302\"},\"sameAs\":[\"http:\\\/\\\/likepets.lt\",\"https:\\\/\\\/www.facebook.com\\\/profile.php?id=61569466134223\",\"https:\\\/\\\/www.instagram.com\\\/likepets77\\\/?fbclid=IwY2xjawMjUHtleHRuA2FlbQIxMQBicmlkETBlaEhxaVI0bUk1RHl3bmVMAR7IJeYf9r0OCeo9BwYJUD-yM6Osp6MrosWJGq_QweyNqX1BUWyhO1-sP82C2g_aem_xQbJ_D9oWWiUjsE-R3Dlrw\"]}]}<\/script>\n<!-- \/ Yoast SEO plugin. -->","yoast_head_json":{"title":"AFP K-Nite \u0161vie\u010diantis futbolo kamuolys - likepets.lt","description":"\u201eAFP K-Nite\u201c \u0161vie\u010diantis kamuolys yra puikus pasirinkimas, siekiant u\u017etikrinti aktyv\u0173, smag\u0173 ir prasming\u0105 u\u017esi\u0117mim\u0105 \u0161uniui bet kuriuo paros metu.","robots":{"index":"index","follow":"follow","max-snippet":"max-snippet:-1","max-image-preview":"max-image-preview:large","max-video-preview":"max-video-preview:-1"},"canonical":"https:\/\/likepets.lt\/lt_lt\/product\/afp-k-nite-svieciantis-futbolo-kamuolys\/","og_locale":"lt_LT","og_type":"article","og_title":"AFP K-Nite \u0161vie\u010diantis futbolo kamuolys - likepets.lt","og_description":"\u201eAFP K-Nite\u201c \u0161vie\u010diantis kamuolys yra puikus pasirinkimas, siekiant u\u017etikrinti aktyv\u0173, smag\u0173 ir prasming\u0105 u\u017esi\u0117mim\u0105 \u0161uniui bet kuriuo paros metu.","og_url":"https:\/\/likepets.lt\/lt_lt\/product\/afp-k-nite-svieciantis-futbolo-kamuolys\/","og_site_name":"likepets.lt","article_publisher":"https:\/\/www.facebook.com\/profile.php?id=61569466134223","article_modified_time":"2025-04-27T06:30:30+00:00","og_image":[{"width":300,"height":300,"url":"https:\/\/likepets.lt\/wp-content\/uploads\/2025\/04\/1-1.webp","type":"image\/webp"}],"twitter_card":"summary_large_image","twitter_misc":{"Est. reading time":"1 minut\u0117"},"schema":{"@context":"https:\/\/schema.org","@graph":[{"@type":"WebPage","@id":"https:\/\/likepets.lt\/product\/afp-k-nite-svieciantis-futbolo-kamuolys\/","url":"https:\/\/likepets.lt\/product\/afp-k-nite-svieciantis-futbolo-kamuolys\/","name":"AFP K-Nite \u0161vie\u010diantis futbolo kamuolys - likepets.lt","isPartOf":{"@id":"https:\/\/likepets.lt\/#website"},"primaryImageOfPage":{"@id":"https:\/\/likepets.lt\/product\/afp-k-nite-svieciantis-futbolo-kamuolys\/#primaryimage"},"image":{"@id":"https:\/\/likepets.lt\/product\/afp-k-nite-svieciantis-futbolo-kamuolys\/#primaryimage"},"thumbnailUrl":"https:\/\/likepets.lt\/wp-content\/uploads\/2025\/04\/1-1.webp","datePublished":"2024-11-08T14:31:51+00:00","dateModified":"2025-04-27T06:30:30+00:00","description":"\u201eAFP K-Nite\u201c \u0161vie\u010diantis kamuolys yra puikus pasirinkimas, siekiant u\u017etikrinti aktyv\u0173, smag\u0173 ir prasming\u0105 u\u017esi\u0117mim\u0105 \u0161uniui bet kuriuo paros metu.","breadcrumb":{"@id":"https:\/\/likepets.lt\/product\/afp-k-nite-svieciantis-futbolo-kamuolys\/#breadcrumb"},"inLanguage":"lt-LT","potentialAction":[{"@type":"ReadAction","target":["https:\/\/likepets.lt\/product\/afp-k-nite-svieciantis-futbolo-kamuolys\/"]}]},{"@type":"ImageObject","inLanguage":"lt-LT","@id":"https:\/\/likepets.lt\/product\/afp-k-nite-svieciantis-futbolo-kamuolys\/#primaryimage","url":"https:\/\/likepets.lt\/wp-content\/uploads\/2025\/04\/1-1.webp","contentUrl":"https:\/\/likepets.lt\/wp-content\/uploads\/2025\/04\/1-1.webp","width":300,"height":300,"caption":"AFP K-Nite \u0161vie\u010diantis futbolo kamuolys"},{"@type":"BreadcrumbList","@id":"https:\/\/likepets.lt\/product\/afp-k-nite-svieciantis-futbolo-kamuolys\/#breadcrumb","itemListElement":[{"@type":"ListItem","position":1,"name":"Home","item":"https:\/\/likepets.lt\/lt_lt\/"},{"@type":"ListItem","position":2,"name":"Parduotuv\u0117","item":"https:\/\/likepets.lt\/parduotuve\/"},{"@type":"ListItem","position":3,"name":"AFP K-Nite \u0161vie\u010diantis futbolo kamuolys"}]},{"@type":"WebSite","@id":"https:\/\/likepets.lt\/#website","url":"https:\/\/likepets.lt\/","name":"Likepets.lt","description":"","publisher":{"@id":"https:\/\/likepets.lt\/#\/schema\/person\/4ad7eed3b9dc7a176cfff59cfc71e86f"},"potentialAction":[{"@type":"SearchAction","target":{"@type":"EntryPoint","urlTemplate":"https:\/\/likepets.lt\/?s={search_term_string}"},"query-input":{"@type":"PropertyValueSpecification","valueRequired":true,"valueName":"search_term_string"}}],"inLanguage":"lt-LT"},{"@type":["Person","Organization"],"@id":"https:\/\/likepets.lt\/#\/schema\/person\/4ad7eed3b9dc7a176cfff59cfc71e86f","name":"Likepets.lt","image":{"@type":"ImageObject","inLanguage":"lt-LT","@id":"https:\/\/likepets.lt\/wp-content\/litespeed\/avatar\/e807fa13845e19a6e6af46a4bc771b01.jpg?ver=1775897302","url":"https:\/\/likepets.lt\/wp-content\/litespeed\/avatar\/e807fa13845e19a6e6af46a4bc771b01.jpg?ver=1775897302","contentUrl":"https:\/\/likepets.lt\/wp-content\/litespeed\/avatar\/e807fa13845e19a6e6af46a4bc771b01.jpg?ver=1775897302","caption":"Likepets.lt"},"logo":{"@id":"https:\/\/likepets.lt\/wp-content\/litespeed\/avatar\/e807fa13845e19a6e6af46a4bc771b01.jpg?ver=1775897302"},"sameAs":["http:\/\/likepets.lt","https:\/\/www.facebook.com\/profile.php?id=61569466134223","https:\/\/www.instagram.com\/likepets77\/?fbclid=IwY2xjawMjUHtleHRuA2FlbQIxMQBicmlkETBlaEhxaVI0bUk1RHl3bmVMAR7IJeYf9r0OCeo9BwYJUD-yM6Osp6MrosWJGq_QweyNqX1BUWyhO1-sP82C2g_aem_xQbJ_D9oWWiUjsE-R3Dlrw"]}]}},"_links":{"self":[{"href":"https:\/\/likepets.lt\/lt_lt\/wp-json\/wp\/v2\/product\/3184","targetHints":{"allow":["GET"]}}],"collection":[{"href":"https:\/\/likepets.lt\/lt_lt\/wp-json\/wp\/v2\/product"}],"about":[{"href":"https:\/\/likepets.lt\/lt_lt\/wp-json\/wp\/v2\/types\/product"}],"replies":[{"embeddable":true,"href":"https:\/\/likepets.lt\/lt_lt\/wp-json\/wp\/v2\/comments?post=3184"}],"version-history":[{"count":0,"href":"https:\/\/likepets.lt\/lt_lt\/wp-json\/wp\/v2\/product\/3184\/revisions"}],"wp:featuredmedia":[{"embeddable":true,"href":"https:\/\/likepets.lt\/lt_lt\/wp-json\/wp\/v2\/media\/3185"}],"wp:attachment":[{"href":"https:\/\/likepets.lt\/lt_lt\/wp-json\/wp\/v2\/media?parent=3184"}],"wp:term":[{"taxonomy":"product_brand","embeddable":true,"href":"https:\/\/likepets.lt\/lt_lt\/wp-json\/wp\/v2\/product_brand?post=3184"},{"taxonomy":"product_cat","embeddable":true,"href":"https:\/\/likepets.lt\/lt_lt\/wp-json\/wp\/v2\/product_cat?post=3184"},{"taxonomy":"product_tag","embeddable":true,"href":"https:\/\/likepets.lt\/lt_lt\/wp-json\/wp\/v2\/product_tag?post=3184"}],"curies":[{"name":"wp","href":"https:\/\/api.w.org\/{rel}","templated":true}]}}