{"id":3196,"date":"2024-11-08T14:32:07","date_gmt":"2024-11-08T14:32:07","guid":{"rendered":"https:\/\/likepets.lt\/?post_type=product&#038;p=3196"},"modified":"2025-04-27T09:29:26","modified_gmt":"2025-04-27T06:29:26","slug":"afp-zootex-jeti-yolanda-minkstas-zaislas-sunims","status":"publish","type":"product","link":"https:\/\/likepets.lt\/lt_lt\/product\/afp-zootex-jeti-yolanda-minkstas-zaislas-sunims\/","title":{"rendered":"\u201eAFP ZooTex \u2013 Jeti Yolanda\u201c &#8211; mink\u0161tas \u017eaislas \u0161unims"},"content":{"rendered":"<ul>\n<li><strong>Tvirtos med\u017eiagos:<\/strong> \u201eZooTex\u201c med\u017eiaga yra sukurta taip, kad atlaikyt\u0173 \u0161uns dantis, tod\u0117l \u017eaislas yra ilgaam\u017eis.<\/li>\n<li><strong>\u012edomus dizainas:<\/strong> Jeti Yolanda dizainas traukia d\u0117mes\u012f ir \u017eadina \u0161uns smalsum\u0105, o i\u0161skirtin\u0117 forma ir tekst\u016bra skatina tyrin\u0117ti.<\/li>\n<li><strong>Saugus kramtymui:<\/strong> \u017daislas yra saugus ir pagamintas i\u0161 nekenksming\u0173 med\u017eiag\u0173, tod\u0117l puikiai tinka kramtymui.<\/li>\n<li><strong>Interaktyvumas:<\/strong> Tinka \u017eaidimams su \u0161eimininku \u2013 traukimo, m\u0117tymo ir gaudymo \u017eaidimai stiprina \u0161uns fizin\u0119 b\u016bkl\u0119 ir praturtina dien\u0105 aktyvumu.<\/li>\n<\/ul>\n<p><strong>Nauda:<\/strong><br \/>\n\u201eJeti Yolanda\u201c padeda palaikyti \u0161uns aktyvum\u0105, ma\u017eina nuobodul\u012f ir skatina nat\u016bral\u0173 kramtymo instinkt\u0105.<\/p>\n","protected":false},"excerpt":{"rendered":"<p><strong>\u201eAFP ZooTex \u2013 Jeti Yolanda\u201c<\/strong> yra mink\u0161tas \u017eaislas \u0161unims, kurio dizainas atvaizduoja linksm\u0105 sniego \u017emog\u0173, Yolanda vardu. \u0160is \u017eaislas yra pagamintas i\u0161 patvari\u0173 ir saugi\u0173 med\u017eiag\u0173, tod\u0117l tinka tiek \u0161velniam kramtymui, tiek aktyviems traukimo ir m\u0117tymo \u017eaidimams.<\/p>\n","protected":false},"featured_media":3197,"comment_status":"open","ping_status":"closed","template":"","meta":[],"product_brand":[155],"product_cat":[98],"product_tag":[],"class_list":{"0":"post-3196","1":"product","2":"type-product","3":"status-publish","4":"has-post-thumbnail","6":"product_brand-afp","7":"product_cat-zaislai","10":"first","11":"instock","12":"taxable","13":"shipping-taxable","14":"purchasable","15":"product-type-simple"},"yoast_head":"<!-- This site is optimized with the Yoast SEO plugin v27.4 - https:\/\/yoast.com\/product\/yoast-seo-wordpress\/ -->\n<title>\u201eAFP ZooTex \u2013 Jeti Yolanda\u201c - mink\u0161tas \u017eaislas \u0161unims - likepets.lt<\/title>\n<meta name=\"description\" content=\"\u201eAFP ZooTex \u2013 Jeti Yolanda\u201c yra mink\u0161tas \u017eaislas \u0161unims, kuris pagamintas i\u0161 patvari\u0173 ir saugi\u0173 med\u017eiag\u0173, tod\u0117l tinka kramtymui r m\u0117tymo \u017eaidimams.\" \/>\n<meta name=\"robots\" content=\"index, follow, max-snippet:-1, max-image-preview:large, max-video-preview:-1\" \/>\n<link rel=\"canonical\" href=\"https:\/\/likepets.lt\/lt_lt\/product\/afp-zootex-jeti-yolanda-minkstas-zaislas-sunims\/\" \/>\n<meta property=\"og:locale\" content=\"lt_LT\" \/>\n<meta property=\"og:type\" content=\"article\" \/>\n<meta property=\"og:title\" content=\"\u201eAFP ZooTex \u2013 Jeti Yolanda\u201c - mink\u0161tas \u017eaislas \u0161unims - likepets.lt\" \/>\n<meta property=\"og:description\" content=\"\u201eAFP ZooTex \u2013 Jeti Yolanda\u201c yra mink\u0161tas \u017eaislas \u0161unims, kuris pagamintas i\u0161 patvari\u0173 ir saugi\u0173 med\u017eiag\u0173, tod\u0117l tinka kramtymui r m\u0117tymo \u017eaidimams.\" \/>\n<meta property=\"og:url\" content=\"https:\/\/likepets.lt\/lt_lt\/product\/afp-zootex-jeti-yolanda-minkstas-zaislas-sunims\/\" \/>\n<meta property=\"og:site_name\" content=\"likepets.lt\" \/>\n<meta property=\"article:publisher\" content=\"https:\/\/www.facebook.com\/profile.php?id=61569466134223\" \/>\n<meta property=\"article:modified_time\" content=\"2025-04-27T06:29:26+00:00\" \/>\n<meta property=\"og:image\" content=\"https:\/\/likepets.lt\/wp-content\/uploads\/2025\/04\/7-1.webp\" \/>\n\t<meta property=\"og:image:width\" content=\"300\" \/>\n\t<meta property=\"og:image:height\" content=\"300\" \/>\n\t<meta property=\"og:image:type\" content=\"image\/webp\" \/>\n<meta name=\"twitter:card\" content=\"summary_large_image\" \/>\n<meta name=\"twitter:label1\" content=\"Est. reading time\" \/>\n\t<meta name=\"twitter:data1\" content=\"1 minut\u0117\" \/>\n<script type=\"application\/ld+json\" class=\"yoast-schema-graph\">{\"@context\":\"https:\\\/\\\/schema.org\",\"@graph\":[{\"@type\":\"WebPage\",\"@id\":\"https:\\\/\\\/likepets.lt\\\/product\\\/afp-zootex-jeti-yolanda-minkstas-zaislas-sunims\\\/\",\"url\":\"https:\\\/\\\/likepets.lt\\\/product\\\/afp-zootex-jeti-yolanda-minkstas-zaislas-sunims\\\/\",\"name\":\"\u201eAFP ZooTex \u2013 Jeti Yolanda\u201c - mink\u0161tas \u017eaislas \u0161unims - likepets.lt\",\"isPartOf\":{\"@id\":\"https:\\\/\\\/likepets.lt\\\/#website\"},\"primaryImageOfPage\":{\"@id\":\"https:\\\/\\\/likepets.lt\\\/product\\\/afp-zootex-jeti-yolanda-minkstas-zaislas-sunims\\\/#primaryimage\"},\"image\":{\"@id\":\"https:\\\/\\\/likepets.lt\\\/product\\\/afp-zootex-jeti-yolanda-minkstas-zaislas-sunims\\\/#primaryimage\"},\"thumbnailUrl\":\"https:\\\/\\\/likepets.lt\\\/wp-content\\\/uploads\\\/2025\\\/04\\\/7-1.webp\",\"datePublished\":\"2024-11-08T14:32:07+00:00\",\"dateModified\":\"2025-04-27T06:29:26+00:00\",\"description\":\"\u201eAFP ZooTex \u2013 Jeti Yolanda\u201c yra mink\u0161tas \u017eaislas \u0161unims, kuris pagamintas i\u0161 patvari\u0173 ir saugi\u0173 med\u017eiag\u0173, tod\u0117l tinka kramtymui r m\u0117tymo \u017eaidimams.\",\"breadcrumb\":{\"@id\":\"https:\\\/\\\/likepets.lt\\\/product\\\/afp-zootex-jeti-yolanda-minkstas-zaislas-sunims\\\/#breadcrumb\"},\"inLanguage\":\"lt-LT\",\"potentialAction\":[{\"@type\":\"ReadAction\",\"target\":[\"https:\\\/\\\/likepets.lt\\\/product\\\/afp-zootex-jeti-yolanda-minkstas-zaislas-sunims\\\/\"]}]},{\"@type\":\"ImageObject\",\"inLanguage\":\"lt-LT\",\"@id\":\"https:\\\/\\\/likepets.lt\\\/product\\\/afp-zootex-jeti-yolanda-minkstas-zaislas-sunims\\\/#primaryimage\",\"url\":\"https:\\\/\\\/likepets.lt\\\/wp-content\\\/uploads\\\/2025\\\/04\\\/7-1.webp\",\"contentUrl\":\"https:\\\/\\\/likepets.lt\\\/wp-content\\\/uploads\\\/2025\\\/04\\\/7-1.webp\",\"width\":300,\"height\":300,\"caption\":\"\u201eAFP ZooTex \u2013 Jeti Yolanda\u201c yra mink\u0161tas \u017eaislas \u0161unims\"},{\"@type\":\"BreadcrumbList\",\"@id\":\"https:\\\/\\\/likepets.lt\\\/product\\\/afp-zootex-jeti-yolanda-minkstas-zaislas-sunims\\\/#breadcrumb\",\"itemListElement\":[{\"@type\":\"ListItem\",\"position\":1,\"name\":\"Home\",\"item\":\"https:\\\/\\\/likepets.lt\\\/lt_lt\\\/\"},{\"@type\":\"ListItem\",\"position\":2,\"name\":\"Parduotuv\u0117\",\"item\":\"https:\\\/\\\/likepets.lt\\\/parduotuve\\\/\"},{\"@type\":\"ListItem\",\"position\":3,\"name\":\"\u201eAFP ZooTex \u2013 Jeti Yolanda\u201c &#8211; mink\u0161tas \u017eaislas \u0161unims\"}]},{\"@type\":\"WebSite\",\"@id\":\"https:\\\/\\\/likepets.lt\\\/#website\",\"url\":\"https:\\\/\\\/likepets.lt\\\/\",\"name\":\"Likepets.lt\",\"description\":\"\",\"publisher\":{\"@id\":\"https:\\\/\\\/likepets.lt\\\/#\\\/schema\\\/person\\\/4ad7eed3b9dc7a176cfff59cfc71e86f\"},\"potentialAction\":[{\"@type\":\"SearchAction\",\"target\":{\"@type\":\"EntryPoint\",\"urlTemplate\":\"https:\\\/\\\/likepets.lt\\\/?s={search_term_string}\"},\"query-input\":{\"@type\":\"PropertyValueSpecification\",\"valueRequired\":true,\"valueName\":\"search_term_string\"}}],\"inLanguage\":\"lt-LT\"},{\"@type\":[\"Person\",\"Organization\"],\"@id\":\"https:\\\/\\\/likepets.lt\\\/#\\\/schema\\\/person\\\/4ad7eed3b9dc7a176cfff59cfc71e86f\",\"name\":\"Likepets.lt\",\"image\":{\"@type\":\"ImageObject\",\"inLanguage\":\"lt-LT\",\"@id\":\"https:\\\/\\\/likepets.lt\\\/wp-content\\\/litespeed\\\/avatar\\\/e807fa13845e19a6e6af46a4bc771b01.jpg?ver=1775897302\",\"url\":\"https:\\\/\\\/likepets.lt\\\/wp-content\\\/litespeed\\\/avatar\\\/e807fa13845e19a6e6af46a4bc771b01.jpg?ver=1775897302\",\"contentUrl\":\"https:\\\/\\\/likepets.lt\\\/wp-content\\\/litespeed\\\/avatar\\\/e807fa13845e19a6e6af46a4bc771b01.jpg?ver=1775897302\",\"caption\":\"Likepets.lt\"},\"logo\":{\"@id\":\"https:\\\/\\\/likepets.lt\\\/wp-content\\\/litespeed\\\/avatar\\\/e807fa13845e19a6e6af46a4bc771b01.jpg?ver=1775897302\"},\"sameAs\":[\"http:\\\/\\\/likepets.lt\",\"https:\\\/\\\/www.facebook.com\\\/profile.php?id=61569466134223\",\"https:\\\/\\\/www.instagram.com\\\/likepets77\\\/?fbclid=IwY2xjawMjUHtleHRuA2FlbQIxMQBicmlkETBlaEhxaVI0bUk1RHl3bmVMAR7IJeYf9r0OCeo9BwYJUD-yM6Osp6MrosWJGq_QweyNqX1BUWyhO1-sP82C2g_aem_xQbJ_D9oWWiUjsE-R3Dlrw\"]}]}<\/script>\n<!-- \/ Yoast SEO plugin. -->","yoast_head_json":{"title":"\u201eAFP ZooTex \u2013 Jeti Yolanda\u201c - mink\u0161tas \u017eaislas \u0161unims - likepets.lt","description":"\u201eAFP ZooTex \u2013 Jeti Yolanda\u201c yra mink\u0161tas \u017eaislas \u0161unims, kuris pagamintas i\u0161 patvari\u0173 ir saugi\u0173 med\u017eiag\u0173, tod\u0117l tinka kramtymui r m\u0117tymo \u017eaidimams.","robots":{"index":"index","follow":"follow","max-snippet":"max-snippet:-1","max-image-preview":"max-image-preview:large","max-video-preview":"max-video-preview:-1"},"canonical":"https:\/\/likepets.lt\/lt_lt\/product\/afp-zootex-jeti-yolanda-minkstas-zaislas-sunims\/","og_locale":"lt_LT","og_type":"article","og_title":"\u201eAFP ZooTex \u2013 Jeti Yolanda\u201c - mink\u0161tas \u017eaislas \u0161unims - likepets.lt","og_description":"\u201eAFP ZooTex \u2013 Jeti Yolanda\u201c yra mink\u0161tas \u017eaislas \u0161unims, kuris pagamintas i\u0161 patvari\u0173 ir saugi\u0173 med\u017eiag\u0173, tod\u0117l tinka kramtymui r m\u0117tymo \u017eaidimams.","og_url":"https:\/\/likepets.lt\/lt_lt\/product\/afp-zootex-jeti-yolanda-minkstas-zaislas-sunims\/","og_site_name":"likepets.lt","article_publisher":"https:\/\/www.facebook.com\/profile.php?id=61569466134223","article_modified_time":"2025-04-27T06:29:26+00:00","og_image":[{"width":300,"height":300,"url":"https:\/\/likepets.lt\/wp-content\/uploads\/2025\/04\/7-1.webp","type":"image\/webp"}],"twitter_card":"summary_large_image","twitter_misc":{"Est. reading time":"1 minut\u0117"},"schema":{"@context":"https:\/\/schema.org","@graph":[{"@type":"WebPage","@id":"https:\/\/likepets.lt\/product\/afp-zootex-jeti-yolanda-minkstas-zaislas-sunims\/","url":"https:\/\/likepets.lt\/product\/afp-zootex-jeti-yolanda-minkstas-zaislas-sunims\/","name":"\u201eAFP ZooTex \u2013 Jeti Yolanda\u201c - mink\u0161tas \u017eaislas \u0161unims - likepets.lt","isPartOf":{"@id":"https:\/\/likepets.lt\/#website"},"primaryImageOfPage":{"@id":"https:\/\/likepets.lt\/product\/afp-zootex-jeti-yolanda-minkstas-zaislas-sunims\/#primaryimage"},"image":{"@id":"https:\/\/likepets.lt\/product\/afp-zootex-jeti-yolanda-minkstas-zaislas-sunims\/#primaryimage"},"thumbnailUrl":"https:\/\/likepets.lt\/wp-content\/uploads\/2025\/04\/7-1.webp","datePublished":"2024-11-08T14:32:07+00:00","dateModified":"2025-04-27T06:29:26+00:00","description":"\u201eAFP ZooTex \u2013 Jeti Yolanda\u201c yra mink\u0161tas \u017eaislas \u0161unims, kuris pagamintas i\u0161 patvari\u0173 ir saugi\u0173 med\u017eiag\u0173, tod\u0117l tinka kramtymui r m\u0117tymo \u017eaidimams.","breadcrumb":{"@id":"https:\/\/likepets.lt\/product\/afp-zootex-jeti-yolanda-minkstas-zaislas-sunims\/#breadcrumb"},"inLanguage":"lt-LT","potentialAction":[{"@type":"ReadAction","target":["https:\/\/likepets.lt\/product\/afp-zootex-jeti-yolanda-minkstas-zaislas-sunims\/"]}]},{"@type":"ImageObject","inLanguage":"lt-LT","@id":"https:\/\/likepets.lt\/product\/afp-zootex-jeti-yolanda-minkstas-zaislas-sunims\/#primaryimage","url":"https:\/\/likepets.lt\/wp-content\/uploads\/2025\/04\/7-1.webp","contentUrl":"https:\/\/likepets.lt\/wp-content\/uploads\/2025\/04\/7-1.webp","width":300,"height":300,"caption":"\u201eAFP ZooTex \u2013 Jeti Yolanda\u201c yra mink\u0161tas \u017eaislas \u0161unims"},{"@type":"BreadcrumbList","@id":"https:\/\/likepets.lt\/product\/afp-zootex-jeti-yolanda-minkstas-zaislas-sunims\/#breadcrumb","itemListElement":[{"@type":"ListItem","position":1,"name":"Home","item":"https:\/\/likepets.lt\/lt_lt\/"},{"@type":"ListItem","position":2,"name":"Parduotuv\u0117","item":"https:\/\/likepets.lt\/parduotuve\/"},{"@type":"ListItem","position":3,"name":"\u201eAFP ZooTex \u2013 Jeti Yolanda\u201c &#8211; mink\u0161tas \u017eaislas \u0161unims"}]},{"@type":"WebSite","@id":"https:\/\/likepets.lt\/#website","url":"https:\/\/likepets.lt\/","name":"Likepets.lt","description":"","publisher":{"@id":"https:\/\/likepets.lt\/#\/schema\/person\/4ad7eed3b9dc7a176cfff59cfc71e86f"},"potentialAction":[{"@type":"SearchAction","target":{"@type":"EntryPoint","urlTemplate":"https:\/\/likepets.lt\/?s={search_term_string}"},"query-input":{"@type":"PropertyValueSpecification","valueRequired":true,"valueName":"search_term_string"}}],"inLanguage":"lt-LT"},{"@type":["Person","Organization"],"@id":"https:\/\/likepets.lt\/#\/schema\/person\/4ad7eed3b9dc7a176cfff59cfc71e86f","name":"Likepets.lt","image":{"@type":"ImageObject","inLanguage":"lt-LT","@id":"https:\/\/likepets.lt\/wp-content\/litespeed\/avatar\/e807fa13845e19a6e6af46a4bc771b01.jpg?ver=1775897302","url":"https:\/\/likepets.lt\/wp-content\/litespeed\/avatar\/e807fa13845e19a6e6af46a4bc771b01.jpg?ver=1775897302","contentUrl":"https:\/\/likepets.lt\/wp-content\/litespeed\/avatar\/e807fa13845e19a6e6af46a4bc771b01.jpg?ver=1775897302","caption":"Likepets.lt"},"logo":{"@id":"https:\/\/likepets.lt\/wp-content\/litespeed\/avatar\/e807fa13845e19a6e6af46a4bc771b01.jpg?ver=1775897302"},"sameAs":["http:\/\/likepets.lt","https:\/\/www.facebook.com\/profile.php?id=61569466134223","https:\/\/www.instagram.com\/likepets77\/?fbclid=IwY2xjawMjUHtleHRuA2FlbQIxMQBicmlkETBlaEhxaVI0bUk1RHl3bmVMAR7IJeYf9r0OCeo9BwYJUD-yM6Osp6MrosWJGq_QweyNqX1BUWyhO1-sP82C2g_aem_xQbJ_D9oWWiUjsE-R3Dlrw"]}]}},"_links":{"self":[{"href":"https:\/\/likepets.lt\/lt_lt\/wp-json\/wp\/v2\/product\/3196","targetHints":{"allow":["GET"]}}],"collection":[{"href":"https:\/\/likepets.lt\/lt_lt\/wp-json\/wp\/v2\/product"}],"about":[{"href":"https:\/\/likepets.lt\/lt_lt\/wp-json\/wp\/v2\/types\/product"}],"replies":[{"embeddable":true,"href":"https:\/\/likepets.lt\/lt_lt\/wp-json\/wp\/v2\/comments?post=3196"}],"version-history":[{"count":0,"href":"https:\/\/likepets.lt\/lt_lt\/wp-json\/wp\/v2\/product\/3196\/revisions"}],"wp:featuredmedia":[{"embeddable":true,"href":"https:\/\/likepets.lt\/lt_lt\/wp-json\/wp\/v2\/media\/3197"}],"wp:attachment":[{"href":"https:\/\/likepets.lt\/lt_lt\/wp-json\/wp\/v2\/media?parent=3196"}],"wp:term":[{"taxonomy":"product_brand","embeddable":true,"href":"https:\/\/likepets.lt\/lt_lt\/wp-json\/wp\/v2\/product_brand?post=3196"},{"taxonomy":"product_cat","embeddable":true,"href":"https:\/\/likepets.lt\/lt_lt\/wp-json\/wp\/v2\/product_cat?post=3196"},{"taxonomy":"product_tag","embeddable":true,"href":"https:\/\/likepets.lt\/lt_lt\/wp-json\/wp\/v2\/product_tag?post=3196"}],"curies":[{"name":"wp","href":"https:\/\/api.w.org\/{rel}","templated":true}]}}