{"id":3206,"date":"2025-01-08T11:00:50","date_gmt":"2025-01-08T11:00:50","guid":{"rendered":"https:\/\/likepets.lt\/?post_type=product&#038;p=3206"},"modified":"2025-11-29T19:01:45","modified_gmt":"2025-11-29T17:01:45","slug":"afp-safari-rope-cuddle-bradypo-zaislas-sunims","status":"publish","type":"product","link":"https:\/\/likepets.lt\/lt_lt\/product\/afp-safari-rope-cuddle-bradypo-zaislas-sunims\/","title":{"rendered":"AFP Safari Rope Cuddle Bradypo-\u017eaislas \u0161unims"},"content":{"rendered":"<p>AFP Safari Rope Cuddle Bradypo- \u017eaislas j\u016bs\u0173 keturkojui draugui\u00a0 yra pagamintas i\u0161\u00a0 itin mink\u0161tos vilnos, skirtas \u0161unims \u017eaisti. \u017daislas taip pat turi patvarias virves, kad patenkint\u0173 nat\u016bralius j\u016bs\u0173 \u0161uns kramtymo poreikius<\/p>\n<p>&nbsp;<\/p>\n","protected":false},"excerpt":{"rendered":"<p>AFP Safari Rope Cuddle Bradypod yra mielas ir funkcionalus \u017eaislas, sukurtas j\u016bs\u0173 augintiniams. \u0160is produktas pasi\u017eymi \u0161velniu, mink\u0161tu pavir\u0161iumi, kuris suteikia komfort\u0105 ir ramyb\u0119, o virv\u0117s detal\u0117s skatina \u017eaidim\u0105 ir kramtym\u0105. Bradypod forma primena l\u0117t\u0105j\u012f drie\u017e\u0105, tod\u0117l jis ne tik patrauklus akiai. \u0160is \u017eaislas skatina augintinio aktyvum\u0105 ir padeda i\u0161laikyti jo dant\u0173 sveikat\u0105.<\/p>\n","protected":false},"featured_media":3207,"comment_status":"open","ping_status":"closed","template":"","meta":[],"product_brand":[155],"product_cat":[98],"product_tag":[],"class_list":{"0":"post-3206","1":"product","2":"type-product","3":"status-publish","4":"has-post-thumbnail","6":"product_brand-afp","7":"product_cat-zaislai","10":"first","11":"instock","12":"taxable","13":"shipping-taxable","14":"purchasable","15":"product-type-simple"},"yoast_head":"<!-- This site is optimized with the Yoast SEO plugin v27.4 - https:\/\/yoast.com\/product\/yoast-seo-wordpress\/ -->\n<title>AFP Safari Rope Cuddle Bradypo-\u017eaislas \u0161unims - likepets.lt<\/title>\n<meta name=\"description\" content=\"AFP Safari Rope Cuddle Bradypod funkcionalus \u017eaislas, sukurtas j\u016bs\u0173 augintiniams, virv\u0117s detal\u0117s skatina \u017eaidim\u0105 ir kramtym\u0105.\" \/>\n<meta name=\"robots\" content=\"index, follow, max-snippet:-1, max-image-preview:large, max-video-preview:-1\" \/>\n<link rel=\"canonical\" href=\"https:\/\/likepets.lt\/lt_lt\/product\/afp-safari-rope-cuddle-bradypo-zaislas-sunims\/\" \/>\n<meta property=\"og:locale\" content=\"lt_LT\" \/>\n<meta property=\"og:type\" content=\"article\" \/>\n<meta property=\"og:title\" content=\"AFP Safari Rope Cuddle Bradypo-\u017eaislas \u0161unims - likepets.lt\" \/>\n<meta property=\"og:description\" content=\"AFP Safari Rope Cuddle Bradypod funkcionalus \u017eaislas, sukurtas j\u016bs\u0173 augintiniams, virv\u0117s detal\u0117s skatina \u017eaidim\u0105 ir kramtym\u0105.\" \/>\n<meta property=\"og:url\" content=\"https:\/\/likepets.lt\/lt_lt\/product\/afp-safari-rope-cuddle-bradypo-zaislas-sunims\/\" \/>\n<meta property=\"og:site_name\" content=\"likepets.lt\" \/>\n<meta property=\"article:publisher\" content=\"https:\/\/www.facebook.com\/profile.php?id=61569466134223\" \/>\n<meta property=\"article:modified_time\" content=\"2025-11-29T17:01:45+00:00\" \/>\n<meta property=\"og:image\" content=\"https:\/\/likepets.lt\/wp-content\/uploads\/2025\/04\/6-2.webp\" \/>\n\t<meta property=\"og:image:width\" content=\"300\" \/>\n\t<meta property=\"og:image:height\" content=\"300\" \/>\n\t<meta property=\"og:image:type\" content=\"image\/webp\" \/>\n<meta name=\"twitter:card\" content=\"summary_large_image\" \/>\n<meta name=\"twitter:label1\" content=\"Est. reading time\" \/>\n\t<meta name=\"twitter:data1\" content=\"1 minut\u0117\" \/>\n<script type=\"application\/ld+json\" class=\"yoast-schema-graph\">{\"@context\":\"https:\\\/\\\/schema.org\",\"@graph\":[{\"@type\":\"WebPage\",\"@id\":\"https:\\\/\\\/likepets.lt\\\/product\\\/afp-safari-rope-cuddle-bradypo-zaislas-sunims\\\/\",\"url\":\"https:\\\/\\\/likepets.lt\\\/product\\\/afp-safari-rope-cuddle-bradypo-zaislas-sunims\\\/\",\"name\":\"AFP Safari Rope Cuddle Bradypo-\u017eaislas \u0161unims - likepets.lt\",\"isPartOf\":{\"@id\":\"https:\\\/\\\/likepets.lt\\\/#website\"},\"primaryImageOfPage\":{\"@id\":\"https:\\\/\\\/likepets.lt\\\/product\\\/afp-safari-rope-cuddle-bradypo-zaislas-sunims\\\/#primaryimage\"},\"image\":{\"@id\":\"https:\\\/\\\/likepets.lt\\\/product\\\/afp-safari-rope-cuddle-bradypo-zaislas-sunims\\\/#primaryimage\"},\"thumbnailUrl\":\"https:\\\/\\\/likepets.lt\\\/wp-content\\\/uploads\\\/2025\\\/04\\\/6-2.webp\",\"datePublished\":\"2025-01-08T11:00:50+00:00\",\"dateModified\":\"2025-11-29T17:01:45+00:00\",\"description\":\"AFP Safari Rope Cuddle Bradypod funkcionalus \u017eaislas, sukurtas j\u016bs\u0173 augintiniams, virv\u0117s detal\u0117s skatina \u017eaidim\u0105 ir kramtym\u0105.\",\"breadcrumb\":{\"@id\":\"https:\\\/\\\/likepets.lt\\\/product\\\/afp-safari-rope-cuddle-bradypo-zaislas-sunims\\\/#breadcrumb\"},\"inLanguage\":\"lt-LT\",\"potentialAction\":[{\"@type\":\"ReadAction\",\"target\":[\"https:\\\/\\\/likepets.lt\\\/product\\\/afp-safari-rope-cuddle-bradypo-zaislas-sunims\\\/\"]}]},{\"@type\":\"ImageObject\",\"inLanguage\":\"lt-LT\",\"@id\":\"https:\\\/\\\/likepets.lt\\\/product\\\/afp-safari-rope-cuddle-bradypo-zaislas-sunims\\\/#primaryimage\",\"url\":\"https:\\\/\\\/likepets.lt\\\/wp-content\\\/uploads\\\/2025\\\/04\\\/6-2.webp\",\"contentUrl\":\"https:\\\/\\\/likepets.lt\\\/wp-content\\\/uploads\\\/2025\\\/04\\\/6-2.webp\",\"width\":300,\"height\":300,\"caption\":\"AFP Safari Rope Cuddle Bradypo-\u017eaislas \u0161unims\"},{\"@type\":\"BreadcrumbList\",\"@id\":\"https:\\\/\\\/likepets.lt\\\/product\\\/afp-safari-rope-cuddle-bradypo-zaislas-sunims\\\/#breadcrumb\",\"itemListElement\":[{\"@type\":\"ListItem\",\"position\":1,\"name\":\"Home\",\"item\":\"https:\\\/\\\/likepets.lt\\\/lt_lt\\\/\"},{\"@type\":\"ListItem\",\"position\":2,\"name\":\"Parduotuv\u0117\",\"item\":\"https:\\\/\\\/likepets.lt\\\/parduotuve\\\/\"},{\"@type\":\"ListItem\",\"position\":3,\"name\":\"AFP Safari Rope Cuddle Bradypo-\u017eaislas \u0161unims\"}]},{\"@type\":\"WebSite\",\"@id\":\"https:\\\/\\\/likepets.lt\\\/#website\",\"url\":\"https:\\\/\\\/likepets.lt\\\/\",\"name\":\"Likepets.lt\",\"description\":\"\",\"publisher\":{\"@id\":\"https:\\\/\\\/likepets.lt\\\/#\\\/schema\\\/person\\\/4ad7eed3b9dc7a176cfff59cfc71e86f\"},\"potentialAction\":[{\"@type\":\"SearchAction\",\"target\":{\"@type\":\"EntryPoint\",\"urlTemplate\":\"https:\\\/\\\/likepets.lt\\\/?s={search_term_string}\"},\"query-input\":{\"@type\":\"PropertyValueSpecification\",\"valueRequired\":true,\"valueName\":\"search_term_string\"}}],\"inLanguage\":\"lt-LT\"},{\"@type\":[\"Person\",\"Organization\"],\"@id\":\"https:\\\/\\\/likepets.lt\\\/#\\\/schema\\\/person\\\/4ad7eed3b9dc7a176cfff59cfc71e86f\",\"name\":\"Likepets.lt\",\"image\":{\"@type\":\"ImageObject\",\"inLanguage\":\"lt-LT\",\"@id\":\"https:\\\/\\\/likepets.lt\\\/wp-content\\\/litespeed\\\/avatar\\\/e807fa13845e19a6e6af46a4bc771b01.jpg?ver=1775897302\",\"url\":\"https:\\\/\\\/likepets.lt\\\/wp-content\\\/litespeed\\\/avatar\\\/e807fa13845e19a6e6af46a4bc771b01.jpg?ver=1775897302\",\"contentUrl\":\"https:\\\/\\\/likepets.lt\\\/wp-content\\\/litespeed\\\/avatar\\\/e807fa13845e19a6e6af46a4bc771b01.jpg?ver=1775897302\",\"caption\":\"Likepets.lt\"},\"logo\":{\"@id\":\"https:\\\/\\\/likepets.lt\\\/wp-content\\\/litespeed\\\/avatar\\\/e807fa13845e19a6e6af46a4bc771b01.jpg?ver=1775897302\"},\"sameAs\":[\"http:\\\/\\\/likepets.lt\",\"https:\\\/\\\/www.facebook.com\\\/profile.php?id=61569466134223\",\"https:\\\/\\\/www.instagram.com\\\/likepets77\\\/?fbclid=IwY2xjawMjUHtleHRuA2FlbQIxMQBicmlkETBlaEhxaVI0bUk1RHl3bmVMAR7IJeYf9r0OCeo9BwYJUD-yM6Osp6MrosWJGq_QweyNqX1BUWyhO1-sP82C2g_aem_xQbJ_D9oWWiUjsE-R3Dlrw\"]}]}<\/script>\n<!-- \/ Yoast SEO plugin. -->","yoast_head_json":{"title":"AFP Safari Rope Cuddle Bradypo-\u017eaislas \u0161unims - likepets.lt","description":"AFP Safari Rope Cuddle Bradypod funkcionalus \u017eaislas, sukurtas j\u016bs\u0173 augintiniams, virv\u0117s detal\u0117s skatina \u017eaidim\u0105 ir kramtym\u0105.","robots":{"index":"index","follow":"follow","max-snippet":"max-snippet:-1","max-image-preview":"max-image-preview:large","max-video-preview":"max-video-preview:-1"},"canonical":"https:\/\/likepets.lt\/lt_lt\/product\/afp-safari-rope-cuddle-bradypo-zaislas-sunims\/","og_locale":"lt_LT","og_type":"article","og_title":"AFP Safari Rope Cuddle Bradypo-\u017eaislas \u0161unims - likepets.lt","og_description":"AFP Safari Rope Cuddle Bradypod funkcionalus \u017eaislas, sukurtas j\u016bs\u0173 augintiniams, virv\u0117s detal\u0117s skatina \u017eaidim\u0105 ir kramtym\u0105.","og_url":"https:\/\/likepets.lt\/lt_lt\/product\/afp-safari-rope-cuddle-bradypo-zaislas-sunims\/","og_site_name":"likepets.lt","article_publisher":"https:\/\/www.facebook.com\/profile.php?id=61569466134223","article_modified_time":"2025-11-29T17:01:45+00:00","og_image":[{"width":300,"height":300,"url":"https:\/\/likepets.lt\/wp-content\/uploads\/2025\/04\/6-2.webp","type":"image\/webp"}],"twitter_card":"summary_large_image","twitter_misc":{"Est. reading time":"1 minut\u0117"},"schema":{"@context":"https:\/\/schema.org","@graph":[{"@type":"WebPage","@id":"https:\/\/likepets.lt\/product\/afp-safari-rope-cuddle-bradypo-zaislas-sunims\/","url":"https:\/\/likepets.lt\/product\/afp-safari-rope-cuddle-bradypo-zaislas-sunims\/","name":"AFP Safari Rope Cuddle Bradypo-\u017eaislas \u0161unims - likepets.lt","isPartOf":{"@id":"https:\/\/likepets.lt\/#website"},"primaryImageOfPage":{"@id":"https:\/\/likepets.lt\/product\/afp-safari-rope-cuddle-bradypo-zaislas-sunims\/#primaryimage"},"image":{"@id":"https:\/\/likepets.lt\/product\/afp-safari-rope-cuddle-bradypo-zaislas-sunims\/#primaryimage"},"thumbnailUrl":"https:\/\/likepets.lt\/wp-content\/uploads\/2025\/04\/6-2.webp","datePublished":"2025-01-08T11:00:50+00:00","dateModified":"2025-11-29T17:01:45+00:00","description":"AFP Safari Rope Cuddle Bradypod funkcionalus \u017eaislas, sukurtas j\u016bs\u0173 augintiniams, virv\u0117s detal\u0117s skatina \u017eaidim\u0105 ir kramtym\u0105.","breadcrumb":{"@id":"https:\/\/likepets.lt\/product\/afp-safari-rope-cuddle-bradypo-zaislas-sunims\/#breadcrumb"},"inLanguage":"lt-LT","potentialAction":[{"@type":"ReadAction","target":["https:\/\/likepets.lt\/product\/afp-safari-rope-cuddle-bradypo-zaislas-sunims\/"]}]},{"@type":"ImageObject","inLanguage":"lt-LT","@id":"https:\/\/likepets.lt\/product\/afp-safari-rope-cuddle-bradypo-zaislas-sunims\/#primaryimage","url":"https:\/\/likepets.lt\/wp-content\/uploads\/2025\/04\/6-2.webp","contentUrl":"https:\/\/likepets.lt\/wp-content\/uploads\/2025\/04\/6-2.webp","width":300,"height":300,"caption":"AFP Safari Rope Cuddle Bradypo-\u017eaislas \u0161unims"},{"@type":"BreadcrumbList","@id":"https:\/\/likepets.lt\/product\/afp-safari-rope-cuddle-bradypo-zaislas-sunims\/#breadcrumb","itemListElement":[{"@type":"ListItem","position":1,"name":"Home","item":"https:\/\/likepets.lt\/lt_lt\/"},{"@type":"ListItem","position":2,"name":"Parduotuv\u0117","item":"https:\/\/likepets.lt\/parduotuve\/"},{"@type":"ListItem","position":3,"name":"AFP Safari Rope Cuddle Bradypo-\u017eaislas \u0161unims"}]},{"@type":"WebSite","@id":"https:\/\/likepets.lt\/#website","url":"https:\/\/likepets.lt\/","name":"Likepets.lt","description":"","publisher":{"@id":"https:\/\/likepets.lt\/#\/schema\/person\/4ad7eed3b9dc7a176cfff59cfc71e86f"},"potentialAction":[{"@type":"SearchAction","target":{"@type":"EntryPoint","urlTemplate":"https:\/\/likepets.lt\/?s={search_term_string}"},"query-input":{"@type":"PropertyValueSpecification","valueRequired":true,"valueName":"search_term_string"}}],"inLanguage":"lt-LT"},{"@type":["Person","Organization"],"@id":"https:\/\/likepets.lt\/#\/schema\/person\/4ad7eed3b9dc7a176cfff59cfc71e86f","name":"Likepets.lt","image":{"@type":"ImageObject","inLanguage":"lt-LT","@id":"https:\/\/likepets.lt\/wp-content\/litespeed\/avatar\/e807fa13845e19a6e6af46a4bc771b01.jpg?ver=1775897302","url":"https:\/\/likepets.lt\/wp-content\/litespeed\/avatar\/e807fa13845e19a6e6af46a4bc771b01.jpg?ver=1775897302","contentUrl":"https:\/\/likepets.lt\/wp-content\/litespeed\/avatar\/e807fa13845e19a6e6af46a4bc771b01.jpg?ver=1775897302","caption":"Likepets.lt"},"logo":{"@id":"https:\/\/likepets.lt\/wp-content\/litespeed\/avatar\/e807fa13845e19a6e6af46a4bc771b01.jpg?ver=1775897302"},"sameAs":["http:\/\/likepets.lt","https:\/\/www.facebook.com\/profile.php?id=61569466134223","https:\/\/www.instagram.com\/likepets77\/?fbclid=IwY2xjawMjUHtleHRuA2FlbQIxMQBicmlkETBlaEhxaVI0bUk1RHl3bmVMAR7IJeYf9r0OCeo9BwYJUD-yM6Osp6MrosWJGq_QweyNqX1BUWyhO1-sP82C2g_aem_xQbJ_D9oWWiUjsE-R3Dlrw"]}]}},"_links":{"self":[{"href":"https:\/\/likepets.lt\/lt_lt\/wp-json\/wp\/v2\/product\/3206","targetHints":{"allow":["GET"]}}],"collection":[{"href":"https:\/\/likepets.lt\/lt_lt\/wp-json\/wp\/v2\/product"}],"about":[{"href":"https:\/\/likepets.lt\/lt_lt\/wp-json\/wp\/v2\/types\/product"}],"replies":[{"embeddable":true,"href":"https:\/\/likepets.lt\/lt_lt\/wp-json\/wp\/v2\/comments?post=3206"}],"version-history":[{"count":1,"href":"https:\/\/likepets.lt\/lt_lt\/wp-json\/wp\/v2\/product\/3206\/revisions"}],"predecessor-version":[{"id":63143,"href":"https:\/\/likepets.lt\/lt_lt\/wp-json\/wp\/v2\/product\/3206\/revisions\/63143"}],"wp:featuredmedia":[{"embeddable":true,"href":"https:\/\/likepets.lt\/lt_lt\/wp-json\/wp\/v2\/media\/3207"}],"wp:attachment":[{"href":"https:\/\/likepets.lt\/lt_lt\/wp-json\/wp\/v2\/media?parent=3206"}],"wp:term":[{"taxonomy":"product_brand","embeddable":true,"href":"https:\/\/likepets.lt\/lt_lt\/wp-json\/wp\/v2\/product_brand?post=3206"},{"taxonomy":"product_cat","embeddable":true,"href":"https:\/\/likepets.lt\/lt_lt\/wp-json\/wp\/v2\/product_cat?post=3206"},{"taxonomy":"product_tag","embeddable":true,"href":"https:\/\/likepets.lt\/lt_lt\/wp-json\/wp\/v2\/product_tag?post=3206"}],"curies":[{"name":"wp","href":"https:\/\/api.w.org\/{rel}","templated":true}]}}