{"id":3233,"date":"2024-11-08T14:33:55","date_gmt":"2024-11-08T14:33:55","guid":{"rendered":"https:\/\/likepets.lt\/?post_type=product&#038;p=3233"},"modified":"2025-04-27T09:28:12","modified_gmt":"2025-04-27T06:28:12","slug":"afp-metaball-kamuoliuku-rinkinys-su-zirniu-ankstimi","status":"publish","type":"product","link":"https:\/\/likepets.lt\/lt_lt\/product\/afp-metaball-kamuoliuku-rinkinys-su-zirniu-ankstimi\/","title":{"rendered":"AFP Metaball \u2013 kamuoliuk\u0173 rinkinys su \u017eirni\u0173 ank\u0161timi"},"content":{"rendered":"<div class=\"flex-col gap-1 md:gap-3\">\n<div class=\"flex max-w-full flex-col flex-grow\">\n<div class=\"min-h-8 text-message flex w-full flex-col items-end gap-2 whitespace-normal break-words [.text-message+&amp;]:mt-5\" dir=\"auto\" data-message-author-role=\"assistant\" data-message-id=\"34efe23a-7a49-4266-a0e9-60ed44feca2a\" data-message-model-slug=\"gpt-4o\">\n<div class=\"flex w-full flex-col gap-1 empty:hidden first:pt-[3px]\">\n<div class=\"markdown prose w-full break-words dark:prose-invert light\">\n<p>\u00a0\u0160is \u017eaislas stimuliuoja\u00a0 \u0161uns aktyvum\u0105 , tod\u0117l padeda i\u0161lieti susikaupusi\u0105 energij\u0105 ir yra puiki priemon\u0117 fiziniam aktyvumui skatinti. Jud\u0117jimas su \u017eaislu padeda palaikyti sveik\u0105 svor\u012f ir gerina \u0161uns fizin\u0119 b\u016bkl\u0119. Protinio aktyvumo skatinimas. \u012edomi \u017eem\u0117s rie\u0161uto ank\u0161tis, kuris \u017eaid\u017eiant tra\u0161ka ir pypsi, taip\u00a0 \u017eadina \u0161uns smalsum\u0105, o tai skatina j\u012f tyrin\u0117ti, persekioti ir \u017eaisti. Tokia veikla padeda ugdyti problem\u0173 sprendimo \u012fg\u016bd\u017eius ir lavina koordinacij\u0105. \u00a0\u017daislas pagamintas i\u0161 kokybi\u0161k\u0173 ir saugi\u0173 med\u017eiag\u0173, \u0161is \u017eaislas tinka ir intensyviems \u017eaidimams. Patvarus dizainas u\u017etikrina, kad \u017eaislas ilgai tarnaus, net jei \u0161uo yra link\u0119s j\u012f kramtyti. Kamuoliuko m\u0117tyms skatina bendravim\u0105 tarp \u0161uns ir \u0161eimininko. Kartu praleistas laikas stiprina tarpusavio ry\u0161\u012f, suteikia abiem d\u017eiaugsmo ir pasitik\u0117jimo.<\/p>\n<p>AFP Metaball \u2013 kamuoliuk\u0173 rinkinys su \u017eirni\u0173 ank\u0161timi\u00a0 \u0161unims, puiki priemon\u0117 \u0161uns aktyvumui ir d\u017eiaugsmui skatinti bet kuriuo paros metu, stiprinant ir augintinio, ir \u0161eimininko ry\u0161\u012f.<\/p>\n<\/div>\n<\/div>\n<\/div>\n<\/div>\n<div class=\"mb-2 flex gap-3 empty:hidden -ml-2\">\n<div class=\"items-center justify-start rounded-xl p-1 z-10 -mt-1 bg-token-main-surface-primary md:absolute flex\">\n<div class=\"flex items-center\"><\/div>\n<\/div>\n<\/div>\n<div class=\"pr-2 lg:pr-0\"><\/div>\n<\/div>\n<div class=\"absolute\">\n<div class=\"flex items-center justify-center\"><\/div>\n<\/div>\n","protected":false},"excerpt":{"rendered":"<p>All For Paws Meta Ball \u2013 rinkinys su 3 kamuoliukais. \u0160iame \u017eem\u0117s rie\u0161ute n\u0117ra \u017eem\u0117s rie\u0161ut\u0173, o 3 puik\u016bs \u017eaisliniai kamuoliukai \u0161unims. \u017dem\u0117s rie\u0161uto ank\u0161tis\u00a0girg\u017eda, o kamuoliukai turi juokingus veidukus ir pypsi.\u00a0 \u017daid\u017eiant girdisi gra\u017e\u016bs tra\u0161kesio ir pyps\u0117jimo garsai.<\/p>\n<p>Savyb\u0117s:<\/p>\n<p>&#8211; Kamuoliukai su mielais veidais<br \/>\n&#8211; Tra\u0161kantys garsai, kad b\u016bt\u0173 smagu<br \/>\n&#8211; Kamuoliukai su\u00a0pyps\u0117jimu<\/p>\n","protected":false},"featured_media":3234,"comment_status":"open","ping_status":"closed","template":"","meta":[],"product_brand":[155],"product_cat":[98],"product_tag":[],"class_list":{"0":"post-3233","1":"product","2":"type-product","3":"status-publish","4":"has-post-thumbnail","6":"product_brand-afp","7":"product_cat-zaislai","10":"first","11":"instock","12":"taxable","13":"shipping-taxable","14":"purchasable","15":"product-type-simple"},"yoast_head":"<!-- This site is optimized with the Yoast SEO plugin v27.4 - https:\/\/yoast.com\/product\/yoast-seo-wordpress\/ -->\n<title>AFP Metaball \u2013 kamuoliuk\u0173 rinkinys su \u017eirni\u0173 ank\u0161timi - likepets.lt<\/title>\n<meta name=\"description\" content=\"All For Paws Meta Ball \u2013 rinkinys su 3 kamuoliukais, kurie \u012fd\u0117ti \u012f \u017eem\u0117s rie\u0161uto ank\u0161t\u012f. \u017daid\u017eiant girdisi gra\u017e\u016bs tra\u0161kesio ir pyps\u0117jimo garsai.\" \/>\n<meta name=\"robots\" content=\"index, follow, max-snippet:-1, max-image-preview:large, max-video-preview:-1\" \/>\n<link rel=\"canonical\" href=\"https:\/\/likepets.lt\/lt_lt\/product\/afp-metaball-kamuoliuku-rinkinys-su-zirniu-ankstimi\/\" \/>\n<meta property=\"og:locale\" content=\"lt_LT\" \/>\n<meta property=\"og:type\" content=\"article\" \/>\n<meta property=\"og:title\" content=\"AFP Metaball \u2013 kamuoliuk\u0173 rinkinys su \u017eirni\u0173 ank\u0161timi - likepets.lt\" \/>\n<meta property=\"og:description\" content=\"All For Paws Meta Ball \u2013 rinkinys su 3 kamuoliukais, kurie \u012fd\u0117ti \u012f \u017eem\u0117s rie\u0161uto ank\u0161t\u012f. \u017daid\u017eiant girdisi gra\u017e\u016bs tra\u0161kesio ir pyps\u0117jimo garsai.\" \/>\n<meta property=\"og:url\" content=\"https:\/\/likepets.lt\/lt_lt\/product\/afp-metaball-kamuoliuku-rinkinys-su-zirniu-ankstimi\/\" \/>\n<meta property=\"og:site_name\" content=\"likepets.lt\" \/>\n<meta property=\"article:publisher\" content=\"https:\/\/www.facebook.com\/profile.php?id=61569466134223\" \/>\n<meta property=\"article:modified_time\" content=\"2025-04-27T06:28:12+00:00\" \/>\n<meta property=\"og:image\" content=\"https:\/\/likepets.lt\/wp-content\/uploads\/2025\/04\/45.webp\" \/>\n\t<meta property=\"og:image:width\" content=\"300\" \/>\n\t<meta property=\"og:image:height\" content=\"300\" \/>\n\t<meta property=\"og:image:type\" content=\"image\/webp\" \/>\n<meta name=\"twitter:card\" content=\"summary_large_image\" \/>\n<meta name=\"twitter:label1\" content=\"Est. reading time\" \/>\n\t<meta name=\"twitter:data1\" content=\"1 minut\u0117\" \/>\n<script type=\"application\/ld+json\" class=\"yoast-schema-graph\">{\"@context\":\"https:\\\/\\\/schema.org\",\"@graph\":[{\"@type\":\"WebPage\",\"@id\":\"https:\\\/\\\/likepets.lt\\\/product\\\/afp-metaball-kamuoliuku-rinkinys-su-zirniu-ankstimi\\\/\",\"url\":\"https:\\\/\\\/likepets.lt\\\/product\\\/afp-metaball-kamuoliuku-rinkinys-su-zirniu-ankstimi\\\/\",\"name\":\"AFP Metaball \u2013 kamuoliuk\u0173 rinkinys su \u017eirni\u0173 ank\u0161timi - likepets.lt\",\"isPartOf\":{\"@id\":\"https:\\\/\\\/likepets.lt\\\/#website\"},\"primaryImageOfPage\":{\"@id\":\"https:\\\/\\\/likepets.lt\\\/product\\\/afp-metaball-kamuoliuku-rinkinys-su-zirniu-ankstimi\\\/#primaryimage\"},\"image\":{\"@id\":\"https:\\\/\\\/likepets.lt\\\/product\\\/afp-metaball-kamuoliuku-rinkinys-su-zirniu-ankstimi\\\/#primaryimage\"},\"thumbnailUrl\":\"https:\\\/\\\/likepets.lt\\\/wp-content\\\/uploads\\\/2025\\\/04\\\/45.webp\",\"datePublished\":\"2024-11-08T14:33:55+00:00\",\"dateModified\":\"2025-04-27T06:28:12+00:00\",\"description\":\"All For Paws Meta Ball \u2013 rinkinys su 3 kamuoliukais, kurie \u012fd\u0117ti \u012f \u017eem\u0117s rie\u0161uto ank\u0161t\u012f. \u017daid\u017eiant girdisi gra\u017e\u016bs tra\u0161kesio ir pyps\u0117jimo garsai.\",\"breadcrumb\":{\"@id\":\"https:\\\/\\\/likepets.lt\\\/product\\\/afp-metaball-kamuoliuku-rinkinys-su-zirniu-ankstimi\\\/#breadcrumb\"},\"inLanguage\":\"lt-LT\",\"potentialAction\":[{\"@type\":\"ReadAction\",\"target\":[\"https:\\\/\\\/likepets.lt\\\/product\\\/afp-metaball-kamuoliuku-rinkinys-su-zirniu-ankstimi\\\/\"]}]},{\"@type\":\"ImageObject\",\"inLanguage\":\"lt-LT\",\"@id\":\"https:\\\/\\\/likepets.lt\\\/product\\\/afp-metaball-kamuoliuku-rinkinys-su-zirniu-ankstimi\\\/#primaryimage\",\"url\":\"https:\\\/\\\/likepets.lt\\\/wp-content\\\/uploads\\\/2025\\\/04\\\/45.webp\",\"contentUrl\":\"https:\\\/\\\/likepets.lt\\\/wp-content\\\/uploads\\\/2025\\\/04\\\/45.webp\",\"width\":300,\"height\":300,\"caption\":\"AFP Metaball \u2013 kamuoliuk\u0173 rinkinys su \u017eirni\u0173 ank\u0161timi\"},{\"@type\":\"BreadcrumbList\",\"@id\":\"https:\\\/\\\/likepets.lt\\\/product\\\/afp-metaball-kamuoliuku-rinkinys-su-zirniu-ankstimi\\\/#breadcrumb\",\"itemListElement\":[{\"@type\":\"ListItem\",\"position\":1,\"name\":\"Home\",\"item\":\"https:\\\/\\\/likepets.lt\\\/lt_lt\\\/\"},{\"@type\":\"ListItem\",\"position\":2,\"name\":\"Parduotuv\u0117\",\"item\":\"https:\\\/\\\/likepets.lt\\\/parduotuve\\\/\"},{\"@type\":\"ListItem\",\"position\":3,\"name\":\"AFP Metaball \u2013 kamuoliuk\u0173 rinkinys su \u017eirni\u0173 ank\u0161timi\"}]},{\"@type\":\"WebSite\",\"@id\":\"https:\\\/\\\/likepets.lt\\\/#website\",\"url\":\"https:\\\/\\\/likepets.lt\\\/\",\"name\":\"Likepets.lt\",\"description\":\"\",\"publisher\":{\"@id\":\"https:\\\/\\\/likepets.lt\\\/#\\\/schema\\\/person\\\/4ad7eed3b9dc7a176cfff59cfc71e86f\"},\"potentialAction\":[{\"@type\":\"SearchAction\",\"target\":{\"@type\":\"EntryPoint\",\"urlTemplate\":\"https:\\\/\\\/likepets.lt\\\/?s={search_term_string}\"},\"query-input\":{\"@type\":\"PropertyValueSpecification\",\"valueRequired\":true,\"valueName\":\"search_term_string\"}}],\"inLanguage\":\"lt-LT\"},{\"@type\":[\"Person\",\"Organization\"],\"@id\":\"https:\\\/\\\/likepets.lt\\\/#\\\/schema\\\/person\\\/4ad7eed3b9dc7a176cfff59cfc71e86f\",\"name\":\"Likepets.lt\",\"image\":{\"@type\":\"ImageObject\",\"inLanguage\":\"lt-LT\",\"@id\":\"https:\\\/\\\/likepets.lt\\\/wp-content\\\/litespeed\\\/avatar\\\/e807fa13845e19a6e6af46a4bc771b01.jpg?ver=1775897302\",\"url\":\"https:\\\/\\\/likepets.lt\\\/wp-content\\\/litespeed\\\/avatar\\\/e807fa13845e19a6e6af46a4bc771b01.jpg?ver=1775897302\",\"contentUrl\":\"https:\\\/\\\/likepets.lt\\\/wp-content\\\/litespeed\\\/avatar\\\/e807fa13845e19a6e6af46a4bc771b01.jpg?ver=1775897302\",\"caption\":\"Likepets.lt\"},\"logo\":{\"@id\":\"https:\\\/\\\/likepets.lt\\\/wp-content\\\/litespeed\\\/avatar\\\/e807fa13845e19a6e6af46a4bc771b01.jpg?ver=1775897302\"},\"sameAs\":[\"http:\\\/\\\/likepets.lt\",\"https:\\\/\\\/www.facebook.com\\\/profile.php?id=61569466134223\",\"https:\\\/\\\/www.instagram.com\\\/likepets77\\\/?fbclid=IwY2xjawMjUHtleHRuA2FlbQIxMQBicmlkETBlaEhxaVI0bUk1RHl3bmVMAR7IJeYf9r0OCeo9BwYJUD-yM6Osp6MrosWJGq_QweyNqX1BUWyhO1-sP82C2g_aem_xQbJ_D9oWWiUjsE-R3Dlrw\"]}]}<\/script>\n<!-- \/ Yoast SEO plugin. -->","yoast_head_json":{"title":"AFP Metaball \u2013 kamuoliuk\u0173 rinkinys su \u017eirni\u0173 ank\u0161timi - likepets.lt","description":"All For Paws Meta Ball \u2013 rinkinys su 3 kamuoliukais, kurie \u012fd\u0117ti \u012f \u017eem\u0117s rie\u0161uto ank\u0161t\u012f. \u017daid\u017eiant girdisi gra\u017e\u016bs tra\u0161kesio ir pyps\u0117jimo garsai.","robots":{"index":"index","follow":"follow","max-snippet":"max-snippet:-1","max-image-preview":"max-image-preview:large","max-video-preview":"max-video-preview:-1"},"canonical":"https:\/\/likepets.lt\/lt_lt\/product\/afp-metaball-kamuoliuku-rinkinys-su-zirniu-ankstimi\/","og_locale":"lt_LT","og_type":"article","og_title":"AFP Metaball \u2013 kamuoliuk\u0173 rinkinys su \u017eirni\u0173 ank\u0161timi - likepets.lt","og_description":"All For Paws Meta Ball \u2013 rinkinys su 3 kamuoliukais, kurie \u012fd\u0117ti \u012f \u017eem\u0117s rie\u0161uto ank\u0161t\u012f. \u017daid\u017eiant girdisi gra\u017e\u016bs tra\u0161kesio ir pyps\u0117jimo garsai.","og_url":"https:\/\/likepets.lt\/lt_lt\/product\/afp-metaball-kamuoliuku-rinkinys-su-zirniu-ankstimi\/","og_site_name":"likepets.lt","article_publisher":"https:\/\/www.facebook.com\/profile.php?id=61569466134223","article_modified_time":"2025-04-27T06:28:12+00:00","og_image":[{"width":300,"height":300,"url":"https:\/\/likepets.lt\/wp-content\/uploads\/2025\/04\/45.webp","type":"image\/webp"}],"twitter_card":"summary_large_image","twitter_misc":{"Est. reading time":"1 minut\u0117"},"schema":{"@context":"https:\/\/schema.org","@graph":[{"@type":"WebPage","@id":"https:\/\/likepets.lt\/product\/afp-metaball-kamuoliuku-rinkinys-su-zirniu-ankstimi\/","url":"https:\/\/likepets.lt\/product\/afp-metaball-kamuoliuku-rinkinys-su-zirniu-ankstimi\/","name":"AFP Metaball \u2013 kamuoliuk\u0173 rinkinys su \u017eirni\u0173 ank\u0161timi - likepets.lt","isPartOf":{"@id":"https:\/\/likepets.lt\/#website"},"primaryImageOfPage":{"@id":"https:\/\/likepets.lt\/product\/afp-metaball-kamuoliuku-rinkinys-su-zirniu-ankstimi\/#primaryimage"},"image":{"@id":"https:\/\/likepets.lt\/product\/afp-metaball-kamuoliuku-rinkinys-su-zirniu-ankstimi\/#primaryimage"},"thumbnailUrl":"https:\/\/likepets.lt\/wp-content\/uploads\/2025\/04\/45.webp","datePublished":"2024-11-08T14:33:55+00:00","dateModified":"2025-04-27T06:28:12+00:00","description":"All For Paws Meta Ball \u2013 rinkinys su 3 kamuoliukais, kurie \u012fd\u0117ti \u012f \u017eem\u0117s rie\u0161uto ank\u0161t\u012f. \u017daid\u017eiant girdisi gra\u017e\u016bs tra\u0161kesio ir pyps\u0117jimo garsai.","breadcrumb":{"@id":"https:\/\/likepets.lt\/product\/afp-metaball-kamuoliuku-rinkinys-su-zirniu-ankstimi\/#breadcrumb"},"inLanguage":"lt-LT","potentialAction":[{"@type":"ReadAction","target":["https:\/\/likepets.lt\/product\/afp-metaball-kamuoliuku-rinkinys-su-zirniu-ankstimi\/"]}]},{"@type":"ImageObject","inLanguage":"lt-LT","@id":"https:\/\/likepets.lt\/product\/afp-metaball-kamuoliuku-rinkinys-su-zirniu-ankstimi\/#primaryimage","url":"https:\/\/likepets.lt\/wp-content\/uploads\/2025\/04\/45.webp","contentUrl":"https:\/\/likepets.lt\/wp-content\/uploads\/2025\/04\/45.webp","width":300,"height":300,"caption":"AFP Metaball \u2013 kamuoliuk\u0173 rinkinys su \u017eirni\u0173 ank\u0161timi"},{"@type":"BreadcrumbList","@id":"https:\/\/likepets.lt\/product\/afp-metaball-kamuoliuku-rinkinys-su-zirniu-ankstimi\/#breadcrumb","itemListElement":[{"@type":"ListItem","position":1,"name":"Home","item":"https:\/\/likepets.lt\/lt_lt\/"},{"@type":"ListItem","position":2,"name":"Parduotuv\u0117","item":"https:\/\/likepets.lt\/parduotuve\/"},{"@type":"ListItem","position":3,"name":"AFP Metaball \u2013 kamuoliuk\u0173 rinkinys su \u017eirni\u0173 ank\u0161timi"}]},{"@type":"WebSite","@id":"https:\/\/likepets.lt\/#website","url":"https:\/\/likepets.lt\/","name":"Likepets.lt","description":"","publisher":{"@id":"https:\/\/likepets.lt\/#\/schema\/person\/4ad7eed3b9dc7a176cfff59cfc71e86f"},"potentialAction":[{"@type":"SearchAction","target":{"@type":"EntryPoint","urlTemplate":"https:\/\/likepets.lt\/?s={search_term_string}"},"query-input":{"@type":"PropertyValueSpecification","valueRequired":true,"valueName":"search_term_string"}}],"inLanguage":"lt-LT"},{"@type":["Person","Organization"],"@id":"https:\/\/likepets.lt\/#\/schema\/person\/4ad7eed3b9dc7a176cfff59cfc71e86f","name":"Likepets.lt","image":{"@type":"ImageObject","inLanguage":"lt-LT","@id":"https:\/\/likepets.lt\/wp-content\/litespeed\/avatar\/e807fa13845e19a6e6af46a4bc771b01.jpg?ver=1775897302","url":"https:\/\/likepets.lt\/wp-content\/litespeed\/avatar\/e807fa13845e19a6e6af46a4bc771b01.jpg?ver=1775897302","contentUrl":"https:\/\/likepets.lt\/wp-content\/litespeed\/avatar\/e807fa13845e19a6e6af46a4bc771b01.jpg?ver=1775897302","caption":"Likepets.lt"},"logo":{"@id":"https:\/\/likepets.lt\/wp-content\/litespeed\/avatar\/e807fa13845e19a6e6af46a4bc771b01.jpg?ver=1775897302"},"sameAs":["http:\/\/likepets.lt","https:\/\/www.facebook.com\/profile.php?id=61569466134223","https:\/\/www.instagram.com\/likepets77\/?fbclid=IwY2xjawMjUHtleHRuA2FlbQIxMQBicmlkETBlaEhxaVI0bUk1RHl3bmVMAR7IJeYf9r0OCeo9BwYJUD-yM6Osp6MrosWJGq_QweyNqX1BUWyhO1-sP82C2g_aem_xQbJ_D9oWWiUjsE-R3Dlrw"]}]}},"_links":{"self":[{"href":"https:\/\/likepets.lt\/lt_lt\/wp-json\/wp\/v2\/product\/3233","targetHints":{"allow":["GET"]}}],"collection":[{"href":"https:\/\/likepets.lt\/lt_lt\/wp-json\/wp\/v2\/product"}],"about":[{"href":"https:\/\/likepets.lt\/lt_lt\/wp-json\/wp\/v2\/types\/product"}],"replies":[{"embeddable":true,"href":"https:\/\/likepets.lt\/lt_lt\/wp-json\/wp\/v2\/comments?post=3233"}],"version-history":[{"count":0,"href":"https:\/\/likepets.lt\/lt_lt\/wp-json\/wp\/v2\/product\/3233\/revisions"}],"wp:featuredmedia":[{"embeddable":true,"href":"https:\/\/likepets.lt\/lt_lt\/wp-json\/wp\/v2\/media\/3234"}],"wp:attachment":[{"href":"https:\/\/likepets.lt\/lt_lt\/wp-json\/wp\/v2\/media?parent=3233"}],"wp:term":[{"taxonomy":"product_brand","embeddable":true,"href":"https:\/\/likepets.lt\/lt_lt\/wp-json\/wp\/v2\/product_brand?post=3233"},{"taxonomy":"product_cat","embeddable":true,"href":"https:\/\/likepets.lt\/lt_lt\/wp-json\/wp\/v2\/product_cat?post=3233"},{"taxonomy":"product_tag","embeddable":true,"href":"https:\/\/likepets.lt\/lt_lt\/wp-json\/wp\/v2\/product_tag?post=3233"}],"curies":[{"name":"wp","href":"https:\/\/api.w.org\/{rel}","templated":true}]}}