{"id":3241,"date":"2024-11-08T14:35:24","date_gmt":"2024-11-08T14:35:24","guid":{"rendered":"https:\/\/likepets.lt\/?post_type=product&#038;p=3241"},"modified":"2025-04-27T09:25:54","modified_gmt":"2025-04-27T06:25:54","slug":"afp-my-t-rex-tim-the-mini-t-rex-dinozauras","status":"publish","type":"product","link":"https:\/\/likepets.lt\/lt_lt\/product\/afp-my-t-rex-tim-the-mini-t-rex-dinozauras\/","title":{"rendered":"AFP My T-Rex Tim the Mini T-Rex dinozauras"},"content":{"rendered":"<p>\u0160is\u00a0 \u017eaislas su papildomas med\u017eiagos sluoksniu, kuris\u00a0 padidina patvarum\u0105\u00a0 tod\u0117l j\u012f ilgai naudosite .Tai leid\u017eia saugiai \u017eaisti ankstyv\u0105 ryt\u0105 ar v\u0117lai vakare, kai ap\u0161vietimas ribotas. Interaktyvus \u017eaislas skatina \u0161un\u012f b\u016bti aktyviu, tod\u0117l padeda i\u0161lieti susikaupusi\u0105 energij\u0105 ir yra puiki priemon\u0117 fiziniam aktyvumui skatinti. Jud\u0117jimas su \u017eaislu padeda palaikyti sveik\u0105 svor\u012f ir gerina \u0161uns fizin\u0119 b\u016bkl\u0119. \u012edomi rajos forma ir \u0161viesos efektai \u017eadina \u0161uns smalsum\u0105, o tai skatina j\u012f tyrin\u0117ti, persekioti ir \u017eaisti. Tokia veikla padeda ugdyti problem\u0173 sprendimo \u012fg\u016bd\u017eius ir lavina koordinacij\u0105. Pagamintas i\u0161 kokybi\u0161k\u0173 ir saugi\u0173 med\u017eiag\u0173, \u0161is \u017eaislas tinka ir intensyviems \u017eaidimams. Patvarus dizainas u\u017etikrina, kad \u017eaislas ilgai tarnaus, net jei \u0161uo yra link\u0119s j\u012f kramtyti. \u017daidimas su \u0161vie\u010dian\u010diu \u017eaislu skatina bendravim\u0105 tarp \u0161uns ir \u0161eimininko. Kartu praleistas laikas stiprina tarpusavio ry\u0161\u012f, suteikia abiem d\u017eiaugsmo ir pasitik\u0117jimo.<\/p>\n","protected":false},"excerpt":{"rendered":"<p>Interaktyvus \u017eaislas skatina \u0161un\u012f b\u016bti aktyviu, tod\u0117l padeda i\u0161lieti susikaupusi\u0105 energij\u0105 ir yra puiki priemon\u0117 fiziniam aktyvumui skatinti. \u017daislas pagaminas i\u0161 tvirtos med\u017eiagos, o \u017eaisle yra girg\u017ed\u0117jimo ir tra\u0161k\u0117jimo med\u017eiagos.<\/p>\n","protected":false},"featured_media":3242,"comment_status":"open","ping_status":"closed","template":"","meta":[],"product_brand":[155],"product_cat":[98],"product_tag":[],"class_list":{"0":"post-3241","1":"product","2":"type-product","3":"status-publish","4":"has-post-thumbnail","6":"product_brand-afp","7":"product_cat-zaislai","10":"first","11":"instock","12":"taxable","13":"shipping-taxable","14":"purchasable","15":"product-type-simple"},"yoast_head":"<!-- This site is optimized with the Yoast SEO plugin v27.4 - https:\/\/yoast.com\/product\/yoast-seo-wordpress\/ -->\n<title>AFP My T-Rex Tim the Mini T-Rex dinozauras - likepets.lt<\/title>\n<meta name=\"description\" content=\"\u0160is Interaktyvus \u017eaislas skatina \u0161un\u012f b\u016bti aktyviu, tod\u0117l padeda i\u0161lieti susikaupusi\u0105 energij\u0105 ir yra puiki priemon\u0117 fiziniam aktyvumui skatinti.\" \/>\n<meta name=\"robots\" content=\"index, follow, max-snippet:-1, max-image-preview:large, max-video-preview:-1\" \/>\n<link rel=\"canonical\" href=\"https:\/\/likepets.lt\/lt_lt\/product\/afp-my-t-rex-tim-the-mini-t-rex-dinozauras\/\" \/>\n<meta property=\"og:locale\" content=\"lt_LT\" \/>\n<meta property=\"og:type\" content=\"article\" \/>\n<meta property=\"og:title\" content=\"AFP My T-Rex Tim the Mini T-Rex dinozauras - likepets.lt\" \/>\n<meta property=\"og:description\" content=\"\u0160is Interaktyvus \u017eaislas skatina \u0161un\u012f b\u016bti aktyviu, tod\u0117l padeda i\u0161lieti susikaupusi\u0105 energij\u0105 ir yra puiki priemon\u0117 fiziniam aktyvumui skatinti.\" \/>\n<meta property=\"og:url\" content=\"https:\/\/likepets.lt\/lt_lt\/product\/afp-my-t-rex-tim-the-mini-t-rex-dinozauras\/\" \/>\n<meta property=\"og:site_name\" content=\"likepets.lt\" \/>\n<meta property=\"article:publisher\" content=\"https:\/\/www.facebook.com\/profile.php?id=61569466134223\" \/>\n<meta property=\"article:modified_time\" content=\"2025-04-27T06:25:54+00:00\" \/>\n<meta property=\"og:image\" content=\"https:\/\/likepets.lt\/wp-content\/uploads\/2025\/04\/57.webp\" \/>\n\t<meta property=\"og:image:width\" content=\"300\" \/>\n\t<meta property=\"og:image:height\" content=\"300\" \/>\n\t<meta property=\"og:image:type\" content=\"image\/webp\" \/>\n<meta name=\"twitter:card\" content=\"summary_large_image\" \/>\n<meta name=\"twitter:label1\" content=\"Est. reading time\" \/>\n\t<meta name=\"twitter:data1\" content=\"1 minut\u0117\" \/>\n<script type=\"application\/ld+json\" class=\"yoast-schema-graph\">{\"@context\":\"https:\\\/\\\/schema.org\",\"@graph\":[{\"@type\":\"WebPage\",\"@id\":\"https:\\\/\\\/likepets.lt\\\/product\\\/afp-my-t-rex-tim-the-mini-t-rex-dinozauras\\\/\",\"url\":\"https:\\\/\\\/likepets.lt\\\/product\\\/afp-my-t-rex-tim-the-mini-t-rex-dinozauras\\\/\",\"name\":\"AFP My T-Rex Tim the Mini T-Rex dinozauras - likepets.lt\",\"isPartOf\":{\"@id\":\"https:\\\/\\\/likepets.lt\\\/#website\"},\"primaryImageOfPage\":{\"@id\":\"https:\\\/\\\/likepets.lt\\\/product\\\/afp-my-t-rex-tim-the-mini-t-rex-dinozauras\\\/#primaryimage\"},\"image\":{\"@id\":\"https:\\\/\\\/likepets.lt\\\/product\\\/afp-my-t-rex-tim-the-mini-t-rex-dinozauras\\\/#primaryimage\"},\"thumbnailUrl\":\"https:\\\/\\\/likepets.lt\\\/wp-content\\\/uploads\\\/2025\\\/04\\\/57.webp\",\"datePublished\":\"2024-11-08T14:35:24+00:00\",\"dateModified\":\"2025-04-27T06:25:54+00:00\",\"description\":\"\u0160is Interaktyvus \u017eaislas skatina \u0161un\u012f b\u016bti aktyviu, tod\u0117l padeda i\u0161lieti susikaupusi\u0105 energij\u0105 ir yra puiki priemon\u0117 fiziniam aktyvumui skatinti.\",\"breadcrumb\":{\"@id\":\"https:\\\/\\\/likepets.lt\\\/product\\\/afp-my-t-rex-tim-the-mini-t-rex-dinozauras\\\/#breadcrumb\"},\"inLanguage\":\"lt-LT\",\"potentialAction\":[{\"@type\":\"ReadAction\",\"target\":[\"https:\\\/\\\/likepets.lt\\\/product\\\/afp-my-t-rex-tim-the-mini-t-rex-dinozauras\\\/\"]}]},{\"@type\":\"ImageObject\",\"inLanguage\":\"lt-LT\",\"@id\":\"https:\\\/\\\/likepets.lt\\\/product\\\/afp-my-t-rex-tim-the-mini-t-rex-dinozauras\\\/#primaryimage\",\"url\":\"https:\\\/\\\/likepets.lt\\\/wp-content\\\/uploads\\\/2025\\\/04\\\/57.webp\",\"contentUrl\":\"https:\\\/\\\/likepets.lt\\\/wp-content\\\/uploads\\\/2025\\\/04\\\/57.webp\",\"width\":300,\"height\":300,\"caption\":\"AFP My T-Rex Tim the Mini T-Rex dinozauras mink\u0161tas \u017eaislas\"},{\"@type\":\"BreadcrumbList\",\"@id\":\"https:\\\/\\\/likepets.lt\\\/product\\\/afp-my-t-rex-tim-the-mini-t-rex-dinozauras\\\/#breadcrumb\",\"itemListElement\":[{\"@type\":\"ListItem\",\"position\":1,\"name\":\"Home\",\"item\":\"https:\\\/\\\/likepets.lt\\\/lt_lt\\\/\"},{\"@type\":\"ListItem\",\"position\":2,\"name\":\"Parduotuv\u0117\",\"item\":\"https:\\\/\\\/likepets.lt\\\/parduotuve\\\/\"},{\"@type\":\"ListItem\",\"position\":3,\"name\":\"AFP My T-Rex Tim the Mini T-Rex dinozauras\"}]},{\"@type\":\"WebSite\",\"@id\":\"https:\\\/\\\/likepets.lt\\\/#website\",\"url\":\"https:\\\/\\\/likepets.lt\\\/\",\"name\":\"Likepets.lt\",\"description\":\"\",\"publisher\":{\"@id\":\"https:\\\/\\\/likepets.lt\\\/#\\\/schema\\\/person\\\/4ad7eed3b9dc7a176cfff59cfc71e86f\"},\"potentialAction\":[{\"@type\":\"SearchAction\",\"target\":{\"@type\":\"EntryPoint\",\"urlTemplate\":\"https:\\\/\\\/likepets.lt\\\/?s={search_term_string}\"},\"query-input\":{\"@type\":\"PropertyValueSpecification\",\"valueRequired\":true,\"valueName\":\"search_term_string\"}}],\"inLanguage\":\"lt-LT\"},{\"@type\":[\"Person\",\"Organization\"],\"@id\":\"https:\\\/\\\/likepets.lt\\\/#\\\/schema\\\/person\\\/4ad7eed3b9dc7a176cfff59cfc71e86f\",\"name\":\"Likepets.lt\",\"image\":{\"@type\":\"ImageObject\",\"inLanguage\":\"lt-LT\",\"@id\":\"https:\\\/\\\/likepets.lt\\\/wp-content\\\/litespeed\\\/avatar\\\/e807fa13845e19a6e6af46a4bc771b01.jpg?ver=1775897302\",\"url\":\"https:\\\/\\\/likepets.lt\\\/wp-content\\\/litespeed\\\/avatar\\\/e807fa13845e19a6e6af46a4bc771b01.jpg?ver=1775897302\",\"contentUrl\":\"https:\\\/\\\/likepets.lt\\\/wp-content\\\/litespeed\\\/avatar\\\/e807fa13845e19a6e6af46a4bc771b01.jpg?ver=1775897302\",\"caption\":\"Likepets.lt\"},\"logo\":{\"@id\":\"https:\\\/\\\/likepets.lt\\\/wp-content\\\/litespeed\\\/avatar\\\/e807fa13845e19a6e6af46a4bc771b01.jpg?ver=1775897302\"},\"sameAs\":[\"http:\\\/\\\/likepets.lt\",\"https:\\\/\\\/www.facebook.com\\\/profile.php?id=61569466134223\",\"https:\\\/\\\/www.instagram.com\\\/likepets77\\\/?fbclid=IwY2xjawMjUHtleHRuA2FlbQIxMQBicmlkETBlaEhxaVI0bUk1RHl3bmVMAR7IJeYf9r0OCeo9BwYJUD-yM6Osp6MrosWJGq_QweyNqX1BUWyhO1-sP82C2g_aem_xQbJ_D9oWWiUjsE-R3Dlrw\"]}]}<\/script>\n<!-- \/ Yoast SEO plugin. -->","yoast_head_json":{"title":"AFP My T-Rex Tim the Mini T-Rex dinozauras - likepets.lt","description":"\u0160is Interaktyvus \u017eaislas skatina \u0161un\u012f b\u016bti aktyviu, tod\u0117l padeda i\u0161lieti susikaupusi\u0105 energij\u0105 ir yra puiki priemon\u0117 fiziniam aktyvumui skatinti.","robots":{"index":"index","follow":"follow","max-snippet":"max-snippet:-1","max-image-preview":"max-image-preview:large","max-video-preview":"max-video-preview:-1"},"canonical":"https:\/\/likepets.lt\/lt_lt\/product\/afp-my-t-rex-tim-the-mini-t-rex-dinozauras\/","og_locale":"lt_LT","og_type":"article","og_title":"AFP My T-Rex Tim the Mini T-Rex dinozauras - likepets.lt","og_description":"\u0160is Interaktyvus \u017eaislas skatina \u0161un\u012f b\u016bti aktyviu, tod\u0117l padeda i\u0161lieti susikaupusi\u0105 energij\u0105 ir yra puiki priemon\u0117 fiziniam aktyvumui skatinti.","og_url":"https:\/\/likepets.lt\/lt_lt\/product\/afp-my-t-rex-tim-the-mini-t-rex-dinozauras\/","og_site_name":"likepets.lt","article_publisher":"https:\/\/www.facebook.com\/profile.php?id=61569466134223","article_modified_time":"2025-04-27T06:25:54+00:00","og_image":[{"width":300,"height":300,"url":"https:\/\/likepets.lt\/wp-content\/uploads\/2025\/04\/57.webp","type":"image\/webp"}],"twitter_card":"summary_large_image","twitter_misc":{"Est. reading time":"1 minut\u0117"},"schema":{"@context":"https:\/\/schema.org","@graph":[{"@type":"WebPage","@id":"https:\/\/likepets.lt\/product\/afp-my-t-rex-tim-the-mini-t-rex-dinozauras\/","url":"https:\/\/likepets.lt\/product\/afp-my-t-rex-tim-the-mini-t-rex-dinozauras\/","name":"AFP My T-Rex Tim the Mini T-Rex dinozauras - likepets.lt","isPartOf":{"@id":"https:\/\/likepets.lt\/#website"},"primaryImageOfPage":{"@id":"https:\/\/likepets.lt\/product\/afp-my-t-rex-tim-the-mini-t-rex-dinozauras\/#primaryimage"},"image":{"@id":"https:\/\/likepets.lt\/product\/afp-my-t-rex-tim-the-mini-t-rex-dinozauras\/#primaryimage"},"thumbnailUrl":"https:\/\/likepets.lt\/wp-content\/uploads\/2025\/04\/57.webp","datePublished":"2024-11-08T14:35:24+00:00","dateModified":"2025-04-27T06:25:54+00:00","description":"\u0160is Interaktyvus \u017eaislas skatina \u0161un\u012f b\u016bti aktyviu, tod\u0117l padeda i\u0161lieti susikaupusi\u0105 energij\u0105 ir yra puiki priemon\u0117 fiziniam aktyvumui skatinti.","breadcrumb":{"@id":"https:\/\/likepets.lt\/product\/afp-my-t-rex-tim-the-mini-t-rex-dinozauras\/#breadcrumb"},"inLanguage":"lt-LT","potentialAction":[{"@type":"ReadAction","target":["https:\/\/likepets.lt\/product\/afp-my-t-rex-tim-the-mini-t-rex-dinozauras\/"]}]},{"@type":"ImageObject","inLanguage":"lt-LT","@id":"https:\/\/likepets.lt\/product\/afp-my-t-rex-tim-the-mini-t-rex-dinozauras\/#primaryimage","url":"https:\/\/likepets.lt\/wp-content\/uploads\/2025\/04\/57.webp","contentUrl":"https:\/\/likepets.lt\/wp-content\/uploads\/2025\/04\/57.webp","width":300,"height":300,"caption":"AFP My T-Rex Tim the Mini T-Rex dinozauras mink\u0161tas \u017eaislas"},{"@type":"BreadcrumbList","@id":"https:\/\/likepets.lt\/product\/afp-my-t-rex-tim-the-mini-t-rex-dinozauras\/#breadcrumb","itemListElement":[{"@type":"ListItem","position":1,"name":"Home","item":"https:\/\/likepets.lt\/lt_lt\/"},{"@type":"ListItem","position":2,"name":"Parduotuv\u0117","item":"https:\/\/likepets.lt\/parduotuve\/"},{"@type":"ListItem","position":3,"name":"AFP My T-Rex Tim the Mini T-Rex dinozauras"}]},{"@type":"WebSite","@id":"https:\/\/likepets.lt\/#website","url":"https:\/\/likepets.lt\/","name":"Likepets.lt","description":"","publisher":{"@id":"https:\/\/likepets.lt\/#\/schema\/person\/4ad7eed3b9dc7a176cfff59cfc71e86f"},"potentialAction":[{"@type":"SearchAction","target":{"@type":"EntryPoint","urlTemplate":"https:\/\/likepets.lt\/?s={search_term_string}"},"query-input":{"@type":"PropertyValueSpecification","valueRequired":true,"valueName":"search_term_string"}}],"inLanguage":"lt-LT"},{"@type":["Person","Organization"],"@id":"https:\/\/likepets.lt\/#\/schema\/person\/4ad7eed3b9dc7a176cfff59cfc71e86f","name":"Likepets.lt","image":{"@type":"ImageObject","inLanguage":"lt-LT","@id":"https:\/\/likepets.lt\/wp-content\/litespeed\/avatar\/e807fa13845e19a6e6af46a4bc771b01.jpg?ver=1775897302","url":"https:\/\/likepets.lt\/wp-content\/litespeed\/avatar\/e807fa13845e19a6e6af46a4bc771b01.jpg?ver=1775897302","contentUrl":"https:\/\/likepets.lt\/wp-content\/litespeed\/avatar\/e807fa13845e19a6e6af46a4bc771b01.jpg?ver=1775897302","caption":"Likepets.lt"},"logo":{"@id":"https:\/\/likepets.lt\/wp-content\/litespeed\/avatar\/e807fa13845e19a6e6af46a4bc771b01.jpg?ver=1775897302"},"sameAs":["http:\/\/likepets.lt","https:\/\/www.facebook.com\/profile.php?id=61569466134223","https:\/\/www.instagram.com\/likepets77\/?fbclid=IwY2xjawMjUHtleHRuA2FlbQIxMQBicmlkETBlaEhxaVI0bUk1RHl3bmVMAR7IJeYf9r0OCeo9BwYJUD-yM6Osp6MrosWJGq_QweyNqX1BUWyhO1-sP82C2g_aem_xQbJ_D9oWWiUjsE-R3Dlrw"]}]}},"_links":{"self":[{"href":"https:\/\/likepets.lt\/lt_lt\/wp-json\/wp\/v2\/product\/3241","targetHints":{"allow":["GET"]}}],"collection":[{"href":"https:\/\/likepets.lt\/lt_lt\/wp-json\/wp\/v2\/product"}],"about":[{"href":"https:\/\/likepets.lt\/lt_lt\/wp-json\/wp\/v2\/types\/product"}],"replies":[{"embeddable":true,"href":"https:\/\/likepets.lt\/lt_lt\/wp-json\/wp\/v2\/comments?post=3241"}],"version-history":[{"count":0,"href":"https:\/\/likepets.lt\/lt_lt\/wp-json\/wp\/v2\/product\/3241\/revisions"}],"wp:featuredmedia":[{"embeddable":true,"href":"https:\/\/likepets.lt\/lt_lt\/wp-json\/wp\/v2\/media\/3242"}],"wp:attachment":[{"href":"https:\/\/likepets.lt\/lt_lt\/wp-json\/wp\/v2\/media?parent=3241"}],"wp:term":[{"taxonomy":"product_brand","embeddable":true,"href":"https:\/\/likepets.lt\/lt_lt\/wp-json\/wp\/v2\/product_brand?post=3241"},{"taxonomy":"product_cat","embeddable":true,"href":"https:\/\/likepets.lt\/lt_lt\/wp-json\/wp\/v2\/product_cat?post=3241"},{"taxonomy":"product_tag","embeddable":true,"href":"https:\/\/likepets.lt\/lt_lt\/wp-json\/wp\/v2\/product_tag?post=3241"}],"curies":[{"name":"wp","href":"https:\/\/api.w.org\/{rel}","templated":true}]}}