{"id":3261,"date":"2024-11-08T14:34:44","date_gmt":"2024-11-08T14:34:44","guid":{"rendered":"https:\/\/likepets.lt\/?post_type=product&#038;p=3261"},"modified":"2025-04-27T09:26:55","modified_gmt":"2025-04-27T06:26:55","slug":"kamuoliuku-metymo-zaislas-sunims-sport-ball-launcher-m-63-cm","status":"publish","type":"product","link":"https:\/\/likepets.lt\/lt_lt\/product\/kamuoliuku-metymo-zaislas-sunims-sport-ball-launcher-m-63-cm\/","title":{"rendered":"Kamuoliuk\u0173 m\u0117tymo \u017eaislas \u0161unims Sport Ball Launcher M &#8211; 63 cm"},"content":{"rendered":"<div class=\"flex max-w-full flex-col flex-grow\">\n<div class=\"min-h-8 text-message flex w-full flex-col items-end gap-2 whitespace-normal break-words [.text-message+&amp;]:mt-5\" dir=\"auto\" data-message-author-role=\"assistant\" data-message-id=\"de584a27-fa40-46bc-993b-a9c4793a1549\" data-message-model-slug=\"gpt-4o\">\n<div class=\"flex w-full flex-col gap-1 empty:hidden first:pt-[3px]\">\n<div class=\"markdown prose w-full break-words dark:prose-invert light\">\n<p>Chuckit! Sport Launcher M &#8211; 63 cm yra puikus pasirinkimas \u0161un\u0173 \u0161eimininkams, norintiems sustiprinti savo augintinio fizin\u0119 ir psichin\u0119 sveikat\u0105 bei pad\u0117ti jam aktyviai praleisti laik\u0105. \u0160tai koki\u0105 naud\u0105 \u0161is produktas suteikia \u0161uniui:<\/p>\n<ol>\n<li><strong>Fizinis aktyvumas<\/strong>: Sport Launcher leid\u017eia lengvai mesti kamuoliuk\u0105 itin toli, tod\u0117l \u0161uo gali daugiau b\u0117gti ir jud\u0117ti. Tai padeda i\u0161laikyti tinkam\u0105 k\u016bno form\u0105, stiprina raumenis ir gerina \u0161irdies bei kraujagysli\u0173 sveikat\u0105.<\/li>\n<li><strong>Psichin\u0117s stimuliacijos skatinimas<\/strong>: Gaudant ir atne\u0161ant kamuoliuk\u0105, \u0161uo lavina savo judesi\u0173 koordinacij\u0105 ir m\u0105stym\u0105, mokosi greitai reaguoti ir m\u0105styti strategi\u0161kai.<\/li>\n<li><strong>Energingumo ir i\u0161krovos skatinimas<\/strong>: Itin aktyviems \u0161unims Chuckit! Launcher padeda efektyviau i\u0161krauti energij\u0105, nes \u0161uo gali nuolat jud\u0117ti ir atlikti ilgus b\u0117gimus. Tai svarbu ypa\u010d energingiems ir dideliems \u0161unims, kuriems b\u016btinas didelis fizinis aktyvumas.<\/li>\n<li><strong>Pagerintas \u017eaidimo komfortas<\/strong>: Launcher leid\u017eia mesti kamuoliuk\u0105 toliau be didesni\u0173 pastang\u0173, tad \u0161eimininkas gali ilgiau \u017eaisti su \u0161unimi, net jei n\u0117ra itin fizi\u0161kai pasiruo\u0161\u0119s. Taip pat apsaugo rankas nuo purvin\u0173 kamuoliuk\u0173 pa\u0117mimo, tod\u0117l \u017eaidimas tampa \u0161varesnis.<\/li>\n<li><strong>Ry\u0161io stiprinimas su \u0161eimininku<\/strong>: \u0160unys m\u0117gsta bendrauti su savo \u0161eimininkais, o tokia veikla kaip \u017eaidimas su kamuoliuku stiprina j\u0173 tarpusavio ry\u0161\u012f ir pasitik\u0117jim\u0105.<\/li>\n<\/ol>\n<\/div>\n<\/div>\n<\/div>\n<\/div>\n","protected":false},"excerpt":{"rendered":"<p><span style=\"font-size: 16px;\">Chuckit Sport Ball Launcher &#8211; puikus m\u0117tymo \u017eaislas ypa\u010d energingiems \u0161unims. Su \u0161ia lazdele gal\u0117site numesti kamuoliuk\u0105 daug toliau be papildom\u0173 pastang\u0173 (nuo 30 iki 50 metr\u0173 atstumu). \u017daislas idealiai tinka aktyviam laisvalaikiui kartu su augintiniu, interaktyvus u\u017esi\u0117mimas stiprina ry\u0161\u012f tarp \u0161uns ir jo \u0161eimininko.<\/span><\/p>\n","protected":false},"featured_media":3262,"comment_status":"open","ping_status":"closed","template":"","meta":[],"product_brand":[153],"product_cat":[98],"product_tag":[],"class_list":{"0":"post-3261","1":"product","2":"type-product","3":"status-publish","4":"has-post-thumbnail","6":"product_brand-chuchkit","7":"product_cat-zaislai","10":"first","11":"instock","12":"taxable","13":"shipping-taxable","14":"purchasable","15":"product-type-simple"},"yoast_head":"<!-- This site is optimized with the Yoast SEO plugin v27.4 - https:\/\/yoast.com\/product\/yoast-seo-wordpress\/ -->\n<title>Kamuoliuk\u0173 m\u0117tymo \u017eaislas \u0161unims Sport Ball Launcher M - 63 cm - likepets.lt<\/title>\n<meta name=\"description\" content=\"Chuckit! Sport Ball Launcher kamuoliuk\u0173 m\u0117tymo \u017eaislas hiperaktyviems \u0161unims, padedantis efektyviau i\u0161krauti energij\u0105, nes \u0161uo gali atlikti ilgus b\u0117gimus.\" \/>\n<meta name=\"robots\" content=\"index, follow, max-snippet:-1, max-image-preview:large, max-video-preview:-1\" \/>\n<link rel=\"canonical\" href=\"https:\/\/likepets.lt\/lt_lt\/product\/kamuoliuku-metymo-zaislas-sunims-sport-ball-launcher-m-63-cm\/\" \/>\n<meta property=\"og:locale\" content=\"lt_LT\" \/>\n<meta property=\"og:type\" content=\"article\" \/>\n<meta property=\"og:title\" content=\"Kamuoliuk\u0173 m\u0117tymo \u017eaislas \u0161unims Sport Ball Launcher M - 63 cm - likepets.lt\" \/>\n<meta property=\"og:description\" content=\"Chuckit! Sport Ball Launcher kamuoliuk\u0173 m\u0117tymo \u017eaislas hiperaktyviems \u0161unims, padedantis efektyviau i\u0161krauti energij\u0105, nes \u0161uo gali atlikti ilgus b\u0117gimus.\" \/>\n<meta property=\"og:url\" content=\"https:\/\/likepets.lt\/lt_lt\/product\/kamuoliuku-metymo-zaislas-sunims-sport-ball-launcher-m-63-cm\/\" \/>\n<meta property=\"og:site_name\" content=\"likepets.lt\" \/>\n<meta property=\"article:publisher\" content=\"https:\/\/www.facebook.com\/profile.php?id=61569466134223\" \/>\n<meta property=\"article:modified_time\" content=\"2025-04-27T06:26:55+00:00\" \/>\n<meta property=\"og:image\" content=\"https:\/\/likepets.lt\/wp-content\/uploads\/2025\/04\/2-2.webp\" \/>\n\t<meta property=\"og:image:width\" content=\"300\" \/>\n\t<meta property=\"og:image:height\" content=\"300\" \/>\n\t<meta property=\"og:image:type\" content=\"image\/webp\" \/>\n<meta name=\"twitter:card\" content=\"summary_large_image\" \/>\n<meta name=\"twitter:label1\" content=\"Est. reading time\" \/>\n\t<meta name=\"twitter:data1\" content=\"2 minut\u0117s\" \/>\n<script type=\"application\/ld+json\" class=\"yoast-schema-graph\">{\"@context\":\"https:\\\/\\\/schema.org\",\"@graph\":[{\"@type\":\"WebPage\",\"@id\":\"https:\\\/\\\/likepets.lt\\\/product\\\/kamuoliuku-metymo-zaislas-sunims-sport-ball-launcher-m-63-cm\\\/\",\"url\":\"https:\\\/\\\/likepets.lt\\\/product\\\/kamuoliuku-metymo-zaislas-sunims-sport-ball-launcher-m-63-cm\\\/\",\"name\":\"Kamuoliuk\u0173 m\u0117tymo \u017eaislas \u0161unims Sport Ball Launcher M - 63 cm - likepets.lt\",\"isPartOf\":{\"@id\":\"https:\\\/\\\/likepets.lt\\\/#website\"},\"primaryImageOfPage\":{\"@id\":\"https:\\\/\\\/likepets.lt\\\/product\\\/kamuoliuku-metymo-zaislas-sunims-sport-ball-launcher-m-63-cm\\\/#primaryimage\"},\"image\":{\"@id\":\"https:\\\/\\\/likepets.lt\\\/product\\\/kamuoliuku-metymo-zaislas-sunims-sport-ball-launcher-m-63-cm\\\/#primaryimage\"},\"thumbnailUrl\":\"https:\\\/\\\/likepets.lt\\\/wp-content\\\/uploads\\\/2025\\\/04\\\/2-2.webp\",\"datePublished\":\"2024-11-08T14:34:44+00:00\",\"dateModified\":\"2025-04-27T06:26:55+00:00\",\"description\":\"Chuckit! Sport Ball Launcher kamuoliuk\u0173 m\u0117tymo \u017eaislas hiperaktyviems \u0161unims, padedantis efektyviau i\u0161krauti energij\u0105, nes \u0161uo gali atlikti ilgus b\u0117gimus.\",\"breadcrumb\":{\"@id\":\"https:\\\/\\\/likepets.lt\\\/product\\\/kamuoliuku-metymo-zaislas-sunims-sport-ball-launcher-m-63-cm\\\/#breadcrumb\"},\"inLanguage\":\"lt-LT\",\"potentialAction\":[{\"@type\":\"ReadAction\",\"target\":[\"https:\\\/\\\/likepets.lt\\\/product\\\/kamuoliuku-metymo-zaislas-sunims-sport-ball-launcher-m-63-cm\\\/\"]}]},{\"@type\":\"ImageObject\",\"inLanguage\":\"lt-LT\",\"@id\":\"https:\\\/\\\/likepets.lt\\\/product\\\/kamuoliuku-metymo-zaislas-sunims-sport-ball-launcher-m-63-cm\\\/#primaryimage\",\"url\":\"https:\\\/\\\/likepets.lt\\\/wp-content\\\/uploads\\\/2025\\\/04\\\/2-2.webp\",\"contentUrl\":\"https:\\\/\\\/likepets.lt\\\/wp-content\\\/uploads\\\/2025\\\/04\\\/2-2.webp\",\"width\":300,\"height\":300,\"caption\":\"Kamuoliuk\u0173 m\u0117tymo \u017eaislas \u0161unims Sport Ball Launcher\"},{\"@type\":\"BreadcrumbList\",\"@id\":\"https:\\\/\\\/likepets.lt\\\/product\\\/kamuoliuku-metymo-zaislas-sunims-sport-ball-launcher-m-63-cm\\\/#breadcrumb\",\"itemListElement\":[{\"@type\":\"ListItem\",\"position\":1,\"name\":\"Home\",\"item\":\"https:\\\/\\\/likepets.lt\\\/lt_lt\\\/\"},{\"@type\":\"ListItem\",\"position\":2,\"name\":\"Parduotuv\u0117\",\"item\":\"https:\\\/\\\/likepets.lt\\\/parduotuve\\\/\"},{\"@type\":\"ListItem\",\"position\":3,\"name\":\"Kamuoliuk\u0173 m\u0117tymo \u017eaislas \u0161unims Sport Ball Launcher M &#8211; 63 cm\"}]},{\"@type\":\"WebSite\",\"@id\":\"https:\\\/\\\/likepets.lt\\\/#website\",\"url\":\"https:\\\/\\\/likepets.lt\\\/\",\"name\":\"Likepets.lt\",\"description\":\"\",\"publisher\":{\"@id\":\"https:\\\/\\\/likepets.lt\\\/#\\\/schema\\\/person\\\/4ad7eed3b9dc7a176cfff59cfc71e86f\"},\"potentialAction\":[{\"@type\":\"SearchAction\",\"target\":{\"@type\":\"EntryPoint\",\"urlTemplate\":\"https:\\\/\\\/likepets.lt\\\/?s={search_term_string}\"},\"query-input\":{\"@type\":\"PropertyValueSpecification\",\"valueRequired\":true,\"valueName\":\"search_term_string\"}}],\"inLanguage\":\"lt-LT\"},{\"@type\":[\"Person\",\"Organization\"],\"@id\":\"https:\\\/\\\/likepets.lt\\\/#\\\/schema\\\/person\\\/4ad7eed3b9dc7a176cfff59cfc71e86f\",\"name\":\"Likepets.lt\",\"image\":{\"@type\":\"ImageObject\",\"inLanguage\":\"lt-LT\",\"@id\":\"https:\\\/\\\/likepets.lt\\\/wp-content\\\/litespeed\\\/avatar\\\/e807fa13845e19a6e6af46a4bc771b01.jpg?ver=1775897302\",\"url\":\"https:\\\/\\\/likepets.lt\\\/wp-content\\\/litespeed\\\/avatar\\\/e807fa13845e19a6e6af46a4bc771b01.jpg?ver=1775897302\",\"contentUrl\":\"https:\\\/\\\/likepets.lt\\\/wp-content\\\/litespeed\\\/avatar\\\/e807fa13845e19a6e6af46a4bc771b01.jpg?ver=1775897302\",\"caption\":\"Likepets.lt\"},\"logo\":{\"@id\":\"https:\\\/\\\/likepets.lt\\\/wp-content\\\/litespeed\\\/avatar\\\/e807fa13845e19a6e6af46a4bc771b01.jpg?ver=1775897302\"},\"sameAs\":[\"http:\\\/\\\/likepets.lt\",\"https:\\\/\\\/www.facebook.com\\\/profile.php?id=61569466134223\",\"https:\\\/\\\/www.instagram.com\\\/likepets77\\\/?fbclid=IwY2xjawMjUHtleHRuA2FlbQIxMQBicmlkETBlaEhxaVI0bUk1RHl3bmVMAR7IJeYf9r0OCeo9BwYJUD-yM6Osp6MrosWJGq_QweyNqX1BUWyhO1-sP82C2g_aem_xQbJ_D9oWWiUjsE-R3Dlrw\"]}]}<\/script>\n<!-- \/ Yoast SEO plugin. -->","yoast_head_json":{"title":"Kamuoliuk\u0173 m\u0117tymo \u017eaislas \u0161unims Sport Ball Launcher M - 63 cm - likepets.lt","description":"Chuckit! Sport Ball Launcher kamuoliuk\u0173 m\u0117tymo \u017eaislas hiperaktyviems \u0161unims, padedantis efektyviau i\u0161krauti energij\u0105, nes \u0161uo gali atlikti ilgus b\u0117gimus.","robots":{"index":"index","follow":"follow","max-snippet":"max-snippet:-1","max-image-preview":"max-image-preview:large","max-video-preview":"max-video-preview:-1"},"canonical":"https:\/\/likepets.lt\/lt_lt\/product\/kamuoliuku-metymo-zaislas-sunims-sport-ball-launcher-m-63-cm\/","og_locale":"lt_LT","og_type":"article","og_title":"Kamuoliuk\u0173 m\u0117tymo \u017eaislas \u0161unims Sport Ball Launcher M - 63 cm - likepets.lt","og_description":"Chuckit! Sport Ball Launcher kamuoliuk\u0173 m\u0117tymo \u017eaislas hiperaktyviems \u0161unims, padedantis efektyviau i\u0161krauti energij\u0105, nes \u0161uo gali atlikti ilgus b\u0117gimus.","og_url":"https:\/\/likepets.lt\/lt_lt\/product\/kamuoliuku-metymo-zaislas-sunims-sport-ball-launcher-m-63-cm\/","og_site_name":"likepets.lt","article_publisher":"https:\/\/www.facebook.com\/profile.php?id=61569466134223","article_modified_time":"2025-04-27T06:26:55+00:00","og_image":[{"width":300,"height":300,"url":"https:\/\/likepets.lt\/wp-content\/uploads\/2025\/04\/2-2.webp","type":"image\/webp"}],"twitter_card":"summary_large_image","twitter_misc":{"Est. reading time":"2 minut\u0117s"},"schema":{"@context":"https:\/\/schema.org","@graph":[{"@type":"WebPage","@id":"https:\/\/likepets.lt\/product\/kamuoliuku-metymo-zaislas-sunims-sport-ball-launcher-m-63-cm\/","url":"https:\/\/likepets.lt\/product\/kamuoliuku-metymo-zaislas-sunims-sport-ball-launcher-m-63-cm\/","name":"Kamuoliuk\u0173 m\u0117tymo \u017eaislas \u0161unims Sport Ball Launcher M - 63 cm - likepets.lt","isPartOf":{"@id":"https:\/\/likepets.lt\/#website"},"primaryImageOfPage":{"@id":"https:\/\/likepets.lt\/product\/kamuoliuku-metymo-zaislas-sunims-sport-ball-launcher-m-63-cm\/#primaryimage"},"image":{"@id":"https:\/\/likepets.lt\/product\/kamuoliuku-metymo-zaislas-sunims-sport-ball-launcher-m-63-cm\/#primaryimage"},"thumbnailUrl":"https:\/\/likepets.lt\/wp-content\/uploads\/2025\/04\/2-2.webp","datePublished":"2024-11-08T14:34:44+00:00","dateModified":"2025-04-27T06:26:55+00:00","description":"Chuckit! Sport Ball Launcher kamuoliuk\u0173 m\u0117tymo \u017eaislas hiperaktyviems \u0161unims, padedantis efektyviau i\u0161krauti energij\u0105, nes \u0161uo gali atlikti ilgus b\u0117gimus.","breadcrumb":{"@id":"https:\/\/likepets.lt\/product\/kamuoliuku-metymo-zaislas-sunims-sport-ball-launcher-m-63-cm\/#breadcrumb"},"inLanguage":"lt-LT","potentialAction":[{"@type":"ReadAction","target":["https:\/\/likepets.lt\/product\/kamuoliuku-metymo-zaislas-sunims-sport-ball-launcher-m-63-cm\/"]}]},{"@type":"ImageObject","inLanguage":"lt-LT","@id":"https:\/\/likepets.lt\/product\/kamuoliuku-metymo-zaislas-sunims-sport-ball-launcher-m-63-cm\/#primaryimage","url":"https:\/\/likepets.lt\/wp-content\/uploads\/2025\/04\/2-2.webp","contentUrl":"https:\/\/likepets.lt\/wp-content\/uploads\/2025\/04\/2-2.webp","width":300,"height":300,"caption":"Kamuoliuk\u0173 m\u0117tymo \u017eaislas \u0161unims Sport Ball Launcher"},{"@type":"BreadcrumbList","@id":"https:\/\/likepets.lt\/product\/kamuoliuku-metymo-zaislas-sunims-sport-ball-launcher-m-63-cm\/#breadcrumb","itemListElement":[{"@type":"ListItem","position":1,"name":"Home","item":"https:\/\/likepets.lt\/lt_lt\/"},{"@type":"ListItem","position":2,"name":"Parduotuv\u0117","item":"https:\/\/likepets.lt\/parduotuve\/"},{"@type":"ListItem","position":3,"name":"Kamuoliuk\u0173 m\u0117tymo \u017eaislas \u0161unims Sport Ball Launcher M &#8211; 63 cm"}]},{"@type":"WebSite","@id":"https:\/\/likepets.lt\/#website","url":"https:\/\/likepets.lt\/","name":"Likepets.lt","description":"","publisher":{"@id":"https:\/\/likepets.lt\/#\/schema\/person\/4ad7eed3b9dc7a176cfff59cfc71e86f"},"potentialAction":[{"@type":"SearchAction","target":{"@type":"EntryPoint","urlTemplate":"https:\/\/likepets.lt\/?s={search_term_string}"},"query-input":{"@type":"PropertyValueSpecification","valueRequired":true,"valueName":"search_term_string"}}],"inLanguage":"lt-LT"},{"@type":["Person","Organization"],"@id":"https:\/\/likepets.lt\/#\/schema\/person\/4ad7eed3b9dc7a176cfff59cfc71e86f","name":"Likepets.lt","image":{"@type":"ImageObject","inLanguage":"lt-LT","@id":"https:\/\/likepets.lt\/wp-content\/litespeed\/avatar\/e807fa13845e19a6e6af46a4bc771b01.jpg?ver=1775897302","url":"https:\/\/likepets.lt\/wp-content\/litespeed\/avatar\/e807fa13845e19a6e6af46a4bc771b01.jpg?ver=1775897302","contentUrl":"https:\/\/likepets.lt\/wp-content\/litespeed\/avatar\/e807fa13845e19a6e6af46a4bc771b01.jpg?ver=1775897302","caption":"Likepets.lt"},"logo":{"@id":"https:\/\/likepets.lt\/wp-content\/litespeed\/avatar\/e807fa13845e19a6e6af46a4bc771b01.jpg?ver=1775897302"},"sameAs":["http:\/\/likepets.lt","https:\/\/www.facebook.com\/profile.php?id=61569466134223","https:\/\/www.instagram.com\/likepets77\/?fbclid=IwY2xjawMjUHtleHRuA2FlbQIxMQBicmlkETBlaEhxaVI0bUk1RHl3bmVMAR7IJeYf9r0OCeo9BwYJUD-yM6Osp6MrosWJGq_QweyNqX1BUWyhO1-sP82C2g_aem_xQbJ_D9oWWiUjsE-R3Dlrw"]}]}},"_links":{"self":[{"href":"https:\/\/likepets.lt\/lt_lt\/wp-json\/wp\/v2\/product\/3261","targetHints":{"allow":["GET"]}}],"collection":[{"href":"https:\/\/likepets.lt\/lt_lt\/wp-json\/wp\/v2\/product"}],"about":[{"href":"https:\/\/likepets.lt\/lt_lt\/wp-json\/wp\/v2\/types\/product"}],"replies":[{"embeddable":true,"href":"https:\/\/likepets.lt\/lt_lt\/wp-json\/wp\/v2\/comments?post=3261"}],"version-history":[{"count":0,"href":"https:\/\/likepets.lt\/lt_lt\/wp-json\/wp\/v2\/product\/3261\/revisions"}],"wp:featuredmedia":[{"embeddable":true,"href":"https:\/\/likepets.lt\/lt_lt\/wp-json\/wp\/v2\/media\/3262"}],"wp:attachment":[{"href":"https:\/\/likepets.lt\/lt_lt\/wp-json\/wp\/v2\/media?parent=3261"}],"wp:term":[{"taxonomy":"product_brand","embeddable":true,"href":"https:\/\/likepets.lt\/lt_lt\/wp-json\/wp\/v2\/product_brand?post=3261"},{"taxonomy":"product_cat","embeddable":true,"href":"https:\/\/likepets.lt\/lt_lt\/wp-json\/wp\/v2\/product_cat?post=3261"},{"taxonomy":"product_tag","embeddable":true,"href":"https:\/\/likepets.lt\/lt_lt\/wp-json\/wp\/v2\/product_tag?post=3261"}],"curies":[{"name":"wp","href":"https:\/\/api.w.org\/{rel}","templated":true}]}}