{"id":3266,"date":"2024-11-08T14:35:54","date_gmt":"2024-11-08T14:35:54","guid":{"rendered":"https:\/\/likepets.lt\/?post_type=product&#038;p=3266"},"modified":"2025-04-27T09:24:27","modified_gmt":"2025-04-27T06:24:27","slug":"sunu-kramtymo-zaislas-dog-comets-alien-octo-m-pink","status":"publish","type":"product","link":"https:\/\/likepets.lt\/lt_lt\/product\/sunu-kramtymo-zaislas-dog-comets-alien-octo-m-pink\/","title":{"rendered":"\u0160un\u0173 kramtymo \u017eaislas Dog Comets Alien Octo M Pink"},"content":{"rendered":"<p><strong>Dog Comets Alien Octo M Pink<\/strong> \u2013\u00a0 \u017eaislas pasi\u017eymi \u012fdomiu a\u0161tuonkojo dizainu ir yra specialiai sukurtas aktyviam \u0161un\u0173 \u017eaidimui bei kramtymui. \u00a0\u017daislas pagamintas i\u0161 med\u017eiagos, kuri, kramtant, padeda valyti dantis ir masa\u017euoja dantenas, ma\u017eindama apna\u0161\u0173 ir dant\u0173 akmen\u0173 susidarymo rizik\u0105. Tai prisideda prie geresn\u0117s burnos higienos. Nat\u016bralus kramtymo poreikis yra svarbus \u0161unims, o \u0161is \u017eaislas yra saugus ir patvarus, tod\u0117l \u0161uo gali m\u0117gautis ilgai trunkan\u010diu kramtymo malonumu. Tai padeda suma\u017einti stres\u0105 ir gali apsaugoti nam\u0173 baldus nuo \u0161uns dant\u0173. \u017daislo formos, med\u017eiaga ir spalva skatina \u0161uns smalsum\u0105, o \u012fvair\u016bs pavir\u0161iai suteikia taktilin\u0117s stimuliacijos. Tai lavina \u0161uns d\u0117mes\u012f ir gali b\u016bti puikus u\u017esi\u0117mimas tiek \u017eaid\u017eiant vienam, tiek su \u0161eimininku<\/p>\n<p>Dog Comets Alien Octo M Pink \u2013 tai smagus, spalvingas ir naudingas \u017eaislas, kuris padeda \u0161uniui palaikyti fizin\u012f aktyvum\u0105, patenkina kramtymo poreik\u012f bei skatina dant\u0173 prie\u017ei\u016br\u0105.<\/p>\n","protected":false},"excerpt":{"rendered":"<p>\u0160is \u017eaislas gali b\u016bti puikiai naudojamas ne tik kramtymui, bet ir m\u0117tymui bei tampymui. \u017daisdamas su juo, \u0161uo gali aktyviai jud\u0117ti, kas ypa\u010d svarbu jo fizinei sveikatai bei energijos i\u0161krovai\u201e Alien Octo\u201c galvoje turi girg\u017ed\u0117jim\u0105 ir tra\u0161kan\u010dius \u010diuptuvus, kurie suteikia papildomos stimuliacijos ir linksmybi\u0173 \u017eaidimo metu.<\/p>\n<p>&nbsp;<\/p>\n","protected":false},"featured_media":3267,"comment_status":"open","ping_status":"closed","template":"","meta":[],"product_brand":[],"product_cat":[150,98],"product_tag":[],"class_list":{"0":"post-3266","1":"product","2":"type-product","3":"status-publish","4":"has-post-thumbnail","6":"product_cat-populiariausios-prekes","7":"product_cat-zaislai","10":"first","11":"instock","12":"taxable","13":"shipping-taxable","14":"purchasable","15":"product-type-simple"},"yoast_head":"<!-- This site is optimized with the Yoast SEO plugin v27.4 - https:\/\/yoast.com\/product\/yoast-seo-wordpress\/ -->\n<title>\u0160un\u0173 kramtymo \u017eaislas Dog Comets Alien Octo M Pink - likepets.lt<\/title>\n<meta name=\"description\" content=\"Specialiai sukurtas aktyviam \u0161un\u0173 \u017eaidimui bei kramtymui, pl\u016bduriuoja ant vandens, tod\u0117l puikiai tinka \u0161unims, kurie m\u0117gsta \u017eaisti vandenyje.\" \/>\n<meta name=\"robots\" content=\"index, follow, max-snippet:-1, max-image-preview:large, max-video-preview:-1\" \/>\n<link rel=\"canonical\" href=\"https:\/\/likepets.lt\/lt_lt\/product\/sunu-kramtymo-zaislas-dog-comets-alien-octo-m-pink\/\" \/>\n<meta property=\"og:locale\" content=\"lt_LT\" \/>\n<meta property=\"og:type\" content=\"article\" \/>\n<meta property=\"og:title\" content=\"\u0160un\u0173 kramtymo \u017eaislas Dog Comets Alien Octo M Pink - likepets.lt\" \/>\n<meta property=\"og:description\" content=\"Specialiai sukurtas aktyviam \u0161un\u0173 \u017eaidimui bei kramtymui, pl\u016bduriuoja ant vandens, tod\u0117l puikiai tinka \u0161unims, kurie m\u0117gsta \u017eaisti vandenyje.\" \/>\n<meta property=\"og:url\" content=\"https:\/\/likepets.lt\/lt_lt\/product\/sunu-kramtymo-zaislas-dog-comets-alien-octo-m-pink\/\" \/>\n<meta property=\"og:site_name\" content=\"likepets.lt\" \/>\n<meta property=\"article:publisher\" content=\"https:\/\/www.facebook.com\/profile.php?id=61569466134223\" \/>\n<meta property=\"article:modified_time\" content=\"2025-04-27T06:24:27+00:00\" \/>\n<meta property=\"og:image\" content=\"https:\/\/likepets.lt\/wp-content\/uploads\/2025\/04\/4-3.webp\" \/>\n\t<meta property=\"og:image:width\" content=\"300\" \/>\n\t<meta property=\"og:image:height\" content=\"300\" \/>\n\t<meta property=\"og:image:type\" content=\"image\/webp\" \/>\n<meta name=\"twitter:card\" content=\"summary_large_image\" \/>\n<meta name=\"twitter:label1\" content=\"Est. reading time\" \/>\n\t<meta name=\"twitter:data1\" content=\"1 minut\u0117\" \/>\n<script type=\"application\/ld+json\" class=\"yoast-schema-graph\">{\"@context\":\"https:\\\/\\\/schema.org\",\"@graph\":[{\"@type\":\"WebPage\",\"@id\":\"https:\\\/\\\/likepets.lt\\\/product\\\/sunu-kramtymo-zaislas-dog-comets-alien-octo-m-pink\\\/\",\"url\":\"https:\\\/\\\/likepets.lt\\\/product\\\/sunu-kramtymo-zaislas-dog-comets-alien-octo-m-pink\\\/\",\"name\":\"\u0160un\u0173 kramtymo \u017eaislas Dog Comets Alien Octo M Pink - likepets.lt\",\"isPartOf\":{\"@id\":\"https:\\\/\\\/likepets.lt\\\/#website\"},\"primaryImageOfPage\":{\"@id\":\"https:\\\/\\\/likepets.lt\\\/product\\\/sunu-kramtymo-zaislas-dog-comets-alien-octo-m-pink\\\/#primaryimage\"},\"image\":{\"@id\":\"https:\\\/\\\/likepets.lt\\\/product\\\/sunu-kramtymo-zaislas-dog-comets-alien-octo-m-pink\\\/#primaryimage\"},\"thumbnailUrl\":\"https:\\\/\\\/likepets.lt\\\/wp-content\\\/uploads\\\/2025\\\/04\\\/4-3.webp\",\"datePublished\":\"2024-11-08T14:35:54+00:00\",\"dateModified\":\"2025-04-27T06:24:27+00:00\",\"description\":\"Specialiai sukurtas aktyviam \u0161un\u0173 \u017eaidimui bei kramtymui, pl\u016bduriuoja ant vandens, tod\u0117l puikiai tinka \u0161unims, kurie m\u0117gsta \u017eaisti vandenyje.\",\"breadcrumb\":{\"@id\":\"https:\\\/\\\/likepets.lt\\\/product\\\/sunu-kramtymo-zaislas-dog-comets-alien-octo-m-pink\\\/#breadcrumb\"},\"inLanguage\":\"lt-LT\",\"potentialAction\":[{\"@type\":\"ReadAction\",\"target\":[\"https:\\\/\\\/likepets.lt\\\/product\\\/sunu-kramtymo-zaislas-dog-comets-alien-octo-m-pink\\\/\"]}]},{\"@type\":\"ImageObject\",\"inLanguage\":\"lt-LT\",\"@id\":\"https:\\\/\\\/likepets.lt\\\/product\\\/sunu-kramtymo-zaislas-dog-comets-alien-octo-m-pink\\\/#primaryimage\",\"url\":\"https:\\\/\\\/likepets.lt\\\/wp-content\\\/uploads\\\/2025\\\/04\\\/4-3.webp\",\"contentUrl\":\"https:\\\/\\\/likepets.lt\\\/wp-content\\\/uploads\\\/2025\\\/04\\\/4-3.webp\",\"width\":300,\"height\":300,\"caption\":\"\u0160un\u0173 kramtymo \u017eaislas Dog Comets Alien Octo M Pink\"},{\"@type\":\"BreadcrumbList\",\"@id\":\"https:\\\/\\\/likepets.lt\\\/product\\\/sunu-kramtymo-zaislas-dog-comets-alien-octo-m-pink\\\/#breadcrumb\",\"itemListElement\":[{\"@type\":\"ListItem\",\"position\":1,\"name\":\"Home\",\"item\":\"https:\\\/\\\/likepets.lt\\\/lt_lt\\\/\"},{\"@type\":\"ListItem\",\"position\":2,\"name\":\"Parduotuv\u0117\",\"item\":\"https:\\\/\\\/likepets.lt\\\/parduotuve\\\/\"},{\"@type\":\"ListItem\",\"position\":3,\"name\":\"\u0160un\u0173 kramtymo \u017eaislas Dog Comets Alien Octo M Pink\"}]},{\"@type\":\"WebSite\",\"@id\":\"https:\\\/\\\/likepets.lt\\\/#website\",\"url\":\"https:\\\/\\\/likepets.lt\\\/\",\"name\":\"Likepets.lt\",\"description\":\"\",\"publisher\":{\"@id\":\"https:\\\/\\\/likepets.lt\\\/#\\\/schema\\\/person\\\/4ad7eed3b9dc7a176cfff59cfc71e86f\"},\"potentialAction\":[{\"@type\":\"SearchAction\",\"target\":{\"@type\":\"EntryPoint\",\"urlTemplate\":\"https:\\\/\\\/likepets.lt\\\/?s={search_term_string}\"},\"query-input\":{\"@type\":\"PropertyValueSpecification\",\"valueRequired\":true,\"valueName\":\"search_term_string\"}}],\"inLanguage\":\"lt-LT\"},{\"@type\":[\"Person\",\"Organization\"],\"@id\":\"https:\\\/\\\/likepets.lt\\\/#\\\/schema\\\/person\\\/4ad7eed3b9dc7a176cfff59cfc71e86f\",\"name\":\"Likepets.lt\",\"image\":{\"@type\":\"ImageObject\",\"inLanguage\":\"lt-LT\",\"@id\":\"https:\\\/\\\/likepets.lt\\\/wp-content\\\/litespeed\\\/avatar\\\/e807fa13845e19a6e6af46a4bc771b01.jpg?ver=1775897302\",\"url\":\"https:\\\/\\\/likepets.lt\\\/wp-content\\\/litespeed\\\/avatar\\\/e807fa13845e19a6e6af46a4bc771b01.jpg?ver=1775897302\",\"contentUrl\":\"https:\\\/\\\/likepets.lt\\\/wp-content\\\/litespeed\\\/avatar\\\/e807fa13845e19a6e6af46a4bc771b01.jpg?ver=1775897302\",\"caption\":\"Likepets.lt\"},\"logo\":{\"@id\":\"https:\\\/\\\/likepets.lt\\\/wp-content\\\/litespeed\\\/avatar\\\/e807fa13845e19a6e6af46a4bc771b01.jpg?ver=1775897302\"},\"sameAs\":[\"http:\\\/\\\/likepets.lt\",\"https:\\\/\\\/www.facebook.com\\\/profile.php?id=61569466134223\",\"https:\\\/\\\/www.instagram.com\\\/likepets77\\\/?fbclid=IwY2xjawMjUHtleHRuA2FlbQIxMQBicmlkETBlaEhxaVI0bUk1RHl3bmVMAR7IJeYf9r0OCeo9BwYJUD-yM6Osp6MrosWJGq_QweyNqX1BUWyhO1-sP82C2g_aem_xQbJ_D9oWWiUjsE-R3Dlrw\"]}]}<\/script>\n<!-- \/ Yoast SEO plugin. -->","yoast_head_json":{"title":"\u0160un\u0173 kramtymo \u017eaislas Dog Comets Alien Octo M Pink - likepets.lt","description":"Specialiai sukurtas aktyviam \u0161un\u0173 \u017eaidimui bei kramtymui, pl\u016bduriuoja ant vandens, tod\u0117l puikiai tinka \u0161unims, kurie m\u0117gsta \u017eaisti vandenyje.","robots":{"index":"index","follow":"follow","max-snippet":"max-snippet:-1","max-image-preview":"max-image-preview:large","max-video-preview":"max-video-preview:-1"},"canonical":"https:\/\/likepets.lt\/lt_lt\/product\/sunu-kramtymo-zaislas-dog-comets-alien-octo-m-pink\/","og_locale":"lt_LT","og_type":"article","og_title":"\u0160un\u0173 kramtymo \u017eaislas Dog Comets Alien Octo M Pink - likepets.lt","og_description":"Specialiai sukurtas aktyviam \u0161un\u0173 \u017eaidimui bei kramtymui, pl\u016bduriuoja ant vandens, tod\u0117l puikiai tinka \u0161unims, kurie m\u0117gsta \u017eaisti vandenyje.","og_url":"https:\/\/likepets.lt\/lt_lt\/product\/sunu-kramtymo-zaislas-dog-comets-alien-octo-m-pink\/","og_site_name":"likepets.lt","article_publisher":"https:\/\/www.facebook.com\/profile.php?id=61569466134223","article_modified_time":"2025-04-27T06:24:27+00:00","og_image":[{"width":300,"height":300,"url":"https:\/\/likepets.lt\/wp-content\/uploads\/2025\/04\/4-3.webp","type":"image\/webp"}],"twitter_card":"summary_large_image","twitter_misc":{"Est. reading time":"1 minut\u0117"},"schema":{"@context":"https:\/\/schema.org","@graph":[{"@type":"WebPage","@id":"https:\/\/likepets.lt\/product\/sunu-kramtymo-zaislas-dog-comets-alien-octo-m-pink\/","url":"https:\/\/likepets.lt\/product\/sunu-kramtymo-zaislas-dog-comets-alien-octo-m-pink\/","name":"\u0160un\u0173 kramtymo \u017eaislas Dog Comets Alien Octo M Pink - likepets.lt","isPartOf":{"@id":"https:\/\/likepets.lt\/#website"},"primaryImageOfPage":{"@id":"https:\/\/likepets.lt\/product\/sunu-kramtymo-zaislas-dog-comets-alien-octo-m-pink\/#primaryimage"},"image":{"@id":"https:\/\/likepets.lt\/product\/sunu-kramtymo-zaislas-dog-comets-alien-octo-m-pink\/#primaryimage"},"thumbnailUrl":"https:\/\/likepets.lt\/wp-content\/uploads\/2025\/04\/4-3.webp","datePublished":"2024-11-08T14:35:54+00:00","dateModified":"2025-04-27T06:24:27+00:00","description":"Specialiai sukurtas aktyviam \u0161un\u0173 \u017eaidimui bei kramtymui, pl\u016bduriuoja ant vandens, tod\u0117l puikiai tinka \u0161unims, kurie m\u0117gsta \u017eaisti vandenyje.","breadcrumb":{"@id":"https:\/\/likepets.lt\/product\/sunu-kramtymo-zaislas-dog-comets-alien-octo-m-pink\/#breadcrumb"},"inLanguage":"lt-LT","potentialAction":[{"@type":"ReadAction","target":["https:\/\/likepets.lt\/product\/sunu-kramtymo-zaislas-dog-comets-alien-octo-m-pink\/"]}]},{"@type":"ImageObject","inLanguage":"lt-LT","@id":"https:\/\/likepets.lt\/product\/sunu-kramtymo-zaislas-dog-comets-alien-octo-m-pink\/#primaryimage","url":"https:\/\/likepets.lt\/wp-content\/uploads\/2025\/04\/4-3.webp","contentUrl":"https:\/\/likepets.lt\/wp-content\/uploads\/2025\/04\/4-3.webp","width":300,"height":300,"caption":"\u0160un\u0173 kramtymo \u017eaislas Dog Comets Alien Octo M Pink"},{"@type":"BreadcrumbList","@id":"https:\/\/likepets.lt\/product\/sunu-kramtymo-zaislas-dog-comets-alien-octo-m-pink\/#breadcrumb","itemListElement":[{"@type":"ListItem","position":1,"name":"Home","item":"https:\/\/likepets.lt\/lt_lt\/"},{"@type":"ListItem","position":2,"name":"Parduotuv\u0117","item":"https:\/\/likepets.lt\/parduotuve\/"},{"@type":"ListItem","position":3,"name":"\u0160un\u0173 kramtymo \u017eaislas Dog Comets Alien Octo M Pink"}]},{"@type":"WebSite","@id":"https:\/\/likepets.lt\/#website","url":"https:\/\/likepets.lt\/","name":"Likepets.lt","description":"","publisher":{"@id":"https:\/\/likepets.lt\/#\/schema\/person\/4ad7eed3b9dc7a176cfff59cfc71e86f"},"potentialAction":[{"@type":"SearchAction","target":{"@type":"EntryPoint","urlTemplate":"https:\/\/likepets.lt\/?s={search_term_string}"},"query-input":{"@type":"PropertyValueSpecification","valueRequired":true,"valueName":"search_term_string"}}],"inLanguage":"lt-LT"},{"@type":["Person","Organization"],"@id":"https:\/\/likepets.lt\/#\/schema\/person\/4ad7eed3b9dc7a176cfff59cfc71e86f","name":"Likepets.lt","image":{"@type":"ImageObject","inLanguage":"lt-LT","@id":"https:\/\/likepets.lt\/wp-content\/litespeed\/avatar\/e807fa13845e19a6e6af46a4bc771b01.jpg?ver=1775897302","url":"https:\/\/likepets.lt\/wp-content\/litespeed\/avatar\/e807fa13845e19a6e6af46a4bc771b01.jpg?ver=1775897302","contentUrl":"https:\/\/likepets.lt\/wp-content\/litespeed\/avatar\/e807fa13845e19a6e6af46a4bc771b01.jpg?ver=1775897302","caption":"Likepets.lt"},"logo":{"@id":"https:\/\/likepets.lt\/wp-content\/litespeed\/avatar\/e807fa13845e19a6e6af46a4bc771b01.jpg?ver=1775897302"},"sameAs":["http:\/\/likepets.lt","https:\/\/www.facebook.com\/profile.php?id=61569466134223","https:\/\/www.instagram.com\/likepets77\/?fbclid=IwY2xjawMjUHtleHRuA2FlbQIxMQBicmlkETBlaEhxaVI0bUk1RHl3bmVMAR7IJeYf9r0OCeo9BwYJUD-yM6Osp6MrosWJGq_QweyNqX1BUWyhO1-sP82C2g_aem_xQbJ_D9oWWiUjsE-R3Dlrw"]}]}},"_links":{"self":[{"href":"https:\/\/likepets.lt\/lt_lt\/wp-json\/wp\/v2\/product\/3266","targetHints":{"allow":["GET"]}}],"collection":[{"href":"https:\/\/likepets.lt\/lt_lt\/wp-json\/wp\/v2\/product"}],"about":[{"href":"https:\/\/likepets.lt\/lt_lt\/wp-json\/wp\/v2\/types\/product"}],"replies":[{"embeddable":true,"href":"https:\/\/likepets.lt\/lt_lt\/wp-json\/wp\/v2\/comments?post=3266"}],"version-history":[{"count":0,"href":"https:\/\/likepets.lt\/lt_lt\/wp-json\/wp\/v2\/product\/3266\/revisions"}],"wp:featuredmedia":[{"embeddable":true,"href":"https:\/\/likepets.lt\/lt_lt\/wp-json\/wp\/v2\/media\/3267"}],"wp:attachment":[{"href":"https:\/\/likepets.lt\/lt_lt\/wp-json\/wp\/v2\/media?parent=3266"}],"wp:term":[{"taxonomy":"product_brand","embeddable":true,"href":"https:\/\/likepets.lt\/lt_lt\/wp-json\/wp\/v2\/product_brand?post=3266"},{"taxonomy":"product_cat","embeddable":true,"href":"https:\/\/likepets.lt\/lt_lt\/wp-json\/wp\/v2\/product_cat?post=3266"},{"taxonomy":"product_tag","embeddable":true,"href":"https:\/\/likepets.lt\/lt_lt\/wp-json\/wp\/v2\/product_tag?post=3266"}],"curies":[{"name":"wp","href":"https:\/\/api.w.org\/{rel}","templated":true}]}}