{"id":3304,"date":"2024-11-08T14:43:37","date_gmt":"2024-11-08T14:43:37","guid":{"rendered":"https:\/\/likepets.lt\/?post_type=product&#038;p=3304"},"modified":"2025-05-12T14:04:54","modified_gmt":"2025-05-12T11:04:54","slug":"fantazoo-bunny-m-sunu-zaislas","status":"publish","type":"product","link":"https:\/\/likepets.lt\/lt_lt\/product\/fantazoo-bunny-m-sunu-zaislas\/","title":{"rendered":"FantaZoo Bunny (M)-\u0161un\u0173 \u017eaislas"},"content":{"rendered":"<p>FantaZoo Bunny (M) naudingas \u0161uniui, nes jis gali m\u0117gautis kramtymu, ne\u0161iojimu ar \u017eaidimu su \u0161iuo \u017eaislu, kas padeda suma\u017einti nuobodul\u012f. Mink\u0161ti \u017eaislai gali suteikti komfort\u0105, ypa\u010d jauniems ar nerimastingiems \u0161unims. Jie padeda \u0161unims nat\u016braliai patenkinti kramtymo instinkt\u0105, suma\u017eindami \u017eal\u0105 baldams ar batams. \u0160uo gali prisiri\u0161ti prie \u017eaislo, laikydamas j\u012f kaip \u201epaguodos objekt\u0105\u201c.<\/p>\n","protected":false},"excerpt":{"rendered":"<p>\u201eFantaZoo Bunny (M)\u201c yra \u0161un\u0173 \u017eaislas, skirtas ne tik smagiai praleisti laik\u0105, bet ir pad\u0117ti augintinio dant\u0173 sveikatai. Jis da\u017eniausiai b\u016bna pagamintas i\u0161 mink\u0161tos, bet tvirtos med\u017eiagos, tod\u0117l tinka kramtymui ir aktyviems \u017eaidimams. \u0160is \u017eaislas gali pad\u0117ti suma\u017einti \u0161uns stres\u0105, u\u017etikrinti fizin\u012f aktyvum\u0105 bei skatinti nat\u016bralius instinktus<\/p>\n","protected":false},"featured_media":3305,"comment_status":"open","ping_status":"closed","template":"","meta":[],"product_brand":[],"product_cat":[98],"product_tag":[],"class_list":{"0":"post-3304","1":"product","2":"type-product","3":"status-publish","4":"has-post-thumbnail","6":"product_cat-zaislai","9":"first","10":"instock","11":"taxable","12":"shipping-taxable","13":"purchasable","14":"product-type-simple"},"yoast_head":"<!-- This site is optimized with the Yoast SEO plugin v27.4 - https:\/\/yoast.com\/product\/yoast-seo-wordpress\/ -->\n<title>FantaZoo Bunny (M) \u2013 mink\u0161tas \u017eaislas \u0161unims - LikePets.lt<\/title>\n<meta name=\"description\" content=\"Mink\u0161tas ir saugus FantaZoo Bunny \u017eaislas padeda suma\u017einti stres\u0105, tenkinti kramtymo instinkt\u0105 ir u\u017etikrina aktyv\u0173 \u0161uns laisvalaik\u012f.\" \/>\n<meta name=\"robots\" content=\"index, follow, max-snippet:-1, max-image-preview:large, max-video-preview:-1\" \/>\n<link rel=\"canonical\" href=\"https:\/\/likepets.lt\/lt_lt\/product\/fantazoo-bunny-m-sunu-zaislas\/\" \/>\n<meta property=\"og:locale\" content=\"lt_LT\" \/>\n<meta property=\"og:type\" content=\"article\" \/>\n<meta property=\"og:title\" content=\"FantaZoo Bunny (M) \u2013 mink\u0161tas \u017eaislas \u0161unims - LikePets.lt\" \/>\n<meta property=\"og:description\" content=\"Mink\u0161tas ir saugus FantaZoo Bunny \u017eaislas padeda suma\u017einti stres\u0105, tenkinti kramtymo instinkt\u0105 ir u\u017etikrina aktyv\u0173 \u0161uns laisvalaik\u012f.\" \/>\n<meta property=\"og:url\" content=\"https:\/\/likepets.lt\/lt_lt\/product\/fantazoo-bunny-m-sunu-zaislas\/\" \/>\n<meta property=\"og:site_name\" content=\"likepets.lt\" \/>\n<meta property=\"article:publisher\" content=\"https:\/\/www.facebook.com\/profile.php?id=61569466134223\" \/>\n<meta property=\"article:modified_time\" content=\"2025-05-12T11:04:54+00:00\" \/>\n<meta property=\"og:image\" content=\"https:\/\/likepets.lt\/wp-content\/uploads\/2025\/04\/11-1.webp\" \/>\n\t<meta property=\"og:image:width\" content=\"300\" \/>\n\t<meta property=\"og:image:height\" content=\"300\" \/>\n\t<meta property=\"og:image:type\" content=\"image\/webp\" \/>\n<meta name=\"twitter:card\" content=\"summary_large_image\" \/>\n<meta name=\"twitter:label1\" content=\"Est. reading time\" \/>\n\t<meta name=\"twitter:data1\" content=\"1 minut\u0117\" \/>\n<script type=\"application\/ld+json\" class=\"yoast-schema-graph\">{\"@context\":\"https:\\\/\\\/schema.org\",\"@graph\":[{\"@type\":\"WebPage\",\"@id\":\"https:\\\/\\\/likepets.lt\\\/product\\\/fantazoo-bunny-m-sunu-zaislas\\\/\",\"url\":\"https:\\\/\\\/likepets.lt\\\/product\\\/fantazoo-bunny-m-sunu-zaislas\\\/\",\"name\":\"FantaZoo Bunny (M) \u2013 mink\u0161tas \u017eaislas \u0161unims - LikePets.lt\",\"isPartOf\":{\"@id\":\"https:\\\/\\\/likepets.lt\\\/#website\"},\"primaryImageOfPage\":{\"@id\":\"https:\\\/\\\/likepets.lt\\\/product\\\/fantazoo-bunny-m-sunu-zaislas\\\/#primaryimage\"},\"image\":{\"@id\":\"https:\\\/\\\/likepets.lt\\\/product\\\/fantazoo-bunny-m-sunu-zaislas\\\/#primaryimage\"},\"thumbnailUrl\":\"https:\\\/\\\/likepets.lt\\\/wp-content\\\/uploads\\\/2025\\\/04\\\/11-1.webp\",\"datePublished\":\"2024-11-08T14:43:37+00:00\",\"dateModified\":\"2025-05-12T11:04:54+00:00\",\"description\":\"Mink\u0161tas ir saugus FantaZoo Bunny \u017eaislas padeda suma\u017einti stres\u0105, tenkinti kramtymo instinkt\u0105 ir u\u017etikrina aktyv\u0173 \u0161uns laisvalaik\u012f.\",\"breadcrumb\":{\"@id\":\"https:\\\/\\\/likepets.lt\\\/product\\\/fantazoo-bunny-m-sunu-zaislas\\\/#breadcrumb\"},\"inLanguage\":\"lt-LT\",\"potentialAction\":[{\"@type\":\"ReadAction\",\"target\":[\"https:\\\/\\\/likepets.lt\\\/product\\\/fantazoo-bunny-m-sunu-zaislas\\\/\"]}]},{\"@type\":\"ImageObject\",\"inLanguage\":\"lt-LT\",\"@id\":\"https:\\\/\\\/likepets.lt\\\/product\\\/fantazoo-bunny-m-sunu-zaislas\\\/#primaryimage\",\"url\":\"https:\\\/\\\/likepets.lt\\\/wp-content\\\/uploads\\\/2025\\\/04\\\/11-1.webp\",\"contentUrl\":\"https:\\\/\\\/likepets.lt\\\/wp-content\\\/uploads\\\/2025\\\/04\\\/11-1.webp\",\"width\":300,\"height\":300,\"caption\":\"FantaZoo Bunny (M)-\u0161un\u0173 \u017eaislas\"},{\"@type\":\"BreadcrumbList\",\"@id\":\"https:\\\/\\\/likepets.lt\\\/product\\\/fantazoo-bunny-m-sunu-zaislas\\\/#breadcrumb\",\"itemListElement\":[{\"@type\":\"ListItem\",\"position\":1,\"name\":\"Home\",\"item\":\"https:\\\/\\\/likepets.lt\\\/lt_lt\\\/\"},{\"@type\":\"ListItem\",\"position\":2,\"name\":\"Parduotuv\u0117\",\"item\":\"https:\\\/\\\/likepets.lt\\\/parduotuve\\\/\"},{\"@type\":\"ListItem\",\"position\":3,\"name\":\"FantaZoo Bunny (M)-\u0161un\u0173 \u017eaislas\"}]},{\"@type\":\"WebSite\",\"@id\":\"https:\\\/\\\/likepets.lt\\\/#website\",\"url\":\"https:\\\/\\\/likepets.lt\\\/\",\"name\":\"Likepets.lt\",\"description\":\"\",\"publisher\":{\"@id\":\"https:\\\/\\\/likepets.lt\\\/#\\\/schema\\\/person\\\/4ad7eed3b9dc7a176cfff59cfc71e86f\"},\"potentialAction\":[{\"@type\":\"SearchAction\",\"target\":{\"@type\":\"EntryPoint\",\"urlTemplate\":\"https:\\\/\\\/likepets.lt\\\/?s={search_term_string}\"},\"query-input\":{\"@type\":\"PropertyValueSpecification\",\"valueRequired\":true,\"valueName\":\"search_term_string\"}}],\"inLanguage\":\"lt-LT\"},{\"@type\":[\"Person\",\"Organization\"],\"@id\":\"https:\\\/\\\/likepets.lt\\\/#\\\/schema\\\/person\\\/4ad7eed3b9dc7a176cfff59cfc71e86f\",\"name\":\"Likepets.lt\",\"image\":{\"@type\":\"ImageObject\",\"inLanguage\":\"lt-LT\",\"@id\":\"https:\\\/\\\/likepets.lt\\\/wp-content\\\/litespeed\\\/avatar\\\/e807fa13845e19a6e6af46a4bc771b01.jpg?ver=1775897302\",\"url\":\"https:\\\/\\\/likepets.lt\\\/wp-content\\\/litespeed\\\/avatar\\\/e807fa13845e19a6e6af46a4bc771b01.jpg?ver=1775897302\",\"contentUrl\":\"https:\\\/\\\/likepets.lt\\\/wp-content\\\/litespeed\\\/avatar\\\/e807fa13845e19a6e6af46a4bc771b01.jpg?ver=1775897302\",\"caption\":\"Likepets.lt\"},\"logo\":{\"@id\":\"https:\\\/\\\/likepets.lt\\\/wp-content\\\/litespeed\\\/avatar\\\/e807fa13845e19a6e6af46a4bc771b01.jpg?ver=1775897302\"},\"sameAs\":[\"http:\\\/\\\/likepets.lt\",\"https:\\\/\\\/www.facebook.com\\\/profile.php?id=61569466134223\",\"https:\\\/\\\/www.instagram.com\\\/likepets77\\\/?fbclid=IwY2xjawMjUHtleHRuA2FlbQIxMQBicmlkETBlaEhxaVI0bUk1RHl3bmVMAR7IJeYf9r0OCeo9BwYJUD-yM6Osp6MrosWJGq_QweyNqX1BUWyhO1-sP82C2g_aem_xQbJ_D9oWWiUjsE-R3Dlrw\"]}]}<\/script>\n<!-- \/ Yoast SEO plugin. -->","yoast_head_json":{"title":"FantaZoo Bunny (M) \u2013 mink\u0161tas \u017eaislas \u0161unims - LikePets.lt","description":"Mink\u0161tas ir saugus FantaZoo Bunny \u017eaislas padeda suma\u017einti stres\u0105, tenkinti kramtymo instinkt\u0105 ir u\u017etikrina aktyv\u0173 \u0161uns laisvalaik\u012f.","robots":{"index":"index","follow":"follow","max-snippet":"max-snippet:-1","max-image-preview":"max-image-preview:large","max-video-preview":"max-video-preview:-1"},"canonical":"https:\/\/likepets.lt\/lt_lt\/product\/fantazoo-bunny-m-sunu-zaislas\/","og_locale":"lt_LT","og_type":"article","og_title":"FantaZoo Bunny (M) \u2013 mink\u0161tas \u017eaislas \u0161unims - LikePets.lt","og_description":"Mink\u0161tas ir saugus FantaZoo Bunny \u017eaislas padeda suma\u017einti stres\u0105, tenkinti kramtymo instinkt\u0105 ir u\u017etikrina aktyv\u0173 \u0161uns laisvalaik\u012f.","og_url":"https:\/\/likepets.lt\/lt_lt\/product\/fantazoo-bunny-m-sunu-zaislas\/","og_site_name":"likepets.lt","article_publisher":"https:\/\/www.facebook.com\/profile.php?id=61569466134223","article_modified_time":"2025-05-12T11:04:54+00:00","og_image":[{"width":300,"height":300,"url":"https:\/\/likepets.lt\/wp-content\/uploads\/2025\/04\/11-1.webp","type":"image\/webp"}],"twitter_card":"summary_large_image","twitter_misc":{"Est. reading time":"1 minut\u0117"},"schema":{"@context":"https:\/\/schema.org","@graph":[{"@type":"WebPage","@id":"https:\/\/likepets.lt\/product\/fantazoo-bunny-m-sunu-zaislas\/","url":"https:\/\/likepets.lt\/product\/fantazoo-bunny-m-sunu-zaislas\/","name":"FantaZoo Bunny (M) \u2013 mink\u0161tas \u017eaislas \u0161unims - LikePets.lt","isPartOf":{"@id":"https:\/\/likepets.lt\/#website"},"primaryImageOfPage":{"@id":"https:\/\/likepets.lt\/product\/fantazoo-bunny-m-sunu-zaislas\/#primaryimage"},"image":{"@id":"https:\/\/likepets.lt\/product\/fantazoo-bunny-m-sunu-zaislas\/#primaryimage"},"thumbnailUrl":"https:\/\/likepets.lt\/wp-content\/uploads\/2025\/04\/11-1.webp","datePublished":"2024-11-08T14:43:37+00:00","dateModified":"2025-05-12T11:04:54+00:00","description":"Mink\u0161tas ir saugus FantaZoo Bunny \u017eaislas padeda suma\u017einti stres\u0105, tenkinti kramtymo instinkt\u0105 ir u\u017etikrina aktyv\u0173 \u0161uns laisvalaik\u012f.","breadcrumb":{"@id":"https:\/\/likepets.lt\/product\/fantazoo-bunny-m-sunu-zaislas\/#breadcrumb"},"inLanguage":"lt-LT","potentialAction":[{"@type":"ReadAction","target":["https:\/\/likepets.lt\/product\/fantazoo-bunny-m-sunu-zaislas\/"]}]},{"@type":"ImageObject","inLanguage":"lt-LT","@id":"https:\/\/likepets.lt\/product\/fantazoo-bunny-m-sunu-zaislas\/#primaryimage","url":"https:\/\/likepets.lt\/wp-content\/uploads\/2025\/04\/11-1.webp","contentUrl":"https:\/\/likepets.lt\/wp-content\/uploads\/2025\/04\/11-1.webp","width":300,"height":300,"caption":"FantaZoo Bunny (M)-\u0161un\u0173 \u017eaislas"},{"@type":"BreadcrumbList","@id":"https:\/\/likepets.lt\/product\/fantazoo-bunny-m-sunu-zaislas\/#breadcrumb","itemListElement":[{"@type":"ListItem","position":1,"name":"Home","item":"https:\/\/likepets.lt\/lt_lt\/"},{"@type":"ListItem","position":2,"name":"Parduotuv\u0117","item":"https:\/\/likepets.lt\/parduotuve\/"},{"@type":"ListItem","position":3,"name":"FantaZoo Bunny (M)-\u0161un\u0173 \u017eaislas"}]},{"@type":"WebSite","@id":"https:\/\/likepets.lt\/#website","url":"https:\/\/likepets.lt\/","name":"Likepets.lt","description":"","publisher":{"@id":"https:\/\/likepets.lt\/#\/schema\/person\/4ad7eed3b9dc7a176cfff59cfc71e86f"},"potentialAction":[{"@type":"SearchAction","target":{"@type":"EntryPoint","urlTemplate":"https:\/\/likepets.lt\/?s={search_term_string}"},"query-input":{"@type":"PropertyValueSpecification","valueRequired":true,"valueName":"search_term_string"}}],"inLanguage":"lt-LT"},{"@type":["Person","Organization"],"@id":"https:\/\/likepets.lt\/#\/schema\/person\/4ad7eed3b9dc7a176cfff59cfc71e86f","name":"Likepets.lt","image":{"@type":"ImageObject","inLanguage":"lt-LT","@id":"https:\/\/likepets.lt\/wp-content\/litespeed\/avatar\/e807fa13845e19a6e6af46a4bc771b01.jpg?ver=1775897302","url":"https:\/\/likepets.lt\/wp-content\/litespeed\/avatar\/e807fa13845e19a6e6af46a4bc771b01.jpg?ver=1775897302","contentUrl":"https:\/\/likepets.lt\/wp-content\/litespeed\/avatar\/e807fa13845e19a6e6af46a4bc771b01.jpg?ver=1775897302","caption":"Likepets.lt"},"logo":{"@id":"https:\/\/likepets.lt\/wp-content\/litespeed\/avatar\/e807fa13845e19a6e6af46a4bc771b01.jpg?ver=1775897302"},"sameAs":["http:\/\/likepets.lt","https:\/\/www.facebook.com\/profile.php?id=61569466134223","https:\/\/www.instagram.com\/likepets77\/?fbclid=IwY2xjawMjUHtleHRuA2FlbQIxMQBicmlkETBlaEhxaVI0bUk1RHl3bmVMAR7IJeYf9r0OCeo9BwYJUD-yM6Osp6MrosWJGq_QweyNqX1BUWyhO1-sP82C2g_aem_xQbJ_D9oWWiUjsE-R3Dlrw"]}]}},"_links":{"self":[{"href":"https:\/\/likepets.lt\/lt_lt\/wp-json\/wp\/v2\/product\/3304","targetHints":{"allow":["GET"]}}],"collection":[{"href":"https:\/\/likepets.lt\/lt_lt\/wp-json\/wp\/v2\/product"}],"about":[{"href":"https:\/\/likepets.lt\/lt_lt\/wp-json\/wp\/v2\/types\/product"}],"replies":[{"embeddable":true,"href":"https:\/\/likepets.lt\/lt_lt\/wp-json\/wp\/v2\/comments?post=3304"}],"version-history":[{"count":1,"href":"https:\/\/likepets.lt\/lt_lt\/wp-json\/wp\/v2\/product\/3304\/revisions"}],"predecessor-version":[{"id":62463,"href":"https:\/\/likepets.lt\/lt_lt\/wp-json\/wp\/v2\/product\/3304\/revisions\/62463"}],"wp:featuredmedia":[{"embeddable":true,"href":"https:\/\/likepets.lt\/lt_lt\/wp-json\/wp\/v2\/media\/3305"}],"wp:attachment":[{"href":"https:\/\/likepets.lt\/lt_lt\/wp-json\/wp\/v2\/media?parent=3304"}],"wp:term":[{"taxonomy":"product_brand","embeddable":true,"href":"https:\/\/likepets.lt\/lt_lt\/wp-json\/wp\/v2\/product_brand?post=3304"},{"taxonomy":"product_cat","embeddable":true,"href":"https:\/\/likepets.lt\/lt_lt\/wp-json\/wp\/v2\/product_cat?post=3304"},{"taxonomy":"product_tag","embeddable":true,"href":"https:\/\/likepets.lt\/lt_lt\/wp-json\/wp\/v2\/product_tag?post=3304"}],"curies":[{"name":"wp","href":"https:\/\/api.w.org\/{rel}","templated":true}]}}