{"id":3310,"date":"2024-11-08T14:36:35","date_gmt":"2024-11-08T14:36:35","guid":{"rendered":"https:\/\/likepets.lt\/?post_type=product&#038;p=3310"},"modified":"2025-04-27T09:23:15","modified_gmt":"2025-04-27T06:23:15","slug":"wild-life-dog-marten-minkstas-zaislas-sunims","status":"publish","type":"product","link":"https:\/\/likepets.lt\/lt_lt\/product\/wild-life-dog-marten-minkstas-zaislas-sunims\/","title":{"rendered":"Wild Life Dog Marten- mink\u0161tas \u017eaislas \u0161unims"},"content":{"rendered":"<p>Unikali laukini\u0173 gyv\u016bn\u0173 kolekcija \u0161unims! Su \u0161iais puikiais \u0161un\u0173 \u017eaislais jums nereikia eiti \u012f lauk\u0105, kad gal\u0117tum\u0117te patirti med\u017eiokl\u0119 su savo \u0161unimi.<\/p>\n<p>Laukin\u0117s gamtos kolekcij\u0105 sudaro nat\u016bral\u016bs ir tikrovi\u0161kai atrodantys p\u016bkuoti \u017eaislai. Kailis sukurtas naudojant labai mink\u0161t\u0105 kail\u012f, o \u0161i taip pat turi dant\u0173 virv\u0119 .<\/p>\n<p>Dvigubai susiuvama, kad b\u016bt\u0173 u\u017etikrintas didesnis patvarumas!<\/p>\n<p>Laukin\u0117s gamtos kolekcij\u0105 galima \u012fsigyti keli\u0173 modeli\u0173.<\/p>\n","protected":false},"excerpt":{"rendered":"<p>Unikali laukini\u0173 gyv\u016bn\u0173 kolekcija \u0161unims! Su \u0161iais puikiais \u0161un\u0173 \u017eaislais jums nereikia eiti \u012f lauk\u0105, kad gal\u0117tum\u0117te patirti med\u017eiokl\u0119 su savo \u0161unimi. Laukin\u0117s gamtos kolekcij\u0105 sudaro nat\u016bral\u016bs ir tikrovi\u0161kai atrodantys p\u016bkuoti \u017eaislai. Kailis sukurtas naudojant labai mink\u0161t\u0105 kail\u012f, o \u0161i taip pat turi dant\u0173 virv\u0119 .Dvigubai susiuvama, kad b\u016bt\u0173 u\u017etikrintas didesnis patvarumas!<\/p>\n","protected":false},"featured_media":3311,"comment_status":"open","ping_status":"closed","template":"","meta":[],"product_brand":[],"product_cat":[98],"product_tag":[],"class_list":{"0":"post-3310","1":"product","2":"type-product","3":"status-publish","4":"has-post-thumbnail","6":"product_cat-zaislai","9":"first","10":"instock","11":"taxable","12":"shipping-taxable","13":"purchasable","14":"product-type-simple"},"yoast_head":"<!-- This site is optimized with the Yoast SEO plugin v27.4 - https:\/\/yoast.com\/product\/yoast-seo-wordpress\/ -->\n<title>Wild Life Dog Marten- mink\u0161tas \u017eaislas \u0161unims - likepets.lt<\/title>\n<meta name=\"description\" content=\"Laukin\u0117s gamtos kolekcij\u0105 sudaro nat\u016bral\u016bs ir tikrovi\u0161kai atrodantys p\u016bkuoti \u017eaislai. Kailis sukurtas naudojant labai mink\u0161t\u0105 kail\u012f.\" \/>\n<meta name=\"robots\" content=\"index, follow, max-snippet:-1, max-image-preview:large, max-video-preview:-1\" \/>\n<link rel=\"canonical\" href=\"https:\/\/likepets.lt\/lt_lt\/product\/wild-life-dog-marten-minkstas-zaislas-sunims\/\" \/>\n<meta property=\"og:locale\" content=\"lt_LT\" \/>\n<meta property=\"og:type\" content=\"article\" \/>\n<meta property=\"og:title\" content=\"Wild Life Dog Marten- mink\u0161tas \u017eaislas \u0161unims - likepets.lt\" \/>\n<meta property=\"og:description\" content=\"Laukin\u0117s gamtos kolekcij\u0105 sudaro nat\u016bral\u016bs ir tikrovi\u0161kai atrodantys p\u016bkuoti \u017eaislai. Kailis sukurtas naudojant labai mink\u0161t\u0105 kail\u012f.\" \/>\n<meta property=\"og:url\" content=\"https:\/\/likepets.lt\/lt_lt\/product\/wild-life-dog-marten-minkstas-zaislas-sunims\/\" \/>\n<meta property=\"og:site_name\" content=\"likepets.lt\" \/>\n<meta property=\"article:publisher\" content=\"https:\/\/www.facebook.com\/profile.php?id=61569466134223\" \/>\n<meta property=\"article:modified_time\" content=\"2025-04-27T06:23:15+00:00\" \/>\n<meta property=\"og:image\" content=\"https:\/\/likepets.lt\/wp-content\/uploads\/2025\/04\/111.webp\" \/>\n\t<meta property=\"og:image:width\" content=\"300\" \/>\n\t<meta property=\"og:image:height\" content=\"300\" \/>\n\t<meta property=\"og:image:type\" content=\"image\/webp\" \/>\n<meta name=\"twitter:card\" content=\"summary_large_image\" \/>\n<meta name=\"twitter:label1\" content=\"Est. reading time\" \/>\n\t<meta name=\"twitter:data1\" content=\"1 minut\u0117\" \/>\n<script type=\"application\/ld+json\" class=\"yoast-schema-graph\">{\"@context\":\"https:\\\/\\\/schema.org\",\"@graph\":[{\"@type\":\"WebPage\",\"@id\":\"https:\\\/\\\/likepets.lt\\\/product\\\/wild-life-dog-marten-minkstas-zaislas-sunims\\\/\",\"url\":\"https:\\\/\\\/likepets.lt\\\/product\\\/wild-life-dog-marten-minkstas-zaislas-sunims\\\/\",\"name\":\"Wild Life Dog Marten- mink\u0161tas \u017eaislas \u0161unims - likepets.lt\",\"isPartOf\":{\"@id\":\"https:\\\/\\\/likepets.lt\\\/#website\"},\"primaryImageOfPage\":{\"@id\":\"https:\\\/\\\/likepets.lt\\\/product\\\/wild-life-dog-marten-minkstas-zaislas-sunims\\\/#primaryimage\"},\"image\":{\"@id\":\"https:\\\/\\\/likepets.lt\\\/product\\\/wild-life-dog-marten-minkstas-zaislas-sunims\\\/#primaryimage\"},\"thumbnailUrl\":\"https:\\\/\\\/likepets.lt\\\/wp-content\\\/uploads\\\/2025\\\/04\\\/111.webp\",\"datePublished\":\"2024-11-08T14:36:35+00:00\",\"dateModified\":\"2025-04-27T06:23:15+00:00\",\"description\":\"Laukin\u0117s gamtos kolekcij\u0105 sudaro nat\u016bral\u016bs ir tikrovi\u0161kai atrodantys p\u016bkuoti \u017eaislai. Kailis sukurtas naudojant labai mink\u0161t\u0105 kail\u012f.\",\"breadcrumb\":{\"@id\":\"https:\\\/\\\/likepets.lt\\\/product\\\/wild-life-dog-marten-minkstas-zaislas-sunims\\\/#breadcrumb\"},\"inLanguage\":\"lt-LT\",\"potentialAction\":[{\"@type\":\"ReadAction\",\"target\":[\"https:\\\/\\\/likepets.lt\\\/product\\\/wild-life-dog-marten-minkstas-zaislas-sunims\\\/\"]}]},{\"@type\":\"ImageObject\",\"inLanguage\":\"lt-LT\",\"@id\":\"https:\\\/\\\/likepets.lt\\\/product\\\/wild-life-dog-marten-minkstas-zaislas-sunims\\\/#primaryimage\",\"url\":\"https:\\\/\\\/likepets.lt\\\/wp-content\\\/uploads\\\/2025\\\/04\\\/111.webp\",\"contentUrl\":\"https:\\\/\\\/likepets.lt\\\/wp-content\\\/uploads\\\/2025\\\/04\\\/111.webp\",\"width\":300,\"height\":300,\"caption\":\"Wild Life Dog Marten- mink\u0161tas \u017eaislas \u0161unims\"},{\"@type\":\"BreadcrumbList\",\"@id\":\"https:\\\/\\\/likepets.lt\\\/product\\\/wild-life-dog-marten-minkstas-zaislas-sunims\\\/#breadcrumb\",\"itemListElement\":[{\"@type\":\"ListItem\",\"position\":1,\"name\":\"Home\",\"item\":\"https:\\\/\\\/likepets.lt\\\/lt_lt\\\/\"},{\"@type\":\"ListItem\",\"position\":2,\"name\":\"Parduotuv\u0117\",\"item\":\"https:\\\/\\\/likepets.lt\\\/parduotuve\\\/\"},{\"@type\":\"ListItem\",\"position\":3,\"name\":\"Wild Life Dog Marten- mink\u0161tas \u017eaislas \u0161unims\"}]},{\"@type\":\"WebSite\",\"@id\":\"https:\\\/\\\/likepets.lt\\\/#website\",\"url\":\"https:\\\/\\\/likepets.lt\\\/\",\"name\":\"Likepets.lt\",\"description\":\"\",\"publisher\":{\"@id\":\"https:\\\/\\\/likepets.lt\\\/#\\\/schema\\\/person\\\/4ad7eed3b9dc7a176cfff59cfc71e86f\"},\"potentialAction\":[{\"@type\":\"SearchAction\",\"target\":{\"@type\":\"EntryPoint\",\"urlTemplate\":\"https:\\\/\\\/likepets.lt\\\/?s={search_term_string}\"},\"query-input\":{\"@type\":\"PropertyValueSpecification\",\"valueRequired\":true,\"valueName\":\"search_term_string\"}}],\"inLanguage\":\"lt-LT\"},{\"@type\":[\"Person\",\"Organization\"],\"@id\":\"https:\\\/\\\/likepets.lt\\\/#\\\/schema\\\/person\\\/4ad7eed3b9dc7a176cfff59cfc71e86f\",\"name\":\"Likepets.lt\",\"image\":{\"@type\":\"ImageObject\",\"inLanguage\":\"lt-LT\",\"@id\":\"https:\\\/\\\/likepets.lt\\\/wp-content\\\/litespeed\\\/avatar\\\/e807fa13845e19a6e6af46a4bc771b01.jpg?ver=1775897302\",\"url\":\"https:\\\/\\\/likepets.lt\\\/wp-content\\\/litespeed\\\/avatar\\\/e807fa13845e19a6e6af46a4bc771b01.jpg?ver=1775897302\",\"contentUrl\":\"https:\\\/\\\/likepets.lt\\\/wp-content\\\/litespeed\\\/avatar\\\/e807fa13845e19a6e6af46a4bc771b01.jpg?ver=1775897302\",\"caption\":\"Likepets.lt\"},\"logo\":{\"@id\":\"https:\\\/\\\/likepets.lt\\\/wp-content\\\/litespeed\\\/avatar\\\/e807fa13845e19a6e6af46a4bc771b01.jpg?ver=1775897302\"},\"sameAs\":[\"http:\\\/\\\/likepets.lt\",\"https:\\\/\\\/www.facebook.com\\\/profile.php?id=61569466134223\",\"https:\\\/\\\/www.instagram.com\\\/likepets77\\\/?fbclid=IwY2xjawMjUHtleHRuA2FlbQIxMQBicmlkETBlaEhxaVI0bUk1RHl3bmVMAR7IJeYf9r0OCeo9BwYJUD-yM6Osp6MrosWJGq_QweyNqX1BUWyhO1-sP82C2g_aem_xQbJ_D9oWWiUjsE-R3Dlrw\"]}]}<\/script>\n<!-- \/ Yoast SEO plugin. -->","yoast_head_json":{"title":"Wild Life Dog Marten- mink\u0161tas \u017eaislas \u0161unims - likepets.lt","description":"Laukin\u0117s gamtos kolekcij\u0105 sudaro nat\u016bral\u016bs ir tikrovi\u0161kai atrodantys p\u016bkuoti \u017eaislai. Kailis sukurtas naudojant labai mink\u0161t\u0105 kail\u012f.","robots":{"index":"index","follow":"follow","max-snippet":"max-snippet:-1","max-image-preview":"max-image-preview:large","max-video-preview":"max-video-preview:-1"},"canonical":"https:\/\/likepets.lt\/lt_lt\/product\/wild-life-dog-marten-minkstas-zaislas-sunims\/","og_locale":"lt_LT","og_type":"article","og_title":"Wild Life Dog Marten- mink\u0161tas \u017eaislas \u0161unims - likepets.lt","og_description":"Laukin\u0117s gamtos kolekcij\u0105 sudaro nat\u016bral\u016bs ir tikrovi\u0161kai atrodantys p\u016bkuoti \u017eaislai. Kailis sukurtas naudojant labai mink\u0161t\u0105 kail\u012f.","og_url":"https:\/\/likepets.lt\/lt_lt\/product\/wild-life-dog-marten-minkstas-zaislas-sunims\/","og_site_name":"likepets.lt","article_publisher":"https:\/\/www.facebook.com\/profile.php?id=61569466134223","article_modified_time":"2025-04-27T06:23:15+00:00","og_image":[{"width":300,"height":300,"url":"https:\/\/likepets.lt\/wp-content\/uploads\/2025\/04\/111.webp","type":"image\/webp"}],"twitter_card":"summary_large_image","twitter_misc":{"Est. reading time":"1 minut\u0117"},"schema":{"@context":"https:\/\/schema.org","@graph":[{"@type":"WebPage","@id":"https:\/\/likepets.lt\/product\/wild-life-dog-marten-minkstas-zaislas-sunims\/","url":"https:\/\/likepets.lt\/product\/wild-life-dog-marten-minkstas-zaislas-sunims\/","name":"Wild Life Dog Marten- mink\u0161tas \u017eaislas \u0161unims - likepets.lt","isPartOf":{"@id":"https:\/\/likepets.lt\/#website"},"primaryImageOfPage":{"@id":"https:\/\/likepets.lt\/product\/wild-life-dog-marten-minkstas-zaislas-sunims\/#primaryimage"},"image":{"@id":"https:\/\/likepets.lt\/product\/wild-life-dog-marten-minkstas-zaislas-sunims\/#primaryimage"},"thumbnailUrl":"https:\/\/likepets.lt\/wp-content\/uploads\/2025\/04\/111.webp","datePublished":"2024-11-08T14:36:35+00:00","dateModified":"2025-04-27T06:23:15+00:00","description":"Laukin\u0117s gamtos kolekcij\u0105 sudaro nat\u016bral\u016bs ir tikrovi\u0161kai atrodantys p\u016bkuoti \u017eaislai. Kailis sukurtas naudojant labai mink\u0161t\u0105 kail\u012f.","breadcrumb":{"@id":"https:\/\/likepets.lt\/product\/wild-life-dog-marten-minkstas-zaislas-sunims\/#breadcrumb"},"inLanguage":"lt-LT","potentialAction":[{"@type":"ReadAction","target":["https:\/\/likepets.lt\/product\/wild-life-dog-marten-minkstas-zaislas-sunims\/"]}]},{"@type":"ImageObject","inLanguage":"lt-LT","@id":"https:\/\/likepets.lt\/product\/wild-life-dog-marten-minkstas-zaislas-sunims\/#primaryimage","url":"https:\/\/likepets.lt\/wp-content\/uploads\/2025\/04\/111.webp","contentUrl":"https:\/\/likepets.lt\/wp-content\/uploads\/2025\/04\/111.webp","width":300,"height":300,"caption":"Wild Life Dog Marten- mink\u0161tas \u017eaislas \u0161unims"},{"@type":"BreadcrumbList","@id":"https:\/\/likepets.lt\/product\/wild-life-dog-marten-minkstas-zaislas-sunims\/#breadcrumb","itemListElement":[{"@type":"ListItem","position":1,"name":"Home","item":"https:\/\/likepets.lt\/lt_lt\/"},{"@type":"ListItem","position":2,"name":"Parduotuv\u0117","item":"https:\/\/likepets.lt\/parduotuve\/"},{"@type":"ListItem","position":3,"name":"Wild Life Dog Marten- mink\u0161tas \u017eaislas \u0161unims"}]},{"@type":"WebSite","@id":"https:\/\/likepets.lt\/#website","url":"https:\/\/likepets.lt\/","name":"Likepets.lt","description":"","publisher":{"@id":"https:\/\/likepets.lt\/#\/schema\/person\/4ad7eed3b9dc7a176cfff59cfc71e86f"},"potentialAction":[{"@type":"SearchAction","target":{"@type":"EntryPoint","urlTemplate":"https:\/\/likepets.lt\/?s={search_term_string}"},"query-input":{"@type":"PropertyValueSpecification","valueRequired":true,"valueName":"search_term_string"}}],"inLanguage":"lt-LT"},{"@type":["Person","Organization"],"@id":"https:\/\/likepets.lt\/#\/schema\/person\/4ad7eed3b9dc7a176cfff59cfc71e86f","name":"Likepets.lt","image":{"@type":"ImageObject","inLanguage":"lt-LT","@id":"https:\/\/likepets.lt\/wp-content\/litespeed\/avatar\/e807fa13845e19a6e6af46a4bc771b01.jpg?ver=1775897302","url":"https:\/\/likepets.lt\/wp-content\/litespeed\/avatar\/e807fa13845e19a6e6af46a4bc771b01.jpg?ver=1775897302","contentUrl":"https:\/\/likepets.lt\/wp-content\/litespeed\/avatar\/e807fa13845e19a6e6af46a4bc771b01.jpg?ver=1775897302","caption":"Likepets.lt"},"logo":{"@id":"https:\/\/likepets.lt\/wp-content\/litespeed\/avatar\/e807fa13845e19a6e6af46a4bc771b01.jpg?ver=1775897302"},"sameAs":["http:\/\/likepets.lt","https:\/\/www.facebook.com\/profile.php?id=61569466134223","https:\/\/www.instagram.com\/likepets77\/?fbclid=IwY2xjawMjUHtleHRuA2FlbQIxMQBicmlkETBlaEhxaVI0bUk1RHl3bmVMAR7IJeYf9r0OCeo9BwYJUD-yM6Osp6MrosWJGq_QweyNqX1BUWyhO1-sP82C2g_aem_xQbJ_D9oWWiUjsE-R3Dlrw"]}]}},"_links":{"self":[{"href":"https:\/\/likepets.lt\/lt_lt\/wp-json\/wp\/v2\/product\/3310","targetHints":{"allow":["GET"]}}],"collection":[{"href":"https:\/\/likepets.lt\/lt_lt\/wp-json\/wp\/v2\/product"}],"about":[{"href":"https:\/\/likepets.lt\/lt_lt\/wp-json\/wp\/v2\/types\/product"}],"replies":[{"embeddable":true,"href":"https:\/\/likepets.lt\/lt_lt\/wp-json\/wp\/v2\/comments?post=3310"}],"version-history":[{"count":1,"href":"https:\/\/likepets.lt\/lt_lt\/wp-json\/wp\/v2\/product\/3310\/revisions"}],"predecessor-version":[{"id":62464,"href":"https:\/\/likepets.lt\/lt_lt\/wp-json\/wp\/v2\/product\/3310\/revisions\/62464"}],"wp:featuredmedia":[{"embeddable":true,"href":"https:\/\/likepets.lt\/lt_lt\/wp-json\/wp\/v2\/media\/3311"}],"wp:attachment":[{"href":"https:\/\/likepets.lt\/lt_lt\/wp-json\/wp\/v2\/media?parent=3310"}],"wp:term":[{"taxonomy":"product_brand","embeddable":true,"href":"https:\/\/likepets.lt\/lt_lt\/wp-json\/wp\/v2\/product_brand?post=3310"},{"taxonomy":"product_cat","embeddable":true,"href":"https:\/\/likepets.lt\/lt_lt\/wp-json\/wp\/v2\/product_cat?post=3310"},{"taxonomy":"product_tag","embeddable":true,"href":"https:\/\/likepets.lt\/lt_lt\/wp-json\/wp\/v2\/product_tag?post=3310"}],"curies":[{"name":"wp","href":"https:\/\/api.w.org\/{rel}","templated":true}]}}