{"id":3615,"date":"2025-01-08T16:59:48","date_gmt":"2025-01-08T16:59:48","guid":{"rendered":"https:\/\/likepets.lt\/?post_type=product&#038;p=3615"},"modified":"2025-07-16T15:33:13","modified_gmt":"2025-07-16T12:33:13","slug":"vincent-diet-sterilized-su-vistiena-sausas-pasaras-katems15-kg","status":"publish","type":"product","link":"https:\/\/likepets.lt\/lt_lt\/product\/vincent-diet-sterilized-su-vistiena-sausas-pasaras-katems15-kg\/","title":{"rendered":"Vincent Diet sausas sterilizuot\u0173 ka\u010di\u0173 maistas su vi\u0161tiena 1,5 kg"},"content":{"rendered":"<p><strong>Analitiniai komponentai: <\/strong>\u017dali baltymai 32,0%; \u017dali riebalai ir aliejai 12,0%; \u017dali pluo\u0161tai 4,6%; \u017dali pelenai 6,5%; Omega-3 0,4%; Omega-6 1,4%.<\/p>\n<p><strong>Sud\u0117tis: <\/strong>Dehidratuota m\u0117sa (vi\u0161tiena 33%), kukur\u016bzai, kietagr\u016bd\u017eiai kvie\u010diai (pilno gr\u016bdo 8%), ry\u017eiai, kvie\u010di\u0173 s\u0117lenos, d\u017eiovinta burok\u0117li\u0173 mink\u0161timas, kukur\u016bz\u0173 glitimas, vi\u0161tienos riebalai, dehidratuota \u017euvis, ank\u0161tiniai (vicia faba minor 2%), alyvuogi\u0173 aliejus (1%), dehidratuoti mikronizuoti sald\u017eiavaisio pupmed\u017eio ank\u0161tys, mineralai, d\u017eiovinti pomidorai (0,2%), ka\u0161ton\u0173 ekstraktas.<\/p>\n<p><strong>Priedai 1 kg: <\/strong>Maistiniai priedai: Vitaminas A (retinilo acetatas) 5 900 TV; Vitaminas D3 400 TV; Vitaminas E (alfa-tokoferolio acetatas) 83 mg; Vitaminas B1 (tiamino mononitratas) 7,30 mg; Vitaminas B2 (riboflavinas) 4,40 mg; Niacinas 45,00 mg; Kalcio-D-pantotenatas 6,00 mg; Vitaminas B6 (piridoksino hidrochloridas) 3,00 mg; Folio r\u016bg\u0161tis 0,91 mg; Vitaminas B12 0,03 mg; Biotinas 0,76 mg; Vitaminas K3 (3a710) 1,10 mg; Cholino chloridas 2 800 mg; Dengtas granuliuotas bevandenis kalcio jodatas 1,69 mg; E1 Gele\u017eies karbonatas (gele\u017eis 66,85 mg) 138,69 mg; E4 Varin\u0117s sulfato pentahidratas (varis 4,21 mg) 16,51 mg; E5 Mangan\u0173 oksidas (manganas 4,20 mg) 5,42 mg; Cinko oksidas 76,88 mg; E8 Natrio selenitas (selenas 0,25 mg) 0,55 mg; Taurinas 1 500 mg; DL-metioninas, techni\u0161kai grynas 1 000 mg; L-karnitino L-tartratas 200 mg. Technologiniai priedai: antioksidantai, konservantai.<\/p>\n<p><strong>Naudojimo instrukcijos: <\/strong>Patiekite saus\u0105 arba sudr\u0117kint\u0105 vandeniu. Visada u\u017etikrinkite, kad kat\u0117 tur\u0117t\u0173 \u0161vie\u017eio ir \u0161varaus vandens.<\/p>\n<p><strong>Laikymo instrukcijos: <\/strong>Saugoti nuo kar\u0161\u010dio \u0161altini\u0173. Po naudojimo u\u017edarykite pakuot\u0119. Laikyti v\u0117sioje, sausoje vietoje.<\/p>\n","protected":false},"excerpt":{"rendered":"<p>Auk\u0161tos kokyb\u0117s gyv\u016bniniai baltymai (vi\u0161tiena) ir augaliniai baltymai (ank\u0161tiniai), subalansuotas skaidul\u0173 (kvie\u010di\u0173) kiekis skatina ger\u0105 vir\u0161kinim\u0105, maistini\u0173 med\u017eiag\u0173 pasisavinim\u0105 bei \u017earnyno sveikat\u0105. Alyvuogi\u0173 aliejus reguliuoja tinkam\u0105 Omega-3 ir Omega-6 riebal\u0173 r\u016bg\u0161\u010di\u0173 santyk\u012f, kuris yra b\u016btinas sveikai odai ir kailiui, o pomidorai padeda pasisavinti antioksidantus, stiprinan\u010dius imunin\u0119 sistem\u0105.<\/p>\n","protected":false},"featured_media":62333,"comment_status":"open","ping_status":"closed","template":"","meta":[],"product_brand":[156],"product_cat":[157,81,150],"product_tag":[],"class_list":{"0":"post-3615","1":"product","2":"type-product","3":"status-publish","4":"has-post-thumbnail","6":"product_brand-vincent-diet","7":"product_cat-ispardavimas","8":"product_cat-kaciu-maistas","9":"product_cat-populiariausios-prekes","12":"first","13":"instock","14":"taxable","15":"shipping-taxable","16":"purchasable","17":"product-type-simple"},"yoast_head":"<!-- This site is optimized with the Yoast SEO plugin v27.4 - https:\/\/yoast.com\/product\/yoast-seo-wordpress\/ -->\n<title>Vincent Diet sausas sterilizuot\u0173 ka\u010di\u0173 maistas su vi\u0161tiena 1,5 kg - likepets.lt<\/title>\n<meta name=\"description\" content=\"Auk\u0161tos kokyb\u0117s sausas maistas sterilizuotoms kat\u0117ms. Vidur\u017eemio j\u016bros dieta, sveikas svoris, blizgus kailis ir geras vir\u0161kinimas. Greitas pristatymas!\" \/>\n<meta name=\"robots\" content=\"index, follow, max-snippet:-1, max-image-preview:large, max-video-preview:-1\" \/>\n<link rel=\"canonical\" href=\"https:\/\/likepets.lt\/lt_lt\/product\/vincent-diet-sterilized-su-vistiena-sausas-pasaras-katems15-kg\/\" \/>\n<meta property=\"og:locale\" content=\"lt_LT\" \/>\n<meta property=\"og:type\" content=\"article\" \/>\n<meta property=\"og:title\" content=\"Vincent Diet sausas sterilizuot\u0173 ka\u010di\u0173 maistas su vi\u0161tiena 1,5 kg - likepets.lt\" \/>\n<meta property=\"og:description\" content=\"Auk\u0161tos kokyb\u0117s sausas maistas sterilizuotoms kat\u0117ms. Vidur\u017eemio j\u016bros dieta, sveikas svoris, blizgus kailis ir geras vir\u0161kinimas. Greitas pristatymas!\" \/>\n<meta property=\"og:url\" content=\"https:\/\/likepets.lt\/lt_lt\/product\/vincent-diet-sterilized-su-vistiena-sausas-pasaras-katems15-kg\/\" \/>\n<meta property=\"og:site_name\" content=\"likepets.lt\" \/>\n<meta property=\"article:publisher\" content=\"https:\/\/www.facebook.com\/profile.php?id=61569466134223\" \/>\n<meta property=\"article:modified_time\" content=\"2025-07-16T12:33:13+00:00\" \/>\n<meta property=\"og:image\" content=\"https:\/\/likepets.lt\/wp-content\/uploads\/2025\/01\/Untitled-design-22.jpg\" \/>\n\t<meta property=\"og:image:width\" content=\"1080\" \/>\n\t<meta property=\"og:image:height\" content=\"1080\" \/>\n\t<meta property=\"og:image:type\" content=\"image\/jpeg\" \/>\n<meta name=\"twitter:card\" content=\"summary_large_image\" \/>\n<meta name=\"twitter:label1\" content=\"Est. reading time\" \/>\n\t<meta name=\"twitter:data1\" content=\"2 minut\u0117s\" \/>\n<script type=\"application\/ld+json\" class=\"yoast-schema-graph\">{\"@context\":\"https:\\\/\\\/schema.org\",\"@graph\":[{\"@type\":\"WebPage\",\"@id\":\"https:\\\/\\\/likepets.lt\\\/product\\\/vincent-diet-sterilized-su-vistiena-sausas-pasaras-katems15-kg\\\/\",\"url\":\"https:\\\/\\\/likepets.lt\\\/product\\\/vincent-diet-sterilized-su-vistiena-sausas-pasaras-katems15-kg\\\/\",\"name\":\"Vincent Diet sausas sterilizuot\u0173 ka\u010di\u0173 maistas su vi\u0161tiena 1,5 kg - likepets.lt\",\"isPartOf\":{\"@id\":\"https:\\\/\\\/likepets.lt\\\/#website\"},\"primaryImageOfPage\":{\"@id\":\"https:\\\/\\\/likepets.lt\\\/product\\\/vincent-diet-sterilized-su-vistiena-sausas-pasaras-katems15-kg\\\/#primaryimage\"},\"image\":{\"@id\":\"https:\\\/\\\/likepets.lt\\\/product\\\/vincent-diet-sterilized-su-vistiena-sausas-pasaras-katems15-kg\\\/#primaryimage\"},\"thumbnailUrl\":\"https:\\\/\\\/likepets.lt\\\/wp-content\\\/uploads\\\/2025\\\/01\\\/Untitled-design-22.jpg\",\"datePublished\":\"2025-01-08T16:59:48+00:00\",\"dateModified\":\"2025-07-16T12:33:13+00:00\",\"description\":\"Auk\u0161tos kokyb\u0117s sausas maistas sterilizuotoms kat\u0117ms. Vidur\u017eemio j\u016bros dieta, sveikas svoris, blizgus kailis ir geras vir\u0161kinimas. Greitas pristatymas!\",\"breadcrumb\":{\"@id\":\"https:\\\/\\\/likepets.lt\\\/product\\\/vincent-diet-sterilized-su-vistiena-sausas-pasaras-katems15-kg\\\/#breadcrumb\"},\"inLanguage\":\"lt-LT\",\"potentialAction\":[{\"@type\":\"ReadAction\",\"target\":[\"https:\\\/\\\/likepets.lt\\\/product\\\/vincent-diet-sterilized-su-vistiena-sausas-pasaras-katems15-kg\\\/\"]}]},{\"@type\":\"ImageObject\",\"inLanguage\":\"lt-LT\",\"@id\":\"https:\\\/\\\/likepets.lt\\\/product\\\/vincent-diet-sterilized-su-vistiena-sausas-pasaras-katems15-kg\\\/#primaryimage\",\"url\":\"https:\\\/\\\/likepets.lt\\\/wp-content\\\/uploads\\\/2025\\\/01\\\/Untitled-design-22.jpg\",\"contentUrl\":\"https:\\\/\\\/likepets.lt\\\/wp-content\\\/uploads\\\/2025\\\/01\\\/Untitled-design-22.jpg\",\"width\":1080,\"height\":1080},{\"@type\":\"BreadcrumbList\",\"@id\":\"https:\\\/\\\/likepets.lt\\\/product\\\/vincent-diet-sterilized-su-vistiena-sausas-pasaras-katems15-kg\\\/#breadcrumb\",\"itemListElement\":[{\"@type\":\"ListItem\",\"position\":1,\"name\":\"Home\",\"item\":\"https:\\\/\\\/likepets.lt\\\/lt_lt\\\/\"},{\"@type\":\"ListItem\",\"position\":2,\"name\":\"Parduotuv\u0117\",\"item\":\"https:\\\/\\\/likepets.lt\\\/parduotuve\\\/\"},{\"@type\":\"ListItem\",\"position\":3,\"name\":\"Vincent Diet sausas sterilizuot\u0173 ka\u010di\u0173 maistas su vi\u0161tiena 1,5 kg\"}]},{\"@type\":\"WebSite\",\"@id\":\"https:\\\/\\\/likepets.lt\\\/#website\",\"url\":\"https:\\\/\\\/likepets.lt\\\/\",\"name\":\"Likepets.lt\",\"description\":\"\",\"publisher\":{\"@id\":\"https:\\\/\\\/likepets.lt\\\/#\\\/schema\\\/person\\\/4ad7eed3b9dc7a176cfff59cfc71e86f\"},\"potentialAction\":[{\"@type\":\"SearchAction\",\"target\":{\"@type\":\"EntryPoint\",\"urlTemplate\":\"https:\\\/\\\/likepets.lt\\\/?s={search_term_string}\"},\"query-input\":{\"@type\":\"PropertyValueSpecification\",\"valueRequired\":true,\"valueName\":\"search_term_string\"}}],\"inLanguage\":\"lt-LT\"},{\"@type\":[\"Person\",\"Organization\"],\"@id\":\"https:\\\/\\\/likepets.lt\\\/#\\\/schema\\\/person\\\/4ad7eed3b9dc7a176cfff59cfc71e86f\",\"name\":\"Likepets.lt\",\"image\":{\"@type\":\"ImageObject\",\"inLanguage\":\"lt-LT\",\"@id\":\"https:\\\/\\\/likepets.lt\\\/wp-content\\\/litespeed\\\/avatar\\\/e807fa13845e19a6e6af46a4bc771b01.jpg?ver=1775897302\",\"url\":\"https:\\\/\\\/likepets.lt\\\/wp-content\\\/litespeed\\\/avatar\\\/e807fa13845e19a6e6af46a4bc771b01.jpg?ver=1775897302\",\"contentUrl\":\"https:\\\/\\\/likepets.lt\\\/wp-content\\\/litespeed\\\/avatar\\\/e807fa13845e19a6e6af46a4bc771b01.jpg?ver=1775897302\",\"caption\":\"Likepets.lt\"},\"logo\":{\"@id\":\"https:\\\/\\\/likepets.lt\\\/wp-content\\\/litespeed\\\/avatar\\\/e807fa13845e19a6e6af46a4bc771b01.jpg?ver=1775897302\"},\"sameAs\":[\"http:\\\/\\\/likepets.lt\",\"https:\\\/\\\/www.facebook.com\\\/profile.php?id=61569466134223\",\"https:\\\/\\\/www.instagram.com\\\/likepets77\\\/?fbclid=IwY2xjawMjUHtleHRuA2FlbQIxMQBicmlkETBlaEhxaVI0bUk1RHl3bmVMAR7IJeYf9r0OCeo9BwYJUD-yM6Osp6MrosWJGq_QweyNqX1BUWyhO1-sP82C2g_aem_xQbJ_D9oWWiUjsE-R3Dlrw\"]}]}<\/script>\n<!-- \/ Yoast SEO plugin. -->","yoast_head_json":{"title":"Vincent Diet sausas sterilizuot\u0173 ka\u010di\u0173 maistas su vi\u0161tiena 1,5 kg - likepets.lt","description":"Auk\u0161tos kokyb\u0117s sausas maistas sterilizuotoms kat\u0117ms. Vidur\u017eemio j\u016bros dieta, sveikas svoris, blizgus kailis ir geras vir\u0161kinimas. Greitas pristatymas!","robots":{"index":"index","follow":"follow","max-snippet":"max-snippet:-1","max-image-preview":"max-image-preview:large","max-video-preview":"max-video-preview:-1"},"canonical":"https:\/\/likepets.lt\/lt_lt\/product\/vincent-diet-sterilized-su-vistiena-sausas-pasaras-katems15-kg\/","og_locale":"lt_LT","og_type":"article","og_title":"Vincent Diet sausas sterilizuot\u0173 ka\u010di\u0173 maistas su vi\u0161tiena 1,5 kg - likepets.lt","og_description":"Auk\u0161tos kokyb\u0117s sausas maistas sterilizuotoms kat\u0117ms. Vidur\u017eemio j\u016bros dieta, sveikas svoris, blizgus kailis ir geras vir\u0161kinimas. Greitas pristatymas!","og_url":"https:\/\/likepets.lt\/lt_lt\/product\/vincent-diet-sterilized-su-vistiena-sausas-pasaras-katems15-kg\/","og_site_name":"likepets.lt","article_publisher":"https:\/\/www.facebook.com\/profile.php?id=61569466134223","article_modified_time":"2025-07-16T12:33:13+00:00","og_image":[{"width":1080,"height":1080,"url":"https:\/\/likepets.lt\/wp-content\/uploads\/2025\/01\/Untitled-design-22.jpg","type":"image\/jpeg"}],"twitter_card":"summary_large_image","twitter_misc":{"Est. reading time":"2 minut\u0117s"},"schema":{"@context":"https:\/\/schema.org","@graph":[{"@type":"WebPage","@id":"https:\/\/likepets.lt\/product\/vincent-diet-sterilized-su-vistiena-sausas-pasaras-katems15-kg\/","url":"https:\/\/likepets.lt\/product\/vincent-diet-sterilized-su-vistiena-sausas-pasaras-katems15-kg\/","name":"Vincent Diet sausas sterilizuot\u0173 ka\u010di\u0173 maistas su vi\u0161tiena 1,5 kg - likepets.lt","isPartOf":{"@id":"https:\/\/likepets.lt\/#website"},"primaryImageOfPage":{"@id":"https:\/\/likepets.lt\/product\/vincent-diet-sterilized-su-vistiena-sausas-pasaras-katems15-kg\/#primaryimage"},"image":{"@id":"https:\/\/likepets.lt\/product\/vincent-diet-sterilized-su-vistiena-sausas-pasaras-katems15-kg\/#primaryimage"},"thumbnailUrl":"https:\/\/likepets.lt\/wp-content\/uploads\/2025\/01\/Untitled-design-22.jpg","datePublished":"2025-01-08T16:59:48+00:00","dateModified":"2025-07-16T12:33:13+00:00","description":"Auk\u0161tos kokyb\u0117s sausas maistas sterilizuotoms kat\u0117ms. Vidur\u017eemio j\u016bros dieta, sveikas svoris, blizgus kailis ir geras vir\u0161kinimas. Greitas pristatymas!","breadcrumb":{"@id":"https:\/\/likepets.lt\/product\/vincent-diet-sterilized-su-vistiena-sausas-pasaras-katems15-kg\/#breadcrumb"},"inLanguage":"lt-LT","potentialAction":[{"@type":"ReadAction","target":["https:\/\/likepets.lt\/product\/vincent-diet-sterilized-su-vistiena-sausas-pasaras-katems15-kg\/"]}]},{"@type":"ImageObject","inLanguage":"lt-LT","@id":"https:\/\/likepets.lt\/product\/vincent-diet-sterilized-su-vistiena-sausas-pasaras-katems15-kg\/#primaryimage","url":"https:\/\/likepets.lt\/wp-content\/uploads\/2025\/01\/Untitled-design-22.jpg","contentUrl":"https:\/\/likepets.lt\/wp-content\/uploads\/2025\/01\/Untitled-design-22.jpg","width":1080,"height":1080},{"@type":"BreadcrumbList","@id":"https:\/\/likepets.lt\/product\/vincent-diet-sterilized-su-vistiena-sausas-pasaras-katems15-kg\/#breadcrumb","itemListElement":[{"@type":"ListItem","position":1,"name":"Home","item":"https:\/\/likepets.lt\/lt_lt\/"},{"@type":"ListItem","position":2,"name":"Parduotuv\u0117","item":"https:\/\/likepets.lt\/parduotuve\/"},{"@type":"ListItem","position":3,"name":"Vincent Diet sausas sterilizuot\u0173 ka\u010di\u0173 maistas su vi\u0161tiena 1,5 kg"}]},{"@type":"WebSite","@id":"https:\/\/likepets.lt\/#website","url":"https:\/\/likepets.lt\/","name":"Likepets.lt","description":"","publisher":{"@id":"https:\/\/likepets.lt\/#\/schema\/person\/4ad7eed3b9dc7a176cfff59cfc71e86f"},"potentialAction":[{"@type":"SearchAction","target":{"@type":"EntryPoint","urlTemplate":"https:\/\/likepets.lt\/?s={search_term_string}"},"query-input":{"@type":"PropertyValueSpecification","valueRequired":true,"valueName":"search_term_string"}}],"inLanguage":"lt-LT"},{"@type":["Person","Organization"],"@id":"https:\/\/likepets.lt\/#\/schema\/person\/4ad7eed3b9dc7a176cfff59cfc71e86f","name":"Likepets.lt","image":{"@type":"ImageObject","inLanguage":"lt-LT","@id":"https:\/\/likepets.lt\/wp-content\/litespeed\/avatar\/e807fa13845e19a6e6af46a4bc771b01.jpg?ver=1775897302","url":"https:\/\/likepets.lt\/wp-content\/litespeed\/avatar\/e807fa13845e19a6e6af46a4bc771b01.jpg?ver=1775897302","contentUrl":"https:\/\/likepets.lt\/wp-content\/litespeed\/avatar\/e807fa13845e19a6e6af46a4bc771b01.jpg?ver=1775897302","caption":"Likepets.lt"},"logo":{"@id":"https:\/\/likepets.lt\/wp-content\/litespeed\/avatar\/e807fa13845e19a6e6af46a4bc771b01.jpg?ver=1775897302"},"sameAs":["http:\/\/likepets.lt","https:\/\/www.facebook.com\/profile.php?id=61569466134223","https:\/\/www.instagram.com\/likepets77\/?fbclid=IwY2xjawMjUHtleHRuA2FlbQIxMQBicmlkETBlaEhxaVI0bUk1RHl3bmVMAR7IJeYf9r0OCeo9BwYJUD-yM6Osp6MrosWJGq_QweyNqX1BUWyhO1-sP82C2g_aem_xQbJ_D9oWWiUjsE-R3Dlrw"]}]}},"_links":{"self":[{"href":"https:\/\/likepets.lt\/lt_lt\/wp-json\/wp\/v2\/product\/3615","targetHints":{"allow":["GET"]}}],"collection":[{"href":"https:\/\/likepets.lt\/lt_lt\/wp-json\/wp\/v2\/product"}],"about":[{"href":"https:\/\/likepets.lt\/lt_lt\/wp-json\/wp\/v2\/types\/product"}],"replies":[{"embeddable":true,"href":"https:\/\/likepets.lt\/lt_lt\/wp-json\/wp\/v2\/comments?post=3615"}],"version-history":[{"count":2,"href":"https:\/\/likepets.lt\/lt_lt\/wp-json\/wp\/v2\/product\/3615\/revisions"}],"predecessor-version":[{"id":63059,"href":"https:\/\/likepets.lt\/lt_lt\/wp-json\/wp\/v2\/product\/3615\/revisions\/63059"}],"wp:featuredmedia":[{"embeddable":true,"href":"https:\/\/likepets.lt\/lt_lt\/wp-json\/wp\/v2\/media\/62333"}],"wp:attachment":[{"href":"https:\/\/likepets.lt\/lt_lt\/wp-json\/wp\/v2\/media?parent=3615"}],"wp:term":[{"taxonomy":"product_brand","embeddable":true,"href":"https:\/\/likepets.lt\/lt_lt\/wp-json\/wp\/v2\/product_brand?post=3615"},{"taxonomy":"product_cat","embeddable":true,"href":"https:\/\/likepets.lt\/lt_lt\/wp-json\/wp\/v2\/product_cat?post=3615"},{"taxonomy":"product_tag","embeddable":true,"href":"https:\/\/likepets.lt\/lt_lt\/wp-json\/wp\/v2\/product_tag?post=3615"}],"curies":[{"name":"wp","href":"https:\/\/api.w.org\/{rel}","templated":true}]}}