{"id":3619,"date":"2025-01-08T16:59:09","date_gmt":"2025-01-08T16:59:09","guid":{"rendered":"https:\/\/likepets.lt\/?post_type=product&#038;p=3619"},"modified":"2025-07-16T15:33:51","modified_gmt":"2025-07-16T12:33:51","slug":"vincent-mycat-sausas-kaciu-pasaras-su-zuvimi-4-kg","status":"publish","type":"product","link":"https:\/\/likepets.lt\/lt_lt\/product\/vincent-mycat-sausas-kaciu-pasaras-su-zuvimi-4-kg\/","title":{"rendered":"Vincent Mycat sausas ka\u010di\u0173 maistas su \u017euvimi 4 kg."},"content":{"rendered":"<p><strong>Sud\u0117tis:<\/strong> Dehidratuota m\u0117sa, gr\u016bdai, augalin\u0117s kilm\u0117s produktai, dehidratuota \u017euvis (4%), \u017euv\u0173 taukai (3%), mineralai.<\/p>\n<p><strong>Maistiniai priedai 1 kg:<\/strong>\u00a0Vitaminas A (3a672a) 12600 TV; Vitaminas D3 (3a671) 1050 TV; Vitaminas E (3a700) 105 mg; Taurinas 1050 mg.<\/p>\n<p><strong>Technologiniai priedai:<\/strong> antioksidantai, konservantai.<\/p>\n<p><strong>Tinkamo naudojimo instrukcijos:<\/strong> Patiekite tok\u012f, koks yra arba sudr\u0117kintas vandeniu. Palikite \u0161var\u0173 ir g\u0117l\u0105 vanden\u012f.<\/p>\n<p><strong>Tinkamo laikymo instrukcijos:<\/strong> Laikyti atokiai nuo \u0161ilumos \u0161altini\u0173. Po naudojimo v\u0117l u\u017edarykite pakuot\u0119. Laikykite gamin\u012f v\u0117sioje, sausoje vietoje.<\/p>\n","protected":false},"excerpt":{"rendered":"<p>Mycat Fish yra visavertis ir subalansuotas pa\u0161aras suaugusioms vis\u0173 veisli\u0173 kat\u0117ms.<br \/>\n\u0160is pa\u0161aras suk\u016brtas specialiai suaugusioms (vyresni\u0173 nei 1 met\u0173) kat\u0117ms, kurios u\u017esiima reguliaria fizine veikla, mitybos poreikiams patenkinti. Optimalus \u017euvies baltym\u0173 kiekis leid\u017eia i\u0161laikyti ideal\u0173 k\u016bno svor\u012f ir skatina sveik\u0105 od\u0105 bei kail\u012f.<\/p>\n","protected":false},"featured_media":62336,"comment_status":"open","ping_status":"closed","template":"","meta":[],"product_brand":[156],"product_cat":[81],"product_tag":[],"class_list":{"0":"post-3619","1":"product","2":"type-product","3":"status-publish","4":"has-post-thumbnail","6":"product_brand-vincent-diet","7":"product_cat-kaciu-maistas","10":"first","11":"instock","12":"taxable","13":"shipping-taxable","14":"purchasable","15":"product-type-simple"},"yoast_head":"<!-- This site is optimized with the Yoast SEO plugin v27.4 - https:\/\/yoast.com\/product\/yoast-seo-wordpress\/ -->\n<title>Vincent Mycat sausas ka\u010di\u0173 maistas su \u017euvimi 4 kg. - LikePets.lt<\/title>\n<meta name=\"description\" content=\"Vincent Mycat sausas ka\u010di\u0173 maistas su \u017euvimi 4 kg. \u2013 Padeda i\u0161laikyti sveik\u0105 kail\u012f ir ideal\u0173 svor\u012f. Tinka vis\u0173 veisli\u0173 kat\u0117ms nuo 1 met\u0173.\" \/>\n<meta name=\"robots\" content=\"index, follow, max-snippet:-1, max-image-preview:large, max-video-preview:-1\" \/>\n<link rel=\"canonical\" href=\"https:\/\/likepets.lt\/lt_lt\/product\/vincent-mycat-sausas-kaciu-pasaras-su-zuvimi-4-kg\/\" \/>\n<meta property=\"og:locale\" content=\"lt_LT\" \/>\n<meta property=\"og:type\" content=\"article\" \/>\n<meta property=\"og:title\" content=\"Vincent Mycat sausas ka\u010di\u0173 maistas su \u017euvimi 4 kg. - LikePets.lt\" \/>\n<meta property=\"og:description\" content=\"Vincent Mycat sausas ka\u010di\u0173 maistas su \u017euvimi 4 kg. \u2013 Padeda i\u0161laikyti sveik\u0105 kail\u012f ir ideal\u0173 svor\u012f. Tinka vis\u0173 veisli\u0173 kat\u0117ms nuo 1 met\u0173.\" \/>\n<meta property=\"og:url\" content=\"https:\/\/likepets.lt\/lt_lt\/product\/vincent-mycat-sausas-kaciu-pasaras-su-zuvimi-4-kg\/\" \/>\n<meta property=\"og:site_name\" content=\"likepets.lt\" \/>\n<meta property=\"article:publisher\" content=\"https:\/\/www.facebook.com\/profile.php?id=61569466134223\" \/>\n<meta property=\"article:modified_time\" content=\"2025-07-16T12:33:51+00:00\" \/>\n<meta property=\"og:image\" content=\"https:\/\/likepets.lt\/wp-content\/uploads\/2025\/01\/vincent-mycat-sausas-kaciu-maistas-su-zuvimi-3.jpg\" \/>\n\t<meta property=\"og:image:width\" content=\"1080\" \/>\n\t<meta property=\"og:image:height\" content=\"1080\" \/>\n\t<meta property=\"og:image:type\" content=\"image\/jpeg\" \/>\n<meta name=\"twitter:card\" content=\"summary_large_image\" \/>\n<meta name=\"twitter:label1\" content=\"Est. reading time\" \/>\n\t<meta name=\"twitter:data1\" content=\"1 minut\u0117\" \/>\n<script type=\"application\/ld+json\" class=\"yoast-schema-graph\">{\"@context\":\"https:\\\/\\\/schema.org\",\"@graph\":[{\"@type\":\"WebPage\",\"@id\":\"https:\\\/\\\/likepets.lt\\\/product\\\/vincent-mycat-sausas-kaciu-pasaras-su-zuvimi-4-kg\\\/\",\"url\":\"https:\\\/\\\/likepets.lt\\\/product\\\/vincent-mycat-sausas-kaciu-pasaras-su-zuvimi-4-kg\\\/\",\"name\":\"Vincent Mycat sausas ka\u010di\u0173 maistas su \u017euvimi 4 kg. - LikePets.lt\",\"isPartOf\":{\"@id\":\"https:\\\/\\\/likepets.lt\\\/#website\"},\"primaryImageOfPage\":{\"@id\":\"https:\\\/\\\/likepets.lt\\\/product\\\/vincent-mycat-sausas-kaciu-pasaras-su-zuvimi-4-kg\\\/#primaryimage\"},\"image\":{\"@id\":\"https:\\\/\\\/likepets.lt\\\/product\\\/vincent-mycat-sausas-kaciu-pasaras-su-zuvimi-4-kg\\\/#primaryimage\"},\"thumbnailUrl\":\"https:\\\/\\\/likepets.lt\\\/wp-content\\\/uploads\\\/2025\\\/01\\\/vincent-mycat-sausas-kaciu-maistas-su-zuvimi-3.jpg\",\"datePublished\":\"2025-01-08T16:59:09+00:00\",\"dateModified\":\"2025-07-16T12:33:51+00:00\",\"description\":\"Vincent Mycat sausas ka\u010di\u0173 maistas su \u017euvimi 4 kg. \u2013 Padeda i\u0161laikyti sveik\u0105 kail\u012f ir ideal\u0173 svor\u012f. Tinka vis\u0173 veisli\u0173 kat\u0117ms nuo 1 met\u0173.\",\"breadcrumb\":{\"@id\":\"https:\\\/\\\/likepets.lt\\\/product\\\/vincent-mycat-sausas-kaciu-pasaras-su-zuvimi-4-kg\\\/#breadcrumb\"},\"inLanguage\":\"lt-LT\",\"potentialAction\":[{\"@type\":\"ReadAction\",\"target\":[\"https:\\\/\\\/likepets.lt\\\/product\\\/vincent-mycat-sausas-kaciu-pasaras-su-zuvimi-4-kg\\\/\"]}]},{\"@type\":\"ImageObject\",\"inLanguage\":\"lt-LT\",\"@id\":\"https:\\\/\\\/likepets.lt\\\/product\\\/vincent-mycat-sausas-kaciu-pasaras-su-zuvimi-4-kg\\\/#primaryimage\",\"url\":\"https:\\\/\\\/likepets.lt\\\/wp-content\\\/uploads\\\/2025\\\/01\\\/vincent-mycat-sausas-kaciu-maistas-su-zuvimi-3.jpg\",\"contentUrl\":\"https:\\\/\\\/likepets.lt\\\/wp-content\\\/uploads\\\/2025\\\/01\\\/vincent-mycat-sausas-kaciu-maistas-su-zuvimi-3.jpg\",\"width\":1080,\"height\":1080,\"caption\":\"Vincent Mycat sausas ka\u010di\u0173 maistas su \u017euvimi, 4 kg pakuot\u0117\"},{\"@type\":\"BreadcrumbList\",\"@id\":\"https:\\\/\\\/likepets.lt\\\/product\\\/vincent-mycat-sausas-kaciu-pasaras-su-zuvimi-4-kg\\\/#breadcrumb\",\"itemListElement\":[{\"@type\":\"ListItem\",\"position\":1,\"name\":\"Home\",\"item\":\"https:\\\/\\\/likepets.lt\\\/lt_lt\\\/\"},{\"@type\":\"ListItem\",\"position\":2,\"name\":\"Parduotuv\u0117\",\"item\":\"https:\\\/\\\/likepets.lt\\\/parduotuve\\\/\"},{\"@type\":\"ListItem\",\"position\":3,\"name\":\"Vincent Mycat sausas ka\u010di\u0173 maistas su \u017euvimi 4 kg.\"}]},{\"@type\":\"WebSite\",\"@id\":\"https:\\\/\\\/likepets.lt\\\/#website\",\"url\":\"https:\\\/\\\/likepets.lt\\\/\",\"name\":\"Likepets.lt\",\"description\":\"\",\"publisher\":{\"@id\":\"https:\\\/\\\/likepets.lt\\\/#\\\/schema\\\/person\\\/4ad7eed3b9dc7a176cfff59cfc71e86f\"},\"potentialAction\":[{\"@type\":\"SearchAction\",\"target\":{\"@type\":\"EntryPoint\",\"urlTemplate\":\"https:\\\/\\\/likepets.lt\\\/?s={search_term_string}\"},\"query-input\":{\"@type\":\"PropertyValueSpecification\",\"valueRequired\":true,\"valueName\":\"search_term_string\"}}],\"inLanguage\":\"lt-LT\"},{\"@type\":[\"Person\",\"Organization\"],\"@id\":\"https:\\\/\\\/likepets.lt\\\/#\\\/schema\\\/person\\\/4ad7eed3b9dc7a176cfff59cfc71e86f\",\"name\":\"Likepets.lt\",\"image\":{\"@type\":\"ImageObject\",\"inLanguage\":\"lt-LT\",\"@id\":\"https:\\\/\\\/likepets.lt\\\/wp-content\\\/litespeed\\\/avatar\\\/e807fa13845e19a6e6af46a4bc771b01.jpg?ver=1775897302\",\"url\":\"https:\\\/\\\/likepets.lt\\\/wp-content\\\/litespeed\\\/avatar\\\/e807fa13845e19a6e6af46a4bc771b01.jpg?ver=1775897302\",\"contentUrl\":\"https:\\\/\\\/likepets.lt\\\/wp-content\\\/litespeed\\\/avatar\\\/e807fa13845e19a6e6af46a4bc771b01.jpg?ver=1775897302\",\"caption\":\"Likepets.lt\"},\"logo\":{\"@id\":\"https:\\\/\\\/likepets.lt\\\/wp-content\\\/litespeed\\\/avatar\\\/e807fa13845e19a6e6af46a4bc771b01.jpg?ver=1775897302\"},\"sameAs\":[\"http:\\\/\\\/likepets.lt\",\"https:\\\/\\\/www.facebook.com\\\/profile.php?id=61569466134223\",\"https:\\\/\\\/www.instagram.com\\\/likepets77\\\/?fbclid=IwY2xjawMjUHtleHRuA2FlbQIxMQBicmlkETBlaEhxaVI0bUk1RHl3bmVMAR7IJeYf9r0OCeo9BwYJUD-yM6Osp6MrosWJGq_QweyNqX1BUWyhO1-sP82C2g_aem_xQbJ_D9oWWiUjsE-R3Dlrw\"]}]}<\/script>\n<!-- \/ Yoast SEO plugin. -->","yoast_head_json":{"title":"Vincent Mycat sausas ka\u010di\u0173 maistas su \u017euvimi 4 kg. - LikePets.lt","description":"Vincent Mycat sausas ka\u010di\u0173 maistas su \u017euvimi 4 kg. \u2013 Padeda i\u0161laikyti sveik\u0105 kail\u012f ir ideal\u0173 svor\u012f. Tinka vis\u0173 veisli\u0173 kat\u0117ms nuo 1 met\u0173.","robots":{"index":"index","follow":"follow","max-snippet":"max-snippet:-1","max-image-preview":"max-image-preview:large","max-video-preview":"max-video-preview:-1"},"canonical":"https:\/\/likepets.lt\/lt_lt\/product\/vincent-mycat-sausas-kaciu-pasaras-su-zuvimi-4-kg\/","og_locale":"lt_LT","og_type":"article","og_title":"Vincent Mycat sausas ka\u010di\u0173 maistas su \u017euvimi 4 kg. - LikePets.lt","og_description":"Vincent Mycat sausas ka\u010di\u0173 maistas su \u017euvimi 4 kg. \u2013 Padeda i\u0161laikyti sveik\u0105 kail\u012f ir ideal\u0173 svor\u012f. Tinka vis\u0173 veisli\u0173 kat\u0117ms nuo 1 met\u0173.","og_url":"https:\/\/likepets.lt\/lt_lt\/product\/vincent-mycat-sausas-kaciu-pasaras-su-zuvimi-4-kg\/","og_site_name":"likepets.lt","article_publisher":"https:\/\/www.facebook.com\/profile.php?id=61569466134223","article_modified_time":"2025-07-16T12:33:51+00:00","og_image":[{"width":1080,"height":1080,"url":"https:\/\/likepets.lt\/wp-content\/uploads\/2025\/01\/vincent-mycat-sausas-kaciu-maistas-su-zuvimi-3.jpg","type":"image\/jpeg"}],"twitter_card":"summary_large_image","twitter_misc":{"Est. reading time":"1 minut\u0117"},"schema":{"@context":"https:\/\/schema.org","@graph":[{"@type":"WebPage","@id":"https:\/\/likepets.lt\/product\/vincent-mycat-sausas-kaciu-pasaras-su-zuvimi-4-kg\/","url":"https:\/\/likepets.lt\/product\/vincent-mycat-sausas-kaciu-pasaras-su-zuvimi-4-kg\/","name":"Vincent Mycat sausas ka\u010di\u0173 maistas su \u017euvimi 4 kg. - LikePets.lt","isPartOf":{"@id":"https:\/\/likepets.lt\/#website"},"primaryImageOfPage":{"@id":"https:\/\/likepets.lt\/product\/vincent-mycat-sausas-kaciu-pasaras-su-zuvimi-4-kg\/#primaryimage"},"image":{"@id":"https:\/\/likepets.lt\/product\/vincent-mycat-sausas-kaciu-pasaras-su-zuvimi-4-kg\/#primaryimage"},"thumbnailUrl":"https:\/\/likepets.lt\/wp-content\/uploads\/2025\/01\/vincent-mycat-sausas-kaciu-maistas-su-zuvimi-3.jpg","datePublished":"2025-01-08T16:59:09+00:00","dateModified":"2025-07-16T12:33:51+00:00","description":"Vincent Mycat sausas ka\u010di\u0173 maistas su \u017euvimi 4 kg. \u2013 Padeda i\u0161laikyti sveik\u0105 kail\u012f ir ideal\u0173 svor\u012f. Tinka vis\u0173 veisli\u0173 kat\u0117ms nuo 1 met\u0173.","breadcrumb":{"@id":"https:\/\/likepets.lt\/product\/vincent-mycat-sausas-kaciu-pasaras-su-zuvimi-4-kg\/#breadcrumb"},"inLanguage":"lt-LT","potentialAction":[{"@type":"ReadAction","target":["https:\/\/likepets.lt\/product\/vincent-mycat-sausas-kaciu-pasaras-su-zuvimi-4-kg\/"]}]},{"@type":"ImageObject","inLanguage":"lt-LT","@id":"https:\/\/likepets.lt\/product\/vincent-mycat-sausas-kaciu-pasaras-su-zuvimi-4-kg\/#primaryimage","url":"https:\/\/likepets.lt\/wp-content\/uploads\/2025\/01\/vincent-mycat-sausas-kaciu-maistas-su-zuvimi-3.jpg","contentUrl":"https:\/\/likepets.lt\/wp-content\/uploads\/2025\/01\/vincent-mycat-sausas-kaciu-maistas-su-zuvimi-3.jpg","width":1080,"height":1080,"caption":"Vincent Mycat sausas ka\u010di\u0173 maistas su \u017euvimi, 4 kg pakuot\u0117"},{"@type":"BreadcrumbList","@id":"https:\/\/likepets.lt\/product\/vincent-mycat-sausas-kaciu-pasaras-su-zuvimi-4-kg\/#breadcrumb","itemListElement":[{"@type":"ListItem","position":1,"name":"Home","item":"https:\/\/likepets.lt\/lt_lt\/"},{"@type":"ListItem","position":2,"name":"Parduotuv\u0117","item":"https:\/\/likepets.lt\/parduotuve\/"},{"@type":"ListItem","position":3,"name":"Vincent Mycat sausas ka\u010di\u0173 maistas su \u017euvimi 4 kg."}]},{"@type":"WebSite","@id":"https:\/\/likepets.lt\/#website","url":"https:\/\/likepets.lt\/","name":"Likepets.lt","description":"","publisher":{"@id":"https:\/\/likepets.lt\/#\/schema\/person\/4ad7eed3b9dc7a176cfff59cfc71e86f"},"potentialAction":[{"@type":"SearchAction","target":{"@type":"EntryPoint","urlTemplate":"https:\/\/likepets.lt\/?s={search_term_string}"},"query-input":{"@type":"PropertyValueSpecification","valueRequired":true,"valueName":"search_term_string"}}],"inLanguage":"lt-LT"},{"@type":["Person","Organization"],"@id":"https:\/\/likepets.lt\/#\/schema\/person\/4ad7eed3b9dc7a176cfff59cfc71e86f","name":"Likepets.lt","image":{"@type":"ImageObject","inLanguage":"lt-LT","@id":"https:\/\/likepets.lt\/wp-content\/litespeed\/avatar\/e807fa13845e19a6e6af46a4bc771b01.jpg?ver=1775897302","url":"https:\/\/likepets.lt\/wp-content\/litespeed\/avatar\/e807fa13845e19a6e6af46a4bc771b01.jpg?ver=1775897302","contentUrl":"https:\/\/likepets.lt\/wp-content\/litespeed\/avatar\/e807fa13845e19a6e6af46a4bc771b01.jpg?ver=1775897302","caption":"Likepets.lt"},"logo":{"@id":"https:\/\/likepets.lt\/wp-content\/litespeed\/avatar\/e807fa13845e19a6e6af46a4bc771b01.jpg?ver=1775897302"},"sameAs":["http:\/\/likepets.lt","https:\/\/www.facebook.com\/profile.php?id=61569466134223","https:\/\/www.instagram.com\/likepets77\/?fbclid=IwY2xjawMjUHtleHRuA2FlbQIxMQBicmlkETBlaEhxaVI0bUk1RHl3bmVMAR7IJeYf9r0OCeo9BwYJUD-yM6Osp6MrosWJGq_QweyNqX1BUWyhO1-sP82C2g_aem_xQbJ_D9oWWiUjsE-R3Dlrw"]}]}},"_links":{"self":[{"href":"https:\/\/likepets.lt\/lt_lt\/wp-json\/wp\/v2\/product\/3619","targetHints":{"allow":["GET"]}}],"collection":[{"href":"https:\/\/likepets.lt\/lt_lt\/wp-json\/wp\/v2\/product"}],"about":[{"href":"https:\/\/likepets.lt\/lt_lt\/wp-json\/wp\/v2\/types\/product"}],"replies":[{"embeddable":true,"href":"https:\/\/likepets.lt\/lt_lt\/wp-json\/wp\/v2\/comments?post=3619"}],"version-history":[{"count":2,"href":"https:\/\/likepets.lt\/lt_lt\/wp-json\/wp\/v2\/product\/3619\/revisions"}],"predecessor-version":[{"id":63060,"href":"https:\/\/likepets.lt\/lt_lt\/wp-json\/wp\/v2\/product\/3619\/revisions\/63060"}],"wp:featuredmedia":[{"embeddable":true,"href":"https:\/\/likepets.lt\/lt_lt\/wp-json\/wp\/v2\/media\/62336"}],"wp:attachment":[{"href":"https:\/\/likepets.lt\/lt_lt\/wp-json\/wp\/v2\/media?parent=3619"}],"wp:term":[{"taxonomy":"product_brand","embeddable":true,"href":"https:\/\/likepets.lt\/lt_lt\/wp-json\/wp\/v2\/product_brand?post=3619"},{"taxonomy":"product_cat","embeddable":true,"href":"https:\/\/likepets.lt\/lt_lt\/wp-json\/wp\/v2\/product_cat?post=3619"},{"taxonomy":"product_tag","embeddable":true,"href":"https:\/\/likepets.lt\/lt_lt\/wp-json\/wp\/v2\/product_tag?post=3619"}],"curies":[{"name":"wp","href":"https:\/\/api.w.org\/{rel}","templated":true}]}}