{"id":3670,"date":"2025-01-08T17:12:51","date_gmt":"2025-01-08T17:12:51","guid":{"rendered":"https:\/\/likepets.lt\/?post_type=product&#038;p=3670"},"modified":"2025-07-16T15:32:38","modified_gmt":"2025-07-16T12:32:38","slug":"vincent-diet-sausas-pasaras-katems-su-vistiena-15-kg","status":"publish","type":"product","link":"https:\/\/likepets.lt\/lt_lt\/product\/vincent-diet-sausas-pasaras-katems-su-vistiena-15-kg\/","title":{"rendered":"Vincent Diet sausas maistas kat\u0117ms su vi\u0161tiena 1,5 kg"},"content":{"rendered":"<p><strong>Analitiniai komponentai:<\/strong> \u017dali baltymai 33,0%; Neapdorotas aliejus ir riebalai 14,0%; \u017dalia l\u0105steliena 2,0%; \u017dali pelenai 6,5%; Omega-3 0,4%; Omega-6 1,4%. Sud\u0117tis: dehidratuota m\u0117sa (vi\u0161tiena 37%), kukur\u016bzai, kietieji kvie\u010diai (visi 8%), vi\u0161tienos riebalai, kvie\u010di\u0173 s\u0117lenos, ry\u017eiai, kukur\u016bz\u0173 glitimas, dehidratuota \u017euvis, d\u017eiovintas burok\u0117li\u0173 mink\u0161timas, ank\u0161tiniai augalai (vicia faba minor 2%), alyvuogi\u0173 aliejus ( 1%), mineralai, mikronizuota dehidratuota karob\u0173 ank\u0161tis, dehidratuoti pomidorai (0,2%), ka\u0161ton\u0173 ekstraktas.<br \/>\n<strong>Maistiniai priedai 1 kg:<\/strong> Vitaminas A (retinilo acetatas) 5.900 TV; Vitaminas D3 400 TV; Vitaminas E (vis\u0173 ras\u0173 alfa-tokoferilo acetatas) 83 mg; Vitaminas B1 (tiamino mononitratas) 7,30 mg; Vitaminas B2 (riboflavinas) 4,40 mg; Niacinas 45,00 mg; Kalcio-D-pantotenatas 6,00 mg; Vitaminas B6 (piridoksino hidrochloridas) 3,00 mg; Folio r\u016bg\u0161tis 0,91 mg; Vitaminas B12 0,03 mg; Biotinas 0,76 mg; Vitaminas K3 (3a710) 1,10 mg; Cholino chloridas 2,800 mg; Dengtas granuliuotas bevandenis kalcio jodatas 1,69 mg; E1 Gele\u017eies karbonatas (gele\u017eis 66,85 mg) 138,69 mg; E4 Vario sulfato pentahidratas (varis 4,21 mg) 16,51 mg; E5 Mangano oksidas (manganas 4,20 mg) 5,42 mg; Cinko oksidas 76,88 mg; E8 Natrio selenitas (selenas 0,25 mg) 0,55 mg; Taurinas 1,500 mg; DL-metioninas techni\u0161kai grynas 500 mg.<\/p>\n<p><strong>Technologiniai priedai:<\/strong> antioksidantai, konservantai.<\/p>\n<p><strong>Tinkamo laikymo instrukcijos:<\/strong> Laikyti atokiai nuo \u0161ilumos \u0161altini\u0173. Po naudojimo v\u0117l u\u017edarykite pakuot\u0119. Laikykite gamin\u012f v\u0117sioje, sausoje vietoje.<\/p>\n","protected":false},"excerpt":{"rendered":"<p>Pa\u0161aras sukurtas naudojant nat\u016bralius Vidur\u017eemio j\u016bros dietoje \u012fprastus ingredientus (alyvuogi\u0173 aliejus, kietieji kvie\u010diai, pomidorai, ank\u0161tiniai augalai), \u0161i formul\u0117 garantuoja j\u016bs\u0173 keturkoj\u0173 draug\u0173 gerov\u0119 ir sveikat\u0105. Auk\u0161tos kokyb\u0117s gyv\u016bniniai baltymai (vi\u0161tiena) ir augaliniai baltymai (ank\u0161tiniai augalai) kartu su subalansuotu skaidul\u0173 (kvie\u010di\u0173) suvartojimu skatina ger\u0105 vir\u0161kinamum\u0105, maistini\u0173 med\u017eiag\u0173 \u012fsisavinim\u0105 ir \u017earnyno sveikat\u0105. Alyvuogi\u0173 aliejaus naudojimas reguliuoja tinkam\u0105 Omega 3 ir Omega 6 riebal\u0173 r\u016bg\u0161\u010di\u0173 santyk\u012f sveikai odai ir plaukams, o pomidoras u\u017etikrina antioksidant\u0173 \u012fsisavinim\u0105, kad sustiprint\u0173 imunin\u0119 sistem\u0105.<\/p>\n","protected":false},"featured_media":62338,"comment_status":"open","ping_status":"closed","template":"","meta":[],"product_brand":[156],"product_cat":[81],"product_tag":[],"class_list":{"0":"post-3670","1":"product","2":"type-product","3":"status-publish","4":"has-post-thumbnail","6":"product_brand-vincent-diet","7":"product_cat-kaciu-maistas","10":"first","11":"instock","12":"taxable","13":"shipping-taxable","14":"purchasable","15":"product-type-simple"},"yoast_head":"<!-- This site is optimized with the Yoast SEO plugin v27.4 - https:\/\/yoast.com\/product\/yoast-seo-wordpress\/ -->\n<title>Vincent Diet sausas maistas kat\u0117ms su vi\u0161tiena 1,5 kg - likepets.lt<\/title>\n<meta name=\"description\" content=\"Subalansuota ir visavert\u0117 mityba su nat\u016braliais ingredientais, praturtinta Vidur\u017eemio j\u016bros dieta. Padeda palaikyti sveik\u0105 vir\u0161kinim\u0105, blizgant\u012f kail\u012f.\" \/>\n<meta name=\"robots\" content=\"index, follow, max-snippet:-1, max-image-preview:large, max-video-preview:-1\" \/>\n<link rel=\"canonical\" href=\"https:\/\/likepets.lt\/lt_lt\/product\/vincent-diet-sausas-pasaras-katems-su-vistiena-15-kg\/\" \/>\n<meta property=\"og:locale\" content=\"lt_LT\" \/>\n<meta property=\"og:type\" content=\"article\" \/>\n<meta property=\"og:title\" content=\"Vincent Diet sausas maistas kat\u0117ms su vi\u0161tiena 1,5 kg - likepets.lt\" \/>\n<meta property=\"og:description\" content=\"Subalansuota ir visavert\u0117 mityba su nat\u016braliais ingredientais, praturtinta Vidur\u017eemio j\u016bros dieta. Padeda palaikyti sveik\u0105 vir\u0161kinim\u0105, blizgant\u012f kail\u012f.\" \/>\n<meta property=\"og:url\" content=\"https:\/\/likepets.lt\/lt_lt\/product\/vincent-diet-sausas-pasaras-katems-su-vistiena-15-kg\/\" \/>\n<meta property=\"og:site_name\" content=\"likepets.lt\" \/>\n<meta property=\"article:publisher\" content=\"https:\/\/www.facebook.com\/profile.php?id=61569466134223\" \/>\n<meta property=\"article:modified_time\" content=\"2025-07-16T12:32:38+00:00\" \/>\n<meta property=\"og:image\" content=\"https:\/\/likepets.lt\/wp-content\/uploads\/2025\/01\/nuotrauka.jpg\" \/>\n\t<meta property=\"og:image:width\" content=\"1080\" \/>\n\t<meta property=\"og:image:height\" content=\"1080\" \/>\n\t<meta property=\"og:image:type\" content=\"image\/jpeg\" \/>\n<meta name=\"twitter:card\" content=\"summary_large_image\" \/>\n<meta name=\"twitter:label1\" content=\"Est. reading time\" \/>\n\t<meta name=\"twitter:data1\" content=\"2 minut\u0117s\" \/>\n<script type=\"application\/ld+json\" class=\"yoast-schema-graph\">{\"@context\":\"https:\\\/\\\/schema.org\",\"@graph\":[{\"@type\":\"WebPage\",\"@id\":\"https:\\\/\\\/likepets.lt\\\/product\\\/vincent-diet-sausas-pasaras-katems-su-vistiena-15-kg\\\/\",\"url\":\"https:\\\/\\\/likepets.lt\\\/product\\\/vincent-diet-sausas-pasaras-katems-su-vistiena-15-kg\\\/\",\"name\":\"Vincent Diet sausas maistas kat\u0117ms su vi\u0161tiena 1,5 kg - likepets.lt\",\"isPartOf\":{\"@id\":\"https:\\\/\\\/likepets.lt\\\/#website\"},\"primaryImageOfPage\":{\"@id\":\"https:\\\/\\\/likepets.lt\\\/product\\\/vincent-diet-sausas-pasaras-katems-su-vistiena-15-kg\\\/#primaryimage\"},\"image\":{\"@id\":\"https:\\\/\\\/likepets.lt\\\/product\\\/vincent-diet-sausas-pasaras-katems-su-vistiena-15-kg\\\/#primaryimage\"},\"thumbnailUrl\":\"https:\\\/\\\/likepets.lt\\\/wp-content\\\/uploads\\\/2025\\\/01\\\/nuotrauka.jpg\",\"datePublished\":\"2025-01-08T17:12:51+00:00\",\"dateModified\":\"2025-07-16T12:32:38+00:00\",\"description\":\"Subalansuota ir visavert\u0117 mityba su nat\u016braliais ingredientais, praturtinta Vidur\u017eemio j\u016bros dieta. Padeda palaikyti sveik\u0105 vir\u0161kinim\u0105, blizgant\u012f kail\u012f.\",\"breadcrumb\":{\"@id\":\"https:\\\/\\\/likepets.lt\\\/product\\\/vincent-diet-sausas-pasaras-katems-su-vistiena-15-kg\\\/#breadcrumb\"},\"inLanguage\":\"lt-LT\",\"potentialAction\":[{\"@type\":\"ReadAction\",\"target\":[\"https:\\\/\\\/likepets.lt\\\/product\\\/vincent-diet-sausas-pasaras-katems-su-vistiena-15-kg\\\/\"]}]},{\"@type\":\"ImageObject\",\"inLanguage\":\"lt-LT\",\"@id\":\"https:\\\/\\\/likepets.lt\\\/product\\\/vincent-diet-sausas-pasaras-katems-su-vistiena-15-kg\\\/#primaryimage\",\"url\":\"https:\\\/\\\/likepets.lt\\\/wp-content\\\/uploads\\\/2025\\\/01\\\/nuotrauka.jpg\",\"contentUrl\":\"https:\\\/\\\/likepets.lt\\\/wp-content\\\/uploads\\\/2025\\\/01\\\/nuotrauka.jpg\",\"width\":1080,\"height\":1080},{\"@type\":\"BreadcrumbList\",\"@id\":\"https:\\\/\\\/likepets.lt\\\/product\\\/vincent-diet-sausas-pasaras-katems-su-vistiena-15-kg\\\/#breadcrumb\",\"itemListElement\":[{\"@type\":\"ListItem\",\"position\":1,\"name\":\"Home\",\"item\":\"https:\\\/\\\/likepets.lt\\\/lt_lt\\\/\"},{\"@type\":\"ListItem\",\"position\":2,\"name\":\"Parduotuv\u0117\",\"item\":\"https:\\\/\\\/likepets.lt\\\/parduotuve\\\/\"},{\"@type\":\"ListItem\",\"position\":3,\"name\":\"Vincent Diet sausas maistas kat\u0117ms su vi\u0161tiena 1,5 kg\"}]},{\"@type\":\"WebSite\",\"@id\":\"https:\\\/\\\/likepets.lt\\\/#website\",\"url\":\"https:\\\/\\\/likepets.lt\\\/\",\"name\":\"Likepets.lt\",\"description\":\"\",\"publisher\":{\"@id\":\"https:\\\/\\\/likepets.lt\\\/#\\\/schema\\\/person\\\/4ad7eed3b9dc7a176cfff59cfc71e86f\"},\"potentialAction\":[{\"@type\":\"SearchAction\",\"target\":{\"@type\":\"EntryPoint\",\"urlTemplate\":\"https:\\\/\\\/likepets.lt\\\/?s={search_term_string}\"},\"query-input\":{\"@type\":\"PropertyValueSpecification\",\"valueRequired\":true,\"valueName\":\"search_term_string\"}}],\"inLanguage\":\"lt-LT\"},{\"@type\":[\"Person\",\"Organization\"],\"@id\":\"https:\\\/\\\/likepets.lt\\\/#\\\/schema\\\/person\\\/4ad7eed3b9dc7a176cfff59cfc71e86f\",\"name\":\"Likepets.lt\",\"image\":{\"@type\":\"ImageObject\",\"inLanguage\":\"lt-LT\",\"@id\":\"https:\\\/\\\/likepets.lt\\\/wp-content\\\/litespeed\\\/avatar\\\/e807fa13845e19a6e6af46a4bc771b01.jpg?ver=1775897302\",\"url\":\"https:\\\/\\\/likepets.lt\\\/wp-content\\\/litespeed\\\/avatar\\\/e807fa13845e19a6e6af46a4bc771b01.jpg?ver=1775897302\",\"contentUrl\":\"https:\\\/\\\/likepets.lt\\\/wp-content\\\/litespeed\\\/avatar\\\/e807fa13845e19a6e6af46a4bc771b01.jpg?ver=1775897302\",\"caption\":\"Likepets.lt\"},\"logo\":{\"@id\":\"https:\\\/\\\/likepets.lt\\\/wp-content\\\/litespeed\\\/avatar\\\/e807fa13845e19a6e6af46a4bc771b01.jpg?ver=1775897302\"},\"sameAs\":[\"http:\\\/\\\/likepets.lt\",\"https:\\\/\\\/www.facebook.com\\\/profile.php?id=61569466134223\",\"https:\\\/\\\/www.instagram.com\\\/likepets77\\\/?fbclid=IwY2xjawMjUHtleHRuA2FlbQIxMQBicmlkETBlaEhxaVI0bUk1RHl3bmVMAR7IJeYf9r0OCeo9BwYJUD-yM6Osp6MrosWJGq_QweyNqX1BUWyhO1-sP82C2g_aem_xQbJ_D9oWWiUjsE-R3Dlrw\"]}]}<\/script>\n<!-- \/ Yoast SEO plugin. -->","yoast_head_json":{"title":"Vincent Diet sausas maistas kat\u0117ms su vi\u0161tiena 1,5 kg - likepets.lt","description":"Subalansuota ir visavert\u0117 mityba su nat\u016braliais ingredientais, praturtinta Vidur\u017eemio j\u016bros dieta. Padeda palaikyti sveik\u0105 vir\u0161kinim\u0105, blizgant\u012f kail\u012f.","robots":{"index":"index","follow":"follow","max-snippet":"max-snippet:-1","max-image-preview":"max-image-preview:large","max-video-preview":"max-video-preview:-1"},"canonical":"https:\/\/likepets.lt\/lt_lt\/product\/vincent-diet-sausas-pasaras-katems-su-vistiena-15-kg\/","og_locale":"lt_LT","og_type":"article","og_title":"Vincent Diet sausas maistas kat\u0117ms su vi\u0161tiena 1,5 kg - likepets.lt","og_description":"Subalansuota ir visavert\u0117 mityba su nat\u016braliais ingredientais, praturtinta Vidur\u017eemio j\u016bros dieta. Padeda palaikyti sveik\u0105 vir\u0161kinim\u0105, blizgant\u012f kail\u012f.","og_url":"https:\/\/likepets.lt\/lt_lt\/product\/vincent-diet-sausas-pasaras-katems-su-vistiena-15-kg\/","og_site_name":"likepets.lt","article_publisher":"https:\/\/www.facebook.com\/profile.php?id=61569466134223","article_modified_time":"2025-07-16T12:32:38+00:00","og_image":[{"width":1080,"height":1080,"url":"https:\/\/likepets.lt\/wp-content\/uploads\/2025\/01\/nuotrauka.jpg","type":"image\/jpeg"}],"twitter_card":"summary_large_image","twitter_misc":{"Est. reading time":"2 minut\u0117s"},"schema":{"@context":"https:\/\/schema.org","@graph":[{"@type":"WebPage","@id":"https:\/\/likepets.lt\/product\/vincent-diet-sausas-pasaras-katems-su-vistiena-15-kg\/","url":"https:\/\/likepets.lt\/product\/vincent-diet-sausas-pasaras-katems-su-vistiena-15-kg\/","name":"Vincent Diet sausas maistas kat\u0117ms su vi\u0161tiena 1,5 kg - likepets.lt","isPartOf":{"@id":"https:\/\/likepets.lt\/#website"},"primaryImageOfPage":{"@id":"https:\/\/likepets.lt\/product\/vincent-diet-sausas-pasaras-katems-su-vistiena-15-kg\/#primaryimage"},"image":{"@id":"https:\/\/likepets.lt\/product\/vincent-diet-sausas-pasaras-katems-su-vistiena-15-kg\/#primaryimage"},"thumbnailUrl":"https:\/\/likepets.lt\/wp-content\/uploads\/2025\/01\/nuotrauka.jpg","datePublished":"2025-01-08T17:12:51+00:00","dateModified":"2025-07-16T12:32:38+00:00","description":"Subalansuota ir visavert\u0117 mityba su nat\u016braliais ingredientais, praturtinta Vidur\u017eemio j\u016bros dieta. Padeda palaikyti sveik\u0105 vir\u0161kinim\u0105, blizgant\u012f kail\u012f.","breadcrumb":{"@id":"https:\/\/likepets.lt\/product\/vincent-diet-sausas-pasaras-katems-su-vistiena-15-kg\/#breadcrumb"},"inLanguage":"lt-LT","potentialAction":[{"@type":"ReadAction","target":["https:\/\/likepets.lt\/product\/vincent-diet-sausas-pasaras-katems-su-vistiena-15-kg\/"]}]},{"@type":"ImageObject","inLanguage":"lt-LT","@id":"https:\/\/likepets.lt\/product\/vincent-diet-sausas-pasaras-katems-su-vistiena-15-kg\/#primaryimage","url":"https:\/\/likepets.lt\/wp-content\/uploads\/2025\/01\/nuotrauka.jpg","contentUrl":"https:\/\/likepets.lt\/wp-content\/uploads\/2025\/01\/nuotrauka.jpg","width":1080,"height":1080},{"@type":"BreadcrumbList","@id":"https:\/\/likepets.lt\/product\/vincent-diet-sausas-pasaras-katems-su-vistiena-15-kg\/#breadcrumb","itemListElement":[{"@type":"ListItem","position":1,"name":"Home","item":"https:\/\/likepets.lt\/lt_lt\/"},{"@type":"ListItem","position":2,"name":"Parduotuv\u0117","item":"https:\/\/likepets.lt\/parduotuve\/"},{"@type":"ListItem","position":3,"name":"Vincent Diet sausas maistas kat\u0117ms su vi\u0161tiena 1,5 kg"}]},{"@type":"WebSite","@id":"https:\/\/likepets.lt\/#website","url":"https:\/\/likepets.lt\/","name":"Likepets.lt","description":"","publisher":{"@id":"https:\/\/likepets.lt\/#\/schema\/person\/4ad7eed3b9dc7a176cfff59cfc71e86f"},"potentialAction":[{"@type":"SearchAction","target":{"@type":"EntryPoint","urlTemplate":"https:\/\/likepets.lt\/?s={search_term_string}"},"query-input":{"@type":"PropertyValueSpecification","valueRequired":true,"valueName":"search_term_string"}}],"inLanguage":"lt-LT"},{"@type":["Person","Organization"],"@id":"https:\/\/likepets.lt\/#\/schema\/person\/4ad7eed3b9dc7a176cfff59cfc71e86f","name":"Likepets.lt","image":{"@type":"ImageObject","inLanguage":"lt-LT","@id":"https:\/\/likepets.lt\/wp-content\/litespeed\/avatar\/e807fa13845e19a6e6af46a4bc771b01.jpg?ver=1775897302","url":"https:\/\/likepets.lt\/wp-content\/litespeed\/avatar\/e807fa13845e19a6e6af46a4bc771b01.jpg?ver=1775897302","contentUrl":"https:\/\/likepets.lt\/wp-content\/litespeed\/avatar\/e807fa13845e19a6e6af46a4bc771b01.jpg?ver=1775897302","caption":"Likepets.lt"},"logo":{"@id":"https:\/\/likepets.lt\/wp-content\/litespeed\/avatar\/e807fa13845e19a6e6af46a4bc771b01.jpg?ver=1775897302"},"sameAs":["http:\/\/likepets.lt","https:\/\/www.facebook.com\/profile.php?id=61569466134223","https:\/\/www.instagram.com\/likepets77\/?fbclid=IwY2xjawMjUHtleHRuA2FlbQIxMQBicmlkETBlaEhxaVI0bUk1RHl3bmVMAR7IJeYf9r0OCeo9BwYJUD-yM6Osp6MrosWJGq_QweyNqX1BUWyhO1-sP82C2g_aem_xQbJ_D9oWWiUjsE-R3Dlrw"]}]}},"_links":{"self":[{"href":"https:\/\/likepets.lt\/lt_lt\/wp-json\/wp\/v2\/product\/3670","targetHints":{"allow":["GET"]}}],"collection":[{"href":"https:\/\/likepets.lt\/lt_lt\/wp-json\/wp\/v2\/product"}],"about":[{"href":"https:\/\/likepets.lt\/lt_lt\/wp-json\/wp\/v2\/types\/product"}],"replies":[{"embeddable":true,"href":"https:\/\/likepets.lt\/lt_lt\/wp-json\/wp\/v2\/comments?post=3670"}],"version-history":[{"count":2,"href":"https:\/\/likepets.lt\/lt_lt\/wp-json\/wp\/v2\/product\/3670\/revisions"}],"predecessor-version":[{"id":63058,"href":"https:\/\/likepets.lt\/lt_lt\/wp-json\/wp\/v2\/product\/3670\/revisions\/63058"}],"wp:featuredmedia":[{"embeddable":true,"href":"https:\/\/likepets.lt\/lt_lt\/wp-json\/wp\/v2\/media\/62338"}],"wp:attachment":[{"href":"https:\/\/likepets.lt\/lt_lt\/wp-json\/wp\/v2\/media?parent=3670"}],"wp:term":[{"taxonomy":"product_brand","embeddable":true,"href":"https:\/\/likepets.lt\/lt_lt\/wp-json\/wp\/v2\/product_brand?post=3670"},{"taxonomy":"product_cat","embeddable":true,"href":"https:\/\/likepets.lt\/lt_lt\/wp-json\/wp\/v2\/product_cat?post=3670"},{"taxonomy":"product_tag","embeddable":true,"href":"https:\/\/likepets.lt\/lt_lt\/wp-json\/wp\/v2\/product_tag?post=3670"}],"curies":[{"name":"wp","href":"https:\/\/api.w.org\/{rel}","templated":true}]}}