{"id":3673,"date":"2025-01-08T17:21:21","date_gmt":"2025-01-08T17:21:21","guid":{"rendered":"https:\/\/likepets.lt\/?post_type=product&#038;p=3673"},"modified":"2026-04-14T06:44:35","modified_gmt":"2026-04-14T03:44:35","slug":"vincent-diet-sausas-pasaras-katems-su-melynaja-zuvimi","status":"publish","type":"product","link":"https:\/\/likepets.lt\/lt_lt\/product\/vincent-diet-sausas-pasaras-katems-su-melynaja-zuvimi\/","title":{"rendered":"Vincent Diet sausas maistas kat\u0117ms su m\u0117lyn\u0105ja \u017euvimi"},"content":{"rendered":"<p><strong>Analitiniai komponentai:<\/strong> \u017dali baltymai 33,0%; Neapdorotas aliejus ir riebalai 14,0%; \u017dalia l\u0105steliena 2,0%; \u017dali pelenai 6,5%; Omega-3 0,6%; Omega-6 1,8%. <strong>Sud\u0117tis:<\/strong> Dehidratuota m\u0117sa (26%), kukur\u016bzai, dehidratuota m\u0117lynoji \u017euvis (10%), kietieji kvie\u010diai (visi 8%), \u017euv\u0173 taukai, ry\u017eiai, kvie\u010di\u0173 s\u0117lenos, kukur\u016bz\u0173 glitimas, d\u017eiovintas burok\u0117li\u0173 mink\u0161timas, ank\u0161tiniai augalai (vicia faba minor 2%), alyvuogi\u0173 aliejus (1%), mikronizuota dehidratuota karob\u0173 ank\u0161tis, mineralai, dehidratuoti pomidorai (0,2%), ka\u0161ton\u0173 ekstraktas. <strong>Maistiniai priedai 1 kg:<\/strong> Vitaminas A (retinilo acetatas) 5.900 TV; Vitaminas D3 400 TV; Vitaminas E (vis\u0173 ras\u0173 alfa-tokoferilo acetatas) 83 mg; Vitaminas B1 (tiamino mononitratas) 7,30 mg; Vitaminas B2 (riboflavinas) 4,40 mg; Niacinas 45,00 mg; Kalcio-D-pantotenatas 6,00 mg; Vitaminas B6 (piridoksino hidrochloridas) 3,00 mg; Folio r\u016bg\u0161tis 0,91 mg; Vitaminas B12 0,03 mg; Biotinas 0,76 mg; Vitaminas K3 (3a710) 1,10 mg; Cholino chloridas 2,800 mg; Dengtas granuliuotas bevandenis kalcio jodatas 1,69 mg; E1 Gele\u017eies karbonatas (gele\u017eis 66,85 mg) 138,69 mg; E4 Vario sulfato pentahidratas (varis 4,21 mg) 16,51 mg; E5 Mangano oksidas (manganas 4,20 mg) 5,42 mg; Cinko oksidas 76,88 mg; E8 Natrio selenitas (selenas 0,25 mg) 0,55 mg; Taurinas 1,500 mg; DL-metioninas techni\u0161kai grynas 500 mg.\u00a0<strong>Technologiniai priedai:<\/strong> antioksidantai, konservantai. <strong>Tinkamo naudojimo instrukcijos:<\/strong> Patiekite tok\u012f, koks yra arba sudr\u0117kintas vandeniu. Palikite \u0161var\u0173 ir g\u0117l\u0105 vanden\u012f. <strong>Tinkamo laikymo instrukcijos:<\/strong> Laikyti atokiai nuo \u0161ilumos \u0161altini\u0173. Po naudojimo v\u0117l u\u017edarykite pakuot\u0119. Laikykite gamin\u012f v\u0117sioje, sausoje vietoje.<\/p>\n","protected":false},"excerpt":{"rendered":"<p>Pa\u0161aras sukurtas naudojant nat\u016bralius Vidur\u017eemio j\u016bros dietoje \u012fprastus ingredientus (alyvuogi\u0173 aliejus, kietieji kvie\u010diai, pomidorai, ank\u0161tiniai augalai).\u0160i formul\u0117 garantuoja j\u016bs\u0173 keturkoj\u0173 draug\u0173 gerov\u0119 ir sveikat\u0105. Auk\u0161tos kokyb\u0117s gyvulini\u0173 baltym\u0173 (m\u0117lyn\u0173j\u0173 \u017euv\u0173 ir vi\u0161tienos) ir augalini\u0173 baltym\u0173 (ank\u0161tini\u0173 augal\u0173)\u00a0 su subalansuotu skaidulu (kvie\u010di\u0173) kiekiu skatina ger\u0105 vir\u0161kinamum\u0105. Alyvuogi\u0173 aliejaus naudojimas reguliuoja tinkam\u0105 Omega 3 ir Omega 6 riebal\u0173 r\u016bg\u0161\u010di\u0173 santyk\u012f, kuris reikalingas sveikai odai ir plaukams. Pomidoras u\u017etikrina antioksidant\u0173 \u012fsisavinim\u0105, kad sustiprint\u0173 imunin\u0119 sistem\u0105.<\/p>\n","protected":false},"featured_media":62327,"comment_status":"open","ping_status":"closed","template":"","meta":[],"product_brand":[156],"product_cat":[157,81,150],"product_tag":[],"class_list":{"0":"post-3673","1":"product","2":"type-product","3":"status-publish","4":"has-post-thumbnail","6":"product_brand-vincent-diet","7":"product_cat-ispardavimas","8":"product_cat-kaciu-maistas","9":"product_cat-populiariausios-prekes","12":"first","13":"instock","14":"taxable","15":"shipping-taxable","16":"purchasable","17":"product-type-simple"},"yoast_head":"<!-- This site is optimized with the Yoast SEO plugin v27.4 - https:\/\/yoast.com\/product\/yoast-seo-wordpress\/ -->\n<title>Vincent Diet sausas maistas kat\u0117ms su m\u0117lyn\u0105ja \u017euvimi - likepets.lt<\/title>\n<meta name=\"description\" content=\"Premium klas\u0117s sausas maistas kat\u0117ms su m\u0117lyn\u0105ja \u017euvimi, su Omega-3 ir Omega-6 riebal\u0173 r\u016bg\u0161timis sveikai odai, kailiui ir vir\u0161kinimui. Be alergen\u0173.\" \/>\n<meta name=\"robots\" content=\"index, follow, max-snippet:-1, max-image-preview:large, max-video-preview:-1\" \/>\n<link rel=\"canonical\" href=\"https:\/\/likepets.lt\/lt_lt\/product\/vincent-diet-sausas-pasaras-katems-su-melynaja-zuvimi\/\" \/>\n<meta property=\"og:locale\" content=\"lt_LT\" \/>\n<meta property=\"og:type\" content=\"article\" \/>\n<meta property=\"og:title\" content=\"Vincent Diet sausas maistas kat\u0117ms su m\u0117lyn\u0105ja \u017euvimi - likepets.lt\" \/>\n<meta property=\"og:description\" content=\"Premium klas\u0117s sausas maistas kat\u0117ms su m\u0117lyn\u0105ja \u017euvimi, su Omega-3 ir Omega-6 riebal\u0173 r\u016bg\u0161timis sveikai odai, kailiui ir vir\u0161kinimui. Be alergen\u0173.\" \/>\n<meta property=\"og:url\" content=\"https:\/\/likepets.lt\/lt_lt\/product\/vincent-diet-sausas-pasaras-katems-su-melynaja-zuvimi\/\" \/>\n<meta property=\"og:site_name\" content=\"likepets.lt\" \/>\n<meta property=\"article:publisher\" content=\"https:\/\/www.facebook.com\/profile.php?id=61569466134223\" \/>\n<meta property=\"article:modified_time\" content=\"2026-04-14T03:44:35+00:00\" \/>\n<meta property=\"og:image\" content=\"https:\/\/likepets.lt\/wp-content\/uploads\/2025\/01\/Group-234.jpg\" \/>\n\t<meta property=\"og:image:width\" content=\"1080\" \/>\n\t<meta property=\"og:image:height\" content=\"1080\" \/>\n\t<meta property=\"og:image:type\" content=\"image\/jpeg\" \/>\n<meta name=\"twitter:card\" content=\"summary_large_image\" \/>\n<meta name=\"twitter:label1\" content=\"Est. reading time\" \/>\n\t<meta name=\"twitter:data1\" content=\"2 minut\u0117s\" \/>\n<script type=\"application\/ld+json\" class=\"yoast-schema-graph\">{\"@context\":\"https:\\\/\\\/schema.org\",\"@graph\":[{\"@type\":\"WebPage\",\"@id\":\"https:\\\/\\\/likepets.lt\\\/product\\\/vincent-diet-sausas-pasaras-katems-su-melynaja-zuvimi\\\/\",\"url\":\"https:\\\/\\\/likepets.lt\\\/product\\\/vincent-diet-sausas-pasaras-katems-su-melynaja-zuvimi\\\/\",\"name\":\"Vincent Diet sausas maistas kat\u0117ms su m\u0117lyn\u0105ja \u017euvimi - likepets.lt\",\"isPartOf\":{\"@id\":\"https:\\\/\\\/likepets.lt\\\/#website\"},\"primaryImageOfPage\":{\"@id\":\"https:\\\/\\\/likepets.lt\\\/product\\\/vincent-diet-sausas-pasaras-katems-su-melynaja-zuvimi\\\/#primaryimage\"},\"image\":{\"@id\":\"https:\\\/\\\/likepets.lt\\\/product\\\/vincent-diet-sausas-pasaras-katems-su-melynaja-zuvimi\\\/#primaryimage\"},\"thumbnailUrl\":\"https:\\\/\\\/likepets.lt\\\/wp-content\\\/uploads\\\/2025\\\/01\\\/Group-234.jpg\",\"datePublished\":\"2025-01-08T17:21:21+00:00\",\"dateModified\":\"2026-04-14T03:44:35+00:00\",\"description\":\"Premium klas\u0117s sausas maistas kat\u0117ms su m\u0117lyn\u0105ja \u017euvimi, su Omega-3 ir Omega-6 riebal\u0173 r\u016bg\u0161timis sveikai odai, kailiui ir vir\u0161kinimui. Be alergen\u0173.\",\"breadcrumb\":{\"@id\":\"https:\\\/\\\/likepets.lt\\\/product\\\/vincent-diet-sausas-pasaras-katems-su-melynaja-zuvimi\\\/#breadcrumb\"},\"inLanguage\":\"lt-LT\",\"potentialAction\":[{\"@type\":\"ReadAction\",\"target\":[\"https:\\\/\\\/likepets.lt\\\/product\\\/vincent-diet-sausas-pasaras-katems-su-melynaja-zuvimi\\\/\"]}]},{\"@type\":\"ImageObject\",\"inLanguage\":\"lt-LT\",\"@id\":\"https:\\\/\\\/likepets.lt\\\/product\\\/vincent-diet-sausas-pasaras-katems-su-melynaja-zuvimi\\\/#primaryimage\",\"url\":\"https:\\\/\\\/likepets.lt\\\/wp-content\\\/uploads\\\/2025\\\/01\\\/Group-234.jpg\",\"contentUrl\":\"https:\\\/\\\/likepets.lt\\\/wp-content\\\/uploads\\\/2025\\\/01\\\/Group-234.jpg\",\"width\":1080,\"height\":1080},{\"@type\":\"BreadcrumbList\",\"@id\":\"https:\\\/\\\/likepets.lt\\\/product\\\/vincent-diet-sausas-pasaras-katems-su-melynaja-zuvimi\\\/#breadcrumb\",\"itemListElement\":[{\"@type\":\"ListItem\",\"position\":1,\"name\":\"Home\",\"item\":\"https:\\\/\\\/likepets.lt\\\/lt_lt\\\/\"},{\"@type\":\"ListItem\",\"position\":2,\"name\":\"Parduotuv\u0117\",\"item\":\"https:\\\/\\\/likepets.lt\\\/parduotuve\\\/\"},{\"@type\":\"ListItem\",\"position\":3,\"name\":\"Vincent Diet sausas maistas kat\u0117ms su m\u0117lyn\u0105ja \u017euvimi\"}]},{\"@type\":\"WebSite\",\"@id\":\"https:\\\/\\\/likepets.lt\\\/#website\",\"url\":\"https:\\\/\\\/likepets.lt\\\/\",\"name\":\"Likepets.lt\",\"description\":\"\",\"publisher\":{\"@id\":\"https:\\\/\\\/likepets.lt\\\/#\\\/schema\\\/person\\\/4ad7eed3b9dc7a176cfff59cfc71e86f\"},\"potentialAction\":[{\"@type\":\"SearchAction\",\"target\":{\"@type\":\"EntryPoint\",\"urlTemplate\":\"https:\\\/\\\/likepets.lt\\\/?s={search_term_string}\"},\"query-input\":{\"@type\":\"PropertyValueSpecification\",\"valueRequired\":true,\"valueName\":\"search_term_string\"}}],\"inLanguage\":\"lt-LT\"},{\"@type\":[\"Person\",\"Organization\"],\"@id\":\"https:\\\/\\\/likepets.lt\\\/#\\\/schema\\\/person\\\/4ad7eed3b9dc7a176cfff59cfc71e86f\",\"name\":\"Likepets.lt\",\"image\":{\"@type\":\"ImageObject\",\"inLanguage\":\"lt-LT\",\"@id\":\"https:\\\/\\\/likepets.lt\\\/wp-content\\\/litespeed\\\/avatar\\\/e807fa13845e19a6e6af46a4bc771b01.jpg?ver=1775897302\",\"url\":\"https:\\\/\\\/likepets.lt\\\/wp-content\\\/litespeed\\\/avatar\\\/e807fa13845e19a6e6af46a4bc771b01.jpg?ver=1775897302\",\"contentUrl\":\"https:\\\/\\\/likepets.lt\\\/wp-content\\\/litespeed\\\/avatar\\\/e807fa13845e19a6e6af46a4bc771b01.jpg?ver=1775897302\",\"caption\":\"Likepets.lt\"},\"logo\":{\"@id\":\"https:\\\/\\\/likepets.lt\\\/wp-content\\\/litespeed\\\/avatar\\\/e807fa13845e19a6e6af46a4bc771b01.jpg?ver=1775897302\"},\"sameAs\":[\"http:\\\/\\\/likepets.lt\",\"https:\\\/\\\/www.facebook.com\\\/profile.php?id=61569466134223\",\"https:\\\/\\\/www.instagram.com\\\/likepets77\\\/?fbclid=IwY2xjawMjUHtleHRuA2FlbQIxMQBicmlkETBlaEhxaVI0bUk1RHl3bmVMAR7IJeYf9r0OCeo9BwYJUD-yM6Osp6MrosWJGq_QweyNqX1BUWyhO1-sP82C2g_aem_xQbJ_D9oWWiUjsE-R3Dlrw\"]}]}<\/script>\n<!-- \/ Yoast SEO plugin. -->","yoast_head_json":{"title":"Vincent Diet sausas maistas kat\u0117ms su m\u0117lyn\u0105ja \u017euvimi - likepets.lt","description":"Premium klas\u0117s sausas maistas kat\u0117ms su m\u0117lyn\u0105ja \u017euvimi, su Omega-3 ir Omega-6 riebal\u0173 r\u016bg\u0161timis sveikai odai, kailiui ir vir\u0161kinimui. Be alergen\u0173.","robots":{"index":"index","follow":"follow","max-snippet":"max-snippet:-1","max-image-preview":"max-image-preview:large","max-video-preview":"max-video-preview:-1"},"canonical":"https:\/\/likepets.lt\/lt_lt\/product\/vincent-diet-sausas-pasaras-katems-su-melynaja-zuvimi\/","og_locale":"lt_LT","og_type":"article","og_title":"Vincent Diet sausas maistas kat\u0117ms su m\u0117lyn\u0105ja \u017euvimi - likepets.lt","og_description":"Premium klas\u0117s sausas maistas kat\u0117ms su m\u0117lyn\u0105ja \u017euvimi, su Omega-3 ir Omega-6 riebal\u0173 r\u016bg\u0161timis sveikai odai, kailiui ir vir\u0161kinimui. Be alergen\u0173.","og_url":"https:\/\/likepets.lt\/lt_lt\/product\/vincent-diet-sausas-pasaras-katems-su-melynaja-zuvimi\/","og_site_name":"likepets.lt","article_publisher":"https:\/\/www.facebook.com\/profile.php?id=61569466134223","article_modified_time":"2026-04-14T03:44:35+00:00","og_image":[{"width":1080,"height":1080,"url":"https:\/\/likepets.lt\/wp-content\/uploads\/2025\/01\/Group-234.jpg","type":"image\/jpeg"}],"twitter_card":"summary_large_image","twitter_misc":{"Est. reading time":"2 minut\u0117s"},"schema":{"@context":"https:\/\/schema.org","@graph":[{"@type":"WebPage","@id":"https:\/\/likepets.lt\/product\/vincent-diet-sausas-pasaras-katems-su-melynaja-zuvimi\/","url":"https:\/\/likepets.lt\/product\/vincent-diet-sausas-pasaras-katems-su-melynaja-zuvimi\/","name":"Vincent Diet sausas maistas kat\u0117ms su m\u0117lyn\u0105ja \u017euvimi - likepets.lt","isPartOf":{"@id":"https:\/\/likepets.lt\/#website"},"primaryImageOfPage":{"@id":"https:\/\/likepets.lt\/product\/vincent-diet-sausas-pasaras-katems-su-melynaja-zuvimi\/#primaryimage"},"image":{"@id":"https:\/\/likepets.lt\/product\/vincent-diet-sausas-pasaras-katems-su-melynaja-zuvimi\/#primaryimage"},"thumbnailUrl":"https:\/\/likepets.lt\/wp-content\/uploads\/2025\/01\/Group-234.jpg","datePublished":"2025-01-08T17:21:21+00:00","dateModified":"2026-04-14T03:44:35+00:00","description":"Premium klas\u0117s sausas maistas kat\u0117ms su m\u0117lyn\u0105ja \u017euvimi, su Omega-3 ir Omega-6 riebal\u0173 r\u016bg\u0161timis sveikai odai, kailiui ir vir\u0161kinimui. Be alergen\u0173.","breadcrumb":{"@id":"https:\/\/likepets.lt\/product\/vincent-diet-sausas-pasaras-katems-su-melynaja-zuvimi\/#breadcrumb"},"inLanguage":"lt-LT","potentialAction":[{"@type":"ReadAction","target":["https:\/\/likepets.lt\/product\/vincent-diet-sausas-pasaras-katems-su-melynaja-zuvimi\/"]}]},{"@type":"ImageObject","inLanguage":"lt-LT","@id":"https:\/\/likepets.lt\/product\/vincent-diet-sausas-pasaras-katems-su-melynaja-zuvimi\/#primaryimage","url":"https:\/\/likepets.lt\/wp-content\/uploads\/2025\/01\/Group-234.jpg","contentUrl":"https:\/\/likepets.lt\/wp-content\/uploads\/2025\/01\/Group-234.jpg","width":1080,"height":1080},{"@type":"BreadcrumbList","@id":"https:\/\/likepets.lt\/product\/vincent-diet-sausas-pasaras-katems-su-melynaja-zuvimi\/#breadcrumb","itemListElement":[{"@type":"ListItem","position":1,"name":"Home","item":"https:\/\/likepets.lt\/lt_lt\/"},{"@type":"ListItem","position":2,"name":"Parduotuv\u0117","item":"https:\/\/likepets.lt\/parduotuve\/"},{"@type":"ListItem","position":3,"name":"Vincent Diet sausas maistas kat\u0117ms su m\u0117lyn\u0105ja \u017euvimi"}]},{"@type":"WebSite","@id":"https:\/\/likepets.lt\/#website","url":"https:\/\/likepets.lt\/","name":"Likepets.lt","description":"","publisher":{"@id":"https:\/\/likepets.lt\/#\/schema\/person\/4ad7eed3b9dc7a176cfff59cfc71e86f"},"potentialAction":[{"@type":"SearchAction","target":{"@type":"EntryPoint","urlTemplate":"https:\/\/likepets.lt\/?s={search_term_string}"},"query-input":{"@type":"PropertyValueSpecification","valueRequired":true,"valueName":"search_term_string"}}],"inLanguage":"lt-LT"},{"@type":["Person","Organization"],"@id":"https:\/\/likepets.lt\/#\/schema\/person\/4ad7eed3b9dc7a176cfff59cfc71e86f","name":"Likepets.lt","image":{"@type":"ImageObject","inLanguage":"lt-LT","@id":"https:\/\/likepets.lt\/wp-content\/litespeed\/avatar\/e807fa13845e19a6e6af46a4bc771b01.jpg?ver=1775897302","url":"https:\/\/likepets.lt\/wp-content\/litespeed\/avatar\/e807fa13845e19a6e6af46a4bc771b01.jpg?ver=1775897302","contentUrl":"https:\/\/likepets.lt\/wp-content\/litespeed\/avatar\/e807fa13845e19a6e6af46a4bc771b01.jpg?ver=1775897302","caption":"Likepets.lt"},"logo":{"@id":"https:\/\/likepets.lt\/wp-content\/litespeed\/avatar\/e807fa13845e19a6e6af46a4bc771b01.jpg?ver=1775897302"},"sameAs":["http:\/\/likepets.lt","https:\/\/www.facebook.com\/profile.php?id=61569466134223","https:\/\/www.instagram.com\/likepets77\/?fbclid=IwY2xjawMjUHtleHRuA2FlbQIxMQBicmlkETBlaEhxaVI0bUk1RHl3bmVMAR7IJeYf9r0OCeo9BwYJUD-yM6Osp6MrosWJGq_QweyNqX1BUWyhO1-sP82C2g_aem_xQbJ_D9oWWiUjsE-R3Dlrw"]}]}},"_links":{"self":[{"href":"https:\/\/likepets.lt\/lt_lt\/wp-json\/wp\/v2\/product\/3673","targetHints":{"allow":["GET"]}}],"collection":[{"href":"https:\/\/likepets.lt\/lt_lt\/wp-json\/wp\/v2\/product"}],"about":[{"href":"https:\/\/likepets.lt\/lt_lt\/wp-json\/wp\/v2\/types\/product"}],"replies":[{"embeddable":true,"href":"https:\/\/likepets.lt\/lt_lt\/wp-json\/wp\/v2\/comments?post=3673"}],"version-history":[{"count":2,"href":"https:\/\/likepets.lt\/lt_lt\/wp-json\/wp\/v2\/product\/3673\/revisions"}],"predecessor-version":[{"id":63057,"href":"https:\/\/likepets.lt\/lt_lt\/wp-json\/wp\/v2\/product\/3673\/revisions\/63057"}],"wp:featuredmedia":[{"embeddable":true,"href":"https:\/\/likepets.lt\/lt_lt\/wp-json\/wp\/v2\/media\/62327"}],"wp:attachment":[{"href":"https:\/\/likepets.lt\/lt_lt\/wp-json\/wp\/v2\/media?parent=3673"}],"wp:term":[{"taxonomy":"product_brand","embeddable":true,"href":"https:\/\/likepets.lt\/lt_lt\/wp-json\/wp\/v2\/product_brand?post=3673"},{"taxonomy":"product_cat","embeddable":true,"href":"https:\/\/likepets.lt\/lt_lt\/wp-json\/wp\/v2\/product_cat?post=3673"},{"taxonomy":"product_tag","embeddable":true,"href":"https:\/\/likepets.lt\/lt_lt\/wp-json\/wp\/v2\/product_tag?post=3673"}],"curies":[{"name":"wp","href":"https:\/\/api.w.org\/{rel}","templated":true}]}}