{"id":3918,"date":"2025-01-21T18:31:05","date_gmt":"2025-01-21T18:31:05","guid":{"rendered":"https:\/\/likepets.lt\/?post_type=product&#038;p=3918"},"modified":"2025-11-30T11:48:37","modified_gmt":"2025-11-30T09:48:37","slug":"papildai-sanariams-90-tab","status":"publish","type":"product","link":"https:\/\/likepets.lt\/lt_lt\/product\/papildai-sanariams-90-tab\/","title":{"rendered":"Imby &#8220;Hip &#038; Joint &#8220;s\u0105nari\u0173 papildai \u0161unims \u2013 90 vnt."},"content":{"rendered":"<p><strong data-start=\"0\" data-end=\"42\" data-is-only-node=\"\">Imby papildai \u0161un\u0173 s\u0105nariams (90 tab.)<\/strong> \u2013 nat\u016bral\u016bs papildai, skirti palaikyti s\u0105nari\u0173 sveikat\u0105, lankstum\u0105 ir judrum\u0105. Sud\u0117tyje yra gliukozamino, chondroitino ir Omega-3 riebal\u0173 r\u016bg\u0161\u010di\u0173, padedan\u010di\u0173 ma\u017einti u\u017edegim\u0105 ir stiprinti kremzles. Tinka vis\u0173 veisli\u0173 \u0161unims, ypa\u010d aktyviems ar vyresnio am\u017eiaus augintiniams.<\/p>\n","protected":false},"excerpt":{"rendered":"<p>Sud\u0117tis: Gliukozeminas, kologenas, Metilsulfonilmetanas, Bosvelija, Dumbli\u0173 aliejus Omega 3, Ciber\u017el\u0117s milteliai.<\/p>\n","protected":false},"featured_media":3919,"comment_status":"open","ping_status":"closed","template":"","meta":[],"product_brand":[152],"product_cat":[90],"product_tag":[],"class_list":{"0":"post-3918","1":"product","2":"type-product","3":"status-publish","4":"has-post-thumbnail","6":"product_brand-imby","7":"product_cat-papildai","10":"first","11":"instock","12":"taxable","13":"shipping-taxable","14":"purchasable","15":"product-type-simple"},"yoast_head":"<!-- This site is optimized with the Yoast SEO plugin v27.4 - https:\/\/yoast.com\/product\/yoast-seo-wordpress\/ -->\n<title>Imby &quot;Hip &amp; Joint &quot;s\u0105nari\u0173 papildai \u0161unims \u2013 90 vnt. - likepets.lt<\/title>\n<meta name=\"description\" content=\"Papildai \u0161un\u0173 s\u0105nariams \u2013 gliukozaminas, chondroitinas ir Omega-3 stipresniems s\u0105nariams ir geresniam judrumui. U\u017esisakykite dabar!\" \/>\n<meta name=\"robots\" content=\"index, follow, max-snippet:-1, max-image-preview:large, max-video-preview:-1\" \/>\n<link rel=\"canonical\" href=\"https:\/\/likepets.lt\/lt_lt\/product\/papildai-sanariams-90-tab\/\" \/>\n<meta property=\"og:locale\" content=\"lt_LT\" \/>\n<meta property=\"og:type\" content=\"article\" \/>\n<meta property=\"og:title\" content=\"Imby &quot;Hip &amp; Joint &quot;s\u0105nari\u0173 papildai \u0161unims \u2013 90 vnt. - likepets.lt\" \/>\n<meta property=\"og:description\" content=\"Papildai \u0161un\u0173 s\u0105nariams \u2013 gliukozaminas, chondroitinas ir Omega-3 stipresniems s\u0105nariams ir geresniam judrumui. U\u017esisakykite dabar!\" \/>\n<meta property=\"og:url\" content=\"https:\/\/likepets.lt\/lt_lt\/product\/papildai-sanariams-90-tab\/\" \/>\n<meta property=\"og:site_name\" content=\"likepets.lt\" \/>\n<meta property=\"article:publisher\" content=\"https:\/\/www.facebook.com\/profile.php?id=61569466134223\" \/>\n<meta property=\"article:modified_time\" content=\"2025-11-30T09:48:37+00:00\" \/>\n<meta property=\"og:image\" content=\"https:\/\/likepets.lt\/wp-content\/uploads\/2025\/04\/Imby-papildai-sunu-sanariams-90-tab.png\" \/>\n\t<meta property=\"og:image:width\" content=\"1080\" \/>\n\t<meta property=\"og:image:height\" content=\"1080\" \/>\n\t<meta property=\"og:image:type\" content=\"image\/png\" \/>\n<meta name=\"twitter:card\" content=\"summary_large_image\" \/>\n<meta name=\"twitter:label1\" content=\"Est. reading time\" \/>\n\t<meta name=\"twitter:data1\" content=\"1 minut\u0117\" \/>\n<script type=\"application\/ld+json\" class=\"yoast-schema-graph\">{\"@context\":\"https:\\\/\\\/schema.org\",\"@graph\":[{\"@type\":\"WebPage\",\"@id\":\"https:\\\/\\\/likepets.lt\\\/product\\\/papildai-sanariams-90-tab\\\/\",\"url\":\"https:\\\/\\\/likepets.lt\\\/product\\\/papildai-sanariams-90-tab\\\/\",\"name\":\"Imby \\\"Hip & Joint \\\"s\u0105nari\u0173 papildai \u0161unims \u2013 90 vnt. - likepets.lt\",\"isPartOf\":{\"@id\":\"https:\\\/\\\/likepets.lt\\\/#website\"},\"primaryImageOfPage\":{\"@id\":\"https:\\\/\\\/likepets.lt\\\/product\\\/papildai-sanariams-90-tab\\\/#primaryimage\"},\"image\":{\"@id\":\"https:\\\/\\\/likepets.lt\\\/product\\\/papildai-sanariams-90-tab\\\/#primaryimage\"},\"thumbnailUrl\":\"https:\\\/\\\/likepets.lt\\\/wp-content\\\/uploads\\\/2025\\\/04\\\/Imby-papildai-sunu-sanariams-90-tab.png\",\"datePublished\":\"2025-01-21T18:31:05+00:00\",\"dateModified\":\"2025-11-30T09:48:37+00:00\",\"description\":\"Papildai \u0161un\u0173 s\u0105nariams \u2013 gliukozaminas, chondroitinas ir Omega-3 stipresniems s\u0105nariams ir geresniam judrumui. U\u017esisakykite dabar!\",\"breadcrumb\":{\"@id\":\"https:\\\/\\\/likepets.lt\\\/product\\\/papildai-sanariams-90-tab\\\/#breadcrumb\"},\"inLanguage\":\"lt-LT\",\"potentialAction\":[{\"@type\":\"ReadAction\",\"target\":[\"https:\\\/\\\/likepets.lt\\\/product\\\/papildai-sanariams-90-tab\\\/\"]}]},{\"@type\":\"ImageObject\",\"inLanguage\":\"lt-LT\",\"@id\":\"https:\\\/\\\/likepets.lt\\\/product\\\/papildai-sanariams-90-tab\\\/#primaryimage\",\"url\":\"https:\\\/\\\/likepets.lt\\\/wp-content\\\/uploads\\\/2025\\\/04\\\/Imby-papildai-sunu-sanariams-90-tab.png\",\"contentUrl\":\"https:\\\/\\\/likepets.lt\\\/wp-content\\\/uploads\\\/2025\\\/04\\\/Imby-papildai-sunu-sanariams-90-tab.png\",\"width\":1080,\"height\":1080,\"caption\":\"Imby papildai \u0161un\u0173 s\u0105nariams 90 tab.\"},{\"@type\":\"BreadcrumbList\",\"@id\":\"https:\\\/\\\/likepets.lt\\\/product\\\/papildai-sanariams-90-tab\\\/#breadcrumb\",\"itemListElement\":[{\"@type\":\"ListItem\",\"position\":1,\"name\":\"Home\",\"item\":\"https:\\\/\\\/likepets.lt\\\/lt_lt\\\/\"},{\"@type\":\"ListItem\",\"position\":2,\"name\":\"Parduotuv\u0117\",\"item\":\"https:\\\/\\\/likepets.lt\\\/parduotuve\\\/\"},{\"@type\":\"ListItem\",\"position\":3,\"name\":\"Imby &#8220;Hip &#038; Joint &#8220;s\u0105nari\u0173 papildai \u0161unims \u2013 90 vnt.\"}]},{\"@type\":\"WebSite\",\"@id\":\"https:\\\/\\\/likepets.lt\\\/#website\",\"url\":\"https:\\\/\\\/likepets.lt\\\/\",\"name\":\"Likepets.lt\",\"description\":\"\",\"publisher\":{\"@id\":\"https:\\\/\\\/likepets.lt\\\/#\\\/schema\\\/person\\\/4ad7eed3b9dc7a176cfff59cfc71e86f\"},\"potentialAction\":[{\"@type\":\"SearchAction\",\"target\":{\"@type\":\"EntryPoint\",\"urlTemplate\":\"https:\\\/\\\/likepets.lt\\\/?s={search_term_string}\"},\"query-input\":{\"@type\":\"PropertyValueSpecification\",\"valueRequired\":true,\"valueName\":\"search_term_string\"}}],\"inLanguage\":\"lt-LT\"},{\"@type\":[\"Person\",\"Organization\"],\"@id\":\"https:\\\/\\\/likepets.lt\\\/#\\\/schema\\\/person\\\/4ad7eed3b9dc7a176cfff59cfc71e86f\",\"name\":\"Likepets.lt\",\"image\":{\"@type\":\"ImageObject\",\"inLanguage\":\"lt-LT\",\"@id\":\"https:\\\/\\\/likepets.lt\\\/wp-content\\\/litespeed\\\/avatar\\\/e807fa13845e19a6e6af46a4bc771b01.jpg?ver=1775897302\",\"url\":\"https:\\\/\\\/likepets.lt\\\/wp-content\\\/litespeed\\\/avatar\\\/e807fa13845e19a6e6af46a4bc771b01.jpg?ver=1775897302\",\"contentUrl\":\"https:\\\/\\\/likepets.lt\\\/wp-content\\\/litespeed\\\/avatar\\\/e807fa13845e19a6e6af46a4bc771b01.jpg?ver=1775897302\",\"caption\":\"Likepets.lt\"},\"logo\":{\"@id\":\"https:\\\/\\\/likepets.lt\\\/wp-content\\\/litespeed\\\/avatar\\\/e807fa13845e19a6e6af46a4bc771b01.jpg?ver=1775897302\"},\"sameAs\":[\"http:\\\/\\\/likepets.lt\",\"https:\\\/\\\/www.facebook.com\\\/profile.php?id=61569466134223\",\"https:\\\/\\\/www.instagram.com\\\/likepets77\\\/?fbclid=IwY2xjawMjUHtleHRuA2FlbQIxMQBicmlkETBlaEhxaVI0bUk1RHl3bmVMAR7IJeYf9r0OCeo9BwYJUD-yM6Osp6MrosWJGq_QweyNqX1BUWyhO1-sP82C2g_aem_xQbJ_D9oWWiUjsE-R3Dlrw\"]}]}<\/script>\n<!-- \/ Yoast SEO plugin. -->","yoast_head_json":{"title":"Imby \"Hip & Joint \"s\u0105nari\u0173 papildai \u0161unims \u2013 90 vnt. - likepets.lt","description":"Papildai \u0161un\u0173 s\u0105nariams \u2013 gliukozaminas, chondroitinas ir Omega-3 stipresniems s\u0105nariams ir geresniam judrumui. U\u017esisakykite dabar!","robots":{"index":"index","follow":"follow","max-snippet":"max-snippet:-1","max-image-preview":"max-image-preview:large","max-video-preview":"max-video-preview:-1"},"canonical":"https:\/\/likepets.lt\/lt_lt\/product\/papildai-sanariams-90-tab\/","og_locale":"lt_LT","og_type":"article","og_title":"Imby \"Hip & Joint \"s\u0105nari\u0173 papildai \u0161unims \u2013 90 vnt. - likepets.lt","og_description":"Papildai \u0161un\u0173 s\u0105nariams \u2013 gliukozaminas, chondroitinas ir Omega-3 stipresniems s\u0105nariams ir geresniam judrumui. U\u017esisakykite dabar!","og_url":"https:\/\/likepets.lt\/lt_lt\/product\/papildai-sanariams-90-tab\/","og_site_name":"likepets.lt","article_publisher":"https:\/\/www.facebook.com\/profile.php?id=61569466134223","article_modified_time":"2025-11-30T09:48:37+00:00","og_image":[{"width":1080,"height":1080,"url":"https:\/\/likepets.lt\/wp-content\/uploads\/2025\/04\/Imby-papildai-sunu-sanariams-90-tab.png","type":"image\/png"}],"twitter_card":"summary_large_image","twitter_misc":{"Est. reading time":"1 minut\u0117"},"schema":{"@context":"https:\/\/schema.org","@graph":[{"@type":"WebPage","@id":"https:\/\/likepets.lt\/product\/papildai-sanariams-90-tab\/","url":"https:\/\/likepets.lt\/product\/papildai-sanariams-90-tab\/","name":"Imby \"Hip & Joint \"s\u0105nari\u0173 papildai \u0161unims \u2013 90 vnt. - likepets.lt","isPartOf":{"@id":"https:\/\/likepets.lt\/#website"},"primaryImageOfPage":{"@id":"https:\/\/likepets.lt\/product\/papildai-sanariams-90-tab\/#primaryimage"},"image":{"@id":"https:\/\/likepets.lt\/product\/papildai-sanariams-90-tab\/#primaryimage"},"thumbnailUrl":"https:\/\/likepets.lt\/wp-content\/uploads\/2025\/04\/Imby-papildai-sunu-sanariams-90-tab.png","datePublished":"2025-01-21T18:31:05+00:00","dateModified":"2025-11-30T09:48:37+00:00","description":"Papildai \u0161un\u0173 s\u0105nariams \u2013 gliukozaminas, chondroitinas ir Omega-3 stipresniems s\u0105nariams ir geresniam judrumui. U\u017esisakykite dabar!","breadcrumb":{"@id":"https:\/\/likepets.lt\/product\/papildai-sanariams-90-tab\/#breadcrumb"},"inLanguage":"lt-LT","potentialAction":[{"@type":"ReadAction","target":["https:\/\/likepets.lt\/product\/papildai-sanariams-90-tab\/"]}]},{"@type":"ImageObject","inLanguage":"lt-LT","@id":"https:\/\/likepets.lt\/product\/papildai-sanariams-90-tab\/#primaryimage","url":"https:\/\/likepets.lt\/wp-content\/uploads\/2025\/04\/Imby-papildai-sunu-sanariams-90-tab.png","contentUrl":"https:\/\/likepets.lt\/wp-content\/uploads\/2025\/04\/Imby-papildai-sunu-sanariams-90-tab.png","width":1080,"height":1080,"caption":"Imby papildai \u0161un\u0173 s\u0105nariams 90 tab."},{"@type":"BreadcrumbList","@id":"https:\/\/likepets.lt\/product\/papildai-sanariams-90-tab\/#breadcrumb","itemListElement":[{"@type":"ListItem","position":1,"name":"Home","item":"https:\/\/likepets.lt\/lt_lt\/"},{"@type":"ListItem","position":2,"name":"Parduotuv\u0117","item":"https:\/\/likepets.lt\/parduotuve\/"},{"@type":"ListItem","position":3,"name":"Imby &#8220;Hip &#038; Joint &#8220;s\u0105nari\u0173 papildai \u0161unims \u2013 90 vnt."}]},{"@type":"WebSite","@id":"https:\/\/likepets.lt\/#website","url":"https:\/\/likepets.lt\/","name":"Likepets.lt","description":"","publisher":{"@id":"https:\/\/likepets.lt\/#\/schema\/person\/4ad7eed3b9dc7a176cfff59cfc71e86f"},"potentialAction":[{"@type":"SearchAction","target":{"@type":"EntryPoint","urlTemplate":"https:\/\/likepets.lt\/?s={search_term_string}"},"query-input":{"@type":"PropertyValueSpecification","valueRequired":true,"valueName":"search_term_string"}}],"inLanguage":"lt-LT"},{"@type":["Person","Organization"],"@id":"https:\/\/likepets.lt\/#\/schema\/person\/4ad7eed3b9dc7a176cfff59cfc71e86f","name":"Likepets.lt","image":{"@type":"ImageObject","inLanguage":"lt-LT","@id":"https:\/\/likepets.lt\/wp-content\/litespeed\/avatar\/e807fa13845e19a6e6af46a4bc771b01.jpg?ver=1775897302","url":"https:\/\/likepets.lt\/wp-content\/litespeed\/avatar\/e807fa13845e19a6e6af46a4bc771b01.jpg?ver=1775897302","contentUrl":"https:\/\/likepets.lt\/wp-content\/litespeed\/avatar\/e807fa13845e19a6e6af46a4bc771b01.jpg?ver=1775897302","caption":"Likepets.lt"},"logo":{"@id":"https:\/\/likepets.lt\/wp-content\/litespeed\/avatar\/e807fa13845e19a6e6af46a4bc771b01.jpg?ver=1775897302"},"sameAs":["http:\/\/likepets.lt","https:\/\/www.facebook.com\/profile.php?id=61569466134223","https:\/\/www.instagram.com\/likepets77\/?fbclid=IwY2xjawMjUHtleHRuA2FlbQIxMQBicmlkETBlaEhxaVI0bUk1RHl3bmVMAR7IJeYf9r0OCeo9BwYJUD-yM6Osp6MrosWJGq_QweyNqX1BUWyhO1-sP82C2g_aem_xQbJ_D9oWWiUjsE-R3Dlrw"]}]}},"_links":{"self":[{"href":"https:\/\/likepets.lt\/lt_lt\/wp-json\/wp\/v2\/product\/3918","targetHints":{"allow":["GET"]}}],"collection":[{"href":"https:\/\/likepets.lt\/lt_lt\/wp-json\/wp\/v2\/product"}],"about":[{"href":"https:\/\/likepets.lt\/lt_lt\/wp-json\/wp\/v2\/types\/product"}],"replies":[{"embeddable":true,"href":"https:\/\/likepets.lt\/lt_lt\/wp-json\/wp\/v2\/comments?post=3918"}],"version-history":[{"count":2,"href":"https:\/\/likepets.lt\/lt_lt\/wp-json\/wp\/v2\/product\/3918\/revisions"}],"predecessor-version":[{"id":63160,"href":"https:\/\/likepets.lt\/lt_lt\/wp-json\/wp\/v2\/product\/3918\/revisions\/63160"}],"wp:featuredmedia":[{"embeddable":true,"href":"https:\/\/likepets.lt\/lt_lt\/wp-json\/wp\/v2\/media\/3919"}],"wp:attachment":[{"href":"https:\/\/likepets.lt\/lt_lt\/wp-json\/wp\/v2\/media?parent=3918"}],"wp:term":[{"taxonomy":"product_brand","embeddable":true,"href":"https:\/\/likepets.lt\/lt_lt\/wp-json\/wp\/v2\/product_brand?post=3918"},{"taxonomy":"product_cat","embeddable":true,"href":"https:\/\/likepets.lt\/lt_lt\/wp-json\/wp\/v2\/product_cat?post=3918"},{"taxonomy":"product_tag","embeddable":true,"href":"https:\/\/likepets.lt\/lt_lt\/wp-json\/wp\/v2\/product_tag?post=3918"}],"curies":[{"name":"wp","href":"https:\/\/api.w.org\/{rel}","templated":true}]}}