{"id":4313,"date":"2025-03-25T11:11:25","date_gmt":"2025-03-25T11:11:25","guid":{"rendered":"https:\/\/likepets.lt\/?post_type=product&#038;p=4313"},"modified":"2025-07-16T15:23:10","modified_gmt":"2025-07-16T12:23:10","slug":"vincent-diet-su-eriena-sausas-maistas-suaugusiems-sunims","status":"publish","type":"product","link":"https:\/\/likepets.lt\/lt_lt\/product\/vincent-diet-su-eriena-sausas-maistas-suaugusiems-sunims\/","title":{"rendered":"Vincent Diet su \u0117riena sausas maistas suaugusiems \u0161unims"},"content":{"rendered":"<p><strong>Sud\u0117tis:<\/strong> Dehidratuota m\u0117sa (31%, \u0117riena 10%), kietieji kvie\u010diai (sveiki 8%), ry\u017eiai, kukur\u016bzai, gyvuliniai riebalai (6,5%), dehidratuota \u017euvis (2%), ank\u0161tiniai augalai (vicia faba minor 2%), d\u017eiovintas burok\u0117li\u0173 mink\u0161timas, kukur\u016bz\u0173 glitimas, alyvuog\u0117s aliejus (1%), d\u017eiovint\u0173 ceratonij\u0173 ank\u0161ties miltai, mikronizuoti, mineralai, dehidratuoti pomidorai (0,2%), ka\u0161tonas ekstraktas. <strong>Maistiniai priedai 1 kg:<\/strong> Vitaminas A (retinilo acetatas) 13000 TV; Vitaminas D3 730 TV; Vitaminas E (visos ras\u0117s alfa-tokoferilo acetatas) 80 mg; Vitaminas B1 (tiamino hidrochloridas) 2,61 mg; Vitaminas B2(riboflavinas) 4,17 mg; Niacinamidas 39,1 mg; Kalcio-D-pantotenatas 10,4 mg; Vitaminas B6 (piridoksino hidrochloridas) 3,13 mg; Folio r\u016bg\u0161tis 1,18 mg; Vitaminas B12 (cianokobalaminas)0,08 mg; Biotinas 0,21 mg; Vitaminas K3 (menadiono natrio bisulfitas) 2,08 mg; Cholinas chloridas 570 mg; Gele\u017eies karbonatas (gele\u017eis) 135 mg; Kalio jodidas 1,37 mg; Cupric sulfato pentahidratas (varis) 35,8 mg; Mangano oksidas (manganas) 23,5 mg; Cinkas oksidas 64,6 mg; Natrio selenitas (selenas) 0,23 mg; Lizinas (L-lizino monohidrochloridas echni\u0161kai grynas) 420 mg. <strong>Technologiniai priedai:<\/strong> antioksidantai.\u00a0<strong>Tinkamo naudojimo instrukcijos:<\/strong> Patiekite tok\u012f, koks yra arba truput\u0117l\u012f sudr\u0117kinkite vandeniu. <strong>Laikymo s\u0105lygos:<\/strong> Laikyti atokiai nuo \u0161ilumos \u0161altini\u0173, u\u017edarytoje pakuot\u0117je.<\/p>\n","protected":false},"excerpt":{"rendered":"<p><strong data-start=\"0\" data-end=\"62\" data-is-only-node=\"\">Vincent Diet su \u0117riena \u2013 sausas maistas suaugusiems \u0161unims<\/strong>\u00a0 \u2013 subalansuota mityba su auk\u0161tos kokyb\u0117s \u0117riena, lengvai vir\u0161kinamais baltymais ir b\u016btiniausiais vitaminais. Palaiko sveik\u0105 vir\u0161kinim\u0105, stiprius raumenis ir blizgant\u012f kail\u012f. Be dirbtini\u0173 pried\u0173, tinka jautri\u0105 vir\u0161kinimo sistem\u0105 turintiems \u0161unims.<\/p>\n","protected":false},"featured_media":4183,"comment_status":"open","ping_status":"closed","template":"","meta":[],"product_brand":[156],"product_cat":[89],"product_tag":[],"class_list":{"0":"post-4313","1":"product","2":"type-product","3":"status-publish","4":"has-post-thumbnail","6":"product_brand-vincent-diet","7":"product_cat-sunu-maistas","10":"first","11":"instock","12":"taxable","13":"shipping-taxable","14":"purchasable","15":"product-type-variable"},"yoast_head":"<!-- This site is optimized with the Yoast SEO plugin v27.4 - https:\/\/yoast.com\/product\/yoast-seo-wordpress\/ -->\n<title>Vincent Diet su \u0117riena sausas maistas suaugusiems \u0161unims - likepets.lt<\/title>\n<meta name=\"description\" content=\"\u0160is hipoalerginis, i\u0161 nat\u016brali\u0173 produkt\u0173, \u0161un\u0173 maistas su \u0117riena, puikiai tinka jautri\u0105 vir\u0161kinimo sistem\u0105 turintiems vis\u0173 veisli\u0173 \u0161unims.\" \/>\n<meta name=\"robots\" content=\"index, follow, max-snippet:-1, max-image-preview:large, max-video-preview:-1\" \/>\n<link rel=\"canonical\" href=\"https:\/\/likepets.lt\/lt_lt\/product\/vincent-diet-su-eriena-sausas-maistas-suaugusiems-sunims\/\" \/>\n<meta property=\"og:locale\" content=\"lt_LT\" \/>\n<meta property=\"og:type\" content=\"article\" \/>\n<meta property=\"og:title\" content=\"Vincent Diet su \u0117riena sausas maistas suaugusiems \u0161unims - likepets.lt\" \/>\n<meta property=\"og:description\" content=\"\u0160is hipoalerginis, i\u0161 nat\u016brali\u0173 produkt\u0173, \u0161un\u0173 maistas su \u0117riena, puikiai tinka jautri\u0105 vir\u0161kinimo sistem\u0105 turintiems vis\u0173 veisli\u0173 \u0161unims.\" \/>\n<meta property=\"og:url\" content=\"https:\/\/likepets.lt\/lt_lt\/product\/vincent-diet-su-eriena-sausas-maistas-suaugusiems-sunims\/\" \/>\n<meta property=\"og:site_name\" content=\"likepets.lt\" \/>\n<meta property=\"article:publisher\" content=\"https:\/\/www.facebook.com\/profile.php?id=61569466134223\" \/>\n<meta property=\"article:modified_time\" content=\"2025-07-16T12:23:10+00:00\" \/>\n<meta property=\"og:image\" content=\"https:\/\/likepets.lt\/wp-content\/uploads\/2025\/04\/Vincentdiet-eriena-.png\" \/>\n\t<meta property=\"og:image:width\" content=\"1080\" \/>\n\t<meta property=\"og:image:height\" content=\"1080\" \/>\n\t<meta property=\"og:image:type\" content=\"image\/png\" \/>\n<meta name=\"twitter:card\" content=\"summary_large_image\" \/>\n<meta name=\"twitter:label1\" content=\"Est. reading time\" \/>\n\t<meta name=\"twitter:data1\" content=\"2 minut\u0117s\" \/>\n<script type=\"application\/ld+json\" class=\"yoast-schema-graph\">{\"@context\":\"https:\\\/\\\/schema.org\",\"@graph\":[{\"@type\":\"WebPage\",\"@id\":\"https:\\\/\\\/likepets.lt\\\/product\\\/vincent-diet-su-eriena-sausas-maistas-suaugusiems-sunims\\\/\",\"url\":\"https:\\\/\\\/likepets.lt\\\/product\\\/vincent-diet-su-eriena-sausas-maistas-suaugusiems-sunims\\\/\",\"name\":\"Vincent Diet su \u0117riena sausas maistas suaugusiems \u0161unims - likepets.lt\",\"isPartOf\":{\"@id\":\"https:\\\/\\\/likepets.lt\\\/#website\"},\"primaryImageOfPage\":{\"@id\":\"https:\\\/\\\/likepets.lt\\\/product\\\/vincent-diet-su-eriena-sausas-maistas-suaugusiems-sunims\\\/#primaryimage\"},\"image\":{\"@id\":\"https:\\\/\\\/likepets.lt\\\/product\\\/vincent-diet-su-eriena-sausas-maistas-suaugusiems-sunims\\\/#primaryimage\"},\"thumbnailUrl\":\"https:\\\/\\\/likepets.lt\\\/wp-content\\\/uploads\\\/2025\\\/04\\\/Vincentdiet-eriena-.png\",\"datePublished\":\"2025-03-25T11:11:25+00:00\",\"dateModified\":\"2025-07-16T12:23:10+00:00\",\"description\":\"\u0160is hipoalerginis, i\u0161 nat\u016brali\u0173 produkt\u0173, \u0161un\u0173 maistas su \u0117riena, puikiai tinka jautri\u0105 vir\u0161kinimo sistem\u0105 turintiems vis\u0173 veisli\u0173 \u0161unims.\",\"breadcrumb\":{\"@id\":\"https:\\\/\\\/likepets.lt\\\/product\\\/vincent-diet-su-eriena-sausas-maistas-suaugusiems-sunims\\\/#breadcrumb\"},\"inLanguage\":\"lt-LT\",\"potentialAction\":[{\"@type\":\"ReadAction\",\"target\":[\"https:\\\/\\\/likepets.lt\\\/product\\\/vincent-diet-su-eriena-sausas-maistas-suaugusiems-sunims\\\/\"]}]},{\"@type\":\"ImageObject\",\"inLanguage\":\"lt-LT\",\"@id\":\"https:\\\/\\\/likepets.lt\\\/product\\\/vincent-diet-su-eriena-sausas-maistas-suaugusiems-sunims\\\/#primaryimage\",\"url\":\"https:\\\/\\\/likepets.lt\\\/wp-content\\\/uploads\\\/2025\\\/04\\\/Vincentdiet-eriena-.png\",\"contentUrl\":\"https:\\\/\\\/likepets.lt\\\/wp-content\\\/uploads\\\/2025\\\/04\\\/Vincentdiet-eriena-.png\",\"width\":1080,\"height\":1080,\"caption\":\"Vincent diet sausas \u0161un\u0173 maistas su \u0117riena\"},{\"@type\":\"BreadcrumbList\",\"@id\":\"https:\\\/\\\/likepets.lt\\\/product\\\/vincent-diet-su-eriena-sausas-maistas-suaugusiems-sunims\\\/#breadcrumb\",\"itemListElement\":[{\"@type\":\"ListItem\",\"position\":1,\"name\":\"Home\",\"item\":\"https:\\\/\\\/likepets.lt\\\/lt_lt\\\/\"},{\"@type\":\"ListItem\",\"position\":2,\"name\":\"Parduotuv\u0117\",\"item\":\"https:\\\/\\\/likepets.lt\\\/parduotuve\\\/\"},{\"@type\":\"ListItem\",\"position\":3,\"name\":\"Vincent Diet su \u0117riena sausas maistas suaugusiems \u0161unims\"}]},{\"@type\":\"WebSite\",\"@id\":\"https:\\\/\\\/likepets.lt\\\/#website\",\"url\":\"https:\\\/\\\/likepets.lt\\\/\",\"name\":\"Likepets.lt\",\"description\":\"\",\"publisher\":{\"@id\":\"https:\\\/\\\/likepets.lt\\\/#\\\/schema\\\/person\\\/4ad7eed3b9dc7a176cfff59cfc71e86f\"},\"potentialAction\":[{\"@type\":\"SearchAction\",\"target\":{\"@type\":\"EntryPoint\",\"urlTemplate\":\"https:\\\/\\\/likepets.lt\\\/?s={search_term_string}\"},\"query-input\":{\"@type\":\"PropertyValueSpecification\",\"valueRequired\":true,\"valueName\":\"search_term_string\"}}],\"inLanguage\":\"lt-LT\"},{\"@type\":[\"Person\",\"Organization\"],\"@id\":\"https:\\\/\\\/likepets.lt\\\/#\\\/schema\\\/person\\\/4ad7eed3b9dc7a176cfff59cfc71e86f\",\"name\":\"Likepets.lt\",\"image\":{\"@type\":\"ImageObject\",\"inLanguage\":\"lt-LT\",\"@id\":\"https:\\\/\\\/likepets.lt\\\/wp-content\\\/litespeed\\\/avatar\\\/e807fa13845e19a6e6af46a4bc771b01.jpg?ver=1775897302\",\"url\":\"https:\\\/\\\/likepets.lt\\\/wp-content\\\/litespeed\\\/avatar\\\/e807fa13845e19a6e6af46a4bc771b01.jpg?ver=1775897302\",\"contentUrl\":\"https:\\\/\\\/likepets.lt\\\/wp-content\\\/litespeed\\\/avatar\\\/e807fa13845e19a6e6af46a4bc771b01.jpg?ver=1775897302\",\"caption\":\"Likepets.lt\"},\"logo\":{\"@id\":\"https:\\\/\\\/likepets.lt\\\/wp-content\\\/litespeed\\\/avatar\\\/e807fa13845e19a6e6af46a4bc771b01.jpg?ver=1775897302\"},\"sameAs\":[\"http:\\\/\\\/likepets.lt\",\"https:\\\/\\\/www.facebook.com\\\/profile.php?id=61569466134223\",\"https:\\\/\\\/www.instagram.com\\\/likepets77\\\/?fbclid=IwY2xjawMjUHtleHRuA2FlbQIxMQBicmlkETBlaEhxaVI0bUk1RHl3bmVMAR7IJeYf9r0OCeo9BwYJUD-yM6Osp6MrosWJGq_QweyNqX1BUWyhO1-sP82C2g_aem_xQbJ_D9oWWiUjsE-R3Dlrw\"]}]}<\/script>\n<!-- \/ Yoast SEO plugin. -->","yoast_head_json":{"title":"Vincent Diet su \u0117riena sausas maistas suaugusiems \u0161unims - likepets.lt","description":"\u0160is hipoalerginis, i\u0161 nat\u016brali\u0173 produkt\u0173, \u0161un\u0173 maistas su \u0117riena, puikiai tinka jautri\u0105 vir\u0161kinimo sistem\u0105 turintiems vis\u0173 veisli\u0173 \u0161unims.","robots":{"index":"index","follow":"follow","max-snippet":"max-snippet:-1","max-image-preview":"max-image-preview:large","max-video-preview":"max-video-preview:-1"},"canonical":"https:\/\/likepets.lt\/lt_lt\/product\/vincent-diet-su-eriena-sausas-maistas-suaugusiems-sunims\/","og_locale":"lt_LT","og_type":"article","og_title":"Vincent Diet su \u0117riena sausas maistas suaugusiems \u0161unims - likepets.lt","og_description":"\u0160is hipoalerginis, i\u0161 nat\u016brali\u0173 produkt\u0173, \u0161un\u0173 maistas su \u0117riena, puikiai tinka jautri\u0105 vir\u0161kinimo sistem\u0105 turintiems vis\u0173 veisli\u0173 \u0161unims.","og_url":"https:\/\/likepets.lt\/lt_lt\/product\/vincent-diet-su-eriena-sausas-maistas-suaugusiems-sunims\/","og_site_name":"likepets.lt","article_publisher":"https:\/\/www.facebook.com\/profile.php?id=61569466134223","article_modified_time":"2025-07-16T12:23:10+00:00","og_image":[{"width":1080,"height":1080,"url":"https:\/\/likepets.lt\/wp-content\/uploads\/2025\/04\/Vincentdiet-eriena-.png","type":"image\/png"}],"twitter_card":"summary_large_image","twitter_misc":{"Est. reading time":"2 minut\u0117s"},"schema":{"@context":"https:\/\/schema.org","@graph":[{"@type":"WebPage","@id":"https:\/\/likepets.lt\/product\/vincent-diet-su-eriena-sausas-maistas-suaugusiems-sunims\/","url":"https:\/\/likepets.lt\/product\/vincent-diet-su-eriena-sausas-maistas-suaugusiems-sunims\/","name":"Vincent Diet su \u0117riena sausas maistas suaugusiems \u0161unims - likepets.lt","isPartOf":{"@id":"https:\/\/likepets.lt\/#website"},"primaryImageOfPage":{"@id":"https:\/\/likepets.lt\/product\/vincent-diet-su-eriena-sausas-maistas-suaugusiems-sunims\/#primaryimage"},"image":{"@id":"https:\/\/likepets.lt\/product\/vincent-diet-su-eriena-sausas-maistas-suaugusiems-sunims\/#primaryimage"},"thumbnailUrl":"https:\/\/likepets.lt\/wp-content\/uploads\/2025\/04\/Vincentdiet-eriena-.png","datePublished":"2025-03-25T11:11:25+00:00","dateModified":"2025-07-16T12:23:10+00:00","description":"\u0160is hipoalerginis, i\u0161 nat\u016brali\u0173 produkt\u0173, \u0161un\u0173 maistas su \u0117riena, puikiai tinka jautri\u0105 vir\u0161kinimo sistem\u0105 turintiems vis\u0173 veisli\u0173 \u0161unims.","breadcrumb":{"@id":"https:\/\/likepets.lt\/product\/vincent-diet-su-eriena-sausas-maistas-suaugusiems-sunims\/#breadcrumb"},"inLanguage":"lt-LT","potentialAction":[{"@type":"ReadAction","target":["https:\/\/likepets.lt\/product\/vincent-diet-su-eriena-sausas-maistas-suaugusiems-sunims\/"]}]},{"@type":"ImageObject","inLanguage":"lt-LT","@id":"https:\/\/likepets.lt\/product\/vincent-diet-su-eriena-sausas-maistas-suaugusiems-sunims\/#primaryimage","url":"https:\/\/likepets.lt\/wp-content\/uploads\/2025\/04\/Vincentdiet-eriena-.png","contentUrl":"https:\/\/likepets.lt\/wp-content\/uploads\/2025\/04\/Vincentdiet-eriena-.png","width":1080,"height":1080,"caption":"Vincent diet sausas \u0161un\u0173 maistas su \u0117riena"},{"@type":"BreadcrumbList","@id":"https:\/\/likepets.lt\/product\/vincent-diet-su-eriena-sausas-maistas-suaugusiems-sunims\/#breadcrumb","itemListElement":[{"@type":"ListItem","position":1,"name":"Home","item":"https:\/\/likepets.lt\/lt_lt\/"},{"@type":"ListItem","position":2,"name":"Parduotuv\u0117","item":"https:\/\/likepets.lt\/parduotuve\/"},{"@type":"ListItem","position":3,"name":"Vincent Diet su \u0117riena sausas maistas suaugusiems \u0161unims"}]},{"@type":"WebSite","@id":"https:\/\/likepets.lt\/#website","url":"https:\/\/likepets.lt\/","name":"Likepets.lt","description":"","publisher":{"@id":"https:\/\/likepets.lt\/#\/schema\/person\/4ad7eed3b9dc7a176cfff59cfc71e86f"},"potentialAction":[{"@type":"SearchAction","target":{"@type":"EntryPoint","urlTemplate":"https:\/\/likepets.lt\/?s={search_term_string}"},"query-input":{"@type":"PropertyValueSpecification","valueRequired":true,"valueName":"search_term_string"}}],"inLanguage":"lt-LT"},{"@type":["Person","Organization"],"@id":"https:\/\/likepets.lt\/#\/schema\/person\/4ad7eed3b9dc7a176cfff59cfc71e86f","name":"Likepets.lt","image":{"@type":"ImageObject","inLanguage":"lt-LT","@id":"https:\/\/likepets.lt\/wp-content\/litespeed\/avatar\/e807fa13845e19a6e6af46a4bc771b01.jpg?ver=1775897302","url":"https:\/\/likepets.lt\/wp-content\/litespeed\/avatar\/e807fa13845e19a6e6af46a4bc771b01.jpg?ver=1775897302","contentUrl":"https:\/\/likepets.lt\/wp-content\/litespeed\/avatar\/e807fa13845e19a6e6af46a4bc771b01.jpg?ver=1775897302","caption":"Likepets.lt"},"logo":{"@id":"https:\/\/likepets.lt\/wp-content\/litespeed\/avatar\/e807fa13845e19a6e6af46a4bc771b01.jpg?ver=1775897302"},"sameAs":["http:\/\/likepets.lt","https:\/\/www.facebook.com\/profile.php?id=61569466134223","https:\/\/www.instagram.com\/likepets77\/?fbclid=IwY2xjawMjUHtleHRuA2FlbQIxMQBicmlkETBlaEhxaVI0bUk1RHl3bmVMAR7IJeYf9r0OCeo9BwYJUD-yM6Osp6MrosWJGq_QweyNqX1BUWyhO1-sP82C2g_aem_xQbJ_D9oWWiUjsE-R3Dlrw"]}]}},"_links":{"self":[{"href":"https:\/\/likepets.lt\/lt_lt\/wp-json\/wp\/v2\/product\/4313","targetHints":{"allow":["GET"]}}],"collection":[{"href":"https:\/\/likepets.lt\/lt_lt\/wp-json\/wp\/v2\/product"}],"about":[{"href":"https:\/\/likepets.lt\/lt_lt\/wp-json\/wp\/v2\/types\/product"}],"replies":[{"embeddable":true,"href":"https:\/\/likepets.lt\/lt_lt\/wp-json\/wp\/v2\/comments?post=4313"}],"version-history":[{"count":1,"href":"https:\/\/likepets.lt\/lt_lt\/wp-json\/wp\/v2\/product\/4313\/revisions"}],"predecessor-version":[{"id":62429,"href":"https:\/\/likepets.lt\/lt_lt\/wp-json\/wp\/v2\/product\/4313\/revisions\/62429"}],"wp:featuredmedia":[{"embeddable":true,"href":"https:\/\/likepets.lt\/lt_lt\/wp-json\/wp\/v2\/media\/4183"}],"wp:attachment":[{"href":"https:\/\/likepets.lt\/lt_lt\/wp-json\/wp\/v2\/media?parent=4313"}],"wp:term":[{"taxonomy":"product_brand","embeddable":true,"href":"https:\/\/likepets.lt\/lt_lt\/wp-json\/wp\/v2\/product_brand?post=4313"},{"taxonomy":"product_cat","embeddable":true,"href":"https:\/\/likepets.lt\/lt_lt\/wp-json\/wp\/v2\/product_cat?post=4313"},{"taxonomy":"product_tag","embeddable":true,"href":"https:\/\/likepets.lt\/lt_lt\/wp-json\/wp\/v2\/product_tag?post=4313"}],"curies":[{"name":"wp","href":"https:\/\/api.w.org\/{rel}","templated":true}]}}