{"id":4316,"date":"2025-03-25T11:17:14","date_gmt":"2025-03-25T11:17:14","guid":{"rendered":"https:\/\/likepets.lt\/?post_type=product&#038;p=4316"},"modified":"2025-07-16T15:21:48","modified_gmt":"2025-07-16T12:21:48","slug":"vincent-diet-jaunu-suniuku-sausas-maistas-su-vistiena-2","status":"publish","type":"product","link":"https:\/\/likepets.lt\/lt_lt\/product\/vincent-diet-jaunu-suniuku-sausas-maistas-su-vistiena-2\/","title":{"rendered":"Vincent Diet jaun\u0173 \u0161uniuk\u0173 sausas maistas su vi\u0161tiena"},"content":{"rendered":"<p>\u017dali baltymai 28,5%; \u017ealias aliejus ir riebalai 16,5%; \u017dalia l\u0105steliena 1,7%; \u017dali pelenai 6,3%; Kalcis 1,4 %; Fosforas 1,1%; Omega-3 0,4%; Omega-6 1,4%. <strong>Sud\u0117tis:<\/strong> Dehidratuota m\u0117sa (vi\u0161tiena 31%), kietieji kvie\u010diai (sveiki 8%), ry\u017eiai, kukur\u016bzai, vi\u0161tienos riebalai (9,4%), dehidratuota \u017euvis (2%), ank\u0161tiniai augalai (vicia faba minor 2%), d\u017eiovintas burok\u0117li\u0173 mink\u0161timas, kukur\u016bz\u0173 glitimas, alyvuog\u0117s aliejus (1%), d\u017eiovintos ceratonijos ank\u0161ties miltai, mikronizuoti, mineralai, dehidratuoti pomidorai (0,2%), ka\u0161tonas ekstraktas. <strong>Maistiniai priedai 1 kg:<\/strong> Vitaminas A (retinilo acetatas) 16200 TV; Vitaminas D3 910 TV; Vitaminas E (visos ras\u0117s alfa- tokoferilo acetatas) 97,5 mg; Vitaminas B1 (tiamino hidrochloridas) 3,25 mg; Vitaminas B2 (riboflavinas) 5,2 mg; Niacinamidas 48,8 mg; Kalcio-D-pantotenatas 13 mg; Vitaminas B6 (piridoksino hidrochloridas) 3,9 mg; Folio r\u016bg\u0161tis 1,46 mg; Vitaminas B12 (cianokobalaminas) 0,1 mg; Biotinas 0,26 mg; Vitaminas K3 (menadiono natrio bisulfitas) 2,6 mg; Cholino chloridas 715 mg; Gele\u017eies karbonatas (gele\u017eis) 168 mg; Kalio jodidas 1,7 mg; Vario sulfatas pentahidratas (varis) 44,7 mg; Mangano oksidas (manganas) 29,4 mg; Cinko oksidas 80,6 mg; Natrio selenitas (selenas) 0,28 mg; Lizinas (L-lizino monohidrochloridas techni\u0161kai grynas) 520 mg. <strong>Technologiniai priedai<\/strong>: antioksidantai. <strong>Tinkamo laikymo instrukcijos:<\/strong> Laikyti atokiai nuo \u0161ilumos \u0161altini\u0173. I\u0161 naujo u\u017edarykite pakuot\u0119 po naudojimo. Laikykite gamin\u012f v\u0117sioje, sausoje vietoje.<\/p>\n","protected":false},"excerpt":{"rendered":"<p><strong data-start=\"0\" data-end=\"57\" data-is-only-node=\"\">Vincent Diet jaun\u0173 \u0161uniuk\u0173 sausas maistas su vi\u0161tiena<\/strong> \u2013 subalansuotas ir lengvai vir\u0161kinamas maistas, praturtintas auk\u0161tos kokyb\u0117s baltymais, vitaminais ir mineralais. Skirtas sveikam augimui, stipriems kaulams bei blizgan\u010diam kailiui. Tinka vis\u0173 veisli\u0173 \u0161uniukams. Be dirbtini\u0173 pried\u0173.<\/p>\n","protected":false},"featured_media":4155,"comment_status":"open","ping_status":"closed","template":"","meta":[],"product_brand":[156],"product_cat":[157,150,89],"product_tag":[],"class_list":{"0":"post-4316","1":"product","2":"type-product","3":"status-publish","4":"has-post-thumbnail","6":"product_brand-vincent-diet","7":"product_cat-ispardavimas","8":"product_cat-populiariausios-prekes","9":"product_cat-sunu-maistas","12":"first","13":"instock","14":"taxable","15":"shipping-taxable","16":"purchasable","17":"product-type-variable"},"yoast_head":"<!-- This site is optimized with the Yoast SEO plugin v27.4 - https:\/\/yoast.com\/product\/yoast-seo-wordpress\/ -->\n<title>Vincent Diet jaun\u0173 \u0161uniuk\u0173 sausas maistas su vi\u0161tiena - likepets.lt<\/title>\n<meta name=\"description\" content=\"Ma\u017eiems \u0161uniukams. Auk\u0161tos kokyb\u0117s vi\u0161tienos kiekis (31%), kartu su subalansuotu skaidul\u0173 kiekiu. Sukurta naudojant Omega-3 ir Omega-6.\" \/>\n<meta name=\"robots\" content=\"index, follow, max-snippet:-1, max-image-preview:large, max-video-preview:-1\" \/>\n<link rel=\"canonical\" href=\"https:\/\/likepets.lt\/lt_lt\/product\/vincent-diet-jaunu-suniuku-sausas-maistas-su-vistiena-2\/\" \/>\n<meta property=\"og:locale\" content=\"lt_LT\" \/>\n<meta property=\"og:type\" content=\"article\" \/>\n<meta property=\"og:title\" content=\"Vincent Diet jaun\u0173 \u0161uniuk\u0173 sausas maistas su vi\u0161tiena - likepets.lt\" \/>\n<meta property=\"og:description\" content=\"Ma\u017eiems \u0161uniukams. Auk\u0161tos kokyb\u0117s vi\u0161tienos kiekis (31%), kartu su subalansuotu skaidul\u0173 kiekiu. Sukurta naudojant Omega-3 ir Omega-6.\" \/>\n<meta property=\"og:url\" content=\"https:\/\/likepets.lt\/lt_lt\/product\/vincent-diet-jaunu-suniuku-sausas-maistas-su-vistiena-2\/\" \/>\n<meta property=\"og:site_name\" content=\"likepets.lt\" \/>\n<meta property=\"article:publisher\" content=\"https:\/\/www.facebook.com\/profile.php?id=61569466134223\" \/>\n<meta property=\"article:modified_time\" content=\"2025-07-16T12:21:48+00:00\" \/>\n<meta property=\"og:image\" content=\"https:\/\/likepets.lt\/wp-content\/uploads\/2025\/04\/mazu-suniuku-sausas-maistas-.png\" \/>\n\t<meta property=\"og:image:width\" content=\"1080\" \/>\n\t<meta property=\"og:image:height\" content=\"1080\" \/>\n\t<meta property=\"og:image:type\" content=\"image\/png\" \/>\n<meta name=\"twitter:card\" content=\"summary_large_image\" \/>\n<meta name=\"twitter:label1\" content=\"Est. reading time\" \/>\n\t<meta name=\"twitter:data1\" content=\"2 minut\u0117s\" \/>\n<script type=\"application\/ld+json\" class=\"yoast-schema-graph\">{\"@context\":\"https:\\\/\\\/schema.org\",\"@graph\":[{\"@type\":\"WebPage\",\"@id\":\"https:\\\/\\\/likepets.lt\\\/product\\\/vincent-diet-jaunu-suniuku-sausas-maistas-su-vistiena-2\\\/\",\"url\":\"https:\\\/\\\/likepets.lt\\\/product\\\/vincent-diet-jaunu-suniuku-sausas-maistas-su-vistiena-2\\\/\",\"name\":\"Vincent Diet jaun\u0173 \u0161uniuk\u0173 sausas maistas su vi\u0161tiena - likepets.lt\",\"isPartOf\":{\"@id\":\"https:\\\/\\\/likepets.lt\\\/#website\"},\"primaryImageOfPage\":{\"@id\":\"https:\\\/\\\/likepets.lt\\\/product\\\/vincent-diet-jaunu-suniuku-sausas-maistas-su-vistiena-2\\\/#primaryimage\"},\"image\":{\"@id\":\"https:\\\/\\\/likepets.lt\\\/product\\\/vincent-diet-jaunu-suniuku-sausas-maistas-su-vistiena-2\\\/#primaryimage\"},\"thumbnailUrl\":\"https:\\\/\\\/likepets.lt\\\/wp-content\\\/uploads\\\/2025\\\/04\\\/mazu-suniuku-sausas-maistas-.png\",\"datePublished\":\"2025-03-25T11:17:14+00:00\",\"dateModified\":\"2025-07-16T12:21:48+00:00\",\"description\":\"Ma\u017eiems \u0161uniukams. Auk\u0161tos kokyb\u0117s vi\u0161tienos kiekis (31%), kartu su subalansuotu skaidul\u0173 kiekiu. Sukurta naudojant Omega-3 ir Omega-6.\",\"breadcrumb\":{\"@id\":\"https:\\\/\\\/likepets.lt\\\/product\\\/vincent-diet-jaunu-suniuku-sausas-maistas-su-vistiena-2\\\/#breadcrumb\"},\"inLanguage\":\"lt-LT\",\"potentialAction\":[{\"@type\":\"ReadAction\",\"target\":[\"https:\\\/\\\/likepets.lt\\\/product\\\/vincent-diet-jaunu-suniuku-sausas-maistas-su-vistiena-2\\\/\"]}]},{\"@type\":\"ImageObject\",\"inLanguage\":\"lt-LT\",\"@id\":\"https:\\\/\\\/likepets.lt\\\/product\\\/vincent-diet-jaunu-suniuku-sausas-maistas-su-vistiena-2\\\/#primaryimage\",\"url\":\"https:\\\/\\\/likepets.lt\\\/wp-content\\\/uploads\\\/2025\\\/04\\\/mazu-suniuku-sausas-maistas-.png\",\"contentUrl\":\"https:\\\/\\\/likepets.lt\\\/wp-content\\\/uploads\\\/2025\\\/04\\\/mazu-suniuku-sausas-maistas-.png\",\"width\":1080,\"height\":1080,\"caption\":\"Vincent diet ma\u017eu \u0161uniuk\u0173 sausas maistas | https\"},{\"@type\":\"BreadcrumbList\",\"@id\":\"https:\\\/\\\/likepets.lt\\\/product\\\/vincent-diet-jaunu-suniuku-sausas-maistas-su-vistiena-2\\\/#breadcrumb\",\"itemListElement\":[{\"@type\":\"ListItem\",\"position\":1,\"name\":\"Home\",\"item\":\"https:\\\/\\\/likepets.lt\\\/lt_lt\\\/\"},{\"@type\":\"ListItem\",\"position\":2,\"name\":\"Parduotuv\u0117\",\"item\":\"https:\\\/\\\/likepets.lt\\\/parduotuve\\\/\"},{\"@type\":\"ListItem\",\"position\":3,\"name\":\"Vincent Diet jaun\u0173 \u0161uniuk\u0173 sausas maistas su vi\u0161tiena\"}]},{\"@type\":\"WebSite\",\"@id\":\"https:\\\/\\\/likepets.lt\\\/#website\",\"url\":\"https:\\\/\\\/likepets.lt\\\/\",\"name\":\"Likepets.lt\",\"description\":\"\",\"publisher\":{\"@id\":\"https:\\\/\\\/likepets.lt\\\/#\\\/schema\\\/person\\\/4ad7eed3b9dc7a176cfff59cfc71e86f\"},\"potentialAction\":[{\"@type\":\"SearchAction\",\"target\":{\"@type\":\"EntryPoint\",\"urlTemplate\":\"https:\\\/\\\/likepets.lt\\\/?s={search_term_string}\"},\"query-input\":{\"@type\":\"PropertyValueSpecification\",\"valueRequired\":true,\"valueName\":\"search_term_string\"}}],\"inLanguage\":\"lt-LT\"},{\"@type\":[\"Person\",\"Organization\"],\"@id\":\"https:\\\/\\\/likepets.lt\\\/#\\\/schema\\\/person\\\/4ad7eed3b9dc7a176cfff59cfc71e86f\",\"name\":\"Likepets.lt\",\"image\":{\"@type\":\"ImageObject\",\"inLanguage\":\"lt-LT\",\"@id\":\"https:\\\/\\\/likepets.lt\\\/wp-content\\\/litespeed\\\/avatar\\\/e807fa13845e19a6e6af46a4bc771b01.jpg?ver=1775897302\",\"url\":\"https:\\\/\\\/likepets.lt\\\/wp-content\\\/litespeed\\\/avatar\\\/e807fa13845e19a6e6af46a4bc771b01.jpg?ver=1775897302\",\"contentUrl\":\"https:\\\/\\\/likepets.lt\\\/wp-content\\\/litespeed\\\/avatar\\\/e807fa13845e19a6e6af46a4bc771b01.jpg?ver=1775897302\",\"caption\":\"Likepets.lt\"},\"logo\":{\"@id\":\"https:\\\/\\\/likepets.lt\\\/wp-content\\\/litespeed\\\/avatar\\\/e807fa13845e19a6e6af46a4bc771b01.jpg?ver=1775897302\"},\"sameAs\":[\"http:\\\/\\\/likepets.lt\",\"https:\\\/\\\/www.facebook.com\\\/profile.php?id=61569466134223\",\"https:\\\/\\\/www.instagram.com\\\/likepets77\\\/?fbclid=IwY2xjawMjUHtleHRuA2FlbQIxMQBicmlkETBlaEhxaVI0bUk1RHl3bmVMAR7IJeYf9r0OCeo9BwYJUD-yM6Osp6MrosWJGq_QweyNqX1BUWyhO1-sP82C2g_aem_xQbJ_D9oWWiUjsE-R3Dlrw\"]}]}<\/script>\n<!-- \/ Yoast SEO plugin. -->","yoast_head_json":{"title":"Vincent Diet jaun\u0173 \u0161uniuk\u0173 sausas maistas su vi\u0161tiena - likepets.lt","description":"Ma\u017eiems \u0161uniukams. Auk\u0161tos kokyb\u0117s vi\u0161tienos kiekis (31%), kartu su subalansuotu skaidul\u0173 kiekiu. Sukurta naudojant Omega-3 ir Omega-6.","robots":{"index":"index","follow":"follow","max-snippet":"max-snippet:-1","max-image-preview":"max-image-preview:large","max-video-preview":"max-video-preview:-1"},"canonical":"https:\/\/likepets.lt\/lt_lt\/product\/vincent-diet-jaunu-suniuku-sausas-maistas-su-vistiena-2\/","og_locale":"lt_LT","og_type":"article","og_title":"Vincent Diet jaun\u0173 \u0161uniuk\u0173 sausas maistas su vi\u0161tiena - likepets.lt","og_description":"Ma\u017eiems \u0161uniukams. Auk\u0161tos kokyb\u0117s vi\u0161tienos kiekis (31%), kartu su subalansuotu skaidul\u0173 kiekiu. Sukurta naudojant Omega-3 ir Omega-6.","og_url":"https:\/\/likepets.lt\/lt_lt\/product\/vincent-diet-jaunu-suniuku-sausas-maistas-su-vistiena-2\/","og_site_name":"likepets.lt","article_publisher":"https:\/\/www.facebook.com\/profile.php?id=61569466134223","article_modified_time":"2025-07-16T12:21:48+00:00","og_image":[{"width":1080,"height":1080,"url":"https:\/\/likepets.lt\/wp-content\/uploads\/2025\/04\/mazu-suniuku-sausas-maistas-.png","type":"image\/png"}],"twitter_card":"summary_large_image","twitter_misc":{"Est. reading time":"2 minut\u0117s"},"schema":{"@context":"https:\/\/schema.org","@graph":[{"@type":"WebPage","@id":"https:\/\/likepets.lt\/product\/vincent-diet-jaunu-suniuku-sausas-maistas-su-vistiena-2\/","url":"https:\/\/likepets.lt\/product\/vincent-diet-jaunu-suniuku-sausas-maistas-su-vistiena-2\/","name":"Vincent Diet jaun\u0173 \u0161uniuk\u0173 sausas maistas su vi\u0161tiena - likepets.lt","isPartOf":{"@id":"https:\/\/likepets.lt\/#website"},"primaryImageOfPage":{"@id":"https:\/\/likepets.lt\/product\/vincent-diet-jaunu-suniuku-sausas-maistas-su-vistiena-2\/#primaryimage"},"image":{"@id":"https:\/\/likepets.lt\/product\/vincent-diet-jaunu-suniuku-sausas-maistas-su-vistiena-2\/#primaryimage"},"thumbnailUrl":"https:\/\/likepets.lt\/wp-content\/uploads\/2025\/04\/mazu-suniuku-sausas-maistas-.png","datePublished":"2025-03-25T11:17:14+00:00","dateModified":"2025-07-16T12:21:48+00:00","description":"Ma\u017eiems \u0161uniukams. Auk\u0161tos kokyb\u0117s vi\u0161tienos kiekis (31%), kartu su subalansuotu skaidul\u0173 kiekiu. Sukurta naudojant Omega-3 ir Omega-6.","breadcrumb":{"@id":"https:\/\/likepets.lt\/product\/vincent-diet-jaunu-suniuku-sausas-maistas-su-vistiena-2\/#breadcrumb"},"inLanguage":"lt-LT","potentialAction":[{"@type":"ReadAction","target":["https:\/\/likepets.lt\/product\/vincent-diet-jaunu-suniuku-sausas-maistas-su-vistiena-2\/"]}]},{"@type":"ImageObject","inLanguage":"lt-LT","@id":"https:\/\/likepets.lt\/product\/vincent-diet-jaunu-suniuku-sausas-maistas-su-vistiena-2\/#primaryimage","url":"https:\/\/likepets.lt\/wp-content\/uploads\/2025\/04\/mazu-suniuku-sausas-maistas-.png","contentUrl":"https:\/\/likepets.lt\/wp-content\/uploads\/2025\/04\/mazu-suniuku-sausas-maistas-.png","width":1080,"height":1080,"caption":"Vincent diet ma\u017eu \u0161uniuk\u0173 sausas maistas | https"},{"@type":"BreadcrumbList","@id":"https:\/\/likepets.lt\/product\/vincent-diet-jaunu-suniuku-sausas-maistas-su-vistiena-2\/#breadcrumb","itemListElement":[{"@type":"ListItem","position":1,"name":"Home","item":"https:\/\/likepets.lt\/lt_lt\/"},{"@type":"ListItem","position":2,"name":"Parduotuv\u0117","item":"https:\/\/likepets.lt\/parduotuve\/"},{"@type":"ListItem","position":3,"name":"Vincent Diet jaun\u0173 \u0161uniuk\u0173 sausas maistas su vi\u0161tiena"}]},{"@type":"WebSite","@id":"https:\/\/likepets.lt\/#website","url":"https:\/\/likepets.lt\/","name":"Likepets.lt","description":"","publisher":{"@id":"https:\/\/likepets.lt\/#\/schema\/person\/4ad7eed3b9dc7a176cfff59cfc71e86f"},"potentialAction":[{"@type":"SearchAction","target":{"@type":"EntryPoint","urlTemplate":"https:\/\/likepets.lt\/?s={search_term_string}"},"query-input":{"@type":"PropertyValueSpecification","valueRequired":true,"valueName":"search_term_string"}}],"inLanguage":"lt-LT"},{"@type":["Person","Organization"],"@id":"https:\/\/likepets.lt\/#\/schema\/person\/4ad7eed3b9dc7a176cfff59cfc71e86f","name":"Likepets.lt","image":{"@type":"ImageObject","inLanguage":"lt-LT","@id":"https:\/\/likepets.lt\/wp-content\/litespeed\/avatar\/e807fa13845e19a6e6af46a4bc771b01.jpg?ver=1775897302","url":"https:\/\/likepets.lt\/wp-content\/litespeed\/avatar\/e807fa13845e19a6e6af46a4bc771b01.jpg?ver=1775897302","contentUrl":"https:\/\/likepets.lt\/wp-content\/litespeed\/avatar\/e807fa13845e19a6e6af46a4bc771b01.jpg?ver=1775897302","caption":"Likepets.lt"},"logo":{"@id":"https:\/\/likepets.lt\/wp-content\/litespeed\/avatar\/e807fa13845e19a6e6af46a4bc771b01.jpg?ver=1775897302"},"sameAs":["http:\/\/likepets.lt","https:\/\/www.facebook.com\/profile.php?id=61569466134223","https:\/\/www.instagram.com\/likepets77\/?fbclid=IwY2xjawMjUHtleHRuA2FlbQIxMQBicmlkETBlaEhxaVI0bUk1RHl3bmVMAR7IJeYf9r0OCeo9BwYJUD-yM6Osp6MrosWJGq_QweyNqX1BUWyhO1-sP82C2g_aem_xQbJ_D9oWWiUjsE-R3Dlrw"]}]}},"_links":{"self":[{"href":"https:\/\/likepets.lt\/lt_lt\/wp-json\/wp\/v2\/product\/4316","targetHints":{"allow":["GET"]}}],"collection":[{"href":"https:\/\/likepets.lt\/lt_lt\/wp-json\/wp\/v2\/product"}],"about":[{"href":"https:\/\/likepets.lt\/lt_lt\/wp-json\/wp\/v2\/types\/product"}],"replies":[{"embeddable":true,"href":"https:\/\/likepets.lt\/lt_lt\/wp-json\/wp\/v2\/comments?post=4316"}],"version-history":[{"count":1,"href":"https:\/\/likepets.lt\/lt_lt\/wp-json\/wp\/v2\/product\/4316\/revisions"}],"predecessor-version":[{"id":62428,"href":"https:\/\/likepets.lt\/lt_lt\/wp-json\/wp\/v2\/product\/4316\/revisions\/62428"}],"wp:featuredmedia":[{"embeddable":true,"href":"https:\/\/likepets.lt\/lt_lt\/wp-json\/wp\/v2\/media\/4155"}],"wp:attachment":[{"href":"https:\/\/likepets.lt\/lt_lt\/wp-json\/wp\/v2\/media?parent=4316"}],"wp:term":[{"taxonomy":"product_brand","embeddable":true,"href":"https:\/\/likepets.lt\/lt_lt\/wp-json\/wp\/v2\/product_brand?post=4316"},{"taxonomy":"product_cat","embeddable":true,"href":"https:\/\/likepets.lt\/lt_lt\/wp-json\/wp\/v2\/product_cat?post=4316"},{"taxonomy":"product_tag","embeddable":true,"href":"https:\/\/likepets.lt\/lt_lt\/wp-json\/wp\/v2\/product_tag?post=4316"}],"curies":[{"name":"wp","href":"https:\/\/api.w.org\/{rel}","templated":true}]}}