{"id":4321,"date":"2025-03-25T11:32:58","date_gmt":"2025-03-25T11:32:58","guid":{"rendered":"https:\/\/likepets.lt\/?post_type=product&#038;p=4321"},"modified":"2025-07-16T15:20:43","modified_gmt":"2025-07-16T12:20:43","slug":"vincent-diet-suaugusiu-sunu-sausas-maistas-su-vistiena-2","status":"publish","type":"product","link":"https:\/\/likepets.lt\/lt_lt\/product\/vincent-diet-suaugusiu-sunu-sausas-maistas-su-vistiena-2\/","title":{"rendered":"Vincent Diet suaugusi\u0173 \u0161un\u0173 sausas maistas su vi\u0161tiena"},"content":{"rendered":"<p>\u017dali baltymai 25,5%; \u017ealias aliejus ir riebalai 13,5%; \u017dalia l\u0105steliena 2,0 %; \u017dali pelenai 6,5%;Omega-3 0,4%; Omega-6 1,4 proc. <strong>Sud\u0117tis:<\/strong> dehidratuota m\u0117sa (vi\u0161tiena 27%), kietieji kvie\u010diai (sveiki 8%), ry\u017eiai, kukur\u016bzai, vi\u0161tienos riebalai (6,5%), dehidratuota \u017euvis (2%), ank\u0161tiniai augalai (vicia faba minor 2%), d\u017eiovintas burok\u0117li\u0173 mink\u0161timas, kukur\u016bz\u0173 glitimas, d\u017eiovintas mikronizuoti karob\u0173 ank\u0161ties miltai, alyvuogi\u0173 aliejus (1%), mineralai, dehidratuoti pomidorai (0,2%), ka\u0161tonas ekstraktas. <strong>Maistiniai priedai 1 kg:<\/strong> Vitaminas A (retinilo acetatas) 13000 TV; Vitaminas D3 730 TV; Vitaminas E (visos ras\u0117s alfa- tokoferilo acetatas) 80 mg; Vitaminas B1 (tiamino hidrochloridas) 2,61 mg; Vitaminas B2 (riboflavinas) 4,17 mg; Niacinamidas 39,1 mg; Kalcio-D-pantotenatas 10,4 mg; Vitaminas B6 (piridoksino hidrochloridas) 3,13 mg; Folio r\u016bg\u0161tis 1,18 mg; Vitaminas B12 (cianokobalaminas) 0,08 mg; Biotinas 0,21 mg; Vitaminas K3 (menadiono natrio bisulfitas) 2,08 mg; Cholinas chloridas 570 mg; Gele\u017eies karbonatas (gele\u017eis) 135 mg; Kalio jodidas 1,37 mg; Cupric sulfato pentahidratas (varis) 35,8 mg; Mangano oksidas (manganas) 23,5 mg; Cinkas oksidas 64,6 mg; Natrio selenitas (selenas) 0,23 mg; Lizinas (L-lizino monohidrochloridas techni\u0161kai grynas) 420 mg. <strong>Technologiniai priedai:<\/strong> antioksidantai. <strong>Tinkamo laikymo instrukcijos:<\/strong> Laikyti atokiai nuo \u0161ilumos \u0161altini\u0173. I\u0161 naujo u\u017edarykite pakuot\u0119 po naudojimo. Laikykite gamin\u012f v\u0117sioje, sausoje vietoje.<\/p>\n","protected":false},"excerpt":{"rendered":"<p><strong>Vincent Diet <\/strong>suaugusi\u0173 \u0161un\u0173 sausas maistas su vi\u0161tiena-\u00a0 visavertis ir subalansuotas pa\u0161aras vis\u0173 veisli\u0173 suaugusiems \u0161unims. Didelis auk\u0161tos kokyb\u0117s vi\u0161tienos kiekis (31%), kartu su subalansuotu skaidul\u0173 (kiet\u0173j\u0173 kvie\u010di\u0173) kiekiu, tod\u0117l pa\u0161arai yra ypa\u010d tinkami visiems \u0161unims. Sukurta naudojant \u012fprastus nat\u016bralius ingredientus Vidur\u017eemio j\u016bros dietoje, kurie gerina vir\u0161kinim\u0105 ir \u017earnyno veikl\u0105.\u00a0 Ten esantis alyvuogi\u0173 aliejaus\u00a0 reguliuoja tinkam\u0105 Omega 3 ir Omega 6 riebal\u0173 r\u016bg\u0161\u010di\u0173 \u012fsisavinim\u0105, kuris reikalingas sveikai odai ir plaukams.<\/p>\n","protected":false},"featured_media":2566,"comment_status":"open","ping_status":"closed","template":"","meta":[],"product_brand":[156],"product_cat":[89],"product_tag":[],"class_list":{"0":"post-4321","1":"product","2":"type-product","3":"status-publish","4":"has-post-thumbnail","6":"product_brand-vincent-diet","7":"product_cat-sunu-maistas","10":"first","11":"instock","12":"taxable","13":"shipping-taxable","14":"purchasable","15":"product-type-variable"},"yoast_head":"<!-- This site is optimized with the Yoast SEO plugin v27.4 - https:\/\/yoast.com\/product\/yoast-seo-wordpress\/ -->\n<title>Vincent Diet suaugusi\u0173 \u0161un\u0173 sausas maistas su vi\u0161tiena - likepets.lt<\/title>\n<meta name=\"description\" content=\"Didelis auk\u0161tos kokyb\u0117s vi\u0161tienos kiekis (31%), kartu su subalansuotas skaidul\u0173 kiekiu. Sukurta naudojant Vidur\u017eemio j\u016bros diet\u0105.\" \/>\n<meta name=\"robots\" content=\"index, follow, max-snippet:-1, max-image-preview:large, max-video-preview:-1\" \/>\n<link rel=\"canonical\" href=\"https:\/\/likepets.lt\/lt_lt\/product\/vincent-diet-suaugusiu-sunu-sausas-maistas-su-vistiena-2\/\" \/>\n<meta property=\"og:locale\" content=\"lt_LT\" \/>\n<meta property=\"og:type\" content=\"article\" \/>\n<meta property=\"og:title\" content=\"Vincent Diet suaugusi\u0173 \u0161un\u0173 sausas maistas su vi\u0161tiena - likepets.lt\" \/>\n<meta property=\"og:description\" content=\"Didelis auk\u0161tos kokyb\u0117s vi\u0161tienos kiekis (31%), kartu su subalansuotas skaidul\u0173 kiekiu. Sukurta naudojant Vidur\u017eemio j\u016bros diet\u0105.\" \/>\n<meta property=\"og:url\" content=\"https:\/\/likepets.lt\/lt_lt\/product\/vincent-diet-suaugusiu-sunu-sausas-maistas-su-vistiena-2\/\" \/>\n<meta property=\"og:site_name\" content=\"likepets.lt\" \/>\n<meta property=\"article:publisher\" content=\"https:\/\/www.facebook.com\/profile.php?id=61569466134223\" \/>\n<meta property=\"article:modified_time\" content=\"2025-07-16T12:20:43+00:00\" \/>\n<meta property=\"og:image\" content=\"https:\/\/likepets.lt\/wp-content\/uploads\/2025\/04\/Vincent-diet-su-vistiena.png\" \/>\n\t<meta property=\"og:image:width\" content=\"1080\" \/>\n\t<meta property=\"og:image:height\" content=\"1080\" \/>\n\t<meta property=\"og:image:type\" content=\"image\/png\" \/>\n<meta name=\"twitter:card\" content=\"summary_large_image\" \/>\n<meta name=\"twitter:label1\" content=\"Est. reading time\" \/>\n\t<meta name=\"twitter:data1\" content=\"2 minut\u0117s\" \/>\n<script type=\"application\/ld+json\" class=\"yoast-schema-graph\">{\"@context\":\"https:\\\/\\\/schema.org\",\"@graph\":[{\"@type\":\"WebPage\",\"@id\":\"https:\\\/\\\/likepets.lt\\\/product\\\/vincent-diet-suaugusiu-sunu-sausas-maistas-su-vistiena-2\\\/\",\"url\":\"https:\\\/\\\/likepets.lt\\\/product\\\/vincent-diet-suaugusiu-sunu-sausas-maistas-su-vistiena-2\\\/\",\"name\":\"Vincent Diet suaugusi\u0173 \u0161un\u0173 sausas maistas su vi\u0161tiena - likepets.lt\",\"isPartOf\":{\"@id\":\"https:\\\/\\\/likepets.lt\\\/#website\"},\"primaryImageOfPage\":{\"@id\":\"https:\\\/\\\/likepets.lt\\\/product\\\/vincent-diet-suaugusiu-sunu-sausas-maistas-su-vistiena-2\\\/#primaryimage\"},\"image\":{\"@id\":\"https:\\\/\\\/likepets.lt\\\/product\\\/vincent-diet-suaugusiu-sunu-sausas-maistas-su-vistiena-2\\\/#primaryimage\"},\"thumbnailUrl\":\"https:\\\/\\\/likepets.lt\\\/wp-content\\\/uploads\\\/2025\\\/04\\\/Vincent-diet-su-vistiena.png\",\"datePublished\":\"2025-03-25T11:32:58+00:00\",\"dateModified\":\"2025-07-16T12:20:43+00:00\",\"description\":\"Didelis auk\u0161tos kokyb\u0117s vi\u0161tienos kiekis (31%), kartu su subalansuotas skaidul\u0173 kiekiu. Sukurta naudojant Vidur\u017eemio j\u016bros diet\u0105.\",\"breadcrumb\":{\"@id\":\"https:\\\/\\\/likepets.lt\\\/product\\\/vincent-diet-suaugusiu-sunu-sausas-maistas-su-vistiena-2\\\/#breadcrumb\"},\"inLanguage\":\"lt-LT\",\"potentialAction\":[{\"@type\":\"ReadAction\",\"target\":[\"https:\\\/\\\/likepets.lt\\\/product\\\/vincent-diet-suaugusiu-sunu-sausas-maistas-su-vistiena-2\\\/\"]}]},{\"@type\":\"ImageObject\",\"inLanguage\":\"lt-LT\",\"@id\":\"https:\\\/\\\/likepets.lt\\\/product\\\/vincent-diet-suaugusiu-sunu-sausas-maistas-su-vistiena-2\\\/#primaryimage\",\"url\":\"https:\\\/\\\/likepets.lt\\\/wp-content\\\/uploads\\\/2025\\\/04\\\/Vincent-diet-su-vistiena.png\",\"contentUrl\":\"https:\\\/\\\/likepets.lt\\\/wp-content\\\/uploads\\\/2025\\\/04\\\/Vincent-diet-su-vistiena.png\",\"width\":1080,\"height\":1080,\"caption\":\"Vincent diet suasas \u0161un\u0173 maistas su vi\u0161tiena | https\"},{\"@type\":\"BreadcrumbList\",\"@id\":\"https:\\\/\\\/likepets.lt\\\/product\\\/vincent-diet-suaugusiu-sunu-sausas-maistas-su-vistiena-2\\\/#breadcrumb\",\"itemListElement\":[{\"@type\":\"ListItem\",\"position\":1,\"name\":\"Home\",\"item\":\"https:\\\/\\\/likepets.lt\\\/lt_lt\\\/\"},{\"@type\":\"ListItem\",\"position\":2,\"name\":\"Parduotuv\u0117\",\"item\":\"https:\\\/\\\/likepets.lt\\\/parduotuve\\\/\"},{\"@type\":\"ListItem\",\"position\":3,\"name\":\"Vincent Diet suaugusi\u0173 \u0161un\u0173 sausas maistas su vi\u0161tiena\"}]},{\"@type\":\"WebSite\",\"@id\":\"https:\\\/\\\/likepets.lt\\\/#website\",\"url\":\"https:\\\/\\\/likepets.lt\\\/\",\"name\":\"Likepets.lt\",\"description\":\"\",\"publisher\":{\"@id\":\"https:\\\/\\\/likepets.lt\\\/#\\\/schema\\\/person\\\/4ad7eed3b9dc7a176cfff59cfc71e86f\"},\"potentialAction\":[{\"@type\":\"SearchAction\",\"target\":{\"@type\":\"EntryPoint\",\"urlTemplate\":\"https:\\\/\\\/likepets.lt\\\/?s={search_term_string}\"},\"query-input\":{\"@type\":\"PropertyValueSpecification\",\"valueRequired\":true,\"valueName\":\"search_term_string\"}}],\"inLanguage\":\"lt-LT\"},{\"@type\":[\"Person\",\"Organization\"],\"@id\":\"https:\\\/\\\/likepets.lt\\\/#\\\/schema\\\/person\\\/4ad7eed3b9dc7a176cfff59cfc71e86f\",\"name\":\"Likepets.lt\",\"image\":{\"@type\":\"ImageObject\",\"inLanguage\":\"lt-LT\",\"@id\":\"https:\\\/\\\/likepets.lt\\\/wp-content\\\/litespeed\\\/avatar\\\/e807fa13845e19a6e6af46a4bc771b01.jpg?ver=1775897302\",\"url\":\"https:\\\/\\\/likepets.lt\\\/wp-content\\\/litespeed\\\/avatar\\\/e807fa13845e19a6e6af46a4bc771b01.jpg?ver=1775897302\",\"contentUrl\":\"https:\\\/\\\/likepets.lt\\\/wp-content\\\/litespeed\\\/avatar\\\/e807fa13845e19a6e6af46a4bc771b01.jpg?ver=1775897302\",\"caption\":\"Likepets.lt\"},\"logo\":{\"@id\":\"https:\\\/\\\/likepets.lt\\\/wp-content\\\/litespeed\\\/avatar\\\/e807fa13845e19a6e6af46a4bc771b01.jpg?ver=1775897302\"},\"sameAs\":[\"http:\\\/\\\/likepets.lt\",\"https:\\\/\\\/www.facebook.com\\\/profile.php?id=61569466134223\",\"https:\\\/\\\/www.instagram.com\\\/likepets77\\\/?fbclid=IwY2xjawMjUHtleHRuA2FlbQIxMQBicmlkETBlaEhxaVI0bUk1RHl3bmVMAR7IJeYf9r0OCeo9BwYJUD-yM6Osp6MrosWJGq_QweyNqX1BUWyhO1-sP82C2g_aem_xQbJ_D9oWWiUjsE-R3Dlrw\"]}]}<\/script>\n<!-- \/ Yoast SEO plugin. -->","yoast_head_json":{"title":"Vincent Diet suaugusi\u0173 \u0161un\u0173 sausas maistas su vi\u0161tiena - likepets.lt","description":"Didelis auk\u0161tos kokyb\u0117s vi\u0161tienos kiekis (31%), kartu su subalansuotas skaidul\u0173 kiekiu. Sukurta naudojant Vidur\u017eemio j\u016bros diet\u0105.","robots":{"index":"index","follow":"follow","max-snippet":"max-snippet:-1","max-image-preview":"max-image-preview:large","max-video-preview":"max-video-preview:-1"},"canonical":"https:\/\/likepets.lt\/lt_lt\/product\/vincent-diet-suaugusiu-sunu-sausas-maistas-su-vistiena-2\/","og_locale":"lt_LT","og_type":"article","og_title":"Vincent Diet suaugusi\u0173 \u0161un\u0173 sausas maistas su vi\u0161tiena - likepets.lt","og_description":"Didelis auk\u0161tos kokyb\u0117s vi\u0161tienos kiekis (31%), kartu su subalansuotas skaidul\u0173 kiekiu. Sukurta naudojant Vidur\u017eemio j\u016bros diet\u0105.","og_url":"https:\/\/likepets.lt\/lt_lt\/product\/vincent-diet-suaugusiu-sunu-sausas-maistas-su-vistiena-2\/","og_site_name":"likepets.lt","article_publisher":"https:\/\/www.facebook.com\/profile.php?id=61569466134223","article_modified_time":"2025-07-16T12:20:43+00:00","og_image":[{"width":1080,"height":1080,"url":"https:\/\/likepets.lt\/wp-content\/uploads\/2025\/04\/Vincent-diet-su-vistiena.png","type":"image\/png"}],"twitter_card":"summary_large_image","twitter_misc":{"Est. reading time":"2 minut\u0117s"},"schema":{"@context":"https:\/\/schema.org","@graph":[{"@type":"WebPage","@id":"https:\/\/likepets.lt\/product\/vincent-diet-suaugusiu-sunu-sausas-maistas-su-vistiena-2\/","url":"https:\/\/likepets.lt\/product\/vincent-diet-suaugusiu-sunu-sausas-maistas-su-vistiena-2\/","name":"Vincent Diet suaugusi\u0173 \u0161un\u0173 sausas maistas su vi\u0161tiena - likepets.lt","isPartOf":{"@id":"https:\/\/likepets.lt\/#website"},"primaryImageOfPage":{"@id":"https:\/\/likepets.lt\/product\/vincent-diet-suaugusiu-sunu-sausas-maistas-su-vistiena-2\/#primaryimage"},"image":{"@id":"https:\/\/likepets.lt\/product\/vincent-diet-suaugusiu-sunu-sausas-maistas-su-vistiena-2\/#primaryimage"},"thumbnailUrl":"https:\/\/likepets.lt\/wp-content\/uploads\/2025\/04\/Vincent-diet-su-vistiena.png","datePublished":"2025-03-25T11:32:58+00:00","dateModified":"2025-07-16T12:20:43+00:00","description":"Didelis auk\u0161tos kokyb\u0117s vi\u0161tienos kiekis (31%), kartu su subalansuotas skaidul\u0173 kiekiu. Sukurta naudojant Vidur\u017eemio j\u016bros diet\u0105.","breadcrumb":{"@id":"https:\/\/likepets.lt\/product\/vincent-diet-suaugusiu-sunu-sausas-maistas-su-vistiena-2\/#breadcrumb"},"inLanguage":"lt-LT","potentialAction":[{"@type":"ReadAction","target":["https:\/\/likepets.lt\/product\/vincent-diet-suaugusiu-sunu-sausas-maistas-su-vistiena-2\/"]}]},{"@type":"ImageObject","inLanguage":"lt-LT","@id":"https:\/\/likepets.lt\/product\/vincent-diet-suaugusiu-sunu-sausas-maistas-su-vistiena-2\/#primaryimage","url":"https:\/\/likepets.lt\/wp-content\/uploads\/2025\/04\/Vincent-diet-su-vistiena.png","contentUrl":"https:\/\/likepets.lt\/wp-content\/uploads\/2025\/04\/Vincent-diet-su-vistiena.png","width":1080,"height":1080,"caption":"Vincent diet suasas \u0161un\u0173 maistas su vi\u0161tiena | https"},{"@type":"BreadcrumbList","@id":"https:\/\/likepets.lt\/product\/vincent-diet-suaugusiu-sunu-sausas-maistas-su-vistiena-2\/#breadcrumb","itemListElement":[{"@type":"ListItem","position":1,"name":"Home","item":"https:\/\/likepets.lt\/lt_lt\/"},{"@type":"ListItem","position":2,"name":"Parduotuv\u0117","item":"https:\/\/likepets.lt\/parduotuve\/"},{"@type":"ListItem","position":3,"name":"Vincent Diet suaugusi\u0173 \u0161un\u0173 sausas maistas su vi\u0161tiena"}]},{"@type":"WebSite","@id":"https:\/\/likepets.lt\/#website","url":"https:\/\/likepets.lt\/","name":"Likepets.lt","description":"","publisher":{"@id":"https:\/\/likepets.lt\/#\/schema\/person\/4ad7eed3b9dc7a176cfff59cfc71e86f"},"potentialAction":[{"@type":"SearchAction","target":{"@type":"EntryPoint","urlTemplate":"https:\/\/likepets.lt\/?s={search_term_string}"},"query-input":{"@type":"PropertyValueSpecification","valueRequired":true,"valueName":"search_term_string"}}],"inLanguage":"lt-LT"},{"@type":["Person","Organization"],"@id":"https:\/\/likepets.lt\/#\/schema\/person\/4ad7eed3b9dc7a176cfff59cfc71e86f","name":"Likepets.lt","image":{"@type":"ImageObject","inLanguage":"lt-LT","@id":"https:\/\/likepets.lt\/wp-content\/litespeed\/avatar\/e807fa13845e19a6e6af46a4bc771b01.jpg?ver=1775897302","url":"https:\/\/likepets.lt\/wp-content\/litespeed\/avatar\/e807fa13845e19a6e6af46a4bc771b01.jpg?ver=1775897302","contentUrl":"https:\/\/likepets.lt\/wp-content\/litespeed\/avatar\/e807fa13845e19a6e6af46a4bc771b01.jpg?ver=1775897302","caption":"Likepets.lt"},"logo":{"@id":"https:\/\/likepets.lt\/wp-content\/litespeed\/avatar\/e807fa13845e19a6e6af46a4bc771b01.jpg?ver=1775897302"},"sameAs":["http:\/\/likepets.lt","https:\/\/www.facebook.com\/profile.php?id=61569466134223","https:\/\/www.instagram.com\/likepets77\/?fbclid=IwY2xjawMjUHtleHRuA2FlbQIxMQBicmlkETBlaEhxaVI0bUk1RHl3bmVMAR7IJeYf9r0OCeo9BwYJUD-yM6Osp6MrosWJGq_QweyNqX1BUWyhO1-sP82C2g_aem_xQbJ_D9oWWiUjsE-R3Dlrw"]}]}},"_links":{"self":[{"href":"https:\/\/likepets.lt\/lt_lt\/wp-json\/wp\/v2\/product\/4321","targetHints":{"allow":["GET"]}}],"collection":[{"href":"https:\/\/likepets.lt\/lt_lt\/wp-json\/wp\/v2\/product"}],"about":[{"href":"https:\/\/likepets.lt\/lt_lt\/wp-json\/wp\/v2\/types\/product"}],"replies":[{"embeddable":true,"href":"https:\/\/likepets.lt\/lt_lt\/wp-json\/wp\/v2\/comments?post=4321"}],"version-history":[{"count":0,"href":"https:\/\/likepets.lt\/lt_lt\/wp-json\/wp\/v2\/product\/4321\/revisions"}],"wp:featuredmedia":[{"embeddable":true,"href":"https:\/\/likepets.lt\/lt_lt\/wp-json\/wp\/v2\/media\/2566"}],"wp:attachment":[{"href":"https:\/\/likepets.lt\/lt_lt\/wp-json\/wp\/v2\/media?parent=4321"}],"wp:term":[{"taxonomy":"product_brand","embeddable":true,"href":"https:\/\/likepets.lt\/lt_lt\/wp-json\/wp\/v2\/product_brand?post=4321"},{"taxonomy":"product_cat","embeddable":true,"href":"https:\/\/likepets.lt\/lt_lt\/wp-json\/wp\/v2\/product_cat?post=4321"},{"taxonomy":"product_tag","embeddable":true,"href":"https:\/\/likepets.lt\/lt_lt\/wp-json\/wp\/v2\/product_tag?post=4321"}],"curies":[{"name":"wp","href":"https:\/\/api.w.org\/{rel}","templated":true}]}}