{"id":4332,"date":"2025-03-25T12:26:04","date_gmt":"2025-03-25T12:26:04","guid":{"rendered":"https:\/\/likepets.lt\/?post_type=product&#038;p=4332"},"modified":"2025-07-16T15:17:25","modified_gmt":"2025-07-16T12:17:25","slug":"vincent-uno-sausas-sunu-maistas-su-vieno-baltymo-antiena","status":"publish","type":"product","link":"https:\/\/likepets.lt\/lt_lt\/product\/vincent-uno-sausas-sunu-maistas-su-vieno-baltymo-antiena\/","title":{"rendered":"Vincent Uno \u0161un\u0173 maistas su vienu baltymu &#8211; antiena"},"content":{"rendered":"<p><strong>Analitiniai komponentai:<\/strong>\u00a0\u017dali baltymai 24%; \u017ealias aliejus ir riebalai 13,5%; \u017dalia l\u0105steliena 2,5%; \u017dali pelenai 7%.\u00a0<strong>Sud\u0117tis:<\/strong>\u00a0dehidratuota antis (24%), \u017eirni\u0173 s\u0117klos, ry\u017eiai, mie\u017eiai, an\u010di\u0173 riebalai, hidrolizuota antis, s\u0117menys, ceratonijos ank\u0161tis, dehidratuotas cukrini\u0173 runkeli\u0173 mink\u0161timas, FOS,MOS.\u00a0<strong>Priedai 1 kg :<\/strong>\u00a0Vitaminas A (3a672a) 13 000 UI; Vitaminas D3 (3a671) 700 UI; Vitaminas E (3a700) 80 mg; Vitaminas B1 (3a821) 2,6 mg; Vitaminas B2 (3a825ii) 4,2 mg; niacinamino (3a315) 39 mg; Kalcio-D-pantotenatas 10,5 mg; Vitaminas B6 (3a831) 3,14 mg; Folio r\u016bg\u0161tis (3a316) 1.18 mg; Vitaminas B12 0,08 mg; Biotinas (3a880) 0,21 mg; Vitaminas K3 (3a710) 2,09 mg; Cholinas chloridas (3a890) 586 mg; Gele\u017eis (3b101) 65 mg; jodas (3b201) 1,05 mg; Varis (3b405) 9,16 mg; manganas (3b502) 18,3 mg; Cinkas (3b603) 52,3 mg; Selenas (3b802) 0,10 mg.\u00a0<strong>Technologiniai priedai:<\/strong>\u00a0Augalin\u0117s kilm\u0117s tokoferolio ekstraktai 100 mg.\u00a0<strong>Tinkamo naudojimo instrukcijos:<\/strong>\u00a0visada palikite \u0161var\u0173 ir \u0161vie\u017ei\u0105 vanden\u012f. Patartina dienos racion\u0105 padalinti \u012f du atskirus valgymus. ir turi b\u016bti pritaikytas prie specifini\u0173 \u0161uns mitybos poreiki\u0173.\u00a0<strong>Tinkamo laikymo instrukcijos:<\/strong>\u00a0Panaudojus u\u017edarykite pakuot\u0119. Laikykite gamin\u012f\u00a0 \u00a0v\u0117sioje ir sausoje vietoje, toliau nuo \u0161ilumos \u0161altini\u0173.<\/p>\n","protected":false},"excerpt":{"rendered":"<p>Subalansuotas sausas maistas su vienu gyvulini\u0173 baltym\u0173 \u0161altiniu- antiena, idealiai tinka suaugusiems \u0161unims, linkusiems \u012f maisto netoleravim\u0105. Formul\u0117je naudojami kruop\u0161\u010diai atrinkti ingredientai su nat\u016brali\u0173 antioksidant\u0173 integracija imuninei sistemai stiprinti ir MOS bei FOS prebiotikais, kurie skatina \u017earnyno sveikat\u0105 ir padeda atkurti bakterij\u0173 flor\u0105.<\/p>\n","protected":false},"featured_media":2534,"comment_status":"open","ping_status":"closed","template":"","meta":[],"product_brand":[151],"product_cat":[89],"product_tag":[124],"class_list":{"0":"post-4332","1":"product","2":"type-product","3":"status-publish","4":"has-post-thumbnail","6":"product_brand-vincent","7":"product_cat-sunu-maistas","8":"product_tag-alergiskiems","11":"first","12":"instock","13":"taxable","14":"shipping-taxable","15":"purchasable","16":"product-type-variable"},"yoast_head":"<!-- This site is optimized with the Yoast SEO plugin v27.4 - https:\/\/yoast.com\/product\/yoast-seo-wordpress\/ -->\n<title>Vincent Uno \u0161un\u0173 maistas su vienu baltymu - antiena - likepets.lt<\/title>\n<meta name=\"description\" content=\"Vincent Uno su vienu baltymu-antiena yra visavertis tik i\u0161 nat\u016brali\u0173 produkt\u0173, subalansuotas sausas maistas, idealiai tinka \u0161unims, linkusiems \u012f maisto netoleravim\u0105.\" \/>\n<meta name=\"robots\" content=\"index, follow, max-snippet:-1, max-image-preview:large, max-video-preview:-1\" \/>\n<link rel=\"canonical\" href=\"https:\/\/likepets.lt\/lt_lt\/product\/vincent-uno-sausas-sunu-maistas-su-vieno-baltymo-antiena\/\" \/>\n<meta property=\"og:locale\" content=\"lt_LT\" \/>\n<meta property=\"og:type\" content=\"article\" \/>\n<meta property=\"og:title\" content=\"Vincent Uno \u0161un\u0173 maistas su vienu baltymu - antiena - likepets.lt\" \/>\n<meta property=\"og:description\" content=\"Vincent Uno su vienu baltymu-antiena yra visavertis tik i\u0161 nat\u016brali\u0173 produkt\u0173, subalansuotas sausas maistas, idealiai tinka \u0161unims, linkusiems \u012f maisto netoleravim\u0105.\" \/>\n<meta property=\"og:url\" content=\"https:\/\/likepets.lt\/lt_lt\/product\/vincent-uno-sausas-sunu-maistas-su-vieno-baltymo-antiena\/\" \/>\n<meta property=\"og:site_name\" content=\"likepets.lt\" \/>\n<meta property=\"article:publisher\" content=\"https:\/\/www.facebook.com\/profile.php?id=61569466134223\" \/>\n<meta property=\"article:modified_time\" content=\"2025-07-16T12:17:25+00:00\" \/>\n<meta property=\"og:image\" content=\"https:\/\/likepets.lt\/wp-content\/uploads\/2025\/04\/vieno-baltymo-sausas-sunu-maistas-su-antiena.png\" \/>\n\t<meta property=\"og:image:width\" content=\"1080\" \/>\n\t<meta property=\"og:image:height\" content=\"1080\" \/>\n\t<meta property=\"og:image:type\" content=\"image\/png\" \/>\n<meta name=\"twitter:card\" content=\"summary_large_image\" \/>\n<meta name=\"twitter:label1\" content=\"Est. reading time\" \/>\n\t<meta name=\"twitter:data1\" content=\"2 minut\u0117s\" \/>\n<script type=\"application\/ld+json\" class=\"yoast-schema-graph\">{\"@context\":\"https:\\\/\\\/schema.org\",\"@graph\":[{\"@type\":\"WebPage\",\"@id\":\"https:\\\/\\\/likepets.lt\\\/product\\\/vincent-uno-sausas-sunu-maistas-su-vieno-baltymo-antiena\\\/\",\"url\":\"https:\\\/\\\/likepets.lt\\\/product\\\/vincent-uno-sausas-sunu-maistas-su-vieno-baltymo-antiena\\\/\",\"name\":\"Vincent Uno \u0161un\u0173 maistas su vienu baltymu - antiena - likepets.lt\",\"isPartOf\":{\"@id\":\"https:\\\/\\\/likepets.lt\\\/#website\"},\"primaryImageOfPage\":{\"@id\":\"https:\\\/\\\/likepets.lt\\\/product\\\/vincent-uno-sausas-sunu-maistas-su-vieno-baltymo-antiena\\\/#primaryimage\"},\"image\":{\"@id\":\"https:\\\/\\\/likepets.lt\\\/product\\\/vincent-uno-sausas-sunu-maistas-su-vieno-baltymo-antiena\\\/#primaryimage\"},\"thumbnailUrl\":\"https:\\\/\\\/likepets.lt\\\/wp-content\\\/uploads\\\/2025\\\/04\\\/vieno-baltymo-sausas-sunu-maistas-su-antiena.png\",\"datePublished\":\"2025-03-25T12:26:04+00:00\",\"dateModified\":\"2025-07-16T12:17:25+00:00\",\"description\":\"Vincent Uno su vienu baltymu-antiena yra visavertis tik i\u0161 nat\u016brali\u0173 produkt\u0173, subalansuotas sausas maistas, idealiai tinka \u0161unims, linkusiems \u012f maisto netoleravim\u0105.\",\"breadcrumb\":{\"@id\":\"https:\\\/\\\/likepets.lt\\\/product\\\/vincent-uno-sausas-sunu-maistas-su-vieno-baltymo-antiena\\\/#breadcrumb\"},\"inLanguage\":\"lt-LT\",\"potentialAction\":[{\"@type\":\"ReadAction\",\"target\":[\"https:\\\/\\\/likepets.lt\\\/product\\\/vincent-uno-sausas-sunu-maistas-su-vieno-baltymo-antiena\\\/\"]}]},{\"@type\":\"ImageObject\",\"inLanguage\":\"lt-LT\",\"@id\":\"https:\\\/\\\/likepets.lt\\\/product\\\/vincent-uno-sausas-sunu-maistas-su-vieno-baltymo-antiena\\\/#primaryimage\",\"url\":\"https:\\\/\\\/likepets.lt\\\/wp-content\\\/uploads\\\/2025\\\/04\\\/vieno-baltymo-sausas-sunu-maistas-su-antiena.png\",\"contentUrl\":\"https:\\\/\\\/likepets.lt\\\/wp-content\\\/uploads\\\/2025\\\/04\\\/vieno-baltymo-sausas-sunu-maistas-su-antiena.png\",\"width\":1080,\"height\":1080,\"caption\":\"Vincent Uno sausas \u0161un\u0173 maistas su antiena\"},{\"@type\":\"BreadcrumbList\",\"@id\":\"https:\\\/\\\/likepets.lt\\\/product\\\/vincent-uno-sausas-sunu-maistas-su-vieno-baltymo-antiena\\\/#breadcrumb\",\"itemListElement\":[{\"@type\":\"ListItem\",\"position\":1,\"name\":\"Home\",\"item\":\"https:\\\/\\\/likepets.lt\\\/lt_lt\\\/\"},{\"@type\":\"ListItem\",\"position\":2,\"name\":\"Parduotuv\u0117\",\"item\":\"https:\\\/\\\/likepets.lt\\\/parduotuve\\\/\"},{\"@type\":\"ListItem\",\"position\":3,\"name\":\"Vincent Uno \u0161un\u0173 maistas su vienu baltymu &#8211; antiena\"}]},{\"@type\":\"WebSite\",\"@id\":\"https:\\\/\\\/likepets.lt\\\/#website\",\"url\":\"https:\\\/\\\/likepets.lt\\\/\",\"name\":\"Likepets.lt\",\"description\":\"\",\"publisher\":{\"@id\":\"https:\\\/\\\/likepets.lt\\\/#\\\/schema\\\/person\\\/4ad7eed3b9dc7a176cfff59cfc71e86f\"},\"potentialAction\":[{\"@type\":\"SearchAction\",\"target\":{\"@type\":\"EntryPoint\",\"urlTemplate\":\"https:\\\/\\\/likepets.lt\\\/?s={search_term_string}\"},\"query-input\":{\"@type\":\"PropertyValueSpecification\",\"valueRequired\":true,\"valueName\":\"search_term_string\"}}],\"inLanguage\":\"lt-LT\"},{\"@type\":[\"Person\",\"Organization\"],\"@id\":\"https:\\\/\\\/likepets.lt\\\/#\\\/schema\\\/person\\\/4ad7eed3b9dc7a176cfff59cfc71e86f\",\"name\":\"Likepets.lt\",\"image\":{\"@type\":\"ImageObject\",\"inLanguage\":\"lt-LT\",\"@id\":\"https:\\\/\\\/likepets.lt\\\/wp-content\\\/litespeed\\\/avatar\\\/e807fa13845e19a6e6af46a4bc771b01.jpg?ver=1775897302\",\"url\":\"https:\\\/\\\/likepets.lt\\\/wp-content\\\/litespeed\\\/avatar\\\/e807fa13845e19a6e6af46a4bc771b01.jpg?ver=1775897302\",\"contentUrl\":\"https:\\\/\\\/likepets.lt\\\/wp-content\\\/litespeed\\\/avatar\\\/e807fa13845e19a6e6af46a4bc771b01.jpg?ver=1775897302\",\"caption\":\"Likepets.lt\"},\"logo\":{\"@id\":\"https:\\\/\\\/likepets.lt\\\/wp-content\\\/litespeed\\\/avatar\\\/e807fa13845e19a6e6af46a4bc771b01.jpg?ver=1775897302\"},\"sameAs\":[\"http:\\\/\\\/likepets.lt\",\"https:\\\/\\\/www.facebook.com\\\/profile.php?id=61569466134223\",\"https:\\\/\\\/www.instagram.com\\\/likepets77\\\/?fbclid=IwY2xjawMjUHtleHRuA2FlbQIxMQBicmlkETBlaEhxaVI0bUk1RHl3bmVMAR7IJeYf9r0OCeo9BwYJUD-yM6Osp6MrosWJGq_QweyNqX1BUWyhO1-sP82C2g_aem_xQbJ_D9oWWiUjsE-R3Dlrw\"]}]}<\/script>\n<!-- \/ Yoast SEO plugin. -->","yoast_head_json":{"title":"Vincent Uno \u0161un\u0173 maistas su vienu baltymu - antiena - likepets.lt","description":"Vincent Uno su vienu baltymu-antiena yra visavertis tik i\u0161 nat\u016brali\u0173 produkt\u0173, subalansuotas sausas maistas, idealiai tinka \u0161unims, linkusiems \u012f maisto netoleravim\u0105.","robots":{"index":"index","follow":"follow","max-snippet":"max-snippet:-1","max-image-preview":"max-image-preview:large","max-video-preview":"max-video-preview:-1"},"canonical":"https:\/\/likepets.lt\/lt_lt\/product\/vincent-uno-sausas-sunu-maistas-su-vieno-baltymo-antiena\/","og_locale":"lt_LT","og_type":"article","og_title":"Vincent Uno \u0161un\u0173 maistas su vienu baltymu - antiena - likepets.lt","og_description":"Vincent Uno su vienu baltymu-antiena yra visavertis tik i\u0161 nat\u016brali\u0173 produkt\u0173, subalansuotas sausas maistas, idealiai tinka \u0161unims, linkusiems \u012f maisto netoleravim\u0105.","og_url":"https:\/\/likepets.lt\/lt_lt\/product\/vincent-uno-sausas-sunu-maistas-su-vieno-baltymo-antiena\/","og_site_name":"likepets.lt","article_publisher":"https:\/\/www.facebook.com\/profile.php?id=61569466134223","article_modified_time":"2025-07-16T12:17:25+00:00","og_image":[{"width":1080,"height":1080,"url":"https:\/\/likepets.lt\/wp-content\/uploads\/2025\/04\/vieno-baltymo-sausas-sunu-maistas-su-antiena.png","type":"image\/png"}],"twitter_card":"summary_large_image","twitter_misc":{"Est. reading time":"2 minut\u0117s"},"schema":{"@context":"https:\/\/schema.org","@graph":[{"@type":"WebPage","@id":"https:\/\/likepets.lt\/product\/vincent-uno-sausas-sunu-maistas-su-vieno-baltymo-antiena\/","url":"https:\/\/likepets.lt\/product\/vincent-uno-sausas-sunu-maistas-su-vieno-baltymo-antiena\/","name":"Vincent Uno \u0161un\u0173 maistas su vienu baltymu - antiena - likepets.lt","isPartOf":{"@id":"https:\/\/likepets.lt\/#website"},"primaryImageOfPage":{"@id":"https:\/\/likepets.lt\/product\/vincent-uno-sausas-sunu-maistas-su-vieno-baltymo-antiena\/#primaryimage"},"image":{"@id":"https:\/\/likepets.lt\/product\/vincent-uno-sausas-sunu-maistas-su-vieno-baltymo-antiena\/#primaryimage"},"thumbnailUrl":"https:\/\/likepets.lt\/wp-content\/uploads\/2025\/04\/vieno-baltymo-sausas-sunu-maistas-su-antiena.png","datePublished":"2025-03-25T12:26:04+00:00","dateModified":"2025-07-16T12:17:25+00:00","description":"Vincent Uno su vienu baltymu-antiena yra visavertis tik i\u0161 nat\u016brali\u0173 produkt\u0173, subalansuotas sausas maistas, idealiai tinka \u0161unims, linkusiems \u012f maisto netoleravim\u0105.","breadcrumb":{"@id":"https:\/\/likepets.lt\/product\/vincent-uno-sausas-sunu-maistas-su-vieno-baltymo-antiena\/#breadcrumb"},"inLanguage":"lt-LT","potentialAction":[{"@type":"ReadAction","target":["https:\/\/likepets.lt\/product\/vincent-uno-sausas-sunu-maistas-su-vieno-baltymo-antiena\/"]}]},{"@type":"ImageObject","inLanguage":"lt-LT","@id":"https:\/\/likepets.lt\/product\/vincent-uno-sausas-sunu-maistas-su-vieno-baltymo-antiena\/#primaryimage","url":"https:\/\/likepets.lt\/wp-content\/uploads\/2025\/04\/vieno-baltymo-sausas-sunu-maistas-su-antiena.png","contentUrl":"https:\/\/likepets.lt\/wp-content\/uploads\/2025\/04\/vieno-baltymo-sausas-sunu-maistas-su-antiena.png","width":1080,"height":1080,"caption":"Vincent Uno sausas \u0161un\u0173 maistas su antiena"},{"@type":"BreadcrumbList","@id":"https:\/\/likepets.lt\/product\/vincent-uno-sausas-sunu-maistas-su-vieno-baltymo-antiena\/#breadcrumb","itemListElement":[{"@type":"ListItem","position":1,"name":"Home","item":"https:\/\/likepets.lt\/lt_lt\/"},{"@type":"ListItem","position":2,"name":"Parduotuv\u0117","item":"https:\/\/likepets.lt\/parduotuve\/"},{"@type":"ListItem","position":3,"name":"Vincent Uno \u0161un\u0173 maistas su vienu baltymu &#8211; antiena"}]},{"@type":"WebSite","@id":"https:\/\/likepets.lt\/#website","url":"https:\/\/likepets.lt\/","name":"Likepets.lt","description":"","publisher":{"@id":"https:\/\/likepets.lt\/#\/schema\/person\/4ad7eed3b9dc7a176cfff59cfc71e86f"},"potentialAction":[{"@type":"SearchAction","target":{"@type":"EntryPoint","urlTemplate":"https:\/\/likepets.lt\/?s={search_term_string}"},"query-input":{"@type":"PropertyValueSpecification","valueRequired":true,"valueName":"search_term_string"}}],"inLanguage":"lt-LT"},{"@type":["Person","Organization"],"@id":"https:\/\/likepets.lt\/#\/schema\/person\/4ad7eed3b9dc7a176cfff59cfc71e86f","name":"Likepets.lt","image":{"@type":"ImageObject","inLanguage":"lt-LT","@id":"https:\/\/likepets.lt\/wp-content\/litespeed\/avatar\/e807fa13845e19a6e6af46a4bc771b01.jpg?ver=1775897302","url":"https:\/\/likepets.lt\/wp-content\/litespeed\/avatar\/e807fa13845e19a6e6af46a4bc771b01.jpg?ver=1775897302","contentUrl":"https:\/\/likepets.lt\/wp-content\/litespeed\/avatar\/e807fa13845e19a6e6af46a4bc771b01.jpg?ver=1775897302","caption":"Likepets.lt"},"logo":{"@id":"https:\/\/likepets.lt\/wp-content\/litespeed\/avatar\/e807fa13845e19a6e6af46a4bc771b01.jpg?ver=1775897302"},"sameAs":["http:\/\/likepets.lt","https:\/\/www.facebook.com\/profile.php?id=61569466134223","https:\/\/www.instagram.com\/likepets77\/?fbclid=IwY2xjawMjUHtleHRuA2FlbQIxMQBicmlkETBlaEhxaVI0bUk1RHl3bmVMAR7IJeYf9r0OCeo9BwYJUD-yM6Osp6MrosWJGq_QweyNqX1BUWyhO1-sP82C2g_aem_xQbJ_D9oWWiUjsE-R3Dlrw"]}]}},"_links":{"self":[{"href":"https:\/\/likepets.lt\/lt_lt\/wp-json\/wp\/v2\/product\/4332","targetHints":{"allow":["GET"]}}],"collection":[{"href":"https:\/\/likepets.lt\/lt_lt\/wp-json\/wp\/v2\/product"}],"about":[{"href":"https:\/\/likepets.lt\/lt_lt\/wp-json\/wp\/v2\/types\/product"}],"replies":[{"embeddable":true,"href":"https:\/\/likepets.lt\/lt_lt\/wp-json\/wp\/v2\/comments?post=4332"}],"version-history":[{"count":1,"href":"https:\/\/likepets.lt\/lt_lt\/wp-json\/wp\/v2\/product\/4332\/revisions"}],"predecessor-version":[{"id":62968,"href":"https:\/\/likepets.lt\/lt_lt\/wp-json\/wp\/v2\/product\/4332\/revisions\/62968"}],"wp:featuredmedia":[{"embeddable":true,"href":"https:\/\/likepets.lt\/lt_lt\/wp-json\/wp\/v2\/media\/2534"}],"wp:attachment":[{"href":"https:\/\/likepets.lt\/lt_lt\/wp-json\/wp\/v2\/media?parent=4332"}],"wp:term":[{"taxonomy":"product_brand","embeddable":true,"href":"https:\/\/likepets.lt\/lt_lt\/wp-json\/wp\/v2\/product_brand?post=4332"},{"taxonomy":"product_cat","embeddable":true,"href":"https:\/\/likepets.lt\/lt_lt\/wp-json\/wp\/v2\/product_cat?post=4332"},{"taxonomy":"product_tag","embeddable":true,"href":"https:\/\/likepets.lt\/lt_lt\/wp-json\/wp\/v2\/product_tag?post=4332"}],"curies":[{"name":"wp","href":"https:\/\/api.w.org\/{rel}","templated":true}]}}