{"id":62990,"date":"2025-05-12T13:02:03","date_gmt":"2025-05-12T10:02:03","guid":{"rendered":"https:\/\/likepets.lt\/?post_type=product&#038;p=62990"},"modified":"2025-07-16T15:15:06","modified_gmt":"2025-07-16T12:15:06","slug":"vincent-life-adult-su-jautiena-ir-ryziais","status":"publish","type":"product","link":"https:\/\/likepets.lt\/lt_lt\/product\/vincent-life-adult-su-jautiena-ir-ryziais\/","title":{"rendered":"Vincent Life Adult su jautiena ir ry\u017eiais"},"content":{"rendered":"<p data-start=\"402\" data-end=\"527\"><strong data-start=\"402\" data-end=\"424\">Analitin\u0117 sud\u0117tis: <\/strong>\u017dali baltymai: 24,0%, \u017dali aliejai ir riebalai: 10,0%, \u017dalia l\u0105steliena: 3,0%,\u00a0 \u017dali pelenai: 9,0% <strong data-start=\"529\" data-end=\"541\">Sud\u0117tis: <\/strong>D\u017eiovinta m\u0117sa (jautiena 4%), gr\u016bdai (ry\u017eiai 4%), augalin\u0117s kilm\u0117s produktai, gyv\u016bniniai riebalai, vitaminai, mineralai, alaus miel\u0117s. <strong data-start=\"680\" data-end=\"697\">Priedai 1 kg:<\/strong><br data-start=\"697\" data-end=\"700\" \/><em data-start=\"700\" data-end=\"721\">Mitybiniai priedai: <\/em>Vitaminas A (retinilo acetatas): 14 000 TV,\u00a0Vitaminas D3: 784 TV,\u00a0 Vitaminas E (vis\u0173 form\u0173 alfa-tokoferilo acetatas): 84 mg, Vitaminas B1 (tiamino hidrochloridas): 2,74 mg, Vitaminas B2 (riboflavinas): 4,48 mg, Niacinamidas: 42 mg, Kalcio-D-pantotenatas: 11,1 mg, Vitaminas B6 (piridoksino hidrochloridas): 3,33 mg, Foli\u0173 r\u016bg\u0161tis: 1,25 mg, Vitaminas B12: 0,08 mg, Biotinas: 0,22 mg, Vitaminas K3 (3a710): 2,28 mg, Cholino chloridas: 627 mg, Gele\u017eies karbonatas (gele\u017eis): 145 mg, Kalio jodidas: 1,14 mg, Vario sulfatas pentahidratas (varis): 37,6 mg, Mangano oksidas (manganas): 25,4 mg, Cinko oksidas: 55,9 mg, Natrio selenitas (selenas): 0,25 mg, Lizinas (L-lizino monohidrohloridas, techni\u0161kai grynas): 442 mg. <em data-start=\"1498\" data-end=\"1523\">Technologiniai priedai: <\/em>Antioksidantai, konservantai<\/p>\n<p data-start=\"1558\" data-end=\"1699\"><strong data-start=\"1558\" data-end=\"1584\">Naudojimo instrukcija:<\/strong><br data-start=\"1584\" data-end=\"1587\" \/>Patiekti saus\u0105 arba sudr\u0117kint\u0105 vandeniu. Visada u\u017etikrinkite, kad \u0161uo tur\u0117t\u0173 \u0161varaus ir \u0161vie\u017eio geriamo vandens.<\/p>\n<hr data-start=\"1701\" data-end=\"1704\" \/>\n<p data-start=\"1706\" data-end=\"1828\" data-is-last-node=\"\" data-is-only-node=\"\">\n","protected":false},"excerpt":{"rendered":"<p><strong data-start=\"102\" data-end=\"111\">Adult<\/strong> \u2013 tai visavertis ir subalansuotas pa\u0161aras suaugusiems vis\u0173 veisli\u0173 \u0161unims, atliekantiems vidutinio intensyvumo fizin\u0119 veikl\u0105. Auk\u0161tos kokyb\u0117s jautienos baltymai ir ry\u017eiai padeda suma\u017einti alergij\u0173 ar netoleravimo rizik\u0105. Augalin\u0117s skaidulos u\u017etikrina optimali\u0105 vir\u0161kinimo sistemos veikl\u0105<\/p>\n","protected":false},"featured_media":62994,"comment_status":"open","ping_status":"closed","template":"","meta":[],"product_brand":[164],"product_cat":[89],"product_tag":[],"class_list":{"0":"post-62990","1":"product","2":"type-product","3":"status-publish","4":"has-post-thumbnail","6":"product_brand-vincent-life","7":"product_cat-sunu-maistas","10":"first","11":"instock","12":"taxable","13":"shipping-taxable","14":"purchasable","15":"product-type-simple"},"yoast_head":"<!-- This site is optimized with the Yoast SEO plugin v27.4 - https:\/\/yoast.com\/product\/yoast-seo-wordpress\/ -->\n<title>Vincent Life Adult su jautiena ir ry\u017eiais - likepets.lt<\/title>\n<meta name=\"description\" content=\"Visavertis \u0161un\u0173 maistas su jautiena ir ry\u017eiais \u2013 subalansuota mityba, gera vir\u0161kinimo sistema, suma\u017einta alergij\u0173 rizika. Tinka vis\u0173 veisli\u0173 \u0161unims.\" \/>\n<meta name=\"robots\" content=\"index, follow, max-snippet:-1, max-image-preview:large, max-video-preview:-1\" \/>\n<link rel=\"canonical\" href=\"https:\/\/likepets.lt\/lt_lt\/product\/vincent-life-adult-su-jautiena-ir-ryziais\/\" \/>\n<meta property=\"og:locale\" content=\"lt_LT\" \/>\n<meta property=\"og:type\" content=\"article\" \/>\n<meta property=\"og:title\" content=\"Vincent Life Adult su jautiena ir ry\u017eiais - likepets.lt\" \/>\n<meta property=\"og:description\" content=\"Visavertis \u0161un\u0173 maistas su jautiena ir ry\u017eiais \u2013 subalansuota mityba, gera vir\u0161kinimo sistema, suma\u017einta alergij\u0173 rizika. Tinka vis\u0173 veisli\u0173 \u0161unims.\" \/>\n<meta property=\"og:url\" content=\"https:\/\/likepets.lt\/lt_lt\/product\/vincent-life-adult-su-jautiena-ir-ryziais\/\" \/>\n<meta property=\"og:site_name\" content=\"likepets.lt\" \/>\n<meta property=\"article:publisher\" content=\"https:\/\/www.facebook.com\/profile.php?id=61569466134223\" \/>\n<meta property=\"article:modified_time\" content=\"2025-07-16T12:15:06+00:00\" \/>\n<meta property=\"og:image\" content=\"https:\/\/likepets.lt\/wp-content\/uploads\/2025\/05\/crocchette-vincent-life-adult.jpg\" \/>\n\t<meta property=\"og:image:width\" content=\"494\" \/>\n\t<meta property=\"og:image:height\" content=\"800\" \/>\n\t<meta property=\"og:image:type\" content=\"image\/jpeg\" \/>\n<meta name=\"twitter:card\" content=\"summary_large_image\" \/>\n<meta name=\"twitter:label1\" content=\"Est. reading time\" \/>\n\t<meta name=\"twitter:data1\" content=\"2 minut\u0117s\" \/>\n<script type=\"application\/ld+json\" class=\"yoast-schema-graph\">{\"@context\":\"https:\\\/\\\/schema.org\",\"@graph\":[{\"@type\":\"WebPage\",\"@id\":\"https:\\\/\\\/likepets.lt\\\/product\\\/vincent-life-adult-su-jautiena-ir-ryziais\\\/\",\"url\":\"https:\\\/\\\/likepets.lt\\\/product\\\/vincent-life-adult-su-jautiena-ir-ryziais\\\/\",\"name\":\"Vincent Life Adult su jautiena ir ry\u017eiais - likepets.lt\",\"isPartOf\":{\"@id\":\"https:\\\/\\\/likepets.lt\\\/#website\"},\"primaryImageOfPage\":{\"@id\":\"https:\\\/\\\/likepets.lt\\\/product\\\/vincent-life-adult-su-jautiena-ir-ryziais\\\/#primaryimage\"},\"image\":{\"@id\":\"https:\\\/\\\/likepets.lt\\\/product\\\/vincent-life-adult-su-jautiena-ir-ryziais\\\/#primaryimage\"},\"thumbnailUrl\":\"https:\\\/\\\/likepets.lt\\\/wp-content\\\/uploads\\\/2025\\\/05\\\/crocchette-vincent-life-adult.jpg\",\"datePublished\":\"2025-05-12T10:02:03+00:00\",\"dateModified\":\"2025-07-16T12:15:06+00:00\",\"description\":\"Visavertis \u0161un\u0173 maistas su jautiena ir ry\u017eiais \u2013 subalansuota mityba, gera vir\u0161kinimo sistema, suma\u017einta alergij\u0173 rizika. Tinka vis\u0173 veisli\u0173 \u0161unims.\",\"breadcrumb\":{\"@id\":\"https:\\\/\\\/likepets.lt\\\/product\\\/vincent-life-adult-su-jautiena-ir-ryziais\\\/#breadcrumb\"},\"inLanguage\":\"lt-LT\",\"potentialAction\":[{\"@type\":\"ReadAction\",\"target\":[\"https:\\\/\\\/likepets.lt\\\/product\\\/vincent-life-adult-su-jautiena-ir-ryziais\\\/\"]}]},{\"@type\":\"ImageObject\",\"inLanguage\":\"lt-LT\",\"@id\":\"https:\\\/\\\/likepets.lt\\\/product\\\/vincent-life-adult-su-jautiena-ir-ryziais\\\/#primaryimage\",\"url\":\"https:\\\/\\\/likepets.lt\\\/wp-content\\\/uploads\\\/2025\\\/05\\\/crocchette-vincent-life-adult.jpg\",\"contentUrl\":\"https:\\\/\\\/likepets.lt\\\/wp-content\\\/uploads\\\/2025\\\/05\\\/crocchette-vincent-life-adult.jpg\",\"width\":494,\"height\":800,\"caption\":\"Vincent Life Adult \u2013 \u0161un\u0173 pa\u0161aras su jautiena ir ry\u017eiais | 15 kg mai\u0161as\"},{\"@type\":\"BreadcrumbList\",\"@id\":\"https:\\\/\\\/likepets.lt\\\/product\\\/vincent-life-adult-su-jautiena-ir-ryziais\\\/#breadcrumb\",\"itemListElement\":[{\"@type\":\"ListItem\",\"position\":1,\"name\":\"Home\",\"item\":\"https:\\\/\\\/likepets.lt\\\/lt_lt\\\/\"},{\"@type\":\"ListItem\",\"position\":2,\"name\":\"Parduotuv\u0117\",\"item\":\"https:\\\/\\\/likepets.lt\\\/parduotuve\\\/\"},{\"@type\":\"ListItem\",\"position\":3,\"name\":\"Vincent Life Adult su jautiena ir ry\u017eiais\"}]},{\"@type\":\"WebSite\",\"@id\":\"https:\\\/\\\/likepets.lt\\\/#website\",\"url\":\"https:\\\/\\\/likepets.lt\\\/\",\"name\":\"Likepets.lt\",\"description\":\"\",\"publisher\":{\"@id\":\"https:\\\/\\\/likepets.lt\\\/#\\\/schema\\\/person\\\/4ad7eed3b9dc7a176cfff59cfc71e86f\"},\"potentialAction\":[{\"@type\":\"SearchAction\",\"target\":{\"@type\":\"EntryPoint\",\"urlTemplate\":\"https:\\\/\\\/likepets.lt\\\/?s={search_term_string}\"},\"query-input\":{\"@type\":\"PropertyValueSpecification\",\"valueRequired\":true,\"valueName\":\"search_term_string\"}}],\"inLanguage\":\"lt-LT\"},{\"@type\":[\"Person\",\"Organization\"],\"@id\":\"https:\\\/\\\/likepets.lt\\\/#\\\/schema\\\/person\\\/4ad7eed3b9dc7a176cfff59cfc71e86f\",\"name\":\"Likepets.lt\",\"image\":{\"@type\":\"ImageObject\",\"inLanguage\":\"lt-LT\",\"@id\":\"https:\\\/\\\/likepets.lt\\\/wp-content\\\/litespeed\\\/avatar\\\/e807fa13845e19a6e6af46a4bc771b01.jpg?ver=1775897302\",\"url\":\"https:\\\/\\\/likepets.lt\\\/wp-content\\\/litespeed\\\/avatar\\\/e807fa13845e19a6e6af46a4bc771b01.jpg?ver=1775897302\",\"contentUrl\":\"https:\\\/\\\/likepets.lt\\\/wp-content\\\/litespeed\\\/avatar\\\/e807fa13845e19a6e6af46a4bc771b01.jpg?ver=1775897302\",\"caption\":\"Likepets.lt\"},\"logo\":{\"@id\":\"https:\\\/\\\/likepets.lt\\\/wp-content\\\/litespeed\\\/avatar\\\/e807fa13845e19a6e6af46a4bc771b01.jpg?ver=1775897302\"},\"sameAs\":[\"http:\\\/\\\/likepets.lt\",\"https:\\\/\\\/www.facebook.com\\\/profile.php?id=61569466134223\",\"https:\\\/\\\/www.instagram.com\\\/likepets77\\\/?fbclid=IwY2xjawMjUHtleHRuA2FlbQIxMQBicmlkETBlaEhxaVI0bUk1RHl3bmVMAR7IJeYf9r0OCeo9BwYJUD-yM6Osp6MrosWJGq_QweyNqX1BUWyhO1-sP82C2g_aem_xQbJ_D9oWWiUjsE-R3Dlrw\"]}]}<\/script>\n<!-- \/ Yoast SEO plugin. -->","yoast_head_json":{"title":"Vincent Life Adult su jautiena ir ry\u017eiais - likepets.lt","description":"Visavertis \u0161un\u0173 maistas su jautiena ir ry\u017eiais \u2013 subalansuota mityba, gera vir\u0161kinimo sistema, suma\u017einta alergij\u0173 rizika. Tinka vis\u0173 veisli\u0173 \u0161unims.","robots":{"index":"index","follow":"follow","max-snippet":"max-snippet:-1","max-image-preview":"max-image-preview:large","max-video-preview":"max-video-preview:-1"},"canonical":"https:\/\/likepets.lt\/lt_lt\/product\/vincent-life-adult-su-jautiena-ir-ryziais\/","og_locale":"lt_LT","og_type":"article","og_title":"Vincent Life Adult su jautiena ir ry\u017eiais - likepets.lt","og_description":"Visavertis \u0161un\u0173 maistas su jautiena ir ry\u017eiais \u2013 subalansuota mityba, gera vir\u0161kinimo sistema, suma\u017einta alergij\u0173 rizika. Tinka vis\u0173 veisli\u0173 \u0161unims.","og_url":"https:\/\/likepets.lt\/lt_lt\/product\/vincent-life-adult-su-jautiena-ir-ryziais\/","og_site_name":"likepets.lt","article_publisher":"https:\/\/www.facebook.com\/profile.php?id=61569466134223","article_modified_time":"2025-07-16T12:15:06+00:00","og_image":[{"width":494,"height":800,"url":"https:\/\/likepets.lt\/wp-content\/uploads\/2025\/05\/crocchette-vincent-life-adult.jpg","type":"image\/jpeg"}],"twitter_card":"summary_large_image","twitter_misc":{"Est. reading time":"2 minut\u0117s"},"schema":{"@context":"https:\/\/schema.org","@graph":[{"@type":"WebPage","@id":"https:\/\/likepets.lt\/product\/vincent-life-adult-su-jautiena-ir-ryziais\/","url":"https:\/\/likepets.lt\/product\/vincent-life-adult-su-jautiena-ir-ryziais\/","name":"Vincent Life Adult su jautiena ir ry\u017eiais - likepets.lt","isPartOf":{"@id":"https:\/\/likepets.lt\/#website"},"primaryImageOfPage":{"@id":"https:\/\/likepets.lt\/product\/vincent-life-adult-su-jautiena-ir-ryziais\/#primaryimage"},"image":{"@id":"https:\/\/likepets.lt\/product\/vincent-life-adult-su-jautiena-ir-ryziais\/#primaryimage"},"thumbnailUrl":"https:\/\/likepets.lt\/wp-content\/uploads\/2025\/05\/crocchette-vincent-life-adult.jpg","datePublished":"2025-05-12T10:02:03+00:00","dateModified":"2025-07-16T12:15:06+00:00","description":"Visavertis \u0161un\u0173 maistas su jautiena ir ry\u017eiais \u2013 subalansuota mityba, gera vir\u0161kinimo sistema, suma\u017einta alergij\u0173 rizika. Tinka vis\u0173 veisli\u0173 \u0161unims.","breadcrumb":{"@id":"https:\/\/likepets.lt\/product\/vincent-life-adult-su-jautiena-ir-ryziais\/#breadcrumb"},"inLanguage":"lt-LT","potentialAction":[{"@type":"ReadAction","target":["https:\/\/likepets.lt\/product\/vincent-life-adult-su-jautiena-ir-ryziais\/"]}]},{"@type":"ImageObject","inLanguage":"lt-LT","@id":"https:\/\/likepets.lt\/product\/vincent-life-adult-su-jautiena-ir-ryziais\/#primaryimage","url":"https:\/\/likepets.lt\/wp-content\/uploads\/2025\/05\/crocchette-vincent-life-adult.jpg","contentUrl":"https:\/\/likepets.lt\/wp-content\/uploads\/2025\/05\/crocchette-vincent-life-adult.jpg","width":494,"height":800,"caption":"Vincent Life Adult \u2013 \u0161un\u0173 pa\u0161aras su jautiena ir ry\u017eiais | 15 kg mai\u0161as"},{"@type":"BreadcrumbList","@id":"https:\/\/likepets.lt\/product\/vincent-life-adult-su-jautiena-ir-ryziais\/#breadcrumb","itemListElement":[{"@type":"ListItem","position":1,"name":"Home","item":"https:\/\/likepets.lt\/lt_lt\/"},{"@type":"ListItem","position":2,"name":"Parduotuv\u0117","item":"https:\/\/likepets.lt\/parduotuve\/"},{"@type":"ListItem","position":3,"name":"Vincent Life Adult su jautiena ir ry\u017eiais"}]},{"@type":"WebSite","@id":"https:\/\/likepets.lt\/#website","url":"https:\/\/likepets.lt\/","name":"Likepets.lt","description":"","publisher":{"@id":"https:\/\/likepets.lt\/#\/schema\/person\/4ad7eed3b9dc7a176cfff59cfc71e86f"},"potentialAction":[{"@type":"SearchAction","target":{"@type":"EntryPoint","urlTemplate":"https:\/\/likepets.lt\/?s={search_term_string}"},"query-input":{"@type":"PropertyValueSpecification","valueRequired":true,"valueName":"search_term_string"}}],"inLanguage":"lt-LT"},{"@type":["Person","Organization"],"@id":"https:\/\/likepets.lt\/#\/schema\/person\/4ad7eed3b9dc7a176cfff59cfc71e86f","name":"Likepets.lt","image":{"@type":"ImageObject","inLanguage":"lt-LT","@id":"https:\/\/likepets.lt\/wp-content\/litespeed\/avatar\/e807fa13845e19a6e6af46a4bc771b01.jpg?ver=1775897302","url":"https:\/\/likepets.lt\/wp-content\/litespeed\/avatar\/e807fa13845e19a6e6af46a4bc771b01.jpg?ver=1775897302","contentUrl":"https:\/\/likepets.lt\/wp-content\/litespeed\/avatar\/e807fa13845e19a6e6af46a4bc771b01.jpg?ver=1775897302","caption":"Likepets.lt"},"logo":{"@id":"https:\/\/likepets.lt\/wp-content\/litespeed\/avatar\/e807fa13845e19a6e6af46a4bc771b01.jpg?ver=1775897302"},"sameAs":["http:\/\/likepets.lt","https:\/\/www.facebook.com\/profile.php?id=61569466134223","https:\/\/www.instagram.com\/likepets77\/?fbclid=IwY2xjawMjUHtleHRuA2FlbQIxMQBicmlkETBlaEhxaVI0bUk1RHl3bmVMAR7IJeYf9r0OCeo9BwYJUD-yM6Osp6MrosWJGq_QweyNqX1BUWyhO1-sP82C2g_aem_xQbJ_D9oWWiUjsE-R3Dlrw"]}]}},"_links":{"self":[{"href":"https:\/\/likepets.lt\/lt_lt\/wp-json\/wp\/v2\/product\/62990","targetHints":{"allow":["GET"]}}],"collection":[{"href":"https:\/\/likepets.lt\/lt_lt\/wp-json\/wp\/v2\/product"}],"about":[{"href":"https:\/\/likepets.lt\/lt_lt\/wp-json\/wp\/v2\/types\/product"}],"replies":[{"embeddable":true,"href":"https:\/\/likepets.lt\/lt_lt\/wp-json\/wp\/v2\/comments?post=62990"}],"version-history":[{"count":1,"href":"https:\/\/likepets.lt\/lt_lt\/wp-json\/wp\/v2\/product\/62990\/revisions"}],"predecessor-version":[{"id":63056,"href":"https:\/\/likepets.lt\/lt_lt\/wp-json\/wp\/v2\/product\/62990\/revisions\/63056"}],"wp:featuredmedia":[{"embeddable":true,"href":"https:\/\/likepets.lt\/lt_lt\/wp-json\/wp\/v2\/media\/62994"}],"wp:attachment":[{"href":"https:\/\/likepets.lt\/lt_lt\/wp-json\/wp\/v2\/media?parent=62990"}],"wp:term":[{"taxonomy":"product_brand","embeddable":true,"href":"https:\/\/likepets.lt\/lt_lt\/wp-json\/wp\/v2\/product_brand?post=62990"},{"taxonomy":"product_cat","embeddable":true,"href":"https:\/\/likepets.lt\/lt_lt\/wp-json\/wp\/v2\/product_cat?post=62990"},{"taxonomy":"product_tag","embeddable":true,"href":"https:\/\/likepets.lt\/lt_lt\/wp-json\/wp\/v2\/product_tag?post=62990"}],"curies":[{"name":"wp","href":"https:\/\/api.w.org\/{rel}","templated":true}]}}