{"id":63124,"date":"2025-11-29T12:27:01","date_gmt":"2025-11-29T10:27:01","guid":{"rendered":"https:\/\/likepets.lt\/?post_type=product&#038;p=63124"},"modified":"2026-03-08T15:34:08","modified_gmt":"2026-03-08T13:34:08","slug":"papildas-sunims-nuo-alergijos-ir-niezejimo-naturalus-alergiju-ir-niezulio-mazinimas","status":"publish","type":"product","link":"https:\/\/likepets.lt\/lt_lt\/product\/papildas-sunims-nuo-alergijos-ir-niezejimo-naturalus-alergiju-ir-niezulio-mazinimas\/","title":{"rendered":"Imby \u201eAllergy &#038; Anti-Itch\u201c papildas-90 vnt."},"content":{"rendered":"<article class=\"text-token-text-primary w-full focus:outline-none [--shadow-height:45px] has-data-writing-block:pointer-events-none has-data-writing-block:-mt-(--shadow-height) has-data-writing-block:pt-(--shadow-height) [&amp;:has([data-writing-block])&gt;*]:pointer-events-auto scroll-mt-[calc(var(--header-height)+min(200px,max(70px,20svh)))]\" dir=\"auto\" tabindex=\"-1\" data-turn-id=\"request-WEB:efcebe74-9e5c-435e-b5ab-526e9bbf6e90-6\" data-testid=\"conversation-turn-14\" data-scroll-anchor=\"false\" data-turn=\"assistant\">\n<div class=\"text-base my-auto mx-auto [--thread-content-margin:--spacing(4)] thread-sm:[--thread-content-margin:--spacing(6)] thread-lg:[--thread-content-margin:--spacing(16)] px-(--thread-content-margin)\">\n<div class=\"[--thread-content-max-width:40rem] thread-lg:[--thread-content-max-width:48rem] mx-auto max-w-(--thread-content-max-width) flex-1 group\/turn-messages focus-visible:outline-hidden relative flex w-full min-w-0 flex-col agent-turn\" tabindex=\"-1\">\n<div class=\"flex max-w-full flex-col grow\">\n<div class=\"min-h-8 text-message relative flex w-full flex-col items-end gap-2 text-start break-words whitespace-normal [.text-message+&amp;]:mt-1\" dir=\"auto\" data-message-author-role=\"assistant\" data-message-id=\"b291fabf-68aa-4a87-9b5f-bbc1a0ca0565\" data-message-model-slug=\"gpt-5-1\">\n<div class=\"flex w-full flex-col gap-1 empty:hidden first:pt-[1px]\">\n<div class=\"markdown prose dark:prose-invert w-full break-words light markdown-new-styling\">\n<p data-start=\"0\" data-end=\"58\"><strong data-start=\"0\" data-end=\"56\">Veikliosios med\u017eiagos (per 2 kramtom\u0105sias tabletes):<\/strong> Probiotikai: <em data-start=\"84\" data-end=\"117\">Lactobacillus Helveticus HA-122<\/em> \u2013 0.53\u00d710^9 CFU, <em data-start=\"140\" data-end=\"171\">Enterococcus faecium (4b1705)<\/em> \u2013 0.69\u00d710^9 CFU ,<em data-start=\"194\" data-end=\"222\">Bacillus Subtilis (4B1820)<\/em> \u2013 0.69\u00d710^9 CFU, Kolostrumas \u2013 120 mg, Miel\u0117s ir j\u0173 dalys (12.1.5) \u2013 90 mg, Aliejus i\u0161 dumbli\u0173 \u2013 60 mg, L-glutaminas (3c451) \u2013 75 mg, Kvercetinas \u2013 56 mg, Ehinacija \u2013 30 mg, Vitaminas D3 (3a671) \u2013 101 TV, Fosforas \u2013 30 mg, Brusnica \u2013 30 mg, Vakarin\u0117 rakta\u017eol\u0117 (Evening primrose oil) \u2013 15 mg, Cinkas (3b607) \u2013 11 mg. <strong data-start=\"618\" data-end=\"646\">Papildomi ingredientai: <\/strong>Bulv\u0117s ,glicerinas, laukini\u0173 pupeli\u0173 miltai, melasa, \u017eirni\u0173 miltai, augalinis aliejus, kalcio karbonatas, kalio sorbatas. <strong data-start=\"796\" data-end=\"824\">Analitiniai komponentai: <\/strong>\u017eali baltymai \u2013 2.84%, \u017ealiosios riebalai \u2013 5.66% , \u017ealia pelenai \u2013 4.90%, \u017eali pluo\u0161tai \u2013 0.65%, natrio kiekis \u2013 0.00%.<\/p>\n<\/div>\n<\/div>\n<\/div>\n<\/div>\n<div class=\"z-0 flex min-h-[46px] justify-start\"><\/div>\n<\/div>\n<\/div>\n<\/article>\n<article class=\"text-token-text-primary w-full focus:outline-none [--shadow-height:45px] has-data-writing-block:pointer-events-none has-data-writing-block:-mt-(--shadow-height) has-data-writing-block:pt-(--shadow-height) [&amp;:has([data-writing-block])&gt;*]:pointer-events-auto scroll-mt-(--header-height)\" dir=\"auto\" tabindex=\"-1\" data-turn-id=\"994bb309-3243-4d2f-9486-c94dfc785b85\" data-testid=\"conversation-turn-15\" data-scroll-anchor=\"false\" data-turn=\"user\">\n<h5 class=\"sr-only\"><\/h5>\n<\/article>\n","protected":false},"excerpt":{"rendered":"<p data-start=\"87\" data-end=\"372\">\u201eAllergy &amp; Anti-Itch\u201c papildas \u0161unims si\u016blo galing\u0105 nat\u016brali\u0173 ingredient\u0173 derin\u012f, kuris padeda efektyviai ma\u017einti alergines reakcijas ir nie\u017e\u0117jim\u0105. \u0160is papildas yra specialiai sukurtas stiprinti imunin\u0119 sistem\u0105 ir gerinti \u017earnyno sveikat\u0105, didinant \u0161uns organizmo atsparum\u0105 alergijoms. <strong data-start=\"374\" data-end=\"400\">Veikliosios med\u017eiagos: <\/strong><strong data-start=\"405\" data-end=\"420\">Kolostrumas<\/strong> stiprina organizmo apsaug\u0105 nuo dirgikli\u0173 ir padeda suma\u017einti alergines reakcijas. <strong data-start=\"507\" data-end=\"522\">Kvercetinas<\/strong> veikia kaip nat\u016bralus antihistaminas, ma\u017eina alergijos simptomus ir nie\u017e\u0117jim\u0105. <strong data-start=\"606\" data-end=\"621\">Probiotikai<\/strong> palaiko sveik\u0105 \u017earnyno flor\u0105, stiprina imunin\u0119 sistem\u0105 ir ma\u017eina u\u017edegimus. <strong data-start=\"702\" data-end=\"726\">Vitaminai D3, A ir E<\/strong> papildomai stiprina imunin\u0119 sistem\u0105. <strong data-start=\"768\" data-end=\"784\">L-glutaminas<\/strong> atstato \u017earnyno sienel\u0119, ma\u017eina u\u017edegimus ir padeda i\u0161vengti alergini\u0173 reakcij\u0173. A<strong data-start=\"880\" data-end=\"896\">minor\u016bg\u0161tys<\/strong> skatina nag\u0173 augim\u0105 ir palaiko sveikas leten\u0173 p\u0117dutes.<\/p>\n","protected":false},"featured_media":63153,"comment_status":"open","ping_status":"closed","template":"","meta":[],"product_brand":[152],"product_cat":[90],"product_tag":[],"class_list":{"0":"post-63124","1":"product","2":"type-product","3":"status-publish","4":"has-post-thumbnail","6":"product_brand-imby","7":"product_cat-papildai","10":"first","11":"instock","12":"taxable","13":"shipping-taxable","14":"purchasable","15":"product-type-simple"},"yoast_head":"<!-- This site is optimized with the Yoast SEO plugin v27.4 - https:\/\/yoast.com\/product\/yoast-seo-wordpress\/ -->\n<title>Imby \u201eAllergy &amp; Anti-Itch\u201c papildas-90 vnt. - likepets.lt<\/title>\n<meta name=\"description\" content=\"Papildas \u0161unims, padedantis suma\u017einti alergines reakcijas ir nie\u017e\u0117jim\u0105. Nat\u016bral\u016bs ingredientai, kurie stiprina imunin\u0119 sistem\u0105.\" \/>\n<meta name=\"robots\" content=\"index, follow, max-snippet:-1, max-image-preview:large, max-video-preview:-1\" \/>\n<link rel=\"canonical\" href=\"https:\/\/likepets.lt\/lt_lt\/product\/papildas-sunims-nuo-alergijos-ir-niezejimo-naturalus-alergiju-ir-niezulio-mazinimas\/\" \/>\n<meta property=\"og:locale\" content=\"lt_LT\" \/>\n<meta property=\"og:type\" content=\"article\" \/>\n<meta property=\"og:title\" content=\"Imby \u201eAllergy &amp; Anti-Itch\u201c papildas-90 vnt. - likepets.lt\" \/>\n<meta property=\"og:description\" content=\"Papildas \u0161unims, padedantis suma\u017einti alergines reakcijas ir nie\u017e\u0117jim\u0105. Nat\u016bral\u016bs ingredientai, kurie stiprina imunin\u0119 sistem\u0105.\" \/>\n<meta property=\"og:url\" content=\"https:\/\/likepets.lt\/lt_lt\/product\/papildas-sunims-nuo-alergijos-ir-niezejimo-naturalus-alergiju-ir-niezulio-mazinimas\/\" \/>\n<meta property=\"og:site_name\" content=\"likepets.lt\" \/>\n<meta property=\"article:publisher\" content=\"https:\/\/www.facebook.com\/profile.php?id=61569466134223\" \/>\n<meta property=\"article:modified_time\" content=\"2026-03-08T13:34:08+00:00\" \/>\n<meta property=\"og:image\" content=\"https:\/\/likepets.lt\/wp-content\/uploads\/2025\/11\/Itchy-and-Skin-Supp-1-1024x1024-1.webp\" \/>\n\t<meta property=\"og:image:width\" content=\"1024\" \/>\n\t<meta property=\"og:image:height\" content=\"1024\" \/>\n\t<meta property=\"og:image:type\" content=\"image\/webp\" \/>\n<meta name=\"twitter:card\" content=\"summary_large_image\" \/>\n<meta name=\"twitter:label1\" content=\"Est. reading time\" \/>\n\t<meta name=\"twitter:data1\" content=\"1 minut\u0117\" \/>\n<script type=\"application\/ld+json\" class=\"yoast-schema-graph\">{\"@context\":\"https:\\\/\\\/schema.org\",\"@graph\":[{\"@type\":\"WebPage\",\"@id\":\"https:\\\/\\\/likepets.lt\\\/product\\\/papildas-sunims-nuo-alergijos-ir-niezejimo-naturalus-alergiju-ir-niezulio-mazinimas\\\/\",\"url\":\"https:\\\/\\\/likepets.lt\\\/product\\\/papildas-sunims-nuo-alergijos-ir-niezejimo-naturalus-alergiju-ir-niezulio-mazinimas\\\/\",\"name\":\"Imby \u201eAllergy & Anti-Itch\u201c papildas-90 vnt. - likepets.lt\",\"isPartOf\":{\"@id\":\"https:\\\/\\\/likepets.lt\\\/#website\"},\"primaryImageOfPage\":{\"@id\":\"https:\\\/\\\/likepets.lt\\\/product\\\/papildas-sunims-nuo-alergijos-ir-niezejimo-naturalus-alergiju-ir-niezulio-mazinimas\\\/#primaryimage\"},\"image\":{\"@id\":\"https:\\\/\\\/likepets.lt\\\/product\\\/papildas-sunims-nuo-alergijos-ir-niezejimo-naturalus-alergiju-ir-niezulio-mazinimas\\\/#primaryimage\"},\"thumbnailUrl\":\"https:\\\/\\\/likepets.lt\\\/wp-content\\\/uploads\\\/2025\\\/11\\\/Itchy-and-Skin-Supp-1-1024x1024-1.webp\",\"datePublished\":\"2025-11-29T10:27:01+00:00\",\"dateModified\":\"2026-03-08T13:34:08+00:00\",\"description\":\"Papildas \u0161unims, padedantis suma\u017einti alergines reakcijas ir nie\u017e\u0117jim\u0105. Nat\u016bral\u016bs ingredientai, kurie stiprina imunin\u0119 sistem\u0105.\",\"breadcrumb\":{\"@id\":\"https:\\\/\\\/likepets.lt\\\/product\\\/papildas-sunims-nuo-alergijos-ir-niezejimo-naturalus-alergiju-ir-niezulio-mazinimas\\\/#breadcrumb\"},\"inLanguage\":\"lt-LT\",\"potentialAction\":[{\"@type\":\"ReadAction\",\"target\":[\"https:\\\/\\\/likepets.lt\\\/product\\\/papildas-sunims-nuo-alergijos-ir-niezejimo-naturalus-alergiju-ir-niezulio-mazinimas\\\/\"]}]},{\"@type\":\"ImageObject\",\"inLanguage\":\"lt-LT\",\"@id\":\"https:\\\/\\\/likepets.lt\\\/product\\\/papildas-sunims-nuo-alergijos-ir-niezejimo-naturalus-alergiju-ir-niezulio-mazinimas\\\/#primaryimage\",\"url\":\"https:\\\/\\\/likepets.lt\\\/wp-content\\\/uploads\\\/2025\\\/11\\\/Itchy-and-Skin-Supp-1-1024x1024-1.webp\",\"contentUrl\":\"https:\\\/\\\/likepets.lt\\\/wp-content\\\/uploads\\\/2025\\\/11\\\/Itchy-and-Skin-Supp-1-1024x1024-1.webp\",\"width\":1024,\"height\":1024,\"caption\":\"Imby-papildai-alergiskiems-sunims\"},{\"@type\":\"BreadcrumbList\",\"@id\":\"https:\\\/\\\/likepets.lt\\\/product\\\/papildas-sunims-nuo-alergijos-ir-niezejimo-naturalus-alergiju-ir-niezulio-mazinimas\\\/#breadcrumb\",\"itemListElement\":[{\"@type\":\"ListItem\",\"position\":1,\"name\":\"Home\",\"item\":\"https:\\\/\\\/likepets.lt\\\/lt_lt\\\/\"},{\"@type\":\"ListItem\",\"position\":2,\"name\":\"Parduotuv\u0117\",\"item\":\"https:\\\/\\\/likepets.lt\\\/parduotuve\\\/\"},{\"@type\":\"ListItem\",\"position\":3,\"name\":\"Imby \u201eAllergy &#038; Anti-Itch\u201c papildas-90 vnt.\"}]},{\"@type\":\"WebSite\",\"@id\":\"https:\\\/\\\/likepets.lt\\\/#website\",\"url\":\"https:\\\/\\\/likepets.lt\\\/\",\"name\":\"Likepets.lt\",\"description\":\"\",\"publisher\":{\"@id\":\"https:\\\/\\\/likepets.lt\\\/#\\\/schema\\\/person\\\/4ad7eed3b9dc7a176cfff59cfc71e86f\"},\"potentialAction\":[{\"@type\":\"SearchAction\",\"target\":{\"@type\":\"EntryPoint\",\"urlTemplate\":\"https:\\\/\\\/likepets.lt\\\/?s={search_term_string}\"},\"query-input\":{\"@type\":\"PropertyValueSpecification\",\"valueRequired\":true,\"valueName\":\"search_term_string\"}}],\"inLanguage\":\"lt-LT\"},{\"@type\":[\"Person\",\"Organization\"],\"@id\":\"https:\\\/\\\/likepets.lt\\\/#\\\/schema\\\/person\\\/4ad7eed3b9dc7a176cfff59cfc71e86f\",\"name\":\"Likepets.lt\",\"image\":{\"@type\":\"ImageObject\",\"inLanguage\":\"lt-LT\",\"@id\":\"https:\\\/\\\/likepets.lt\\\/wp-content\\\/litespeed\\\/avatar\\\/e807fa13845e19a6e6af46a4bc771b01.jpg?ver=1775897302\",\"url\":\"https:\\\/\\\/likepets.lt\\\/wp-content\\\/litespeed\\\/avatar\\\/e807fa13845e19a6e6af46a4bc771b01.jpg?ver=1775897302\",\"contentUrl\":\"https:\\\/\\\/likepets.lt\\\/wp-content\\\/litespeed\\\/avatar\\\/e807fa13845e19a6e6af46a4bc771b01.jpg?ver=1775897302\",\"caption\":\"Likepets.lt\"},\"logo\":{\"@id\":\"https:\\\/\\\/likepets.lt\\\/wp-content\\\/litespeed\\\/avatar\\\/e807fa13845e19a6e6af46a4bc771b01.jpg?ver=1775897302\"},\"sameAs\":[\"http:\\\/\\\/likepets.lt\",\"https:\\\/\\\/www.facebook.com\\\/profile.php?id=61569466134223\",\"https:\\\/\\\/www.instagram.com\\\/likepets77\\\/?fbclid=IwY2xjawMjUHtleHRuA2FlbQIxMQBicmlkETBlaEhxaVI0bUk1RHl3bmVMAR7IJeYf9r0OCeo9BwYJUD-yM6Osp6MrosWJGq_QweyNqX1BUWyhO1-sP82C2g_aem_xQbJ_D9oWWiUjsE-R3Dlrw\"]}]}<\/script>\n<!-- \/ Yoast SEO plugin. -->","yoast_head_json":{"title":"Imby \u201eAllergy & Anti-Itch\u201c papildas-90 vnt. - likepets.lt","description":"Papildas \u0161unims, padedantis suma\u017einti alergines reakcijas ir nie\u017e\u0117jim\u0105. Nat\u016bral\u016bs ingredientai, kurie stiprina imunin\u0119 sistem\u0105.","robots":{"index":"index","follow":"follow","max-snippet":"max-snippet:-1","max-image-preview":"max-image-preview:large","max-video-preview":"max-video-preview:-1"},"canonical":"https:\/\/likepets.lt\/lt_lt\/product\/papildas-sunims-nuo-alergijos-ir-niezejimo-naturalus-alergiju-ir-niezulio-mazinimas\/","og_locale":"lt_LT","og_type":"article","og_title":"Imby \u201eAllergy & Anti-Itch\u201c papildas-90 vnt. - likepets.lt","og_description":"Papildas \u0161unims, padedantis suma\u017einti alergines reakcijas ir nie\u017e\u0117jim\u0105. Nat\u016bral\u016bs ingredientai, kurie stiprina imunin\u0119 sistem\u0105.","og_url":"https:\/\/likepets.lt\/lt_lt\/product\/papildas-sunims-nuo-alergijos-ir-niezejimo-naturalus-alergiju-ir-niezulio-mazinimas\/","og_site_name":"likepets.lt","article_publisher":"https:\/\/www.facebook.com\/profile.php?id=61569466134223","article_modified_time":"2026-03-08T13:34:08+00:00","og_image":[{"width":1024,"height":1024,"url":"https:\/\/likepets.lt\/wp-content\/uploads\/2025\/11\/Itchy-and-Skin-Supp-1-1024x1024-1.webp","type":"image\/webp"}],"twitter_card":"summary_large_image","twitter_misc":{"Est. reading time":"1 minut\u0117"},"schema":{"@context":"https:\/\/schema.org","@graph":[{"@type":"WebPage","@id":"https:\/\/likepets.lt\/product\/papildas-sunims-nuo-alergijos-ir-niezejimo-naturalus-alergiju-ir-niezulio-mazinimas\/","url":"https:\/\/likepets.lt\/product\/papildas-sunims-nuo-alergijos-ir-niezejimo-naturalus-alergiju-ir-niezulio-mazinimas\/","name":"Imby \u201eAllergy & Anti-Itch\u201c papildas-90 vnt. - likepets.lt","isPartOf":{"@id":"https:\/\/likepets.lt\/#website"},"primaryImageOfPage":{"@id":"https:\/\/likepets.lt\/product\/papildas-sunims-nuo-alergijos-ir-niezejimo-naturalus-alergiju-ir-niezulio-mazinimas\/#primaryimage"},"image":{"@id":"https:\/\/likepets.lt\/product\/papildas-sunims-nuo-alergijos-ir-niezejimo-naturalus-alergiju-ir-niezulio-mazinimas\/#primaryimage"},"thumbnailUrl":"https:\/\/likepets.lt\/wp-content\/uploads\/2025\/11\/Itchy-and-Skin-Supp-1-1024x1024-1.webp","datePublished":"2025-11-29T10:27:01+00:00","dateModified":"2026-03-08T13:34:08+00:00","description":"Papildas \u0161unims, padedantis suma\u017einti alergines reakcijas ir nie\u017e\u0117jim\u0105. Nat\u016bral\u016bs ingredientai, kurie stiprina imunin\u0119 sistem\u0105.","breadcrumb":{"@id":"https:\/\/likepets.lt\/product\/papildas-sunims-nuo-alergijos-ir-niezejimo-naturalus-alergiju-ir-niezulio-mazinimas\/#breadcrumb"},"inLanguage":"lt-LT","potentialAction":[{"@type":"ReadAction","target":["https:\/\/likepets.lt\/product\/papildas-sunims-nuo-alergijos-ir-niezejimo-naturalus-alergiju-ir-niezulio-mazinimas\/"]}]},{"@type":"ImageObject","inLanguage":"lt-LT","@id":"https:\/\/likepets.lt\/product\/papildas-sunims-nuo-alergijos-ir-niezejimo-naturalus-alergiju-ir-niezulio-mazinimas\/#primaryimage","url":"https:\/\/likepets.lt\/wp-content\/uploads\/2025\/11\/Itchy-and-Skin-Supp-1-1024x1024-1.webp","contentUrl":"https:\/\/likepets.lt\/wp-content\/uploads\/2025\/11\/Itchy-and-Skin-Supp-1-1024x1024-1.webp","width":1024,"height":1024,"caption":"Imby-papildai-alergiskiems-sunims"},{"@type":"BreadcrumbList","@id":"https:\/\/likepets.lt\/product\/papildas-sunims-nuo-alergijos-ir-niezejimo-naturalus-alergiju-ir-niezulio-mazinimas\/#breadcrumb","itemListElement":[{"@type":"ListItem","position":1,"name":"Home","item":"https:\/\/likepets.lt\/lt_lt\/"},{"@type":"ListItem","position":2,"name":"Parduotuv\u0117","item":"https:\/\/likepets.lt\/parduotuve\/"},{"@type":"ListItem","position":3,"name":"Imby \u201eAllergy &#038; Anti-Itch\u201c papildas-90 vnt."}]},{"@type":"WebSite","@id":"https:\/\/likepets.lt\/#website","url":"https:\/\/likepets.lt\/","name":"Likepets.lt","description":"","publisher":{"@id":"https:\/\/likepets.lt\/#\/schema\/person\/4ad7eed3b9dc7a176cfff59cfc71e86f"},"potentialAction":[{"@type":"SearchAction","target":{"@type":"EntryPoint","urlTemplate":"https:\/\/likepets.lt\/?s={search_term_string}"},"query-input":{"@type":"PropertyValueSpecification","valueRequired":true,"valueName":"search_term_string"}}],"inLanguage":"lt-LT"},{"@type":["Person","Organization"],"@id":"https:\/\/likepets.lt\/#\/schema\/person\/4ad7eed3b9dc7a176cfff59cfc71e86f","name":"Likepets.lt","image":{"@type":"ImageObject","inLanguage":"lt-LT","@id":"https:\/\/likepets.lt\/wp-content\/litespeed\/avatar\/e807fa13845e19a6e6af46a4bc771b01.jpg?ver=1775897302","url":"https:\/\/likepets.lt\/wp-content\/litespeed\/avatar\/e807fa13845e19a6e6af46a4bc771b01.jpg?ver=1775897302","contentUrl":"https:\/\/likepets.lt\/wp-content\/litespeed\/avatar\/e807fa13845e19a6e6af46a4bc771b01.jpg?ver=1775897302","caption":"Likepets.lt"},"logo":{"@id":"https:\/\/likepets.lt\/wp-content\/litespeed\/avatar\/e807fa13845e19a6e6af46a4bc771b01.jpg?ver=1775897302"},"sameAs":["http:\/\/likepets.lt","https:\/\/www.facebook.com\/profile.php?id=61569466134223","https:\/\/www.instagram.com\/likepets77\/?fbclid=IwY2xjawMjUHtleHRuA2FlbQIxMQBicmlkETBlaEhxaVI0bUk1RHl3bmVMAR7IJeYf9r0OCeo9BwYJUD-yM6Osp6MrosWJGq_QweyNqX1BUWyhO1-sP82C2g_aem_xQbJ_D9oWWiUjsE-R3Dlrw"]}]}},"_links":{"self":[{"href":"https:\/\/likepets.lt\/lt_lt\/wp-json\/wp\/v2\/product\/63124","targetHints":{"allow":["GET"]}}],"collection":[{"href":"https:\/\/likepets.lt\/lt_lt\/wp-json\/wp\/v2\/product"}],"about":[{"href":"https:\/\/likepets.lt\/lt_lt\/wp-json\/wp\/v2\/types\/product"}],"replies":[{"embeddable":true,"href":"https:\/\/likepets.lt\/lt_lt\/wp-json\/wp\/v2\/comments?post=63124"}],"version-history":[{"count":3,"href":"https:\/\/likepets.lt\/lt_lt\/wp-json\/wp\/v2\/product\/63124\/revisions"}],"predecessor-version":[{"id":63169,"href":"https:\/\/likepets.lt\/lt_lt\/wp-json\/wp\/v2\/product\/63124\/revisions\/63169"}],"wp:featuredmedia":[{"embeddable":true,"href":"https:\/\/likepets.lt\/lt_lt\/wp-json\/wp\/v2\/media\/63153"}],"wp:attachment":[{"href":"https:\/\/likepets.lt\/lt_lt\/wp-json\/wp\/v2\/media?parent=63124"}],"wp:term":[{"taxonomy":"product_brand","embeddable":true,"href":"https:\/\/likepets.lt\/lt_lt\/wp-json\/wp\/v2\/product_brand?post=63124"},{"taxonomy":"product_cat","embeddable":true,"href":"https:\/\/likepets.lt\/lt_lt\/wp-json\/wp\/v2\/product_cat?post=63124"},{"taxonomy":"product_tag","embeddable":true,"href":"https:\/\/likepets.lt\/lt_lt\/wp-json\/wp\/v2\/product_tag?post=63124"}],"curies":[{"name":"wp","href":"https:\/\/api.w.org\/{rel}","templated":true}]}}