{"id":63130,"date":"2025-11-29T12:49:24","date_gmt":"2025-11-29T10:49:24","guid":{"rendered":"https:\/\/likepets.lt\/?post_type=product&#038;p=63130"},"modified":"2026-03-08T15:31:37","modified_gmt":"2026-03-08T13:31:37","slug":"63130","status":"publish","type":"product","link":"https:\/\/likepets.lt\/lt_lt\/product\/63130\/","title":{"rendered":"Imby &#8220;Snooze &#038; Sleep&#8221; raminantys sausainiai \u0161unims \u2013 100 g."},"content":{"rendered":"<p data-start=\"587\" data-end=\"616\"><strong data-start=\"587\" data-end=\"614\">Veiklieji ingredientai:<\/strong> Ciber\u017eol\u0117 \u2013 supermaistas, palaikantis s\u0105nari\u0173 ir klubo s\u0105nari\u0173 sveikat\u0105, padedantis i\u0161laikyti judrum\u0105 ir lankstum\u0105. Ramun\u0117l\u0117s \u2013 ramina, ma\u017eina nerim\u0105 ir stres\u0105, idealiai tinka \u0161unims, linkusiems \u012f nerimo b\u016bsenas. <strong>Ingredientai: <\/strong>\u017dirniai, bulvi\u0173 dribsniai, sald\u017eioji lupino miltai, kokos\u0173 aliejus, hidrolizuotas mieli\u0173 ekstraktas, obuoli\u0173 skaidulos, obuoli\u0173 sultys, natrio chloridas, kalcio karbonatas, d\u017eiovintos ramun\u0117l\u0117s (0,1%), d\u017eiovinta ciber\u017eol\u0117. <strong data-start=\"1089\" data-end=\"1117\">Analitiniai komponentai: <\/strong>\u017eali\u0173j\u0173 baltym\u0173 kiekis: 18,0% \u017eali\u0173j\u0173 riebal\u0173 kiekis: 7,6% \u017eali\u0173j\u0173 pelen\u0173 kiekis: 4,8% , \u017eali\u0173j\u0173 skaidul\u0173 kiekis: 1,7%. Dr\u0117gm\u0117: 11,0%.<\/p>\n","protected":false},"excerpt":{"rendered":"<p data-start=\"165\" data-end=\"227\">Augaliniai sausainiai \u0161unims su ramun\u0117l\u0117mis ir ciber\u017eole<strong data-start=\"165\" data-end=\"225\">. <\/strong>\u0160ie nat\u016bral\u016bs ir augaliniai sausainiai \u0161unims yra puikus pasirinkimas norint pad\u0117ti nuraminti j\u016bs\u0173 augintin\u012f ir palaikyti jo s\u0105nari\u0173 sveikat\u0105. Ramun\u0117l\u0117s suteikia raminant\u012f poveik\u012f, ma\u017eina stres\u0105 ir panikos priepuolius, o ciber\u017eol\u0117 prisideda prie s\u0105nari\u0173 ir klubo sveikatos palaikymo, u\u017etikrindama, kad j\u016bs\u0173 \u0161uo i\u0161likt\u0173 aktyvus ir lankstus. <strong data-start=\"1270\" data-end=\"1289\">Idealiai tinka: <\/strong>\u0160unims, kurie link\u0119 \u012f stres\u0105 ir nerim\u0105. \u0160unims, kuriems reikia palaikyti s\u0105nari\u0173 sveikat\u0105 ir judrum\u0105. Visiems \u0161unims, kurie m\u0117gsta skanius ir sveikus u\u017ekand\u017eius.<\/p>\n","protected":false},"featured_media":63133,"comment_status":"open","ping_status":"closed","template":"","meta":[],"product_brand":[152],"product_cat":[171],"product_tag":[],"class_list":{"0":"post-63130","1":"product","2":"type-product","3":"status-publish","4":"has-post-thumbnail","6":"product_brand-imby","7":"product_cat-sunims-skanukai","10":"first","11":"instock","12":"taxable","13":"shipping-taxable","14":"purchasable","15":"product-type-simple"},"yoast_head":"<!-- This site is optimized with the Yoast SEO plugin v27.4 - https:\/\/yoast.com\/product\/yoast-seo-wordpress\/ -->\n<title>Imby &quot;Snooze &amp; Sleep&quot; raminantys sausainiai \u0161unims \u2013 100 g. - likepets.lt<\/title>\n<meta name=\"description\" content=\"Nat\u016bral\u016bs augaliniai sausainiai \u0161unims su ciber\u017eole ir ramun\u0117l\u0117mis. Padeda ma\u017einti stres\u0105, palaikyti s\u0105nari\u0173 sveikat\u0105 ir judrum\u0105.\" \/>\n<meta name=\"robots\" content=\"index, follow, max-snippet:-1, max-image-preview:large, max-video-preview:-1\" \/>\n<link rel=\"canonical\" href=\"https:\/\/likepets.lt\/lt_lt\/product\/63130\/\" \/>\n<meta property=\"og:locale\" content=\"lt_LT\" \/>\n<meta property=\"og:type\" content=\"article\" \/>\n<meta property=\"og:title\" content=\"Imby &quot;Snooze &amp; Sleep&quot; raminantys sausainiai \u0161unims \u2013 100 g. - likepets.lt\" \/>\n<meta property=\"og:description\" content=\"Nat\u016bral\u016bs augaliniai sausainiai \u0161unims su ciber\u017eole ir ramun\u0117l\u0117mis. Padeda ma\u017einti stres\u0105, palaikyti s\u0105nari\u0173 sveikat\u0105 ir judrum\u0105.\" \/>\n<meta property=\"og:url\" content=\"https:\/\/likepets.lt\/lt_lt\/product\/63130\/\" \/>\n<meta property=\"og:site_name\" content=\"likepets.lt\" \/>\n<meta property=\"article:publisher\" content=\"https:\/\/www.facebook.com\/profile.php?id=61569466134223\" \/>\n<meta property=\"article:modified_time\" content=\"2026-03-08T13:31:37+00:00\" \/>\n<meta property=\"og:image\" content=\"https:\/\/likepets.lt\/wp-content\/uploads\/2025\/11\/imby-skanukai-rupinimas-raminantys.png\" \/>\n\t<meta property=\"og:image:width\" content=\"866\" \/>\n\t<meta property=\"og:image:height\" content=\"870\" \/>\n\t<meta property=\"og:image:type\" content=\"image\/png\" \/>\n<meta name=\"twitter:card\" content=\"summary_large_image\" \/>\n<meta name=\"twitter:label1\" content=\"Est. reading time\" \/>\n\t<meta name=\"twitter:data1\" content=\"1 minut\u0117\" \/>\n<script type=\"application\/ld+json\" class=\"yoast-schema-graph\">{\"@context\":\"https:\\\/\\\/schema.org\",\"@graph\":[{\"@type\":\"WebPage\",\"@id\":\"https:\\\/\\\/likepets.lt\\\/product\\\/63130\\\/\",\"url\":\"https:\\\/\\\/likepets.lt\\\/product\\\/63130\\\/\",\"name\":\"Imby \\\"Snooze & Sleep\\\" raminantys sausainiai \u0161unims \u2013 100 g. - likepets.lt\",\"isPartOf\":{\"@id\":\"https:\\\/\\\/likepets.lt\\\/#website\"},\"primaryImageOfPage\":{\"@id\":\"https:\\\/\\\/likepets.lt\\\/product\\\/63130\\\/#primaryimage\"},\"image\":{\"@id\":\"https:\\\/\\\/likepets.lt\\\/product\\\/63130\\\/#primaryimage\"},\"thumbnailUrl\":\"https:\\\/\\\/likepets.lt\\\/wp-content\\\/uploads\\\/2025\\\/11\\\/imby-skanukai-rupinimas-raminantys.png\",\"datePublished\":\"2025-11-29T10:49:24+00:00\",\"dateModified\":\"2026-03-08T13:31:37+00:00\",\"description\":\"Nat\u016bral\u016bs augaliniai sausainiai \u0161unims su ciber\u017eole ir ramun\u0117l\u0117mis. Padeda ma\u017einti stres\u0105, palaikyti s\u0105nari\u0173 sveikat\u0105 ir judrum\u0105.\",\"breadcrumb\":{\"@id\":\"https:\\\/\\\/likepets.lt\\\/product\\\/63130\\\/#breadcrumb\"},\"inLanguage\":\"lt-LT\",\"potentialAction\":[{\"@type\":\"ReadAction\",\"target\":[\"https:\\\/\\\/likepets.lt\\\/product\\\/63130\\\/\"]}]},{\"@type\":\"ImageObject\",\"inLanguage\":\"lt-LT\",\"@id\":\"https:\\\/\\\/likepets.lt\\\/product\\\/63130\\\/#primaryimage\",\"url\":\"https:\\\/\\\/likepets.lt\\\/wp-content\\\/uploads\\\/2025\\\/11\\\/imby-skanukai-rupinimas-raminantys.png\",\"contentUrl\":\"https:\\\/\\\/likepets.lt\\\/wp-content\\\/uploads\\\/2025\\\/11\\\/imby-skanukai-rupinimas-raminantys.png\",\"width\":866,\"height\":870,\"caption\":\"Imby- raminantys -skanukai\"},{\"@type\":\"BreadcrumbList\",\"@id\":\"https:\\\/\\\/likepets.lt\\\/product\\\/63130\\\/#breadcrumb\",\"itemListElement\":[{\"@type\":\"ListItem\",\"position\":1,\"name\":\"Home\",\"item\":\"https:\\\/\\\/likepets.lt\\\/lt_lt\\\/\"},{\"@type\":\"ListItem\",\"position\":2,\"name\":\"Parduotuv\u0117\",\"item\":\"https:\\\/\\\/likepets.lt\\\/parduotuve\\\/\"},{\"@type\":\"ListItem\",\"position\":3,\"name\":\"Imby &#8220;Snooze &#038; Sleep&#8221; raminantys sausainiai \u0161unims \u2013 100 g.\"}]},{\"@type\":\"WebSite\",\"@id\":\"https:\\\/\\\/likepets.lt\\\/#website\",\"url\":\"https:\\\/\\\/likepets.lt\\\/\",\"name\":\"Likepets.lt\",\"description\":\"\",\"publisher\":{\"@id\":\"https:\\\/\\\/likepets.lt\\\/#\\\/schema\\\/person\\\/4ad7eed3b9dc7a176cfff59cfc71e86f\"},\"potentialAction\":[{\"@type\":\"SearchAction\",\"target\":{\"@type\":\"EntryPoint\",\"urlTemplate\":\"https:\\\/\\\/likepets.lt\\\/?s={search_term_string}\"},\"query-input\":{\"@type\":\"PropertyValueSpecification\",\"valueRequired\":true,\"valueName\":\"search_term_string\"}}],\"inLanguage\":\"lt-LT\"},{\"@type\":[\"Person\",\"Organization\"],\"@id\":\"https:\\\/\\\/likepets.lt\\\/#\\\/schema\\\/person\\\/4ad7eed3b9dc7a176cfff59cfc71e86f\",\"name\":\"Likepets.lt\",\"image\":{\"@type\":\"ImageObject\",\"inLanguage\":\"lt-LT\",\"@id\":\"https:\\\/\\\/likepets.lt\\\/wp-content\\\/litespeed\\\/avatar\\\/e807fa13845e19a6e6af46a4bc771b01.jpg?ver=1776502983\",\"url\":\"https:\\\/\\\/likepets.lt\\\/wp-content\\\/litespeed\\\/avatar\\\/e807fa13845e19a6e6af46a4bc771b01.jpg?ver=1776502983\",\"contentUrl\":\"https:\\\/\\\/likepets.lt\\\/wp-content\\\/litespeed\\\/avatar\\\/e807fa13845e19a6e6af46a4bc771b01.jpg?ver=1776502983\",\"caption\":\"Likepets.lt\"},\"logo\":{\"@id\":\"https:\\\/\\\/likepets.lt\\\/wp-content\\\/litespeed\\\/avatar\\\/e807fa13845e19a6e6af46a4bc771b01.jpg?ver=1776502983\"},\"sameAs\":[\"http:\\\/\\\/likepets.lt\",\"https:\\\/\\\/www.facebook.com\\\/profile.php?id=61569466134223\",\"https:\\\/\\\/www.instagram.com\\\/likepets77\\\/?fbclid=IwY2xjawMjUHtleHRuA2FlbQIxMQBicmlkETBlaEhxaVI0bUk1RHl3bmVMAR7IJeYf9r0OCeo9BwYJUD-yM6Osp6MrosWJGq_QweyNqX1BUWyhO1-sP82C2g_aem_xQbJ_D9oWWiUjsE-R3Dlrw\"]}]}<\/script>\n<!-- \/ Yoast SEO plugin. -->","yoast_head_json":{"title":"Imby \"Snooze & Sleep\" raminantys sausainiai \u0161unims \u2013 100 g. - likepets.lt","description":"Nat\u016bral\u016bs augaliniai sausainiai \u0161unims su ciber\u017eole ir ramun\u0117l\u0117mis. Padeda ma\u017einti stres\u0105, palaikyti s\u0105nari\u0173 sveikat\u0105 ir judrum\u0105.","robots":{"index":"index","follow":"follow","max-snippet":"max-snippet:-1","max-image-preview":"max-image-preview:large","max-video-preview":"max-video-preview:-1"},"canonical":"https:\/\/likepets.lt\/lt_lt\/product\/63130\/","og_locale":"lt_LT","og_type":"article","og_title":"Imby \"Snooze & Sleep\" raminantys sausainiai \u0161unims \u2013 100 g. - likepets.lt","og_description":"Nat\u016bral\u016bs augaliniai sausainiai \u0161unims su ciber\u017eole ir ramun\u0117l\u0117mis. Padeda ma\u017einti stres\u0105, palaikyti s\u0105nari\u0173 sveikat\u0105 ir judrum\u0105.","og_url":"https:\/\/likepets.lt\/lt_lt\/product\/63130\/","og_site_name":"likepets.lt","article_publisher":"https:\/\/www.facebook.com\/profile.php?id=61569466134223","article_modified_time":"2026-03-08T13:31:37+00:00","og_image":[{"width":866,"height":870,"url":"https:\/\/likepets.lt\/wp-content\/uploads\/2025\/11\/imby-skanukai-rupinimas-raminantys.png","type":"image\/png"}],"twitter_card":"summary_large_image","twitter_misc":{"Est. reading time":"1 minut\u0117"},"schema":{"@context":"https:\/\/schema.org","@graph":[{"@type":"WebPage","@id":"https:\/\/likepets.lt\/product\/63130\/","url":"https:\/\/likepets.lt\/product\/63130\/","name":"Imby \"Snooze & Sleep\" raminantys sausainiai \u0161unims \u2013 100 g. - likepets.lt","isPartOf":{"@id":"https:\/\/likepets.lt\/#website"},"primaryImageOfPage":{"@id":"https:\/\/likepets.lt\/product\/63130\/#primaryimage"},"image":{"@id":"https:\/\/likepets.lt\/product\/63130\/#primaryimage"},"thumbnailUrl":"https:\/\/likepets.lt\/wp-content\/uploads\/2025\/11\/imby-skanukai-rupinimas-raminantys.png","datePublished":"2025-11-29T10:49:24+00:00","dateModified":"2026-03-08T13:31:37+00:00","description":"Nat\u016bral\u016bs augaliniai sausainiai \u0161unims su ciber\u017eole ir ramun\u0117l\u0117mis. Padeda ma\u017einti stres\u0105, palaikyti s\u0105nari\u0173 sveikat\u0105 ir judrum\u0105.","breadcrumb":{"@id":"https:\/\/likepets.lt\/product\/63130\/#breadcrumb"},"inLanguage":"lt-LT","potentialAction":[{"@type":"ReadAction","target":["https:\/\/likepets.lt\/product\/63130\/"]}]},{"@type":"ImageObject","inLanguage":"lt-LT","@id":"https:\/\/likepets.lt\/product\/63130\/#primaryimage","url":"https:\/\/likepets.lt\/wp-content\/uploads\/2025\/11\/imby-skanukai-rupinimas-raminantys.png","contentUrl":"https:\/\/likepets.lt\/wp-content\/uploads\/2025\/11\/imby-skanukai-rupinimas-raminantys.png","width":866,"height":870,"caption":"Imby- raminantys -skanukai"},{"@type":"BreadcrumbList","@id":"https:\/\/likepets.lt\/product\/63130\/#breadcrumb","itemListElement":[{"@type":"ListItem","position":1,"name":"Home","item":"https:\/\/likepets.lt\/lt_lt\/"},{"@type":"ListItem","position":2,"name":"Parduotuv\u0117","item":"https:\/\/likepets.lt\/parduotuve\/"},{"@type":"ListItem","position":3,"name":"Imby &#8220;Snooze &#038; Sleep&#8221; raminantys sausainiai \u0161unims \u2013 100 g."}]},{"@type":"WebSite","@id":"https:\/\/likepets.lt\/#website","url":"https:\/\/likepets.lt\/","name":"Likepets.lt","description":"","publisher":{"@id":"https:\/\/likepets.lt\/#\/schema\/person\/4ad7eed3b9dc7a176cfff59cfc71e86f"},"potentialAction":[{"@type":"SearchAction","target":{"@type":"EntryPoint","urlTemplate":"https:\/\/likepets.lt\/?s={search_term_string}"},"query-input":{"@type":"PropertyValueSpecification","valueRequired":true,"valueName":"search_term_string"}}],"inLanguage":"lt-LT"},{"@type":["Person","Organization"],"@id":"https:\/\/likepets.lt\/#\/schema\/person\/4ad7eed3b9dc7a176cfff59cfc71e86f","name":"Likepets.lt","image":{"@type":"ImageObject","inLanguage":"lt-LT","@id":"https:\/\/likepets.lt\/wp-content\/litespeed\/avatar\/e807fa13845e19a6e6af46a4bc771b01.jpg?ver=1776502983","url":"https:\/\/likepets.lt\/wp-content\/litespeed\/avatar\/e807fa13845e19a6e6af46a4bc771b01.jpg?ver=1776502983","contentUrl":"https:\/\/likepets.lt\/wp-content\/litespeed\/avatar\/e807fa13845e19a6e6af46a4bc771b01.jpg?ver=1776502983","caption":"Likepets.lt"},"logo":{"@id":"https:\/\/likepets.lt\/wp-content\/litespeed\/avatar\/e807fa13845e19a6e6af46a4bc771b01.jpg?ver=1776502983"},"sameAs":["http:\/\/likepets.lt","https:\/\/www.facebook.com\/profile.php?id=61569466134223","https:\/\/www.instagram.com\/likepets77\/?fbclid=IwY2xjawMjUHtleHRuA2FlbQIxMQBicmlkETBlaEhxaVI0bUk1RHl3bmVMAR7IJeYf9r0OCeo9BwYJUD-yM6Osp6MrosWJGq_QweyNqX1BUWyhO1-sP82C2g_aem_xQbJ_D9oWWiUjsE-R3Dlrw"]}]}},"_links":{"self":[{"href":"https:\/\/likepets.lt\/lt_lt\/wp-json\/wp\/v2\/product\/63130","targetHints":{"allow":["GET"]}}],"collection":[{"href":"https:\/\/likepets.lt\/lt_lt\/wp-json\/wp\/v2\/product"}],"about":[{"href":"https:\/\/likepets.lt\/lt_lt\/wp-json\/wp\/v2\/types\/product"}],"replies":[{"embeddable":true,"href":"https:\/\/likepets.lt\/lt_lt\/wp-json\/wp\/v2\/comments?post=63130"}],"version-history":[{"count":5,"href":"https:\/\/likepets.lt\/lt_lt\/wp-json\/wp\/v2\/product\/63130\/revisions"}],"predecessor-version":[{"id":63170,"href":"https:\/\/likepets.lt\/lt_lt\/wp-json\/wp\/v2\/product\/63130\/revisions\/63170"}],"wp:featuredmedia":[{"embeddable":true,"href":"https:\/\/likepets.lt\/lt_lt\/wp-json\/wp\/v2\/media\/63133"}],"wp:attachment":[{"href":"https:\/\/likepets.lt\/lt_lt\/wp-json\/wp\/v2\/media?parent=63130"}],"wp:term":[{"taxonomy":"product_brand","embeddable":true,"href":"https:\/\/likepets.lt\/lt_lt\/wp-json\/wp\/v2\/product_brand?post=63130"},{"taxonomy":"product_cat","embeddable":true,"href":"https:\/\/likepets.lt\/lt_lt\/wp-json\/wp\/v2\/product_cat?post=63130"},{"taxonomy":"product_tag","embeddable":true,"href":"https:\/\/likepets.lt\/lt_lt\/wp-json\/wp\/v2\/product_tag?post=63130"}],"curies":[{"name":"wp","href":"https:\/\/api.w.org\/{rel}","templated":true}]}}