{"id":63137,"date":"2025-11-29T16:46:26","date_gmt":"2025-11-29T14:46:26","guid":{"rendered":"https:\/\/likepets.lt\/?post_type=product&#038;p=63137"},"modified":"2025-11-30T09:57:27","modified_gmt":"2025-11-30T07:57:27","slug":"vincent-sally-sunu-maistas-su-jautiena","status":"publish","type":"product","link":"https:\/\/likepets.lt\/lt_lt\/product\/vincent-sally-sunu-maistas-su-jautiena\/","title":{"rendered":"Vincent Sally \u0161un\u0173 maistas su jautiena 20 kg."},"content":{"rendered":"<p data-start=\"475\" data-end=\"695\">\u00a0<strong>Sud\u0117tis<\/strong> :Gr\u016bdai, m\u0117sa ir m\u0117sos perdirbimo produktai (ne ma\u017eiau kaip 4 % galvijienos), augaliniai ingredientai ir \u0161alutiniai produktai (d\u017eiovinta burok\u0117li\u0173 mink\u0161timas 1,5%), gyv\u016bniniai riebalai, mineralin\u0117s med\u017eiagos. <strong data-start=\"697\" data-end=\"710\">Papildai: <\/strong>Vitaminai, mikroelementai ir papildai (turinys 1 kg maisto): Vitaminas A (retinolio acetatas) \u2013 11400 TV, Vitaminas D3 \u2013 638 TV, Vitaminas E \u2013 68,4 mg, Vitaminas B1 \u2013 2,23 mg, Vitaminas B2 \u2013 3,65 mg, Niacinas \u2013 34,2 mg, D-kalcio pantotenatas \u2013 9,03 mg, Vitaminas B6 \u2013 2,71 mg, Folio r\u016bg\u0161tis \u2013 1,02 mg, Vitaminas B12 \u2013 0,07 mg, Biotinas \u2013 0,18 mg, Vitaminas K3 \u2013 1,86 mg, Cholino chloridas \u2013 511 mg, Gele\u017eis \u2013 57,2 mg, Jodas \u2013 0,93 mg, Varis \u2013 7,98 mg, Manganas \u2013 16 mg, Cinkas \u2013 45,6 mg, Selinas \u2013 0,09 mg, Antioksidantai, konservantai, aromatizatoriai. <strong data-start=\"1327\" data-end=\"1349\">Analitin\u0117 sud\u0117tis: <\/strong>\u017eali proteinas: 24%, \u017eali riebalai: 9%, \u017eali celiulioz\u0117: 3,20%, \u017eali pelenai: 10%.<\/p>\n","protected":false},"excerpt":{"rendered":"<article class=\"text-token-text-primary w-full focus:outline-none [--shadow-height:45px] has-data-writing-block:pointer-events-none has-data-writing-block:-mt-(--shadow-height) has-data-writing-block:pt-(--shadow-height) [&amp;:has([data-writing-block])&gt;*]:pointer-events-auto scroll-mt-[calc(var(--header-height)+min(200px,max(70px,20svh)))]\" dir=\"auto\" tabindex=\"-1\" data-turn-id=\"request-WEB:1ee8a195-6140-4cd2-8199-7ad858fc584d-3\" data-testid=\"conversation-turn-8\" data-scroll-anchor=\"true\" data-turn=\"assistant\">\n<div class=\"text-base my-auto mx-auto pb-10 [--thread-content-margin:--spacing(4)] thread-sm:[--thread-content-margin:--spacing(6)] thread-lg:[--thread-content-margin:--spacing(16)] px-(--thread-content-margin)\">\n<div class=\"[--thread-content-max-width:40rem] thread-lg:[--thread-content-max-width:48rem] mx-auto max-w-(--thread-content-max-width) flex-1 group\/turn-messages focus-visible:outline-hidden relative flex w-full min-w-0 flex-col agent-turn\" tabindex=\"-1\">\n<div class=\"flex max-w-full flex-col grow\">\n<div class=\"min-h-8 text-message relative flex w-full flex-col items-end gap-2 text-start break-words whitespace-normal [.text-message+&amp;]:mt-1\" dir=\"auto\" data-message-author-role=\"assistant\" data-message-id=\"dc3d674e-7b3a-4811-8204-b529066663a0\" data-message-model-slug=\"gpt-5-mini\">\n<div class=\"flex w-full flex-col gap-1 empty:hidden first:pt-[1px]\">\n<div class=\"markdown prose dark:prose-invert w-full break-words light markdown-new-styling\">\n<p data-start=\"0\" data-end=\"208\"><strong data-start=\"0\" data-end=\"40\">Vincent Sally su jautiena<\/strong> \u2013 pilnavertis ir subalansuotas maistas suaugusiems \u0161unims, tinka visoms veisl\u0117ms. Sud\u0117tyje yra vis\u0173 b\u016btin\u0173 vitamin\u0173 ir mineral\u0173, u\u017etikrinan\u010di\u0173 \u0161uns sveikat\u0105 ir gerov\u0119. Idealus pasirinkimas suaugusiems \u0161unims, norintiems u\u017etikrinti sveik\u0105 od\u0105, blizgant\u012f kail\u012f ir ger\u0105 vir\u0161kinim\u0105. Jame esantis vitaminas E padeda i\u0161laikyti sveik\u0105 kail\u012f ir od\u0105, o celiulioz\u0117 skatina optimal\u0173 vir\u0161kinim\u0105. Vitaminas D3 palaiko kaul\u0173 ir dant\u0173 sveikat\u0105, o subalansuota mityba padeda i\u0161laikyti sveik\u0105 k\u016bno svor\u012f. Maistas tinka visoms \u0161un\u0173 veisl\u0117ms ir u\u017etikrina, kad j\u016bs\u0173 augintinis gaus visas reikalingas med\u017eiagas kasdieniam gyvenimui.<\/p>\n<\/div>\n<\/div>\n<\/div>\n<\/div>\n<div class=\"z-0 flex min-h-[46px] justify-start\"><\/div>\n<\/div>\n<\/div>\n<\/article>\n<div class=\"pointer-events-none h-px w-px\" aria-hidden=\"true\" data-edge=\"true\"><\/div>\n","protected":false},"featured_media":63148,"comment_status":"open","ping_status":"closed","template":"","meta":[],"product_brand":[170],"product_cat":[89],"product_tag":[],"class_list":{"0":"post-63137","1":"product","2":"type-product","3":"status-publish","4":"has-post-thumbnail","6":"product_brand-avincent-sally","7":"product_cat-sunu-maistas","10":"first","11":"instock","12":"taxable","13":"shipping-taxable","14":"purchasable","15":"product-type-simple"},"yoast_head":"<!-- This site is optimized with the Yoast SEO plugin v27.4 - https:\/\/yoast.com\/product\/yoast-seo-wordpress\/ -->\n<title>Vincent Sally \u0161un\u0173 maistas su jautiena 20 kg. - likepets.lt<\/title>\n<meta name=\"robots\" content=\"index, follow, max-snippet:-1, max-image-preview:large, max-video-preview:-1\" \/>\n<link rel=\"canonical\" href=\"https:\/\/likepets.lt\/lt_lt\/product\/vincent-sally-sunu-maistas-su-jautiena\/\" \/>\n<meta property=\"og:locale\" content=\"lt_LT\" \/>\n<meta property=\"og:type\" content=\"article\" \/>\n<meta property=\"og:title\" content=\"Vincent Sally \u0161un\u0173 maistas su jautiena 20 kg. - likepets.lt\" \/>\n<meta property=\"og:description\" content=\"Vincent Sally su jautiena \u2013 pilnavertis ir subalansuotas maistas suaugusiems \u0161unims, tinka visoms veisl\u0117ms. Sud\u0117tyje yra vis\u0173 b\u016btin\u0173 vitamin\u0173 ir mineral\u0173, u\u017etikrinan\u010di\u0173 \u0161uns sveikat\u0105 ir gerov\u0119. Idealus pasirinkimas suaugusiems \u0161unims, norintiems u\u017etikrinti sveik\u0105 od\u0105, blizgant\u012f kail\u012f ir ger\u0105 vir\u0161kinim\u0105. Jame esantis vitaminas E padeda i\u0161laikyti sveik\u0105 kail\u012f ir od\u0105, o celiulioz\u0117 skatina optimal\u0173 vir\u0161kinim\u0105. Vitaminas D3 palaiko kaul\u0173 ir dant\u0173 sveikat\u0105, o subalansuota mityba padeda i\u0161laikyti sveik\u0105 k\u016bno svor\u012f. Maistas tinka visoms \u0161un\u0173 veisl\u0117ms ir u\u017etikrina, kad j\u016bs\u0173 augintinis gaus visas reikalingas med\u017eiagas kasdieniam gyvenimui.\" \/>\n<meta property=\"og:url\" content=\"https:\/\/likepets.lt\/lt_lt\/product\/vincent-sally-sunu-maistas-su-jautiena\/\" \/>\n<meta property=\"og:site_name\" content=\"likepets.lt\" \/>\n<meta property=\"article:publisher\" content=\"https:\/\/www.facebook.com\/profile.php?id=61569466134223\" \/>\n<meta property=\"article:modified_time\" content=\"2025-11-30T07:57:27+00:00\" \/>\n<meta property=\"og:image\" content=\"https:\/\/likepets.lt\/wp-content\/uploads\/2025\/11\/vincentsallygreen_montazhnajaoblast1-800x800-1.png\" \/>\n\t<meta property=\"og:image:width\" content=\"800\" \/>\n\t<meta property=\"og:image:height\" content=\"800\" \/>\n\t<meta property=\"og:image:type\" content=\"image\/png\" \/>\n<meta name=\"twitter:card\" content=\"summary_large_image\" \/>\n<meta name=\"twitter:label1\" content=\"Est. reading time\" \/>\n\t<meta name=\"twitter:data1\" content=\"1 minut\u0117\" \/>\n<script type=\"application\/ld+json\" class=\"yoast-schema-graph\">{\"@context\":\"https:\\\/\\\/schema.org\",\"@graph\":[{\"@type\":\"WebPage\",\"@id\":\"https:\\\/\\\/likepets.lt\\\/product\\\/vincent-sally-sunu-maistas-su-jautiena\\\/\",\"url\":\"https:\\\/\\\/likepets.lt\\\/product\\\/vincent-sally-sunu-maistas-su-jautiena\\\/\",\"name\":\"Vincent Sally \u0161un\u0173 maistas su jautiena 20 kg. - likepets.lt\",\"isPartOf\":{\"@id\":\"https:\\\/\\\/likepets.lt\\\/#website\"},\"primaryImageOfPage\":{\"@id\":\"https:\\\/\\\/likepets.lt\\\/product\\\/vincent-sally-sunu-maistas-su-jautiena\\\/#primaryimage\"},\"image\":{\"@id\":\"https:\\\/\\\/likepets.lt\\\/product\\\/vincent-sally-sunu-maistas-su-jautiena\\\/#primaryimage\"},\"thumbnailUrl\":\"https:\\\/\\\/likepets.lt\\\/wp-content\\\/uploads\\\/2025\\\/11\\\/vincentsallygreen_montazhnajaoblast1-800x800-1.png\",\"datePublished\":\"2025-11-29T14:46:26+00:00\",\"dateModified\":\"2025-11-30T07:57:27+00:00\",\"breadcrumb\":{\"@id\":\"https:\\\/\\\/likepets.lt\\\/product\\\/vincent-sally-sunu-maistas-su-jautiena\\\/#breadcrumb\"},\"inLanguage\":\"lt-LT\",\"potentialAction\":[{\"@type\":\"ReadAction\",\"target\":[\"https:\\\/\\\/likepets.lt\\\/product\\\/vincent-sally-sunu-maistas-su-jautiena\\\/\"]}]},{\"@type\":\"ImageObject\",\"inLanguage\":\"lt-LT\",\"@id\":\"https:\\\/\\\/likepets.lt\\\/product\\\/vincent-sally-sunu-maistas-su-jautiena\\\/#primaryimage\",\"url\":\"https:\\\/\\\/likepets.lt\\\/wp-content\\\/uploads\\\/2025\\\/11\\\/vincentsallygreen_montazhnajaoblast1-800x800-1.png\",\"contentUrl\":\"https:\\\/\\\/likepets.lt\\\/wp-content\\\/uploads\\\/2025\\\/11\\\/vincentsallygreen_montazhnajaoblast1-800x800-1.png\",\"width\":800,\"height\":800,\"caption\":\"vincent-sally-jautine-maistas-sunims\"},{\"@type\":\"BreadcrumbList\",\"@id\":\"https:\\\/\\\/likepets.lt\\\/product\\\/vincent-sally-sunu-maistas-su-jautiena\\\/#breadcrumb\",\"itemListElement\":[{\"@type\":\"ListItem\",\"position\":1,\"name\":\"Home\",\"item\":\"https:\\\/\\\/likepets.lt\\\/lt_lt\\\/\"},{\"@type\":\"ListItem\",\"position\":2,\"name\":\"Parduotuv\u0117\",\"item\":\"https:\\\/\\\/likepets.lt\\\/parduotuve\\\/\"},{\"@type\":\"ListItem\",\"position\":3,\"name\":\"Vincent Sally \u0161un\u0173 maistas su jautiena 20 kg.\"}]},{\"@type\":\"WebSite\",\"@id\":\"https:\\\/\\\/likepets.lt\\\/#website\",\"url\":\"https:\\\/\\\/likepets.lt\\\/\",\"name\":\"Likepets.lt\",\"description\":\"\",\"publisher\":{\"@id\":\"https:\\\/\\\/likepets.lt\\\/#\\\/schema\\\/person\\\/4ad7eed3b9dc7a176cfff59cfc71e86f\"},\"potentialAction\":[{\"@type\":\"SearchAction\",\"target\":{\"@type\":\"EntryPoint\",\"urlTemplate\":\"https:\\\/\\\/likepets.lt\\\/?s={search_term_string}\"},\"query-input\":{\"@type\":\"PropertyValueSpecification\",\"valueRequired\":true,\"valueName\":\"search_term_string\"}}],\"inLanguage\":\"lt-LT\"},{\"@type\":[\"Person\",\"Organization\"],\"@id\":\"https:\\\/\\\/likepets.lt\\\/#\\\/schema\\\/person\\\/4ad7eed3b9dc7a176cfff59cfc71e86f\",\"name\":\"Likepets.lt\",\"image\":{\"@type\":\"ImageObject\",\"inLanguage\":\"lt-LT\",\"@id\":\"https:\\\/\\\/likepets.lt\\\/wp-content\\\/litespeed\\\/avatar\\\/e807fa13845e19a6e6af46a4bc771b01.jpg?ver=1775897302\",\"url\":\"https:\\\/\\\/likepets.lt\\\/wp-content\\\/litespeed\\\/avatar\\\/e807fa13845e19a6e6af46a4bc771b01.jpg?ver=1775897302\",\"contentUrl\":\"https:\\\/\\\/likepets.lt\\\/wp-content\\\/litespeed\\\/avatar\\\/e807fa13845e19a6e6af46a4bc771b01.jpg?ver=1775897302\",\"caption\":\"Likepets.lt\"},\"logo\":{\"@id\":\"https:\\\/\\\/likepets.lt\\\/wp-content\\\/litespeed\\\/avatar\\\/e807fa13845e19a6e6af46a4bc771b01.jpg?ver=1775897302\"},\"sameAs\":[\"http:\\\/\\\/likepets.lt\",\"https:\\\/\\\/www.facebook.com\\\/profile.php?id=61569466134223\",\"https:\\\/\\\/www.instagram.com\\\/likepets77\\\/?fbclid=IwY2xjawMjUHtleHRuA2FlbQIxMQBicmlkETBlaEhxaVI0bUk1RHl3bmVMAR7IJeYf9r0OCeo9BwYJUD-yM6Osp6MrosWJGq_QweyNqX1BUWyhO1-sP82C2g_aem_xQbJ_D9oWWiUjsE-R3Dlrw\"]}]}<\/script>\n<!-- \/ Yoast SEO plugin. -->","yoast_head_json":{"title":"Vincent Sally \u0161un\u0173 maistas su jautiena 20 kg. - likepets.lt","robots":{"index":"index","follow":"follow","max-snippet":"max-snippet:-1","max-image-preview":"max-image-preview:large","max-video-preview":"max-video-preview:-1"},"canonical":"https:\/\/likepets.lt\/lt_lt\/product\/vincent-sally-sunu-maistas-su-jautiena\/","og_locale":"lt_LT","og_type":"article","og_title":"Vincent Sally \u0161un\u0173 maistas su jautiena 20 kg. - likepets.lt","og_description":"Vincent Sally su jautiena \u2013 pilnavertis ir subalansuotas maistas suaugusiems \u0161unims, tinka visoms veisl\u0117ms. Sud\u0117tyje yra vis\u0173 b\u016btin\u0173 vitamin\u0173 ir mineral\u0173, u\u017etikrinan\u010di\u0173 \u0161uns sveikat\u0105 ir gerov\u0119. Idealus pasirinkimas suaugusiems \u0161unims, norintiems u\u017etikrinti sveik\u0105 od\u0105, blizgant\u012f kail\u012f ir ger\u0105 vir\u0161kinim\u0105. Jame esantis vitaminas E padeda i\u0161laikyti sveik\u0105 kail\u012f ir od\u0105, o celiulioz\u0117 skatina optimal\u0173 vir\u0161kinim\u0105. Vitaminas D3 palaiko kaul\u0173 ir dant\u0173 sveikat\u0105, o subalansuota mityba padeda i\u0161laikyti sveik\u0105 k\u016bno svor\u012f. Maistas tinka visoms \u0161un\u0173 veisl\u0117ms ir u\u017etikrina, kad j\u016bs\u0173 augintinis gaus visas reikalingas med\u017eiagas kasdieniam gyvenimui.","og_url":"https:\/\/likepets.lt\/lt_lt\/product\/vincent-sally-sunu-maistas-su-jautiena\/","og_site_name":"likepets.lt","article_publisher":"https:\/\/www.facebook.com\/profile.php?id=61569466134223","article_modified_time":"2025-11-30T07:57:27+00:00","og_image":[{"width":800,"height":800,"url":"https:\/\/likepets.lt\/wp-content\/uploads\/2025\/11\/vincentsallygreen_montazhnajaoblast1-800x800-1.png","type":"image\/png"}],"twitter_card":"summary_large_image","twitter_misc":{"Est. reading time":"1 minut\u0117"},"schema":{"@context":"https:\/\/schema.org","@graph":[{"@type":"WebPage","@id":"https:\/\/likepets.lt\/product\/vincent-sally-sunu-maistas-su-jautiena\/","url":"https:\/\/likepets.lt\/product\/vincent-sally-sunu-maistas-su-jautiena\/","name":"Vincent Sally \u0161un\u0173 maistas su jautiena 20 kg. - likepets.lt","isPartOf":{"@id":"https:\/\/likepets.lt\/#website"},"primaryImageOfPage":{"@id":"https:\/\/likepets.lt\/product\/vincent-sally-sunu-maistas-su-jautiena\/#primaryimage"},"image":{"@id":"https:\/\/likepets.lt\/product\/vincent-sally-sunu-maistas-su-jautiena\/#primaryimage"},"thumbnailUrl":"https:\/\/likepets.lt\/wp-content\/uploads\/2025\/11\/vincentsallygreen_montazhnajaoblast1-800x800-1.png","datePublished":"2025-11-29T14:46:26+00:00","dateModified":"2025-11-30T07:57:27+00:00","breadcrumb":{"@id":"https:\/\/likepets.lt\/product\/vincent-sally-sunu-maistas-su-jautiena\/#breadcrumb"},"inLanguage":"lt-LT","potentialAction":[{"@type":"ReadAction","target":["https:\/\/likepets.lt\/product\/vincent-sally-sunu-maistas-su-jautiena\/"]}]},{"@type":"ImageObject","inLanguage":"lt-LT","@id":"https:\/\/likepets.lt\/product\/vincent-sally-sunu-maistas-su-jautiena\/#primaryimage","url":"https:\/\/likepets.lt\/wp-content\/uploads\/2025\/11\/vincentsallygreen_montazhnajaoblast1-800x800-1.png","contentUrl":"https:\/\/likepets.lt\/wp-content\/uploads\/2025\/11\/vincentsallygreen_montazhnajaoblast1-800x800-1.png","width":800,"height":800,"caption":"vincent-sally-jautine-maistas-sunims"},{"@type":"BreadcrumbList","@id":"https:\/\/likepets.lt\/product\/vincent-sally-sunu-maistas-su-jautiena\/#breadcrumb","itemListElement":[{"@type":"ListItem","position":1,"name":"Home","item":"https:\/\/likepets.lt\/lt_lt\/"},{"@type":"ListItem","position":2,"name":"Parduotuv\u0117","item":"https:\/\/likepets.lt\/parduotuve\/"},{"@type":"ListItem","position":3,"name":"Vincent Sally \u0161un\u0173 maistas su jautiena 20 kg."}]},{"@type":"WebSite","@id":"https:\/\/likepets.lt\/#website","url":"https:\/\/likepets.lt\/","name":"Likepets.lt","description":"","publisher":{"@id":"https:\/\/likepets.lt\/#\/schema\/person\/4ad7eed3b9dc7a176cfff59cfc71e86f"},"potentialAction":[{"@type":"SearchAction","target":{"@type":"EntryPoint","urlTemplate":"https:\/\/likepets.lt\/?s={search_term_string}"},"query-input":{"@type":"PropertyValueSpecification","valueRequired":true,"valueName":"search_term_string"}}],"inLanguage":"lt-LT"},{"@type":["Person","Organization"],"@id":"https:\/\/likepets.lt\/#\/schema\/person\/4ad7eed3b9dc7a176cfff59cfc71e86f","name":"Likepets.lt","image":{"@type":"ImageObject","inLanguage":"lt-LT","@id":"https:\/\/likepets.lt\/wp-content\/litespeed\/avatar\/e807fa13845e19a6e6af46a4bc771b01.jpg?ver=1775897302","url":"https:\/\/likepets.lt\/wp-content\/litespeed\/avatar\/e807fa13845e19a6e6af46a4bc771b01.jpg?ver=1775897302","contentUrl":"https:\/\/likepets.lt\/wp-content\/litespeed\/avatar\/e807fa13845e19a6e6af46a4bc771b01.jpg?ver=1775897302","caption":"Likepets.lt"},"logo":{"@id":"https:\/\/likepets.lt\/wp-content\/litespeed\/avatar\/e807fa13845e19a6e6af46a4bc771b01.jpg?ver=1775897302"},"sameAs":["http:\/\/likepets.lt","https:\/\/www.facebook.com\/profile.php?id=61569466134223","https:\/\/www.instagram.com\/likepets77\/?fbclid=IwY2xjawMjUHtleHRuA2FlbQIxMQBicmlkETBlaEhxaVI0bUk1RHl3bmVMAR7IJeYf9r0OCeo9BwYJUD-yM6Osp6MrosWJGq_QweyNqX1BUWyhO1-sP82C2g_aem_xQbJ_D9oWWiUjsE-R3Dlrw"]}]}},"_links":{"self":[{"href":"https:\/\/likepets.lt\/lt_lt\/wp-json\/wp\/v2\/product\/63137","targetHints":{"allow":["GET"]}}],"collection":[{"href":"https:\/\/likepets.lt\/lt_lt\/wp-json\/wp\/v2\/product"}],"about":[{"href":"https:\/\/likepets.lt\/lt_lt\/wp-json\/wp\/v2\/types\/product"}],"replies":[{"embeddable":true,"href":"https:\/\/likepets.lt\/lt_lt\/wp-json\/wp\/v2\/comments?post=63137"}],"version-history":[{"count":2,"href":"https:\/\/likepets.lt\/lt_lt\/wp-json\/wp\/v2\/product\/63137\/revisions"}],"predecessor-version":[{"id":63149,"href":"https:\/\/likepets.lt\/lt_lt\/wp-json\/wp\/v2\/product\/63137\/revisions\/63149"}],"wp:featuredmedia":[{"embeddable":true,"href":"https:\/\/likepets.lt\/lt_lt\/wp-json\/wp\/v2\/media\/63148"}],"wp:attachment":[{"href":"https:\/\/likepets.lt\/lt_lt\/wp-json\/wp\/v2\/media?parent=63137"}],"wp:term":[{"taxonomy":"product_brand","embeddable":true,"href":"https:\/\/likepets.lt\/lt_lt\/wp-json\/wp\/v2\/product_brand?post=63137"},{"taxonomy":"product_cat","embeddable":true,"href":"https:\/\/likepets.lt\/lt_lt\/wp-json\/wp\/v2\/product_cat?post=63137"},{"taxonomy":"product_tag","embeddable":true,"href":"https:\/\/likepets.lt\/lt_lt\/wp-json\/wp\/v2\/product_tag?post=63137"}],"curies":[{"name":"wp","href":"https:\/\/api.w.org\/{rel}","templated":true}]}}