{"id":63248,"date":"2026-03-24T20:55:33","date_gmt":"2026-03-24T18:55:33","guid":{"rendered":"https:\/\/likepets.lt\/?post_type=product&#038;p=63248"},"modified":"2026-03-24T20:55:33","modified_gmt":"2026-03-24T18:55:33","slug":"vincent-uno-jaunu-sunkuku-maistas-su-vienu-baltymu-lasisa","status":"publish","type":"product","link":"https:\/\/likepets.lt\/lt_lt\/product\/vincent-uno-jaunu-sunkuku-maistas-su-vienu-baltymu-lasisa\/","title":{"rendered":"Vincent uno jaun\u0173 \u0161uniuk\u0173 maistas su vienu baltymu-la\u0161i\u0161a"},"content":{"rendered":"<div class=\"relative basis-auto flex-col -mb-(--composer-overlap-px) pb-(--composer-overlap-px) [--composer-overlap-px:28px] grow flex\">\n<div class=\"flex flex-col text-sm pb-25\">\n<section class=\"text-token-text-primary w-full focus:outline-none [--shadow-height:45px] has-data-writing-block:pointer-events-none has-data-writing-block:-mt-(--shadow-height) has-data-writing-block:pt-(--shadow-height) [&amp;:has([data-writing-block])&gt;*]:pointer-events-auto scroll-mt-[calc(var(--header-height)+min(200px,max(70px,20svh)))]\" dir=\"auto\" data-turn-id=\"request-WEB:2ce30dd0-fd5c-4fb6-b08b-78ac5d04b39c-2\" data-testid=\"conversation-turn-6\" data-scroll-anchor=\"true\" data-turn=\"assistant\">\n<div class=\"text-base my-auto mx-auto pb-10 [--thread-content-margin:var(--thread-content-margin-xs,calc(var(--spacing)*4))] @w-sm\/main:[--thread-content-margin:var(--thread-content-margin-sm,calc(var(--spacing)*6))] @w-lg\/main:[--thread-content-margin:var(--thread-content-margin-lg,calc(var(--spacing)*16))] px-(--thread-content-margin)\">\n<div class=\"[--thread-content-max-width:40rem] @w-lg\/main:[--thread-content-max-width:48rem] mx-auto max-w-(--thread-content-max-width) flex-1 group\/turn-messages focus-visible:outline-hidden relative flex w-full min-w-0 flex-col agent-turn\">\n<div class=\"flex max-w-full flex-col gap-4 grow\">\n<div class=\"min-h-8 text-message relative flex w-full flex-col items-end gap-2 text-start break-words whitespace-normal outline-none keyboard-focused:focus-ring [.text-message+&amp;]:mt-1\" dir=\"auto\" tabindex=\"0\" data-message-author-role=\"assistant\" data-message-id=\"73599c3d-5384-489f-b0f2-81ae2d266990\" data-message-model-slug=\"gpt-5-3\" data-turn-start-message=\"true\">\n<div class=\"flex w-full flex-col gap-1 empty:hidden\">\n<div class=\"markdown prose dark:prose-invert w-full wrap-break-word light markdown-new-styling\">\n<p data-start=\"576\" data-end=\"891\"><strong data-start=\"576\" data-end=\"588\">Sud\u0117tis:<\/strong> dehidratuota la\u0161i\u0161a (28 %), \u017eirniai, la\u0161i\u0161\u0173 aliejus, bulvi\u0173 dribsniai, bulvi\u0173 krakmolas, la\u0161i\u0161os hidrolizatas, lin\u0173 s\u0117menys, ceratonijos ank\u0161tys (karobas), d\u017eiovintas cukrini\u0173 runkeli\u0173 mink\u0161timas, augalini\u0173 baltym\u0173 hidrolizatas, fruktooligosacharidai (FOS) (0,2 %), mannanoligosacharidai (MOS) (0,2 %). <strong data-start=\"893\" data-end=\"927\">Analitin\u0117s sudedamosios dalys: <\/strong>Baltymai \u2013 30,0 %; \u017dali riebalai \u2013 20,0 %; \u017dalia l\u0105steliena \u2013 2,5 %; \u017dali pelenai \u2013 7,0 %. <strong data-start=\"1028\" data-end=\"1045\">Priedai 1 kg: <\/strong><em data-start=\"1048\" data-end=\"1069\">Mitybiniai priedai: <\/em>Vitaminas A (3a672a) \u2013 20 000 TV; Vitaminas D3 \u2013 1 120 TV; Vitaminas E (3a700) \u2013 120 mg; Vitaminas B1 (3a821) \u2013 3,9 mg; Vitaminas B2 (3a825ii) \u2013 6,4 mg; Vitaminas B6 \u2013 4,7 mg; Vitaminas B12 (3a835) \u2013 0,12 mg; Vitaminas K3 (3a710) \u2013 3,3 mg; Biotinas \u2013 0,32 mg; Kalcio D-pantotenatas \u2013 17 mg; Cholino chloridas \u2013 895 mg; Folio r\u016bg\u0161tis \u2013 1,8 mg; Niacinamidas \u2013 60 mg; Gele\u017eis (3b101) \u2013 100 mg; Jodas (3b201) \u2013 1,6 mg; Varis (3b405) \u2013 14 mg; Manganas (3b502) \u2013 28 mg; Cinkas (3b603) \u2013 80 mg; Selenas (3b801) \u2013 0,16 mg. <em data-start=\"1626\" data-end=\"1651\">Technologiniai priedai: <\/em>Tokoferoli\u0173 ekstraktai i\u0161 augalini\u0173 aliej\u0173 \u2013 100 mg.<\/p>\n<\/div>\n<\/div>\n<\/div>\n<\/div>\n<div class=\"z-0 flex min-h-[46px] justify-start\"><\/div>\n<div class=\"mt-3 w-full empty:hidden\">\n<div class=\"text-center\"><\/div>\n<\/div>\n<\/div>\n<\/div>\n<\/section>\n<\/div>\n<div class=\"pointer-events-none h-px w-px absolute bottom-0\" aria-hidden=\"true\" data-edge=\"true\"><\/div>\n<\/div>\n<div id=\"thread-bottom-container\" class=\"sticky bottom-0 z-10 group\/thread-bottom-container relative isolate w-full basis-auto has-data-has-thread-error:pt-2 has-data-has-thread-error:[box-shadow:var(--sharp-edge-bottom-shadow)] md:border-transparent md:pt-0 dark:border-white\/20 md:dark:border-transparent print:hidden content-fade single-line flex flex-col\">\n<div class=\"relative mx-auto h-0\">\n<div><\/div>\n<\/div>\n<div id=\"thread-bottom\">\n<div>\n<div class=\"text-base mx-auto [--thread-content-margin:var(--thread-content-margin-xs,calc(var(--spacing)*4))] @w-sm\/main:[--thread-content-margin:var(--thread-content-margin-sm,calc(var(--spacing)*6))] @w-lg\/main:[--thread-content-margin:var(--thread-content-margin-lg,calc(var(--spacing)*16))] px-(--thread-content-margin)\">\n<div class=\"[--thread-content-max-width:40rem] @w-lg\/main:[--thread-content-max-width:48rem] mx-auto max-w-(--thread-content-max-width) flex-1 mb-[var(--thread-component-gap,1rem)]\">\n<div class=\"flex justify-center empty:hidden\"><\/div>\n<div class=\"pointer-events-auto relative z-1 flex h-(--composer-container-height,100%) max-w-full flex-(--composer-container-flex,1) flex-col\">\n<div class=\"absolute start-0 end-0 bottom-full z-20\"><\/div>\n<form class=\"group\/composer w-full\" data-type=\"unified-composer\" aria-label=\"Klausti bet ko u\u017eklausa\">\n<div class=\"hidden\"><input id=\"upload-files\" tabindex=\"-1\" multiple=\"multiple\" type=\"file\" \/><\/div>\n<div class=\"\">\n<div class=\"bg-token-bg-primary corner-superellipse\/1.1 cursor-text overflow-clip bg-clip-padding p-2.5 contain-inline-size motion-safe:transition-colors motion-safe:duration-200 motion-safe:ease-in-out dark:bg-[#303030] grid grid-cols-[auto_1fr_auto] [grid-template-areas:'header_header_header'_'leading_primary_trailing'_'._footer_.'] group-data-expanded\/composer:[grid-template-areas:'header_header_header'_'primary_primary_primary'_'leading_footer_trailing'] shadow-short-composer\" data-composer-surface=\"true\">\n<div class=\"-my-2.5 flex min-h-14 items-center overflow-x-hidden px-1.5 [grid-area:primary] group-data-expanded\/composer:mb-0 group-data-expanded\/composer:px-2.5\">\n<div class=\"wcDTda_prosemirror-parent text-token-text-primary max-h-[max(30svh,5rem)] max-h-52 min-h-[var(--deep-research-composer-extra-height,unset)] flex-1 overflow-auto [scrollbar-width:thin] default-browser vertical-scroll-fade-mask\">\n<p><textarea class=\"wcDTda_fallbackTextarea\" style=\"width: 9px; height: 9px;\" name=\"prompt-textarea\" autofocus=\"\" placeholder=\"Klausti bet ko\" aria-label=\"Klausti bet ko u\u017eklausa\" data-virtualkeyboard=\"true\"><\/textarea><\/p>\n<div id=\"prompt-textarea\" class=\"ProseMirror\" role=\"textbox\" contenteditable=\"true\" translate=\"no\" data-virtualkeyboard=\"true\" aria-multiline=\"true\" aria-label=\"Klausti bet ko u\u017eklausa\"><\/div>\n<\/div>\n<\/div>\n<\/div>\n<\/div>\n<\/form>\n<\/div>\n<\/div>\n<\/div>\n<\/div>\n<\/div>\n<\/div>\n","protected":false},"excerpt":{"rendered":"<p data-start=\"63\" data-end=\"214\">VincentUno Monoprotein Puppy Salmon suteikia maksimal\u0173 maitinim\u0105 augantiems vis\u0173 veisli\u0173 \u0161uniukams ir yra ypa\u010d tinkamas jautriai vir\u0161kinimo sistemai.<\/p>\n<p data-start=\"216\" data-end=\"574\">I\u0161skirtin\u0117 formul\u0117 naudoja la\u0161i\u0161\u0105 kaip vienintel\u012f gyv\u016bnin\u0117s kilm\u0117s baltym\u0173 \u0161altin\u012f, u\u017etikrindama auk\u0161t\u0105 vir\u0161kinamum\u0105 bei gaus\u0173 Omega-3 ir Omega-6 kiek\u012f. Toks sprendimas suma\u017eina alergij\u0173 rizik\u0105, palaiko kognityvin\u012f vystym\u0105si ir stipr\u0173, sveik\u0105 kail\u012f. Tai pilnavert\u0117 ir subalansuota mityba, kuri padeda sukurti tvirt\u0105 pagrind\u0105 sveikam suaugusio \u0161uns gyvenimui.<\/p>\n","protected":false},"featured_media":63258,"comment_status":"open","ping_status":"closed","template":"","meta":[],"product_brand":[151],"product_cat":[89],"product_tag":[],"class_list":{"0":"post-63248","1":"product","2":"type-product","3":"status-publish","4":"has-post-thumbnail","6":"product_brand-vincent","7":"product_cat-sunu-maistas","10":"first","11":"instock","12":"taxable","13":"shipping-taxable","14":"purchasable","15":"product-type-variable"},"yoast_head":"<!-- This site is optimized with the Yoast SEO plugin v27.4 - https:\/\/yoast.com\/product\/yoast-seo-wordpress\/ -->\n<title>Vincent uno jaun\u0173 \u0161uniuk\u0173 maistas su vienu baltymu-la\u0161i\u0161a - likepets.lt<\/title>\n<meta name=\"description\" content=\"Kur pirkti kokybi\u0161k\u0105 \u0161uniuk\u0173 maist\u0105? VincentUno su la\u0161i\u0161a \u2013 super premium, lengvai vir\u0161kinamas, ma\u017eina alergij\u0173 rizik\u0105. Didelis Omega-3 ir Omega-6 kiekis.\" \/>\n<meta name=\"robots\" content=\"index, follow, max-snippet:-1, max-image-preview:large, max-video-preview:-1\" \/>\n<link rel=\"canonical\" href=\"https:\/\/likepets.lt\/lt_lt\/product\/vincent-uno-jaunu-sunkuku-maistas-su-vienu-baltymu-lasisa\/\" \/>\n<meta property=\"og:locale\" content=\"lt_LT\" \/>\n<meta property=\"og:type\" content=\"article\" \/>\n<meta property=\"og:title\" content=\"Vincent uno jaun\u0173 \u0161uniuk\u0173 maistas su vienu baltymu-la\u0161i\u0161a - likepets.lt\" \/>\n<meta property=\"og:description\" content=\"Kur pirkti kokybi\u0161k\u0105 \u0161uniuk\u0173 maist\u0105? VincentUno su la\u0161i\u0161a \u2013 super premium, lengvai vir\u0161kinamas, ma\u017eina alergij\u0173 rizik\u0105. Didelis Omega-3 ir Omega-6 kiekis.\" \/>\n<meta property=\"og:url\" content=\"https:\/\/likepets.lt\/lt_lt\/product\/vincent-uno-jaunu-sunkuku-maistas-su-vienu-baltymu-lasisa\/\" \/>\n<meta property=\"og:site_name\" content=\"likepets.lt\" \/>\n<meta property=\"article:publisher\" content=\"https:\/\/www.facebook.com\/profile.php?id=61569466134223\" \/>\n<meta property=\"og:image\" content=\"https:\/\/likepets.lt\/wp-content\/uploads\/2026\/03\/4BE297FC-1D2B-44B9-801D-B6E1F56ADC24.jpg\" \/>\n\t<meta property=\"og:image:width\" content=\"1125\" \/>\n\t<meta property=\"og:image:height\" content=\"1225\" \/>\n\t<meta property=\"og:image:type\" content=\"image\/jpeg\" \/>\n<meta name=\"twitter:card\" content=\"summary_large_image\" \/>\n<meta name=\"twitter:label1\" content=\"Est. reading time\" \/>\n\t<meta name=\"twitter:data1\" content=\"2 minut\u0117s\" \/>\n<script type=\"application\/ld+json\" class=\"yoast-schema-graph\">{\"@context\":\"https:\\\/\\\/schema.org\",\"@graph\":[{\"@type\":\"WebPage\",\"@id\":\"https:\\\/\\\/likepets.lt\\\/product\\\/vincent-uno-jaunu-sunkuku-maistas-su-vienu-baltymu-lasisa\\\/\",\"url\":\"https:\\\/\\\/likepets.lt\\\/product\\\/vincent-uno-jaunu-sunkuku-maistas-su-vienu-baltymu-lasisa\\\/\",\"name\":\"Vincent uno jaun\u0173 \u0161uniuk\u0173 maistas su vienu baltymu-la\u0161i\u0161a - likepets.lt\",\"isPartOf\":{\"@id\":\"https:\\\/\\\/likepets.lt\\\/#website\"},\"primaryImageOfPage\":{\"@id\":\"https:\\\/\\\/likepets.lt\\\/product\\\/vincent-uno-jaunu-sunkuku-maistas-su-vienu-baltymu-lasisa\\\/#primaryimage\"},\"image\":{\"@id\":\"https:\\\/\\\/likepets.lt\\\/product\\\/vincent-uno-jaunu-sunkuku-maistas-su-vienu-baltymu-lasisa\\\/#primaryimage\"},\"thumbnailUrl\":\"https:\\\/\\\/likepets.lt\\\/wp-content\\\/uploads\\\/2026\\\/03\\\/4BE297FC-1D2B-44B9-801D-B6E1F56ADC24.jpg\",\"datePublished\":\"2026-03-24T18:55:33+00:00\",\"description\":\"Kur pirkti kokybi\u0161k\u0105 \u0161uniuk\u0173 maist\u0105? VincentUno su la\u0161i\u0161a \u2013 super premium, lengvai vir\u0161kinamas, ma\u017eina alergij\u0173 rizik\u0105. Didelis Omega-3 ir Omega-6 kiekis.\",\"breadcrumb\":{\"@id\":\"https:\\\/\\\/likepets.lt\\\/product\\\/vincent-uno-jaunu-sunkuku-maistas-su-vienu-baltymu-lasisa\\\/#breadcrumb\"},\"inLanguage\":\"lt-LT\",\"potentialAction\":[{\"@type\":\"ReadAction\",\"target\":[\"https:\\\/\\\/likepets.lt\\\/product\\\/vincent-uno-jaunu-sunkuku-maistas-su-vienu-baltymu-lasisa\\\/\"]}]},{\"@type\":\"ImageObject\",\"inLanguage\":\"lt-LT\",\"@id\":\"https:\\\/\\\/likepets.lt\\\/product\\\/vincent-uno-jaunu-sunkuku-maistas-su-vienu-baltymu-lasisa\\\/#primaryimage\",\"url\":\"https:\\\/\\\/likepets.lt\\\/wp-content\\\/uploads\\\/2026\\\/03\\\/4BE297FC-1D2B-44B9-801D-B6E1F56ADC24.jpg\",\"contentUrl\":\"https:\\\/\\\/likepets.lt\\\/wp-content\\\/uploads\\\/2026\\\/03\\\/4BE297FC-1D2B-44B9-801D-B6E1F56ADC24.jpg\",\"width\":1125,\"height\":1225,\"caption\":\"Screenshot\"},{\"@type\":\"BreadcrumbList\",\"@id\":\"https:\\\/\\\/likepets.lt\\\/product\\\/vincent-uno-jaunu-sunkuku-maistas-su-vienu-baltymu-lasisa\\\/#breadcrumb\",\"itemListElement\":[{\"@type\":\"ListItem\",\"position\":1,\"name\":\"Home\",\"item\":\"https:\\\/\\\/likepets.lt\\\/lt_lt\\\/\"},{\"@type\":\"ListItem\",\"position\":2,\"name\":\"Parduotuv\u0117\",\"item\":\"https:\\\/\\\/likepets.lt\\\/parduotuve\\\/\"},{\"@type\":\"ListItem\",\"position\":3,\"name\":\"Vincent uno jaun\u0173 \u0161uniuk\u0173 maistas su vienu baltymu-la\u0161i\u0161a\"}]},{\"@type\":\"WebSite\",\"@id\":\"https:\\\/\\\/likepets.lt\\\/#website\",\"url\":\"https:\\\/\\\/likepets.lt\\\/\",\"name\":\"Likepets.lt\",\"description\":\"\",\"publisher\":{\"@id\":\"https:\\\/\\\/likepets.lt\\\/#\\\/schema\\\/person\\\/4ad7eed3b9dc7a176cfff59cfc71e86f\"},\"potentialAction\":[{\"@type\":\"SearchAction\",\"target\":{\"@type\":\"EntryPoint\",\"urlTemplate\":\"https:\\\/\\\/likepets.lt\\\/?s={search_term_string}\"},\"query-input\":{\"@type\":\"PropertyValueSpecification\",\"valueRequired\":true,\"valueName\":\"search_term_string\"}}],\"inLanguage\":\"lt-LT\"},{\"@type\":[\"Person\",\"Organization\"],\"@id\":\"https:\\\/\\\/likepets.lt\\\/#\\\/schema\\\/person\\\/4ad7eed3b9dc7a176cfff59cfc71e86f\",\"name\":\"Likepets.lt\",\"image\":{\"@type\":\"ImageObject\",\"inLanguage\":\"lt-LT\",\"@id\":\"https:\\\/\\\/likepets.lt\\\/wp-content\\\/litespeed\\\/avatar\\\/e807fa13845e19a6e6af46a4bc771b01.jpg?ver=1775897302\",\"url\":\"https:\\\/\\\/likepets.lt\\\/wp-content\\\/litespeed\\\/avatar\\\/e807fa13845e19a6e6af46a4bc771b01.jpg?ver=1775897302\",\"contentUrl\":\"https:\\\/\\\/likepets.lt\\\/wp-content\\\/litespeed\\\/avatar\\\/e807fa13845e19a6e6af46a4bc771b01.jpg?ver=1775897302\",\"caption\":\"Likepets.lt\"},\"logo\":{\"@id\":\"https:\\\/\\\/likepets.lt\\\/wp-content\\\/litespeed\\\/avatar\\\/e807fa13845e19a6e6af46a4bc771b01.jpg?ver=1775897302\"},\"sameAs\":[\"http:\\\/\\\/likepets.lt\",\"https:\\\/\\\/www.facebook.com\\\/profile.php?id=61569466134223\",\"https:\\\/\\\/www.instagram.com\\\/likepets77\\\/?fbclid=IwY2xjawMjUHtleHRuA2FlbQIxMQBicmlkETBlaEhxaVI0bUk1RHl3bmVMAR7IJeYf9r0OCeo9BwYJUD-yM6Osp6MrosWJGq_QweyNqX1BUWyhO1-sP82C2g_aem_xQbJ_D9oWWiUjsE-R3Dlrw\"]}]}<\/script>\n<!-- \/ Yoast SEO plugin. -->","yoast_head_json":{"title":"Vincent uno jaun\u0173 \u0161uniuk\u0173 maistas su vienu baltymu-la\u0161i\u0161a - likepets.lt","description":"Kur pirkti kokybi\u0161k\u0105 \u0161uniuk\u0173 maist\u0105? VincentUno su la\u0161i\u0161a \u2013 super premium, lengvai vir\u0161kinamas, ma\u017eina alergij\u0173 rizik\u0105. Didelis Omega-3 ir Omega-6 kiekis.","robots":{"index":"index","follow":"follow","max-snippet":"max-snippet:-1","max-image-preview":"max-image-preview:large","max-video-preview":"max-video-preview:-1"},"canonical":"https:\/\/likepets.lt\/lt_lt\/product\/vincent-uno-jaunu-sunkuku-maistas-su-vienu-baltymu-lasisa\/","og_locale":"lt_LT","og_type":"article","og_title":"Vincent uno jaun\u0173 \u0161uniuk\u0173 maistas su vienu baltymu-la\u0161i\u0161a - likepets.lt","og_description":"Kur pirkti kokybi\u0161k\u0105 \u0161uniuk\u0173 maist\u0105? VincentUno su la\u0161i\u0161a \u2013 super premium, lengvai vir\u0161kinamas, ma\u017eina alergij\u0173 rizik\u0105. Didelis Omega-3 ir Omega-6 kiekis.","og_url":"https:\/\/likepets.lt\/lt_lt\/product\/vincent-uno-jaunu-sunkuku-maistas-su-vienu-baltymu-lasisa\/","og_site_name":"likepets.lt","article_publisher":"https:\/\/www.facebook.com\/profile.php?id=61569466134223","og_image":[{"width":1125,"height":1225,"url":"https:\/\/likepets.lt\/wp-content\/uploads\/2026\/03\/4BE297FC-1D2B-44B9-801D-B6E1F56ADC24.jpg","type":"image\/jpeg"}],"twitter_card":"summary_large_image","twitter_misc":{"Est. reading time":"2 minut\u0117s"},"schema":{"@context":"https:\/\/schema.org","@graph":[{"@type":"WebPage","@id":"https:\/\/likepets.lt\/product\/vincent-uno-jaunu-sunkuku-maistas-su-vienu-baltymu-lasisa\/","url":"https:\/\/likepets.lt\/product\/vincent-uno-jaunu-sunkuku-maistas-su-vienu-baltymu-lasisa\/","name":"Vincent uno jaun\u0173 \u0161uniuk\u0173 maistas su vienu baltymu-la\u0161i\u0161a - likepets.lt","isPartOf":{"@id":"https:\/\/likepets.lt\/#website"},"primaryImageOfPage":{"@id":"https:\/\/likepets.lt\/product\/vincent-uno-jaunu-sunkuku-maistas-su-vienu-baltymu-lasisa\/#primaryimage"},"image":{"@id":"https:\/\/likepets.lt\/product\/vincent-uno-jaunu-sunkuku-maistas-su-vienu-baltymu-lasisa\/#primaryimage"},"thumbnailUrl":"https:\/\/likepets.lt\/wp-content\/uploads\/2026\/03\/4BE297FC-1D2B-44B9-801D-B6E1F56ADC24.jpg","datePublished":"2026-03-24T18:55:33+00:00","description":"Kur pirkti kokybi\u0161k\u0105 \u0161uniuk\u0173 maist\u0105? VincentUno su la\u0161i\u0161a \u2013 super premium, lengvai vir\u0161kinamas, ma\u017eina alergij\u0173 rizik\u0105. Didelis Omega-3 ir Omega-6 kiekis.","breadcrumb":{"@id":"https:\/\/likepets.lt\/product\/vincent-uno-jaunu-sunkuku-maistas-su-vienu-baltymu-lasisa\/#breadcrumb"},"inLanguage":"lt-LT","potentialAction":[{"@type":"ReadAction","target":["https:\/\/likepets.lt\/product\/vincent-uno-jaunu-sunkuku-maistas-su-vienu-baltymu-lasisa\/"]}]},{"@type":"ImageObject","inLanguage":"lt-LT","@id":"https:\/\/likepets.lt\/product\/vincent-uno-jaunu-sunkuku-maistas-su-vienu-baltymu-lasisa\/#primaryimage","url":"https:\/\/likepets.lt\/wp-content\/uploads\/2026\/03\/4BE297FC-1D2B-44B9-801D-B6E1F56ADC24.jpg","contentUrl":"https:\/\/likepets.lt\/wp-content\/uploads\/2026\/03\/4BE297FC-1D2B-44B9-801D-B6E1F56ADC24.jpg","width":1125,"height":1225,"caption":"Screenshot"},{"@type":"BreadcrumbList","@id":"https:\/\/likepets.lt\/product\/vincent-uno-jaunu-sunkuku-maistas-su-vienu-baltymu-lasisa\/#breadcrumb","itemListElement":[{"@type":"ListItem","position":1,"name":"Home","item":"https:\/\/likepets.lt\/lt_lt\/"},{"@type":"ListItem","position":2,"name":"Parduotuv\u0117","item":"https:\/\/likepets.lt\/parduotuve\/"},{"@type":"ListItem","position":3,"name":"Vincent uno jaun\u0173 \u0161uniuk\u0173 maistas su vienu baltymu-la\u0161i\u0161a"}]},{"@type":"WebSite","@id":"https:\/\/likepets.lt\/#website","url":"https:\/\/likepets.lt\/","name":"Likepets.lt","description":"","publisher":{"@id":"https:\/\/likepets.lt\/#\/schema\/person\/4ad7eed3b9dc7a176cfff59cfc71e86f"},"potentialAction":[{"@type":"SearchAction","target":{"@type":"EntryPoint","urlTemplate":"https:\/\/likepets.lt\/?s={search_term_string}"},"query-input":{"@type":"PropertyValueSpecification","valueRequired":true,"valueName":"search_term_string"}}],"inLanguage":"lt-LT"},{"@type":["Person","Organization"],"@id":"https:\/\/likepets.lt\/#\/schema\/person\/4ad7eed3b9dc7a176cfff59cfc71e86f","name":"Likepets.lt","image":{"@type":"ImageObject","inLanguage":"lt-LT","@id":"https:\/\/likepets.lt\/wp-content\/litespeed\/avatar\/e807fa13845e19a6e6af46a4bc771b01.jpg?ver=1775897302","url":"https:\/\/likepets.lt\/wp-content\/litespeed\/avatar\/e807fa13845e19a6e6af46a4bc771b01.jpg?ver=1775897302","contentUrl":"https:\/\/likepets.lt\/wp-content\/litespeed\/avatar\/e807fa13845e19a6e6af46a4bc771b01.jpg?ver=1775897302","caption":"Likepets.lt"},"logo":{"@id":"https:\/\/likepets.lt\/wp-content\/litespeed\/avatar\/e807fa13845e19a6e6af46a4bc771b01.jpg?ver=1775897302"},"sameAs":["http:\/\/likepets.lt","https:\/\/www.facebook.com\/profile.php?id=61569466134223","https:\/\/www.instagram.com\/likepets77\/?fbclid=IwY2xjawMjUHtleHRuA2FlbQIxMQBicmlkETBlaEhxaVI0bUk1RHl3bmVMAR7IJeYf9r0OCeo9BwYJUD-yM6Osp6MrosWJGq_QweyNqX1BUWyhO1-sP82C2g_aem_xQbJ_D9oWWiUjsE-R3Dlrw"]}]}},"_links":{"self":[{"href":"https:\/\/likepets.lt\/lt_lt\/wp-json\/wp\/v2\/product\/63248","targetHints":{"allow":["GET"]}}],"collection":[{"href":"https:\/\/likepets.lt\/lt_lt\/wp-json\/wp\/v2\/product"}],"about":[{"href":"https:\/\/likepets.lt\/lt_lt\/wp-json\/wp\/v2\/types\/product"}],"replies":[{"embeddable":true,"href":"https:\/\/likepets.lt\/lt_lt\/wp-json\/wp\/v2\/comments?post=63248"}],"version-history":[{"count":2,"href":"https:\/\/likepets.lt\/lt_lt\/wp-json\/wp\/v2\/product\/63248\/revisions"}],"predecessor-version":[{"id":63260,"href":"https:\/\/likepets.lt\/lt_lt\/wp-json\/wp\/v2\/product\/63248\/revisions\/63260"}],"wp:featuredmedia":[{"embeddable":true,"href":"https:\/\/likepets.lt\/lt_lt\/wp-json\/wp\/v2\/media\/63258"}],"wp:attachment":[{"href":"https:\/\/likepets.lt\/lt_lt\/wp-json\/wp\/v2\/media?parent=63248"}],"wp:term":[{"taxonomy":"product_brand","embeddable":true,"href":"https:\/\/likepets.lt\/lt_lt\/wp-json\/wp\/v2\/product_brand?post=63248"},{"taxonomy":"product_cat","embeddable":true,"href":"https:\/\/likepets.lt\/lt_lt\/wp-json\/wp\/v2\/product_cat?post=63248"},{"taxonomy":"product_tag","embeddable":true,"href":"https:\/\/likepets.lt\/lt_lt\/wp-json\/wp\/v2\/product_tag?post=63248"}],"curies":[{"name":"wp","href":"https:\/\/api.w.org\/{rel}","templated":true}]}}